{"id":32436,"date":"2024-10-22T14:41:21","date_gmt":"2024-10-22T17:41:21","guid":{"rendered":"https:\/\/semead.com.br\/27\/?page_id=32436"},"modified":"2024-10-25T11:00:34","modified_gmt":"2024-10-25T14:00:34","slug":"all4food","status":"publish","type":"page","link":"https:\/\/semead.com.br\/27\/all4food\/","title":{"rendered":"1\u00ba F\u00f3rum All4Food de Inova\u00e7\u00e3o e Sustentabilidade"},"content":{"rendered":"\t\t<div data-elementor-type=\"wp-page\" data-elementor-id=\"32436\" class=\"elementor elementor-32436\">\n\t\t\t\t\t\t<section class=\"elementor-section elementor-top-section elementor-element elementor-element-603e021 elementor-section-boxed elementor-section-height-default elementor-section-height-default\" data-id=\"603e021\" data-element_type=\"section\" data-e-type=\"section\">\n\t\t\t\t\t\t<div class=\"elementor-container elementor-column-gap-default\">\n\t\t\t\t\t<div class=\"elementor-column elementor-col-100 elementor-top-column elementor-element elementor-element-235e263\" data-id=\"235e263\" data-element_type=\"column\" data-e-type=\"column\">\n\t\t\t<div class=\"elementor-widget-wrap elementor-element-populated\">\n\t\t\t\t\t\t<div class=\"elementor-element elementor-element-e113a3e elementor-widget elementor-widget-text-editor\" data-id=\"e113a3e\" data-element_type=\"widget\" data-e-type=\"widget\" data-widget_type=\"text-editor.default\">\n\t\t\t\t<div class=\"elementor-widget-container\">\n\t\t\t\t\t\t\t\t\t<p>Tr\u00eas dia de conex\u00f5es e discuss\u00f5es sobre &#8220;Como caminhamos em dire\u00e7\u00e3o \u00e0 Transcri\u00e7\u00e3o de Sistemas Agroalimentares Sustent\u00e1veis?&#8221;<\/p>\n<p><b>1\u00b0 F\u00f3rum All4Food de Inova\u00e7\u00e3o e Sustentabilidade,<\/b> com o tema:<b> Como caminhamos em dire\u00e7\u00e3o \u00e0 Transi\u00e7\u00e3o de Sistemas Agroalimentares Sustent\u00e1veis?<\/b><\/p>\n<p>O F\u00f3rum acontecer\u00e1 de forma <b>concomitante ao XXVII Semin\u00e1rios em Administra\u00e7\u00e3o da USP (SemeAd), na FEA\/USP, em S\u00e3o Paulo, entre os dias 06 a 08 de novembro.&nbsp;<\/b><\/p>\n<p>Seguem detalhes da programa\u00e7\u00e3o&nbsp; juntamente com <b>o link para inscri\u00e7\u00e3o, que \u00e9 gratuita!&nbsp;<\/b><\/p>\n<p>Esperamos por voc\u00ea em mais essa conex\u00e3o ativa e colaborativa entre mercado e academia.<\/p>\n<p>Link para inscri\u00e7\u00e3o: <a href=\"https:\/\/forms.gle\/nREh9WtacWxbEdyTA\">https:\/\/forms.gle\/nREh9WtacWxbEdyTA<\/a><\/p>\n<p>Nos vemos em breve!<\/p>\t\t\t\t\t\t\t\t<\/div>\n\t\t\t\t<\/div>\n\t\t\t\t\t<\/div>\n\t\t<\/div>\n\t\t\t\t\t<\/div>\n\t\t<\/section>\n\t\t\t\t<section class=\"elementor-section elementor-top-section elementor-element elementor-element-e05221f elementor-section-boxed elementor-section-height-default elementor-section-height-default\" data-id=\"e05221f\" data-element_type=\"section\" data-e-type=\"section\">\n\t\t\t\t\t\t<div class=\"elementor-container elementor-column-gap-default\">\n\t\t\t\t\t<div class=\"elementor-column elementor-col-100 elementor-top-column elementor-element elementor-element-f01cf55\" data-id=\"f01cf55\" data-element_type=\"column\" data-e-type=\"column\">\n\t\t\t<div class=\"elementor-widget-wrap elementor-element-populated\">\n\t\t\t\t\t\t<div class=\"elementor-element elementor-element-4a8cb42 elementor-widget-divider--view-line elementor-widget elementor-widget-divider\" data-id=\"4a8cb42\" data-element_type=\"widget\" data-e-type=\"widget\" data-widget_type=\"divider.default\">\n\t\t\t\t<div class=\"elementor-widget-container\">\n\t\t\t\t\t\t\t<div class=\"elementor-divider\">\n\t\t\t<span class=\"elementor-divider-separator\">\n\t\t\t\t\t\t<\/span>\n\t\t<\/div>\n\t\t\t\t\t\t<\/div>\n\t\t\t\t<\/div>\n\t\t\t\t\t<\/div>\n\t\t<\/div>\n\t\t\t\t\t<\/div>\n\t\t<\/section>\n\t\t\t\t<section class=\"elementor-section elementor-top-section elementor-element elementor-element-60f730a elementor-section-boxed elementor-section-height-default elementor-section-height-default\" data-id=\"60f730a\" data-element_type=\"section\" data-e-type=\"section\">\n\t\t\t\t\t\t<div class=\"elementor-container elementor-column-gap-default\">\n\t\t\t\t\t<div class=\"elementor-column elementor-col-100 elementor-top-column elementor-element elementor-element-6c74a78\" data-id=\"6c74a78\" data-element_type=\"column\" data-e-type=\"column\">\n\t\t\t<div class=\"elementor-widget-wrap elementor-element-populated\">\n\t\t\t\t\t\t<div class=\"elementor-element elementor-element-8d917d0 elementor-widget elementor-widget-image\" data-id=\"8d917d0\" data-element_type=\"widget\" data-e-type=\"widget\" data-widget_type=\"image.default\">\n\t\t\t\t<div class=\"elementor-widget-container\">\n\t\t\t\t\t\t\t\t\t\t\t\t\t\t\t<img fetchpriority=\"high\" decoding=\"async\" width=\"869\" height=\"665\" src=\"https:\/\/semead.com.br\/27\/wp-content\/uploads\/sites\/18\/2024\/10\/imagem2_editada-2.png\" class=\"attachment-large size-large wp-image-32600\" alt=\"\" srcset=\"https:\/\/semead.com.br\/27\/wp-content\/uploads\/sites\/18\/2024\/10\/imagem2_editada-2.png 869w, https:\/\/semead.com.br\/27\/wp-content\/uploads\/sites\/18\/2024\/10\/imagem2_editada-2-300x230.png 300w, https:\/\/semead.com.br\/27\/wp-content\/uploads\/sites\/18\/2024\/10\/imagem2_editada-2-768x588.png 768w\" sizes=\"(max-width: 869px) 100vw, 869px\" \/>\t\t\t\t\t\t\t\t\t\t\t\t\t\t\t<\/div>\n\t\t\t\t<\/div>\n\t\t\t\t<div class=\"elementor-element elementor-element-dfd1496 elementor-widget elementor-widget-image\" data-id=\"dfd1496\" data-element_type=\"widget\" data-e-type=\"widget\" data-widget_type=\"image.default\">\n\t\t\t\t<div class=\"elementor-widget-container\">\n\t\t\t\t\t\t\t\t\t\t\t\t\t\t\t<img decoding=\"async\" width=\"869\" height=\"665\" src=\"https:\/\/semead.com.br\/27\/wp-content\/uploads\/sites\/18\/2024\/10\/imagem1_editada-2.png\" class=\"attachment-large size-large wp-image-32597\" alt=\"\" srcset=\"https:\/\/semead.com.br\/27\/wp-content\/uploads\/sites\/18\/2024\/10\/imagem1_editada-2.png 869w, https:\/\/semead.com.br\/27\/wp-content\/uploads\/sites\/18\/2024\/10\/imagem1_editada-2-300x230.png 300w, https:\/\/semead.com.br\/27\/wp-content\/uploads\/sites\/18\/2024\/10\/imagem1_editada-2-768x588.png 768w\" sizes=\"(max-width: 869px) 100vw, 869px\" \/>\t\t\t\t\t\t\t\t\t\t\t\t\t\t\t<\/div>\n\t\t\t\t<\/div>\n\t\t\t\t<div class=\"elementor-element elementor-element-277d264 elementor-widget elementor-widget-image\" data-id=\"277d264\" data-element_type=\"widget\" data-e-type=\"widget\" data-widget_type=\"image.default\">\n\t\t\t\t<div class=\"elementor-widget-container\">\n\t\t\t\t\t\t\t\t\t\t\t\t\t\t\t<img decoding=\"async\" width=\"869\" height=\"665\" src=\"https:\/\/semead.com.br\/27\/wp-content\/uploads\/sites\/18\/2024\/10\/imagem4_editada-1.png\" class=\"attachment-large size-large wp-image-32604\" alt=\"\" srcset=\"https:\/\/semead.com.br\/27\/wp-content\/uploads\/sites\/18\/2024\/10\/imagem4_editada-1.png 869w, https:\/\/semead.com.br\/27\/wp-content\/uploads\/sites\/18\/2024\/10\/imagem4_editada-1-300x230.png 300w, https:\/\/semead.com.br\/27\/wp-content\/uploads\/sites\/18\/2024\/10\/imagem4_editada-1-768x588.png 768w\" sizes=\"(max-width: 869px) 100vw, 869px\" \/>\t\t\t\t\t\t\t\t\t\t\t\t\t\t\t<\/div>\n\t\t\t\t<\/div>\n\t\t\t\t<div class=\"elementor-element elementor-element-d13f197 elementor-widget elementor-widget-image\" data-id=\"d13f197\" data-element_type=\"widget\" data-e-type=\"widget\" data-widget_type=\"image.default\">\n\t\t\t\t<div class=\"elementor-widget-container\">\n\t\t\t\t\t\t\t\t\t\t\t\t\t\t\t<img loading=\"lazy\" decoding=\"async\" width=\"869\" height=\"665\" src=\"https:\/\/semead.com.br\/27\/wp-content\/uploads\/sites\/18\/2024\/10\/imagem5_editada-1.png\" class=\"attachment-large size-large wp-image-32606\" alt=\"\" srcset=\"https:\/\/semead.com.br\/27\/wp-content\/uploads\/sites\/18\/2024\/10\/imagem5_editada-1.png 869w, https:\/\/semead.com.br\/27\/wp-content\/uploads\/sites\/18\/2024\/10\/imagem5_editada-1-300x230.png 300w, https:\/\/semead.com.br\/27\/wp-content\/uploads\/sites\/18\/2024\/10\/imagem5_editada-1-768x588.png 768w\" sizes=\"(max-width: 869px) 100vw, 869px\" \/>\t\t\t\t\t\t\t\t\t\t\t\t\t\t\t<\/div>\n\t\t\t\t<\/div>\n\t\t\t\t<div class=\"elementor-element elementor-element-0a73820 elementor-widget elementor-widget-image\" data-id=\"0a73820\" data-element_type=\"widget\" data-e-type=\"widget\" data-widget_type=\"image.default\">\n\t\t\t\t<div class=\"elementor-widget-container\">\n\t\t\t\t\t\t\t\t\t\t\t\t\t\t\t<img loading=\"lazy\" decoding=\"async\" width=\"869\" height=\"665\" src=\"https:\/\/semead.com.br\/27\/wp-content\/uploads\/sites\/18\/2024\/10\/imagem3_editada-1.png\" class=\"attachment-large size-large wp-image-32602\" alt=\"\" srcset=\"https:\/\/semead.com.br\/27\/wp-content\/uploads\/sites\/18\/2024\/10\/imagem3_editada-1.png 869w, https:\/\/semead.com.br\/27\/wp-content\/uploads\/sites\/18\/2024\/10\/imagem3_editada-1-300x230.png 300w, https:\/\/semead.com.br\/27\/wp-content\/uploads\/sites\/18\/2024\/10\/imagem3_editada-1-768x588.png 768w\" sizes=\"(max-width: 869px) 100vw, 869px\" \/>\t\t\t\t\t\t\t\t\t\t\t\t\t\t\t<\/div>\n\t\t\t\t<\/div>\n\t\t\t\t\t<\/div>\n\t\t<\/div>\n\t\t\t\t\t<\/div>\n\t\t<\/section>\n\t\t\t\t<section class=\"elementor-section elementor-top-section elementor-element elementor-element-15f3568 elementor-section-boxed elementor-section-height-default elementor-section-height-default\" data-id=\"15f3568\" data-element_type=\"section\" data-e-type=\"section\">\n\t\t\t\t\t\t<div class=\"elementor-container elementor-column-gap-default\">\n\t\t\t\t\t<div class=\"elementor-column elementor-col-100 elementor-top-column elementor-element elementor-element-aaed682\" data-id=\"aaed682\" data-element_type=\"column\" data-e-type=\"column\">\n\t\t\t<div class=\"elementor-widget-wrap elementor-element-populated\">\n\t\t\t\t\t\t<div class=\"elementor-element elementor-element-0f7813c elementor-widget-divider--view-line elementor-widget elementor-widget-divider\" data-id=\"0f7813c\" data-element_type=\"widget\" data-e-type=\"widget\" data-widget_type=\"divider.default\">\n\t\t\t\t<div class=\"elementor-widget-container\">\n\t\t\t\t\t\t\t<div class=\"elementor-divider\">\n\t\t\t<span class=\"elementor-divider-separator\">\n\t\t\t\t\t\t<\/span>\n\t\t<\/div>\n\t\t\t\t\t\t<\/div>\n\t\t\t\t<\/div>\n\t\t\t\t\t<\/div>\n\t\t<\/div>\n\t\t\t\t\t<\/div>\n\t\t<\/section>\n\t\t\t\t<section class=\"elementor-section elementor-top-section elementor-element elementor-element-588ab3f elementor-section-boxed elementor-section-height-default elementor-section-height-default\" data-id=\"588ab3f\" data-element_type=\"section\" data-e-type=\"section\">\n\t\t\t\t\t\t<div class=\"elementor-container elementor-column-gap-default\">\n\t\t\t\t\t<div class=\"elementor-column elementor-col-100 elementor-top-column elementor-element elementor-element-7d1c873\" data-id=\"7d1c873\" data-element_type=\"column\" data-e-type=\"column\">\n\t\t\t<div class=\"elementor-widget-wrap elementor-element-populated\">\n\t\t\t\t\t\t<div class=\"elementor-element elementor-element-138617d elementor-widget elementor-widget-image\" data-id=\"138617d\" data-element_type=\"widget\" data-e-type=\"widget\" data-widget_type=\"image.default\">\n\t\t\t\t<div class=\"elementor-widget-container\">\n\t\t\t\t\t\t\t\t\t\t\t\t\t\t\t<img loading=\"lazy\" decoding=\"async\" width=\"859\" height=\"126\" src=\"https:\/\/semead.com.br\/27\/wp-content\/uploads\/sites\/18\/2024\/10\/Capturar-3.png\" class=\"attachment-large size-large wp-image-32610\" alt=\"\" srcset=\"https:\/\/semead.com.br\/27\/wp-content\/uploads\/sites\/18\/2024\/10\/Capturar-3.png 859w, https:\/\/semead.com.br\/27\/wp-content\/uploads\/sites\/18\/2024\/10\/Capturar-3-300x44.png 300w, https:\/\/semead.com.br\/27\/wp-content\/uploads\/sites\/18\/2024\/10\/Capturar-3-768x113.png 768w\" sizes=\"(max-width: 859px) 100vw, 859px\" \/>\t\t\t\t\t\t\t\t\t\t\t\t\t\t\t<\/div>\n\t\t\t\t<\/div>\n\t\t\t\t\t<\/div>\n\t\t<\/div>\n\t\t\t\t\t<\/div>\n\t\t<\/section>\n\t\t\t\t<section class=\"elementor-section elementor-top-section elementor-element elementor-element-3b24a09 elementor-section-boxed elementor-section-height-default elementor-section-height-default\" data-id=\"3b24a09\" data-element_type=\"section\" data-e-type=\"section\">\n\t\t\t\t\t\t<div class=\"elementor-container elementor-column-gap-default\">\n\t\t\t\t\t<div class=\"elementor-column elementor-col-100 elementor-top-column elementor-element elementor-element-82849ce\" data-id=\"82849ce\" data-element_type=\"column\" data-e-type=\"column\">\n\t\t\t<div class=\"elementor-widget-wrap elementor-element-populated\">\n\t\t\t\t\t\t<div class=\"elementor-element elementor-element-184fe74 elementor-widget-divider--view-line elementor-widget elementor-widget-divider\" data-id=\"184fe74\" data-element_type=\"widget\" data-e-type=\"widget\" data-widget_type=\"divider.default\">\n\t\t\t\t<div class=\"elementor-widget-container\">\n\t\t\t\t\t\t\t<div class=\"elementor-divider\">\n\t\t\t<span class=\"elementor-divider-separator\">\n\t\t\t\t\t\t<\/span>\n\t\t<\/div>\n\t\t\t\t\t\t<\/div>\n\t\t\t\t<\/div>\n\t\t\t\t\t<\/div>\n\t\t<\/div>\n\t\t\t\t\t<\/div>\n\t\t<\/section>\n\t\t\t\t<\/div>\n\t\t","protected":false},"excerpt":{"rendered":"<p>Tr\u00eas dia de conex\u00f5es e discuss\u00f5es sobre &#8220;Como caminhamos em dire\u00e7\u00e3o \u00e0 Transcri\u00e7\u00e3o de Sistemas Agroalimentares Sustent\u00e1veis?&#8221; 1\u00b0 F\u00f3rum All4Food de Inova\u00e7\u00e3o e Sustentabilidade, com o tema: Como caminhamos em dire\u00e7\u00e3o \u00e0 Transi\u00e7\u00e3o de Sistemas Agroalimentares Sustent\u00e1veis? O F\u00f3rum acontecer\u00e1 de forma concomitante ao XXVII Semin\u00e1rios em Administra\u00e7\u00e3o da USP (SemeAd), na FEA\/USP, em S\u00e3o&#8230;<\/p>\n","protected":false},"author":18,"featured_media":0,"parent":0,"menu_order":0,"comment_status":"closed","ping_status":"closed","template":"","meta":{"_acf_changed":false,"_monsterinsights_skip_tracking":false,"_monsterinsights_sitenote_active":false,"_monsterinsights_sitenote_note":"","_monsterinsights_sitenote_category":0,"footnotes":""},"class_list":["post-32436","page","type-page","status-publish","hentry"],"acf":[],"yoast_head":"<!-- This site is optimized with the Yoast SEO plugin v27.1.1 - https:\/\/yoast.com\/product\/yoast-seo-wordpress\/ -->\n<title>1\u00ba F\u00f3rum All4Food de Inova\u00e7\u00e3o e Sustentabilidade - XXVII SemeAd<\/title>\n<meta name=\"robots\" content=\"index, follow, max-snippet:-1, max-image-preview:large, max-video-preview:-1\" \/>\n<link rel=\"canonical\" href=\"https:\/\/semead.com.br\/27\/all4food\/\" \/>\n<meta property=\"og:locale\" content=\"pt_BR\" \/>\n<meta property=\"og:type\" content=\"article\" \/>\n<meta property=\"og:title\" content=\"1\u00ba F\u00f3rum All4Food de Inova\u00e7\u00e3o e Sustentabilidade - XXVII SemeAd\" \/>\n<meta property=\"og:description\" content=\"Tr\u00eas dia de conex\u00f5es e discuss\u00f5es sobre &#8220;Como caminhamos em dire\u00e7\u00e3o \u00e0 Transcri\u00e7\u00e3o de Sistemas Agroalimentares Sustent\u00e1veis?&#8221; 1\u00b0 F\u00f3rum All4Food de Inova\u00e7\u00e3o e Sustentabilidade, com o tema: Como caminhamos em dire\u00e7\u00e3o \u00e0 Transi\u00e7\u00e3o de Sistemas Agroalimentares Sustent\u00e1veis? O F\u00f3rum acontecer\u00e1 de forma concomitante ao XXVII Semin\u00e1rios em Administra\u00e7\u00e3o da USP (SemeAd), na FEA\/USP, em S\u00e3o...\" \/>\n<meta property=\"og:url\" content=\"https:\/\/semead.com.br\/27\/all4food\/\" \/>\n<meta property=\"og:site_name\" content=\"XXVII SemeAd\" \/>\n<meta property=\"article:modified_time\" content=\"2024-10-25T14:00:34+00:00\" \/>\n<meta property=\"og:image\" content=\"https:\/\/semead.com.br\/27\/wp-content\/uploads\/sites\/18\/2024\/10\/imagem2_editada-2.png\" \/>\n<meta name=\"twitter:card\" content=\"summary_large_image\" \/>\n<meta name=\"twitter:label1\" content=\"Est. tempo de leitura\" \/>\n\t<meta name=\"twitter:data1\" content=\"2 minutos\" \/>\n<script type=\"application\/ld+json\" class=\"yoast-schema-graph\">{\"@context\":\"https:\/\/schema.org\",\"@graph\":[{\"@type\":\"WebPage\",\"@id\":\"https:\/\/semead.com.br\/27\/all4food\/\",\"url\":\"https:\/\/semead.com.br\/27\/all4food\/\",\"name\":\"1\u00ba F\u00f3rum All4Food de Inova\u00e7\u00e3o e Sustentabilidade - XXVII SemeAd\",\"isPartOf\":{\"@id\":\"https:\/\/semead.com.br\/27\/#website\"},\"primaryImageOfPage\":{\"@id\":\"https:\/\/semead.com.br\/27\/all4food\/#primaryimage\"},\"image\":{\"@id\":\"https:\/\/semead.com.br\/27\/all4food\/#primaryimage\"},\"thumbnailUrl\":\"https:\/\/semead.com.br\/27\/wp-content\/uploads\/sites\/18\/2024\/10\/imagem2_editada-2.png\",\"datePublished\":\"2024-10-22T17:41:21+00:00\",\"dateModified\":\"2024-10-25T14:00:34+00:00\",\"breadcrumb\":{\"@id\":\"https:\/\/semead.com.br\/27\/all4food\/#breadcrumb\"},\"inLanguage\":\"pt-BR\",\"potentialAction\":[{\"@type\":\"ReadAction\",\"target\":[\"https:\/\/semead.com.br\/27\/all4food\/\"]}]},{\"@type\":\"ImageObject\",\"inLanguage\":\"pt-BR\",\"@id\":\"https:\/\/semead.com.br\/27\/all4food\/#primaryimage\",\"url\":\"https:\/\/semead.com.br\/27\/wp-content\/uploads\/sites\/18\/2024\/10\/imagem2_editada-2.png\",\"contentUrl\":\"https:\/\/semead.com.br\/27\/wp-content\/uploads\/sites\/18\/2024\/10\/imagem2_editada-2.png\",\"width\":869,\"height\":665},{\"@type\":\"BreadcrumbList\",\"@id\":\"https:\/\/semead.com.br\/27\/all4food\/#breadcrumb\",\"itemListElement\":[{\"@type\":\"ListItem\",\"position\":1,\"name\":\"In\u00edcio\",\"item\":\"https:\/\/semead.com.br\/27\/\"},{\"@type\":\"ListItem\",\"position\":2,\"name\":\"1\u00ba F\u00f3rum All4Food de Inova\u00e7\u00e3o e Sustentabilidade\"}]},{\"@type\":\"WebSite\",\"@id\":\"https:\/\/semead.com.br\/27\/#website\",\"url\":\"https:\/\/semead.com.br\/27\/\",\"name\":\"XXVII SemeAd\",\"description\":\"Semin\u00e1rios em Administra\u00e7\u00e3o\",\"potentialAction\":[{\"@type\":\"SearchAction\",\"target\":{\"@type\":\"EntryPoint\",\"urlTemplate\":\"https:\/\/semead.com.br\/27\/?s={search_term_string}\"},\"query-input\":{\"@type\":\"PropertyValueSpecification\",\"valueRequired\":true,\"valueName\":\"search_term_string\"}}],\"inLanguage\":\"pt-BR\"}]}<\/script>\n<!-- \/ Yoast SEO plugin. -->","yoast_head_json":{"title":"1\u00ba F\u00f3rum All4Food de Inova\u00e7\u00e3o e Sustentabilidade - XXVII SemeAd","robots":{"index":"index","follow":"follow","max-snippet":"max-snippet:-1","max-image-preview":"max-image-preview:large","max-video-preview":"max-video-preview:-1"},"canonical":"https:\/\/semead.com.br\/27\/all4food\/","og_locale":"pt_BR","og_type":"article","og_title":"1\u00ba F\u00f3rum All4Food de Inova\u00e7\u00e3o e Sustentabilidade - XXVII SemeAd","og_description":"Tr\u00eas dia de conex\u00f5es e discuss\u00f5es sobre &#8220;Como caminhamos em dire\u00e7\u00e3o \u00e0 Transcri\u00e7\u00e3o de Sistemas Agroalimentares Sustent\u00e1veis?&#8221; 1\u00b0 F\u00f3rum All4Food de Inova\u00e7\u00e3o e Sustentabilidade, com o tema: Como caminhamos em dire\u00e7\u00e3o \u00e0 Transi\u00e7\u00e3o de Sistemas Agroalimentares Sustent\u00e1veis? O F\u00f3rum acontecer\u00e1 de forma concomitante ao XXVII Semin\u00e1rios em Administra\u00e7\u00e3o da USP (SemeAd), na FEA\/USP, em S\u00e3o...","og_url":"https:\/\/semead.com.br\/27\/all4food\/","og_site_name":"XXVII SemeAd","article_modified_time":"2024-10-25T14:00:34+00:00","og_image":[{"url":"https:\/\/semead.com.br\/27\/wp-content\/uploads\/sites\/18\/2024\/10\/imagem2_editada-2.png","type":"","width":"","height":""}],"twitter_card":"summary_large_image","twitter_misc":{"Est. tempo de leitura":"2 minutos"},"schema":{"@context":"https:\/\/schema.org","@graph":[{"@type":"WebPage","@id":"https:\/\/semead.com.br\/27\/all4food\/","url":"https:\/\/semead.com.br\/27\/all4food\/","name":"1\u00ba F\u00f3rum All4Food de Inova\u00e7\u00e3o e Sustentabilidade - XXVII SemeAd","isPartOf":{"@id":"https:\/\/semead.com.br\/27\/#website"},"primaryImageOfPage":{"@id":"https:\/\/semead.com.br\/27\/all4food\/#primaryimage"},"image":{"@id":"https:\/\/semead.com.br\/27\/all4food\/#primaryimage"},"thumbnailUrl":"https:\/\/semead.com.br\/27\/wp-content\/uploads\/sites\/18\/2024\/10\/imagem2_editada-2.png","datePublished":"2024-10-22T17:41:21+00:00","dateModified":"2024-10-25T14:00:34+00:00","breadcrumb":{"@id":"https:\/\/semead.com.br\/27\/all4food\/#breadcrumb"},"inLanguage":"pt-BR","potentialAction":[{"@type":"ReadAction","target":["https:\/\/semead.com.br\/27\/all4food\/"]}]},{"@type":"ImageObject","inLanguage":"pt-BR","@id":"https:\/\/semead.com.br\/27\/all4food\/#primaryimage","url":"https:\/\/semead.com.br\/27\/wp-content\/uploads\/sites\/18\/2024\/10\/imagem2_editada-2.png","contentUrl":"https:\/\/semead.com.br\/27\/wp-content\/uploads\/sites\/18\/2024\/10\/imagem2_editada-2.png","width":869,"height":665},{"@type":"BreadcrumbList","@id":"https:\/\/semead.com.br\/27\/all4food\/#breadcrumb","itemListElement":[{"@type":"ListItem","position":1,"name":"In\u00edcio","item":"https:\/\/semead.com.br\/27\/"},{"@type":"ListItem","position":2,"name":"1\u00ba F\u00f3rum All4Food de Inova\u00e7\u00e3o e Sustentabilidade"}]},{"@type":"WebSite","@id":"https:\/\/semead.com.br\/27\/#website","url":"https:\/\/semead.com.br\/27\/","name":"XXVII SemeAd","description":"Semin\u00e1rios em Administra\u00e7\u00e3o","potentialAction":[{"@type":"SearchAction","target":{"@type":"EntryPoint","urlTemplate":"https:\/\/semead.com.br\/27\/?s={search_term_string}"},"query-input":{"@type":"PropertyValueSpecification","valueRequired":true,"valueName":"search_term_string"}}],"inLanguage":"pt-BR"}]}},"_links":{"self":[{"href":"https:\/\/semead.com.br\/27\/wp-json\/wp\/v2\/pages\/32436","targetHints":{"allow":["GET"]}}],"collection":[{"href":"https:\/\/semead.com.br\/27\/wp-json\/wp\/v2\/pages"}],"about":[{"href":"https:\/\/semead.com.br\/27\/wp-json\/wp\/v2\/types\/page"}],"author":[{"embeddable":true,"href":"https:\/\/semead.com.br\/27\/wp-json\/wp\/v2\/users\/18"}],"replies":[{"embeddable":true,"href":"https:\/\/semead.com.br\/27\/wp-json\/wp\/v2\/comments?post=32436"}],"version-history":[{"count":3,"href":"https:\/\/semead.com.br\/27\/wp-json\/wp\/v2\/pages\/32436\/revisions"}],"predecessor-version":[{"id":32626,"href":"https:\/\/semead.com.br\/27\/wp-json\/wp\/v2\/pages\/32436\/revisions\/32626"}],"wp:attachment":[{"href":"https:\/\/semead.com.br\/27\/wp-json\/wp\/v2\/media?parent=32436"}],"curies":[{"name":"wp","href":"https:\/\/api.w.org\/{rel}","templated":true}]}}