{"id":33063,"date":"2025-05-14T11:02:00","date_gmt":"2025-05-14T14:02:00","guid":{"rendered":"https:\/\/semead.com.br\/27\/?page_id=33063"},"modified":"2025-05-14T11:17:17","modified_gmt":"2025-05-14T14:17:17","slug":"fotos-do-xxvii-semead","status":"publish","type":"page","link":"https:\/\/semead.com.br\/27\/fotos-do-xxvii-semead\/","title":{"rendered":"Fotos do XXVII SemeAd"},"content":{"rendered":"\n<p>Pr\u00e9-Evento: <a href=\"https:\/\/semead.com.br\/27\/fotos-do-xxvii-semead\/fotos-do-xxvii-semead-pre-evento\/\">https:\/\/semead.com.br\/27\/fotos-do-xxvii-semead\/fotos-do-xxvii-semead-pre-evento\/<\/a><br>Dia 5\/11: <a href=\"https:\/\/semead.com.br\/27\/fotos-do-xxvii-semead\/fotos-do-xxvii-semead-dia-05\/\">https:\/\/semead.com.br\/27\/fotos-do-xxvii-semead\/fotos-do-xxvii-semead-dia-05\/<\/a><br>Dia 6\/11: <a href=\"https:\/\/semead.com.br\/27\/fotos-do-xxvii-semead\/fotos-do-xxvii-semead-dia-06\/\">https:\/\/semead.com.br\/27\/fotos-do-xxvii-semead\/fotos-do-xxvii-semead-dia-06\/<\/a><br>Dia 7\/11: <a href=\"https:\/\/semead.com.br\/27\/fotos-do-xxvii-semead\/fotos-do-xxvii-semead-dia-07\/\">https:\/\/semead.com.br\/27\/fotos-do-xxvii-semead\/fotos-do-xxvii-semead-dia-07\/<\/a><br>Dia 8\/11: <a href=\"https:\/\/semead.com.br\/27\/fotos-do-xxvii-semead\/fotos-do-xxvii-semead-dia-08\/\">https:\/\/semead.com.br\/27\/fotos-do-xxvii-semead\/fotos-do-xxvii-semead-dia-08\/<\/a><\/p>\n\n\n\n<p><\/p>\n","protected":false},"excerpt":{"rendered":"<p>Pr\u00e9-Evento: https:\/\/semead.com.br\/27\/fotos-do-xxvii-semead\/fotos-do-xxvii-semead-pre-evento\/Dia 5\/11: https:\/\/semead.com.br\/27\/fotos-do-xxvii-semead\/fotos-do-xxvii-semead-dia-05\/Dia 6\/11: https:\/\/semead.com.br\/27\/fotos-do-xxvii-semead\/fotos-do-xxvii-semead-dia-06\/Dia 7\/11: https:\/\/semead.com.br\/27\/fotos-do-xxvii-semead\/fotos-do-xxvii-semead-dia-07\/Dia 8\/11: https:\/\/semead.com.br\/27\/fotos-do-xxvii-semead\/fotos-do-xxvii-semead-dia-08\/<\/p>\n","protected":false},"author":4,"featured_media":0,"parent":0,"menu_order":0,"comment_status":"closed","ping_status":"closed","template":"","meta":{"_acf_changed":false,"_monsterinsights_skip_tracking":false,"_monsterinsights_sitenote_active":false,"_monsterinsights_sitenote_note":"","_monsterinsights_sitenote_category":0,"footnotes":""},"class_list":["post-33063","page","type-page","status-publish","hentry"],"acf":[],"yoast_head":"<!-- This site is optimized with the Yoast SEO plugin v27.1.1 - https:\/\/yoast.com\/product\/yoast-seo-wordpress\/ -->\n<title>Fotos do XXVII SemeAd - XXVII SemeAd<\/title>\n<meta name=\"robots\" content=\"index, follow, max-snippet:-1, max-image-preview:large, max-video-preview:-1\" \/>\n<link rel=\"canonical\" href=\"https:\/\/semead.com.br\/27\/fotos-do-xxvii-semead\/\" \/>\n<meta property=\"og:locale\" content=\"pt_BR\" \/>\n<meta property=\"og:type\" content=\"article\" \/>\n<meta property=\"og:title\" content=\"Fotos do XXVII SemeAd - XXVII SemeAd\" \/>\n<meta property=\"og:description\" content=\"Pr\u00e9-Evento: https:\/\/semead.com.br\/27\/fotos-do-xxvii-semead\/fotos-do-xxvii-semead-pre-evento\/Dia 5\/11: https:\/\/semead.com.br\/27\/fotos-do-xxvii-semead\/fotos-do-xxvii-semead-dia-05\/Dia 6\/11: https:\/\/semead.com.br\/27\/fotos-do-xxvii-semead\/fotos-do-xxvii-semead-dia-06\/Dia 7\/11: https:\/\/semead.com.br\/27\/fotos-do-xxvii-semead\/fotos-do-xxvii-semead-dia-07\/Dia 8\/11: https:\/\/semead.com.br\/27\/fotos-do-xxvii-semead\/fotos-do-xxvii-semead-dia-08\/\" \/>\n<meta property=\"og:url\" content=\"https:\/\/semead.com.br\/27\/fotos-do-xxvii-semead\/\" \/>\n<meta property=\"og:site_name\" content=\"XXVII SemeAd\" \/>\n<meta property=\"article:modified_time\" content=\"2025-05-14T14:17:17+00:00\" \/>\n<meta name=\"twitter:card\" content=\"summary_large_image\" \/>\n<meta name=\"twitter:label1\" content=\"Est. tempo de leitura\" \/>\n\t<meta name=\"twitter:data1\" content=\"1 minuto\" \/>\n<script type=\"application\/ld+json\" class=\"yoast-schema-graph\">{\"@context\":\"https:\/\/schema.org\",\"@graph\":[{\"@type\":\"WebPage\",\"@id\":\"https:\/\/semead.com.br\/27\/fotos-do-xxvii-semead\/\",\"url\":\"https:\/\/semead.com.br\/27\/fotos-do-xxvii-semead\/\",\"name\":\"Fotos do XXVII SemeAd - XXVII SemeAd\",\"isPartOf\":{\"@id\":\"https:\/\/semead.com.br\/27\/#website\"},\"datePublished\":\"2025-05-14T14:02:00+00:00\",\"dateModified\":\"2025-05-14T14:17:17+00:00\",\"breadcrumb\":{\"@id\":\"https:\/\/semead.com.br\/27\/fotos-do-xxvii-semead\/#breadcrumb\"},\"inLanguage\":\"pt-BR\",\"potentialAction\":[{\"@type\":\"ReadAction\",\"target\":[\"https:\/\/semead.com.br\/27\/fotos-do-xxvii-semead\/\"]}]},{\"@type\":\"BreadcrumbList\",\"@id\":\"https:\/\/semead.com.br\/27\/fotos-do-xxvii-semead\/#breadcrumb\",\"itemListElement\":[{\"@type\":\"ListItem\",\"position\":1,\"name\":\"In\u00edcio\",\"item\":\"https:\/\/semead.com.br\/27\/\"},{\"@type\":\"ListItem\",\"position\":2,\"name\":\"Fotos do XXVII SemeAd\"}]},{\"@type\":\"WebSite\",\"@id\":\"https:\/\/semead.com.br\/27\/#website\",\"url\":\"https:\/\/semead.com.br\/27\/\",\"name\":\"XXVII SemeAd\",\"description\":\"Semin\u00e1rios em Administra\u00e7\u00e3o\",\"potentialAction\":[{\"@type\":\"SearchAction\",\"target\":{\"@type\":\"EntryPoint\",\"urlTemplate\":\"https:\/\/semead.com.br\/27\/?s={search_term_string}\"},\"query-input\":{\"@type\":\"PropertyValueSpecification\",\"valueRequired\":true,\"valueName\":\"search_term_string\"}}],\"inLanguage\":\"pt-BR\"}]}<\/script>\n<!-- \/ Yoast SEO plugin. -->","yoast_head_json":{"title":"Fotos do XXVII SemeAd - XXVII SemeAd","robots":{"index":"index","follow":"follow","max-snippet":"max-snippet:-1","max-image-preview":"max-image-preview:large","max-video-preview":"max-video-preview:-1"},"canonical":"https:\/\/semead.com.br\/27\/fotos-do-xxvii-semead\/","og_locale":"pt_BR","og_type":"article","og_title":"Fotos do XXVII SemeAd - XXVII SemeAd","og_description":"Pr\u00e9-Evento: https:\/\/semead.com.br\/27\/fotos-do-xxvii-semead\/fotos-do-xxvii-semead-pre-evento\/Dia 5\/11: https:\/\/semead.com.br\/27\/fotos-do-xxvii-semead\/fotos-do-xxvii-semead-dia-05\/Dia 6\/11: https:\/\/semead.com.br\/27\/fotos-do-xxvii-semead\/fotos-do-xxvii-semead-dia-06\/Dia 7\/11: https:\/\/semead.com.br\/27\/fotos-do-xxvii-semead\/fotos-do-xxvii-semead-dia-07\/Dia 8\/11: https:\/\/semead.com.br\/27\/fotos-do-xxvii-semead\/fotos-do-xxvii-semead-dia-08\/","og_url":"https:\/\/semead.com.br\/27\/fotos-do-xxvii-semead\/","og_site_name":"XXVII SemeAd","article_modified_time":"2025-05-14T14:17:17+00:00","twitter_card":"summary_large_image","twitter_misc":{"Est. tempo de leitura":"1 minuto"},"schema":{"@context":"https:\/\/schema.org","@graph":[{"@type":"WebPage","@id":"https:\/\/semead.com.br\/27\/fotos-do-xxvii-semead\/","url":"https:\/\/semead.com.br\/27\/fotos-do-xxvii-semead\/","name":"Fotos do XXVII SemeAd - XXVII SemeAd","isPartOf":{"@id":"https:\/\/semead.com.br\/27\/#website"},"datePublished":"2025-05-14T14:02:00+00:00","dateModified":"2025-05-14T14:17:17+00:00","breadcrumb":{"@id":"https:\/\/semead.com.br\/27\/fotos-do-xxvii-semead\/#breadcrumb"},"inLanguage":"pt-BR","potentialAction":[{"@type":"ReadAction","target":["https:\/\/semead.com.br\/27\/fotos-do-xxvii-semead\/"]}]},{"@type":"BreadcrumbList","@id":"https:\/\/semead.com.br\/27\/fotos-do-xxvii-semead\/#breadcrumb","itemListElement":[{"@type":"ListItem","position":1,"name":"In\u00edcio","item":"https:\/\/semead.com.br\/27\/"},{"@type":"ListItem","position":2,"name":"Fotos do XXVII SemeAd"}]},{"@type":"WebSite","@id":"https:\/\/semead.com.br\/27\/#website","url":"https:\/\/semead.com.br\/27\/","name":"XXVII SemeAd","description":"Semin\u00e1rios em Administra\u00e7\u00e3o","potentialAction":[{"@type":"SearchAction","target":{"@type":"EntryPoint","urlTemplate":"https:\/\/semead.com.br\/27\/?s={search_term_string}"},"query-input":{"@type":"PropertyValueSpecification","valueRequired":true,"valueName":"search_term_string"}}],"inLanguage":"pt-BR"}]}},"_links":{"self":[{"href":"https:\/\/semead.com.br\/27\/wp-json\/wp\/v2\/pages\/33063","targetHints":{"allow":["GET"]}}],"collection":[{"href":"https:\/\/semead.com.br\/27\/wp-json\/wp\/v2\/pages"}],"about":[{"href":"https:\/\/semead.com.br\/27\/wp-json\/wp\/v2\/types\/page"}],"author":[{"embeddable":true,"href":"https:\/\/semead.com.br\/27\/wp-json\/wp\/v2\/users\/4"}],"replies":[{"embeddable":true,"href":"https:\/\/semead.com.br\/27\/wp-json\/wp\/v2\/comments?post=33063"}],"version-history":[{"count":2,"href":"https:\/\/semead.com.br\/27\/wp-json\/wp\/v2\/pages\/33063\/revisions"}],"predecessor-version":[{"id":33088,"href":"https:\/\/semead.com.br\/27\/wp-json\/wp\/v2\/pages\/33063\/revisions\/33088"}],"wp:attachment":[{"href":"https:\/\/semead.com.br\/27\/wp-json\/wp\/v2\/media?parent=33063"}],"curies":[{"name":"wp","href":"https:\/\/api.w.org\/{rel}","templated":true}]}}