{"id":33067,"date":"2025-05-14T11:03:37","date_gmt":"2025-05-14T14:03:37","guid":{"rendered":"https:\/\/semead.com.br\/27\/?page_id=33067"},"modified":"2025-05-14T11:06:33","modified_gmt":"2025-05-14T14:06:33","slug":"fotos-do-xxvii-semead-pre-evento","status":"publish","type":"page","link":"https:\/\/semead.com.br\/27\/fotos-do-xxvii-semead\/fotos-do-xxvii-semead-pre-evento\/","title":{"rendered":"Fotos do XXVII SemeAd &#8211; Pr\u00e9-evento"},"content":{"rendered":"\n<iframe src=\"https:\/\/drive.google.com\/embeddedfolderview?id=1guELmXw9VRxVy8mmTF5ElzFcUj13IP5o#grid\" style=\"width:100%; height:600px; border:0;\"><\/iframe>\n","protected":false},"excerpt":{"rendered":"","protected":false},"author":4,"featured_media":0,"parent":33063,"menu_order":0,"comment_status":"closed","ping_status":"closed","template":"","meta":{"_acf_changed":false,"_monsterinsights_skip_tracking":false,"_monsterinsights_sitenote_active":false,"_monsterinsights_sitenote_note":"","_monsterinsights_sitenote_category":0,"footnotes":""},"class_list":["post-33067","page","type-page","status-publish","hentry"],"acf":[],"yoast_head":"<!-- This site is optimized with the Yoast SEO plugin v27.1.1 - https:\/\/yoast.com\/product\/yoast-seo-wordpress\/ -->\n<title>Fotos do XXVII SemeAd - Pr\u00e9-evento - XXVII SemeAd<\/title>\n<meta name=\"robots\" content=\"index, follow, max-snippet:-1, max-image-preview:large, max-video-preview:-1\" \/>\n<link rel=\"canonical\" href=\"https:\/\/semead.com.br\/27\/fotos-do-xxvii-semead\/fotos-do-xxvii-semead-pre-evento\/\" \/>\n<meta property=\"og:locale\" content=\"pt_BR\" \/>\n<meta property=\"og:type\" content=\"article\" \/>\n<meta property=\"og:title\" content=\"Fotos do XXVII SemeAd - Pr\u00e9-evento - XXVII SemeAd\" \/>\n<meta property=\"og:url\" content=\"https:\/\/semead.com.br\/27\/fotos-do-xxvii-semead\/fotos-do-xxvii-semead-pre-evento\/\" \/>\n<meta property=\"og:site_name\" content=\"XXVII SemeAd\" \/>\n<meta property=\"article:modified_time\" content=\"2025-05-14T14:06:33+00:00\" \/>\n<meta name=\"twitter:card\" content=\"summary_large_image\" \/>\n<script type=\"application\/ld+json\" class=\"yoast-schema-graph\">{\"@context\":\"https:\/\/schema.org\",\"@graph\":[{\"@type\":\"WebPage\",\"@id\":\"https:\/\/semead.com.br\/27\/fotos-do-xxvii-semead\/fotos-do-xxvii-semead-pre-evento\/\",\"url\":\"https:\/\/semead.com.br\/27\/fotos-do-xxvii-semead\/fotos-do-xxvii-semead-pre-evento\/\",\"name\":\"Fotos do XXVII SemeAd - Pr\u00e9-evento - XXVII SemeAd\",\"isPartOf\":{\"@id\":\"https:\/\/semead.com.br\/27\/#website\"},\"datePublished\":\"2025-05-14T14:03:37+00:00\",\"dateModified\":\"2025-05-14T14:06:33+00:00\",\"breadcrumb\":{\"@id\":\"https:\/\/semead.com.br\/27\/fotos-do-xxvii-semead\/fotos-do-xxvii-semead-pre-evento\/#breadcrumb\"},\"inLanguage\":\"pt-BR\",\"potentialAction\":[{\"@type\":\"ReadAction\",\"target\":[\"https:\/\/semead.com.br\/27\/fotos-do-xxvii-semead\/fotos-do-xxvii-semead-pre-evento\/\"]}]},{\"@type\":\"BreadcrumbList\",\"@id\":\"https:\/\/semead.com.br\/27\/fotos-do-xxvii-semead\/fotos-do-xxvii-semead-pre-evento\/#breadcrumb\",\"itemListElement\":[{\"@type\":\"ListItem\",\"position\":1,\"name\":\"In\u00edcio\",\"item\":\"https:\/\/semead.com.br\/27\/\"},{\"@type\":\"ListItem\",\"position\":2,\"name\":\"Fotos do XXVII SemeAd\",\"item\":\"https:\/\/semead.com.br\/27\/fotos-do-xxvii-semead\/\"},{\"@type\":\"ListItem\",\"position\":3,\"name\":\"Fotos do XXVII SemeAd &#8211; Pr\u00e9-evento\"}]},{\"@type\":\"WebSite\",\"@id\":\"https:\/\/semead.com.br\/27\/#website\",\"url\":\"https:\/\/semead.com.br\/27\/\",\"name\":\"XXVII SemeAd\",\"description\":\"Semin\u00e1rios em Administra\u00e7\u00e3o\",\"potentialAction\":[{\"@type\":\"SearchAction\",\"target\":{\"@type\":\"EntryPoint\",\"urlTemplate\":\"https:\/\/semead.com.br\/27\/?s={search_term_string}\"},\"query-input\":{\"@type\":\"PropertyValueSpecification\",\"valueRequired\":true,\"valueName\":\"search_term_string\"}}],\"inLanguage\":\"pt-BR\"}]}<\/script>\n<!-- \/ Yoast SEO plugin. -->","yoast_head_json":{"title":"Fotos do XXVII SemeAd - Pr\u00e9-evento - XXVII SemeAd","robots":{"index":"index","follow":"follow","max-snippet":"max-snippet:-1","max-image-preview":"max-image-preview:large","max-video-preview":"max-video-preview:-1"},"canonical":"https:\/\/semead.com.br\/27\/fotos-do-xxvii-semead\/fotos-do-xxvii-semead-pre-evento\/","og_locale":"pt_BR","og_type":"article","og_title":"Fotos do XXVII SemeAd - Pr\u00e9-evento - XXVII SemeAd","og_url":"https:\/\/semead.com.br\/27\/fotos-do-xxvii-semead\/fotos-do-xxvii-semead-pre-evento\/","og_site_name":"XXVII SemeAd","article_modified_time":"2025-05-14T14:06:33+00:00","twitter_card":"summary_large_image","schema":{"@context":"https:\/\/schema.org","@graph":[{"@type":"WebPage","@id":"https:\/\/semead.com.br\/27\/fotos-do-xxvii-semead\/fotos-do-xxvii-semead-pre-evento\/","url":"https:\/\/semead.com.br\/27\/fotos-do-xxvii-semead\/fotos-do-xxvii-semead-pre-evento\/","name":"Fotos do XXVII SemeAd - Pr\u00e9-evento - XXVII SemeAd","isPartOf":{"@id":"https:\/\/semead.com.br\/27\/#website"},"datePublished":"2025-05-14T14:03:37+00:00","dateModified":"2025-05-14T14:06:33+00:00","breadcrumb":{"@id":"https:\/\/semead.com.br\/27\/fotos-do-xxvii-semead\/fotos-do-xxvii-semead-pre-evento\/#breadcrumb"},"inLanguage":"pt-BR","potentialAction":[{"@type":"ReadAction","target":["https:\/\/semead.com.br\/27\/fotos-do-xxvii-semead\/fotos-do-xxvii-semead-pre-evento\/"]}]},{"@type":"BreadcrumbList","@id":"https:\/\/semead.com.br\/27\/fotos-do-xxvii-semead\/fotos-do-xxvii-semead-pre-evento\/#breadcrumb","itemListElement":[{"@type":"ListItem","position":1,"name":"In\u00edcio","item":"https:\/\/semead.com.br\/27\/"},{"@type":"ListItem","position":2,"name":"Fotos do XXVII SemeAd","item":"https:\/\/semead.com.br\/27\/fotos-do-xxvii-semead\/"},{"@type":"ListItem","position":3,"name":"Fotos do XXVII SemeAd &#8211; Pr\u00e9-evento"}]},{"@type":"WebSite","@id":"https:\/\/semead.com.br\/27\/#website","url":"https:\/\/semead.com.br\/27\/","name":"XXVII SemeAd","description":"Semin\u00e1rios em Administra\u00e7\u00e3o","potentialAction":[{"@type":"SearchAction","target":{"@type":"EntryPoint","urlTemplate":"https:\/\/semead.com.br\/27\/?s={search_term_string}"},"query-input":{"@type":"PropertyValueSpecification","valueRequired":true,"valueName":"search_term_string"}}],"inLanguage":"pt-BR"}]}},"_links":{"self":[{"href":"https:\/\/semead.com.br\/27\/wp-json\/wp\/v2\/pages\/33067","targetHints":{"allow":["GET"]}}],"collection":[{"href":"https:\/\/semead.com.br\/27\/wp-json\/wp\/v2\/pages"}],"about":[{"href":"https:\/\/semead.com.br\/27\/wp-json\/wp\/v2\/types\/page"}],"author":[{"embeddable":true,"href":"https:\/\/semead.com.br\/27\/wp-json\/wp\/v2\/users\/4"}],"replies":[{"embeddable":true,"href":"https:\/\/semead.com.br\/27\/wp-json\/wp\/v2\/comments?post=33067"}],"version-history":[{"count":3,"href":"https:\/\/semead.com.br\/27\/wp-json\/wp\/v2\/pages\/33067\/revisions"}],"predecessor-version":[{"id":33072,"href":"https:\/\/semead.com.br\/27\/wp-json\/wp\/v2\/pages\/33067\/revisions\/33072"}],"up":[{"embeddable":true,"href":"https:\/\/semead.com.br\/27\/wp-json\/wp\/v2\/pages\/33063"}],"wp:attachment":[{"href":"https:\/\/semead.com.br\/27\/wp-json\/wp\/v2\/media?parent=33067"}],"curies":[{"name":"wp","href":"https:\/\/api.w.org\/{rel}","templated":true}]}}