{"id":19651,"date":"2021-06-14T13:48:28","date_gmt":"2021-06-14T16:48:28","guid":{"rendered":"https:\/\/semead.com.br\/28\/?page_id=19651"},"modified":"2025-06-09T10:58:04","modified_gmt":"2025-06-09T13:58:04","slug":"agribusiness","status":"publish","type":"page","link":"https:\/\/semead.com.br\/28\/en\/tracks\/scientific-areas\/agribusiness\/","title":{"rendered":"Agribusiness"},"content":{"rendered":"","protected":false},"excerpt":{"rendered":"","protected":false},"author":4,"featured_media":0,"parent":31514,"menu_order":10,"comment_status":"closed","ping_status":"closed","template":"temas.php","meta":{"_acf_changed":false,"_monsterinsights_skip_tracking":false,"_monsterinsights_sitenote_active":false,"_monsterinsights_sitenote_note":"","_monsterinsights_sitenote_category":0,"footnotes":""},"class_list":["post-19651","page","type-page","status-publish","hentry"],"acf":{"coordenadores":[{"titulo":"Coordinator:","nome":"Paula Sarita Bigio Schnaider, PhD","instituicao":"FEA-USP","imagem":30827},{"titulo":"Assistant Coordinator:","nome":"Marcela de Mello Brand\u00e3o Vinholis, PhD","instituicao":"Embrapa","imagem":30830}],"audio_da_coordenacao":"","temas":[{"tema_nome":"Cooperatives","tema_descricao":"Cooperatives are societies of people who together seek to carry out actions that would be costly to carry out individually. These organizations have their own legal form and nature that, among other characteristics, involves voluntary adhesion, shares in the capital being inaccessible to third parties, one member one vote, and return of net surpluses from activities proportional to the operations carried out by the partners. Research that involves the topic of cooperatives covers a broad spectrum of possibilities, including cooperativist identity, legal aspects, cooperativist education, governance in cooperatives, social management of cooperatives, innovation and performance, strategy, finance, organization of the social framework, inter-cooperation and analysis of their social, economic, and environmental impact.","audio":"","lideres":[{"lider_nome":"Leader: Davi Rog\u00e9rio de Moura Costa, PhD (FEA-RP-USP)","lider_foto":30844},{"lider_nome":"Co-Leader: Caroline Gon\u00e7alves, PhD (Universidade Federal de Mato Grosso do Sul)","lider_foto":33315}]},{"tema_nome":"Innovation and Technology","tema_descricao":"The articles can cover various aspects related to technology and innovation in agriculture: the impact of new technologies (4.0, IoT, etc.) in agricultural management and productivity; the adoption of new sustainable technologies in agriculture (low carbon agriculture, recovery agriculture, etc.); policies for incentivizing the adoption of technologies in rural areas (credit, taxation); networks for research and innovation in agriculture; and systems for disseminating technology in agriculture (cooperatives, public agencies, input companies, etc.).","audio":20494,"lideres":[{"lider_nome":"Leader: Bruno Benzaquen Perosa, PhD (UFU) ","lider_foto":30854},{"lider_nome":"Assitant Leader: Marilia Bonzanini Bossle, PhD (IFRS)","lider_foto":19516},{"lider_nome":"International Co-Leader: Judith Cavazos Arroyo, PhD (Universidad Popular Aut\u00f3noma del Estado de Puebla - UPAEP)","lider_foto":28076}]},{"tema_nome":"Sustainability in Agricultural Chains","tema_descricao":"The debates on the sustainability of agro-industrial systems are broad and involve a continuous creative effort. Thus, the description of the session should not be understood as limiting the proposition of articles with innovative approaches to the topic. The articles will discuss topics related to the design of value chains and sustainable networks \u2013 for example, based on the principles of the circular economy \u2013 and strategies focusing on resolving environmental or social challenges. Possible topics to be discussed include reducing food waste and mitigating carbon emissions. Another possibility is the discussion of frameworks for creating value derived from the adoption of strategies based on the search for sustainability. Finally, the texts can discuss the process of the emergence and consolidation of alternative food production and distribution systems.","audio":"","lideres":[{"lider_nome":"Leader: Roberta de Castro Souza Piao, PhD (POLI-USP)","lider_foto":19132},{"lider_nome":"Co-Leader: Camila Colombo de Moraes, PhD (FGV\/EAESP)","lider_foto":33319},{"lider_nome":"International Co-Leader: Sebasti\u00e1n Senesi, PhD (Facultad de Agronom\u00eda - UBA)","lider_foto":19570}]},{"tema_nome":"Strategy and Competitiveness in Agricultural Chains","tema_descricao":"The articles may address issues related to strategy and competitiveness within the context of agroindustrial chains. Articles will be accepted that address the problem of competitiveness and performance through the lenses of strategy theories \u2013 positioning, resource theory, dynamic capacities, and transaction costs. The topic also includes studies that relate to competitiveness from the viewpoint of the systemic and relationship approaches, cooperation networks, and strategic alliances that analyze interdependence relationships between agents as well as marketing strategies. The topic also covers studies that discuss the implications of macro-institutional aspects in agroindustrial chains. ","audio":"","lideres":[{"lider_nome":"Leader: Jaiane Aparecida Pereira, PhD (UFMS)","lider_foto":25522},{"lider_nome":"Co-Leader: Amanda Ferreira Guimar\u00e3es, PhD (Universidade Estadual de Maring\u00e1)","lider_foto":33317},{"lider_nome":"International Coleader: Melise Bourollec, PhD  (Ecole d'Ing\u00e9nieurs de Purpan- France)","lider_foto":19572}]},{"tema_nome":"Risk Management and Agricultural Commercialization","tema_descricao":"The articles may address various aspects related to risk management and commercialization in different agroindustry chains, including the following topics: forecasting, transmission, and volatility of prices; price risk management tools; production risk management tools; risk and resilience; behavioral and experimental economics in risk management and commercialization decisions; market structure and price behavior; designing policies related to risk management and commercialization. ","audio":"","lideres":[{"lider_nome":"Leader: Rodrigo Lanna Franco da Silveira, PhD (UNICAMP) ","lider_foto":19138},{"lider_nome":"Assitant Leader: Marcelo Jos\u00e9 Carrer, PhD (UFSCAR)","lider_foto":30870}]},{"tema_nome":"Chain Management and Public Policies in Agribusiness","tema_descricao":"The articles may address various aspects related to public management in agriculture: design and evaluation of policies (credit, commercialization, prices, technical assistance, technology, food security, labor relations, environmental legislation, etc.) that affect agriculture; the role of public management in transforming agriculture; evaluating new policy and management concepts; and the impacts of efficiency, competitiveness, and sustainability. ","audio":"","lideres":[{"lider_nome":"Leader: Hildo Meirelles de Souza Filho, PhD (UFSCAR) ","lider_foto":19139},{"lider_nome":"Co-Leader: Jo\u00e3o Paulo Rodrigues Arciprete, PhD (Sebrae-SP)","lider_foto":30866},{"lider_nome":"International Co-Leader: Herman Palau, PhD (Facultad de Agronom\u00eda - UBA)","lider_foto":19574}]}]},"yoast_head":"<!-- This site is optimized with the Yoast SEO plugin v27.6 - https:\/\/yoast.com\/product\/yoast-seo-wordpress\/ -->\n<title>Agribusiness - XXVIII SemeAd<\/title>\n<meta name=\"robots\" content=\"index, follow, max-snippet:-1, max-image-preview:large, max-video-preview:-1\" \/>\n<link rel=\"canonical\" href=\"https:\/\/semead.com.br\/28\/en\/tracks\/scientific-areas\/agribusiness\/\" \/>\n<meta property=\"og:locale\" content=\"en_US\" \/>\n<meta property=\"og:type\" content=\"article\" \/>\n<meta property=\"og:title\" content=\"Agribusiness - XXVIII SemeAd\" \/>\n<meta property=\"og:url\" content=\"https:\/\/semead.com.br\/28\/en\/tracks\/scientific-areas\/agribusiness\/\" \/>\n<meta property=\"og:site_name\" content=\"XXVIII SemeAd\" \/>\n<meta property=\"article:modified_time\" content=\"2025-06-09T13:58:04+00:00\" \/>\n<meta name=\"twitter:card\" content=\"summary_large_image\" \/>\n<script type=\"application\/ld+json\" class=\"yoast-schema-graph\">{\"@context\":\"https:\\\/\\\/schema.org\",\"@graph\":[{\"@type\":\"WebPage\",\"@id\":\"https:\\\/\\\/semead.com.br\\\/28\\\/en\\\/tracks\\\/scientific-areas\\\/agribusiness\\\/\",\"url\":\"https:\\\/\\\/semead.com.br\\\/28\\\/en\\\/tracks\\\/scientific-areas\\\/agribusiness\\\/\",\"name\":\"Agribusiness - XXVIII SemeAd\",\"isPartOf\":{\"@id\":\"https:\\\/\\\/semead.com.br\\\/28\\\/en\\\/#website\"},\"datePublished\":\"2021-06-14T16:48:28+00:00\",\"dateModified\":\"2025-06-09T13:58:04+00:00\",\"breadcrumb\":{\"@id\":\"https:\\\/\\\/semead.com.br\\\/28\\\/en\\\/tracks\\\/scientific-areas\\\/agribusiness\\\/#breadcrumb\"},\"inLanguage\":\"en-US\",\"potentialAction\":[{\"@type\":\"ReadAction\",\"target\":[\"https:\\\/\\\/semead.com.br\\\/28\\\/en\\\/tracks\\\/scientific-areas\\\/agribusiness\\\/\"]}]},{\"@type\":\"BreadcrumbList\",\"@id\":\"https:\\\/\\\/semead.com.br\\\/28\\\/en\\\/tracks\\\/scientific-areas\\\/agribusiness\\\/#breadcrumb\",\"itemListElement\":[{\"@type\":\"ListItem\",\"position\":1,\"name\":\"In\u00edcio\",\"item\":\"https:\\\/\\\/semead.com.br\\\/28\\\/en\\\/\"},{\"@type\":\"ListItem\",\"position\":2,\"name\":\"Tracks\",\"item\":\"https:\\\/\\\/semead.com.br\\\/28\\\/en\\\/tracks\\\/\"},{\"@type\":\"ListItem\",\"position\":3,\"name\":\"Scientific Areas\",\"item\":\"https:\\\/\\\/semead.com.br\\\/28\\\/en\\\/tracks\\\/scientific-areas\\\/\"},{\"@type\":\"ListItem\",\"position\":4,\"name\":\"Agribusiness\"}]},{\"@type\":\"WebSite\",\"@id\":\"https:\\\/\\\/semead.com.br\\\/28\\\/en\\\/#website\",\"url\":\"https:\\\/\\\/semead.com.br\\\/28\\\/en\\\/\",\"name\":\"XXVIII SemeAd\",\"description\":\"Semin\u00e1rios em administra\u00e7\u00e3o\",\"potentialAction\":[{\"@type\":\"SearchAction\",\"target\":{\"@type\":\"EntryPoint\",\"urlTemplate\":\"https:\\\/\\\/semead.com.br\\\/28\\\/en\\\/?s={search_term_string}\"},\"query-input\":{\"@type\":\"PropertyValueSpecification\",\"valueRequired\":true,\"valueName\":\"search_term_string\"}}],\"inLanguage\":\"en-US\"}]}<\/script>\n<!-- \/ Yoast SEO plugin. -->","yoast_head_json":{"title":"Agribusiness - XXVIII SemeAd","robots":{"index":"index","follow":"follow","max-snippet":"max-snippet:-1","max-image-preview":"max-image-preview:large","max-video-preview":"max-video-preview:-1"},"canonical":"https:\/\/semead.com.br\/28\/en\/tracks\/scientific-areas\/agribusiness\/","og_locale":"en_US","og_type":"article","og_title":"Agribusiness - XXVIII SemeAd","og_url":"https:\/\/semead.com.br\/28\/en\/tracks\/scientific-areas\/agribusiness\/","og_site_name":"XXVIII SemeAd","article_modified_time":"2025-06-09T13:58:04+00:00","twitter_card":"summary_large_image","schema":{"@context":"https:\/\/schema.org","@graph":[{"@type":"WebPage","@id":"https:\/\/semead.com.br\/28\/en\/tracks\/scientific-areas\/agribusiness\/","url":"https:\/\/semead.com.br\/28\/en\/tracks\/scientific-areas\/agribusiness\/","name":"Agribusiness - XXVIII SemeAd","isPartOf":{"@id":"https:\/\/semead.com.br\/28\/en\/#website"},"datePublished":"2021-06-14T16:48:28+00:00","dateModified":"2025-06-09T13:58:04+00:00","breadcrumb":{"@id":"https:\/\/semead.com.br\/28\/en\/tracks\/scientific-areas\/agribusiness\/#breadcrumb"},"inLanguage":"en-US","potentialAction":[{"@type":"ReadAction","target":["https:\/\/semead.com.br\/28\/en\/tracks\/scientific-areas\/agribusiness\/"]}]},{"@type":"BreadcrumbList","@id":"https:\/\/semead.com.br\/28\/en\/tracks\/scientific-areas\/agribusiness\/#breadcrumb","itemListElement":[{"@type":"ListItem","position":1,"name":"In\u00edcio","item":"https:\/\/semead.com.br\/28\/en\/"},{"@type":"ListItem","position":2,"name":"Tracks","item":"https:\/\/semead.com.br\/28\/en\/tracks\/"},{"@type":"ListItem","position":3,"name":"Scientific Areas","item":"https:\/\/semead.com.br\/28\/en\/tracks\/scientific-areas\/"},{"@type":"ListItem","position":4,"name":"Agribusiness"}]},{"@type":"WebSite","@id":"https:\/\/semead.com.br\/28\/en\/#website","url":"https:\/\/semead.com.br\/28\/en\/","name":"XXVIII SemeAd","description":"Semin\u00e1rios em administra\u00e7\u00e3o","potentialAction":[{"@type":"SearchAction","target":{"@type":"EntryPoint","urlTemplate":"https:\/\/semead.com.br\/28\/en\/?s={search_term_string}"},"query-input":{"@type":"PropertyValueSpecification","valueRequired":true,"valueName":"search_term_string"}}],"inLanguage":"en-US"}]}},"_links":{"self":[{"href":"https:\/\/semead.com.br\/28\/en\/wp-json\/wp\/v2\/pages\/19651","targetHints":{"allow":["GET"]}}],"collection":[{"href":"https:\/\/semead.com.br\/28\/en\/wp-json\/wp\/v2\/pages"}],"about":[{"href":"https:\/\/semead.com.br\/28\/en\/wp-json\/wp\/v2\/types\/page"}],"author":[{"embeddable":true,"href":"https:\/\/semead.com.br\/28\/en\/wp-json\/wp\/v2\/users\/4"}],"replies":[{"embeddable":true,"href":"https:\/\/semead.com.br\/28\/en\/wp-json\/wp\/v2\/comments?post=19651"}],"version-history":[{"count":2,"href":"https:\/\/semead.com.br\/28\/en\/wp-json\/wp\/v2\/pages\/19651\/revisions"}],"predecessor-version":[{"id":33459,"href":"https:\/\/semead.com.br\/28\/en\/wp-json\/wp\/v2\/pages\/19651\/revisions\/33459"}],"up":[{"embeddable":true,"href":"https:\/\/semead.com.br\/28\/en\/wp-json\/wp\/v2\/pages\/31514"}],"wp:attachment":[{"href":"https:\/\/semead.com.br\/28\/en\/wp-json\/wp\/v2\/media?parent=19651"}],"curies":[{"name":"wp","href":"https:\/\/api.w.org\/{rel}","templated":true}]}}