{"id":19661,"date":"2021-06-14T13:52:46","date_gmt":"2021-06-14T16:52:46","guid":{"rendered":"https:\/\/semead.com.br\/28\/?page_id=19661"},"modified":"2024-08-05T13:33:50","modified_gmt":"2024-08-05T16:33:50","slug":"financas","status":"publish","type":"page","link":"https:\/\/semead.com.br\/28\/en\/tracks\/scientific-areas\/financas\/","title":{"rendered":"Finance"},"content":{"rendered":"","protected":false},"excerpt":{"rendered":"","protected":false},"author":4,"featured_media":0,"parent":31514,"menu_order":4,"comment_status":"closed","ping_status":"closed","template":"temas.php","meta":{"_acf_changed":false,"_monsterinsights_skip_tracking":false,"_monsterinsights_sitenote_active":false,"_monsterinsights_sitenote_note":"","_monsterinsights_sitenote_category":0,"footnotes":""},"class_list":["post-19661","page","type-page","status-publish","hentry"],"acf":{"coordenadores":[{"titulo":"Coordinator:","nome":"Wilson Toshiro Nakamura","instituicao":"Mackenzie Presbiterian University","imagem":23964}],"audio_da_coordenacao":"","temas":[{"tema_nome":"Asset Pricing","tema_descricao":"Financial asset pricing models: CAPM, APT, Fama and French, Black-Scholes, binomial, among others. Portfolio theory. Market efficiency. Market anomalies. Financial bubbles. Risk and return. Market risk. Fund performance. ","audio":"","lideres":[{"lider_nome":"Leader: Giancarlo \u00c1quila, PhD (FATEC)","lider_foto":31190},{"lider_nome":"Asistant Leader: Eli Hadad Junior,PhD (Universidade Mackenzie)","lider_foto":25731},{"lider_nome":"International Co-Leader: Jos\u00e9 Luis Ruiz Vergara, PhD (Universidade do Chile)","lider_foto":28121}]},{"tema_nome":"Accounting for External Users","tema_descricao":"Financial accounting. Taxation. International accounting standards. Accounting information quality. Accounts disclosure. Accounts auditing and corporate frauds. Accounting regulation. Government accounting. Integrated reporting and sustainability. Impact of technology on accounting and auditing. Big data and blockchain applied to accounting and auditing. Education and research in financial accounting. Ethics and professional training in financial accounting. History of accounting. Emerging topics in accounting for external users.","audio":20491,"lideres":[{"lider_nome":"Leader: M\u00e1rcia Bianchi,PhD (UFRGS)","lider_foto":28123},{"lider_nome":"Assistant Leader: Joyce Menezes da Fonseca Tonin, PhD (UEM)","lider_foto":31381},{"lider_nome":"International Co-Leader: Isabel Louren\u00e7o, PhD (ISCTE-IUL)","lider_foto":29176}]},{"tema_nome":"Accounting for Internal Users","tema_descricao":"Management accounting and controllership. Management information system. Cost analysis and management. Performance assessment and rewards. Budgetary planning. Tax planning and management. Education and research in management accounting and controllership. Ethics and professional training in management accounting and controllership. Emerging topics in accounting for internal users.","audio":"","lideres":[{"lider_nome":"Leader: Daniel Magalh\u00e3es Mucci,PhD (FEA\/USP)","lider_foto":28125},{"lider_nome":"Assitant Leader: Graciela Dias Coelho Jones, PhD (UFU)","lider_foto":25766},{"lider_nome":"International Co-Leader: Rodrigo Silva de Souza, PhD (University of Roehampton, ROEHAMPTON, Inglaterra.)","lider_foto":28127}]},{"tema_nome":"Corporate Investment Decisions","tema_descricao":"Determinants of corporate investment. Financial constraints. Sensitivity of investment to different types of risk. Investment analysis techniques. Capital budget.","audio":"","lideres":[{"lider_nome":"Leader: Prof. Johnny Silva Mendes (FAAP)","lider_foto":28891},{"lider_nome":"Assistant Leader: Vagner Naysinger Machado (UFSM)","lider_foto":28893},{"lider_nome":"International Co-Leader: Jorge Eduardo Scarpin, PhD (Concordia College - Moorhead, Offutt School of Business)","lider_foto":26003}]},{"tema_nome":"Capital Structure, Dividends, and Mergers and Acquisitions","tema_descricao":"Capital structure. Cost of capital. Dividends policy. Share issuances. Debt issuances. IPOs. Evaluating companies. Value generation. Financial restructuring. Mergers and acquisitions. Private equity. Venture capital. Intangibles.","audio":"","lideres":[{"lider_nome":"Leader: Bolivar Godinho de Oliveira Filho,PhD (UNIFESP)","lider_foto":18817},{"lider_nome":"Assitant Leader: Kelvia Carneiro de Linhares Fernandes Passos ","lider_foto":24792},{"lider_nome":"International Co-Leader: Pedro Verga Matos (Instituto Superior de Economia e Gest\u00e3o da Universidade de Lisboa (ISEG)","lider_foto":27043}]},{"tema_nome":"Behavioral Finance","tema_descricao":"Prospect theory or perspectives. Heuristics and cognitive biases. accounting mind. herd effect. Disposition effect. Framing effect. Optimism bias. Overconfidence. intertemporal choice. Choice architecture. Push theory.\r\n","audio":"","lideres":[{"lider_nome":"Leader: Fernanda Maciel Peixoto, PhD (UFU)","lider_foto":25778},{"lider_nome":"Assitant Leader: Rog\u00e9rio Paulucci Mauad, PhD (IBMEC)","lider_foto":""},{"lider_nome":"International Co-Leader: Jo\u00e3o Paulo da Torre Vieito,PhD (Instituto Polit\u00e9cnico de Viana do Castelo)","lider_foto":31383}]},{"tema_nome":"Quantitative Finance","tema_descricao":"Financial econometrics. Algorithmic trading. Financial time series modeling. Artificial intelligence and machine learning in finance. Optimization in finance. Econophysics. Agent-based modeling in finance; Market risk management models. Natural language processing in finance. Big data in finance. Credit risk management techniques. Bayesian modeling and estimation in finance. Simulation methods in finance. Quantitative methods for macrofinance. ","audio":"","lideres":[{"lider_nome":"Leader: Leandro dos Santos Maciel, PhD (FEA-USP)","lider_foto":30968},{"lider_nome":"Assistant Leader: Fl\u00e1vio A. Ziegelmann, PhD (UFRGS)","lider_foto":30970},{"lider_nome":"International Co-Leader: Massimiliano Caporin, PhD (University of Padova - Italia)","lider_foto":30966}]},{"tema_nome":"Financial Management","tema_descricao":"Financial planning. Financial control. Working capital management. Short-term asset management. Short-term liabilities management. Credit analysis. Personal finance. Insurance and pensions.","audio":"","lideres":[{"lider_nome":"Leader: Fabio Gallo Garcia, PhD (EAESP\/FGV)","lider_foto":18952},{"lider_nome":"Assistant Leader: Bianca Quirantes Checon, PhD (EAESP\/FGV)","lider_foto":19149},{"lider_nome":"International Co-Leader: Profa. Isabel Louren\u00e7o (ISCTE-IUL)","lider_foto":29176}]},{"tema_nome":"Corporate Governance, Risk, and Compliance ","tema_descricao":"Corporate governance practices. Principles of corporate governance: transparency, equity, accountability, corporate responsibility. Agency theory. Agency conflicts. Agency costs. Corporate governance mechanisms. Board of directors. Fiscal council. Independent auditing. Investor relations. Executive remuneration. Ownership structure. Minority rights. Compliance. Internal controls. Corporate risk management. Code of ethics. Company reputation. ","audio":"","lideres":[{"lider_nome":"Leader: Talles Vianna Brugni, PhD (USCS\/UNIP) ","lider_foto":19150},{"lider_nome":"Assistant Leader: Bruna Camargos Avelino, PhD (UFMG) ","lider_foto":19151},{"lider_nome":"International  Co-Leader: Richard LeBlanc, PhD (York University and Harvard University)","lider_foto":26015}]}]},"yoast_head":"<!-- This site is optimized with the Yoast SEO plugin v27.6 - https:\/\/yoast.com\/product\/yoast-seo-wordpress\/ -->\n<title>Finance - XXVIII SemeAd<\/title>\n<meta name=\"robots\" content=\"index, follow, max-snippet:-1, max-image-preview:large, max-video-preview:-1\" \/>\n<link rel=\"canonical\" href=\"https:\/\/semead.com.br\/28\/en\/tracks\/scientific-areas\/financas\/\" \/>\n<meta property=\"og:locale\" content=\"en_US\" \/>\n<meta property=\"og:type\" content=\"article\" \/>\n<meta property=\"og:title\" content=\"Finance - XXVIII SemeAd\" \/>\n<meta property=\"og:url\" content=\"https:\/\/semead.com.br\/28\/en\/tracks\/scientific-areas\/financas\/\" \/>\n<meta property=\"og:site_name\" content=\"XXVIII SemeAd\" \/>\n<meta property=\"article:modified_time\" content=\"2024-08-05T16:33:50+00:00\" \/>\n<meta name=\"twitter:card\" content=\"summary_large_image\" \/>\n<script type=\"application\/ld+json\" class=\"yoast-schema-graph\">{\"@context\":\"https:\\\/\\\/schema.org\",\"@graph\":[{\"@type\":\"WebPage\",\"@id\":\"https:\\\/\\\/semead.com.br\\\/28\\\/en\\\/tracks\\\/scientific-areas\\\/financas\\\/\",\"url\":\"https:\\\/\\\/semead.com.br\\\/28\\\/en\\\/tracks\\\/scientific-areas\\\/financas\\\/\",\"name\":\"Finance - XXVIII SemeAd\",\"isPartOf\":{\"@id\":\"https:\\\/\\\/semead.com.br\\\/28\\\/en\\\/#website\"},\"datePublished\":\"2021-06-14T16:52:46+00:00\",\"dateModified\":\"2024-08-05T16:33:50+00:00\",\"breadcrumb\":{\"@id\":\"https:\\\/\\\/semead.com.br\\\/28\\\/en\\\/tracks\\\/scientific-areas\\\/financas\\\/#breadcrumb\"},\"inLanguage\":\"en-US\",\"potentialAction\":[{\"@type\":\"ReadAction\",\"target\":[\"https:\\\/\\\/semead.com.br\\\/28\\\/en\\\/tracks\\\/scientific-areas\\\/financas\\\/\"]}]},{\"@type\":\"BreadcrumbList\",\"@id\":\"https:\\\/\\\/semead.com.br\\\/28\\\/en\\\/tracks\\\/scientific-areas\\\/financas\\\/#breadcrumb\",\"itemListElement\":[{\"@type\":\"ListItem\",\"position\":1,\"name\":\"In\u00edcio\",\"item\":\"https:\\\/\\\/semead.com.br\\\/28\\\/en\\\/\"},{\"@type\":\"ListItem\",\"position\":2,\"name\":\"Tracks\",\"item\":\"https:\\\/\\\/semead.com.br\\\/28\\\/en\\\/tracks\\\/\"},{\"@type\":\"ListItem\",\"position\":3,\"name\":\"Scientific Areas\",\"item\":\"https:\\\/\\\/semead.com.br\\\/28\\\/en\\\/tracks\\\/scientific-areas\\\/\"},{\"@type\":\"ListItem\",\"position\":4,\"name\":\"Finance\"}]},{\"@type\":\"WebSite\",\"@id\":\"https:\\\/\\\/semead.com.br\\\/28\\\/en\\\/#website\",\"url\":\"https:\\\/\\\/semead.com.br\\\/28\\\/en\\\/\",\"name\":\"XXVIII SemeAd\",\"description\":\"Semin\u00e1rios em administra\u00e7\u00e3o\",\"potentialAction\":[{\"@type\":\"SearchAction\",\"target\":{\"@type\":\"EntryPoint\",\"urlTemplate\":\"https:\\\/\\\/semead.com.br\\\/28\\\/en\\\/?s={search_term_string}\"},\"query-input\":{\"@type\":\"PropertyValueSpecification\",\"valueRequired\":true,\"valueName\":\"search_term_string\"}}],\"inLanguage\":\"en-US\"}]}<\/script>\n<!-- \/ Yoast SEO plugin. -->","yoast_head_json":{"title":"Finance - XXVIII SemeAd","robots":{"index":"index","follow":"follow","max-snippet":"max-snippet:-1","max-image-preview":"max-image-preview:large","max-video-preview":"max-video-preview:-1"},"canonical":"https:\/\/semead.com.br\/28\/en\/tracks\/scientific-areas\/financas\/","og_locale":"en_US","og_type":"article","og_title":"Finance - XXVIII SemeAd","og_url":"https:\/\/semead.com.br\/28\/en\/tracks\/scientific-areas\/financas\/","og_site_name":"XXVIII SemeAd","article_modified_time":"2024-08-05T16:33:50+00:00","twitter_card":"summary_large_image","schema":{"@context":"https:\/\/schema.org","@graph":[{"@type":"WebPage","@id":"https:\/\/semead.com.br\/28\/en\/tracks\/scientific-areas\/financas\/","url":"https:\/\/semead.com.br\/28\/en\/tracks\/scientific-areas\/financas\/","name":"Finance - XXVIII SemeAd","isPartOf":{"@id":"https:\/\/semead.com.br\/28\/en\/#website"},"datePublished":"2021-06-14T16:52:46+00:00","dateModified":"2024-08-05T16:33:50+00:00","breadcrumb":{"@id":"https:\/\/semead.com.br\/28\/en\/tracks\/scientific-areas\/financas\/#breadcrumb"},"inLanguage":"en-US","potentialAction":[{"@type":"ReadAction","target":["https:\/\/semead.com.br\/28\/en\/tracks\/scientific-areas\/financas\/"]}]},{"@type":"BreadcrumbList","@id":"https:\/\/semead.com.br\/28\/en\/tracks\/scientific-areas\/financas\/#breadcrumb","itemListElement":[{"@type":"ListItem","position":1,"name":"In\u00edcio","item":"https:\/\/semead.com.br\/28\/en\/"},{"@type":"ListItem","position":2,"name":"Tracks","item":"https:\/\/semead.com.br\/28\/en\/tracks\/"},{"@type":"ListItem","position":3,"name":"Scientific Areas","item":"https:\/\/semead.com.br\/28\/en\/tracks\/scientific-areas\/"},{"@type":"ListItem","position":4,"name":"Finance"}]},{"@type":"WebSite","@id":"https:\/\/semead.com.br\/28\/en\/#website","url":"https:\/\/semead.com.br\/28\/en\/","name":"XXVIII SemeAd","description":"Semin\u00e1rios em administra\u00e7\u00e3o","potentialAction":[{"@type":"SearchAction","target":{"@type":"EntryPoint","urlTemplate":"https:\/\/semead.com.br\/28\/en\/?s={search_term_string}"},"query-input":{"@type":"PropertyValueSpecification","valueRequired":true,"valueName":"search_term_string"}}],"inLanguage":"en-US"}]}},"_links":{"self":[{"href":"https:\/\/semead.com.br\/28\/en\/wp-json\/wp\/v2\/pages\/19661","targetHints":{"allow":["GET"]}}],"collection":[{"href":"https:\/\/semead.com.br\/28\/en\/wp-json\/wp\/v2\/pages"}],"about":[{"href":"https:\/\/semead.com.br\/28\/en\/wp-json\/wp\/v2\/types\/page"}],"author":[{"embeddable":true,"href":"https:\/\/semead.com.br\/28\/en\/wp-json\/wp\/v2\/users\/4"}],"replies":[{"embeddable":true,"href":"https:\/\/semead.com.br\/28\/en\/wp-json\/wp\/v2\/comments?post=19661"}],"version-history":[{"count":2,"href":"https:\/\/semead.com.br\/28\/en\/wp-json\/wp\/v2\/pages\/19661\/revisions"}],"predecessor-version":[{"id":31694,"href":"https:\/\/semead.com.br\/28\/en\/wp-json\/wp\/v2\/pages\/19661\/revisions\/31694"}],"up":[{"embeddable":true,"href":"https:\/\/semead.com.br\/28\/en\/wp-json\/wp\/v2\/pages\/31514"}],"wp:attachment":[{"href":"https:\/\/semead.com.br\/28\/en\/wp-json\/wp\/v2\/media?parent=19661"}],"curies":[{"name":"wp","href":"https:\/\/api.w.org\/{rel}","templated":true}]}}