{"id":19664,"date":"2021-06-14T13:57:42","date_gmt":"2021-06-14T16:57:42","guid":{"rendered":"https:\/\/semead.com.br\/28\/?page_id=19664"},"modified":"2025-06-23T16:39:41","modified_gmt":"2025-06-23T19:39:41","slug":"estudos-organizacionais","status":"publish","type":"page","link":"https:\/\/semead.com.br\/28\/en\/tracks\/scientific-areas\/estudos-organizacionais\/","title":{"rendered":"Organizational Studies"},"content":{"rendered":"","protected":false},"excerpt":{"rendered":"","protected":false},"author":4,"featured_media":0,"parent":31514,"menu_order":110,"comment_status":"closed","ping_status":"closed","template":"temas.php","meta":{"_acf_changed":false,"_monsterinsights_skip_tracking":false,"_monsterinsights_sitenote_active":false,"_monsterinsights_sitenote_note":"","_monsterinsights_sitenote_category":0,"footnotes":""},"class_list":["post-19664","page","type-page","status-publish","hentry"],"acf":{"coordenadores":[{"titulo":"Coordinator:","nome":"Charles Kirschbaum","instituicao":"INSPER","imagem":28478},{"titulo":"Deputy Coordinator:","nome":"Eduardo Ayrosa","instituicao":"UP e Unigranrio","imagem":28513}],"audio_da_coordenacao":"","temas":[{"tema_nome":"Learning in Organizations","tema_descricao":"Theoretical and theoretical-empirical articles are encouraged that include studies on: attitudes, satisfaction and motivation at work; organizational and career commitment; emotions and affections at work; perception, attribution and decision making; personality and individual characteristics at work; personal, organizational and cultural values; aesthetics in organizations; health and well-being at work; conflict and negotiation; leadership and power in organizations; organizational structure and change; approach to practices in organizations.\r\n","audio":"","lideres":[{"lider_nome":"Leader: Rubens de Araujo Amaro,PhD (UFES)","lider_foto":28480},{"lider_nome":"Assistant Leader: Giancarlo Gomes, PhD (FURB)","lider_foto":28482}]},{"tema_nome":"Organizational Behavior","tema_descricao":"Estimulam-se artigos te\u00f3ricos e te\u00f3rico-emp\u00edricos que contemplem estudos sobre: atitudes, satisfa\u00e7\u00e3o e motiva\u00e7\u00e3o no trabalho; comprometimento organizacional e com a carreira; emo\u00e7\u00f5es e afetos no trabalho; percep\u00e7\u00e3o, atribui\u00e7\u00e3o e tomada de decis\u00e3o; personalidade e caracter\u00edsticas individuais no trabalho; valores pessoais, organizacionais e culturais; est\u00e9tica nas organiza\u00e7\u00f5es; sa\u00fade e bem-estar no trabalho; conflito e negocia\u00e7\u00e3o; lideran\u00e7a e poder nas organiza\u00e7\u00f5es; estrutura e mudan\u00e7a organizacional; abordagem de pr\u00e1ticas nas organiza\u00e7\u00f5es.","audio":"","lideres":[{"lider_nome":"Leader:  Bruno Felix (FUCAPE - Business School)","lider_foto":28484},{"lider_nome":"Assistant Leader : Jefferson Rodrigues Pereira (Centro Universit\u00e1rio Unihorizonte)","lider_foto":28486},{"lider_nome":"Assistant Leader: Prof. Ana Carolina J\u00falio (FUCAPE)","lider_foto":31093}]},{"tema_nome":"Diversity, Difference, and Inclusion in Organizations","tema_descricao":"This aims to provide theories and empirical research that adheres to organizational studies on: gender, sexuality (LGBTQ+), race, age, class, and other institutionalized power systems that produce hierarchies, inequalities, and privileges. Intersectionality between identities and different forms of group expressions. Impact of affirmative actions, diversity policies, diversity management, and discourses on different groups and on the promotion of inclusion at work and in organizations. Structural and institutional barriers to promoting equity and equality. Impacts of diversity and the production of difference on individual, group, and organizational well-being. Repercussion of organizational and workforce structures over marginalized subjects and dominant groups. Production of discriminations, preconceptions, and stereotypes. Consequences of different cultures, ethnicities, and nationalities in the labor and organizational environment. Identity production and its relationship with organizational studies. Work experiences of members of different groups. People with disabilities and religious identities in organizations. Diversity in Academia.","audio":"","lideres":[{"lider_nome":"Leader: Mariane Pisani, PhD (UFPI)","lider_foto":28488},{"lider_nome":"Asistant Leader: Denise Franca Barros  PhD(PPGAd-UFF)","lider_foto":29119},{"lider_nome":"International Co-Leader: Ver\u00f3nica Moreira, PhD (Universidad de Buenos Aires)","lider_foto":28248}]},{"tema_nome":"Epistemologies and Ontologies in Organizational Studies","tema_descricao":"The aim of this topic is to attract papers that endeavor to actively discuss epistemological questions in Administration from any paradigmatic perspective. We understand \u201cdiscuss epistemological questions\u201d as discussions about the production of \u201ctruths\u201d: their possibility conditions, their limits, and the criticisms to which these truths are subjected. We also understand that the epistemological debate directly relates to ontological questions, that is, to the nature of the world we live in and in which our viewpoint is located. We understand that ontological and epistemological questions often coexist \u2013 thus the frequent use of \u201conto-epistemological questions.\u201d We stress that the object of this topic is not problems of a purely methodological order. Papers on methodology may be submitted when they directly involve a discussion that is epistemological or ontological in nature \u2013 that is, questions related to the truth and the nature of the observed object. We encourage the submission of papers with any paradigmatic orientation, particularly because the discussion of paradigms is a discussion about epistemology. With the aim of opening up inter- and transdisciplinary debates among the various forms of production of know-how in organizations, we welcome papers based on or inspired by areas of knowledge such as Philosophy, Sociology, Anthropology, Psychology, Psychoanalysis, History, Geography, and Economics. In order to create an environment that favors the exchange of know-how, we encourage not only sending completed investigations, but also the submission of papers that are still being elaborated and present more questions than answers.","audio":"","lideres":[{"lider_nome":"Leader: Luiz Gustavo Lara, PhD (UP)","lider_foto":28517},{"lider_nome":"Assistant Leader: Natalia Rese, PhD (UFPR)","lider_foto":28500},{"lider_nome":"International Co-Leader: Mariana Bandeira,PhD (Universidad Andina Simon Bolivar - Equador)","lider_foto":28498}]},{"tema_nome":"Non-Conventional Organizations","tema_descricao":"Although the administrative sciences often focus on studying formal organizations characterized by bureaucracy, hierarchy, and formal rationality, the reality is always more diverse. There are numerous organizational forms that emerge from reality and do not fit the hegemonic models. In this topic, we encourage theoretical, essay-type, or theoretical-empirical articles based on various epistemological, theoretical, and methodological perspectives that adhere to Organizational Studies in the following topics: ways of organizing prefiguratives; non-utilitarian organizations; autonomous or vernacular organizations; horizontal organizations; organizational conception; alternative forms of organizing; non-hegemonic organizations; debt vs. donation; solidary economics; heteronomy vs. autonomy; camaraderie; cottage industries; the common good; post-extractivism; degrowth and living well.","audio":"","lideres":[{"lider_nome":"Leader: Lucas Casagrande,PhD (UFRGS)","lider_foto":19144},{"lider_nome":"Assistant Leader: B\u00e1rbara Bastos, PhD (UFPE)","lider_foto":26366},{"lider_nome":"International Co-Leader: Guilhermo Rivera, PhD (Pontificia Universidad Cat\u00f3lica del Valparaiso - Chile)","lider_foto":19554}]},{"tema_nome":"Symbolisms, Cultures, and Identities","tema_descricao":"Different theoretical, methodological and epistemological perspectives are encouraged in Symbolisms, cultures and organizational identities. For this, we seek to interpret organizations as the locus of the production of cultures and the creation of meanings. This topic opens space for research on the following topics: Cultural and interactive aspects of relationships with the \u201cstranger\u201d. National, local and organizational cultures. Culture, Religion and Ideology. Cultural heritage. Material and visual culture. Culture and organizational change. Digital Culture. Speeches, language, body, gestures and images. Echoes, sounds, colors and aromas. Metaphors, stories and fictions. Organizational storytelling. Space, environment and atmosphere. Symbolic representations. The social symbolism of organizations. Socially constructed identities. Identity symbols.\r\n","audio":"","lideres":[{"lider_nome":"Leader: Cintia Rodrigues de Oliveira, PhD (UFU)","lider_foto":20441},{"lider_nome":"Assistant Leader: Rafael Alcadipani, PhD (FGV - EAESP)","lider_foto":31095},{"lider_nome":"International Co-Leader: Pablo Isla Madariaga, PhD (Universidad T\u00e9cnica Federico Santa Maria - Chile)","lider_foto":28118}]}]},"yoast_head":"<!-- This site is optimized with the Yoast SEO plugin v27.6 - https:\/\/yoast.com\/product\/yoast-seo-wordpress\/ -->\n<title>Organizational Studies - XXVIII SemeAd<\/title>\n<meta name=\"robots\" content=\"index, follow, max-snippet:-1, max-image-preview:large, max-video-preview:-1\" \/>\n<link rel=\"canonical\" href=\"https:\/\/semead.com.br\/28\/en\/tracks\/scientific-areas\/estudos-organizacionais\/\" \/>\n<meta property=\"og:locale\" content=\"en_US\" \/>\n<meta property=\"og:type\" content=\"article\" \/>\n<meta property=\"og:title\" content=\"Organizational Studies - XXVIII SemeAd\" \/>\n<meta property=\"og:url\" content=\"https:\/\/semead.com.br\/28\/en\/tracks\/scientific-areas\/estudos-organizacionais\/\" \/>\n<meta property=\"og:site_name\" content=\"XXVIII SemeAd\" \/>\n<meta property=\"article:modified_time\" content=\"2025-06-23T19:39:41+00:00\" \/>\n<meta name=\"twitter:card\" content=\"summary_large_image\" \/>\n<script type=\"application\/ld+json\" class=\"yoast-schema-graph\">{\"@context\":\"https:\\\/\\\/schema.org\",\"@graph\":[{\"@type\":\"WebPage\",\"@id\":\"https:\\\/\\\/semead.com.br\\\/28\\\/en\\\/tracks\\\/scientific-areas\\\/estudos-organizacionais\\\/\",\"url\":\"https:\\\/\\\/semead.com.br\\\/28\\\/en\\\/tracks\\\/scientific-areas\\\/estudos-organizacionais\\\/\",\"name\":\"Organizational Studies - XXVIII SemeAd\",\"isPartOf\":{\"@id\":\"https:\\\/\\\/semead.com.br\\\/28\\\/en\\\/#website\"},\"datePublished\":\"2021-06-14T16:57:42+00:00\",\"dateModified\":\"2025-06-23T19:39:41+00:00\",\"breadcrumb\":{\"@id\":\"https:\\\/\\\/semead.com.br\\\/28\\\/en\\\/tracks\\\/scientific-areas\\\/estudos-organizacionais\\\/#breadcrumb\"},\"inLanguage\":\"en-US\",\"potentialAction\":[{\"@type\":\"ReadAction\",\"target\":[\"https:\\\/\\\/semead.com.br\\\/28\\\/en\\\/tracks\\\/scientific-areas\\\/estudos-organizacionais\\\/\"]}]},{\"@type\":\"BreadcrumbList\",\"@id\":\"https:\\\/\\\/semead.com.br\\\/28\\\/en\\\/tracks\\\/scientific-areas\\\/estudos-organizacionais\\\/#breadcrumb\",\"itemListElement\":[{\"@type\":\"ListItem\",\"position\":1,\"name\":\"In\u00edcio\",\"item\":\"https:\\\/\\\/semead.com.br\\\/28\\\/en\\\/\"},{\"@type\":\"ListItem\",\"position\":2,\"name\":\"Tracks\",\"item\":\"https:\\\/\\\/semead.com.br\\\/28\\\/en\\\/tracks\\\/\"},{\"@type\":\"ListItem\",\"position\":3,\"name\":\"Scientific Areas\",\"item\":\"https:\\\/\\\/semead.com.br\\\/28\\\/en\\\/tracks\\\/scientific-areas\\\/\"},{\"@type\":\"ListItem\",\"position\":4,\"name\":\"Organizational Studies\"}]},{\"@type\":\"WebSite\",\"@id\":\"https:\\\/\\\/semead.com.br\\\/28\\\/en\\\/#website\",\"url\":\"https:\\\/\\\/semead.com.br\\\/28\\\/en\\\/\",\"name\":\"XXVIII SemeAd\",\"description\":\"Semin\u00e1rios em administra\u00e7\u00e3o\",\"potentialAction\":[{\"@type\":\"SearchAction\",\"target\":{\"@type\":\"EntryPoint\",\"urlTemplate\":\"https:\\\/\\\/semead.com.br\\\/28\\\/en\\\/?s={search_term_string}\"},\"query-input\":{\"@type\":\"PropertyValueSpecification\",\"valueRequired\":true,\"valueName\":\"search_term_string\"}}],\"inLanguage\":\"en-US\"}]}<\/script>\n<!-- \/ Yoast SEO plugin. -->","yoast_head_json":{"title":"Organizational Studies - XXVIII SemeAd","robots":{"index":"index","follow":"follow","max-snippet":"max-snippet:-1","max-image-preview":"max-image-preview:large","max-video-preview":"max-video-preview:-1"},"canonical":"https:\/\/semead.com.br\/28\/en\/tracks\/scientific-areas\/estudos-organizacionais\/","og_locale":"en_US","og_type":"article","og_title":"Organizational Studies - XXVIII SemeAd","og_url":"https:\/\/semead.com.br\/28\/en\/tracks\/scientific-areas\/estudos-organizacionais\/","og_site_name":"XXVIII SemeAd","article_modified_time":"2025-06-23T19:39:41+00:00","twitter_card":"summary_large_image","schema":{"@context":"https:\/\/schema.org","@graph":[{"@type":"WebPage","@id":"https:\/\/semead.com.br\/28\/en\/tracks\/scientific-areas\/estudos-organizacionais\/","url":"https:\/\/semead.com.br\/28\/en\/tracks\/scientific-areas\/estudos-organizacionais\/","name":"Organizational Studies - XXVIII SemeAd","isPartOf":{"@id":"https:\/\/semead.com.br\/28\/en\/#website"},"datePublished":"2021-06-14T16:57:42+00:00","dateModified":"2025-06-23T19:39:41+00:00","breadcrumb":{"@id":"https:\/\/semead.com.br\/28\/en\/tracks\/scientific-areas\/estudos-organizacionais\/#breadcrumb"},"inLanguage":"en-US","potentialAction":[{"@type":"ReadAction","target":["https:\/\/semead.com.br\/28\/en\/tracks\/scientific-areas\/estudos-organizacionais\/"]}]},{"@type":"BreadcrumbList","@id":"https:\/\/semead.com.br\/28\/en\/tracks\/scientific-areas\/estudos-organizacionais\/#breadcrumb","itemListElement":[{"@type":"ListItem","position":1,"name":"In\u00edcio","item":"https:\/\/semead.com.br\/28\/en\/"},{"@type":"ListItem","position":2,"name":"Tracks","item":"https:\/\/semead.com.br\/28\/en\/tracks\/"},{"@type":"ListItem","position":3,"name":"Scientific Areas","item":"https:\/\/semead.com.br\/28\/en\/tracks\/scientific-areas\/"},{"@type":"ListItem","position":4,"name":"Organizational Studies"}]},{"@type":"WebSite","@id":"https:\/\/semead.com.br\/28\/en\/#website","url":"https:\/\/semead.com.br\/28\/en\/","name":"XXVIII SemeAd","description":"Semin\u00e1rios em administra\u00e7\u00e3o","potentialAction":[{"@type":"SearchAction","target":{"@type":"EntryPoint","urlTemplate":"https:\/\/semead.com.br\/28\/en\/?s={search_term_string}"},"query-input":{"@type":"PropertyValueSpecification","valueRequired":true,"valueName":"search_term_string"}}],"inLanguage":"en-US"}]}},"_links":{"self":[{"href":"https:\/\/semead.com.br\/28\/en\/wp-json\/wp\/v2\/pages\/19664","targetHints":{"allow":["GET"]}}],"collection":[{"href":"https:\/\/semead.com.br\/28\/en\/wp-json\/wp\/v2\/pages"}],"about":[{"href":"https:\/\/semead.com.br\/28\/en\/wp-json\/wp\/v2\/types\/page"}],"author":[{"embeddable":true,"href":"https:\/\/semead.com.br\/28\/en\/wp-json\/wp\/v2\/users\/4"}],"replies":[{"embeddable":true,"href":"https:\/\/semead.com.br\/28\/en\/wp-json\/wp\/v2\/comments?post=19664"}],"version-history":[{"count":1,"href":"https:\/\/semead.com.br\/28\/en\/wp-json\/wp\/v2\/pages\/19664\/revisions"}],"predecessor-version":[{"id":33544,"href":"https:\/\/semead.com.br\/28\/en\/wp-json\/wp\/v2\/pages\/19664\/revisions\/33544"}],"up":[{"embeddable":true,"href":"https:\/\/semead.com.br\/28\/en\/wp-json\/wp\/v2\/pages\/31514"}],"wp:attachment":[{"href":"https:\/\/semead.com.br\/28\/en\/wp-json\/wp\/v2\/media?parent=19664"}],"curies":[{"name":"wp","href":"https:\/\/api.w.org\/{rel}","templated":true}]}}