{"id":19675,"date":"2021-06-14T14:50:46","date_gmt":"2021-06-14T17:50:46","guid":{"rendered":"https:\/\/semead.com.br\/28\/?page_id=19675"},"modified":"2025-10-10T12:42:31","modified_gmt":"2025-10-10T15:42:31","slug":"apresentacao-dos-trabalhos","status":"publish","type":"page","link":"https:\/\/semead.com.br\/28\/en\/apresentacao-dos-trabalhos\/","title":{"rendered":"Online and presenting Presentations"},"content":{"rendered":"\n<h3 class=\"wp-block-heading\">Important information:<\/h3>\n\n\n\n<ul class=\"wp-block-list\">\n<li>This year, there will be no prior submission of the presentation (ppt or recorded video).<\/li>\n\n\n\n<li>The work will be presented by the authors who are present in the session.<\/li>\n\n\n\n<li>Presentations at SemeAd will take place both online and in person. Below are some important details.<\/li>\n<\/ul>\n\n\n\n<h4 class=\"wp-block-heading\">Instructions for presenting papers (in-person and online):<\/h4>\n\n\n\n<ul class=\"wp-block-list\">\n<li>Presentations of theoretical essays, theoretical-empirical articles, and applied articles will last 15 minutes; teaching cases will last 10 minutes. After the presentation, there will be a brief discussion period.<\/li>\n\n\n\n<li>Presentations of scientific articles, technological reports, and teaching cases must be in PowerPoint, and the formatting is free.<\/li>\n<\/ul>\n\n\n\n<p>IMPORTANT: We recommend that participants read the papers in their session in advance and bring their contributions to discuss with the other authors.<\/p>\n\n\n\n<h4 class=\"wp-block-heading\">Instructions for presenting papers (in-person):<\/h4>\n\n\n\n<ul class=\"wp-block-list\">\n<li>It is recommended to bring your presentation on a flash drive and, for safety, keep a copy in your personal email.<\/li>\n\n\n\n<li>To avoid delays, we ask that the presenting author arrive in the room 15 minutes before the session starts to prepare the presentation.<\/li>\n<\/ul>\n\n\n\n<h4 class=\"wp-block-heading\">Instructions for presenting papers (online):<\/h4>\n\n\n\n<ul class=\"wp-block-list\">\n<li>Compatibility test \u2013 To ensure proper participation, authors are advised to test system compatibility with their browser and equipment in advance. To run the test, access the link: <a href=\"https:\/\/zoom.us\/test\">https:\/\/zoom.us\/test<\/a><\/li>\n\n\n\n<li>Equipment \u2013 It is suggested that authors join using a computer and have more than one device available as a backup. Some connection and functionality issues related to devices and networks are unpredictable.<\/li>\n\n\n\n<li>Link test \u2013 Test the session link in advance. We will open the link 15 minutes before the scheduled session time. During this period, authors can resolve any unexpected issues.<\/li>\n\n\n\n<li>Moderation \u2013 Sessions will have a moderator who will be responsible for organizing the session.<\/li>\n\n\n\n<li>Presentations \u2013 Authors are advised to keep their presentation open on their desktops or other devices. This will facilitate the process when it\u2019s time to present and share the screen.<\/li>\n\n\n\n<li>Avoid overloading the system \u2013 Use few windows\/tabs in your browser and keep few programs\/apps open on your device to make screen sharing easier during your presentation and to avoid system overload.<\/li>\n\n\n\n<li>Identification \u2013 Identify yourself to the session moderator at the beginning, indicating that you are present and stating the title of your work.<\/li>\n\n\n\n<li>Zoom platform controls \u2013 When requested, turn on your microphone and camera and share your presentation screen. It is recommended that all participants keep their microphones muted during others\u2019 presentations.<\/li>\n<\/ul>\n\n\n\n<h4 class=\"wp-block-heading\">Notes:<\/h4>\n\n\n\n<ul class=\"wp-block-list\">\n<li>Registration is individual and non-transferable.<\/li>\n\n\n\n<li>Publication of accepted works (theoretical essays, theoretical-empirical articles, applied articles, and teaching cases) in the SemeAd proceedings is conditional on the registration payment by at least one of the authors.<\/li>\n\n\n\n<li>Authors with accepted and registered works commit to having at least one author attend the conference and present the work.<\/li>\n\n\n\n<li>Failure to appear to present a registered work will prevent the author(s) from submitting works to the subsequent event.<\/li>\n\n\n\n<li>Authors cannot choose the date and time of their presentations in advance. The schedule will follow the plan set by SemeAd\u2019s Scientific Coordination.<\/li>\n<\/ul>\n\n\n\n<h4 class=\"wp-block-heading\">Presentation Template<\/h4>\n\n\n\n<ul class=\"wp-block-list\">\n<li><a href=\"https:\/\/semead.com.br\/28\/wp-content\/uploads\/sites\/19\/2025\/10\/Modelo-apresentacao-azul.pptx\">Download Blue Template<\/a><\/li>\n\n\n\n<li><a href=\"https:\/\/semead.com.br\/28\/wp-content\/uploads\/sites\/19\/2025\/10\/Modelo-apresentacao-laranja.pptx\">Download Orange Template<\/a><\/li>\n<\/ul>\n","protected":false},"excerpt":{"rendered":"<p>Important information: Instructions for presenting papers (in-person and online): IMPORTANT: We recommend that participants read the papers in their session in advance and bring their contributions to discuss with the other authors. Instructions for presenting papers (in-person): Instructions for presenting papers (online): Notes: Presentation Template<\/p>\n","protected":false},"author":4,"featured_media":0,"parent":0,"menu_order":0,"comment_status":"closed","ping_status":"closed","template":"","meta":{"_acf_changed":false,"_monsterinsights_skip_tracking":false,"_monsterinsights_sitenote_active":false,"_monsterinsights_sitenote_note":"","_monsterinsights_sitenote_category":0,"footnotes":""},"class_list":["post-19675","page","type-page","status-publish","hentry"],"acf":[],"yoast_head":"<!-- This site is optimized with the Yoast SEO plugin v27.1.1 - https:\/\/yoast.com\/product\/yoast-seo-wordpress\/ -->\n<title>Online and presenting Presentations - XXVIII SemeAd<\/title>\n<meta name=\"robots\" content=\"index, follow, max-snippet:-1, max-image-preview:large, max-video-preview:-1\" \/>\n<link rel=\"canonical\" href=\"https:\/\/semead.com.br\/28\/en\/apresentacao-dos-trabalhos\/\" \/>\n<meta property=\"og:locale\" content=\"en_US\" \/>\n<meta property=\"og:type\" content=\"article\" \/>\n<meta property=\"og:title\" content=\"Online and presenting Presentations - XXVIII SemeAd\" \/>\n<meta property=\"og:description\" content=\"Important information: Instructions for presenting papers (in-person and online): IMPORTANT: We recommend that participants read the papers in their session in advance and bring their contributions to discuss with the other authors. Instructions for presenting papers (in-person): Instructions for presenting papers (online): Notes: Presentation Template\" \/>\n<meta property=\"og:url\" content=\"https:\/\/semead.com.br\/28\/en\/apresentacao-dos-trabalhos\/\" \/>\n<meta property=\"og:site_name\" content=\"XXVIII SemeAd\" \/>\n<meta property=\"article:modified_time\" content=\"2025-10-10T15:42:31+00:00\" \/>\n<meta name=\"twitter:card\" content=\"summary_large_image\" \/>\n<meta name=\"twitter:label1\" content=\"Est. reading time\" \/>\n\t<meta name=\"twitter:data1\" content=\"3 minutes\" \/>\n<script type=\"application\/ld+json\" class=\"yoast-schema-graph\">{\"@context\":\"https:\/\/schema.org\",\"@graph\":[{\"@type\":\"WebPage\",\"@id\":\"https:\/\/semead.com.br\/28\/en\/apresentacao-dos-trabalhos\/\",\"url\":\"https:\/\/semead.com.br\/28\/en\/apresentacao-dos-trabalhos\/\",\"name\":\"Online and presenting Presentations - XXVIII SemeAd\",\"isPartOf\":{\"@id\":\"https:\/\/semead.com.br\/28\/#website\"},\"datePublished\":\"2021-06-14T17:50:46+00:00\",\"dateModified\":\"2025-10-10T15:42:31+00:00\",\"breadcrumb\":{\"@id\":\"https:\/\/semead.com.br\/28\/en\/apresentacao-dos-trabalhos\/#breadcrumb\"},\"inLanguage\":\"en-US\",\"potentialAction\":[{\"@type\":\"ReadAction\",\"target\":[\"https:\/\/semead.com.br\/28\/en\/apresentacao-dos-trabalhos\/\"]}]},{\"@type\":\"BreadcrumbList\",\"@id\":\"https:\/\/semead.com.br\/28\/en\/apresentacao-dos-trabalhos\/#breadcrumb\",\"itemListElement\":[{\"@type\":\"ListItem\",\"position\":1,\"name\":\"In\u00edcio\",\"item\":\"https:\/\/semead.com.br\/28\/en\/\"},{\"@type\":\"ListItem\",\"position\":2,\"name\":\"Online and presenting Presentations\"}]},{\"@type\":\"WebSite\",\"@id\":\"https:\/\/semead.com.br\/28\/#website\",\"url\":\"https:\/\/semead.com.br\/28\/\",\"name\":\"XXVIII SemeAd\",\"description\":\"Semin\u00e1rios em administra\u00e7\u00e3o\",\"potentialAction\":[{\"@type\":\"SearchAction\",\"target\":{\"@type\":\"EntryPoint\",\"urlTemplate\":\"https:\/\/semead.com.br\/28\/?s={search_term_string}\"},\"query-input\":{\"@type\":\"PropertyValueSpecification\",\"valueRequired\":true,\"valueName\":\"search_term_string\"}}],\"inLanguage\":\"en-US\"}]}<\/script>\n<!-- \/ Yoast SEO plugin. -->","yoast_head_json":{"title":"Online and presenting Presentations - XXVIII SemeAd","robots":{"index":"index","follow":"follow","max-snippet":"max-snippet:-1","max-image-preview":"max-image-preview:large","max-video-preview":"max-video-preview:-1"},"canonical":"https:\/\/semead.com.br\/28\/en\/apresentacao-dos-trabalhos\/","og_locale":"en_US","og_type":"article","og_title":"Online and presenting Presentations - XXVIII SemeAd","og_description":"Important information: Instructions for presenting papers (in-person and online): IMPORTANT: We recommend that participants read the papers in their session in advance and bring their contributions to discuss with the other authors. Instructions for presenting papers (in-person): Instructions for presenting papers (online): Notes: Presentation Template","og_url":"https:\/\/semead.com.br\/28\/en\/apresentacao-dos-trabalhos\/","og_site_name":"XXVIII SemeAd","article_modified_time":"2025-10-10T15:42:31+00:00","twitter_card":"summary_large_image","twitter_misc":{"Est. reading time":"3 minutes"},"schema":{"@context":"https:\/\/schema.org","@graph":[{"@type":"WebPage","@id":"https:\/\/semead.com.br\/28\/en\/apresentacao-dos-trabalhos\/","url":"https:\/\/semead.com.br\/28\/en\/apresentacao-dos-trabalhos\/","name":"Online and presenting Presentations - XXVIII SemeAd","isPartOf":{"@id":"https:\/\/semead.com.br\/28\/#website"},"datePublished":"2021-06-14T17:50:46+00:00","dateModified":"2025-10-10T15:42:31+00:00","breadcrumb":{"@id":"https:\/\/semead.com.br\/28\/en\/apresentacao-dos-trabalhos\/#breadcrumb"},"inLanguage":"en-US","potentialAction":[{"@type":"ReadAction","target":["https:\/\/semead.com.br\/28\/en\/apresentacao-dos-trabalhos\/"]}]},{"@type":"BreadcrumbList","@id":"https:\/\/semead.com.br\/28\/en\/apresentacao-dos-trabalhos\/#breadcrumb","itemListElement":[{"@type":"ListItem","position":1,"name":"In\u00edcio","item":"https:\/\/semead.com.br\/28\/en\/"},{"@type":"ListItem","position":2,"name":"Online and presenting Presentations"}]},{"@type":"WebSite","@id":"https:\/\/semead.com.br\/28\/#website","url":"https:\/\/semead.com.br\/28\/","name":"XXVIII SemeAd","description":"Semin\u00e1rios em administra\u00e7\u00e3o","potentialAction":[{"@type":"SearchAction","target":{"@type":"EntryPoint","urlTemplate":"https:\/\/semead.com.br\/28\/?s={search_term_string}"},"query-input":{"@type":"PropertyValueSpecification","valueRequired":true,"valueName":"search_term_string"}}],"inLanguage":"en-US"}]}},"_links":{"self":[{"href":"https:\/\/semead.com.br\/28\/en\/wp-json\/wp\/v2\/pages\/19675","targetHints":{"allow":["GET"]}}],"collection":[{"href":"https:\/\/semead.com.br\/28\/en\/wp-json\/wp\/v2\/pages"}],"about":[{"href":"https:\/\/semead.com.br\/28\/en\/wp-json\/wp\/v2\/types\/page"}],"author":[{"embeddable":true,"href":"https:\/\/semead.com.br\/28\/en\/wp-json\/wp\/v2\/users\/4"}],"replies":[{"embeddable":true,"href":"https:\/\/semead.com.br\/28\/en\/wp-json\/wp\/v2\/comments?post=19675"}],"version-history":[{"count":1,"href":"https:\/\/semead.com.br\/28\/en\/wp-json\/wp\/v2\/pages\/19675\/revisions"}],"predecessor-version":[{"id":33932,"href":"https:\/\/semead.com.br\/28\/en\/wp-json\/wp\/v2\/pages\/19675\/revisions\/33932"}],"wp:attachment":[{"href":"https:\/\/semead.com.br\/28\/en\/wp-json\/wp\/v2\/media?parent=19675"}],"curies":[{"name":"wp","href":"https:\/\/api.w.org\/{rel}","templated":true}]}}