{"id":19797,"date":"2021-06-15T15:39:05","date_gmt":"2021-06-15T18:39:05","guid":{"rendered":"https:\/\/semead.com.br\/28\/?page_id=19797"},"modified":"2024-07-05T14:22:13","modified_gmt":"2024-07-05T17:22:13","slug":"evento","status":"publish","type":"page","link":"https:\/\/semead.com.br\/28\/en\/evento\/","title":{"rendered":"Event"},"content":{"rendered":"\n<p>The SemeAd \u2013 Seminars in Administration of the Faculty of Economics, Business Administration, Accounting, and Actuarial Sciences of the University of S\u00e3o Paulo, is an annual scientific event that plays a crucial role in the exchange and discussion of scientific and technological production in the field of Administration in Brazil and abroad.<\/p>\n\n\n\n<p>Since its inception in 1996, the event has undergone a process of development and maturation, currently being recognized as one of the most important in the field of Administration. Research submitted to the event undergoes evaluation through a double-blind review system. Accepted papers are published in the event proceedings and showcased on its website. The best papers receive awards and are nominated to participate in the fast-track process with more than 70 journals associated with SemeAd, including four international ones.<\/p>\n\n\n\n<p>In its latest edition in 2023, SemeAd introduced its first hybrid version, receiving a total of 2,081 paper submissions and engaging more than 3,930 authors and 1,715 attendees, marking a significant achievement.<\/p>\n\n\n\n<p>This year&#8217;s edition, scheduled for November 2024, promises to be even better than the previous one. The event will feature its traditional activities such as paper presentations, technological reports, and teaching case sessions, along with Sapiens sessions for improving scientific papers for publication, methodological workshops, and doctoral consortiums. A highlight will be the SemeAd Experience on November 5, 2024, featuring cultural and research-oriented external activities.<\/p>\n\n\n\n<p>Follow our social media channels to stay updated with all the latest news about SemeAd 2024.<\/p>\n\n\n\n<p>With all this to offer, you can&#8217;t afford to miss out on SemeAd 2024! Join us and contribute to strengthening this important ecosystem of education, research, and extension in Administration.&nbsp;<\/p>\n","protected":false},"excerpt":{"rendered":"<p>The SemeAd \u2013 Seminars in Administration of the Faculty of Economics, Business Administration, Accounting, and Actuarial Sciences of the University of S\u00e3o Paulo, is an annual scientific event that plays a crucial role in the exchange and discussion of scientific and technological production in the field of Administration in Brazil and abroad. Since its inception&#8230;<\/p>\n","protected":false},"author":8,"featured_media":0,"parent":0,"menu_order":0,"comment_status":"closed","ping_status":"open","template":"temas.php","meta":{"_acf_changed":false,"_monsterinsights_skip_tracking":false,"_monsterinsights_sitenote_active":false,"_monsterinsights_sitenote_note":"","_monsterinsights_sitenote_category":0,"footnotes":""},"class_list":["post-19797","page","type-page","status-publish","hentry"],"acf":[],"yoast_head":"<!-- This site is optimized with the Yoast SEO plugin v27.1.1 - https:\/\/yoast.com\/product\/yoast-seo-wordpress\/ -->\n<title>Event - XXVIII SemeAd<\/title>\n<meta name=\"robots\" content=\"index, follow, max-snippet:-1, max-image-preview:large, max-video-preview:-1\" \/>\n<link rel=\"canonical\" href=\"https:\/\/semead.com.br\/28\/en\/evento\/\" \/>\n<meta property=\"og:locale\" content=\"en_US\" \/>\n<meta property=\"og:type\" content=\"article\" \/>\n<meta property=\"og:title\" content=\"Event - XXVIII SemeAd\" \/>\n<meta property=\"og:description\" content=\"The SemeAd \u2013 Seminars in Administration of the Faculty of Economics, Business Administration, Accounting, and Actuarial Sciences of the University of S\u00e3o Paulo, is an annual scientific event that plays a crucial role in the exchange and discussion of scientific and technological production in the field of Administration in Brazil and abroad. Since its inception...\" \/>\n<meta property=\"og:url\" content=\"https:\/\/semead.com.br\/28\/en\/evento\/\" \/>\n<meta property=\"og:site_name\" content=\"XXVIII SemeAd\" \/>\n<meta property=\"article:modified_time\" content=\"2024-07-05T17:22:13+00:00\" \/>\n<meta name=\"twitter:card\" content=\"summary_large_image\" \/>\n<script type=\"application\/ld+json\" class=\"yoast-schema-graph\">{\"@context\":\"https:\/\/schema.org\",\"@graph\":[{\"@type\":\"WebPage\",\"@id\":\"https:\/\/semead.com.br\/28\/en\/evento\/\",\"url\":\"https:\/\/semead.com.br\/28\/en\/evento\/\",\"name\":\"Event - XXVIII SemeAd\",\"isPartOf\":{\"@id\":\"https:\/\/semead.com.br\/28\/#website\"},\"datePublished\":\"2021-06-15T18:39:05+00:00\",\"dateModified\":\"2024-07-05T17:22:13+00:00\",\"breadcrumb\":{\"@id\":\"https:\/\/semead.com.br\/28\/en\/evento\/#breadcrumb\"},\"inLanguage\":\"en-US\",\"potentialAction\":[{\"@type\":\"ReadAction\",\"target\":[\"https:\/\/semead.com.br\/28\/en\/evento\/\"]}]},{\"@type\":\"BreadcrumbList\",\"@id\":\"https:\/\/semead.com.br\/28\/en\/evento\/#breadcrumb\",\"itemListElement\":[{\"@type\":\"ListItem\",\"position\":1,\"name\":\"In\u00edcio\",\"item\":\"https:\/\/semead.com.br\/28\/en\/\"},{\"@type\":\"ListItem\",\"position\":2,\"name\":\"Event\"}]},{\"@type\":\"WebSite\",\"@id\":\"https:\/\/semead.com.br\/28\/#website\",\"url\":\"https:\/\/semead.com.br\/28\/\",\"name\":\"XXVIII SemeAd\",\"description\":\"Semin\u00e1rios em administra\u00e7\u00e3o\",\"potentialAction\":[{\"@type\":\"SearchAction\",\"target\":{\"@type\":\"EntryPoint\",\"urlTemplate\":\"https:\/\/semead.com.br\/28\/?s={search_term_string}\"},\"query-input\":{\"@type\":\"PropertyValueSpecification\",\"valueRequired\":true,\"valueName\":\"search_term_string\"}}],\"inLanguage\":\"en-US\"}]}<\/script>\n<!-- \/ Yoast SEO plugin. -->","yoast_head_json":{"title":"Event - XXVIII SemeAd","robots":{"index":"index","follow":"follow","max-snippet":"max-snippet:-1","max-image-preview":"max-image-preview:large","max-video-preview":"max-video-preview:-1"},"canonical":"https:\/\/semead.com.br\/28\/en\/evento\/","og_locale":"en_US","og_type":"article","og_title":"Event - XXVIII SemeAd","og_description":"The SemeAd \u2013 Seminars in Administration of the Faculty of Economics, Business Administration, Accounting, and Actuarial Sciences of the University of S\u00e3o Paulo, is an annual scientific event that plays a crucial role in the exchange and discussion of scientific and technological production in the field of Administration in Brazil and abroad. Since its inception...","og_url":"https:\/\/semead.com.br\/28\/en\/evento\/","og_site_name":"XXVIII SemeAd","article_modified_time":"2024-07-05T17:22:13+00:00","twitter_card":"summary_large_image","schema":{"@context":"https:\/\/schema.org","@graph":[{"@type":"WebPage","@id":"https:\/\/semead.com.br\/28\/en\/evento\/","url":"https:\/\/semead.com.br\/28\/en\/evento\/","name":"Event - XXVIII SemeAd","isPartOf":{"@id":"https:\/\/semead.com.br\/28\/#website"},"datePublished":"2021-06-15T18:39:05+00:00","dateModified":"2024-07-05T17:22:13+00:00","breadcrumb":{"@id":"https:\/\/semead.com.br\/28\/en\/evento\/#breadcrumb"},"inLanguage":"en-US","potentialAction":[{"@type":"ReadAction","target":["https:\/\/semead.com.br\/28\/en\/evento\/"]}]},{"@type":"BreadcrumbList","@id":"https:\/\/semead.com.br\/28\/en\/evento\/#breadcrumb","itemListElement":[{"@type":"ListItem","position":1,"name":"In\u00edcio","item":"https:\/\/semead.com.br\/28\/en\/"},{"@type":"ListItem","position":2,"name":"Event"}]},{"@type":"WebSite","@id":"https:\/\/semead.com.br\/28\/#website","url":"https:\/\/semead.com.br\/28\/","name":"XXVIII SemeAd","description":"Semin\u00e1rios em administra\u00e7\u00e3o","potentialAction":[{"@type":"SearchAction","target":{"@type":"EntryPoint","urlTemplate":"https:\/\/semead.com.br\/28\/?s={search_term_string}"},"query-input":{"@type":"PropertyValueSpecification","valueRequired":true,"valueName":"search_term_string"}}],"inLanguage":"en-US"}]}},"_links":{"self":[{"href":"https:\/\/semead.com.br\/28\/en\/wp-json\/wp\/v2\/pages\/19797","targetHints":{"allow":["GET"]}}],"collection":[{"href":"https:\/\/semead.com.br\/28\/en\/wp-json\/wp\/v2\/pages"}],"about":[{"href":"https:\/\/semead.com.br\/28\/en\/wp-json\/wp\/v2\/types\/page"}],"author":[{"embeddable":true,"href":"https:\/\/semead.com.br\/28\/en\/wp-json\/wp\/v2\/users\/8"}],"replies":[{"embeddable":true,"href":"https:\/\/semead.com.br\/28\/en\/wp-json\/wp\/v2\/comments?post=19797"}],"version-history":[{"count":0,"href":"https:\/\/semead.com.br\/28\/en\/wp-json\/wp\/v2\/pages\/19797\/revisions"}],"wp:attachment":[{"href":"https:\/\/semead.com.br\/28\/en\/wp-json\/wp\/v2\/media?parent=19797"}],"curies":[{"name":"wp","href":"https:\/\/api.w.org\/{rel}","templated":true}]}}