{"id":20158,"date":"2021-06-18T16:58:15","date_gmt":"2021-06-18T19:58:15","guid":{"rendered":"https:\/\/semead.com.br\/28\/?page_id=20158"},"modified":"2024-07-12T12:55:46","modified_gmt":"2024-07-12T15:55:46","slug":"socioenvironmental-management-2","status":"publish","type":"page","link":"https:\/\/semead.com.br\/28\/en\/tracks\/scientific-areas\/socioenvironmental-management-2\/","title":{"rendered":"Socioenvironmental Management"},"content":{"rendered":"","protected":false},"excerpt":{"rendered":"","protected":false},"author":10,"featured_media":0,"parent":31514,"menu_order":6,"comment_status":"closed","ping_status":"closed","template":"temas.php","meta":{"_acf_changed":false,"_monsterinsights_skip_tracking":false,"_monsterinsights_sitenote_active":false,"_monsterinsights_sitenote_note":"","_monsterinsights_sitenote_category":0,"footnotes":""},"class_list":["post-20158","page","type-page","status-publish","hentry"],"acf":{"coordenadores":[{"titulo":"Coordinator:","nome":"Flavio Hourneaux Junior,PhD","instituicao":"FEA-USP","imagem":18773},{"titulo":"Assistant Coordinator","nome":"Clandia Maffini Gomes,PhD ","instituicao":"FURG","imagem":18772}],"audio_da_coordenacao":null,"temas":[{"tema_nome":"Sustainable Development and the SDGs ","tema_descricao":"In general, this topic covers concepts, theories, and actions related to the great global challenges for Sustainable Development with a focus on the Sustainable Development Goals (SDGs) adopted by the United Nations in the 2030 Agenda. The topic combines analyses at different levels of government, organizations, companies, and society in international, regional, and local environments. It includes topics such as poverty; hunger and food security; healthy living and well-being; inclusive and equitable quality education; gender equality; sustainable water and sanitation management; energy for all; full and productive employment; decent work; inclusive and sustainable industrialization; reducing inequality; sustainable cities; sustainable production and consumption patterns; climate change and its impacts; sea and ocean sustainability; sustainable use of land ecosystems; sustainable forest and land management; biodiversity; peaceful and inclusive societies for sustainable development; global partnerships for sustainable development. ","audio":null,"lideres":[{"lider_nome":"Leader: Barbara Galleli Dias,PhD (UFPR)","lider_foto":29249},{"lider_nome":"Assistant Leader: Jaluza Maria Lima Silva Borsatto, PhD (UFU)","lider_foto":31142},{"lider_nome":"International Co-Leader: Jorge Andr\u00e9s Rodriguez ,PhD(ESADE \u2013 Equador)","lider_foto":19592}]},{"tema_nome":"Social Corporate Performance (SCP)","tema_descricao":"The theme covers theories, concepts, and practices related to the processes of measuring, controlling, and managing the performance of organizations, in a broadened vision of the one described by the theory of the firm. It includes topics such as: sustainability indicators; sustainability indexes; models for measuring sustainability and socioenvironmental performance; sustainable balanced scorecard; triple bottom line approach; theoretical approaches to sustainable firm performance; socioenvironmental accounting; sustainability reports; integrated reporting.","audio":null,"lideres":[{"lider_nome":"Leader: Adriana Cristina Ferreira Caldana, PhD (FEA-RP-USP)","lider_foto":18832},{"lider_nome":"Assistant Leader: Marlon Fernandes Rodrigues Alves,PhD (FEA-RP-USP)","lider_foto":19589},{"lider_nome":"International Co-Leader: Gustavo Adolfo Yepes Lopez,PhD (Universidad Externado \u2013 Col\u00f4mbia)","lider_foto":26035}]},{"tema_nome":"Environmental Management","tema_descricao":"This topic covers theories, concepts, and practices related to the processes of conceiving, implementing, and evaluating strategies aimed at sustainability. It covers topics such as: sustainable strategies; sustainable strategic projects; sustainability as a competitive advantage; impact of aspects of the macro-environment relating to sustainability; strategic crisis management and socioenvironmental risks; new sustainable business models; sustainable value creation; sustainable finance; functional strategies focusing on sustainability; sectoral and public strategies for sustainability; sustainability management in the value chain; applications of traditional strategic approaches focusing on sustainability.","audio":null,"lideres":[{"lider_nome":"Leader: Diego de Melo Conti, PhD (PUC-Campinas)","lider_foto":31207},{"lider_nome":"Assistant Leader: Roberto Bichueti,PhD (UFSM)","lider_foto":19539},{"lider_nome":"International Co-Leader: Luis Enrique Valdez Juarez,PhD (Instituto Tecnol\u00f3gico de Sonora \u2013 M\u00e9xico)","lider_foto":19594}]},{"tema_nome":"Sustainable Development and the SDGs","tema_descricao":"In general, this topic covers concepts, theories, and actions related to the great global challenges for Sustainable Development with a focus on the Sustainable Development Goals (SDGs) adopted by the United Nations in the 2030 Agenda. The topic combines analyses at different levels of government, organizations, companies, and society in the international, regional, and local environments. It includes topics such as poverty; hunger and food security; healthy living and well-being; inclusive and equitable quality education; gender equality; sustainable water and sanitation management; energy for all; full and productive employment; decent work; inclusive and sustainable industrialization; reducing inequality; sustainable cities; sustainable production and consumption patterns; climate change and its impacts; sea and ocean sustainability; sustainable use of land ecosystems; sustainable forest and land management; biodiversity; peaceful and inclusive societies for sustainable development; global partnerships for sustainable development.","audio":null,"lideres":[{"lider_nome":"Leader: Ronaldo de Oliveira Santos Jhunior, PhD\u00a0(FEA-USP)","lider_foto":31145},{"lider_nome":"Assitant Leader: Mariana Torres Uchoa, PhD (SENAI-SC)","lider_foto":31177},{"lider_nome":"International Co-Leader: Dolores Gallardo-V\u00e1zquez, PhD (Universidad de Extremadura \u2013 Espanha)","lider_foto":19597}]},{"tema_nome":"Sustentabilidade e Desempenho das Organiza\u00e7\u00f5es","tema_descricao":"This topic covers studies about elements that aim to mitigate environmental problems and seek more efficient use of available resources, as well as evaluating the impacts and externalities resulting from the production of goods and services, caused by the activities of organizations. It covers topics such as: environmental management systems; environmental management standards; eco-efficiency; industrial ecology; environmental auditing; cleaner production; the product life cycle; sustainable supply chains; reverse logistics; greenhouse gas projects; environmental licensing; environmental liabilities management; solid waste management.","audio":null,"lideres":[{"lider_nome":"Leader: Alexandre Sanches Garcia,PhD (FECAP)   ","lider_foto":18831},{"lider_nome":"Assistant Leader: Patr\u00edcia Lacerda de Carvalho ,PhD (UFPB)","lider_foto":28150},{"lider_nome":"International Co-Leader: Leire San Jose,PhD (Universidad del Pa\u00eds Vasco - Espanha)","lider_foto":19588}]},{"tema_nome":"Sustainability, Society, Technology, and Innovation ","tema_descricao":"This theme broadly covers strategies and practices for sustainable technological innovation in both environmental and social dimensions, or in both. It includes topics such as eco-innovation; eco-design; eco-efficiency; life cycle assessment; biomimicry; innovation in the context of the Sustainable Development Goals; sustainable innovation metrics; technology and the employment challenge; artificial intelligence and implications for sustainability; promoting impact entrepreneurship and social businesses; social innovation; innovation and the third sector; and other cutting-edge topics related to the theme. ","audio":null,"lideres":[{"lider_nome":"Leader: Keysa Manuela Cunha de Mascena, PhD (UNIFOR)","lider_foto":31148},{"lider_nome":"Assistant Leader: Suzanne \u00c9rica N\u00f3brega\u00a0Correia, PhD (UFCG)","lider_foto":31249},{"lider_nome":"International Co-Leader: Christiane Andrea Molina Brockmann, PhD (EGADE Business School, Sede Santa Fe - Tecnol\u00f3gico de Monterrey)","lider_foto":31205}]}]},"yoast_head":"<!-- This site is optimized with the Yoast SEO plugin v27.6 - https:\/\/yoast.com\/product\/yoast-seo-wordpress\/ -->\n<title>Socioenvironmental Management - XXVIII SemeAd<\/title>\n<meta name=\"robots\" content=\"index, follow, max-snippet:-1, max-image-preview:large, max-video-preview:-1\" \/>\n<link rel=\"canonical\" href=\"https:\/\/semead.com.br\/28\/en\/tracks\/scientific-areas\/socioenvironmental-management-2\/\" \/>\n<meta property=\"og:locale\" content=\"en_US\" \/>\n<meta property=\"og:type\" content=\"article\" \/>\n<meta property=\"og:title\" content=\"Socioenvironmental Management - XXVIII SemeAd\" \/>\n<meta property=\"og:url\" content=\"https:\/\/semead.com.br\/28\/en\/tracks\/scientific-areas\/socioenvironmental-management-2\/\" \/>\n<meta property=\"og:site_name\" content=\"XXVIII SemeAd\" \/>\n<meta property=\"article:modified_time\" content=\"2024-07-12T15:55:46+00:00\" \/>\n<meta name=\"twitter:card\" content=\"summary_large_image\" \/>\n<script type=\"application\/ld+json\" class=\"yoast-schema-graph\">{\"@context\":\"https:\\\/\\\/schema.org\",\"@graph\":[{\"@type\":\"WebPage\",\"@id\":\"https:\\\/\\\/semead.com.br\\\/28\\\/en\\\/tracks\\\/scientific-areas\\\/socioenvironmental-management-2\\\/\",\"url\":\"https:\\\/\\\/semead.com.br\\\/28\\\/en\\\/tracks\\\/scientific-areas\\\/socioenvironmental-management-2\\\/\",\"name\":\"Socioenvironmental Management - XXVIII SemeAd\",\"isPartOf\":{\"@id\":\"https:\\\/\\\/semead.com.br\\\/28\\\/en\\\/#website\"},\"datePublished\":\"2021-06-18T19:58:15+00:00\",\"dateModified\":\"2024-07-12T15:55:46+00:00\",\"breadcrumb\":{\"@id\":\"https:\\\/\\\/semead.com.br\\\/28\\\/en\\\/tracks\\\/scientific-areas\\\/socioenvironmental-management-2\\\/#breadcrumb\"},\"inLanguage\":\"en-US\",\"potentialAction\":[{\"@type\":\"ReadAction\",\"target\":[\"https:\\\/\\\/semead.com.br\\\/28\\\/en\\\/tracks\\\/scientific-areas\\\/socioenvironmental-management-2\\\/\"]}]},{\"@type\":\"BreadcrumbList\",\"@id\":\"https:\\\/\\\/semead.com.br\\\/28\\\/en\\\/tracks\\\/scientific-areas\\\/socioenvironmental-management-2\\\/#breadcrumb\",\"itemListElement\":[{\"@type\":\"ListItem\",\"position\":1,\"name\":\"In\u00edcio\",\"item\":\"https:\\\/\\\/semead.com.br\\\/28\\\/en\\\/\"},{\"@type\":\"ListItem\",\"position\":2,\"name\":\"Tracks\",\"item\":\"https:\\\/\\\/semead.com.br\\\/28\\\/en\\\/tracks\\\/\"},{\"@type\":\"ListItem\",\"position\":3,\"name\":\"Scientific Areas\",\"item\":\"https:\\\/\\\/semead.com.br\\\/28\\\/en\\\/tracks\\\/scientific-areas\\\/\"},{\"@type\":\"ListItem\",\"position\":4,\"name\":\"Socioenvironmental Management\"}]},{\"@type\":\"WebSite\",\"@id\":\"https:\\\/\\\/semead.com.br\\\/28\\\/en\\\/#website\",\"url\":\"https:\\\/\\\/semead.com.br\\\/28\\\/en\\\/\",\"name\":\"XXVIII SemeAd\",\"description\":\"Semin\u00e1rios em administra\u00e7\u00e3o\",\"potentialAction\":[{\"@type\":\"SearchAction\",\"target\":{\"@type\":\"EntryPoint\",\"urlTemplate\":\"https:\\\/\\\/semead.com.br\\\/28\\\/en\\\/?s={search_term_string}\"},\"query-input\":{\"@type\":\"PropertyValueSpecification\",\"valueRequired\":true,\"valueName\":\"search_term_string\"}}],\"inLanguage\":\"en-US\"}]}<\/script>\n<!-- \/ Yoast SEO plugin. -->","yoast_head_json":{"title":"Socioenvironmental Management - XXVIII SemeAd","robots":{"index":"index","follow":"follow","max-snippet":"max-snippet:-1","max-image-preview":"max-image-preview:large","max-video-preview":"max-video-preview:-1"},"canonical":"https:\/\/semead.com.br\/28\/en\/tracks\/scientific-areas\/socioenvironmental-management-2\/","og_locale":"en_US","og_type":"article","og_title":"Socioenvironmental Management - XXVIII SemeAd","og_url":"https:\/\/semead.com.br\/28\/en\/tracks\/scientific-areas\/socioenvironmental-management-2\/","og_site_name":"XXVIII SemeAd","article_modified_time":"2024-07-12T15:55:46+00:00","twitter_card":"summary_large_image","schema":{"@context":"https:\/\/schema.org","@graph":[{"@type":"WebPage","@id":"https:\/\/semead.com.br\/28\/en\/tracks\/scientific-areas\/socioenvironmental-management-2\/","url":"https:\/\/semead.com.br\/28\/en\/tracks\/scientific-areas\/socioenvironmental-management-2\/","name":"Socioenvironmental Management - XXVIII SemeAd","isPartOf":{"@id":"https:\/\/semead.com.br\/28\/en\/#website"},"datePublished":"2021-06-18T19:58:15+00:00","dateModified":"2024-07-12T15:55:46+00:00","breadcrumb":{"@id":"https:\/\/semead.com.br\/28\/en\/tracks\/scientific-areas\/socioenvironmental-management-2\/#breadcrumb"},"inLanguage":"en-US","potentialAction":[{"@type":"ReadAction","target":["https:\/\/semead.com.br\/28\/en\/tracks\/scientific-areas\/socioenvironmental-management-2\/"]}]},{"@type":"BreadcrumbList","@id":"https:\/\/semead.com.br\/28\/en\/tracks\/scientific-areas\/socioenvironmental-management-2\/#breadcrumb","itemListElement":[{"@type":"ListItem","position":1,"name":"In\u00edcio","item":"https:\/\/semead.com.br\/28\/en\/"},{"@type":"ListItem","position":2,"name":"Tracks","item":"https:\/\/semead.com.br\/28\/en\/tracks\/"},{"@type":"ListItem","position":3,"name":"Scientific Areas","item":"https:\/\/semead.com.br\/28\/en\/tracks\/scientific-areas\/"},{"@type":"ListItem","position":4,"name":"Socioenvironmental Management"}]},{"@type":"WebSite","@id":"https:\/\/semead.com.br\/28\/en\/#website","url":"https:\/\/semead.com.br\/28\/en\/","name":"XXVIII SemeAd","description":"Semin\u00e1rios em administra\u00e7\u00e3o","potentialAction":[{"@type":"SearchAction","target":{"@type":"EntryPoint","urlTemplate":"https:\/\/semead.com.br\/28\/en\/?s={search_term_string}"},"query-input":{"@type":"PropertyValueSpecification","valueRequired":true,"valueName":"search_term_string"}}],"inLanguage":"en-US"}]}},"_links":{"self":[{"href":"https:\/\/semead.com.br\/28\/en\/wp-json\/wp\/v2\/pages\/20158","targetHints":{"allow":["GET"]}}],"collection":[{"href":"https:\/\/semead.com.br\/28\/en\/wp-json\/wp\/v2\/pages"}],"about":[{"href":"https:\/\/semead.com.br\/28\/en\/wp-json\/wp\/v2\/types\/page"}],"author":[{"embeddable":true,"href":"https:\/\/semead.com.br\/28\/en\/wp-json\/wp\/v2\/users\/10"}],"replies":[{"embeddable":true,"href":"https:\/\/semead.com.br\/28\/en\/wp-json\/wp\/v2\/comments?post=20158"}],"version-history":[{"count":0,"href":"https:\/\/semead.com.br\/28\/en\/wp-json\/wp\/v2\/pages\/20158\/revisions"}],"up":[{"embeddable":true,"href":"https:\/\/semead.com.br\/28\/en\/wp-json\/wp\/v2\/pages\/31514"}],"wp:attachment":[{"href":"https:\/\/semead.com.br\/28\/en\/wp-json\/wp\/v2\/media?parent=20158"}],"curies":[{"name":"wp","href":"https:\/\/api.w.org\/{rel}","templated":true}]}}