{"id":20170,"date":"2021-06-18T17:31:10","date_gmt":"2021-06-18T20:31:10","guid":{"rendered":"https:\/\/semead.com.br\/28\/?page_id=20170"},"modified":"2025-10-29T20:31:07","modified_gmt":"2025-10-29T23:31:07","slug":"information-technology","status":"publish","type":"page","link":"https:\/\/semead.com.br\/28\/en\/tracks\/scientific-areas\/information-technology\/","title":{"rendered":"Information Technology"},"content":{"rendered":"","protected":false},"excerpt":{"rendered":"","protected":false},"author":10,"featured_media":0,"parent":31514,"menu_order":70,"comment_status":"closed","ping_status":"closed","template":"temas.php","meta":{"_acf_changed":false,"_monsterinsights_skip_tracking":false,"_monsterinsights_sitenote_active":false,"_monsterinsights_sitenote_note":"","_monsterinsights_sitenote_category":0,"footnotes":""},"class_list":["post-20170","page","type-page","status-publish","hentry"],"acf":{"coordenadores":[{"titulo":"Coordinator:","nome":"Gilberto Perez, PhD","instituicao":"MACKENZIE","imagem":18776},{"titulo":"Assistant Coordinator: ","nome":"Luis Hernan Contreras Pinochet, PhD","instituicao":"FEA-USP","imagem":30913}],"audio_da_coordenacao":"","temas":[{"tema_nome":"Behavioral and Decision-Making Aspects of IT","tema_descricao":"Studies that improve the understanding of how IT is used by individuals or groups of users and that cover antecedent factors or consequences of IT adoption; models for predicting attitudes, intention, and behaviors are contained in this topic; in addition, research that covers organizational decision-making processes, whether these are mediated by technologies, algorithms, artificial intelligence, machine learning, or by organizational governance, is also contemplated in this theme. ","audio":20488,"lideres":[{"lider_nome":"Leader: Alexandre Cappellozza, PhD (MACKENZIE)","lider_foto":18853}]},{"tema_nome":"Data Sciences and Analytical Intelligence","tema_descricao":"Studies that involve applications for: big data; business analytics (BA); artificial intelligence; machine learning; people analytics; web analytics; neural networks.","audio":"","lideres":[{"lider_nome":"Leader: Gustavo Herm\u00ednio Salati Marcondes de Moraes, PhD","lider_foto":18854},{"lider_nome":"International Co-Leader: Victor Manuel Meneses Barbosa, PhD","lider_foto":19623}]},{"tema_nome":"ICT Management Projects","tema_descricao":"Studies involving aspects related to the management of information and communication technology projects specifically. Papers on the following topics are welcome: principles, values, and agile mindset; agile culture; application of agile methods (Scrum, Kanban, Scrumban, Lean Project Management, Safe Scrum of Scrums, etc.); application of agile methods in non-software products; OKR and metrics; MVP and value management; agile scaled; performance and productivity in agile projects; agile transformation; Agile PMO; DevOps; program management; project portfolio management, project governance; agile teams; hybrid methods; people management strategies in information and communication technology projects; leadership, skills, and motivation of people in carrying out projects. ","audio":"","lideres":[{"lider_nome":"Leader: Claudio Luis Carvalho Larieira,PhD (MACKENZIE\/EAESP\/FGV)","lider_foto":19161}]},{"tema_nome":"Strategic IT Management and IT Governance ","tema_descricao":"Studies that involve: IT governance; IT management; Strategic IT alignment; IT planning, outsourcing; IT value analysis; IT risks and security; cybersecurity; systems auditing; frameworks, models, and standards related to IT governance; IT architecture and infrastructure.","audio":"","lideres":[{"lider_nome":"Leader: Jean Carlos Domingos,PhD (UFU)","lider_foto":28181},{"lider_nome":"International Co-Leader: Miguel Mira da Silva, PhD (Instituto Superior T\u00e9cnico - Lisboa, Portugal)","lider_foto":31307}]},{"tema_nome":"Digital Government, Smart Cities, and ICTs for Development ","tema_descricao":"The theme covers aspects related to the adoption, use, and implications of Information Technologies by society, organizations, and individuals within the public sector, as well as their contributions to democratic practice, inclusion, participation, and transparency. Topics addressed in this theme include (but are not limited to):\r\n\r\n(a) The use of IT for solutions that support urban life, aiming to improve quality of life, citizen well-being, and sustainability;\r\n(b) Models and applications of smart city policies for areas such as energy, transportation, health, education, public safety, and infrastructure;\r\n(c) Information Systems in health, education, and innovation in services and processes;\r\n(d) The use of IT in citizen services, in supporting management and public policies, and their implications;\r\n(e) Digital Exclusion and Digital Inequalities;\r\n(f) Open Government, Open Government Data, Public Innovation, and citizen collaboration;\r\n(g) Big Data and Data Analytics and their implications in the context of government and public institutions;\r\n(h) The adoption and use of Blockchain technology in health, legal, and economic-financial areas, as well as in other sectors of society for citizen services;\r\n(i) Digital Transformation and its implications within the public sector;\r\n(j) Planning, adoption, and implications of Artificial Intelligence solutions in the public sector;\r\n(k) Privacy and Information Security in the context of government and public institutions.","audio":"","lideres":[{"lider_nome":"Leader: Marcelo Henrique de Ara\u00fajo, PhD (FEA-USP)","lider_foto":31152},{"lider_nome":"Assistant Leader: Profa. Dra. \u00c9rica Siqueira (FGV-EAESP)","lider_foto":33585}]},{"tema_nome":"Information Systems and Organizational Impacts of IT","tema_descricao":"Adoption, use, and organizational impacts of: corporate systems \u2013 ERP (enterprise resource planning) systems, CRM (customer relationship management), SCM (supply chain management), blockchain, BI ( business intelligence); inter-organizational systems for collaborative chains; mobile computing; electronic businesses; internet banking; or which involve automating and redesigning administrative, business, and industrial processes.","audio":"","lideres":[{"lider_nome":"Leader: Jos\u00e9 Eduardo Ferreira Lopes,PhD (UFU)","lider_foto":18962}]},{"tema_nome":"Digital Transformation and New Digital Businesses","tema_descricao":"Provide theoretical and practical articulation to promote broad knowledge of the potential of digital technologies in the process of digital transformation in the most different types and structures of organizations (traditional and innovative, public or private) and society (activism). Studies involving innovation in products, processes, services, management and new business models allowed\/enabled by ICTs (social media, mobile apps, internet of things, big data, blockchain, cryptocurrency, smart workspace, chatbots, metaverse, NFT, Web 3.0, etc.).\r\n","audio":"","lideres":[{"lider_nome":"Leader: Luis Hernan Contreras Pinochet, PhD (UNIFESP)","lider_foto":30913},{"lider_nome":"Assistant Leader: Vanessa Itacaramby Pardim, PhD (FEA\/USP)","lider_foto":28185},{"lider_nome":"International Co-Leader: Guillermo Rodr\u00edguez Abitia, PhD (Raymond A. Mason School of Business - Willian &amp; Mary \u2013 US)","lider_foto":19624}]}]},"yoast_head":"<!-- This site is optimized with the Yoast SEO plugin v27.6 - https:\/\/yoast.com\/product\/yoast-seo-wordpress\/ -->\n<title>Information Technology - XXVIII SemeAd<\/title>\n<meta name=\"robots\" content=\"index, follow, max-snippet:-1, max-image-preview:large, max-video-preview:-1\" \/>\n<link rel=\"canonical\" href=\"https:\/\/semead.com.br\/28\/en\/tracks\/scientific-areas\/information-technology\/\" \/>\n<meta property=\"og:locale\" content=\"en_US\" \/>\n<meta property=\"og:type\" content=\"article\" \/>\n<meta property=\"og:title\" content=\"Information Technology - XXVIII SemeAd\" \/>\n<meta property=\"og:url\" content=\"https:\/\/semead.com.br\/28\/en\/tracks\/scientific-areas\/information-technology\/\" \/>\n<meta property=\"og:site_name\" content=\"XXVIII SemeAd\" \/>\n<meta property=\"article:modified_time\" content=\"2025-10-29T23:31:07+00:00\" \/>\n<meta name=\"twitter:card\" content=\"summary_large_image\" \/>\n<script type=\"application\/ld+json\" class=\"yoast-schema-graph\">{\"@context\":\"https:\\\/\\\/schema.org\",\"@graph\":[{\"@type\":\"WebPage\",\"@id\":\"https:\\\/\\\/semead.com.br\\\/28\\\/en\\\/tracks\\\/scientific-areas\\\/information-technology\\\/\",\"url\":\"https:\\\/\\\/semead.com.br\\\/28\\\/en\\\/tracks\\\/scientific-areas\\\/information-technology\\\/\",\"name\":\"Information Technology - XXVIII SemeAd\",\"isPartOf\":{\"@id\":\"https:\\\/\\\/semead.com.br\\\/28\\\/en\\\/#website\"},\"datePublished\":\"2021-06-18T20:31:10+00:00\",\"dateModified\":\"2025-10-29T23:31:07+00:00\",\"breadcrumb\":{\"@id\":\"https:\\\/\\\/semead.com.br\\\/28\\\/en\\\/tracks\\\/scientific-areas\\\/information-technology\\\/#breadcrumb\"},\"inLanguage\":\"en-US\",\"potentialAction\":[{\"@type\":\"ReadAction\",\"target\":[\"https:\\\/\\\/semead.com.br\\\/28\\\/en\\\/tracks\\\/scientific-areas\\\/information-technology\\\/\"]}]},{\"@type\":\"BreadcrumbList\",\"@id\":\"https:\\\/\\\/semead.com.br\\\/28\\\/en\\\/tracks\\\/scientific-areas\\\/information-technology\\\/#breadcrumb\",\"itemListElement\":[{\"@type\":\"ListItem\",\"position\":1,\"name\":\"In\u00edcio\",\"item\":\"https:\\\/\\\/semead.com.br\\\/28\\\/en\\\/\"},{\"@type\":\"ListItem\",\"position\":2,\"name\":\"Tracks\",\"item\":\"https:\\\/\\\/semead.com.br\\\/28\\\/en\\\/tracks\\\/\"},{\"@type\":\"ListItem\",\"position\":3,\"name\":\"Scientific Areas\",\"item\":\"https:\\\/\\\/semead.com.br\\\/28\\\/en\\\/tracks\\\/scientific-areas\\\/\"},{\"@type\":\"ListItem\",\"position\":4,\"name\":\"Information Technology\"}]},{\"@type\":\"WebSite\",\"@id\":\"https:\\\/\\\/semead.com.br\\\/28\\\/en\\\/#website\",\"url\":\"https:\\\/\\\/semead.com.br\\\/28\\\/en\\\/\",\"name\":\"XXVIII SemeAd\",\"description\":\"Semin\u00e1rios em administra\u00e7\u00e3o\",\"potentialAction\":[{\"@type\":\"SearchAction\",\"target\":{\"@type\":\"EntryPoint\",\"urlTemplate\":\"https:\\\/\\\/semead.com.br\\\/28\\\/en\\\/?s={search_term_string}\"},\"query-input\":{\"@type\":\"PropertyValueSpecification\",\"valueRequired\":true,\"valueName\":\"search_term_string\"}}],\"inLanguage\":\"en-US\"}]}<\/script>\n<!-- \/ Yoast SEO plugin. -->","yoast_head_json":{"title":"Information Technology - XXVIII SemeAd","robots":{"index":"index","follow":"follow","max-snippet":"max-snippet:-1","max-image-preview":"max-image-preview:large","max-video-preview":"max-video-preview:-1"},"canonical":"https:\/\/semead.com.br\/28\/en\/tracks\/scientific-areas\/information-technology\/","og_locale":"en_US","og_type":"article","og_title":"Information Technology - XXVIII SemeAd","og_url":"https:\/\/semead.com.br\/28\/en\/tracks\/scientific-areas\/information-technology\/","og_site_name":"XXVIII SemeAd","article_modified_time":"2025-10-29T23:31:07+00:00","twitter_card":"summary_large_image","schema":{"@context":"https:\/\/schema.org","@graph":[{"@type":"WebPage","@id":"https:\/\/semead.com.br\/28\/en\/tracks\/scientific-areas\/information-technology\/","url":"https:\/\/semead.com.br\/28\/en\/tracks\/scientific-areas\/information-technology\/","name":"Information Technology - XXVIII SemeAd","isPartOf":{"@id":"https:\/\/semead.com.br\/28\/en\/#website"},"datePublished":"2021-06-18T20:31:10+00:00","dateModified":"2025-10-29T23:31:07+00:00","breadcrumb":{"@id":"https:\/\/semead.com.br\/28\/en\/tracks\/scientific-areas\/information-technology\/#breadcrumb"},"inLanguage":"en-US","potentialAction":[{"@type":"ReadAction","target":["https:\/\/semead.com.br\/28\/en\/tracks\/scientific-areas\/information-technology\/"]}]},{"@type":"BreadcrumbList","@id":"https:\/\/semead.com.br\/28\/en\/tracks\/scientific-areas\/information-technology\/#breadcrumb","itemListElement":[{"@type":"ListItem","position":1,"name":"In\u00edcio","item":"https:\/\/semead.com.br\/28\/en\/"},{"@type":"ListItem","position":2,"name":"Tracks","item":"https:\/\/semead.com.br\/28\/en\/tracks\/"},{"@type":"ListItem","position":3,"name":"Scientific Areas","item":"https:\/\/semead.com.br\/28\/en\/tracks\/scientific-areas\/"},{"@type":"ListItem","position":4,"name":"Information Technology"}]},{"@type":"WebSite","@id":"https:\/\/semead.com.br\/28\/en\/#website","url":"https:\/\/semead.com.br\/28\/en\/","name":"XXVIII SemeAd","description":"Semin\u00e1rios em administra\u00e7\u00e3o","potentialAction":[{"@type":"SearchAction","target":{"@type":"EntryPoint","urlTemplate":"https:\/\/semead.com.br\/28\/en\/?s={search_term_string}"},"query-input":{"@type":"PropertyValueSpecification","valueRequired":true,"valueName":"search_term_string"}}],"inLanguage":"en-US"}]}},"_links":{"self":[{"href":"https:\/\/semead.com.br\/28\/en\/wp-json\/wp\/v2\/pages\/20170","targetHints":{"allow":["GET"]}}],"collection":[{"href":"https:\/\/semead.com.br\/28\/en\/wp-json\/wp\/v2\/pages"}],"about":[{"href":"https:\/\/semead.com.br\/28\/en\/wp-json\/wp\/v2\/types\/page"}],"author":[{"embeddable":true,"href":"https:\/\/semead.com.br\/28\/en\/wp-json\/wp\/v2\/users\/10"}],"replies":[{"embeddable":true,"href":"https:\/\/semead.com.br\/28\/en\/wp-json\/wp\/v2\/comments?post=20170"}],"version-history":[{"count":1,"href":"https:\/\/semead.com.br\/28\/en\/wp-json\/wp\/v2\/pages\/20170\/revisions"}],"predecessor-version":[{"id":34033,"href":"https:\/\/semead.com.br\/28\/en\/wp-json\/wp\/v2\/pages\/20170\/revisions\/34033"}],"up":[{"embeddable":true,"href":"https:\/\/semead.com.br\/28\/en\/wp-json\/wp\/v2\/pages\/31514"}],"wp:attachment":[{"href":"https:\/\/semead.com.br\/28\/en\/wp-json\/wp\/v2\/media?parent=20170"}],"curies":[{"name":"wp","href":"https:\/\/api.w.org\/{rel}","templated":true}]}}