{"id":20178,"date":"2021-06-18T17:59:36","date_gmt":"2021-06-18T20:59:36","guid":{"rendered":"https:\/\/semead.com.br\/28\/?page_id=20178"},"modified":"2024-07-11T11:07:44","modified_gmt":"2024-07-11T14:07:44","slug":"applied-articles","status":"publish","type":"page","link":"https:\/\/semead.com.br\/28\/en\/tracks\/applied-articles\/","title":{"rendered":"Applied Articles"},"content":{"rendered":"","protected":false},"excerpt":{"rendered":"","protected":false},"author":10,"featured_media":0,"parent":21463,"menu_order":0,"comment_status":"closed","ping_status":"closed","template":"temas.php","meta":{"_acf_changed":false,"_monsterinsights_skip_tracking":false,"_monsterinsights_sitenote_active":false,"_monsterinsights_sitenote_note":"","_monsterinsights_sitenote_category":0,"footnotes":""},"class_list":["post-20178","page","type-page","status-publish","hentry"],"acf":{"coordenadores":[{"titulo":"Coordinator:","nome":"Adilson Caldeira, PhD","instituicao":"MACKENZIE","imagem":18774}],"audio_da_coordenacao":20414,"temas":[{"tema_nome":"Public Administration","tema_descricao":"Development and systematization of knowledge applied to management within the scope of public, health, and third sector organizations.","audio":null,"lideres":[{"lider_nome":"Leader: Ricardo Luiz Pereira Bueno, PhD (UNIFESP)","lider_foto":19162},{"lider_nome":"Assistant Leader: Sibelly Resch, PhD (UFMS)","lider_foto":31322}]},{"tema_nome":"Entrepreneurship, Technology, and Innovation","tema_descricao":"Innovative business models and solutions to innovation and information technology management problems.","audio":null,"lideres":[{"lider_nome":"Leader: F\u00e1bio Lotti Oliva, PhD (FEA-USP)","lider_foto":18972},{"lider_nome":"Assistant Leader: Jefferson Luiz Bution, PhD (FIA)","lider_foto":30918}]},{"tema_nome":"Strategy","tema_descricao":"Reports of experiences in analyzing, diagnosing, conceiving, and implementing strategies for the purpose of promoting competitiveness and development in organizations.","audio":null,"lideres":[{"lider_nome":"Leader: Eduardo Armando, PhD (Tecnol\u00f3gico de Monterrey \u2013 ITESM)","lider_foto":18858},{"lider_nome":"Assistant Leader: Marcio Shoiti Kuniyoshi, PhD (PUC-SP)","lider_foto":31360},{"lider_nome":"International Co-Leader: Ev\u00f3dio Kaltenecker Retto de Queiroz, PhD (Tecnol\u00f3gico de Monterrey \u2013 ITESM, M\u00e9xico) ","lider_foto":19583}]},{"tema_nome":"People Management","tema_descricao":"Models and practices that improve people management in organizations.","audio":null,"lideres":[{"lider_nome":"Leader: Patricia Martins Fagundes Cabral, PhD (UNISINOS)","lider_foto":18860},{"lider_nome":"Assistant Leader: Clarissa Socal Cervo, PhD (UFF)","lider_foto":27761},{"lider_nome":"International Co-Leader: Ana Maria Alfaiate Rocha,PhD ( Universidade Cat\u00f3lica de Angola)","lider_foto":28677}]},{"tema_nome":"Financial and Accounting Management","tema_descricao":"Models and tools applied to take advantage of opportunities and to solve financial and accounting problems in organizations.","audio":null,"lideres":[{"lider_nome":"Leader: Ana Lucia Fontes de Souza Vasconcelos, PhD (UFPE)","lider_foto":18859},{"lider_nome":"Assistant Leader: Liliane Cristina Segura, PhD (MACKENZIE)","lider_foto":19578},{"lider_nome":"International Co-Leader: Francisco Carreira, PhD (Instituto Polit\u00e9cnico de Set\u00fabal, Portugal)","lider_foto":27720},{"lider_nome":"International Co-Leader: Rute Abreu, PhD","lider_foto":27732},{"lider_nome":"International Co-Leader: Jos\u00e9 Angel Perez Lopez (Universidad de Sevilla)","lider_foto":29454},{"lider_nome":"Internacional Co-Leaders Pedro Pardal (Instituto Polit\u00e9cnico de Set\u00fabal),","lider_foto":29456},{"lider_nome":"Internacional Co-Leaders  Ana Clara Borrego(Instituto Polit\u00e9cnico de Portalegre, Portugal)","lider_foto":29452}]},{"tema_nome":"Socioenvironmental Management","tema_descricao":"Practices concerning Corporate Social Responsibility, processes applied to gain efficiency in the use of resources, controlling environmental impacts, and managing sustainability in organizations.","audio":null,"lideres":[{"lider_nome":"Leader: F\u00e1bio Ytoshi Shibao, PhD (UNG)","lider_foto":18861},{"lider_nome":"Assistant Leader: Claudia Terezinha Kniess, PhD (UNIFESP)","lider_foto":27775},{"lider_nome":"International Co-Leader: Manuel Castelo Branco, PhD (Universidade do Porto, Portugal)","lider_foto":19599}]},{"tema_nome":"Marketing","tema_descricao":"Reports of marketing actions in real situations faced in organizations, involving structural and strategic questions relating to consumer behavior, market segmentation, product positioning, price, distribution, and communication.","audio":null,"lideres":[{"lider_nome":"Leader: Flavio Santino Bizarrias, PhD (UNINOVE)","lider_foto":27777},{"lider_nome":"Assistant Leader: Jussara da Silva Teixeira Cucato, PhD (UNINOVE)","lider_foto":27779},{"lider_nome":"International Co-Leader: Rodrigo Coimbra, PhD (Solbridge University \u2013 South Korea)","lider_foto":27781}]},{"tema_nome":"Operations","tema_descricao":"Operations management practices aimed at improving efficiency in services and production and logistics processes.","audio":null,"lideres":[{"lider_nome":"Leader: Gleriani Torres Carbone Ferreira, PhD (FIA)","lider_foto":27783},{"lider_nome":"Assistant Leader: Diego Bonaldo Coelho, PhD (FIA)","lider_foto":31104},{"lider_nome":"","lider_foto":null}]}]},"yoast_head":"<!-- This site is optimized with the Yoast SEO plugin v27.6 - https:\/\/yoast.com\/product\/yoast-seo-wordpress\/ -->\n<title>Applied Articles - XXVIII SemeAd<\/title>\n<meta name=\"robots\" content=\"index, follow, max-snippet:-1, max-image-preview:large, max-video-preview:-1\" \/>\n<link rel=\"canonical\" href=\"https:\/\/semead.com.br\/28\/en\/tracks\/applied-articles\/\" \/>\n<meta property=\"og:locale\" content=\"en_US\" \/>\n<meta property=\"og:type\" content=\"article\" \/>\n<meta property=\"og:title\" content=\"Applied Articles - XXVIII SemeAd\" \/>\n<meta property=\"og:url\" content=\"https:\/\/semead.com.br\/28\/en\/tracks\/applied-articles\/\" \/>\n<meta property=\"og:site_name\" content=\"XXVIII SemeAd\" \/>\n<meta property=\"article:modified_time\" content=\"2024-07-11T14:07:44+00:00\" \/>\n<meta name=\"twitter:card\" content=\"summary_large_image\" \/>\n<script type=\"application\/ld+json\" class=\"yoast-schema-graph\">{\"@context\":\"https:\\\/\\\/schema.org\",\"@graph\":[{\"@type\":\"WebPage\",\"@id\":\"https:\\\/\\\/semead.com.br\\\/28\\\/en\\\/tracks\\\/applied-articles\\\/\",\"url\":\"https:\\\/\\\/semead.com.br\\\/28\\\/en\\\/tracks\\\/applied-articles\\\/\",\"name\":\"Applied Articles - XXVIII SemeAd\",\"isPartOf\":{\"@id\":\"https:\\\/\\\/semead.com.br\\\/28\\\/en\\\/#website\"},\"datePublished\":\"2021-06-18T20:59:36+00:00\",\"dateModified\":\"2024-07-11T14:07:44+00:00\",\"breadcrumb\":{\"@id\":\"https:\\\/\\\/semead.com.br\\\/28\\\/en\\\/tracks\\\/applied-articles\\\/#breadcrumb\"},\"inLanguage\":\"en-US\",\"potentialAction\":[{\"@type\":\"ReadAction\",\"target\":[\"https:\\\/\\\/semead.com.br\\\/28\\\/en\\\/tracks\\\/applied-articles\\\/\"]}]},{\"@type\":\"BreadcrumbList\",\"@id\":\"https:\\\/\\\/semead.com.br\\\/28\\\/en\\\/tracks\\\/applied-articles\\\/#breadcrumb\",\"itemListElement\":[{\"@type\":\"ListItem\",\"position\":1,\"name\":\"In\u00edcio\",\"item\":\"https:\\\/\\\/semead.com.br\\\/28\\\/en\\\/\"},{\"@type\":\"ListItem\",\"position\":2,\"name\":\"Tracks\",\"item\":\"https:\\\/\\\/semead.com.br\\\/28\\\/en\\\/tracks\\\/\"},{\"@type\":\"ListItem\",\"position\":3,\"name\":\"Applied Articles\"}]},{\"@type\":\"WebSite\",\"@id\":\"https:\\\/\\\/semead.com.br\\\/28\\\/en\\\/#website\",\"url\":\"https:\\\/\\\/semead.com.br\\\/28\\\/en\\\/\",\"name\":\"XXVIII SemeAd\",\"description\":\"Semin\u00e1rios em administra\u00e7\u00e3o\",\"potentialAction\":[{\"@type\":\"SearchAction\",\"target\":{\"@type\":\"EntryPoint\",\"urlTemplate\":\"https:\\\/\\\/semead.com.br\\\/28\\\/en\\\/?s={search_term_string}\"},\"query-input\":{\"@type\":\"PropertyValueSpecification\",\"valueRequired\":true,\"valueName\":\"search_term_string\"}}],\"inLanguage\":\"en-US\"}]}<\/script>\n<!-- \/ Yoast SEO plugin. -->","yoast_head_json":{"title":"Applied Articles - XXVIII SemeAd","robots":{"index":"index","follow":"follow","max-snippet":"max-snippet:-1","max-image-preview":"max-image-preview:large","max-video-preview":"max-video-preview:-1"},"canonical":"https:\/\/semead.com.br\/28\/en\/tracks\/applied-articles\/","og_locale":"en_US","og_type":"article","og_title":"Applied Articles - XXVIII SemeAd","og_url":"https:\/\/semead.com.br\/28\/en\/tracks\/applied-articles\/","og_site_name":"XXVIII SemeAd","article_modified_time":"2024-07-11T14:07:44+00:00","twitter_card":"summary_large_image","schema":{"@context":"https:\/\/schema.org","@graph":[{"@type":"WebPage","@id":"https:\/\/semead.com.br\/28\/en\/tracks\/applied-articles\/","url":"https:\/\/semead.com.br\/28\/en\/tracks\/applied-articles\/","name":"Applied Articles - XXVIII SemeAd","isPartOf":{"@id":"https:\/\/semead.com.br\/28\/en\/#website"},"datePublished":"2021-06-18T20:59:36+00:00","dateModified":"2024-07-11T14:07:44+00:00","breadcrumb":{"@id":"https:\/\/semead.com.br\/28\/en\/tracks\/applied-articles\/#breadcrumb"},"inLanguage":"en-US","potentialAction":[{"@type":"ReadAction","target":["https:\/\/semead.com.br\/28\/en\/tracks\/applied-articles\/"]}]},{"@type":"BreadcrumbList","@id":"https:\/\/semead.com.br\/28\/en\/tracks\/applied-articles\/#breadcrumb","itemListElement":[{"@type":"ListItem","position":1,"name":"In\u00edcio","item":"https:\/\/semead.com.br\/28\/en\/"},{"@type":"ListItem","position":2,"name":"Tracks","item":"https:\/\/semead.com.br\/28\/en\/tracks\/"},{"@type":"ListItem","position":3,"name":"Applied Articles"}]},{"@type":"WebSite","@id":"https:\/\/semead.com.br\/28\/en\/#website","url":"https:\/\/semead.com.br\/28\/en\/","name":"XXVIII SemeAd","description":"Semin\u00e1rios em administra\u00e7\u00e3o","potentialAction":[{"@type":"SearchAction","target":{"@type":"EntryPoint","urlTemplate":"https:\/\/semead.com.br\/28\/en\/?s={search_term_string}"},"query-input":{"@type":"PropertyValueSpecification","valueRequired":true,"valueName":"search_term_string"}}],"inLanguage":"en-US"}]}},"_links":{"self":[{"href":"https:\/\/semead.com.br\/28\/en\/wp-json\/wp\/v2\/pages\/20178","targetHints":{"allow":["GET"]}}],"collection":[{"href":"https:\/\/semead.com.br\/28\/en\/wp-json\/wp\/v2\/pages"}],"about":[{"href":"https:\/\/semead.com.br\/28\/en\/wp-json\/wp\/v2\/types\/page"}],"author":[{"embeddable":true,"href":"https:\/\/semead.com.br\/28\/en\/wp-json\/wp\/v2\/users\/10"}],"replies":[{"embeddable":true,"href":"https:\/\/semead.com.br\/28\/en\/wp-json\/wp\/v2\/comments?post=20178"}],"version-history":[{"count":0,"href":"https:\/\/semead.com.br\/28\/en\/wp-json\/wp\/v2\/pages\/20178\/revisions"}],"up":[{"embeddable":true,"href":"https:\/\/semead.com.br\/28\/en\/wp-json\/wp\/v2\/pages\/21463"}],"wp:attachment":[{"href":"https:\/\/semead.com.br\/28\/en\/wp-json\/wp\/v2\/media?parent=20178"}],"curies":[{"name":"wp","href":"https:\/\/api.w.org\/{rel}","templated":true}]}}