{"id":27490,"date":"2023-04-27T17:29:37","date_gmt":"2023-04-27T20:29:37","guid":{"rendered":"https:\/\/semead.com.br\/28\/?page_id=27490"},"modified":"2024-07-10T10:28:38","modified_gmt":"2024-07-10T13:28:38","slug":"elementor-27490","status":"publish","type":"page","link":"https:\/\/semead.com.br\/28\/en\/elementor-27490\/","title":{"rendered":"Hybrid Format"},"content":{"rendered":"\t\t<div data-elementor-type=\"wp-page\" data-elementor-id=\"27490\" class=\"elementor elementor-27490\">\n\t\t\t\t\t\t<section class=\"elementor-section elementor-top-section elementor-element elementor-element-7f15874 elementor-section-boxed elementor-section-height-default elementor-section-height-default\" data-id=\"7f15874\" data-element_type=\"section\" data-e-type=\"section\">\n\t\t\t\t\t\t<div class=\"elementor-container elementor-column-gap-default\">\n\t\t\t\t\t<div class=\"elementor-column elementor-col-100 elementor-top-column elementor-element elementor-element-b0bcd23\" data-id=\"b0bcd23\" data-element_type=\"column\" data-e-type=\"column\">\n\t\t\t<div class=\"elementor-widget-wrap elementor-element-populated\">\n\t\t\t\t\t\t<div class=\"elementor-element elementor-element-cac08a0 elementor-widget elementor-widget-text-editor\" data-id=\"cac08a0\" data-element_type=\"widget\" data-e-type=\"widget\" data-widget_type=\"text-editor.default\">\n\t\t\t\t<div class=\"elementor-widget-container\">\n\t\t\t\t\t\t\t\t\t<div data-darkreader-inline-bgcolor=\"\"><div><div><div><div data-darkreader-inline-border-left=\"\"><div><div data-width=\"601.92\" data-textformat=\"{&quot;size&quot;:12}\"><div><div><p>SemeAd 2024 will be hybrid. We explored the experiences from previous face-to-face, virtual, and hybrid events to make the twenty-sixth edition of SemeAd a unique experience for both congressmen who opt for virtual activities and those who opt for face-to-face ones.<\/p><p>In virtual sessions, Authors, Moderators, and Session Leaders participate virtually. Congressmen participating can attend the virtual sessions in the FEA laboratories, which will be prepared for access to the virtual Zoom rooms.<\/p><p>In face-to-face sessions, Authors, Moderators, and Session Leaders participate in person. The rooms will be equipped with cameras so that congressmen who opted for virtual participation can watch.<\/p><p>Some activities will be exclusive for participants of the face-to-face modality. These activities will be announced in the program.<\/p><p>The activities of the Pre-Doctoral Consortium will happen 100% virtually.<\/p><p>The activities of the Doctoral Consortium will be held 100% in person.<\/p><p>The SemeAd Experience, involving external activities, will take place in person. Delegates will choose their participation at registration when they will have access to options and prices for activities.<\/p><\/div><\/div><\/div><\/div><\/div><\/div><\/div><\/div><\/div>\t\t\t\t\t\t\t\t<\/div>\n\t\t\t\t<\/div>\n\t\t\t\t\t<\/div>\n\t\t<\/div>\n\t\t\t\t\t<\/div>\n\t\t<\/section>\n\t\t\t\t<\/div>\n\t\t","protected":false},"excerpt":{"rendered":"<p>SemeAd 2024 will be hybrid. We explored the experiences from previous face-to-face, virtual, and hybrid events to make the twenty-sixth edition of SemeAd a unique experience for both congressmen who opt for virtual activities and those who opt for face-to-face ones. In virtual sessions, Authors, Moderators, and Session Leaders participate virtually. Congressmen participating can attend&#8230;<\/p>\n","protected":false},"author":14,"featured_media":0,"parent":0,"menu_order":0,"comment_status":"closed","ping_status":"closed","template":"temas.php","meta":{"_acf_changed":false,"_monsterinsights_skip_tracking":false,"_monsterinsights_sitenote_active":false,"_monsterinsights_sitenote_note":"","_monsterinsights_sitenote_category":0,"footnotes":""},"class_list":["post-27490","page","type-page","status-publish","hentry"],"acf":[],"yoast_head":"<!-- This site is optimized with the Yoast SEO plugin v27.1.1 - https:\/\/yoast.com\/product\/yoast-seo-wordpress\/ -->\n<title>Hybrid Format - XXVIII SemeAd<\/title>\n<meta name=\"robots\" content=\"index, follow, max-snippet:-1, max-image-preview:large, max-video-preview:-1\" \/>\n<link rel=\"canonical\" href=\"https:\/\/semead.com.br\/28\/en\/elementor-27490\/\" \/>\n<meta property=\"og:locale\" content=\"en_US\" \/>\n<meta property=\"og:type\" content=\"article\" \/>\n<meta property=\"og:title\" content=\"Hybrid Format - XXVIII SemeAd\" \/>\n<meta property=\"og:description\" content=\"SemeAd 2024 will be hybrid. We explored the experiences from previous face-to-face, virtual, and hybrid events to make the twenty-sixth edition of SemeAd a unique experience for both congressmen who opt for virtual activities and those who opt for face-to-face ones. In virtual sessions, Authors, Moderators, and Session Leaders participate virtually. Congressmen participating can attend...\" \/>\n<meta property=\"og:url\" content=\"https:\/\/semead.com.br\/28\/en\/elementor-27490\/\" \/>\n<meta property=\"og:site_name\" content=\"XXVIII SemeAd\" \/>\n<meta property=\"article:modified_time\" content=\"2024-07-10T13:28:38+00:00\" \/>\n<meta name=\"twitter:card\" content=\"summary_large_image\" \/>\n<meta name=\"twitter:label1\" content=\"Est. reading time\" \/>\n\t<meta name=\"twitter:data1\" content=\"1 minute\" \/>\n<script type=\"application\/ld+json\" class=\"yoast-schema-graph\">{\"@context\":\"https:\/\/schema.org\",\"@graph\":[{\"@type\":\"WebPage\",\"@id\":\"https:\/\/semead.com.br\/28\/en\/elementor-27490\/\",\"url\":\"https:\/\/semead.com.br\/28\/en\/elementor-27490\/\",\"name\":\"Hybrid Format - XXVIII SemeAd\",\"isPartOf\":{\"@id\":\"https:\/\/semead.com.br\/28\/#website\"},\"datePublished\":\"2023-04-27T20:29:37+00:00\",\"dateModified\":\"2024-07-10T13:28:38+00:00\",\"breadcrumb\":{\"@id\":\"https:\/\/semead.com.br\/28\/en\/elementor-27490\/#breadcrumb\"},\"inLanguage\":\"en-US\",\"potentialAction\":[{\"@type\":\"ReadAction\",\"target\":[\"https:\/\/semead.com.br\/28\/en\/elementor-27490\/\"]}]},{\"@type\":\"BreadcrumbList\",\"@id\":\"https:\/\/semead.com.br\/28\/en\/elementor-27490\/#breadcrumb\",\"itemListElement\":[{\"@type\":\"ListItem\",\"position\":1,\"name\":\"In\u00edcio\",\"item\":\"https:\/\/semead.com.br\/28\/en\/\"},{\"@type\":\"ListItem\",\"position\":2,\"name\":\"Hybrid Format\"}]},{\"@type\":\"WebSite\",\"@id\":\"https:\/\/semead.com.br\/28\/#website\",\"url\":\"https:\/\/semead.com.br\/28\/\",\"name\":\"XXVIII SemeAd\",\"description\":\"Semin\u00e1rios em administra\u00e7\u00e3o\",\"potentialAction\":[{\"@type\":\"SearchAction\",\"target\":{\"@type\":\"EntryPoint\",\"urlTemplate\":\"https:\/\/semead.com.br\/28\/?s={search_term_string}\"},\"query-input\":{\"@type\":\"PropertyValueSpecification\",\"valueRequired\":true,\"valueName\":\"search_term_string\"}}],\"inLanguage\":\"en-US\"}]}<\/script>\n<!-- \/ Yoast SEO plugin. -->","yoast_head_json":{"title":"Hybrid Format - XXVIII SemeAd","robots":{"index":"index","follow":"follow","max-snippet":"max-snippet:-1","max-image-preview":"max-image-preview:large","max-video-preview":"max-video-preview:-1"},"canonical":"https:\/\/semead.com.br\/28\/en\/elementor-27490\/","og_locale":"en_US","og_type":"article","og_title":"Hybrid Format - XXVIII SemeAd","og_description":"SemeAd 2024 will be hybrid. We explored the experiences from previous face-to-face, virtual, and hybrid events to make the twenty-sixth edition of SemeAd a unique experience for both congressmen who opt for virtual activities and those who opt for face-to-face ones. In virtual sessions, Authors, Moderators, and Session Leaders participate virtually. Congressmen participating can attend...","og_url":"https:\/\/semead.com.br\/28\/en\/elementor-27490\/","og_site_name":"XXVIII SemeAd","article_modified_time":"2024-07-10T13:28:38+00:00","twitter_card":"summary_large_image","twitter_misc":{"Est. reading time":"1 minute"},"schema":{"@context":"https:\/\/schema.org","@graph":[{"@type":"WebPage","@id":"https:\/\/semead.com.br\/28\/en\/elementor-27490\/","url":"https:\/\/semead.com.br\/28\/en\/elementor-27490\/","name":"Hybrid Format - XXVIII SemeAd","isPartOf":{"@id":"https:\/\/semead.com.br\/28\/#website"},"datePublished":"2023-04-27T20:29:37+00:00","dateModified":"2024-07-10T13:28:38+00:00","breadcrumb":{"@id":"https:\/\/semead.com.br\/28\/en\/elementor-27490\/#breadcrumb"},"inLanguage":"en-US","potentialAction":[{"@type":"ReadAction","target":["https:\/\/semead.com.br\/28\/en\/elementor-27490\/"]}]},{"@type":"BreadcrumbList","@id":"https:\/\/semead.com.br\/28\/en\/elementor-27490\/#breadcrumb","itemListElement":[{"@type":"ListItem","position":1,"name":"In\u00edcio","item":"https:\/\/semead.com.br\/28\/en\/"},{"@type":"ListItem","position":2,"name":"Hybrid Format"}]},{"@type":"WebSite","@id":"https:\/\/semead.com.br\/28\/#website","url":"https:\/\/semead.com.br\/28\/","name":"XXVIII SemeAd","description":"Semin\u00e1rios em administra\u00e7\u00e3o","potentialAction":[{"@type":"SearchAction","target":{"@type":"EntryPoint","urlTemplate":"https:\/\/semead.com.br\/28\/?s={search_term_string}"},"query-input":{"@type":"PropertyValueSpecification","valueRequired":true,"valueName":"search_term_string"}}],"inLanguage":"en-US"}]}},"_links":{"self":[{"href":"https:\/\/semead.com.br\/28\/en\/wp-json\/wp\/v2\/pages\/27490","targetHints":{"allow":["GET"]}}],"collection":[{"href":"https:\/\/semead.com.br\/28\/en\/wp-json\/wp\/v2\/pages"}],"about":[{"href":"https:\/\/semead.com.br\/28\/en\/wp-json\/wp\/v2\/types\/page"}],"author":[{"embeddable":true,"href":"https:\/\/semead.com.br\/28\/en\/wp-json\/wp\/v2\/users\/14"}],"replies":[{"embeddable":true,"href":"https:\/\/semead.com.br\/28\/en\/wp-json\/wp\/v2\/comments?post=27490"}],"version-history":[{"count":0,"href":"https:\/\/semead.com.br\/28\/en\/wp-json\/wp\/v2\/pages\/27490\/revisions"}],"wp:attachment":[{"href":"https:\/\/semead.com.br\/28\/en\/wp-json\/wp\/v2\/media?parent=27490"}],"curies":[{"name":"wp","href":"https:\/\/api.w.org\/{rel}","templated":true}]}}