{"id":28580,"date":"2023-05-19T14:53:07","date_gmt":"2023-05-19T17:53:07","guid":{"rendered":"https:\/\/semead.com.br\/28\/?page_id=28580"},"modified":"2025-10-01T12:17:32","modified_gmt":"2025-10-01T15:17:32","slug":"useful-information","status":"publish","type":"page","link":"https:\/\/semead.com.br\/28\/en\/useful-information\/","title":{"rendered":"Useful information"},"content":{"rendered":"\n<h2 class=\"wp-block-heading\">How to Get Here<\/h2>\n\n\n\n<p>The airport within the city of S\u00e3o Paulo is Congonhas Airport, but it only offers national flights. The international airport is GRU (Guarulhos), which is 40 km far from the city center. From there, people can reach the city by Uber, Taxi, bus or train.<\/p>\n\n\n\n<p>There are also three Bus Terminals that connect S\u00e3o Paulo with other cities in Brazil: Tiet\u00ea, Barra Funda, and Jabaquara.<\/p>\n\n\n\n<p>The Tiet\u00ea Bus Terminal is the largest in Latin America. There are lines for 21 Brazilian states and buses for more than 1,000 cities. It is in the North Zone of S\u00e3o Paulo and is home to the Portuguesa-Tiet\u00ea subway station.<\/p>\n\n\n\n<p>The Barra Funda Bus Terminal is the second largest in the city and is located at Barra Funda subway station, which integrates CPTM (train services). It has buses to 466 cities.<\/p>\n\n\n\n<p>The Jabaquara Intermunicipal Terminal is a small terminal that mainly serves bus lines destined for the south coast of S\u00e3o Paulo. There are buses to 10 cities (mainly on the coast of S\u00e3o Paulo State), including Guaruj\u00e1, Santos and Bertioga. It is in the South Zone of S\u00e3o Paulo, at the Jabaquara subway station.<\/p>\n\n\n\n<p>In the city of S\u00e3o Paulo, there is also an extensive subway network with easy access to the University of S\u00e3o Paulo and the FEA campus. The closest station to USP is&nbsp;<strong><em>Butant\u00e3<\/em><\/strong>, on line 4 (yellow). From there, you must take a bus or an Uber\/taxi (around 5 minutes) to reach the campus.<\/p>\n\n\n\n<h2 class=\"wp-block-heading\">Accommodation<\/h2>\n\n\n\n<p>You can find plenty of hotels (e.g.&nbsp;<a href=\"https:\/\/www.booking.com\/\" target=\"_blank\" rel=\"noreferrer noopener\">https:\/\/www.booking.com\/<\/a>) and places on Airbnb (<a href=\"https:\/\/www.airbnb.com.br\/\" target=\"_blank\" rel=\"noreferrer noopener\">https:\/\/www.airbnb.com.br\/<\/a>) in S\u00e3o Paulo.<\/p>\n\n\n\n<p><strong>Hotel Suggestions<\/strong><\/p>\n\n\n\n<p>Hotel Intercity Paulista<br>Rua Haddock Lobo, 294 \u2013 Cerqueira C\u00e9sar, S\u00e3o Paulo \u2013 SP, 01414-000\u2022(11) 3123-6200<\/p>\n\n\n\n<p>Hotel ibis budget S\u00e3o Paulo Paulista<br>R. da Consola\u00e7\u00e3o, 2303 \u2013 Consola\u00e7\u00e3o, S\u00e3o Paulo \u2013 SP, 01301-100\u2022(11) 3123-7755<\/p>\n\n\n\n<p>WZ Hotel Jardins<br>Av. Rebou\u00e7as, 955 \u2013 Cerqueira C\u00e9sar, S\u00e3o Paulo \u2013 SP, 05401-100\u2022(11) 3069-0000<\/p>\n\n\n\n<p>Hilton Garden Inn S\u00e3o Paulo Reboucas<br>Av. Rebou\u00e7as, 2636 \u2013 Pinheiros, S\u00e3o Paulo \u2013 SP, 05402-400\u2022(11) 4395-6009<\/p>\n\n\n\n<p>Hotel ibis Styles SP Faria Lima<br>R. Tavares Cabral, 61 \u2013 Pinheiros, S\u00e3o Paulo \u2013 SP, 05423-030\u2022(11) 3093-7200<\/p>\n\n\n\n<p>FEA USP is located in the western part of the city, and the best neighbourhoods to stay in are&nbsp;<strong>Pinheiros, Vila Madalena, and Jardins<\/strong>. These lively areas are close to public transport, easy to grab a taxi or an Uber, and full of restaurants and bars.<\/p>\n\n\n\n<p>It takes 20 to 30 minutes (by car) from these neighbourhoods to USP.<\/p>\n\n\n\n<p>We recommend staying close to subway stations from lines 4 (yellow) or 2 (green)<\/p>\n\n\n\n<h2 class=\"wp-block-heading\">Transportation<\/h2>\n\n\n\n<p>\u2022&nbsp;<strong>Metro<\/strong>&nbsp;\u2013 0800-7707722 \u2013 S\u00e3o Paulo and Metropolitan Region Metro and Trains<\/p>\n\n\n\n<p>\u2022&nbsp;<strong>Municipal Buses<\/strong>&nbsp;\u2013 156<\/p>\n\n\n\n<p>\u2022&nbsp;<strong>Airports<\/strong>&nbsp;\u2013 S\u00e3o Paulo Guarulhos: +55 (11) 2445-2945; Congonhas: +55 (11) 5090-9000<\/p>\n\n\n\n<p>\u2022&nbsp;<strong>Airport Bus Service<\/strong>&nbsp;\u2013 0800-2853047 or +55 (11) 3775-3850 \u2013&nbsp;<a href=\"https:\/\/www.airportbusservice.com.br\/\" target=\"_blank\" rel=\"noreferrer noopener\">www.airportbusservice.com.br<\/a><\/p>\n\n\n\n<p>\u2022&nbsp;<strong>Bus Terminals:<\/strong>&nbsp;Tiet\u00ea, Barra Funda, and Jabaquara \u2013 +55 (11) 3866-1100 \u2013&nbsp;<a href=\"https:\/\/www.socicam.com.br\/\" target=\"_blank\" rel=\"noreferrer noopener\">www.socicam.com.br<\/a><\/p>\n\n\n\n<p>\u2022&nbsp;<strong>Companhia Paulista de Trens Metropolitanos (CPTM)<\/strong>&nbsp;\u2013 0800-0550121 \/ WhatsApp +55 (11) 99767-7030 \u2013&nbsp;<a href=\"https:\/\/www.cptm.sp.gov.br\/\" target=\"_blank\" rel=\"noreferrer noopener\">www.cptm.sp.gov.br<\/a>&nbsp;\/&nbsp;<a href=\"https:\/\/www.cptm.sp.gov.br\/MapasERegulamentos.aspx\" target=\"_blank\" rel=\"noreferrer noopener\">Maps and Regulations<\/a><\/p>\n\n\n\n<p>\u2022&nbsp;<strong>ADETAX<\/strong>&nbsp;\u2013 Association of Fleet Taxi Companies of S\u00e3o Paulo \u2013 +55 (11) 3228-9294 or +55 (11) 3229-8505 \u2013&nbsp;<a href=\"http:\/\/www.adetax.com.br\/index.php\/precos\/\" target=\"_blank\" rel=\"noreferrer noopener\">http:\/\/www.adetax.com.br\/index.php\/precos\/<\/a><\/p>\n\n\n\n<p>\u2022&nbsp;<strong>Uber<\/strong>&nbsp;\u2013 Transportation app<\/p>\n\n\n\n<p>\u2022&nbsp;<strong>99Taxi<\/strong>&nbsp;\u2013 Transportation app<\/p>\n\n\n\n<p>\u2022&nbsp;<strong>Shared Bicycles<\/strong><\/p>\n\n\n\n<h2 class=\"wp-block-heading\">Things to do in the city<\/h2>\n\n\n\n<p>\u2022&nbsp;<strong>S\u00e3o Paulo Tourism:<\/strong>&nbsp;<a href=\"https:\/\/www.spturis.com\/\" target=\"_blank\" rel=\"noreferrer noopener\">www.spturis.com<\/a>&nbsp;\/&nbsp;<a href=\"https:\/\/www.cidadedesaopaulo.com\/\" target=\"_blank\" rel=\"noreferrer noopener\">www.cidadedesaopaulo.com<\/a><\/p>\n\n\n\n<p>\u2022&nbsp;<strong>S\u00e3o Paulo Convention &amp; Visitors Bureau:<\/strong>&nbsp;<a href=\"https:\/\/www.visitesaopaulo.com\/\" target=\"_blank\" rel=\"noreferrer noopener\">www.visitesaopaulo.com<\/a><\/p>\n\n\n\n<p>\u2022&nbsp;<strong>Tour Tips:<\/strong>&nbsp;<a href=\"https:\/\/www.cidadedesaopaulo.com\/fiquemaisumdia\" target=\"_blank\" rel=\"noreferrer noopener\">www.cidadedesaopaulo.com\/fiquemaisumdia<\/a><\/p>\n\n\n\n<p>\u2022&nbsp;<strong>Catraca Livre:<\/strong>&nbsp;<a href=\"https:\/\/www.catracalivre.com.br\/\" target=\"_blank\" rel=\"noreferrer noopener\">www.catracalivre.com.br<\/a><\/p>\n\n\n\n<p>\u2022&nbsp;<strong>Guia da Semana:<\/strong>&nbsp;<a href=\"https:\/\/www.guiadasemana.com.br\/sao-paulo\" target=\"_blank\" rel=\"noreferrer noopener\">www.guiadasemana.com.br\/sao-paulo<\/a><\/p>\n\n\n\n<h2 class=\"wp-block-heading\">APPs<\/h2>\n\n\n\n<p><a href=\"https:\/\/vejasp.abril.com.br\/cidades\/dez-aplicativos-essenciais-paulistano\/\" target=\"_blank\" rel=\"noreferrer noopener\">Ten essential apps for Sao Paulo<\/a><\/p>\n\n\n\n<h2 class=\"wp-block-heading\">Emergencies<\/h2>\n\n\n\n<p>\u2022&nbsp;<strong>Traffic Emergency:<\/strong>&nbsp;1188<\/p>\n\n\n\n<p>\u2022&nbsp;<strong>Health Emergency:<\/strong>&nbsp;192<\/p>\n\n\n\n<p>\u2022&nbsp;<strong>Civil Police:<\/strong>&nbsp;147<\/p>\n\n\n\n<p>\u2022&nbsp;<strong>Military Police:<\/strong>&nbsp;190<\/p>\n\n\n\n<p>\u2022&nbsp;<strong>Fire Department:<\/strong>&nbsp;193<\/p>\n\n\n\n<h2 class=\"wp-block-heading\">Safety tips for tourists in S\u00e3o Paulo<\/h2>\n\n\n\n<p>S\u00e3o Paulo is a lively, modern city filled with culture and excitement, but safety is an important consideration for travelers. As Brazil\u2019s largest city and one of the largest in the world, S\u00e3o Paulo has its share of crime, especially in certain areas. However, it is generally safe for visitors if they remain aware, take basic precautions, and avoid neighborhoods known for high crime rates. Travelers should always secure their belongings, carrying them in a closed purse in front of their body or in a front pocket to prevent pickpocketing, especially in busy areas like downtown, Paulista Avenue, Vila Madalena and metro\/train stations. It\u2019s also best to avoid showing valuables like cell phones and cash, as this can attract thieves. While women can generally feel safe walking around, it\u2019s important to exercise caution in less crowded areas. Traveling in groups is recommended, and in case of an emergency, the women\u2019s police unit can be reached at 180.<\/p>\n\n\n\n<p><\/p>\n","protected":false},"excerpt":{"rendered":"<p>How to Get Here The airport within the city of S\u00e3o Paulo is Congonhas Airport, but it only offers national flights. The international airport is GRU (Guarulhos), which is 40 km far from the city center. From there, people can reach the city by Uber, Taxi, bus or train. There are also three Bus Terminals&#8230;<\/p>\n","protected":false},"author":14,"featured_media":0,"parent":0,"menu_order":0,"comment_status":"closed","ping_status":"open","template":"","meta":{"_acf_changed":false,"_monsterinsights_skip_tracking":false,"_monsterinsights_sitenote_active":false,"_monsterinsights_sitenote_note":"","_monsterinsights_sitenote_category":0,"footnotes":""},"class_list":["post-28580","page","type-page","status-publish","hentry"],"acf":[],"yoast_head":"<!-- This site is optimized with the Yoast SEO plugin v27.1.1 - https:\/\/yoast.com\/product\/yoast-seo-wordpress\/ -->\n<title>Useful information - XXVIII SemeAd<\/title>\n<meta name=\"robots\" content=\"index, follow, max-snippet:-1, max-image-preview:large, max-video-preview:-1\" \/>\n<link rel=\"canonical\" href=\"https:\/\/semead.com.br\/28\/en\/useful-information\/\" \/>\n<meta property=\"og:locale\" content=\"en_US\" \/>\n<meta property=\"og:type\" content=\"article\" \/>\n<meta property=\"og:title\" content=\"Useful information - XXVIII SemeAd\" \/>\n<meta property=\"og:description\" content=\"How to Get Here The airport within the city of S\u00e3o Paulo is Congonhas Airport, but it only offers national flights. The international airport is GRU (Guarulhos), which is 40 km far from the city center. From there, people can reach the city by Uber, Taxi, bus or train. There are also three Bus Terminals...\" \/>\n<meta property=\"og:url\" content=\"https:\/\/semead.com.br\/28\/en\/useful-information\/\" \/>\n<meta property=\"og:site_name\" content=\"XXVIII SemeAd\" \/>\n<meta property=\"article:modified_time\" content=\"2025-10-01T15:17:32+00:00\" \/>\n<meta name=\"twitter:card\" content=\"summary_large_image\" \/>\n<meta name=\"twitter:label1\" content=\"Est. reading time\" \/>\n\t<meta name=\"twitter:data1\" content=\"5 minutes\" \/>\n<script type=\"application\/ld+json\" class=\"yoast-schema-graph\">{\"@context\":\"https:\/\/schema.org\",\"@graph\":[{\"@type\":\"WebPage\",\"@id\":\"https:\/\/semead.com.br\/28\/en\/useful-information\/\",\"url\":\"https:\/\/semead.com.br\/28\/en\/useful-information\/\",\"name\":\"Useful information - XXVIII SemeAd\",\"isPartOf\":{\"@id\":\"https:\/\/semead.com.br\/28\/#website\"},\"datePublished\":\"2023-05-19T17:53:07+00:00\",\"dateModified\":\"2025-10-01T15:17:32+00:00\",\"breadcrumb\":{\"@id\":\"https:\/\/semead.com.br\/28\/en\/useful-information\/#breadcrumb\"},\"inLanguage\":\"en-US\",\"potentialAction\":[{\"@type\":\"ReadAction\",\"target\":[\"https:\/\/semead.com.br\/28\/en\/useful-information\/\"]}]},{\"@type\":\"BreadcrumbList\",\"@id\":\"https:\/\/semead.com.br\/28\/en\/useful-information\/#breadcrumb\",\"itemListElement\":[{\"@type\":\"ListItem\",\"position\":1,\"name\":\"In\u00edcio\",\"item\":\"https:\/\/semead.com.br\/28\/en\/\"},{\"@type\":\"ListItem\",\"position\":2,\"name\":\"Useful information\"}]},{\"@type\":\"WebSite\",\"@id\":\"https:\/\/semead.com.br\/28\/#website\",\"url\":\"https:\/\/semead.com.br\/28\/\",\"name\":\"XXVIII SemeAd\",\"description\":\"Semin\u00e1rios em administra\u00e7\u00e3o\",\"potentialAction\":[{\"@type\":\"SearchAction\",\"target\":{\"@type\":\"EntryPoint\",\"urlTemplate\":\"https:\/\/semead.com.br\/28\/?s={search_term_string}\"},\"query-input\":{\"@type\":\"PropertyValueSpecification\",\"valueRequired\":true,\"valueName\":\"search_term_string\"}}],\"inLanguage\":\"en-US\"}]}<\/script>\n<!-- \/ Yoast SEO plugin. -->","yoast_head_json":{"title":"Useful information - XXVIII SemeAd","robots":{"index":"index","follow":"follow","max-snippet":"max-snippet:-1","max-image-preview":"max-image-preview:large","max-video-preview":"max-video-preview:-1"},"canonical":"https:\/\/semead.com.br\/28\/en\/useful-information\/","og_locale":"en_US","og_type":"article","og_title":"Useful information - XXVIII SemeAd","og_description":"How to Get Here The airport within the city of S\u00e3o Paulo is Congonhas Airport, but it only offers national flights. The international airport is GRU (Guarulhos), which is 40 km far from the city center. From there, people can reach the city by Uber, Taxi, bus or train. There are also three Bus Terminals...","og_url":"https:\/\/semead.com.br\/28\/en\/useful-information\/","og_site_name":"XXVIII SemeAd","article_modified_time":"2025-10-01T15:17:32+00:00","twitter_card":"summary_large_image","twitter_misc":{"Est. reading time":"5 minutes"},"schema":{"@context":"https:\/\/schema.org","@graph":[{"@type":"WebPage","@id":"https:\/\/semead.com.br\/28\/en\/useful-information\/","url":"https:\/\/semead.com.br\/28\/en\/useful-information\/","name":"Useful information - XXVIII SemeAd","isPartOf":{"@id":"https:\/\/semead.com.br\/28\/#website"},"datePublished":"2023-05-19T17:53:07+00:00","dateModified":"2025-10-01T15:17:32+00:00","breadcrumb":{"@id":"https:\/\/semead.com.br\/28\/en\/useful-information\/#breadcrumb"},"inLanguage":"en-US","potentialAction":[{"@type":"ReadAction","target":["https:\/\/semead.com.br\/28\/en\/useful-information\/"]}]},{"@type":"BreadcrumbList","@id":"https:\/\/semead.com.br\/28\/en\/useful-information\/#breadcrumb","itemListElement":[{"@type":"ListItem","position":1,"name":"In\u00edcio","item":"https:\/\/semead.com.br\/28\/en\/"},{"@type":"ListItem","position":2,"name":"Useful information"}]},{"@type":"WebSite","@id":"https:\/\/semead.com.br\/28\/#website","url":"https:\/\/semead.com.br\/28\/","name":"XXVIII SemeAd","description":"Semin\u00e1rios em administra\u00e7\u00e3o","potentialAction":[{"@type":"SearchAction","target":{"@type":"EntryPoint","urlTemplate":"https:\/\/semead.com.br\/28\/?s={search_term_string}"},"query-input":{"@type":"PropertyValueSpecification","valueRequired":true,"valueName":"search_term_string"}}],"inLanguage":"en-US"}]}},"_links":{"self":[{"href":"https:\/\/semead.com.br\/28\/en\/wp-json\/wp\/v2\/pages\/28580","targetHints":{"allow":["GET"]}}],"collection":[{"href":"https:\/\/semead.com.br\/28\/en\/wp-json\/wp\/v2\/pages"}],"about":[{"href":"https:\/\/semead.com.br\/28\/en\/wp-json\/wp\/v2\/types\/page"}],"author":[{"embeddable":true,"href":"https:\/\/semead.com.br\/28\/en\/wp-json\/wp\/v2\/users\/14"}],"replies":[{"embeddable":true,"href":"https:\/\/semead.com.br\/28\/en\/wp-json\/wp\/v2\/comments?post=28580"}],"version-history":[{"count":2,"href":"https:\/\/semead.com.br\/28\/en\/wp-json\/wp\/v2\/pages\/28580\/revisions"}],"predecessor-version":[{"id":33886,"href":"https:\/\/semead.com.br\/28\/en\/wp-json\/wp\/v2\/pages\/28580\/revisions\/33886"}],"wp:attachment":[{"href":"https:\/\/semead.com.br\/28\/en\/wp-json\/wp\/v2\/media?parent=28580"}],"curies":[{"name":"wp","href":"https:\/\/api.w.org\/{rel}","templated":true}]}}