{"id":33837,"date":"2025-09-24T10:28:55","date_gmt":"2025-09-24T13:28:55","guid":{"rendered":"https:\/\/semead.com.br\/28\/?page_id=33837"},"modified":"2025-09-24T11:00:51","modified_gmt":"2025-09-24T14:00:51","slug":"inscricoes","status":"publish","type":"page","link":"https:\/\/semead.com.br\/28\/en\/inscricoes\/","title":{"rendered":"Registration"},"content":{"rendered":"\t\t<div data-elementor-type=\"wp-page\" data-elementor-id=\"33837\" class=\"elementor elementor-33837\">\n\t\t\t\t\t\t<section class=\"elementor-section elementor-top-section elementor-element elementor-element-6618f7d elementor-section-boxed elementor-section-height-default elementor-section-height-default\" data-id=\"6618f7d\" data-element_type=\"section\" data-e-type=\"section\">\n\t\t\t\t\t\t<div class=\"elementor-container elementor-column-gap-default\">\n\t\t\t\t\t<div class=\"elementor-column elementor-col-100 elementor-top-column elementor-element elementor-element-c616474\" data-id=\"c616474\" data-element_type=\"column\" data-e-type=\"column\">\n\t\t\t<div class=\"elementor-widget-wrap elementor-element-populated\">\n\t\t\t\t\t\t<div class=\"elementor-element elementor-element-c477231 elementor-widget elementor-widget-text-editor\" data-id=\"c477231\" data-element_type=\"widget\" data-e-type=\"widget\" data-widget_type=\"text-editor.default\">\n\t\t\t\t<div class=\"elementor-widget-container\">\n\t\t\t\t\t\t\t\t\t<p><b>NOTE:<\/b><\/p>\n<p>To ensure the participation of the approved paper in the event, at least one author must register by <b>September 29, 2025.<\/b><\/p>\n<p>At the time of registration, the participant must choose the participation mode (<b>Online or In-Person<\/b>).<\/p>\n<p>By choosing the <b>In-Person<\/b> mode, the participant must present their work in person, will have access to online activities, technical visits, as well as the opening and award ceremonies.<\/p>\n<p>Participants who choose the <b>Online<\/b> mode must present their work online and will not have access to in-person activities (technical visits, opening and award ceremonies).<\/p>\n<p>Authors with approved papers must indicate the presentation mode (in-person or online) when submitting the presentation recording. The presentation mode must match the registration mode.<\/p>\n<p>Co-authors who will take part in the presentation session must be registered in a way compatible with the chosen presentation mode.<\/p>\n<p>Only registered author(s) may present the work and receive certificates.<\/p>\n<p>Registration is <b>individual and non-transferable.<\/b><\/p>\n<p>Values in Brazilian Reais (R$).<\/p>\t\t\t\t\t\t\t\t<\/div>\n\t\t\t\t<\/div>\n\t\t\t\t\t<\/div>\n\t\t<\/div>\n\t\t\t\t\t<\/div>\n\t\t<\/section>\n\t\t\t\t<section class=\"elementor-section elementor-top-section elementor-element elementor-element-450e567 elementor-section-boxed elementor-section-height-default elementor-section-height-default\" data-id=\"450e567\" data-element_type=\"section\" data-e-type=\"section\">\n\t\t\t\t\t\t<div class=\"elementor-container elementor-column-gap-default\">\n\t\t\t\t\t<div class=\"elementor-column elementor-col-100 elementor-top-column elementor-element elementor-element-ff47120\" data-id=\"ff47120\" data-element_type=\"column\" data-e-type=\"column\">\n\t\t\t<div class=\"elementor-widget-wrap elementor-element-populated\">\n\t\t\t\t\t\t<div class=\"elementor-element elementor-element-539e7d1 elementor-widget elementor-widget-heading\" data-id=\"539e7d1\" data-element_type=\"widget\" data-e-type=\"widget\" data-widget_type=\"heading.default\">\n\t\t\t\t<div class=\"elementor-widget-container\">\n\t\t\t\t\t<h2 class=\"elementor-heading-title elementor-size-default\">Online Registration:<\/h2>\t\t\t\t<\/div>\n\t\t\t\t<\/div>\n\t\t\t\t<div class=\"elementor-element elementor-element-e85fa51 elementor-widget elementor-widget-html\" data-id=\"e85fa51\" data-element_type=\"widget\" data-e-type=\"widget\" data-widget_type=\"html.default\">\n\t\t\t\t<div class=\"elementor-widget-container\">\n\t\t\t\t\t<table class=\"tablepress tablepress-id-9 prices dataTable\" style=\"width: 100%;\">\n  <thead>\n    <tr class=\"row-1\">\n      <th class=\"column-1\">Participant<\/th>\n      <th class=\"column-2\">Until September 29<\/th>\n      <th class=\"column-3\">After September 29<\/th>\n    <\/tr>\n  <\/thead>\n  <tbody>\n    <tr class=\"row-2\">\n      <td class=\"column-1\">Student (USP\/Partner Institutions*)<\/td>\n      <td class=\"column-2\">R$ 180.00<\/td>\n      <td class=\"column-3\">R$ 280.00<\/td>\n    <\/tr>\n    <tr class=\"row-3\">\n      <td class=\"column-1\">Student (Other Institutions)<\/td>\n      <td class=\"column-2\">R$ 280.00<\/td>\n      <td class=\"column-3\">R$ 380.00<\/td>\n    <\/tr>\n    <tr class=\"row-4\">\n      <td class=\"column-1\">Reviewer<\/td>\n      <td class=\"column-2\">R$ 300.00<\/td>\n      <td class=\"column-3\">R$ 400.00<\/td>\n    <\/tr>\n    <tr class=\"row-5\">\n      <td class=\"column-1\">Professor (USP\/Partner Institutions*)<\/td>\n      <td class=\"column-2\">R$ 300.00<\/td>\n      <td class=\"column-3\">R$ 400.00<\/td>\n    <\/tr>\n    <tr class=\"row-6\">\n      <td class=\"column-1\">Professor (Other Institutions)<\/td>\n      <td class=\"column-2\">R$ 450.00<\/td>\n      <td class=\"column-3\">R$ 550.00<\/td>\n    <\/tr>\n    <tr class=\"row-7\">\n      <td class=\"column-1\">Non-Academic<\/td>\n      <td class=\"column-2\">R$ 580.00<\/td>\n      <td class=\"column-3\">R$ 680.00<\/td>\n    <\/tr>\n  <\/tbody>\n<\/table>\t\t\t\t<\/div>\n\t\t\t\t<\/div>\n\t\t\t\t\t<\/div>\n\t\t<\/div>\n\t\t\t\t\t<\/div>\n\t\t<\/section>\n\t\t\t\t<section class=\"elementor-section elementor-top-section elementor-element elementor-element-ee7b9d4 elementor-section-boxed elementor-section-height-default elementor-section-height-default\" data-id=\"ee7b9d4\" data-element_type=\"section\" data-e-type=\"section\">\n\t\t\t\t\t\t<div class=\"elementor-container elementor-column-gap-default\">\n\t\t\t\t\t<div class=\"elementor-column elementor-col-100 elementor-top-column elementor-element elementor-element-797b688\" data-id=\"797b688\" data-element_type=\"column\" data-e-type=\"column\">\n\t\t\t<div class=\"elementor-widget-wrap elementor-element-populated\">\n\t\t\t\t\t\t<div class=\"elementor-element elementor-element-0eb83b3 elementor-widget elementor-widget-text-editor\" data-id=\"0eb83b3\" data-element_type=\"widget\" data-e-type=\"widget\" data-widget_type=\"text-editor.default\">\n\t\t\t\t<div class=\"elementor-widget-container\">\n\t\t\t\t\t\t\t\t\t<p><b>* Partner Institutions:<\/b>\u00a0Mackenzie \/ UNIP \/ USCS \/ Anhembi Morumbi \/ FEA-RP \/ FECAP \/ FIA \/ ESPM \/ UNINOVE<\/p><p><b>Exemptions:<\/b> Area coordinator, theme leader, panelist\/workshop, ambassadors, approved in the pre-doctoral consortium, student volunteer<\/p>\t\t\t\t\t\t\t\t<\/div>\n\t\t\t\t<\/div>\n\t\t\t\t\t<\/div>\n\t\t<\/div>\n\t\t\t\t\t<\/div>\n\t\t<\/section>\n\t\t\t\t<section class=\"elementor-section elementor-top-section elementor-element elementor-element-bff022f elementor-section-boxed elementor-section-height-default elementor-section-height-default\" data-id=\"bff022f\" data-element_type=\"section\" data-e-type=\"section\">\n\t\t\t\t\t\t<div class=\"elementor-container elementor-column-gap-default\">\n\t\t\t\t\t<div class=\"elementor-column elementor-col-100 elementor-top-column elementor-element elementor-element-76529b9\" data-id=\"76529b9\" data-element_type=\"column\" data-e-type=\"column\">\n\t\t\t<div class=\"elementor-widget-wrap elementor-element-populated\">\n\t\t\t\t\t\t<div class=\"elementor-element elementor-element-b402463 elementor-widget elementor-widget-heading\" data-id=\"b402463\" data-element_type=\"widget\" data-e-type=\"widget\" data-widget_type=\"heading.default\">\n\t\t\t\t<div class=\"elementor-widget-container\">\n\t\t\t\t\t<h2 class=\"elementor-heading-title elementor-size-default\">On-Site Registration:<\/h2>\t\t\t\t<\/div>\n\t\t\t\t<\/div>\n\t\t\t\t<div class=\"elementor-element elementor-element-951d2fd elementor-widget elementor-widget-html\" data-id=\"951d2fd\" data-element_type=\"widget\" data-e-type=\"widget\" data-widget_type=\"html.default\">\n\t\t\t\t<div class=\"elementor-widget-container\">\n\t\t\t\t\t<table class=\"tablepress tablepress-id-17 prices dataTable\" style=\"width: 100%;\">\n  <thead>\n    <tr class=\"row-1\">\n      <th class=\"column-1\">Participant<\/th>\n      <th class=\"column-2\">Until September 29<\/th>\n      <th class=\"column-3\">After September 29<\/th>\n    <\/tr>\n  <\/thead>\n  <tbody>\n    <tr class=\"row-2\">\n      <td class=\"column-1\">Student (USP\/Partner Institutions*)<\/td>\n      <td class=\"column-2\">R$ 280.00<\/td>\n      <td class=\"column-3\">R$ 380.00<\/td>\n    <\/tr>\n    <tr class=\"row-3\">\n      <td class=\"column-1\">Student (Other institutions)<\/td>\n      <td class=\"column-2\">R$ 380.00<\/td>\n      <td class=\"column-3\">R$ 500.00<\/td>\n    <\/tr>\n    <tr class=\"row-4\">\n      <td class=\"column-1\">Reviewer<\/td>\n      <td class=\"column-2\">R$ 380.00<\/td>\n      <td class=\"column-3\">R$ 500.00<\/td>\n    <\/tr>\n    <tr class=\"row-5\">\n      <td class=\"column-1\">Professor (USP\/Partner Institutions*)<\/td>\n      <td class=\"column-2\">R$ 480.00<\/td>\n      <td class=\"column-3\">R$ 600.00<\/td>\n    <\/tr>\n    <tr class=\"row-6\">\n      <td class=\"column-1\">Professor (Other institutions)<\/td>\n      <td class=\"column-2\">R$ 800.00<\/td>\n      <td class=\"column-3\">R$ 920.00<\/td>\n    <\/tr>\n    <tr class=\"row-7\">\n      <td class=\"column-1\">Non-Academics<\/td>\n      <td class=\"column-2\">R$ 900.00<\/td>\n      <td class=\"column-3\">R$ 1,000.00<\/td>\n    <\/tr>\n  <\/tbody>\n<\/table>\t\t\t\t<\/div>\n\t\t\t\t<\/div>\n\t\t\t\t\t<\/div>\n\t\t<\/div>\n\t\t\t\t\t<\/div>\n\t\t<\/section>\n\t\t\t\t<section class=\"elementor-section elementor-top-section elementor-element elementor-element-bacd5f3 elementor-section-boxed elementor-section-height-default elementor-section-height-default\" data-id=\"bacd5f3\" data-element_type=\"section\" data-e-type=\"section\">\n\t\t\t\t\t\t<div class=\"elementor-container elementor-column-gap-default\">\n\t\t\t\t\t<div class=\"elementor-column elementor-col-100 elementor-top-column elementor-element elementor-element-2c5d131\" data-id=\"2c5d131\" data-element_type=\"column\" data-e-type=\"column\">\n\t\t\t<div class=\"elementor-widget-wrap elementor-element-populated\">\n\t\t\t\t\t\t<div class=\"elementor-element elementor-element-3aadeb5 elementor-widget elementor-widget-text-editor\" data-id=\"3aadeb5\" data-element_type=\"widget\" data-e-type=\"widget\" data-widget_type=\"text-editor.default\">\n\t\t\t\t<div class=\"elementor-widget-container\">\n\t\t\t\t\t\t\t\t\t<p><b>* Partner Institutions:<\/b>\u00a0Mackenzie \/ UNIP \/ USCS \/ Anhembi Morumbi \/ FEA-RP \/ FECAP \/ FIA \/ ESPM \/ UNINOVE<\/p><p><b>Exemptions:<\/b> Area coordinator, theme leader, panelist\/workshop, ambassadors, approved in the pre-doctoral consortium, student volunteer<\/p>\t\t\t\t\t\t\t\t<\/div>\n\t\t\t\t<\/div>\n\t\t\t\t\t<\/div>\n\t\t<\/div>\n\t\t\t\t\t<\/div>\n\t\t<\/section>\n\t\t\t\t<section class=\"elementor-section elementor-top-section elementor-element elementor-element-10a0ed6 elementor-section-boxed elementor-section-height-default elementor-section-height-default\" data-id=\"10a0ed6\" data-element_type=\"section\" data-e-type=\"section\">\n\t\t\t\t\t\t<div class=\"elementor-container elementor-column-gap-default\">\n\t\t\t\t\t<div class=\"elementor-column elementor-col-100 elementor-top-column elementor-element elementor-element-98b5b16\" data-id=\"98b5b16\" data-element_type=\"column\" data-e-type=\"column\">\n\t\t\t<div class=\"elementor-widget-wrap elementor-element-populated\">\n\t\t\t\t\t\t<div class=\"elementor-element elementor-element-5e136f1 elementor-widget elementor-widget-text-editor\" data-id=\"5e136f1\" data-element_type=\"widget\" data-e-type=\"widget\" data-widget_type=\"text-editor.default\">\n\t\t\t\t<div class=\"elementor-widget-container\">\n\t\t\t\t\t\t\t\t\t<p><b>External Activities:<br \/><\/b>The opening ceremonies and technical visits are offered <b>only<\/b> to participants who choose the in-person participation mode.<\/p>\n<p>Participants who choose the in-person mode may take part in:<\/p>\n<ul>\n<li>Opening ceremony<\/li>\n<li>One technical visit (11\/11) \u2013 <strong>not included<\/strong> in the registration fee<\/li>\n<\/ul>\n<p>Seats are limited and allocation will be based on order of registration with payment confirmed. Participants who fail to make payment by the due date will lose their spot, which will be given to the next paid registrant.<\/p>\n<p>A minimum of 10 participants is required for the activity to take place. SemeAd reserves the right to cancel the activity, or change its time and purpose, up until the event date. In the case of cancellation due to unforeseen circumstances or force majeure, SemeAd will reimburse the payment for the activity.<\/p>\n<p>The technical visits are organized by SemeAd in coordination with the host companies. These companies may face unexpected situations and request changes to the schedule or purpose of the visit. In such cases, SemeAd will notify participants by email.<\/p>\n<p><strong>Departure and return point<\/strong> for all technical visits: <strong>FEA USP<\/strong>, Avenida Professor Luciano Gualberto, 908 &#8211; Butant\u00e3 &#8211; S\u00e3o Paulo\/SP &#8211; 05508-010. Participants must arrive 15 minutes before departure time. <strong>No late arrivals will be allowed.<\/strong><\/p>\t\t\t\t\t\t\t\t<\/div>\n\t\t\t\t<\/div>\n\t\t\t\t<div class=\"elementor-element elementor-element-75a8dc5 elementor-widget elementor-widget-html\" data-id=\"75a8dc5\" data-element_type=\"widget\" data-e-type=\"widget\" data-widget_type=\"html.default\">\n\t\t\t\t<div class=\"elementor-widget-container\">\n\t\t\t\t\t<table id=\"tablepress-23\" class=\"tablepress tablepress-id-23 dataTable\" style=\"width: 100%;\">\n  <thead>\n    <tr class=\"row-1\">\n      <th class=\"column-1\">EXTERNAL ACTIVITIES<\/th>\n      <th class=\"column-2\">START TIME<\/th>\n      <th class=\"column-3\">END TIME<\/th>\n      <th class=\"column-4\">DESCRIPTION<\/th>\n      <th class=\"column-5\">SEATS<\/th>\n      <th class=\"column-6\">PRICE<\/th>\n    <\/tr>\n  <\/thead>\n  <tbody>\n    <tr class=\"row-2\">\n      <td class=\"column-1\">Opening Ceremony<\/td>\n      <td class=\"column-2\">Nov 12 \u2013 11:00<\/td>\n      <td class=\"column-3\">13:30<\/td>\n      <td class=\"column-4\">Opening with the performance of the S\u00e3o Paulo University Symphony Orchestra. The conductor and OSUSP director, Prof. Dr. Gil Jardim, will lead a splendid musical performance for SemeAd participants, followed by lunch. Venue: Anfiteatro Camargo Guarnieri.<\/td>\n      <td class=\"column-5\">400<\/td>\n      <td class=\"column-6\">Free<\/td>\n    <\/tr>\n    <tr class=\"row-3\">\n      <td class=\"column-1\">Bradesco Asset<\/td>\n      <td class=\"column-2\">Nov 11 \u2013 14:00<\/td>\n      <td class=\"column-3\">18:00<\/td>\n      <td class=\"column-4\">If you are interested in finance, register for a guided visit to Bradesco Asset, the asset management company of Bradesco S.A., located in Pinheiros. Topics include: Quantitative vs. discretionary management; ESG analysis in investment management; Private Credit Funds.<\/td>\n      <td class=\"column-5\">38<\/td>\n      <td class=\"column-6\">R$ 75.00<\/td>\n    <\/tr>\n    <tr class=\"row-4\">\n      <td class=\"column-1\">AUSPIN<\/td>\n      <td class=\"column-2\">Nov 11 \u2013 14:00<\/td>\n      <td class=\"column-3\">15:30<\/td>\n      <td class=\"column-4\">If you are interested in entrepreneurship and innovation, with a focus on intellectual property, transfers, and related topics, sign up for the guided visit to AUSPIN (USP Innovation Agency), located at USP, and learn how this institution handles innovation models within the university.<\/td>\n      <td class=\"column-5\">8<\/td>\n      <td class=\"column-6\">R$ 30.00<\/td>\n    <\/tr>\n    <tr class=\"row-5\">\n      <td class=\"column-1\">CIETEC<\/td>\n      <td class=\"column-2\">Nov 11 \u2013 10:00<\/td>\n      <td class=\"column-3\">12:00<\/td>\n      <td class=\"column-4\">If you are interested in entrepreneurship and innovation, join the guided visit to CIETEC (Center for Innovation, Entrepreneurship and Technology), located at USP, and learn how this institution fosters impact businesses throughout Brazil.<\/td>\n      <td class=\"column-5\">28<\/td>\n      <td class=\"column-6\">R$ 75.00<\/td>\n    <\/tr>\n    <tr class=\"row-6\">\n      <td class=\"column-1\">Heineken<\/td>\n      <td class=\"column-2\">Nov 11 \u2013 14:00<\/td>\n      <td class=\"column-3\">16:00<\/td>\n      <td class=\"column-4\">If you want to learn about the operational processes of production, administration, and marketing of several beer brands at one of the largest brewing companies in Brazil, register for the guided visit to Heineken, located in Jacare\u00ed\/SP.<\/td>\n      <td class=\"column-5\">18<\/td>\n      <td class=\"column-6\">R$ 130.00<\/td>\n    <\/tr>\n    <tr class=\"row-7\">\n      <td class=\"column-1\">Inova USP<\/td>\n      <td class=\"column-2\">Nov 11 \u2013 14:00<\/td>\n      <td class=\"column-3\">16:00<\/td>\n      <td class=\"column-4\">Learn about the process of building cars and developing green hydrogen-based fuels at one of the largest companies in the automotive sector. Register for the guided visit to Toyota, based in Sorocaba.<\/td>\n      <td class=\"column-5\">4<\/td>\n      <td class=\"column-6\">R$ 30.00<\/td>\n    <\/tr>\n    <tr class=\"row-8\">\n      <td class=\"column-1\">Cubo Ita\u00fa<\/td>\n      <td class=\"column-2\">Nov 11 \u2013 10:00<\/td>\n      <td class=\"column-3\">11:30<\/td>\n      <td class=\"column-4\">If you want to explore companies working with startup incubator models, register for the guided visit to Cubo Ita\u00fa, located in Vila Ol\u00edmpia, S\u00e3o Paulo. Learn how this hub manages the intellectual property of the startups it incubates.<\/td>\n      <td class=\"column-5\">19<\/td>\n      <td class=\"column-6\">R$ 75.00<\/td>\n    <\/tr>\n    <tr class=\"row-9\">\n      <td class=\"column-1\">B3 Museum<\/td>\n      <td class=\"column-2\">Nov 11 \u2013 11:00<\/td>\n      <td class=\"column-3\">12:00<\/td>\n      <td class=\"column-4\">If you want to learn more about the history of the capital markets and their relationship with Brazil\u2019s history\u2014from the first stock exchange experiences to their impact on the country\u2019s socioeconomic development\u2014register for the guided visit to the B3 Museum, located in S\u00e3o Paulo\u2019s Historic Center.<\/td>\n      <td class=\"column-5\">44<\/td>\n      <td class=\"column-6\">R$ 75.00<\/td>\n    <\/tr>\n  <\/tbody>\n<\/table>\t\t\t\t<\/div>\n\t\t\t\t<\/div>\n\t\t\t\t\t<\/div>\n\t\t<\/div>\n\t\t\t\t\t<\/div>\n\t\t<\/section>\n\t\t\t\t<section class=\"elementor-section elementor-top-section elementor-element elementor-element-d3fc5df elementor-section-boxed elementor-section-height-default elementor-section-height-default\" data-id=\"d3fc5df\" data-element_type=\"section\" data-e-type=\"section\">\n\t\t\t\t\t\t<div class=\"elementor-container elementor-column-gap-default\">\n\t\t\t\t\t<div class=\"elementor-column elementor-col-100 elementor-top-column elementor-element elementor-element-3909d40\" data-id=\"3909d40\" data-element_type=\"column\" data-e-type=\"column\">\n\t\t\t<div class=\"elementor-widget-wrap elementor-element-populated\">\n\t\t\t\t\t\t<div class=\"elementor-element elementor-element-f500b6e elementor-widget elementor-widget-text-editor\" data-id=\"f500b6e\" data-element_type=\"widget\" data-e-type=\"widget\" data-widget_type=\"text-editor.default\">\n\t\t\t\t<div class=\"elementor-widget-container\">\n\t\t\t\t\t\t\t\t\t<div><strong>Payment Methods<\/strong><\/div>\n<div>PayPal<\/div>\t\t\t\t\t\t\t\t<\/div>\n\t\t\t\t<\/div>\n\t\t\t\t\t<\/div>\n\t\t<\/div>\n\t\t\t\t\t<\/div>\n\t\t<\/section>\n\t\t\t\t<\/div>\n\t\t","protected":false},"excerpt":{"rendered":"<p>NOTE: To ensure the participation of the approved paper in the event, at least one author must register by September 29, 2025. At the time of registration, the participant must choose the participation mode (Online or In-Person). By choosing the In-Person mode, the participant must present their work in person, will have access to online&#8230;<\/p>\n","protected":false},"author":4,"featured_media":0,"parent":0,"menu_order":0,"comment_status":"closed","ping_status":"closed","template":"","meta":{"_acf_changed":false,"_monsterinsights_skip_tracking":false,"_monsterinsights_sitenote_active":false,"_monsterinsights_sitenote_note":"","_monsterinsights_sitenote_category":0,"footnotes":""},"class_list":["post-33837","page","type-page","status-publish","hentry"],"acf":[],"yoast_head":"<!-- This site is optimized with the Yoast SEO plugin v27.1.1 - https:\/\/yoast.com\/product\/yoast-seo-wordpress\/ -->\n<title>Registration - XXVIII SemeAd<\/title>\n<meta name=\"robots\" content=\"index, follow, max-snippet:-1, max-image-preview:large, max-video-preview:-1\" \/>\n<link rel=\"canonical\" href=\"https:\/\/semead.com.br\/28\/en\/inscricoes\/\" \/>\n<meta property=\"og:locale\" content=\"en_US\" \/>\n<meta property=\"og:type\" content=\"article\" \/>\n<meta property=\"og:title\" content=\"Registration - XXVIII SemeAd\" \/>\n<meta property=\"og:description\" content=\"NOTE: To ensure the participation of the approved paper in the event, at least one author must register by September 29, 2025. At the time of registration, the participant must choose the participation mode (Online or In-Person). By choosing the In-Person mode, the participant must present their work in person, will have access to online...\" \/>\n<meta property=\"og:url\" content=\"https:\/\/semead.com.br\/28\/en\/inscricoes\/\" \/>\n<meta property=\"og:site_name\" content=\"XXVIII SemeAd\" \/>\n<meta property=\"article:modified_time\" content=\"2025-09-24T14:00:51+00:00\" \/>\n<meta name=\"twitter:card\" content=\"summary_large_image\" \/>\n<meta name=\"twitter:label1\" content=\"Est. reading time\" \/>\n\t<meta name=\"twitter:data1\" content=\"6 minutes\" \/>\n<script type=\"application\/ld+json\" class=\"yoast-schema-graph\">{\"@context\":\"https:\/\/schema.org\",\"@graph\":[{\"@type\":\"WebPage\",\"@id\":\"https:\/\/semead.com.br\/28\/en\/inscricoes\/\",\"url\":\"https:\/\/semead.com.br\/28\/en\/inscricoes\/\",\"name\":\"Registration - XXVIII SemeAd\",\"isPartOf\":{\"@id\":\"https:\/\/semead.com.br\/28\/#website\"},\"datePublished\":\"2025-09-24T13:28:55+00:00\",\"dateModified\":\"2025-09-24T14:00:51+00:00\",\"breadcrumb\":{\"@id\":\"https:\/\/semead.com.br\/28\/en\/inscricoes\/#breadcrumb\"},\"inLanguage\":\"en-US\",\"potentialAction\":[{\"@type\":\"ReadAction\",\"target\":[\"https:\/\/semead.com.br\/28\/en\/inscricoes\/\"]}]},{\"@type\":\"BreadcrumbList\",\"@id\":\"https:\/\/semead.com.br\/28\/en\/inscricoes\/#breadcrumb\",\"itemListElement\":[{\"@type\":\"ListItem\",\"position\":1,\"name\":\"In\u00edcio\",\"item\":\"https:\/\/semead.com.br\/28\/en\/\"},{\"@type\":\"ListItem\",\"position\":2,\"name\":\"Registration\"}]},{\"@type\":\"WebSite\",\"@id\":\"https:\/\/semead.com.br\/28\/#website\",\"url\":\"https:\/\/semead.com.br\/28\/\",\"name\":\"XXVIII SemeAd\",\"description\":\"Semin\u00e1rios em administra\u00e7\u00e3o\",\"potentialAction\":[{\"@type\":\"SearchAction\",\"target\":{\"@type\":\"EntryPoint\",\"urlTemplate\":\"https:\/\/semead.com.br\/28\/?s={search_term_string}\"},\"query-input\":{\"@type\":\"PropertyValueSpecification\",\"valueRequired\":true,\"valueName\":\"search_term_string\"}}],\"inLanguage\":\"en-US\"}]}<\/script>\n<!-- \/ Yoast SEO plugin. -->","yoast_head_json":{"title":"Registration - XXVIII SemeAd","robots":{"index":"index","follow":"follow","max-snippet":"max-snippet:-1","max-image-preview":"max-image-preview:large","max-video-preview":"max-video-preview:-1"},"canonical":"https:\/\/semead.com.br\/28\/en\/inscricoes\/","og_locale":"en_US","og_type":"article","og_title":"Registration - XXVIII SemeAd","og_description":"NOTE: To ensure the participation of the approved paper in the event, at least one author must register by September 29, 2025. At the time of registration, the participant must choose the participation mode (Online or In-Person). By choosing the In-Person mode, the participant must present their work in person, will have access to online...","og_url":"https:\/\/semead.com.br\/28\/en\/inscricoes\/","og_site_name":"XXVIII SemeAd","article_modified_time":"2025-09-24T14:00:51+00:00","twitter_card":"summary_large_image","twitter_misc":{"Est. reading time":"6 minutes"},"schema":{"@context":"https:\/\/schema.org","@graph":[{"@type":"WebPage","@id":"https:\/\/semead.com.br\/28\/en\/inscricoes\/","url":"https:\/\/semead.com.br\/28\/en\/inscricoes\/","name":"Registration - XXVIII SemeAd","isPartOf":{"@id":"https:\/\/semead.com.br\/28\/#website"},"datePublished":"2025-09-24T13:28:55+00:00","dateModified":"2025-09-24T14:00:51+00:00","breadcrumb":{"@id":"https:\/\/semead.com.br\/28\/en\/inscricoes\/#breadcrumb"},"inLanguage":"en-US","potentialAction":[{"@type":"ReadAction","target":["https:\/\/semead.com.br\/28\/en\/inscricoes\/"]}]},{"@type":"BreadcrumbList","@id":"https:\/\/semead.com.br\/28\/en\/inscricoes\/#breadcrumb","itemListElement":[{"@type":"ListItem","position":1,"name":"In\u00edcio","item":"https:\/\/semead.com.br\/28\/en\/"},{"@type":"ListItem","position":2,"name":"Registration"}]},{"@type":"WebSite","@id":"https:\/\/semead.com.br\/28\/#website","url":"https:\/\/semead.com.br\/28\/","name":"XXVIII SemeAd","description":"Semin\u00e1rios em administra\u00e7\u00e3o","potentialAction":[{"@type":"SearchAction","target":{"@type":"EntryPoint","urlTemplate":"https:\/\/semead.com.br\/28\/?s={search_term_string}"},"query-input":{"@type":"PropertyValueSpecification","valueRequired":true,"valueName":"search_term_string"}}],"inLanguage":"en-US"}]}},"_links":{"self":[{"href":"https:\/\/semead.com.br\/28\/en\/wp-json\/wp\/v2\/pages\/33837","targetHints":{"allow":["GET"]}}],"collection":[{"href":"https:\/\/semead.com.br\/28\/en\/wp-json\/wp\/v2\/pages"}],"about":[{"href":"https:\/\/semead.com.br\/28\/en\/wp-json\/wp\/v2\/types\/page"}],"author":[{"embeddable":true,"href":"https:\/\/semead.com.br\/28\/en\/wp-json\/wp\/v2\/users\/4"}],"replies":[{"embeddable":true,"href":"https:\/\/semead.com.br\/28\/en\/wp-json\/wp\/v2\/comments?post=33837"}],"version-history":[{"count":3,"href":"https:\/\/semead.com.br\/28\/en\/wp-json\/wp\/v2\/pages\/33837\/revisions"}],"predecessor-version":[{"id":33859,"href":"https:\/\/semead.com.br\/28\/en\/wp-json\/wp\/v2\/pages\/33837\/revisions\/33859"}],"wp:attachment":[{"href":"https:\/\/semead.com.br\/28\/en\/wp-json\/wp\/v2\/media?parent=33837"}],"curies":[{"name":"wp","href":"https:\/\/api.w.org\/{rel}","templated":true}]}}