{"id":33910,"date":"2025-10-10T11:40:40","date_gmt":"2025-10-10T14:40:40","guid":{"rendered":"https:\/\/semead.com.br\/28\/?page_id=33910"},"modified":"2025-10-10T11:40:45","modified_gmt":"2025-10-10T14:40:45","slug":"event-schedule","status":"publish","type":"page","link":"https:\/\/semead.com.br\/28\/en\/event-schedule\/","title":{"rendered":"Event Schedule"},"content":{"rendered":"\n<div class=\"semead-programacao\">\n  <style>\n    .semead-programacao{font-family:system-ui,-apple-system,Segoe UI,Roboto,Arial,sans-serif;line-height:1.5;color:#1d1d1f}\n    .semead-programacao h3{margin:0 0 .25rem 0}\n    .semead-programacao .sub{color:#555;margin:0 0 1rem 0}\n    .semead-dia{border:1px solid #e6e6e6;border-radius:12px;padding:16px 16px 8px;margin:14px 0;background:#fff}\n    .semead-bloco{margin:.5rem 0 1rem}\n    .semead-bloco h5{margin:.25rem 0 .25rem;font-size:.95rem;color:#0a58ca}\n    .semead-lista{list-style:none;padding-left:0;margin:.25rem 0}\n    .semead-item{padding:.5rem .75rem;border:1px solid #f0f0f0;border-radius:10px;margin:.5rem 0;background:#fafafa}\n    .hora{font-weight:600;white-space:nowrap;margin-right:.35rem}\n    .titulo{display:inline}\n    .tag{\n      font-size:20px;\n      font-weight:600;\n      padding:5px 10px;\n      border-radius:999px;\n      margin-right:.5rem;\n    }\n    .tag-online{background:#e8f3ff;color:#0a58ca;border:1px solid #cfe3ff}\n    .tag-presencial{background:#e9f8ef;color:#0f7b3b;border:1px solid #ccefdc}\n    .nota{color:#666;font-style:italic}\n  <\/style>\n\n  <!-- 10\/11\/2025 -->\n  <section class=\"semead-dia\">\n    <h4>10\/11\/2025 (Monday) <span class=\"tag tag-online\">Online<\/span> <span class=\"tag tag-presencial\">On-site<\/span><\/h4>\n\n    <div class=\"semead-bloco\">\n      <h5><span class=\"tag tag-online\">Online<\/span><\/h5>\n      <ul class=\"semead-lista\">\n        <li class=\"semead-item\"><span class=\"hora\">09:00 \u2013 10:00<\/span> <span class=\"titulo\">Opening and Online Instructions<\/span><\/li>\n        <li class=\"semead-item\"><span class=\"hora\">10:00 \u2013 10:30<\/span> <span class=\"titulo\">Break<\/span><\/li>\n        <li class=\"semead-item\"><span class=\"hora\">10:30 \u2013 12:00<\/span> <span class=\"titulo\">Paper Presentation Session (1) + Sapiens Online<\/span><\/li>\n        <li class=\"semead-item\"><span class=\"hora\">12:00 \u2013 13:00<\/span> <span class=\"titulo\">Break<\/span><\/li>\n        <li class=\"semead-item\"><span class=\"hora\">13:00 \u2013 14:30<\/span> <span class=\"titulo\">Keynote \/ Panel<\/span><\/li>\n        <li class=\"semead-item\"><span class=\"hora\">14:30 \u2013 16:00<\/span> <span class=\"titulo\">Workshops<\/span><\/li>\n        <li class=\"semead-item\"><span class=\"hora\">16:00 \u2013 16:30<\/span> <span class=\"titulo\">Break<\/span><\/li>\n        <li class=\"semead-item\"><span class=\"hora\">16:30 \u2013 18:00<\/span> <span class=\"titulo\">Paper Presentation Session (2) + Sapiens Online<\/span><\/li>\n        <li class=\"semead-item\"><span class=\"hora\">18:00 \u2013 19:30<\/span> <span class=\"titulo\">Paper Presentation Session (3) + Sapiens Online<\/span><\/li>\n      <\/ul>\n    <\/div>\n\n    <div class=\"semead-bloco\">\n      <h5><span class=\"tag tag-presencial\">On-site<\/span><\/h5>\n      <ul class=\"semead-lista\">\n        <li class=\"semead-item\"><span class=\"titulo\">Colloquium<\/span> <span class=\"nota\">(time to be defined)<\/span><\/li>\n      <\/ul>\n    <\/div>\n  <\/section>\n\n  <!-- 11\/11\/2025 -->\n  <section class=\"semead-dia\">\n    <h4>11\/11\/2025 (Tuesday) <span class=\"tag tag-online\">Online<\/span> <span class=\"tag tag-presencial\">On-site<\/span><\/h4>\n\n    <div class=\"semead-bloco\">\n      <h5><span class=\"tag tag-online\">Online<\/span><\/h5>\n      <ul class=\"semead-lista\">\n        <li class=\"semead-item\"><span class=\"hora\">08:00 \u2013 09:30<\/span> <span class=\"titulo\">Paper Presentation Session (4)<\/span><\/li>\n        <li class=\"semead-item\"><span class=\"hora\">10:30 \u2013 12:00<\/span> <span class=\"titulo\">Workshops<\/span><\/li>\n        <li class=\"semead-item\"><span class=\"hora\">10:30 \u2013 12:30<\/span> <span class=\"titulo\">Pre-Doctoral Consortium Boards<\/span><\/li>\n        <li class=\"semead-item\"><span class=\"hora\">12:00 \u2013 13:00<\/span> <span class=\"titulo\">Break<\/span><\/li>\n        <li class=\"semead-item\"><span class=\"hora\">13:00 \u2013 14:30<\/span> <span class=\"titulo\">Keynote \/ Panel<\/span><\/li>\n        <li class=\"semead-item\"><span class=\"hora\">14:30 \u2013 16:00<\/span> <span class=\"titulo\">Workshops<\/span><\/li>\n        <li class=\"semead-item\"><span class=\"hora\">16:00 \u2013 16:30<\/span> <span class=\"titulo\">Break<\/span><\/li>\n        <li class=\"semead-item\"><span class=\"hora\">16:30 \u2013 18:00<\/span> <span class=\"titulo\">Paper Presentation Session (5) + Sapiens Online<\/span><\/li>\n        <li class=\"semead-item\"><span class=\"hora\">18:00 \u2013 19:30<\/span> <span class=\"titulo\">Paper Presentation Session (6) + Sapiens Online<\/span><\/li>\n      <\/ul>\n    <\/div>\n\n    <div class=\"semead-bloco\">\n      <h5><span class=\"tag tag-presencial\">On-site<\/span><\/h5>\n      <ul class=\"semead-lista\">\n        <li class=\"semead-item\"><span class=\"hora\">08:30 \u2013 09:00<\/span> <span class=\"titulo\">Doctoral Consortium: Registration and Opening<\/span><\/li>\n        <li class=\"semead-item\"><span class=\"hora\">09:00 \u2013 10:00<\/span> <span class=\"titulo\">Doctoral Consortium: Project Development Session<\/span><\/li>\n        <li class=\"semead-item\"><span class=\"hora\">10:00 \u2013 10:30<\/span> <span class=\"titulo\">Doctoral Consortium: Break<\/span><\/li>\n        <li class=\"semead-item\"><span class=\"hora\">10:30 \u2013 12:30<\/span> <span class=\"titulo\">Doctoral Consortium: Boards<\/span><\/li>\n        <li class=\"semead-item\"><span class=\"hora\">10:00 \u2013 12:00<\/span> <span class=\"titulo\">Technical Visits<\/span> <span class=\"nota\">(Cubo Ita\u00fa, Cietec, B3 Museum)<\/span><\/li>\n        <li class=\"semead-item\"><span class=\"hora\">12:00 \u2013 14:00<\/span> <span class=\"titulo\">Break<\/span><\/li>\n        <li class=\"semead-item\"><span class=\"hora\">14:00 \u2013 18:00<\/span> <span class=\"titulo\">Technical Visits<\/span> <span class=\"nota\">(Auspin, Heineken, Inova USP, Bradesco Asset)<\/span><\/li>\n        <li class=\"semead-item\"><span class=\"titulo\">Colloquium<\/span> <span class=\"nota\">(time to be defined)<\/span><\/li>\n      <\/ul>\n    <\/div>\n  <\/section>\n\n  <!-- 12\/11\/2025 -->\n  <section class=\"semead-dia\">\n    <h4>12\/11\/2025 (Wednesday)<span class=\"tag tag-presencial\">On-site<\/span><\/h4>\n    <ul class=\"semead-lista\">\n      <li class=\"semead-item\"><span class=\"hora\">08:00 \u2013 08:30<\/span> <span class=\"titulo\">Registration<\/span><\/li>\n      <li class=\"semead-item\"><span class=\"hora\">08:30 \u2013 10:00<\/span> <span class=\"titulo\">Paper Presentation Session (1) + Sapiens<\/span> <span class=\"nota\">(Public Administration, Agribusiness and Operations)<\/span><\/li>\n      <li class=\"semead-item\"><span class=\"hora\">11:00 \u2013 12:30<\/span> <span class=\"titulo\">Official Opening &#8211; Camargo Guarnieri Auditorium<\/span><\/li>\n      <li class=\"semead-item\"><span class=\"hora\">12:30 \u2013 14:00<\/span> <span class=\"titulo\">Lunch<\/span><\/li>\n      <li class=\"semead-item\"><span class=\"hora\">14:00 \u2013 15:30<\/span> <span class=\"titulo\">Keynotes \/ Panels<\/span><\/li>\n      <li class=\"semead-item\"><span class=\"hora\">15:30 \u2013 17:00<\/span> <span class=\"titulo\">Workshops<\/span><\/li>\n      <li class=\"semead-item\"><span class=\"hora\">17:00 \u2013 17:30<\/span> <span class=\"titulo\">Coffee Break<\/span><\/li>\n      <li class=\"semead-item\"><span class=\"hora\">17:30 \u2013 19:00<\/span> <span class=\"titulo\">Paper Presentation Session (2) + Sapiens<\/span> <span class=\"nota\">(Organizational Studies, Tourism and Hospitality)<\/span><\/li>\n    <\/ul>\n  <\/section>\n\n  <!-- 11\/13\/2025 -->\n  <section class=\"semead-dia\">\n    <h4>13\/11\/2025 (Thursday)<span class=\"tag tag-presencial\">On-site<\/span><\/h4>\n    <ul class=\"semead-lista\">\n      <li class=\"semead-item\"><span class=\"hora\">08:00 \u2013 08:30<\/span> <span class=\"titulo\">Registration<\/span><\/li>\n      <li class=\"semead-item\"><span class=\"hora\">08:30 \u2013 10:00<\/span> <span class=\"titulo\">Paper Presentation Session (3) + Sapiens<\/span> <span class=\"nota\">(Strategy and Social-Environmental Management)<\/span><\/li>\n      <li class=\"semead-item\"><span class=\"hora\">10:00 \u2013 10:30<\/span> <span class=\"titulo\">Coffee Break<\/span><\/li>\n      <li class=\"semead-item\"><span class=\"hora\">10:30 \u2013 12:00<\/span> <span class=\"titulo\">Workshops<\/span><\/li>\n      <li class=\"semead-item\"><span class=\"hora\">12:00 \u2013 13:00<\/span> <span class=\"titulo\">Lunch<\/span><\/li>\n      <li class=\"semead-item\"><span class=\"hora\">13:00 \u2013 14:30<\/span> <span class=\"titulo\">Panels \/ Keynotes<\/span><\/li>\n      <li class=\"semead-item\"><span class=\"hora\">14:30 \u2013 16:00<\/span> <span class=\"titulo\">Workshops<\/span><\/li>\n      <li class=\"semead-item\"><span class=\"hora\">16:00 \u2013 16:30<\/span> <span class=\"titulo\">Coffee Break<\/span><\/li>\n      <li class=\"semead-item\"><span class=\"hora\">16:30 \u2013 18:00<\/span> <span class=\"titulo\">Paper Presentation Session (4) + Sapiens<\/span> <span class=\"nota\">(People Management and Innovation)<\/span><\/li>\n      <li class=\"semead-item\"><span class=\"hora\">18:30 \u2013 20:00<\/span> <span class=\"titulo\">Awards &amp; Fast-Track<\/span><\/li>\n    <\/ul>\n  <\/section>\n\n  <!-- 11\/14\/2025 -->\n  <section class=\"semead-dia\">\n    <h4>14\/11\/2025 (Friday)<span class=\"tag tag-presencial\">On-site<\/span><\/h4>\n    <ul class=\"semead-lista\">\n      <li class=\"semead-item\"><span class=\"hora\">08:00 \u2013 08:30<\/span> <span class=\"titulo\">Registration<\/span><\/li>\n      <li class=\"semead-item\"><span class=\"hora\">08:30 \u2013 10:00<\/span> <span class=\"titulo\">Paper Presentation Session (5) + Sapiens<\/span> <span class=\"nota\">(Finance, Teaching &amp; Research, Entrepreneurship)<\/span><\/li>\n      <li class=\"semead-item\"><span class=\"hora\">10:00 \u2013 10:30<\/span> <span class=\"titulo\">Coffee Break<\/span><\/li>\n      <li class=\"semead-item\"><span class=\"hora\">10:30 \u2013 12:00<\/span> <span class=\"titulo\">Workshops<\/span><\/li>\n      <li class=\"semead-item\"><span class=\"hora\">12:00 \u2013 13:00<\/span> <span class=\"titulo\">Lunch<\/span><\/li>\n      <li class=\"semead-item\"><span class=\"hora\">13:00 \u2013 14:30<\/span> <span class=\"titulo\">Panel \/ Keynotes<\/span><\/li>\n      <li class=\"semead-item\"><span class=\"hora\">14:30 \u2013 16:00<\/span> <span class=\"titulo\">Paper Presentation Session (6) + Sapiens<\/span> <span class=\"nota\">(Marketing &amp; IT)<\/span><\/li>\n      <li class=\"semead-item\"><span class=\"hora\">16:00 \u2013 16:30<\/span> <span class=\"titulo\">Coffee Break<\/span><\/li>\n      <li class=\"semead-item\"><span class=\"hora\">16:30 \u2013 18:00<\/span> <span class=\"titulo\">Paper Presentation Session (7)<\/span><\/li>\n    <\/ul>\n  <\/section>\n<\/div>\n","protected":false},"excerpt":{"rendered":"<p>10\/11\/2025 (Monday) Online On-site Online 09:00 \u2013 10:00 Opening and Online Instructions 10:00 \u2013 10:30 Break 10:30 \u2013 12:00 Paper Presentation Session (1) + Sapiens Online 12:00 \u2013 13:00 Break 13:00 \u2013 14:30 Keynote \/ Panel 14:30 \u2013 16:00 Workshops 16:00 \u2013 16:30 Break 16:30 \u2013 18:00 Paper Presentation Session (2) + Sapiens Online 18:00&#8230;<\/p>\n","protected":false},"author":4,"featured_media":0,"parent":0,"menu_order":0,"comment_status":"closed","ping_status":"closed","template":"","meta":{"_acf_changed":false,"_monsterinsights_skip_tracking":false,"_monsterinsights_sitenote_active":false,"_monsterinsights_sitenote_note":"","_monsterinsights_sitenote_category":0,"footnotes":""},"class_list":["post-33910","page","type-page","status-publish","hentry"],"acf":[],"yoast_head":"<!-- This site is optimized with the Yoast SEO plugin v27.1.1 - https:\/\/yoast.com\/product\/yoast-seo-wordpress\/ -->\n<title>Event Schedule - XXVIII SemeAd<\/title>\n<meta name=\"robots\" content=\"index, follow, max-snippet:-1, max-image-preview:large, max-video-preview:-1\" \/>\n<link rel=\"canonical\" href=\"https:\/\/semead.com.br\/28\/en\/event-schedule\/\" \/>\n<meta property=\"og:locale\" content=\"en_US\" \/>\n<meta property=\"og:type\" content=\"article\" \/>\n<meta property=\"og:title\" content=\"Event Schedule - XXVIII SemeAd\" \/>\n<meta property=\"og:description\" content=\"10\/11\/2025 (Monday) Online On-site Online 09:00 \u2013 10:00 Opening and Online Instructions 10:00 \u2013 10:30 Break 10:30 \u2013 12:00 Paper Presentation Session (1) + Sapiens Online 12:00 \u2013 13:00 Break 13:00 \u2013 14:30 Keynote \/ Panel 14:30 \u2013 16:00 Workshops 16:00 \u2013 16:30 Break 16:30 \u2013 18:00 Paper Presentation Session (2) + Sapiens Online 18:00...\" \/>\n<meta property=\"og:url\" content=\"https:\/\/semead.com.br\/28\/en\/event-schedule\/\" \/>\n<meta property=\"og:site_name\" content=\"XXVIII SemeAd\" \/>\n<meta property=\"article:modified_time\" content=\"2025-10-10T14:40:45+00:00\" \/>\n<meta name=\"twitter:card\" content=\"summary_large_image\" \/>\n<meta name=\"twitter:label1\" content=\"Est. reading time\" \/>\n\t<meta name=\"twitter:data1\" content=\"2 minutes\" \/>\n<script type=\"application\/ld+json\" class=\"yoast-schema-graph\">{\"@context\":\"https:\/\/schema.org\",\"@graph\":[{\"@type\":\"WebPage\",\"@id\":\"https:\/\/semead.com.br\/28\/en\/event-schedule\/\",\"url\":\"https:\/\/semead.com.br\/28\/en\/event-schedule\/\",\"name\":\"Event Schedule - XXVIII SemeAd\",\"isPartOf\":{\"@id\":\"https:\/\/semead.com.br\/28\/#website\"},\"datePublished\":\"2025-10-10T14:40:40+00:00\",\"dateModified\":\"2025-10-10T14:40:45+00:00\",\"breadcrumb\":{\"@id\":\"https:\/\/semead.com.br\/28\/en\/event-schedule\/#breadcrumb\"},\"inLanguage\":\"en-US\",\"potentialAction\":[{\"@type\":\"ReadAction\",\"target\":[\"https:\/\/semead.com.br\/28\/en\/event-schedule\/\"]}]},{\"@type\":\"BreadcrumbList\",\"@id\":\"https:\/\/semead.com.br\/28\/en\/event-schedule\/#breadcrumb\",\"itemListElement\":[{\"@type\":\"ListItem\",\"position\":1,\"name\":\"In\u00edcio\",\"item\":\"https:\/\/semead.com.br\/28\/en\/\"},{\"@type\":\"ListItem\",\"position\":2,\"name\":\"Event Schedule\"}]},{\"@type\":\"WebSite\",\"@id\":\"https:\/\/semead.com.br\/28\/#website\",\"url\":\"https:\/\/semead.com.br\/28\/\",\"name\":\"XXVIII SemeAd\",\"description\":\"Semin\u00e1rios em administra\u00e7\u00e3o\",\"potentialAction\":[{\"@type\":\"SearchAction\",\"target\":{\"@type\":\"EntryPoint\",\"urlTemplate\":\"https:\/\/semead.com.br\/28\/?s={search_term_string}\"},\"query-input\":{\"@type\":\"PropertyValueSpecification\",\"valueRequired\":true,\"valueName\":\"search_term_string\"}}],\"inLanguage\":\"en-US\"}]}<\/script>\n<!-- \/ Yoast SEO plugin. -->","yoast_head_json":{"title":"Event Schedule - XXVIII SemeAd","robots":{"index":"index","follow":"follow","max-snippet":"max-snippet:-1","max-image-preview":"max-image-preview:large","max-video-preview":"max-video-preview:-1"},"canonical":"https:\/\/semead.com.br\/28\/en\/event-schedule\/","og_locale":"en_US","og_type":"article","og_title":"Event Schedule - XXVIII SemeAd","og_description":"10\/11\/2025 (Monday) Online On-site Online 09:00 \u2013 10:00 Opening and Online Instructions 10:00 \u2013 10:30 Break 10:30 \u2013 12:00 Paper Presentation Session (1) + Sapiens Online 12:00 \u2013 13:00 Break 13:00 \u2013 14:30 Keynote \/ Panel 14:30 \u2013 16:00 Workshops 16:00 \u2013 16:30 Break 16:30 \u2013 18:00 Paper Presentation Session (2) + Sapiens Online 18:00...","og_url":"https:\/\/semead.com.br\/28\/en\/event-schedule\/","og_site_name":"XXVIII SemeAd","article_modified_time":"2025-10-10T14:40:45+00:00","twitter_card":"summary_large_image","twitter_misc":{"Est. reading time":"2 minutes"},"schema":{"@context":"https:\/\/schema.org","@graph":[{"@type":"WebPage","@id":"https:\/\/semead.com.br\/28\/en\/event-schedule\/","url":"https:\/\/semead.com.br\/28\/en\/event-schedule\/","name":"Event Schedule - XXVIII SemeAd","isPartOf":{"@id":"https:\/\/semead.com.br\/28\/#website"},"datePublished":"2025-10-10T14:40:40+00:00","dateModified":"2025-10-10T14:40:45+00:00","breadcrumb":{"@id":"https:\/\/semead.com.br\/28\/en\/event-schedule\/#breadcrumb"},"inLanguage":"en-US","potentialAction":[{"@type":"ReadAction","target":["https:\/\/semead.com.br\/28\/en\/event-schedule\/"]}]},{"@type":"BreadcrumbList","@id":"https:\/\/semead.com.br\/28\/en\/event-schedule\/#breadcrumb","itemListElement":[{"@type":"ListItem","position":1,"name":"In\u00edcio","item":"https:\/\/semead.com.br\/28\/en\/"},{"@type":"ListItem","position":2,"name":"Event Schedule"}]},{"@type":"WebSite","@id":"https:\/\/semead.com.br\/28\/#website","url":"https:\/\/semead.com.br\/28\/","name":"XXVIII SemeAd","description":"Semin\u00e1rios em administra\u00e7\u00e3o","potentialAction":[{"@type":"SearchAction","target":{"@type":"EntryPoint","urlTemplate":"https:\/\/semead.com.br\/28\/?s={search_term_string}"},"query-input":{"@type":"PropertyValueSpecification","valueRequired":true,"valueName":"search_term_string"}}],"inLanguage":"en-US"}]}},"_links":{"self":[{"href":"https:\/\/semead.com.br\/28\/en\/wp-json\/wp\/v2\/pages\/33910","targetHints":{"allow":["GET"]}}],"collection":[{"href":"https:\/\/semead.com.br\/28\/en\/wp-json\/wp\/v2\/pages"}],"about":[{"href":"https:\/\/semead.com.br\/28\/en\/wp-json\/wp\/v2\/types\/page"}],"author":[{"embeddable":true,"href":"https:\/\/semead.com.br\/28\/en\/wp-json\/wp\/v2\/users\/4"}],"replies":[{"embeddable":true,"href":"https:\/\/semead.com.br\/28\/en\/wp-json\/wp\/v2\/comments?post=33910"}],"version-history":[{"count":1,"href":"https:\/\/semead.com.br\/28\/en\/wp-json\/wp\/v2\/pages\/33910\/revisions"}],"predecessor-version":[{"id":33913,"href":"https:\/\/semead.com.br\/28\/en\/wp-json\/wp\/v2\/pages\/33910\/revisions\/33913"}],"wp:attachment":[{"href":"https:\/\/semead.com.br\/28\/en\/wp-json\/wp\/v2\/media?parent=33910"}],"curies":[{"name":"wp","href":"https:\/\/api.w.org\/{rel}","templated":true}]}}