{"id":10194,"date":"2013-05-06T15:44:00","date_gmt":"2013-05-06T15:44:00","guid":{"rendered":"http:\/\/semead.com.br\/?page_id=10194"},"modified":"2025-11-12T14:18:48","modified_gmt":"2025-11-12T17:18:48","slug":"equipe-de-organizacao","status":"publish","type":"page","link":"https:\/\/semead.com.br\/28\/equipe-de-organizacao\/","title":{"rendered":"Organizadores"},"content":{"rendered":"\t\t<div data-elementor-type=\"wp-page\" data-elementor-id=\"10194\" class=\"elementor elementor-10194\">\n\t\t\t\t\t\t<section class=\"elementor-section elementor-top-section elementor-element elementor-element-203c943 elementor-section-boxed elementor-section-height-default elementor-section-height-default\" data-id=\"203c943\" data-element_type=\"section\" data-e-type=\"section\">\n\t\t\t\t\t\t<div class=\"elementor-container elementor-column-gap-default\">\n\t\t\t\t\t<div class=\"elementor-column elementor-col-100 elementor-top-column elementor-element elementor-element-9d486e3\" data-id=\"9d486e3\" data-element_type=\"column\" data-e-type=\"column\">\n\t\t\t<div class=\"elementor-widget-wrap elementor-element-populated\">\n\t\t\t\t\t\t<div class=\"elementor-element elementor-element-66fa9fb elementor-widget elementor-widget-text-editor\" data-id=\"66fa9fb\" data-element_type=\"widget\" data-e-type=\"widget\" data-widget_type=\"text-editor.default\">\n\t\t\t\t<div class=\"elementor-widget-container\">\n\t\t\t\t\t\t\t\t\t<h2>Equipe SemeAd<\/h2>\n<h3>Coordena\u00e7\u00e3o Geral<\/h3>\n<p>Prof. Dr. Jo\u00e3o Maur\u00edcio Gama Boaventura<br>\nProf. Dr. Andres Rodriguez Veloso<\/p>\n<h3>Coordena\u00e7\u00e3o Acad\u00eamica<\/h3>\n<p>Profa. Dra. Amanda de Paula Aguiar Barbosa<\/p>\n<h3>Assistentes T\u00e9cnicos<\/h3>\n<p>Marina Santos de Carvalho<br>\nCarlos Assun\u00e7\u00e3o<\/p>\n<h3>Atendimento a Docentes<\/h3>\n<p>Felipe Votava Louren\u00e7o<\/p>\n<h3>Atendimento aos Congressistas<\/h3>\n<p>Augusto C\u00e9sar de Paula Corn\u00e9lio<br>\nSara Rodrigues Seixas<br>\nLucas Valim Dias<\/p>\n<h3>Atendimento de Volunt\u00e1rios<\/h3>\n<p>Haline Hamaguti de Aquino<\/p>\n<h3>Atendimento a Workshops e Pain\u00e9is<\/h3>\n<p>Tain\u00e1 Arraval Martins<\/p>\n<h3>Visitas T\u00e9cnicas<\/h3>\n<p>Felipe Cabral de Ara\u00fajo Fagundes<\/p>\n<h3>Marketing e Comunica\u00e7\u00e3o<\/h3>\n<p>Augusto C\u00e9sar de Paula Corn\u00e9lio<br>\nMarcelo Praxedes da Silva<br>\nDaniela Swei Lo<br>\nMarain Gomez Yin<\/p>\n<h3>Respons\u00e1vel T\u00e9cnico<\/h3>\n<p>Fernando Diogo Yada<\/p>\t\t\t\t\t\t\t\t<\/div>\n\t\t\t\t<\/div>\n\t\t\t\t\t<\/div>\n\t\t<\/div>\n\t\t\t\t\t<\/div>\n\t\t<\/section>\n\t\t\t\t<section class=\"elementor-section elementor-top-section elementor-element elementor-element-506bc1e elementor-section-boxed elementor-section-height-default elementor-section-height-default\" data-id=\"506bc1e\" data-element_type=\"section\" data-e-type=\"section\">\n\t\t\t\t\t\t<div class=\"elementor-container elementor-column-gap-default\">\n\t\t\t\t\t<div class=\"elementor-column elementor-col-100 elementor-top-column elementor-element elementor-element-d956f23\" data-id=\"d956f23\" data-element_type=\"column\" data-e-type=\"column\">\n\t\t\t<div class=\"elementor-widget-wrap elementor-element-populated\">\n\t\t\t\t\t\t<div class=\"elementor-element elementor-element-54466bb elementor-widget elementor-widget-text-editor\" data-id=\"54466bb\" data-element_type=\"widget\" data-e-type=\"widget\" data-widget_type=\"text-editor.default\">\n\t\t\t\t<div class=\"elementor-widget-container\">\n\t\t\t\t\t\t\t\t\t<h2>Comit\u00ea Acad\u00eamico<\/h2><h3>Cons\u00f3rcio Doutoral<\/h3><p>Prof. Dr. Rafael Morais Pereira<br \/>Prof. Dr. Fabio Lotti Oliva<\/p><div style=\"text-align: justify;\"><span style=\"color: #282828; font-size: 28px; font-weight: bold;\">Fast-Track<\/span><span style=\"color: #282828; font-size: 28px; font-weight: bold;\"><br \/><\/span><\/div><p>Prof. Dr. Leandro dos Santos Maciel<\/p><h3>Internacionaliza\u00e7\u00e3o<\/h3><p>Profa. Dra. Rafaela Almeida Cordeiro<\/p><h3>Workshops<\/h3><p>Prof. Dr. Vitor Koki da Costa Nogami<br \/>Profa. Me. Rwrsilany Silva<\/p>\t\t\t\t\t\t\t\t<\/div>\n\t\t\t\t<\/div>\n\t\t\t\t\t<\/div>\n\t\t<\/div>\n\t\t\t\t\t<\/div>\n\t\t<\/section>\n\t\t\t\t<section class=\"elementor-section elementor-top-section elementor-element elementor-element-55a56db elementor-section-boxed elementor-section-height-default elementor-section-height-default\" data-id=\"55a56db\" data-element_type=\"section\" data-e-type=\"section\">\n\t\t\t\t\t\t<div class=\"elementor-container elementor-column-gap-default\">\n\t\t\t\t\t<div class=\"elementor-column elementor-col-100 elementor-top-column elementor-element elementor-element-a72fea5\" data-id=\"a72fea5\" data-element_type=\"column\" data-e-type=\"column\">\n\t\t\t<div class=\"elementor-widget-wrap elementor-element-populated\">\n\t\t\t\t\t\t<div class=\"elementor-element elementor-element-c13ea06 elementor-widget elementor-widget-text-editor\" data-id=\"c13ea06\" data-element_type=\"widget\" data-e-type=\"widget\" data-widget_type=\"text-editor.default\">\n\t\t\t\t<div class=\"elementor-widget-container\">\n\t\t\t\t\t\t\t\t\t<h2>\u00c1reas Tem\u00e1ticas<\/h2>\n<h3>Administra\u00e7\u00e3o P\u00fablica<\/h3>\n<p>Prof. Dr. Alessandro Soares da Silva<br>Prof. Dr. Jos\u00e9 Carlos Vaz<\/p>\n<h3>Agribusiness<\/h3>\n<p>Profa. Dra. Paula Sarita Bigio Schnaider<br>Profa. Dra. Marcela de Mello Brand\u00e3o Vinholis<\/p>\n<h3>Casos de Ensino<\/h3>\n<p>Profa. Dra. Fl\u00e1via D\u2019Albergaria Freitas<\/p>\n<h3>Empreendedorismo<\/h3>\n<p>Profa. Dra. V\u00e2nia Maria Jorge Nassif<br>Prof. Dr. Eduardo Pinto Vilas Boas<\/p>\n<h3>Ensino e Pesquisa<\/h3>\n<p>Profa. Dra. Manolita Correia Lima<br>Profa. Dra. Alessandra de S\u00e1 Mello Costa<\/p>\n<h3>Estrat\u00e9gia em Organiza\u00e7\u00f5es<\/h3>\n<p>Prof. Dr. Benny Kramer Costa<br>Profa. Dra. Simone Ruchdi Barakat<\/p>\n<h3>Estudos Organizacionais<\/h3>\n<p>Prof. Dr. Eduardo Ayrosa<br>Prof. Dr. Charles Kirschbaum<\/p>\n<h3>Finan\u00e7as<\/h3>\n<p>Prof. Dr. Wilson Toshiro Nakamura<\/p>\n<h3>Gest\u00e3o da Inova\u00e7\u00e3o<\/h3>\n<p>Prof. Dr. Felipe Mendes Borini<br>Prof. Dr. Guilherme Ary Plonski<br>Prof. Dr. Carlos Augusto Fran\u00e7a Vargas<\/p>\n<h3>Gest\u00e3o de Pessoas<\/h3>\n<p>Profa. Dra. Heliani Berlato dos Santos<br>Prof. Dr. Helio Arthur Reis Irigaray<\/p>\n<h3>Gest\u00e3o Socioambiental<\/h3>\n<p>Prof. Dr. Flavio Hourneaux J\u00fanior<br>Profa. Dra.Clandia Maffini Gomes<\/p>\n<h3>Marketing<\/h3>\n<p>Prof. Dr. Guilherme de Farias Shiraishi<br>Profa. Dra. Suzane Strehlau<\/p>\n<h3>Opera\u00e7\u00f5es<\/h3>\n<p>Prof. Dr. Alvair Silveira Torres Junior<\/p>\n<h3>Tecnologia da Informa\u00e7\u00e3o<\/h3>\n<p>Prof. Dr. Gilberto Perez<br>Prof. Dr. Luis Hernan Contreras Pinochet<\/p>\n<h3>Turismo e Hospitalidade<\/h3>\n<p>Profa. Dra. Elizabeth Kyoko Wada<br>Prof. Dr. Glauber Eduardo de Oliveira Santos<\/p>\n<h3>Artigos Aplicados<\/h3>\n<p>Prof. Dr. Adilson Caldeira<\/p>\t\t\t\t\t\t\t\t<\/div>\n\t\t\t\t<\/div>\n\t\t\t\t\t<\/div>\n\t\t<\/div>\n\t\t\t\t\t<\/div>\n\t\t<\/section>\n\t\t\t\t<section class=\"elementor-section elementor-top-section elementor-element elementor-element-de1a163 elementor-section-boxed elementor-section-height-default elementor-section-height-default\" data-id=\"de1a163\" data-element_type=\"section\" data-e-type=\"section\">\n\t\t\t\t\t\t<div class=\"elementor-container elementor-column-gap-default\">\n\t\t\t\t\t<div class=\"elementor-column elementor-col-100 elementor-top-column elementor-element elementor-element-844c5ab\" data-id=\"844c5ab\" data-element_type=\"column\" data-e-type=\"column\">\n\t\t\t<div class=\"elementor-widget-wrap elementor-element-populated\">\n\t\t\t\t\t\t<div class=\"elementor-element elementor-element-95557f9 elementor-widget elementor-widget-text-editor\" data-id=\"95557f9\" data-element_type=\"widget\" data-e-type=\"widget\" data-widget_type=\"text-editor.default\">\n\t\t\t\t<div class=\"elementor-widget-container\">\n\t\t\t\t\t\t\t\t\t<h2>Universidade de S\u00e3o Paulo \u2013 USP<\/h2><p>Prof. Dr. Carlos Gilberto Carlotti Junior<br \/>Reitor da Universidade de S\u00e3o Paulo<\/p><h3>Faculdade de Economia e Administra\u00e7\u00e3o \u2013 FEA USP<\/h3><p>Prof. Dra. Maria Dolores Montoya Diaz<br \/>Diretora da Faculdade de Economia, Administra\u00e7\u00e3o e Contabilidade<\/p><p>Prof.Dr. Jo\u00e3o Maur\u00edcio Gama Boaventura<br \/>Chefe do Departamento de Administra\u00e7\u00e3o<\/p><p>Profa. Dra. Kavita Miadaira Hamza<br \/>Coordenadora do Programa de P\u00f3s-Gradua\u00e7\u00e3o em Administra\u00e7\u00e3o<\/p>\t\t\t\t\t\t\t\t<\/div>\n\t\t\t\t<\/div>\n\t\t\t\t\t<\/div>\n\t\t<\/div>\n\t\t\t\t\t<\/div>\n\t\t<\/section>\n\t\t\t\t<\/div>\n\t\t","protected":false},"excerpt":{"rendered":"<p>Equipe SemeAd Coordena\u00e7\u00e3o Geral Prof. Dr. Jo\u00e3o Maur\u00edcio Gama Boaventura Prof. Dr. Andres Rodriguez Veloso Coordena\u00e7\u00e3o Acad\u00eamica Profa. Dra. Amanda de Paula Aguiar Barbosa Assistentes T\u00e9cnicos Marina Santos de Carvalho Carlos Assun\u00e7\u00e3o Atendimento a Docentes Felipe Votava Louren\u00e7o Atendimento aos Congressistas Augusto C\u00e9sar de Paula Corn\u00e9lio Sara Rodrigues Seixas Lucas Valim Dias Atendimento de Volunt\u00e1rios&#8230;<\/p>\n","protected":false},"author":1,"featured_media":0,"parent":0,"menu_order":0,"comment_status":"closed","ping_status":"open","template":"temas.php","meta":{"_acf_changed":false,"_monsterinsights_skip_tracking":false,"_monsterinsights_sitenote_active":false,"_monsterinsights_sitenote_note":"","_monsterinsights_sitenote_category":0,"footnotes":""},"class_list":["post-10194","page","type-page","status-publish","hentry"],"acf":[],"yoast_head":"<!-- This site is optimized with the Yoast SEO plugin v27.1.1 - https:\/\/yoast.com\/product\/yoast-seo-wordpress\/ -->\n<title>Organizadores - XXVIII SemeAd<\/title>\n<meta name=\"robots\" content=\"index, follow, max-snippet:-1, max-image-preview:large, max-video-preview:-1\" \/>\n<link rel=\"canonical\" href=\"https:\/\/semead.com.br\/28\/equipe-de-organizacao\/\" \/>\n<meta property=\"og:locale\" content=\"pt_BR\" \/>\n<meta property=\"og:type\" content=\"article\" \/>\n<meta property=\"og:title\" content=\"Organizadores - XXVIII SemeAd\" \/>\n<meta property=\"og:description\" content=\"Equipe SemeAd Coordena\u00e7\u00e3o Geral Prof. Dr. Jo\u00e3o Maur\u00edcio Gama Boaventura Prof. Dr. Andres Rodriguez Veloso Coordena\u00e7\u00e3o Acad\u00eamica Profa. Dra. Amanda de Paula Aguiar Barbosa Assistentes T\u00e9cnicos Marina Santos de Carvalho Carlos Assun\u00e7\u00e3o Atendimento a Docentes Felipe Votava Louren\u00e7o Atendimento aos Congressistas Augusto C\u00e9sar de Paula Corn\u00e9lio Sara Rodrigues Seixas Lucas Valim Dias Atendimento de Volunt\u00e1rios...\" \/>\n<meta property=\"og:url\" content=\"https:\/\/semead.com.br\/28\/equipe-de-organizacao\/\" \/>\n<meta property=\"og:site_name\" content=\"XXVIII SemeAd\" \/>\n<meta property=\"article:modified_time\" content=\"2025-11-12T17:18:48+00:00\" \/>\n<meta name=\"twitter:card\" content=\"summary_large_image\" \/>\n<meta name=\"twitter:label1\" content=\"Est. tempo de leitura\" \/>\n\t<meta name=\"twitter:data1\" content=\"3 minutos\" \/>\n<script type=\"application\/ld+json\" class=\"yoast-schema-graph\">{\"@context\":\"https:\/\/schema.org\",\"@graph\":[{\"@type\":\"WebPage\",\"@id\":\"https:\/\/semead.com.br\/28\/equipe-de-organizacao\/\",\"url\":\"https:\/\/semead.com.br\/28\/equipe-de-organizacao\/\",\"name\":\"Organizadores - XXVIII SemeAd\",\"isPartOf\":{\"@id\":\"https:\/\/semead.com.br\/28\/#website\"},\"datePublished\":\"2013-05-06T15:44:00+00:00\",\"dateModified\":\"2025-11-12T17:18:48+00:00\",\"breadcrumb\":{\"@id\":\"https:\/\/semead.com.br\/28\/equipe-de-organizacao\/#breadcrumb\"},\"inLanguage\":\"pt-BR\",\"potentialAction\":[{\"@type\":\"ReadAction\",\"target\":[\"https:\/\/semead.com.br\/28\/equipe-de-organizacao\/\"]}]},{\"@type\":\"BreadcrumbList\",\"@id\":\"https:\/\/semead.com.br\/28\/equipe-de-organizacao\/#breadcrumb\",\"itemListElement\":[{\"@type\":\"ListItem\",\"position\":1,\"name\":\"In\u00edcio\",\"item\":\"https:\/\/semead.com.br\/28\/\"},{\"@type\":\"ListItem\",\"position\":2,\"name\":\"Organizadores\"}]},{\"@type\":\"WebSite\",\"@id\":\"https:\/\/semead.com.br\/28\/#website\",\"url\":\"https:\/\/semead.com.br\/28\/\",\"name\":\"XXVIII SemeAd\",\"description\":\"Semin\u00e1rios em administra\u00e7\u00e3o\",\"potentialAction\":[{\"@type\":\"SearchAction\",\"target\":{\"@type\":\"EntryPoint\",\"urlTemplate\":\"https:\/\/semead.com.br\/28\/?s={search_term_string}\"},\"query-input\":{\"@type\":\"PropertyValueSpecification\",\"valueRequired\":true,\"valueName\":\"search_term_string\"}}],\"inLanguage\":\"pt-BR\"}]}<\/script>\n<!-- \/ Yoast SEO plugin. -->","yoast_head_json":{"title":"Organizadores - XXVIII SemeAd","robots":{"index":"index","follow":"follow","max-snippet":"max-snippet:-1","max-image-preview":"max-image-preview:large","max-video-preview":"max-video-preview:-1"},"canonical":"https:\/\/semead.com.br\/28\/equipe-de-organizacao\/","og_locale":"pt_BR","og_type":"article","og_title":"Organizadores - XXVIII SemeAd","og_description":"Equipe SemeAd Coordena\u00e7\u00e3o Geral Prof. Dr. Jo\u00e3o Maur\u00edcio Gama Boaventura Prof. Dr. Andres Rodriguez Veloso Coordena\u00e7\u00e3o Acad\u00eamica Profa. Dra. Amanda de Paula Aguiar Barbosa Assistentes T\u00e9cnicos Marina Santos de Carvalho Carlos Assun\u00e7\u00e3o Atendimento a Docentes Felipe Votava Louren\u00e7o Atendimento aos Congressistas Augusto C\u00e9sar de Paula Corn\u00e9lio Sara Rodrigues Seixas Lucas Valim Dias Atendimento de Volunt\u00e1rios...","og_url":"https:\/\/semead.com.br\/28\/equipe-de-organizacao\/","og_site_name":"XXVIII SemeAd","article_modified_time":"2025-11-12T17:18:48+00:00","twitter_card":"summary_large_image","twitter_misc":{"Est. tempo de leitura":"3 minutos"},"schema":{"@context":"https:\/\/schema.org","@graph":[{"@type":"WebPage","@id":"https:\/\/semead.com.br\/28\/equipe-de-organizacao\/","url":"https:\/\/semead.com.br\/28\/equipe-de-organizacao\/","name":"Organizadores - XXVIII SemeAd","isPartOf":{"@id":"https:\/\/semead.com.br\/28\/#website"},"datePublished":"2013-05-06T15:44:00+00:00","dateModified":"2025-11-12T17:18:48+00:00","breadcrumb":{"@id":"https:\/\/semead.com.br\/28\/equipe-de-organizacao\/#breadcrumb"},"inLanguage":"pt-BR","potentialAction":[{"@type":"ReadAction","target":["https:\/\/semead.com.br\/28\/equipe-de-organizacao\/"]}]},{"@type":"BreadcrumbList","@id":"https:\/\/semead.com.br\/28\/equipe-de-organizacao\/#breadcrumb","itemListElement":[{"@type":"ListItem","position":1,"name":"In\u00edcio","item":"https:\/\/semead.com.br\/28\/"},{"@type":"ListItem","position":2,"name":"Organizadores"}]},{"@type":"WebSite","@id":"https:\/\/semead.com.br\/28\/#website","url":"https:\/\/semead.com.br\/28\/","name":"XXVIII SemeAd","description":"Semin\u00e1rios em administra\u00e7\u00e3o","potentialAction":[{"@type":"SearchAction","target":{"@type":"EntryPoint","urlTemplate":"https:\/\/semead.com.br\/28\/?s={search_term_string}"},"query-input":{"@type":"PropertyValueSpecification","valueRequired":true,"valueName":"search_term_string"}}],"inLanguage":"pt-BR"}]}},"_links":{"self":[{"href":"https:\/\/semead.com.br\/28\/wp-json\/wp\/v2\/pages\/10194","targetHints":{"allow":["GET"]}}],"collection":[{"href":"https:\/\/semead.com.br\/28\/wp-json\/wp\/v2\/pages"}],"about":[{"href":"https:\/\/semead.com.br\/28\/wp-json\/wp\/v2\/types\/page"}],"author":[{"embeddable":true,"href":"https:\/\/semead.com.br\/28\/wp-json\/wp\/v2\/users\/1"}],"replies":[{"embeddable":true,"href":"https:\/\/semead.com.br\/28\/wp-json\/wp\/v2\/comments?post=10194"}],"version-history":[{"count":3,"href":"https:\/\/semead.com.br\/28\/wp-json\/wp\/v2\/pages\/10194\/revisions"}],"predecessor-version":[{"id":34493,"href":"https:\/\/semead.com.br\/28\/wp-json\/wp\/v2\/pages\/10194\/revisions\/34493"}],"wp:attachment":[{"href":"https:\/\/semead.com.br\/28\/wp-json\/wp\/v2\/media?parent=10194"}],"curies":[{"name":"wp","href":"https:\/\/api.w.org\/{rel}","templated":true}]}}