{"id":11,"date":"2013-04-26T00:09:23","date_gmt":"2013-04-26T00:09:23","guid":{"rendered":"http:\/\/semead.com.br\/?page_id=11"},"modified":"2026-05-09T16:03:54","modified_gmt":"2026-05-09T19:03:54","slug":"metodos-e-tecnicas-de-pesquisa-em-administracao","status":"publish","type":"page","link":"https:\/\/semead.com.br\/28\/areas\/cientificas\/metodos-e-tecnicas-de-pesquisa-em-administracao\/","title":{"rendered":"M\u00e9todos e T\u00e9cnicas de Pesquisa em Administra\u00e7\u00e3o"},"content":{"rendered":"","protected":false},"excerpt":{"rendered":"","protected":false},"author":1,"featured_media":0,"parent":9,"menu_order":2,"comment_status":"closed","ping_status":"open","template":"temas.php","meta":{"_acf_changed":false,"_monsterinsights_skip_tracking":false,"_monsterinsights_sitenote_active":false,"_monsterinsights_sitenote_note":"","_monsterinsights_sitenote_category":0,"footnotes":""},"class_list":["post-11","page","type-page","status-publish","hentry"],"acf":{"coordenadores":[{"titulo":"Coordenadora: ","nome":"Profa. Dra. Manolita Correia Lima","instituicao":"ESPM","imagem":34880},{"titulo":"Coordenador Adjunto:","nome":"Prof. Dr. Marco Ant\u00f4nio Silva","instituicao":"Universidade Lus\u00f3fona","imagem":34884}],"audio_da_coordenacao":"","temas":[{"tema_nome":"Ambientes de Ensino e Aprendizagem","tema_descricao":"Contextos sociais, f\u00edsicos, psicol\u00f3gicos e pedag\u00f3gicos em que a aprendizagem ocorre. O professor e o estudante no contexto do ensino orientado para a aprendizagem. M\u00e9todos ativos e colaborativos de ensino e aprendizagem. Processos de planejamento; desenvolvimento de m\u00e9todos, t\u00e9cnicas e ferramentas de ensino e aprendizagem; desenvolvimento de atividades, artefatos did\u00e1ticos, eventos e produtos educacionais. Desenho instrucional e ambientes educacionais. Uso de artefatos no processo de ensino-aprendizagem. Influ\u00eancia das diferen\u00e7as individuais no contexto ensino-aprendizagem. Influ\u00eancia da pandemia Covid-19 sobre o ensino-aprendizagem. Influencia da IA no processo de ensino e aprendizagem.","audio":"","lideres":[{"lider_nome":"L\u00edder: Prof. Dr. Thiago Gomes de Almeida (Universidade Federal de juiz de Fora)","lider_foto":34895},{"lider_nome":"L\u00edder Adjunto: Prof. Dr. Fabr\u00edzio Meller da Silva (UEM)","lider_foto":33463},{"lider_nome":"Co-L\u00edder Internacional: Prof. Dr. Miguel Ysrrael Ram\u00edrez-S\u00e1nchez (Universidade Aut\u00f4noma do Estado do M\u00e9xico)","lider_foto":34878}]},{"tema_nome":"Educa\u00e7\u00e3o a Dist\u00e2ncia, E-learning e B-Learning: pessoas, projetos e tecnologias","tema_descricao":"Concep\u00e7\u00e3o, planejamento, implementa\u00e7\u00e3o e avalia\u00e7\u00e3o de projetos de Educa\u00e7\u00e3o a Dist\u00e2ncia, E-learning e B-Learning. Ambientes Virtuais de Aprendizagem. Comunica\u00e7\u00e3o, intera\u00e7\u00e3o e trabalho colaborativo em ambientes virtuais de aprendizagem. Media\u00e7\u00e3o e acompanhamento da aprendizagem em ambientes virtuais. Subjetividade e massifica\u00e7\u00e3o em ambientes virtuais de aprendizagem. Metodologias de ensino e avalia\u00e7\u00e3o da aprendizagem em projetos de Educa\u00e7\u00e3o a Dist\u00e2ncia, E-learning e B-Learning. Diversidade\/especificidade do uso de Tecnologias Digitais de Informa\u00e7\u00e3o e Comunica\u00e7\u00e3o (TDIC), Tecnologias da Informa\u00e7\u00e3o e Comunica\u00e7\u00e3o (TIC) e outras tecnologias complementares em projetos de Educa\u00e7\u00e3o a Dist\u00e2ncia, E-learning e B-Learning E-learning. Educa\u00e7\u00e3o n\u00e3o-Presencial e em Educa\u00e7\u00e3o H\u00edbrida com a incorpora\u00e7\u00e3o de Intelig\u00eancia artificial, realidade aumentada, realidade virtual, entre outras.","audio":"","lideres":[{"lider_nome":"L\u00edder: Profa. Dra. Maria Carolina Conejero (Funda\u00e7\u00e3o Educacional Inaciana \u2013 FEI \/ ESPM)","lider_foto":30883},{"lider_nome":"L\u00edder Adjunto: Prof. Dr . Fl\u00e1vio Henrique dos Santos Foguel (UNIVAG \u2013 Centro Universit\u00e1rio de V\u00e1rsea Grande)","lider_foto":33465},{"lider_nome":"Co-L\u00edder Internacional: Profa. Dra. Georgette Andraz (Universidade do Algarve - Portugal)","lider_foto":30881}]},{"tema_nome":"Experi\u00eancias de Ensino e Aprendizagem","tema_descricao":"Investiga\u00e7\u00e3o cient\u00edfica de pr\u00e1ticas de ensino-aprendizagem no campo da Administra\u00e7\u00e3o, com foco na an\u00e1lise de processos vivenciados em contextos institucionais reais. Envolve a sistematiza\u00e7\u00e3o de experi\u00eancias pedag\u00f3gicas, an\u00e1lise de interven\u00e7\u00f5es educacionais, avalia\u00e7\u00e3o de impacto formativo e estudos de caso sobre inova\u00e7\u00e3o did\u00e1tica aplicada no ambiente brasileiro e internacional. Contempla ainda a produ\u00e7\u00e3o de evid\u00eancias sobre din\u00e2micas de aprendizagem em projetos curriculares, extens\u00e3o, est\u00e1gios e programas de monitoria, articuladas \u00e0s diretrizes curriculares nacionais. Inclui pesquisas sobre o desenvolvimento de compet\u00eancias computacionais, aplica\u00e7\u00e3o de metodologias ativas e uso de intelig\u00eancia artificial como ferramenta de apoio ao processo formativo.  Resultados de pesquisas te\u00f3ricas e emp\u00edricas sobre engajamento para o ensino-aprendizagem como resultado de programas institucionais","audio":"","lideres":[{"lider_nome":"L\u00edder: Profa. Dra. Carolina Machado Saraiva (Universidade Federal de Ouro Preto \u2013 UFOP)","lider_foto":30909},{"lider_nome":"L\u00edder Adjunta: Prof.a Dra. Fernanda Carla Wasner Vasconcelos (PUC Minas- N\u00facleo de Pesquisa em \u00c9tica e Gest\u00e3o Social)","lider_foto":33467},{"lider_nome":"Co-L\u00edder Internacional: Profa. Dra. Soledad Oregioni (Consejo Nacional de Investigaciones Cient\u00edficas y T\u00e9cnicas \/ Universidad Nacional del Centro de la Provincia de Buenos Aires - Argentina)","lider_foto":30907}]},{"tema_nome":"Forma\u00e7\u00e3o do Professor e Pesquisador","tema_descricao":"Pol\u00edticas p\u00fablicas nacionais e internacionais orientadas para a forma\u00e7\u00e3o de professores e pesquisadores. Programas de forma\u00e7\u00e3o cient\u00edfica e pedag\u00f3gica de professores e pesquisadores. A contribui\u00e7\u00e3o dos cursos de mestrado e doutorado na forma\u00e7\u00e3o pedag\u00f3gica dos professores. O processo de orienta\u00e7\u00e3o acad\u00eamica e a forma\u00e7\u00e3o do professor e do pesquisador. Implica\u00e7\u00f5es do produtivismo acad\u00eamico na forma\u00e7\u00e3o do professor e do pesquisador.  Trajet\u00f3rias de carreiras de professores e de pesquisadores. Desafios para a forma\u00e7\u00e3o e a pr\u00e1tica da carreira de professor e\/ou pesquisador. Diversidade de g\u00eanero, ra\u00e7a, etnia e gera\u00e7\u00f5es na carreira do professor\/pesquisador. A influ\u00eancia da IA sobre a forma\u00e7\u00e3o pedag\u00f3gica do professor e sobre a forma\u00e7\u00e3o cient\u00edfica do pesquisador.","audio":"","lideres":[{"lider_nome":"L\u00edder: Prof. Dr. Elton Oliveira de Moura (IFRN)","lider_foto":34886},{"lider_nome":"L\u00edder Adjunto: Prof. Dr. Ivan Akio Itocazo Soida (ESPM-SP)","lider_foto":34882},{"lider_nome":"Co-L\u00edder Internacional: Prof. Dr. Jos\u00e9 Sa\u00fal Arias Cer\u00f3n (Universidad Popular Aut\u00f3noma del Estado de Puebla (UPAEP))","lider_foto":34892}]},{"tema_nome":"M\u00e9todos e T\u00e9cnicas de Pesquisa em Administra\u00e7\u00e3o","tema_descricao":"Produ\u00e7\u00e3o e difus\u00e3o do conhecimento. Planejamento da pesquisa cient\u00edfica. Avalia\u00e7\u00e3o da pesquisa cient\u00edfica: crit\u00e9rios de validade e confiabilidade. \u00c9tica na pesquisa cient\u00edfica. Abordagens metodol\u00f3gicas. M\u00e9todos qualitativos e m\u00e9todos quantitativos. Benef\u00edcios da ado\u00e7\u00e3o conjunta de m\u00e9todos quantitativos e qualitativos. T\u00e9cnicas de coleta e tratamento de dados. Procedimentos de interpreta\u00e7\u00e3o e an\u00e1lise de dados. M\u00e9todos inovadores e t\u00e9cnicas virtuais\/online de pesquisa cient\u00edfica. Contribui\u00e7\u00f5es e limita\u00e7\u00f5es do uso da intelig\u00eancia artificial na pesquisa e na produ\u00e7\u00e3o de texto. Quest\u00f5es \u00e9ticas envolvidas no uso da IA na produ\u00e7\u00e3o do conhecimento.","audio":"","lideres":[{"lider_nome":"L\u00edder: Prof. Dr. Cledinaldo Aparecido Dias (UFMG\/UNIMONTES)","lider_foto":30901},{"lider_nome":"L\u00edder Adjunto: Prof. Dr. Webert Jannsen Pires de Santana (\u00c9cole de Management de Lyon (EMLYON) \/ Universidade Federal do Cariri)","lider_foto":34893},{"lider_nome":"L\u00edder Adjunto: Prof. Dr. Gabriel Vouga Chueke (Universidad Popular Aut\u00f3noma del Estado de Puebla (UPAEP))","lider_foto":34888}]},{"tema_nome":"Planejamento de Ensino: programas, cursos, disciplinas, aulas e avalia\u00e7\u00e3o","tema_descricao":"Gest\u00e3o Estrat\u00e9gica nas IES. Gest\u00e3o por evid\u00eancias. Forma\u00e7\u00e3o de gestores acad\u00eamicos. Influ\u00eancia das novas DCNs sobre os cursos de gradua\u00e7\u00e3o em Administra\u00e7\u00e3o. Inova\u00e7\u00e3o e redesenho curricular dos cursos de Administra\u00e7\u00e3o. Sistemas de avalia\u00e7\u00e3o\/acredita\u00e7\u00e3o de cursos\/IES (SINAES, AACSB, EQUIS, AMBA). Autoavalia\u00e7\u00e3o institucional (CPA). Sistema de Avalia\u00e7\u00e3o da p\u00f3s-gradua\u00e7\u00e3o (CAPES\/Qualis). Organiza\u00e7\u00e3o dos PPGs. Teorias e metodologias de avalia\u00e7\u00e3o de ensino-aprendizagem. Instrumentos de avalia\u00e7\u00e3o do aprendizado e do planejamento e processo ensino-aprendizagem. ","audio":"","lideres":[{"lider_nome":"L\u00edder: Prof. Dr. Belmiro do Nascimento Jo\u00e3o (PUC-SP)","lider_foto":34890},{"lider_nome":"L\u00edder Adjunta: Profa. Dra. Renata Luiza de Castilho Rossoni (ESPM)","lider_foto":34897},{"lider_nome":"Co-L\u00edder Internacional: Profa. Dra. Susana Costa e Silva (Universidade Cat\u00f3lica Portuguesa. Professora visitante na University Saint Joseph Macau)","lider_foto":34899}]}]},"yoast_head":"<!-- This site is optimized with the Yoast SEO plugin v27.6 - https:\/\/yoast.com\/product\/yoast-seo-wordpress\/ -->\n<title>M\u00e9todos e T\u00e9cnicas de Pesquisa em Administra\u00e7\u00e3o - XXVIII SemeAd<\/title>\n<meta name=\"robots\" content=\"index, follow, max-snippet:-1, max-image-preview:large, max-video-preview:-1\" \/>\n<link rel=\"canonical\" href=\"https:\/\/semead.com.br\/28\/areas\/cientificas\/metodos-e-tecnicas-de-pesquisa-em-administracao\/\" \/>\n<meta property=\"og:locale\" content=\"pt_BR\" \/>\n<meta property=\"og:type\" content=\"article\" \/>\n<meta property=\"og:title\" content=\"M\u00e9todos e T\u00e9cnicas de Pesquisa em Administra\u00e7\u00e3o - XXVIII SemeAd\" \/>\n<meta property=\"og:url\" content=\"https:\/\/semead.com.br\/28\/areas\/cientificas\/metodos-e-tecnicas-de-pesquisa-em-administracao\/\" \/>\n<meta property=\"og:site_name\" content=\"XXVIII SemeAd\" \/>\n<meta property=\"article:modified_time\" content=\"2026-05-09T19:03:54+00:00\" \/>\n<meta name=\"twitter:card\" content=\"summary_large_image\" \/>\n<script type=\"application\/ld+json\" class=\"yoast-schema-graph\">{\"@context\":\"https:\\\/\\\/schema.org\",\"@graph\":[{\"@type\":\"WebPage\",\"@id\":\"https:\\\/\\\/semead.com.br\\\/28\\\/areas\\\/cientificas\\\/metodos-e-tecnicas-de-pesquisa-em-administracao\\\/\",\"url\":\"https:\\\/\\\/semead.com.br\\\/28\\\/areas\\\/cientificas\\\/metodos-e-tecnicas-de-pesquisa-em-administracao\\\/\",\"name\":\"M\u00e9todos e T\u00e9cnicas de Pesquisa em Administra\u00e7\u00e3o - XXVIII SemeAd\",\"isPartOf\":{\"@id\":\"https:\\\/\\\/semead.com.br\\\/28\\\/#website\"},\"datePublished\":\"2013-04-26T00:09:23+00:00\",\"dateModified\":\"2026-05-09T19:03:54+00:00\",\"breadcrumb\":{\"@id\":\"https:\\\/\\\/semead.com.br\\\/28\\\/areas\\\/cientificas\\\/metodos-e-tecnicas-de-pesquisa-em-administracao\\\/#breadcrumb\"},\"inLanguage\":\"pt-BR\",\"potentialAction\":[{\"@type\":\"ReadAction\",\"target\":[\"https:\\\/\\\/semead.com.br\\\/28\\\/areas\\\/cientificas\\\/metodos-e-tecnicas-de-pesquisa-em-administracao\\\/\"]}]},{\"@type\":\"BreadcrumbList\",\"@id\":\"https:\\\/\\\/semead.com.br\\\/28\\\/areas\\\/cientificas\\\/metodos-e-tecnicas-de-pesquisa-em-administracao\\\/#breadcrumb\",\"itemListElement\":[{\"@type\":\"ListItem\",\"position\":1,\"name\":\"In\u00edcio\",\"item\":\"https:\\\/\\\/semead.com.br\\\/28\\\/\"},{\"@type\":\"ListItem\",\"position\":2,\"name\":\"\u00c1reas\",\"item\":\"https:\\\/\\\/semead.com.br\\\/28\\\/areas\\\/\"},{\"@type\":\"ListItem\",\"position\":3,\"name\":\"\u00c1reas Cient\u00edficas\",\"item\":\"https:\\\/\\\/semead.com.br\\\/28\\\/tracks\\\/scientific-areas\\\/\"},{\"@type\":\"ListItem\",\"position\":4,\"name\":\"M\u00e9todos e T\u00e9cnicas de Pesquisa em Administra\u00e7\u00e3o\"}]},{\"@type\":\"WebSite\",\"@id\":\"https:\\\/\\\/semead.com.br\\\/28\\\/#website\",\"url\":\"https:\\\/\\\/semead.com.br\\\/28\\\/\",\"name\":\"XXVIII SemeAd\",\"description\":\"Semin\u00e1rios em administra\u00e7\u00e3o\",\"potentialAction\":[{\"@type\":\"SearchAction\",\"target\":{\"@type\":\"EntryPoint\",\"urlTemplate\":\"https:\\\/\\\/semead.com.br\\\/28\\\/?s={search_term_string}\"},\"query-input\":{\"@type\":\"PropertyValueSpecification\",\"valueRequired\":true,\"valueName\":\"search_term_string\"}}],\"inLanguage\":\"pt-BR\"}]}<\/script>\n<!-- \/ Yoast SEO plugin. -->","yoast_head_json":{"title":"M\u00e9todos e T\u00e9cnicas de Pesquisa em Administra\u00e7\u00e3o - XXVIII SemeAd","robots":{"index":"index","follow":"follow","max-snippet":"max-snippet:-1","max-image-preview":"max-image-preview:large","max-video-preview":"max-video-preview:-1"},"canonical":"https:\/\/semead.com.br\/28\/areas\/cientificas\/metodos-e-tecnicas-de-pesquisa-em-administracao\/","og_locale":"pt_BR","og_type":"article","og_title":"M\u00e9todos e T\u00e9cnicas de Pesquisa em Administra\u00e7\u00e3o - XXVIII SemeAd","og_url":"https:\/\/semead.com.br\/28\/areas\/cientificas\/metodos-e-tecnicas-de-pesquisa-em-administracao\/","og_site_name":"XXVIII SemeAd","article_modified_time":"2026-05-09T19:03:54+00:00","twitter_card":"summary_large_image","schema":{"@context":"https:\/\/schema.org","@graph":[{"@type":"WebPage","@id":"https:\/\/semead.com.br\/28\/areas\/cientificas\/metodos-e-tecnicas-de-pesquisa-em-administracao\/","url":"https:\/\/semead.com.br\/28\/areas\/cientificas\/metodos-e-tecnicas-de-pesquisa-em-administracao\/","name":"M\u00e9todos e T\u00e9cnicas de Pesquisa em Administra\u00e7\u00e3o - XXVIII SemeAd","isPartOf":{"@id":"https:\/\/semead.com.br\/28\/#website"},"datePublished":"2013-04-26T00:09:23+00:00","dateModified":"2026-05-09T19:03:54+00:00","breadcrumb":{"@id":"https:\/\/semead.com.br\/28\/areas\/cientificas\/metodos-e-tecnicas-de-pesquisa-em-administracao\/#breadcrumb"},"inLanguage":"pt-BR","potentialAction":[{"@type":"ReadAction","target":["https:\/\/semead.com.br\/28\/areas\/cientificas\/metodos-e-tecnicas-de-pesquisa-em-administracao\/"]}]},{"@type":"BreadcrumbList","@id":"https:\/\/semead.com.br\/28\/areas\/cientificas\/metodos-e-tecnicas-de-pesquisa-em-administracao\/#breadcrumb","itemListElement":[{"@type":"ListItem","position":1,"name":"In\u00edcio","item":"https:\/\/semead.com.br\/28\/"},{"@type":"ListItem","position":2,"name":"\u00c1reas","item":"https:\/\/semead.com.br\/28\/areas\/"},{"@type":"ListItem","position":3,"name":"\u00c1reas Cient\u00edficas","item":"https:\/\/semead.com.br\/28\/tracks\/scientific-areas\/"},{"@type":"ListItem","position":4,"name":"M\u00e9todos e T\u00e9cnicas de Pesquisa em Administra\u00e7\u00e3o"}]},{"@type":"WebSite","@id":"https:\/\/semead.com.br\/28\/#website","url":"https:\/\/semead.com.br\/28\/","name":"XXVIII SemeAd","description":"Semin\u00e1rios em administra\u00e7\u00e3o","potentialAction":[{"@type":"SearchAction","target":{"@type":"EntryPoint","urlTemplate":"https:\/\/semead.com.br\/28\/?s={search_term_string}"},"query-input":{"@type":"PropertyValueSpecification","valueRequired":true,"valueName":"search_term_string"}}],"inLanguage":"pt-BR"}]}},"_links":{"self":[{"href":"https:\/\/semead.com.br\/28\/wp-json\/wp\/v2\/pages\/11","targetHints":{"allow":["GET"]}}],"collection":[{"href":"https:\/\/semead.com.br\/28\/wp-json\/wp\/v2\/pages"}],"about":[{"href":"https:\/\/semead.com.br\/28\/wp-json\/wp\/v2\/types\/page"}],"author":[{"embeddable":true,"href":"https:\/\/semead.com.br\/28\/wp-json\/wp\/v2\/users\/1"}],"replies":[{"embeddable":true,"href":"https:\/\/semead.com.br\/28\/wp-json\/wp\/v2\/comments?post=11"}],"version-history":[{"count":3,"href":"https:\/\/semead.com.br\/28\/wp-json\/wp\/v2\/pages\/11\/revisions"}],"predecessor-version":[{"id":33512,"href":"https:\/\/semead.com.br\/28\/wp-json\/wp\/v2\/pages\/11\/revisions\/33512"}],"up":[{"embeddable":true,"href":"https:\/\/semead.com.br\/28\/wp-json\/wp\/v2\/pages\/9"}],"wp:attachment":[{"href":"https:\/\/semead.com.br\/28\/wp-json\/wp\/v2\/media?parent=11"}],"curies":[{"name":"wp","href":"https:\/\/api.w.org\/{rel}","templated":true}]}}