{"id":12254,"date":"2013-04-23T14:32:18","date_gmt":"2013-04-23T14:32:18","guid":{"rendered":"http:\/\/semead.com.br\/?page_id=2"},"modified":"2025-04-03T11:55:54","modified_gmt":"2025-04-03T14:55:54","slug":"evento","status":"publish","type":"page","link":"https:\/\/semead.com.br\/28\/evento\/","title":{"rendered":"Evento"},"content":{"rendered":"<p>O SemeAd \u2013 Semin\u00e1rios em Administra\u00e7\u00e3o da Faculdade de Economia, Administra\u00e7\u00e3o, Contabilidade e Atu\u00e1ria da Universidade de S\u00e3o Paulo \u00e9 um dos principais eventos cient\u00edficos da \u00e1rea no Brasil. Realizado anualmente, o SemeAd tem um papel fundamental no interc\u00e2mbio e na discuss\u00e3o da produ\u00e7\u00e3o acad\u00eamica e tecnol\u00f3gica em Administra\u00e7\u00e3o, tanto no cen\u00e1rio nacional quanto internacional.<\/p>\n<p><p>Desde sua cria\u00e7\u00e3o, em 1996, o evento tem evolu\u00eddo continuamente, consolidando-se como refer\u00eancia na \u00e1rea. Os artigos submetidos passam por um rigoroso processo de avalia\u00e7\u00e3o no sistema double blind review, garantindo a qualidade cient\u00edfica das pesquisas apresentadas. Os trabalhos aprovados s\u00e3o publicados nos anais do evento e divulgados no site oficial. Al\u00e9m disso, os melhores artigos s\u00e3o premiados e indicados para fast track em mais de 70 peri\u00f3dicos parceiros, incluindo publica\u00e7\u00f5es internacionais de prest\u00edgio.<\/p>\n<p>\nA edi\u00e7\u00e3o de<strong> 2024<\/strong> consolidou o <strong>formato h\u00edbrido<\/strong> e registrou n\u00fameros expressivos:<br \/>\n\ud83d\udccc <strong>2.089 artigos submetidos<\/strong><br \/>\n\ud83d\udccc <strong>1.272 artigos aprovados<\/strong><br \/>\n\ud83d\udccc <strong>Mais de 3.970 autores participantes<\/strong><br \/>\n\ud83d\udccc <strong>1.950 congressistas<\/strong><br \/>\n\ud83d\udccc <strong>150 congressistas participaram de visitas t\u00e9cnicas a 6 empresas parceiras<\/strong><\/p>\n<p>Agora, em <strong>2025<\/strong>, o SemeAd promete ser ainda maior e mais inovador! O evento seguir\u00e1<br \/>\noferecendo suas tradicionais atividades, incluindo:<br \/>\n\u2714 <strong>Sess\u00f5es de apresenta\u00e7\u00e3o de artigos, relatos tecnol\u00f3gicos e casos de ensino<\/strong><br \/>\n\u2714 <strong>Sess\u00f5es Sapiens<\/strong>, voltadas ao aprimoramento de artigos cient\u00edficos para publica\u00e7\u00e3o<br \/>\n\u2714 <strong>Oficinas e Minicursos metodol\u00f3gicos<\/strong><br \/>\n\u2714 <strong>Cons\u00f3rcios pr\u00e9 e doutoral<\/strong>, que proporcionam intera\u00e7\u00f5es valiosas entre pesquisadores<br \/>\nexperientes e doutorandos<\/p>\n<p>Acompanhe nossas redes sociais para ficar por dentro das novidades do <strong>SemeAd 2025!<\/strong><\/p>\n<p>Com todas essas iniciativas, voc\u00ea n\u00e3o pode ficar de fora. <strong>Participe e fortale\u00e7a esse ecossistema de ensino, pesquisa e extens\u00e3o na Administra\u00e7\u00e3o!<\/strong><\/p>\n","protected":false},"excerpt":{"rendered":"<p>O SemeAd \u2013 Semin\u00e1rios em Administra\u00e7\u00e3o da Faculdade de Economia, Administra\u00e7\u00e3o, Contabilidade e Atu\u00e1ria da Universidade de S\u00e3o Paulo \u00e9 um dos principais eventos cient\u00edficos da \u00e1rea no Brasil. Realizado anualmente, o SemeAd tem um papel fundamental no interc\u00e2mbio e na discuss\u00e3o da produ\u00e7\u00e3o acad\u00eamica e tecnol\u00f3gica em Administra\u00e7\u00e3o, tanto no cen\u00e1rio nacional quanto internacional&#8230;.<\/p>\n","protected":false},"author":1,"featured_media":0,"parent":0,"menu_order":0,"comment_status":"closed","ping_status":"open","template":"temas.php","meta":{"_acf_changed":false,"_monsterinsights_skip_tracking":false,"_monsterinsights_sitenote_active":false,"_monsterinsights_sitenote_note":"","_monsterinsights_sitenote_category":0,"footnotes":""},"class_list":["post-12254","page","type-page","status-publish","hentry"],"acf":[],"yoast_head":"<!-- This site is optimized with the Yoast SEO plugin v27.1.1 - https:\/\/yoast.com\/product\/yoast-seo-wordpress\/ -->\n<title>Evento - XXVIII SemeAd<\/title>\n<meta name=\"robots\" content=\"index, follow, max-snippet:-1, max-image-preview:large, max-video-preview:-1\" \/>\n<link rel=\"canonical\" href=\"https:\/\/semead.com.br\/28\/evento\/\" \/>\n<meta property=\"og:locale\" content=\"pt_BR\" \/>\n<meta property=\"og:type\" content=\"article\" \/>\n<meta property=\"og:title\" content=\"Evento - XXVIII SemeAd\" \/>\n<meta property=\"og:description\" content=\"O SemeAd \u2013 Semin\u00e1rios em Administra\u00e7\u00e3o da Faculdade de Economia, Administra\u00e7\u00e3o, Contabilidade e Atu\u00e1ria da Universidade de S\u00e3o Paulo \u00e9 um dos principais eventos cient\u00edficos da \u00e1rea no Brasil. Realizado anualmente, o SemeAd tem um papel fundamental no interc\u00e2mbio e na discuss\u00e3o da produ\u00e7\u00e3o acad\u00eamica e tecnol\u00f3gica em Administra\u00e7\u00e3o, tanto no cen\u00e1rio nacional quanto internacional....\" \/>\n<meta property=\"og:url\" content=\"https:\/\/semead.com.br\/28\/evento\/\" \/>\n<meta property=\"og:site_name\" content=\"XXVIII SemeAd\" \/>\n<meta property=\"article:modified_time\" content=\"2025-04-03T14:55:54+00:00\" \/>\n<meta name=\"twitter:card\" content=\"summary_large_image\" \/>\n<meta name=\"twitter:label1\" content=\"Est. tempo de leitura\" \/>\n\t<meta name=\"twitter:data1\" content=\"2 minutos\" \/>\n<script type=\"application\/ld+json\" class=\"yoast-schema-graph\">{\"@context\":\"https:\/\/schema.org\",\"@graph\":[{\"@type\":\"WebPage\",\"@id\":\"https:\/\/semead.com.br\/28\/evento\/\",\"url\":\"https:\/\/semead.com.br\/28\/evento\/\",\"name\":\"Evento - XXVIII SemeAd\",\"isPartOf\":{\"@id\":\"https:\/\/semead.com.br\/28\/#website\"},\"datePublished\":\"2013-04-23T14:32:18+00:00\",\"dateModified\":\"2025-04-03T14:55:54+00:00\",\"breadcrumb\":{\"@id\":\"https:\/\/semead.com.br\/28\/evento\/#breadcrumb\"},\"inLanguage\":\"pt-BR\",\"potentialAction\":[{\"@type\":\"ReadAction\",\"target\":[\"https:\/\/semead.com.br\/28\/evento\/\"]}]},{\"@type\":\"BreadcrumbList\",\"@id\":\"https:\/\/semead.com.br\/28\/evento\/#breadcrumb\",\"itemListElement\":[{\"@type\":\"ListItem\",\"position\":1,\"name\":\"In\u00edcio\",\"item\":\"https:\/\/semead.com.br\/28\/\"},{\"@type\":\"ListItem\",\"position\":2,\"name\":\"Evento\"}]},{\"@type\":\"WebSite\",\"@id\":\"https:\/\/semead.com.br\/28\/#website\",\"url\":\"https:\/\/semead.com.br\/28\/\",\"name\":\"XXVIII SemeAd\",\"description\":\"Semin\u00e1rios em administra\u00e7\u00e3o\",\"potentialAction\":[{\"@type\":\"SearchAction\",\"target\":{\"@type\":\"EntryPoint\",\"urlTemplate\":\"https:\/\/semead.com.br\/28\/?s={search_term_string}\"},\"query-input\":{\"@type\":\"PropertyValueSpecification\",\"valueRequired\":true,\"valueName\":\"search_term_string\"}}],\"inLanguage\":\"pt-BR\"}]}<\/script>\n<!-- \/ Yoast SEO plugin. -->","yoast_head_json":{"title":"Evento - XXVIII SemeAd","robots":{"index":"index","follow":"follow","max-snippet":"max-snippet:-1","max-image-preview":"max-image-preview:large","max-video-preview":"max-video-preview:-1"},"canonical":"https:\/\/semead.com.br\/28\/evento\/","og_locale":"pt_BR","og_type":"article","og_title":"Evento - XXVIII SemeAd","og_description":"O SemeAd \u2013 Semin\u00e1rios em Administra\u00e7\u00e3o da Faculdade de Economia, Administra\u00e7\u00e3o, Contabilidade e Atu\u00e1ria da Universidade de S\u00e3o Paulo \u00e9 um dos principais eventos cient\u00edficos da \u00e1rea no Brasil. Realizado anualmente, o SemeAd tem um papel fundamental no interc\u00e2mbio e na discuss\u00e3o da produ\u00e7\u00e3o acad\u00eamica e tecnol\u00f3gica em Administra\u00e7\u00e3o, tanto no cen\u00e1rio nacional quanto internacional....","og_url":"https:\/\/semead.com.br\/28\/evento\/","og_site_name":"XXVIII SemeAd","article_modified_time":"2025-04-03T14:55:54+00:00","twitter_card":"summary_large_image","twitter_misc":{"Est. tempo de leitura":"2 minutos"},"schema":{"@context":"https:\/\/schema.org","@graph":[{"@type":"WebPage","@id":"https:\/\/semead.com.br\/28\/evento\/","url":"https:\/\/semead.com.br\/28\/evento\/","name":"Evento - XXVIII SemeAd","isPartOf":{"@id":"https:\/\/semead.com.br\/28\/#website"},"datePublished":"2013-04-23T14:32:18+00:00","dateModified":"2025-04-03T14:55:54+00:00","breadcrumb":{"@id":"https:\/\/semead.com.br\/28\/evento\/#breadcrumb"},"inLanguage":"pt-BR","potentialAction":[{"@type":"ReadAction","target":["https:\/\/semead.com.br\/28\/evento\/"]}]},{"@type":"BreadcrumbList","@id":"https:\/\/semead.com.br\/28\/evento\/#breadcrumb","itemListElement":[{"@type":"ListItem","position":1,"name":"In\u00edcio","item":"https:\/\/semead.com.br\/28\/"},{"@type":"ListItem","position":2,"name":"Evento"}]},{"@type":"WebSite","@id":"https:\/\/semead.com.br\/28\/#website","url":"https:\/\/semead.com.br\/28\/","name":"XXVIII SemeAd","description":"Semin\u00e1rios em administra\u00e7\u00e3o","potentialAction":[{"@type":"SearchAction","target":{"@type":"EntryPoint","urlTemplate":"https:\/\/semead.com.br\/28\/?s={search_term_string}"},"query-input":{"@type":"PropertyValueSpecification","valueRequired":true,"valueName":"search_term_string"}}],"inLanguage":"pt-BR"}]}},"_links":{"self":[{"href":"https:\/\/semead.com.br\/28\/wp-json\/wp\/v2\/pages\/12254","targetHints":{"allow":["GET"]}}],"collection":[{"href":"https:\/\/semead.com.br\/28\/wp-json\/wp\/v2\/pages"}],"about":[{"href":"https:\/\/semead.com.br\/28\/wp-json\/wp\/v2\/types\/page"}],"author":[{"embeddable":true,"href":"https:\/\/semead.com.br\/28\/wp-json\/wp\/v2\/users\/1"}],"replies":[{"embeddable":true,"href":"https:\/\/semead.com.br\/28\/wp-json\/wp\/v2\/comments?post=12254"}],"version-history":[{"count":3,"href":"https:\/\/semead.com.br\/28\/wp-json\/wp\/v2\/pages\/12254\/revisions"}],"predecessor-version":[{"id":33092,"href":"https:\/\/semead.com.br\/28\/wp-json\/wp\/v2\/pages\/12254\/revisions\/33092"}],"wp:attachment":[{"href":"https:\/\/semead.com.br\/28\/wp-json\/wp\/v2\/media?parent=12254"}],"curies":[{"name":"wp","href":"https:\/\/api.w.org\/{rel}","templated":true}]}}