{"id":12682,"date":"2016-05-17T19:39:33","date_gmt":"2016-05-17T22:39:33","guid":{"rendered":"https:\/\/semead.com.br\/28\/?page_id=12682"},"modified":"2026-05-09T15:04:58","modified_gmt":"2026-05-09T18:04:58","slug":"casos-de-ensino","status":"publish","type":"page","link":"https:\/\/semead.com.br\/28\/areas\/casos-de-ensino\/","title":{"rendered":"Casos de Ensino"},"content":{"rendered":"\n<p>Caso de ensino&nbsp;que retrata ou simula uma situa\u00e7\u00e3o real vivenciada no \u00e2mbito dos temas de administra\u00e7\u00e3o&nbsp;(marketing, inova\u00e7\u00e3o,&nbsp;estrat\u00e9gia,&nbsp;sistemas de informa\u00e7\u00e3o, recursos humanos, etc.). O caso dever\u00e1 tratar de um ou mais temas significativos em administra\u00e7\u00e3o. Deve representar a realidade vivida por organiza\u00e7\u00f5es, transmitir a situa\u00e7\u00e3o problema em detalhes.&nbsp;O caso poder\u00e1 ser utilizado em sala de aula para ilustrar uma teoria previamente estudada ou servir de motiva\u00e7\u00e3o para a introdu\u00e7\u00e3o de um novo conhecimento.&nbsp;O caso dever\u00e1 despertar nos praticantes reflex\u00f5es sobre temas atuais de gest\u00e3o.<\/p>\n\n\n\n<p>Confira <a href=\"https:\/\/semead.com.br\/28\/regras-para-submissao\/\">aqui <\/a>as regras para submiss\u00e3o.<\/p>\n\n\n\n<p>&nbsp;<\/p>\n","protected":false},"excerpt":{"rendered":"<p>Caso de ensino&nbsp;que retrata ou simula uma situa\u00e7\u00e3o real vivenciada no \u00e2mbito dos temas de administra\u00e7\u00e3o&nbsp;(marketing, inova\u00e7\u00e3o,&nbsp;estrat\u00e9gia,&nbsp;sistemas de informa\u00e7\u00e3o, recursos humanos, etc.). O caso dever\u00e1 tratar de um ou mais temas significativos em administra\u00e7\u00e3o. Deve representar a realidade vivida por organiza\u00e7\u00f5es, transmitir a situa\u00e7\u00e3o problema em detalhes.&nbsp;O caso poder\u00e1 ser utilizado em sala de aula&#8230;<\/p>\n","protected":false},"author":1,"featured_media":0,"parent":12676,"menu_order":0,"comment_status":"closed","ping_status":"closed","template":"temas-intermediario.php","meta":{"_acf_changed":false,"_monsterinsights_skip_tracking":false,"_monsterinsights_sitenote_active":false,"_monsterinsights_sitenote_note":"","_monsterinsights_sitenote_category":0,"footnotes":""},"class_list":["post-12682","page","type-page","status-publish","hentry"],"acf":{"coordenadores":[{"titulo":"Coordenadora:","nome":"Profa. Dra. Fl\u00e1via D\u2019Albergaria Freitas","instituicao":"(Centro Universit\u00e1rio Celso Lisboa\/ Faculdades H\u00e9lio Alonso)","imagem":34584},{"titulo":"Coordenador: ","nome":"Prof. Dr. Gustavo Behling","instituicao":"(Universidade do Vale do Itaja\u00ed - UNIVALI)","imagem":34586}],"audio_da_coordenacao":"","temas":[{"tema_nome":"Neg\u00f3cios","tema_descricao":"Empreendedorismo e Inova\u00e7\u00e3o, Administra\u00e7\u00e3o P\u00fablica, Sustentabilidade e Sociedade\r\n\r\nEste tema contempla a submiss\u00e3o de casos de ensino que abordem desafios estrat\u00e9gicos enfrentados por indiv\u00edduos ou organiza\u00e7\u00f5es, tanto no setor privado quanto no p\u00fablico, nos campos da estrat\u00e9gia organizacional, do empreendedorismo, da inova\u00e7\u00e3o e da sustentabilidade.\r\n\r\nS\u00e3o incentivados casos que promovam a reflex\u00e3o cr\u00edtica e subsidiem a tomada de decis\u00e3o frente a dilemas complexos e contextualizados, ancorados em situa\u00e7\u00f5es reais ou plaus\u00edveis. Os casos podem contemplar tem\u00e1ticas como: cria\u00e7\u00e3o e consolida\u00e7\u00e3o de novos empreendimentos; implementa\u00e7\u00e3o de modelos de neg\u00f3cios inovadores; processos de transforma\u00e7\u00e3o digital; formula\u00e7\u00e3o e avalia\u00e7\u00e3o de pol\u00edticas p\u00fablicas; gest\u00e3o de servi\u00e7os essenciais; responsabilidade socioambiental; inclus\u00e3o e equidade; governan\u00e7a organizacional; e estrat\u00e9gias para o desenvolvimento sustent\u00e1vel.\r\n\r\nA proposta \u00e9 fomentar abordagens integradas que articulem perspectivas empresariais, p\u00fablicas e sociais, promovendo uma vis\u00e3o sist\u00eamica, \u00e9tica e sustent\u00e1vel da atua\u00e7\u00e3o organizacional. Valorizam-se contribui\u00e7\u00f5es que estimulem o pensamento cr\u00edtico, a interdisciplinaridade e o compromisso com os desafios estrat\u00e9gicos contempor\u00e2neos dos neg\u00f3cios.","audio":"","lideres":[{"lider_nome":"L\u00edder: Profa. Dra. Ana Paula Pereira dos Passos (UNIVALI)","lider_foto":34574},{"lider_nome":"L\u00edder adjunto: Prof. Dr. Bruno Fernandes (UFRJ)","lider_foto":34576}]},{"tema_nome":"\u00c1reas Funcionais","tema_descricao":"Marketing, Comportamento do Consumidor, Gest\u00e3o de Pessoas e Comportamento Organizacional, Finan\u00e7as e Contabilidade, Opera\u00e7\u00f5es e Gest\u00e3o de Servi\u00e7os\r\n\r\nEste tema contempla a submiss\u00e3o de casos de ensino que abordem decis\u00f5es estrat\u00e9gicas e operacionais enfrentadas nas principais \u00e1reas funcionais da administra\u00e7\u00e3o, incluindo marketing, comportamento do consumidor, gest\u00e3o de pessoas, finan\u00e7as, contabilidade, opera\u00e7\u00f5es e gest\u00e3o de servi\u00e7os.\r\n\r\nS\u00e3o incentivados casos que promovam a reflex\u00e3o cr\u00edtica sobre o uso eficiente e respons\u00e1vel de recursos organizacionais - humanos, financeiros, tecnol\u00f3gicos, materiais e intang\u00edveis - e subsidiem a tomada de decis\u00e3o diante de situa\u00e7\u00f5es complexas e contextualizadas, ancoradas em experi\u00eancias reais ou plaus\u00edveis. Os casos podem contemplar tem\u00e1ticas como: posicionamento de marca; comportamento do consumidor em ambientes digitais e f\u00edsicos; comunica\u00e7\u00e3o integrada; desenvolvimento e gest\u00e3o de produtos, servi\u00e7os e canais; atra\u00e7\u00e3o, desenvolvimento e reten\u00e7\u00e3o de talentos; cultura e clima organizacional; planejamento financeiro; controle de custos; contabilidade gerencial; gest\u00e3o de estoques, processos e cadeias de suprimentos; e melhoria cont\u00ednua na presta\u00e7\u00e3o de servi\u00e7os.\r\n\r\nA proposta \u00e9 fomentar abordagens que integrem teoria e pr\u00e1tica, promovendo uma vis\u00e3o cr\u00edtica, sist\u00eamica e aplicada da gest\u00e3o organizacional. Valorizam-se contribui\u00e7\u00f5es que estimulem o pensamento anal\u00edtico, a resolu\u00e7\u00e3o de problemas e o desenvolvimento de compet\u00eancias alinhadas aos desafios operacionais e estrat\u00e9gicos das \u00e1reas funcionais das organiza\u00e7\u00f5es contempor\u00e2neas.","audio":"","lideres":[{"lider_nome":"L\u00edder: Profa. Dra. Ana Paula Kieling (UDESC e UNIVALI)","lider_foto":34581},{"lider_nome":"L\u00edder adjunta: Profa. Dra. J\u00falia Monteiro (UFRJ)","lider_foto":34579}]}]},"yoast_head":"<!-- This site is optimized with the Yoast SEO plugin v27.6 - https:\/\/yoast.com\/product\/yoast-seo-wordpress\/ -->\n<title>Casos de Ensino - XXVIII SemeAd<\/title>\n<meta name=\"robots\" content=\"index, follow, max-snippet:-1, max-image-preview:large, max-video-preview:-1\" \/>\n<link rel=\"canonical\" href=\"https:\/\/semead.com.br\/28\/areas\/casos-de-ensino\/\" \/>\n<meta property=\"og:locale\" content=\"pt_BR\" \/>\n<meta property=\"og:type\" content=\"article\" \/>\n<meta property=\"og:title\" content=\"Casos de Ensino - XXVIII SemeAd\" \/>\n<meta property=\"og:description\" content=\"Caso de ensino&nbsp;que retrata ou simula uma situa\u00e7\u00e3o real vivenciada no \u00e2mbito dos temas de administra\u00e7\u00e3o&nbsp;(marketing, inova\u00e7\u00e3o,&nbsp;estrat\u00e9gia,&nbsp;sistemas de informa\u00e7\u00e3o, recursos humanos, etc.). O caso dever\u00e1 tratar de um ou mais temas significativos em administra\u00e7\u00e3o. Deve representar a realidade vivida por organiza\u00e7\u00f5es, transmitir a situa\u00e7\u00e3o problema em detalhes.&nbsp;O caso poder\u00e1 ser utilizado em sala de aula...\" \/>\n<meta property=\"og:url\" content=\"https:\/\/semead.com.br\/28\/areas\/casos-de-ensino\/\" \/>\n<meta property=\"og:site_name\" content=\"XXVIII SemeAd\" \/>\n<meta property=\"article:modified_time\" content=\"2026-05-09T18:04:58+00:00\" \/>\n<meta name=\"twitter:card\" content=\"summary_large_image\" \/>\n<meta name=\"twitter:label1\" content=\"Est. tempo de leitura\" \/>\n\t<meta name=\"twitter:data1\" content=\"1 minuto\" \/>\n<script type=\"application\/ld+json\" class=\"yoast-schema-graph\">{\"@context\":\"https:\\\/\\\/schema.org\",\"@graph\":[{\"@type\":\"WebPage\",\"@id\":\"https:\\\/\\\/semead.com.br\\\/28\\\/areas\\\/casos-de-ensino\\\/\",\"url\":\"https:\\\/\\\/semead.com.br\\\/28\\\/areas\\\/casos-de-ensino\\\/\",\"name\":\"Casos de Ensino - XXVIII SemeAd\",\"isPartOf\":{\"@id\":\"https:\\\/\\\/semead.com.br\\\/28\\\/#website\"},\"datePublished\":\"2016-05-17T22:39:33+00:00\",\"dateModified\":\"2026-05-09T18:04:58+00:00\",\"breadcrumb\":{\"@id\":\"https:\\\/\\\/semead.com.br\\\/28\\\/areas\\\/casos-de-ensino\\\/#breadcrumb\"},\"inLanguage\":\"pt-BR\",\"potentialAction\":[{\"@type\":\"ReadAction\",\"target\":[\"https:\\\/\\\/semead.com.br\\\/28\\\/areas\\\/casos-de-ensino\\\/\"]}]},{\"@type\":\"BreadcrumbList\",\"@id\":\"https:\\\/\\\/semead.com.br\\\/28\\\/areas\\\/casos-de-ensino\\\/#breadcrumb\",\"itemListElement\":[{\"@type\":\"ListItem\",\"position\":1,\"name\":\"In\u00edcio\",\"item\":\"https:\\\/\\\/semead.com.br\\\/28\\\/\"},{\"@type\":\"ListItem\",\"position\":2,\"name\":\"\u00c1reas\",\"item\":\"https:\\\/\\\/semead.com.br\\\/28\\\/areas\\\/\"},{\"@type\":\"ListItem\",\"position\":3,\"name\":\"Casos de Ensino\"}]},{\"@type\":\"WebSite\",\"@id\":\"https:\\\/\\\/semead.com.br\\\/28\\\/#website\",\"url\":\"https:\\\/\\\/semead.com.br\\\/28\\\/\",\"name\":\"XXVIII SemeAd\",\"description\":\"Semin\u00e1rios em administra\u00e7\u00e3o\",\"potentialAction\":[{\"@type\":\"SearchAction\",\"target\":{\"@type\":\"EntryPoint\",\"urlTemplate\":\"https:\\\/\\\/semead.com.br\\\/28\\\/?s={search_term_string}\"},\"query-input\":{\"@type\":\"PropertyValueSpecification\",\"valueRequired\":true,\"valueName\":\"search_term_string\"}}],\"inLanguage\":\"pt-BR\"}]}<\/script>\n<!-- \/ Yoast SEO plugin. -->","yoast_head_json":{"title":"Casos de Ensino - XXVIII SemeAd","robots":{"index":"index","follow":"follow","max-snippet":"max-snippet:-1","max-image-preview":"max-image-preview:large","max-video-preview":"max-video-preview:-1"},"canonical":"https:\/\/semead.com.br\/28\/areas\/casos-de-ensino\/","og_locale":"pt_BR","og_type":"article","og_title":"Casos de Ensino - XXVIII SemeAd","og_description":"Caso de ensino&nbsp;que retrata ou simula uma situa\u00e7\u00e3o real vivenciada no \u00e2mbito dos temas de administra\u00e7\u00e3o&nbsp;(marketing, inova\u00e7\u00e3o,&nbsp;estrat\u00e9gia,&nbsp;sistemas de informa\u00e7\u00e3o, recursos humanos, etc.). O caso dever\u00e1 tratar de um ou mais temas significativos em administra\u00e7\u00e3o. Deve representar a realidade vivida por organiza\u00e7\u00f5es, transmitir a situa\u00e7\u00e3o problema em detalhes.&nbsp;O caso poder\u00e1 ser utilizado em sala de aula...","og_url":"https:\/\/semead.com.br\/28\/areas\/casos-de-ensino\/","og_site_name":"XXVIII SemeAd","article_modified_time":"2026-05-09T18:04:58+00:00","twitter_card":"summary_large_image","twitter_misc":{"Est. tempo de leitura":"1 minuto"},"schema":{"@context":"https:\/\/schema.org","@graph":[{"@type":"WebPage","@id":"https:\/\/semead.com.br\/28\/areas\/casos-de-ensino\/","url":"https:\/\/semead.com.br\/28\/areas\/casos-de-ensino\/","name":"Casos de Ensino - XXVIII SemeAd","isPartOf":{"@id":"https:\/\/semead.com.br\/28\/#website"},"datePublished":"2016-05-17T22:39:33+00:00","dateModified":"2026-05-09T18:04:58+00:00","breadcrumb":{"@id":"https:\/\/semead.com.br\/28\/areas\/casos-de-ensino\/#breadcrumb"},"inLanguage":"pt-BR","potentialAction":[{"@type":"ReadAction","target":["https:\/\/semead.com.br\/28\/areas\/casos-de-ensino\/"]}]},{"@type":"BreadcrumbList","@id":"https:\/\/semead.com.br\/28\/areas\/casos-de-ensino\/#breadcrumb","itemListElement":[{"@type":"ListItem","position":1,"name":"In\u00edcio","item":"https:\/\/semead.com.br\/28\/"},{"@type":"ListItem","position":2,"name":"\u00c1reas","item":"https:\/\/semead.com.br\/28\/areas\/"},{"@type":"ListItem","position":3,"name":"Casos de Ensino"}]},{"@type":"WebSite","@id":"https:\/\/semead.com.br\/28\/#website","url":"https:\/\/semead.com.br\/28\/","name":"XXVIII SemeAd","description":"Semin\u00e1rios em administra\u00e7\u00e3o","potentialAction":[{"@type":"SearchAction","target":{"@type":"EntryPoint","urlTemplate":"https:\/\/semead.com.br\/28\/?s={search_term_string}"},"query-input":{"@type":"PropertyValueSpecification","valueRequired":true,"valueName":"search_term_string"}}],"inLanguage":"pt-BR"}]}},"_links":{"self":[{"href":"https:\/\/semead.com.br\/28\/wp-json\/wp\/v2\/pages\/12682","targetHints":{"allow":["GET"]}}],"collection":[{"href":"https:\/\/semead.com.br\/28\/wp-json\/wp\/v2\/pages"}],"about":[{"href":"https:\/\/semead.com.br\/28\/wp-json\/wp\/v2\/types\/page"}],"author":[{"embeddable":true,"href":"https:\/\/semead.com.br\/28\/wp-json\/wp\/v2\/users\/1"}],"replies":[{"embeddable":true,"href":"https:\/\/semead.com.br\/28\/wp-json\/wp\/v2\/comments?post=12682"}],"version-history":[{"count":2,"href":"https:\/\/semead.com.br\/28\/wp-json\/wp\/v2\/pages\/12682\/revisions"}],"predecessor-version":[{"id":34583,"href":"https:\/\/semead.com.br\/28\/wp-json\/wp\/v2\/pages\/12682\/revisions\/34583"}],"up":[{"embeddable":true,"href":"https:\/\/semead.com.br\/28\/wp-json\/wp\/v2\/pages\/12676"}],"wp:attachment":[{"href":"https:\/\/semead.com.br\/28\/wp-json\/wp\/v2\/media?parent=12682"}],"curies":[{"name":"wp","href":"https:\/\/api.w.org\/{rel}","templated":true}]}}