{"id":14443,"date":"2018-05-30T17:14:42","date_gmt":"2018-05-30T20:14:42","guid":{"rendered":"https:\/\/semead.com.br\/28\/?page_id=14443"},"modified":"2025-09-29T13:51:38","modified_gmt":"2025-09-29T16:51:38","slug":"hospedagem","status":"publish","type":"page","link":"https:\/\/semead.com.br\/28\/informacoes-uteis\/hospedagem\/","title":{"rendered":"Hospedagem"},"content":{"rendered":"\t\t<div data-elementor-type=\"wp-page\" data-elementor-id=\"14443\" class=\"elementor elementor-14443\">\n\t\t\t\t\t\t<section class=\"elementor-section elementor-top-section elementor-element elementor-element-5152de6e elementor-section-boxed elementor-section-height-default elementor-section-height-default\" data-id=\"5152de6e\" data-element_type=\"section\" data-e-type=\"section\">\n\t\t\t\t\t\t<div class=\"elementor-container elementor-column-gap-default\">\n\t\t\t\t\t<div class=\"elementor-column elementor-col-100 elementor-top-column elementor-element elementor-element-444615b7\" data-id=\"444615b7\" data-element_type=\"column\" data-e-type=\"column\">\n\t\t\t<div class=\"elementor-widget-wrap elementor-element-populated\">\n\t\t\t\t\t\t<div class=\"elementor-element elementor-element-129ce8b6 elementor-widget__width-initial elementor-widget elementor-widget-text-editor\" data-id=\"129ce8b6\" data-element_type=\"widget\" data-e-type=\"widget\" data-widget_type=\"text-editor.default\">\n\t\t\t\t<div class=\"elementor-widget-container\">\n\t\t\t\t\t\t\t\t\t<h4>Sugest\u00f5es de hot\u00e9is<br><\/h4>\n<h6>Ibis Styles SP Faria Lima<\/h6><p>Rua Tavares Cabral, 61 \u2013 Pinheiros, S\u00e3o Paulo, 05423-030<br>E-mail: ha1b6-re@accor.com<br>Telefone: (11) 3093-7200<br>________________________________________<br><br><\/p><h6>Blue Tree Premium Faria Lima<\/h6><p>Avenida Brigadeiro Faria Lima, 3989 \u2013 Itaim Bibi, S\u00e3o Paulo, 04538-133<br>E-mail: reservas.farialima@bluetree.com.br; reservas1.farialima@bluetree.com.br; reservas2.farialima@bluetree.com.br<br>Telefone: (11) 3896-7544 (De segunda a sexta-feira, das 08h \u00e0s 18h)<\/p><p>________________________________________<br><br><\/p><h6>Ramada Encore by Wyndham S\u00e3o Paulo Osasco<\/h6><p>Rua Rui Barbosa, 25 \u2013 Jardim Yara, Osasco \u2013 SP, 06018-000<br>Telefone: (11) 3195-2373<br>https:\/\/reservastrul.com.br\/ramada-encore-osasco<\/p>\n<p>________________________________________<br><br><\/p><h6>Did\u00b4s hostel<\/h6>\n<p>Al. Campinas, 1029. Jardim Paulista<br>Telefone: (11) 93930-4485<br>Email: contact@didshostel.com<br>Site: didshostel.com\/<br>________________________________________<br><br><\/p><h6>Viva hostel<\/h6>\n<p>Rua Girassol, 1262 \u2013 Vila Madalena<br>Telefone: (11) 3813-4070 | WhatsApp : (11) 3812-9142<br>Email: contato@vivahostel.com.br<br>Site: vivahostel.com.br\/<\/p><p>________________________________________<br><br><\/p><h6>HBB hostel<\/h6>\n<p>Rua Fidalga, 479, Pinheiros<br> Telefone: (11) 3032-1829<br> Email: contato@hbbhostel.com.br<br> Site: www.hostelnavilamadalena.com.br\/<\/p>\t\t\t\t\t\t\t\t<\/div>\n\t\t\t\t<\/div>\n\t\t\t\t\t<\/div>\n\t\t<\/div>\n\t\t\t\t\t<\/div>\n\t\t<\/section>\n\t\t\t\t<\/div>\n\t\t","protected":false},"excerpt":{"rendered":"<p>Sugest\u00f5es de hot\u00e9is Ibis Styles SP Faria Lima Rua Tavares Cabral, 61 \u2013 Pinheiros, S\u00e3o Paulo, 05423-030E-mail: ha1b6-re@accor.comTelefone: (11) 3093-7200________________________________________ Blue Tree Premium Faria Lima Avenida Brigadeiro Faria Lima, 3989 \u2013 Itaim Bibi, S\u00e3o Paulo, 04538-133E-mail: reservas.farialima@bluetree.com.br; reservas1.farialima@bluetree.com.br; reservas2.farialima@bluetree.com.brTelefone: (11) 3896-7544 (De segunda a sexta-feira, das 08h \u00e0s 18h) ________________________________________ Ramada Encore by Wyndham S\u00e3o&#8230;<\/p>\n","protected":false},"author":4,"featured_media":0,"parent":33,"menu_order":0,"comment_status":"closed","ping_status":"closed","template":"","meta":{"_acf_changed":false,"_monsterinsights_skip_tracking":false,"_monsterinsights_sitenote_active":false,"_monsterinsights_sitenote_note":"","_monsterinsights_sitenote_category":0,"footnotes":""},"class_list":["post-14443","page","type-page","status-publish","hentry"],"acf":[],"yoast_head":"<!-- This site is optimized with the Yoast SEO plugin v27.1.1 - https:\/\/yoast.com\/product\/yoast-seo-wordpress\/ -->\n<title>Hospedagem - XXVIII SemeAd<\/title>\n<meta name=\"robots\" content=\"index, follow, max-snippet:-1, max-image-preview:large, max-video-preview:-1\" \/>\n<link rel=\"canonical\" href=\"https:\/\/semead.com.br\/28\/informacoes-uteis\/hospedagem\/\" \/>\n<meta property=\"og:locale\" content=\"pt_BR\" \/>\n<meta property=\"og:type\" content=\"article\" \/>\n<meta property=\"og:title\" content=\"Hospedagem - XXVIII SemeAd\" \/>\n<meta property=\"og:description\" content=\"Sugest\u00f5es de hot\u00e9is Ibis Styles SP Faria Lima Rua Tavares Cabral, 61 \u2013 Pinheiros, S\u00e3o Paulo, 05423-030E-mail: ha1b6-re@accor.comTelefone: (11) 3093-7200________________________________________ Blue Tree Premium Faria Lima Avenida Brigadeiro Faria Lima, 3989 \u2013 Itaim Bibi, S\u00e3o Paulo, 04538-133E-mail: reservas.farialima@bluetree.com.br; reservas1.farialima@bluetree.com.br; reservas2.farialima@bluetree.com.brTelefone: (11) 3896-7544 (De segunda a sexta-feira, das 08h \u00e0s 18h) ________________________________________ Ramada Encore by Wyndham S\u00e3o...\" \/>\n<meta property=\"og:url\" content=\"https:\/\/semead.com.br\/28\/informacoes-uteis\/hospedagem\/\" \/>\n<meta property=\"og:site_name\" content=\"XXVIII SemeAd\" \/>\n<meta property=\"article:modified_time\" content=\"2025-09-29T16:51:38+00:00\" \/>\n<meta name=\"twitter:card\" content=\"summary_large_image\" \/>\n<meta name=\"twitter:label1\" content=\"Est. tempo de leitura\" \/>\n\t<meta name=\"twitter:data1\" content=\"1 minuto\" \/>\n<script type=\"application\/ld+json\" class=\"yoast-schema-graph\">{\"@context\":\"https:\/\/schema.org\",\"@graph\":[{\"@type\":\"WebPage\",\"@id\":\"https:\/\/semead.com.br\/28\/informacoes-uteis\/hospedagem\/\",\"url\":\"https:\/\/semead.com.br\/28\/informacoes-uteis\/hospedagem\/\",\"name\":\"Hospedagem - XXVIII SemeAd\",\"isPartOf\":{\"@id\":\"https:\/\/semead.com.br\/28\/#website\"},\"datePublished\":\"2018-05-30T20:14:42+00:00\",\"dateModified\":\"2025-09-29T16:51:38+00:00\",\"breadcrumb\":{\"@id\":\"https:\/\/semead.com.br\/28\/informacoes-uteis\/hospedagem\/#breadcrumb\"},\"inLanguage\":\"pt-BR\",\"potentialAction\":[{\"@type\":\"ReadAction\",\"target\":[\"https:\/\/semead.com.br\/28\/informacoes-uteis\/hospedagem\/\"]}]},{\"@type\":\"BreadcrumbList\",\"@id\":\"https:\/\/semead.com.br\/28\/informacoes-uteis\/hospedagem\/#breadcrumb\",\"itemListElement\":[{\"@type\":\"ListItem\",\"position\":1,\"name\":\"In\u00edcio\",\"item\":\"https:\/\/semead.com.br\/28\/\"},{\"@type\":\"ListItem\",\"position\":2,\"name\":\"Informa\u00e7\u00f5es \u00fateis\",\"item\":\"https:\/\/semead.com.br\/28\/informacoes-uteis\/\"},{\"@type\":\"ListItem\",\"position\":3,\"name\":\"Hospedagem\"}]},{\"@type\":\"WebSite\",\"@id\":\"https:\/\/semead.com.br\/28\/#website\",\"url\":\"https:\/\/semead.com.br\/28\/\",\"name\":\"XXVIII SemeAd\",\"description\":\"Semin\u00e1rios em administra\u00e7\u00e3o\",\"potentialAction\":[{\"@type\":\"SearchAction\",\"target\":{\"@type\":\"EntryPoint\",\"urlTemplate\":\"https:\/\/semead.com.br\/28\/?s={search_term_string}\"},\"query-input\":{\"@type\":\"PropertyValueSpecification\",\"valueRequired\":true,\"valueName\":\"search_term_string\"}}],\"inLanguage\":\"pt-BR\"}]}<\/script>\n<!-- \/ Yoast SEO plugin. -->","yoast_head_json":{"title":"Hospedagem - XXVIII SemeAd","robots":{"index":"index","follow":"follow","max-snippet":"max-snippet:-1","max-image-preview":"max-image-preview:large","max-video-preview":"max-video-preview:-1"},"canonical":"https:\/\/semead.com.br\/28\/informacoes-uteis\/hospedagem\/","og_locale":"pt_BR","og_type":"article","og_title":"Hospedagem - XXVIII SemeAd","og_description":"Sugest\u00f5es de hot\u00e9is Ibis Styles SP Faria Lima Rua Tavares Cabral, 61 \u2013 Pinheiros, S\u00e3o Paulo, 05423-030E-mail: ha1b6-re@accor.comTelefone: (11) 3093-7200________________________________________ Blue Tree Premium Faria Lima Avenida Brigadeiro Faria Lima, 3989 \u2013 Itaim Bibi, S\u00e3o Paulo, 04538-133E-mail: reservas.farialima@bluetree.com.br; reservas1.farialima@bluetree.com.br; reservas2.farialima@bluetree.com.brTelefone: (11) 3896-7544 (De segunda a sexta-feira, das 08h \u00e0s 18h) ________________________________________ Ramada Encore by Wyndham S\u00e3o...","og_url":"https:\/\/semead.com.br\/28\/informacoes-uteis\/hospedagem\/","og_site_name":"XXVIII SemeAd","article_modified_time":"2025-09-29T16:51:38+00:00","twitter_card":"summary_large_image","twitter_misc":{"Est. tempo de leitura":"1 minuto"},"schema":{"@context":"https:\/\/schema.org","@graph":[{"@type":"WebPage","@id":"https:\/\/semead.com.br\/28\/informacoes-uteis\/hospedagem\/","url":"https:\/\/semead.com.br\/28\/informacoes-uteis\/hospedagem\/","name":"Hospedagem - XXVIII SemeAd","isPartOf":{"@id":"https:\/\/semead.com.br\/28\/#website"},"datePublished":"2018-05-30T20:14:42+00:00","dateModified":"2025-09-29T16:51:38+00:00","breadcrumb":{"@id":"https:\/\/semead.com.br\/28\/informacoes-uteis\/hospedagem\/#breadcrumb"},"inLanguage":"pt-BR","potentialAction":[{"@type":"ReadAction","target":["https:\/\/semead.com.br\/28\/informacoes-uteis\/hospedagem\/"]}]},{"@type":"BreadcrumbList","@id":"https:\/\/semead.com.br\/28\/informacoes-uteis\/hospedagem\/#breadcrumb","itemListElement":[{"@type":"ListItem","position":1,"name":"In\u00edcio","item":"https:\/\/semead.com.br\/28\/"},{"@type":"ListItem","position":2,"name":"Informa\u00e7\u00f5es \u00fateis","item":"https:\/\/semead.com.br\/28\/informacoes-uteis\/"},{"@type":"ListItem","position":3,"name":"Hospedagem"}]},{"@type":"WebSite","@id":"https:\/\/semead.com.br\/28\/#website","url":"https:\/\/semead.com.br\/28\/","name":"XXVIII SemeAd","description":"Semin\u00e1rios em administra\u00e7\u00e3o","potentialAction":[{"@type":"SearchAction","target":{"@type":"EntryPoint","urlTemplate":"https:\/\/semead.com.br\/28\/?s={search_term_string}"},"query-input":{"@type":"PropertyValueSpecification","valueRequired":true,"valueName":"search_term_string"}}],"inLanguage":"pt-BR"}]}},"_links":{"self":[{"href":"https:\/\/semead.com.br\/28\/wp-json\/wp\/v2\/pages\/14443","targetHints":{"allow":["GET"]}}],"collection":[{"href":"https:\/\/semead.com.br\/28\/wp-json\/wp\/v2\/pages"}],"about":[{"href":"https:\/\/semead.com.br\/28\/wp-json\/wp\/v2\/types\/page"}],"author":[{"embeddable":true,"href":"https:\/\/semead.com.br\/28\/wp-json\/wp\/v2\/users\/4"}],"replies":[{"embeddable":true,"href":"https:\/\/semead.com.br\/28\/wp-json\/wp\/v2\/comments?post=14443"}],"version-history":[{"count":3,"href":"https:\/\/semead.com.br\/28\/wp-json\/wp\/v2\/pages\/14443\/revisions"}],"predecessor-version":[{"id":33862,"href":"https:\/\/semead.com.br\/28\/wp-json\/wp\/v2\/pages\/14443\/revisions\/33862"}],"up":[{"embeddable":true,"href":"https:\/\/semead.com.br\/28\/wp-json\/wp\/v2\/pages\/33"}],"wp:attachment":[{"href":"https:\/\/semead.com.br\/28\/wp-json\/wp\/v2\/media?parent=14443"}],"curies":[{"name":"wp","href":"https:\/\/api.w.org\/{rel}","templated":true}]}}