{"id":15,"date":"2013-04-26T00:11:58","date_gmt":"2013-04-26T00:11:58","guid":{"rendered":"http:\/\/semead.com.br\/?page_id=15"},"modified":"2026-05-09T16:03:22","modified_gmt":"2026-05-09T19:03:22","slug":"gestao-socioambiental","status":"publish","type":"page","link":"https:\/\/semead.com.br\/28\/areas\/cientificas\/gestao-socioambiental\/","title":{"rendered":"Gest\u00e3o Socioambiental"},"content":{"rendered":"","protected":false},"excerpt":{"rendered":"","protected":false},"author":1,"featured_media":0,"parent":9,"menu_order":6,"comment_status":"closed","ping_status":"closed","template":"temas.php","meta":{"_acf_changed":false,"_monsterinsights_skip_tracking":false,"_monsterinsights_sitenote_active":false,"_monsterinsights_sitenote_note":"","_monsterinsights_sitenote_category":0,"footnotes":""},"class_list":["post-15","page","type-page","status-publish","hentry"],"acf":{"coordenadores":[{"titulo":"Coordenador:","nome":"Prof. Dr. Flavio Hourneaux Junior","instituicao":"FEA-USP","imagem":34816}],"audio_da_coordenacao":"","temas":[{"tema_nome":"A Gest\u00e3o e os Objetivos do Desenvolvimento Sustent\u00e1vel (ODSs)","tema_descricao":"De forma geral, este tema aborda conceitos, teorias e a\u00e7\u00f5es relacionadas aos grandes desafios globais para o Desenvolvimento Sustent\u00e1vel com foco nos Objetivos de Desenvolvimento Sustent\u00e1vel (ODS) adotados pelas Na\u00e7\u00f5es Unidas na Agenda 2030. O tema combina an\u00e1lises em diferentes n\u00edveis de governo, organiza\u00e7\u00f5es, empresas e sociedade nos ambientes internacional, regional e local. Inclui t\u00f3picos relativos a pobreza; fome e seguran\u00e7a alimentar; vida saud\u00e1vel e bem-estar; educa\u00e7\u00e3o inclusiva e equitativa de qualidade; igualdade de g\u00eanero; gest\u00e3o sustent\u00e1vel da \u00e1gua e do saneamento; energia para todos; emprego pleno e produtivo; trabalho decente; industrializa\u00e7\u00e3o inclusiva e sustent\u00e1vel; redu\u00e7\u00e3o da desigualdade; cidades sustent\u00e1veis; padr\u00f5es sustent\u00e1veis \u200b\u200bde produ\u00e7\u00e3o e consumo; altera\u00e7\u00f5es clim\u00e1ticas e seus impactos; sustentabilidade do mar e dos oceanos; uso sustent\u00e1vel dos ecossistemas terrestres; gest\u00e3o sustent\u00e1vel de florestas e terras; biodiversidade; sociedades pac\u00edficas e inclusivas para o desenvolvimento sustent\u00e1vel; parcerias globais para o desenvolvimento sustent\u00e1vel.","audio":"","lideres":[{"lider_nome":"L\u00edder: Profa. Dra. Barbara Galleli Dias (UFPR)","lider_foto":33634},{"lider_nome":"L\u00edder Adjunta: Profa. Dra. Jaluza Maria Lima Silva Borsatto (UFU) ","lider_foto":34812},{"lider_nome":"Co-L\u00edder Internacional: Prof. Dr. Jorge Andr\u00e9s Rodriguez (ESPOL \u2013 Equador)","lider_foto":18416}]},{"tema_nome":"Estrat\u00e9gia e Sustentabilidade Corporativa","tema_descricao":"Este tema aborda teorias, conceitos e pr\u00e1ticas relacionadas aos processos de concep\u00e7\u00e3o, implementa\u00e7\u00e3o e avalia\u00e7\u00e3o de estrat\u00e9gias voltadas \u00e0 sustentabilidade. Abrange t\u00f3picos como: estrat\u00e9gias sustent\u00e1veis; projetos estrat\u00e9gicos sustent\u00e1veis; sustentabilidade como vantagem competitiva; impacto de aspectos do macro ambiente relacionados \u00e0 sustentabilidade; gest\u00e3o estrat\u00e9gica de crises e riscos socioambientais; novos modelos de neg\u00f3cios sustent\u00e1veis; cria\u00e7\u00e3o de valor sustent\u00e1vel; valor compartilhado; finan\u00e7as sustent\u00e1veis; estrat\u00e9gias funcionais com foco na sustentabilidade; estrat\u00e9gias setoriais e p\u00fablicas para a sustentabilidade; gest\u00e3o da sustentabilidade na cadeia de valor; aplica\u00e7\u00f5es de abordagens estrat\u00e9gicas tradicionais com foco na sustentabilidade.","audio":"","lideres":[{"lider_nome":"L\u00edder: Profa. Dra. Adriana Cristina Ferreira Caldana (FEA-RP-USP)","lider_foto":34818},{"lider_nome":"L\u00edder Adjunto: Prof. Dr. Marlon Fernandes Rodrigues Alves (FEA-RP-USP)","lider_foto":34814},{"lider_nome":"Co-L\u00edder Internacional: Prof. Dr. Gustavo Adolfo Yepes Lopez (Universidad Externado \u2013 Col\u00f4mbia)","lider_foto":26036}]},{"tema_nome":"Gest\u00e3o Ambiental","tema_descricao":"Este tema abrange estudos sobre elementos que visam mitigar os problemas ambientais e buscar o uso mais eficiente dos recursos dispon\u00edveis, bem como avaliar os impactos e externalidades decorrentes da produ\u00e7\u00e3o de bens e servi\u00e7os, causados \u200b\u200bpelas atividades das organiza\u00e7\u00f5es. Abrange t\u00f3picos como: sistemas de gest\u00e3o ambiental; padr\u00f5es de gest\u00e3o ambiental; eco-efici\u00eancia; ecologia industrial; auditoria ambiental; produ\u00e7\u00e3o mais limpa; o ciclo de vida do produto; cadeias de abastecimento sustent\u00e1veis; l\u00f3gica reversa; projetos de gases de efeito estufa; licenciamento ambiental; gest\u00e3o de passivos ambientais; gest\u00e3o de res\u00edduos s\u00f3lidos; aspectos ambientais da economia circular.","audio":"","lideres":[{"lider_nome":"L\u00edder: Profa. Dra. Ana Clara Souza (FEA-USP)","lider_foto":33590},{"lider_nome":"L\u00edder Adjunto: Prof. Dr. Roberto Bichueti (UFSM)","lider_foto":18247},{"lider_nome":"Co-L\u00edder Internacional: Prof. Dr. Luis Enrique Valdez Juarez (Instituto Tecnol\u00f3gico de Sonora \u2013 M\u00e9xico)","lider_foto":18418}]},{"tema_nome":"Responsabilidade Social Corporativa (RSC) ","tema_descricao":"Este tema aborda a Responsabilidade Social Corporativa e suas teorias, conceitos e pr\u00e1ticas, discutindo os efeitos das a\u00e7\u00f5es das organiza\u00e7\u00f5es nos diversos stakeholders com os quais se relacionam. Abrange t\u00f3picos como: responsabilidade social; responsabilidade ambiental; \u00e9tica nas organiza\u00e7\u00f5es; com\u00e9rcio justo; teoria de stakeholders; neg\u00f3cios para a base da pir\u00e2mide; neg\u00f3cios sociais; economia inclusiva; estrat\u00e9gias clim\u00e1ticas e partes interessadas; inova\u00e7\u00e3o para sustentabilidade e inclus\u00e3o; acordos e princ\u00edpios internacionais de sustentabilidade e seus impactos nas organiza\u00e7\u00f5es.","audio":"","lideres":[{"lider_nome":"L\u00edder: Prof. Dr. Ronaldo de Oliveira Santos Jhunior\u00a0(FEA-USP)","lider_foto":34820},{"lider_nome":"L\u00edder Adjunta: Profa. Dra. Mariana Torres Uchoa (SENAI-SC)","lider_foto":31176},{"lider_nome":"Co-L\u00edder Internacional: Profa. Dra. Dolores Gallardo-V\u00e1zquez (Universidad de Extremadura \u2013 Espanha)","lider_foto":18421}]},{"tema_nome":"Sustentabilidade e Desempenho das Organiza\u00e7\u00f5es","tema_descricao":"O tema abrange teorias, conceitos e pr\u00e1ticas relacionadas aos processos de medi\u00e7\u00e3o, controle, reporte e gest\u00e3o do desempenho das organiza\u00e7\u00f5es, numa vis\u00e3o ampliada daquela descrita pela teoria da firma. Inclui t\u00f3picos como: indicadores de sustentabilidade; \u00edndices de sustentabilidade; modelos de medi\u00e7\u00e3o de sustentabilidade e desempenho socioambiental; balanced scorecard sustent\u00e1vel; abordagem de resultado triplo (triple bottom line); desempenho ESG (ambiental, social e de governan\u00e7a) das empresas; abordagens te\u00f3ricas para o desempenho sustent\u00e1vel da empresa; contabilidade socioambiental; normas de regula\u00e7\u00e3o de relat\u00f3rios de sustentabilidade; disclosure corporativo; relat\u00f3rios integrados e de sustentabilidade.","audio":"","lideres":[{"lider_nome":"L\u00edder: Prof. Dr. Alexandre Sanches Garcia (FECAP)   ","lider_foto":34824},{"lider_nome":"L\u00edder Adjunto: Profa. Dra. Patr\u00edcia Lacerda de Carvalho (Universidade Federal de Pernambuco)","lider_foto":34828},{"lider_nome":"Co-L\u00edder Internacional: Prof. Dr. Leire San Jose (Universidad del Pa\u00eds Vasco - Espanha)","lider_foto":18412}]},{"tema_nome":"Sustentabilidade, Sociedade, Tecnologia e Inova\u00e7\u00e3o","tema_descricao":"O tema aborda, de forma ampla, estrat\u00e9gias e pr\u00e1ticas para inova\u00e7\u00e3o tecnol\u00f3gica sustent\u00e1vel, tanto na dimens\u00e3o ambiental; como na social; ou em ambas. O tema inclui t\u00f3picos como eco-inova\u00e7\u00e3o; ecodesign; eco-efici\u00eancia; avalia\u00e7\u00e3o de ciclo de vida; biomim\u00e9tica; inova\u00e7\u00e3o no contexto dos Objetivos de Desenvolvimento Sustent\u00e1vel; m\u00e9tricas de inova\u00e7\u00e3o sustent\u00e1vel; tecnologia e o desafio do emprego; intelig\u00eancia artificial e implica\u00e7\u00f5es na sustentabilidade; promo\u00e7\u00e3o do empreendedorismo de impacto e neg\u00f3cios sociais; inova\u00e7\u00e3o social; inova\u00e7\u00e3o e o terceiro setor; e outros t\u00f3picos de fronteira relacionados ao tema.","audio":"","lideres":[{"lider_nome":"L\u00edder: Profa. Dra. Keysa Manuela Cunha de Mascena (UNIFOR)","lider_foto":34822},{"lider_nome":"L\u00edder Adjunta: Profa. Dra. Suzanne \u00c9rica N\u00f3brega\u00a0Correia (UFCG)","lider_foto":34826},{"lider_nome":"Co-L\u00edder Internacional: Profa. Dra. Christiane Andrea Molina Brockmann (EGADE Business School, Sede Santa Fe - Tecnol\u00f3gico de Monterrey)","lider_foto":31204}]}]},"yoast_head":"<!-- This site is optimized with the Yoast SEO plugin v27.6 - https:\/\/yoast.com\/product\/yoast-seo-wordpress\/ -->\n<title>Gest\u00e3o Socioambiental - XXVIII SemeAd<\/title>\n<meta name=\"robots\" content=\"index, follow, max-snippet:-1, max-image-preview:large, max-video-preview:-1\" \/>\n<link rel=\"canonical\" href=\"https:\/\/semead.com.br\/28\/areas\/cientificas\/gestao-socioambiental\/\" \/>\n<meta property=\"og:locale\" content=\"pt_BR\" \/>\n<meta property=\"og:type\" content=\"article\" \/>\n<meta property=\"og:title\" content=\"Gest\u00e3o Socioambiental - XXVIII SemeAd\" \/>\n<meta property=\"og:url\" content=\"https:\/\/semead.com.br\/28\/areas\/cientificas\/gestao-socioambiental\/\" \/>\n<meta property=\"og:site_name\" content=\"XXVIII SemeAd\" \/>\n<meta property=\"article:modified_time\" content=\"2026-05-09T19:03:22+00:00\" \/>\n<meta name=\"twitter:card\" content=\"summary_large_image\" \/>\n<script type=\"application\/ld+json\" class=\"yoast-schema-graph\">{\"@context\":\"https:\\\/\\\/schema.org\",\"@graph\":[{\"@type\":\"WebPage\",\"@id\":\"https:\\\/\\\/semead.com.br\\\/28\\\/areas\\\/cientificas\\\/gestao-socioambiental\\\/\",\"url\":\"https:\\\/\\\/semead.com.br\\\/28\\\/areas\\\/cientificas\\\/gestao-socioambiental\\\/\",\"name\":\"Gest\u00e3o Socioambiental - XXVIII SemeAd\",\"isPartOf\":{\"@id\":\"https:\\\/\\\/semead.com.br\\\/28\\\/#website\"},\"datePublished\":\"2013-04-26T00:11:58+00:00\",\"dateModified\":\"2026-05-09T19:03:22+00:00\",\"breadcrumb\":{\"@id\":\"https:\\\/\\\/semead.com.br\\\/28\\\/areas\\\/cientificas\\\/gestao-socioambiental\\\/#breadcrumb\"},\"inLanguage\":\"pt-BR\",\"potentialAction\":[{\"@type\":\"ReadAction\",\"target\":[\"https:\\\/\\\/semead.com.br\\\/28\\\/areas\\\/cientificas\\\/gestao-socioambiental\\\/\"]}]},{\"@type\":\"BreadcrumbList\",\"@id\":\"https:\\\/\\\/semead.com.br\\\/28\\\/areas\\\/cientificas\\\/gestao-socioambiental\\\/#breadcrumb\",\"itemListElement\":[{\"@type\":\"ListItem\",\"position\":1,\"name\":\"In\u00edcio\",\"item\":\"https:\\\/\\\/semead.com.br\\\/28\\\/\"},{\"@type\":\"ListItem\",\"position\":2,\"name\":\"\u00c1reas\",\"item\":\"https:\\\/\\\/semead.com.br\\\/28\\\/areas\\\/\"},{\"@type\":\"ListItem\",\"position\":3,\"name\":\"\u00c1reas Cient\u00edficas\",\"item\":\"https:\\\/\\\/semead.com.br\\\/28\\\/tracks\\\/scientific-areas\\\/\"},{\"@type\":\"ListItem\",\"position\":4,\"name\":\"Gest\u00e3o Socioambiental\"}]},{\"@type\":\"WebSite\",\"@id\":\"https:\\\/\\\/semead.com.br\\\/28\\\/#website\",\"url\":\"https:\\\/\\\/semead.com.br\\\/28\\\/\",\"name\":\"XXVIII SemeAd\",\"description\":\"Semin\u00e1rios em administra\u00e7\u00e3o\",\"potentialAction\":[{\"@type\":\"SearchAction\",\"target\":{\"@type\":\"EntryPoint\",\"urlTemplate\":\"https:\\\/\\\/semead.com.br\\\/28\\\/?s={search_term_string}\"},\"query-input\":{\"@type\":\"PropertyValueSpecification\",\"valueRequired\":true,\"valueName\":\"search_term_string\"}}],\"inLanguage\":\"pt-BR\"}]}<\/script>\n<!-- \/ Yoast SEO plugin. -->","yoast_head_json":{"title":"Gest\u00e3o Socioambiental - XXVIII SemeAd","robots":{"index":"index","follow":"follow","max-snippet":"max-snippet:-1","max-image-preview":"max-image-preview:large","max-video-preview":"max-video-preview:-1"},"canonical":"https:\/\/semead.com.br\/28\/areas\/cientificas\/gestao-socioambiental\/","og_locale":"pt_BR","og_type":"article","og_title":"Gest\u00e3o Socioambiental - XXVIII SemeAd","og_url":"https:\/\/semead.com.br\/28\/areas\/cientificas\/gestao-socioambiental\/","og_site_name":"XXVIII SemeAd","article_modified_time":"2026-05-09T19:03:22+00:00","twitter_card":"summary_large_image","schema":{"@context":"https:\/\/schema.org","@graph":[{"@type":"WebPage","@id":"https:\/\/semead.com.br\/28\/areas\/cientificas\/gestao-socioambiental\/","url":"https:\/\/semead.com.br\/28\/areas\/cientificas\/gestao-socioambiental\/","name":"Gest\u00e3o Socioambiental - XXVIII SemeAd","isPartOf":{"@id":"https:\/\/semead.com.br\/28\/#website"},"datePublished":"2013-04-26T00:11:58+00:00","dateModified":"2026-05-09T19:03:22+00:00","breadcrumb":{"@id":"https:\/\/semead.com.br\/28\/areas\/cientificas\/gestao-socioambiental\/#breadcrumb"},"inLanguage":"pt-BR","potentialAction":[{"@type":"ReadAction","target":["https:\/\/semead.com.br\/28\/areas\/cientificas\/gestao-socioambiental\/"]}]},{"@type":"BreadcrumbList","@id":"https:\/\/semead.com.br\/28\/areas\/cientificas\/gestao-socioambiental\/#breadcrumb","itemListElement":[{"@type":"ListItem","position":1,"name":"In\u00edcio","item":"https:\/\/semead.com.br\/28\/"},{"@type":"ListItem","position":2,"name":"\u00c1reas","item":"https:\/\/semead.com.br\/28\/areas\/"},{"@type":"ListItem","position":3,"name":"\u00c1reas Cient\u00edficas","item":"https:\/\/semead.com.br\/28\/tracks\/scientific-areas\/"},{"@type":"ListItem","position":4,"name":"Gest\u00e3o Socioambiental"}]},{"@type":"WebSite","@id":"https:\/\/semead.com.br\/28\/#website","url":"https:\/\/semead.com.br\/28\/","name":"XXVIII SemeAd","description":"Semin\u00e1rios em administra\u00e7\u00e3o","potentialAction":[{"@type":"SearchAction","target":{"@type":"EntryPoint","urlTemplate":"https:\/\/semead.com.br\/28\/?s={search_term_string}"},"query-input":{"@type":"PropertyValueSpecification","valueRequired":true,"valueName":"search_term_string"}}],"inLanguage":"pt-BR"}]}},"_links":{"self":[{"href":"https:\/\/semead.com.br\/28\/wp-json\/wp\/v2\/pages\/15","targetHints":{"allow":["GET"]}}],"collection":[{"href":"https:\/\/semead.com.br\/28\/wp-json\/wp\/v2\/pages"}],"about":[{"href":"https:\/\/semead.com.br\/28\/wp-json\/wp\/v2\/types\/page"}],"author":[{"embeddable":true,"href":"https:\/\/semead.com.br\/28\/wp-json\/wp\/v2\/users\/1"}],"replies":[{"embeddable":true,"href":"https:\/\/semead.com.br\/28\/wp-json\/wp\/v2\/comments?post=15"}],"version-history":[{"count":3,"href":"https:\/\/semead.com.br\/28\/wp-json\/wp\/v2\/pages\/15\/revisions"}],"predecessor-version":[{"id":33636,"href":"https:\/\/semead.com.br\/28\/wp-json\/wp\/v2\/pages\/15\/revisions\/33636"}],"up":[{"embeddable":true,"href":"https:\/\/semead.com.br\/28\/wp-json\/wp\/v2\/pages\/9"}],"wp:attachment":[{"href":"https:\/\/semead.com.br\/28\/wp-json\/wp\/v2\/media?parent=15"}],"curies":[{"name":"wp","href":"https:\/\/api.w.org\/{rel}","templated":true}]}}