{"id":16,"date":"2013-04-26T00:12:21","date_gmt":"2013-04-26T00:12:21","guid":{"rendered":"http:\/\/semead.com.br\/?page_id=16"},"modified":"2026-05-09T16:02:56","modified_gmt":"2026-05-09T19:02:56","slug":"gestao-da-tecnologia-da-informacao","status":"publish","type":"page","link":"https:\/\/semead.com.br\/28\/areas\/cientificas\/gestao-da-tecnologia-da-informacao\/","title":{"rendered":"Tecnologia da Informa\u00e7\u00e3o"},"content":{"rendered":"","protected":false},"excerpt":{"rendered":"","protected":false},"author":1,"featured_media":0,"parent":9,"menu_order":70,"comment_status":"closed","ping_status":"closed","template":"temas.php","meta":{"_acf_changed":false,"_monsterinsights_skip_tracking":false,"_monsterinsights_sitenote_active":false,"_monsterinsights_sitenote_note":"","_monsterinsights_sitenote_category":0,"footnotes":""},"class_list":["post-16","page","type-page","status-publish","hentry"],"acf":{"coordenadores":[{"titulo":"Coordenador:","nome":"Prof. Dr. Gilberto Perez","instituicao":"MACKENZIE","imagem":34797},{"titulo":"Coordenador Adjunto:","nome":"Prof. Dr. Luis Hernan Contreras Pinochet","instituicao":"FEA-USP","imagem":34806}],"audio_da_coordenacao":"","temas":[{"tema_nome":"Aspectos Comportamentais e Decis\u00f3rios da TI","tema_descricao":"Estudos que aprimorem a compreens\u00e3o sobre como a TI \u00e9 utilizada por indiv\u00edduos, ou grupos de usu\u00e1rios, e que englobem fatores antecedentes, ou consequ\u00eancias da ado\u00e7\u00e3o da TI; Modelos de predi\u00e7\u00e3o de atitudes, inten\u00e7\u00e3o e comportamentos est\u00e3o contidos nesse tema; Al\u00e9m disso, pesquisas que englobem os processos de tomada de decis\u00e3o organizacional, seja esses mediados por tecnologias, algoritmos, intelig\u00eancia artificial, machine learning, ou pela governan\u00e7a organizacional tamb\u00e9m est\u00e3o contemplados nessa tem\u00e1tica.","audio":20487,"lideres":[{"lider_nome":"L\u00edder: Prof. Dr. Alexandre Cappellozza (MACKENZIE)","lider_foto":34793}]},{"tema_nome":"Ci\u00eancias de dados e Intelig\u00eancia anal\u00edtica","tema_descricao":"Estudos que envolvam aplica\u00e7\u00f5es para: Big data; Business Analytics (BA); Intelig\u00eancia Artificial; Machine Learning; People Analytics; Web Analytics; Redes Neurais.","audio":"","lideres":[{"lider_nome":"L\u00edder: Prof. Dr. Gustavo Herm\u00ednio Salati Marcondes de Moraes PhD (UNICAMP)","lider_foto":14391},{"lider_nome":"Co-L\u00edder Internacional: Prof. Dr. Victor Manuel Meneses Barbosa (Instituto Polit\u00e9cnico de Set\u00fabal, Portugal)","lider_foto":18498}]},{"tema_nome":"Gest\u00e3o de Projetos de Tecnologias Digitais","tema_descricao":"Estudos que envolvam os aspectos relacionados \u00e0 defini\u00e7\u00e3o, an\u00e1lise de viabilidade, planejamento, desenvolvimento, gest\u00e3o e encerramento de projetos de tecnologias digitais (por exemplo, intelig\u00eancia artificial, blockchain, cloud, mobile, digital twin, internet das coisas, entre outras). Em rela\u00e7\u00e3o \u00e0 abordagem da gest\u00e3o de projetos, s\u00e3o bem-vindos os trabalhos que utilizem os m\u00e9todos tradicionais (plan driven), os m\u00e9todos \u00e1geis ou os m\u00e9todos h\u00edbridos. Temas a serem considerados: \r\nPrinc\u00edpios, valores e mindset \u00e1gil; cultura \u00e1gil; aplica\u00e7\u00e3o de m\u00e9todos \u00e1geis (Scrum, Kanban, Scrumban, Lean Project Management, SAFe, Scrum of Scrums, etc); aplica\u00e7\u00e3o de m\u00e9todos \u00e1geis em produtos n\u00e3o-software; OKR e m\u00e9tricas; MVP e Value Management; \u00e1gil escalado; desempenho e produtividade em projetos \u00e1geis; transforma\u00e7\u00e3o \u00e1gil; PMO \u00e1gil; DevOps; gest\u00e3o de programas; gest\u00e3o de portf\u00f3lio de projetos; governan\u00e7a de projetos; projetos complexos; lideran\u00e7a, compet\u00eancias e motiva\u00e7\u00e3o de pessoas na condu\u00e7\u00e3o dos projetos.","audio":"","lideres":[{"lider_nome":"L\u00edder: Prof. Dr. Claudio Luis Carvalho Larieira (MACKENZIE\/EAESP\/FGV)","lider_foto":34810}]},{"tema_nome":"Governan\u00e7a e Sustentabilidade Digital","tema_descricao":"O tema Governan\u00e7a e Sustentabilidade Digital prop\u00f5e discutir o papel estrat\u00e9gico da Tecnologia da Informa\u00e7\u00e3o na constru\u00e7\u00e3o de organiza\u00e7\u00f5es resilientes, \u00e9ticas, sustent\u00e1veis e inovadoras. Envolve o estudo de estruturas, processos, tecnologias e pr\u00e1ticas de governan\u00e7a e gest\u00e3o de TI que assegurem alinhamento estrat\u00e9gico, gera\u00e7\u00e3o de valor, seguran\u00e7a cibern\u00e9tica, uso respons\u00e1vel da tecnologia e conformidade socioambiental. Em cen\u00e1rio de grandes inova\u00e7\u00f5es tecnol\u00f3gicas, crescente import\u00e2ncia da seguran\u00e7a cibern\u00e9tica, press\u00f5es regulat\u00f3rias e demandas por responsabilidade socioambiental, a governan\u00e7a da TI sob a \u00f3tica da sustentabilidade digital, considera n\u00e3o apenas os resultados econ\u00f4micos, mas tamb\u00e9m os impactos sociais e ambientais das decis\u00f5es tecnol\u00f3gicas. Este tema abrange estudos ligados \u00e0:\r\n- Governan\u00e7a de TI e estrat\u00e9gias alinhadas ao desenvolvimento sustent\u00e1vel e \u00e0 gera\u00e7\u00e3o de valor.\r\n- Gest\u00e3o e governan\u00e7a de dados com foco em \u00e9tica, transpar\u00eancia, cultura data-driven e intelig\u00eancia organizacional.\r\n- Pr\u00e1ticas de Green IT, efici\u00eancia energ\u00e9tica e economia circular em infraestruturas digitais.\r\n- Aplica\u00e7\u00f5es respons\u00e1veis de IA, blockchain, IoT e outras tecnologias emergentes voltadas aos Objetivos de Desenvolvimento Sustent\u00e1vel (ODS).\r\n- \u00c9tica digital, inclus\u00e3o, acessibilidade e responsabilidade social no uso de tecnologias.\r\n- Ciberseguran\u00e7a, privacidade, compliance e resili\u00eancia organizacional frente a riscos e vulnerabilidades digitais.\r\n- Avalia\u00e7\u00e3o dos impactos sociais e ambientais da transforma\u00e7\u00e3o digital nas organiza\u00e7\u00f5es e na sociedade.\r\n","audio":"","lideres":[{"lider_nome":"L\u00edder: Prof. Dr. Jean Carlos Domingos (UFU)","lider_foto":34795},{"lider_nome":"Co-L\u00edder: Prof. Dr. Miguel Mira da Silva (Instituto Superior T\u00e9cnico - Lisboa, Portugal)","lider_foto":31306}]},{"tema_nome":"Governo Digital, Cidades Inteligentes e TICs para Desenvolvimento","tema_descricao":"O tema abrange aspectos da ado\u00e7\u00e3o, uso e implica\u00e7\u00f5es das Tecnologias da Informa\u00e7\u00e3o pela sociedade, organiza\u00e7\u00f5es e indiv\u00edduos no \u00e2mbito do setor p\u00fablico, e suas contribui\u00e7\u00f5es para a pr\u00e1tica democr\u00e1tica, inclus\u00e3o, participa\u00e7\u00e3o e a transpar\u00eancia. Os assuntos contemplados neste tema envolve (mas, n\u00e3o se restringem):\r\n\r\n(a) Uso da TI para solu\u00e7\u00f5es que auxiliem a vida urbana, para a melhoria da qualidade de vida, bem-estar do cidad\u00e3o e sustentabilidade;\r\n(b) Modelos e aplica\u00e7\u00f5es de pol\u00edticas de cidades inteligentes (smart cities) para a \u00e1reas de energia, transporte, sa\u00fade, educa\u00e7\u00e3o, seguran\u00e7a p\u00fablica e infraestruturas;\r\n(c) Sistemas de Informa\u00e7\u00e3o na sa\u00fade, educa\u00e7\u00e3o e inova\u00e7\u00e3o em servi\u00e7os e processos;\r\n(d) Uso de TI na presta\u00e7\u00e3o de servi\u00e7os ao cidad\u00e3o, no suporte da gest\u00e3o e das pol\u00edticas p\u00fablicas, e suas implica\u00e7\u00f5es;\r\n(e) Exclus\u00e3o Digital e Desigualdades Digitais;\r\n(f) Governo Aberto, Dados Abertos Governamentais, Inova\u00e7\u00e3o P\u00fablica e colabora\u00e7\u00e3o com os cidad\u00e3os;\r\n(g) Big Data e Data Analytics e suas implica\u00e7\u00f5es no contexto de governo e institui\u00e7\u00f5es p\u00fablicas;\r\n(h) Ado\u00e7\u00e3o e uso da tecnologia Blockchain na \u00e1rea da sa\u00fade, jur\u00eddica, econ\u00f4mica-financeira  e em outros setores da sociedade para a presta\u00e7\u00e3o de servi\u00e7os ao cidad\u00e3o;\r\n(i) Transforma\u00e7\u00e3o Digital e suas implica\u00e7\u00f5es no \u00e2mbito do setor p\u00fablico;\r\n(j) Planejamento, ado\u00e7\u00e3o e implica\u00e7\u00f5es de solu\u00e7\u00f5es de Intelig\u00eancia Artificial no setor p\u00fablico.\r\n(k) Privacidade e Seguran\u00e7a da Informa\u00e7\u00e3o no contexto de governo e institui\u00e7\u00f5es p\u00fablicas.","audio":"","lideres":[{"lider_nome":"L\u00edder: Prof. Dr. Marcelo Henrique de Ara\u00fajo (FEA-USP)","lider_foto":34799},{"lider_nome":"L\u00edder Adjunta: Profa. Dra. \u00c9rica Siqueira (FGV-EAESP)","lider_foto":34802}]},{"tema_nome":"Ado\u00e7\u00e3o de TICs e Impactos Organizacionais","tema_descricao":"Estudos sobre ado\u00e7\u00e3o, uso, gest\u00e3o e impactos organizacionais de tecnologias da informa\u00e7\u00e3o e comunica\u00e7\u00e3o, considerando tanto sistemas tradicionais quanto solu\u00e7\u00f5es emergentes. Incluem-se estudos em:\r\n- Sistemas empresariais integrados: ERP, CRM, SCM, BPM (Business Process Management), Modelagem de Processos com BPMN.\r\n- Automatiza\u00e7\u00e3o, redesenho de processos nas organiza\u00e7\u00f5es.\r\n- Automa\u00e7\u00e3o Rob\u00f3tica de Processos (RPA), BPM Inteligente (iBPM).\r\n- E-commerce e Marketplaces Integrados.\r\n- Plataformas digitais, ecossistemas interorganizacionais e redes colaborativas baseadas em TI.\r\n- Impactos organizacionais no uso de tecnologias como: computa\u00e7\u00e3o em nuvem, computa\u00e7\u00e3o m\u00f3vel e aplica\u00e7\u00f5es em ambientes distribu\u00eddos, Blockchain, Internet das Coisas (IoT), Realidade Aumentada\/Virtual, G\u00eameos Digitais, entre outras.\r\n- Indicadores e avalia\u00e7\u00e3o de impacto: KPIs associados \u00e0 ado\u00e7\u00e3o de TICs.\r\n- Impactos organizacionais, \u00e9ticos e sociais da tecnologia: privacidade, seguran\u00e7a, vi\u00e9s algor\u00edtmico, transpar\u00eancia e sustentabilidade (ESG).\r\n","audio":"","lideres":[{"lider_nome":"L\u00edder: Prof. Dr. Jos\u00e9 Eduardo Ferreira Lopes (UFU)","lider_foto":34804}]},{"tema_nome":"Transforma\u00e7\u00e3o Digital e Inova\u00e7\u00e3o em Neg\u00f3cios Digitais","tema_descricao":"A transforma\u00e7\u00e3o digital representa uma reconfigura\u00e7\u00e3o profunda das organiza\u00e7\u00f5es, impulsionada pelo avan\u00e7o das tecnologias digitais e pela necessidade de adapta\u00e7\u00e3o a novos comportamentos, modelos de consumo, e ecossistemas de inova\u00e7\u00e3o. Trata-se de um processo cont\u00ednuo que transcende a simples digitaliza\u00e7\u00e3o de processos, exigindo uma mudan\u00e7a cultural, estrutural, cognitiva e estrat\u00e9gica para que organiza\u00e7\u00f5es \u2014 p\u00fablicas, privadas ou do terceiro setor \u2014 possam gerar valor sustent\u00e1vel em um ambiente cada vez mais din\u00e2mico, conectado e orientado por dados. O tema busca compreender como as tecnologias da informa\u00e7\u00e3o e comunica\u00e7\u00e3o (TICs) impulsionam inova\u00e7\u00f5es em produtos, servi\u00e7os, processos e modelos de neg\u00f3cio, al\u00e9m de analisar seus impactos organizacionais, sociais e econ\u00f4micos.\r\n- Aplica\u00e7\u00e3o de tecnologias emergentes e Deep Techs, como intelig\u00eancia artificial (inclusive IA generativa), big data, IoT, blockchain, realidade aumentada\/virtual, metaverso, computa\u00e7\u00e3o qu\u00e2ntica e redes 5G.\r\n- Inova\u00e7\u00e3o digital em produtos, processos, servi\u00e7os e modelos de neg\u00f3cio, com redesenho organizacional e digitaliza\u00e7\u00e3o de cadeias de valor.\r\n- Modelos de maturidade digital, diagn\u00f3stico de prontid\u00e3o e estrat\u00e9gias de transforma\u00e7\u00e3o em organiza\u00e7\u00f5es p\u00fablicas, privadas e do terceiro setor, considerando seu papel nos ecossistemas digitais e de inova\u00e7\u00e3o, especialmente na articula\u00e7\u00e3o entre Deep Techs, pol\u00edticas p\u00fablicas e empreendedorismo.\r\n- Cultura data driven, lideran\u00e7a transformacional, gest\u00e3o da mudan\u00e7a e novas formas de trabalho em ambientes digitais e smart workspaces.\r\n- Integra\u00e7\u00e3o de aplica\u00e7\u00f5es baseadas em IA, como chatbots, assistentes virtuais e sistemas tutoriais inteligentes, nos ecossistemas digitais das organiza\u00e7\u00f5es, como vetor de inova\u00e7\u00e3o e transforma\u00e7\u00e3o digital.\r\n- Cria\u00e7\u00e3o de novos neg\u00f3cios digitais baseados em governan\u00e7a de dados, seguran\u00e7a cibern\u00e9tica e responsabilidade tecnol\u00f3gica, considerando suas implica\u00e7\u00f5es \u00e9ticas, sociais e ambientais \u2014 como vi\u00e9s algor\u00edtmico, privacidade e inclus\u00e3o.\r\n- Din\u00e2micas cognitivas na transforma\u00e7\u00e3o digital: impactos das tecnologias digitais nos processos de aten\u00e7\u00e3o, tomada de decis\u00e3o, aprendizagem organizacional e comportamento adaptativo em ambientes complexos e intensivos em dados.\r\n- Ativismo digital, participa\u00e7\u00e3o cidad\u00e3 e reconfigura\u00e7\u00e3o da esfera p\u00fablica impulsionada pela transforma\u00e7\u00e3o digital e pelos princ\u00edpios do Governo Aberto, mediada por tecnologias emergentes.","audio":"","lideres":[{"lider_nome":"L\u00edder: Prof. Dr. Luis Hernan Contreras Pinochet (FEA-USP)","lider_foto":34808},{"lider_nome":"L\u00edder adjunta: Profa. Dra. Vanessa Itacaramby Pardim (FEA\/USP)","lider_foto":34801},{"lider_nome":"Co-L\u00edder Internacional: Prof. Dr. Guillermo Rodr\u00edguez Abitia (Raymond A. Mason School of Business - Willian &amp; Mary \u2013 US)","lider_foto":18502}]}]},"yoast_head":"<!-- This site is optimized with the Yoast SEO plugin v27.6 - https:\/\/yoast.com\/product\/yoast-seo-wordpress\/ -->\n<title>Tecnologia da Informa\u00e7\u00e3o - XXVIII SemeAd<\/title>\n<meta name=\"robots\" content=\"index, follow, max-snippet:-1, max-image-preview:large, max-video-preview:-1\" \/>\n<link rel=\"canonical\" href=\"https:\/\/semead.com.br\/28\/areas\/cientificas\/gestao-da-tecnologia-da-informacao\/\" \/>\n<meta property=\"og:locale\" content=\"pt_BR\" \/>\n<meta property=\"og:type\" content=\"article\" \/>\n<meta property=\"og:title\" content=\"Tecnologia da Informa\u00e7\u00e3o - XXVIII SemeAd\" \/>\n<meta property=\"og:url\" content=\"https:\/\/semead.com.br\/28\/areas\/cientificas\/gestao-da-tecnologia-da-informacao\/\" \/>\n<meta property=\"og:site_name\" content=\"XXVIII SemeAd\" \/>\n<meta property=\"article:modified_time\" content=\"2026-05-09T19:02:56+00:00\" \/>\n<meta name=\"twitter:card\" content=\"summary_large_image\" \/>\n<script type=\"application\/ld+json\" class=\"yoast-schema-graph\">{\"@context\":\"https:\\\/\\\/schema.org\",\"@graph\":[{\"@type\":\"WebPage\",\"@id\":\"https:\\\/\\\/semead.com.br\\\/28\\\/areas\\\/cientificas\\\/gestao-da-tecnologia-da-informacao\\\/\",\"url\":\"https:\\\/\\\/semead.com.br\\\/28\\\/areas\\\/cientificas\\\/gestao-da-tecnologia-da-informacao\\\/\",\"name\":\"Tecnologia da Informa\u00e7\u00e3o - XXVIII SemeAd\",\"isPartOf\":{\"@id\":\"https:\\\/\\\/semead.com.br\\\/28\\\/#website\"},\"datePublished\":\"2013-04-26T00:12:21+00:00\",\"dateModified\":\"2026-05-09T19:02:56+00:00\",\"breadcrumb\":{\"@id\":\"https:\\\/\\\/semead.com.br\\\/28\\\/areas\\\/cientificas\\\/gestao-da-tecnologia-da-informacao\\\/#breadcrumb\"},\"inLanguage\":\"pt-BR\",\"potentialAction\":[{\"@type\":\"ReadAction\",\"target\":[\"https:\\\/\\\/semead.com.br\\\/28\\\/areas\\\/cientificas\\\/gestao-da-tecnologia-da-informacao\\\/\"]}]},{\"@type\":\"BreadcrumbList\",\"@id\":\"https:\\\/\\\/semead.com.br\\\/28\\\/areas\\\/cientificas\\\/gestao-da-tecnologia-da-informacao\\\/#breadcrumb\",\"itemListElement\":[{\"@type\":\"ListItem\",\"position\":1,\"name\":\"In\u00edcio\",\"item\":\"https:\\\/\\\/semead.com.br\\\/28\\\/\"},{\"@type\":\"ListItem\",\"position\":2,\"name\":\"\u00c1reas\",\"item\":\"https:\\\/\\\/semead.com.br\\\/28\\\/areas\\\/\"},{\"@type\":\"ListItem\",\"position\":3,\"name\":\"\u00c1reas Cient\u00edficas\",\"item\":\"https:\\\/\\\/semead.com.br\\\/28\\\/tracks\\\/scientific-areas\\\/\"},{\"@type\":\"ListItem\",\"position\":4,\"name\":\"Tecnologia da Informa\u00e7\u00e3o\"}]},{\"@type\":\"WebSite\",\"@id\":\"https:\\\/\\\/semead.com.br\\\/28\\\/#website\",\"url\":\"https:\\\/\\\/semead.com.br\\\/28\\\/\",\"name\":\"XXVIII SemeAd\",\"description\":\"Semin\u00e1rios em administra\u00e7\u00e3o\",\"potentialAction\":[{\"@type\":\"SearchAction\",\"target\":{\"@type\":\"EntryPoint\",\"urlTemplate\":\"https:\\\/\\\/semead.com.br\\\/28\\\/?s={search_term_string}\"},\"query-input\":{\"@type\":\"PropertyValueSpecification\",\"valueRequired\":true,\"valueName\":\"search_term_string\"}}],\"inLanguage\":\"pt-BR\"}]}<\/script>\n<!-- \/ Yoast SEO plugin. -->","yoast_head_json":{"title":"Tecnologia da Informa\u00e7\u00e3o - XXVIII SemeAd","robots":{"index":"index","follow":"follow","max-snippet":"max-snippet:-1","max-image-preview":"max-image-preview:large","max-video-preview":"max-video-preview:-1"},"canonical":"https:\/\/semead.com.br\/28\/areas\/cientificas\/gestao-da-tecnologia-da-informacao\/","og_locale":"pt_BR","og_type":"article","og_title":"Tecnologia da Informa\u00e7\u00e3o - XXVIII SemeAd","og_url":"https:\/\/semead.com.br\/28\/areas\/cientificas\/gestao-da-tecnologia-da-informacao\/","og_site_name":"XXVIII SemeAd","article_modified_time":"2026-05-09T19:02:56+00:00","twitter_card":"summary_large_image","schema":{"@context":"https:\/\/schema.org","@graph":[{"@type":"WebPage","@id":"https:\/\/semead.com.br\/28\/areas\/cientificas\/gestao-da-tecnologia-da-informacao\/","url":"https:\/\/semead.com.br\/28\/areas\/cientificas\/gestao-da-tecnologia-da-informacao\/","name":"Tecnologia da Informa\u00e7\u00e3o - XXVIII SemeAd","isPartOf":{"@id":"https:\/\/semead.com.br\/28\/#website"},"datePublished":"2013-04-26T00:12:21+00:00","dateModified":"2026-05-09T19:02:56+00:00","breadcrumb":{"@id":"https:\/\/semead.com.br\/28\/areas\/cientificas\/gestao-da-tecnologia-da-informacao\/#breadcrumb"},"inLanguage":"pt-BR","potentialAction":[{"@type":"ReadAction","target":["https:\/\/semead.com.br\/28\/areas\/cientificas\/gestao-da-tecnologia-da-informacao\/"]}]},{"@type":"BreadcrumbList","@id":"https:\/\/semead.com.br\/28\/areas\/cientificas\/gestao-da-tecnologia-da-informacao\/#breadcrumb","itemListElement":[{"@type":"ListItem","position":1,"name":"In\u00edcio","item":"https:\/\/semead.com.br\/28\/"},{"@type":"ListItem","position":2,"name":"\u00c1reas","item":"https:\/\/semead.com.br\/28\/areas\/"},{"@type":"ListItem","position":3,"name":"\u00c1reas Cient\u00edficas","item":"https:\/\/semead.com.br\/28\/tracks\/scientific-areas\/"},{"@type":"ListItem","position":4,"name":"Tecnologia da Informa\u00e7\u00e3o"}]},{"@type":"WebSite","@id":"https:\/\/semead.com.br\/28\/#website","url":"https:\/\/semead.com.br\/28\/","name":"XXVIII SemeAd","description":"Semin\u00e1rios em administra\u00e7\u00e3o","potentialAction":[{"@type":"SearchAction","target":{"@type":"EntryPoint","urlTemplate":"https:\/\/semead.com.br\/28\/?s={search_term_string}"},"query-input":{"@type":"PropertyValueSpecification","valueRequired":true,"valueName":"search_term_string"}}],"inLanguage":"pt-BR"}]}},"_links":{"self":[{"href":"https:\/\/semead.com.br\/28\/wp-json\/wp\/v2\/pages\/16","targetHints":{"allow":["GET"]}}],"collection":[{"href":"https:\/\/semead.com.br\/28\/wp-json\/wp\/v2\/pages"}],"about":[{"href":"https:\/\/semead.com.br\/28\/wp-json\/wp\/v2\/types\/page"}],"author":[{"embeddable":true,"href":"https:\/\/semead.com.br\/28\/wp-json\/wp\/v2\/users\/1"}],"replies":[{"embeddable":true,"href":"https:\/\/semead.com.br\/28\/wp-json\/wp\/v2\/comments?post=16"}],"version-history":[{"count":3,"href":"https:\/\/semead.com.br\/28\/wp-json\/wp\/v2\/pages\/16\/revisions"}],"predecessor-version":[{"id":33730,"href":"https:\/\/semead.com.br\/28\/wp-json\/wp\/v2\/pages\/16\/revisions\/33730"}],"up":[{"embeddable":true,"href":"https:\/\/semead.com.br\/28\/wp-json\/wp\/v2\/pages\/9"}],"wp:attachment":[{"href":"https:\/\/semead.com.br\/28\/wp-json\/wp\/v2\/media?parent=16"}],"curies":[{"name":"wp","href":"https:\/\/api.w.org\/{rel}","templated":true}]}}