{"id":16900,"date":"2020-09-09T17:23:24","date_gmt":"2020-09-09T20:23:24","guid":{"rendered":"https:\/\/semead.com.br\/28\/?page_id=16900"},"modified":"2025-10-10T12:12:04","modified_gmt":"2025-10-10T15:12:04","slug":"apresentacoes-de-trabalhos","status":"publish","type":"page","link":"https:\/\/semead.com.br\/28\/apresentacoes-de-trabalhos\/","title":{"rendered":"Apresenta\u00e7\u00f5es de Trabalhos Modalidade Online e Presencial"},"content":{"rendered":"\n<h3 class=\"wp-block-heading\">Informa\u00e7\u00f5es importantes:<\/h3>\n\n\n\n<p class=\"has-text-color has-link-color wp-elements-a9d6333f47973e079a5a936d2afb499f\" style=\"color:#ff0000\"><strong>Esse ano n\u00e3o haver\u00e1 envio pr\u00e9vio da apresenta\u00e7\u00e3o (ppt ou v\u00eddeo gravado)<\/strong><\/p>\n\n\n\n<p>A apresenta\u00e7\u00e3o do trabalho ser\u00e1 feita pelos autores presentes na sess\u00e3o<\/p>\n\n\n\n<p>A apresenta\u00e7\u00e3o de trabalhos no SemeAd ocorrer\u00e1 de forma online e presencial. Para isso, algumas informa\u00e7\u00f5es ser\u00e3o apresentadas a seguir<\/p>\n\n\n\n<h3 class=\"wp-block-heading\">Instru\u00e7\u00f5es para apresenta\u00e7\u00e3o dos trabalhos (presencial e online): <\/h3>\n\n\n\n<p>A apresenta\u00e7\u00e3o de ensaios te\u00f3ricos, artigos te\u00f3rico-emp\u00edricos e artigos aplicados ter\u00e3o a dura\u00e7\u00e3o de 15 minutos, casos de ensino ter\u00e3o a dura\u00e7\u00e3o de 10 minutos. Ap\u00f3s a apresenta\u00e7\u00e3o haver\u00e1 um breve tempo para discuss\u00e3o do trabalho.<\/p>\n\n\n\n<p>A apresenta\u00e7\u00e3o de artigos cient\u00edficos, relatos tecnol\u00f3gicos e casos de ensino dever\u00e1 ser em PowerPoint e a formata\u00e7\u00e3o da apresenta\u00e7\u00e3o \u00e9 livre. <\/p>\n\n\n\n<p><strong>IMPORTANTE:<\/strong> Recomendamos que o participante fa\u00e7a uma leitura pr\u00e9via dos trabalhos da sua sess\u00e3o e que traga suas contribui\u00e7\u00f5es para discuti-las com os demais autores<\/p>\n\n\n\n<h3 class=\"wp-block-heading\">Instru\u00e7\u00f5es para apresenta\u00e7\u00e3o dos trabalhos (presencial): <\/h3>\n\n\n\n<ol class=\"wp-block-list\">\n<li>Recomenda-se trazer a apresenta\u00e7\u00e3o em um <em>pendrive<\/em> e, por seguran\u00e7a, ter uma c\u00f3pia em seu e-mail pessoal.<\/li>\n\n\n\n<li>Para que n\u00e3o haja atraso nas apresenta\u00e7\u00f5es, solicitamos a presen\u00e7a do autor-apresentador na sala com 15 minutos de anteced\u00eancia para a prepara\u00e7\u00e3o da apresenta\u00e7\u00e3o.<\/li>\n<\/ol>\n\n\n\n<h3 class=\"wp-block-heading\">Instru\u00e7\u00f5es para apresenta\u00e7\u00e3o dos trabalhos (online): <\/h3>\n\n\n\n<ol class=\"wp-block-list\">\n<li><strong>Teste de compatibilidade<\/strong>\u00a0\u2013 Para que os autores tenham uma participa\u00e7\u00e3o adequada, recomenda-se a realiza\u00e7\u00e3o de teste de compatibilidade do sistema com o navegador e seus equipamentos previamente. Para realizar o teste, acesse o\u00a0<em>link<\/em>:\u00a0<a href=\"https:\/\/zoom.us\/test\" target=\"_blank\" rel=\"noreferrer noopener\">https:\/\/zoom.us\/test<\/a><\/li>\n\n\n\n<li><strong>Equipamentos<\/strong>\u00a0\u2013 Sugere-se que os autores\u00a0<strong>realizem o acesso atrav\u00e9s de um computador<\/strong>\u00a0e tenham mais de um equipamento como alternativa para acesso. N\u00e3o \u00e9 poss\u00edvel prever alguns problemas de conex\u00e3o e funcionalidade por conta de equipamentos e redes.<\/li>\n\n\n\n<li><strong>Teste de link<\/strong>\u00a0\u2013 Fa\u00e7a o teste do\u00a0<em>link<\/em>\u00a0da sess\u00e3o antecipadamente. Abriremos o link 15 minutos antes do hor\u00e1rio previsto para as sess\u00f5es. Neste tempo, os autores poder\u00e3o corrigir quaisquer imprevistos.<\/li>\n\n\n\n<li><strong>Modera\u00e7\u00f5es<\/strong>\u00a0\u2013 As sess\u00f5es contar\u00e3o com um moderador. O moderador se encarregar\u00e1 da organiza\u00e7\u00e3o da sess\u00e3o.<\/li>\n\n\n\n<li><strong>Apresenta\u00e7\u00f5es\u00a0<\/strong>\u2013 Recomenda-se que os autores deixem a sua apresenta\u00e7\u00e3o aberta em seus\u00a0<em>desktops<\/em>\u00a0ou outros equipamentos. Isto facilitar\u00e1 o processo no momento de sua apresenta\u00e7\u00e3o e no compartilhamento da tela.<\/li>\n\n\n\n<li><strong>Evite sobrecarga do sistema<\/strong>\u00a0\u2013 Utilize poucas janelas\/abas no seu navegador e deixe poucos programas\/aplicativos abertos em seu equipamento para facilitar seu compartilhamento de tela no momento de sua apresenta\u00e7\u00e3o e para evitar sobrecarga do sistema.<\/li>\n\n\n\n<li><strong>Identifica\u00e7\u00e3o<\/strong>\u00a0\u2013 Identifique-se logo no in\u00edcio com o moderador da sess\u00e3o indicando que voc\u00ea est\u00e1 presente e qual \u00e9 o seu trabalho.<\/li>\n\n\n\n<li><strong>Ativa\u00e7\u00f5es na Plataforma Zoom<\/strong>\u00a0\u2013 Quando solicitado, abra o seu microfone e seu v\u00eddeo e fa\u00e7a o compartilhamento da sua tela de apresenta\u00e7\u00e3o. Recomenda-se que durante a apresenta\u00e7\u00e3o dos demais participantes, todos deixem seus microfones desativados.<\/li>\n<\/ol>\n\n\n\n<h3 class=\"wp-block-heading\">Observa\u00e7\u00f5es:<\/h3>\n\n\n\n<ol class=\"wp-block-list\">\n<li>A inscri\u00e7\u00e3o \u00e9 individual e intransfer\u00edvel.<\/li>\n\n\n\n<li>A publica\u00e7\u00e3o dos trabalhos aprovados (ensaios te\u00f3ricos, artigos te\u00f3rico-emp\u00edricos, artigos aplicados e casos de ensino), nos anais do SemeAd, est\u00e1 condicionada ao pagamento da inscri\u00e7\u00e3o de pelo menos um dos autores do trabalho.<\/li>\n\n\n\n<li>Os autores com trabalhos aprovados e inscritos, assumem o compromisso de que ao menos um deles compare\u00e7a ao congresso e fa\u00e7a a apresenta\u00e7\u00e3o do trabalho.<\/li>\n\n\n\n<li>O n\u00e3o comparecimento para apresenta\u00e7\u00e3o de trabalho inscrito implicar\u00e1 no impedimento do(s) autor(es) de submeter(em) trabalhos no evento subsequente.<\/li>\n\n\n\n<li>N\u00e3o h\u00e1 possibilidade de escolha pr\u00e9via por parte dos autores de data e hor\u00e1rio de apresenta\u00e7\u00e3o dos trabalhos. A programa\u00e7\u00e3o seguir\u00e1 o planejamento realizado pela Coordena\u00e7\u00e3o Cient\u00edfica do SemeAd.<\/li>\n<\/ol>\n\n\n\n<h3 class=\"wp-block-heading\">Template de Apresenta\u00e7\u00e3o<\/h3>\n\n\n\n<p><a href=\"https:\/\/semead.com.br\/28\/wp-content\/uploads\/sites\/19\/2025\/10\/Modelo-apresentacao-azul.pptx\">Download Template Azul<\/a><\/p>\n\n\n\n<p><a href=\"https:\/\/semead.com.br\/28\/wp-content\/uploads\/sites\/19\/2025\/10\/Modelo-apresentacao-laranja.pptx\">Download Template Laranja<\/a><\/p>\n\n\n\n<p><\/p>\n","protected":false},"excerpt":{"rendered":"<p>Informa\u00e7\u00f5es importantes: Esse ano n\u00e3o haver\u00e1 envio pr\u00e9vio da apresenta\u00e7\u00e3o (ppt ou v\u00eddeo gravado) A apresenta\u00e7\u00e3o do trabalho ser\u00e1 feita pelos autores presentes na sess\u00e3o A apresenta\u00e7\u00e3o de trabalhos no SemeAd ocorrer\u00e1 de forma online e presencial. Para isso, algumas informa\u00e7\u00f5es ser\u00e3o apresentadas a seguir Instru\u00e7\u00f5es para apresenta\u00e7\u00e3o dos trabalhos (presencial e online): A apresenta\u00e7\u00e3o&#8230;<\/p>\n","protected":false},"author":4,"featured_media":0,"parent":0,"menu_order":0,"comment_status":"closed","ping_status":"closed","template":"","meta":{"_acf_changed":false,"_monsterinsights_skip_tracking":false,"_monsterinsights_sitenote_active":false,"_monsterinsights_sitenote_note":"","_monsterinsights_sitenote_category":0,"footnotes":""},"class_list":["post-16900","page","type-page","status-publish","hentry"],"acf":[],"yoast_head":"<!-- This site is optimized with the Yoast SEO plugin v27.1.1 - https:\/\/yoast.com\/product\/yoast-seo-wordpress\/ -->\n<title>Apresenta\u00e7\u00f5es de Trabalhos Modalidade Online e Presencial - XXVIII SemeAd<\/title>\n<meta name=\"robots\" content=\"index, follow, max-snippet:-1, max-image-preview:large, max-video-preview:-1\" \/>\n<link rel=\"canonical\" href=\"https:\/\/semead.com.br\/28\/apresentacoes-de-trabalhos\/\" \/>\n<meta property=\"og:locale\" content=\"pt_BR\" \/>\n<meta property=\"og:type\" content=\"article\" \/>\n<meta property=\"og:title\" content=\"Apresenta\u00e7\u00f5es de Trabalhos Modalidade Online e Presencial - XXVIII SemeAd\" \/>\n<meta property=\"og:description\" content=\"Informa\u00e7\u00f5es importantes: Esse ano n\u00e3o haver\u00e1 envio pr\u00e9vio da apresenta\u00e7\u00e3o (ppt ou v\u00eddeo gravado) A apresenta\u00e7\u00e3o do trabalho ser\u00e1 feita pelos autores presentes na sess\u00e3o A apresenta\u00e7\u00e3o de trabalhos no SemeAd ocorrer\u00e1 de forma online e presencial. Para isso, algumas informa\u00e7\u00f5es ser\u00e3o apresentadas a seguir Instru\u00e7\u00f5es para apresenta\u00e7\u00e3o dos trabalhos (presencial e online): A apresenta\u00e7\u00e3o...\" \/>\n<meta property=\"og:url\" content=\"https:\/\/semead.com.br\/28\/apresentacoes-de-trabalhos\/\" \/>\n<meta property=\"og:site_name\" content=\"XXVIII SemeAd\" \/>\n<meta property=\"article:modified_time\" content=\"2025-10-10T15:12:04+00:00\" \/>\n<meta name=\"twitter:card\" content=\"summary_large_image\" \/>\n<meta name=\"twitter:label1\" content=\"Est. tempo de leitura\" \/>\n\t<meta name=\"twitter:data1\" content=\"4 minutos\" \/>\n<script type=\"application\/ld+json\" class=\"yoast-schema-graph\">{\"@context\":\"https:\/\/schema.org\",\"@graph\":[{\"@type\":\"WebPage\",\"@id\":\"https:\/\/semead.com.br\/28\/apresentacoes-de-trabalhos\/\",\"url\":\"https:\/\/semead.com.br\/28\/apresentacoes-de-trabalhos\/\",\"name\":\"Apresenta\u00e7\u00f5es de Trabalhos Modalidade Online e Presencial - XXVIII SemeAd\",\"isPartOf\":{\"@id\":\"https:\/\/semead.com.br\/28\/#website\"},\"datePublished\":\"2020-09-09T20:23:24+00:00\",\"dateModified\":\"2025-10-10T15:12:04+00:00\",\"breadcrumb\":{\"@id\":\"https:\/\/semead.com.br\/28\/apresentacoes-de-trabalhos\/#breadcrumb\"},\"inLanguage\":\"pt-BR\",\"potentialAction\":[{\"@type\":\"ReadAction\",\"target\":[\"https:\/\/semead.com.br\/28\/apresentacoes-de-trabalhos\/\"]}]},{\"@type\":\"BreadcrumbList\",\"@id\":\"https:\/\/semead.com.br\/28\/apresentacoes-de-trabalhos\/#breadcrumb\",\"itemListElement\":[{\"@type\":\"ListItem\",\"position\":1,\"name\":\"In\u00edcio\",\"item\":\"https:\/\/semead.com.br\/28\/\"},{\"@type\":\"ListItem\",\"position\":2,\"name\":\"Apresenta\u00e7\u00f5es de Trabalhos Modalidade Online e Presencial\"}]},{\"@type\":\"WebSite\",\"@id\":\"https:\/\/semead.com.br\/28\/#website\",\"url\":\"https:\/\/semead.com.br\/28\/\",\"name\":\"XXVIII SemeAd\",\"description\":\"Semin\u00e1rios em administra\u00e7\u00e3o\",\"potentialAction\":[{\"@type\":\"SearchAction\",\"target\":{\"@type\":\"EntryPoint\",\"urlTemplate\":\"https:\/\/semead.com.br\/28\/?s={search_term_string}\"},\"query-input\":{\"@type\":\"PropertyValueSpecification\",\"valueRequired\":true,\"valueName\":\"search_term_string\"}}],\"inLanguage\":\"pt-BR\"}]}<\/script>\n<!-- \/ Yoast SEO plugin. -->","yoast_head_json":{"title":"Apresenta\u00e7\u00f5es de Trabalhos Modalidade Online e Presencial - XXVIII SemeAd","robots":{"index":"index","follow":"follow","max-snippet":"max-snippet:-1","max-image-preview":"max-image-preview:large","max-video-preview":"max-video-preview:-1"},"canonical":"https:\/\/semead.com.br\/28\/apresentacoes-de-trabalhos\/","og_locale":"pt_BR","og_type":"article","og_title":"Apresenta\u00e7\u00f5es de Trabalhos Modalidade Online e Presencial - XXVIII SemeAd","og_description":"Informa\u00e7\u00f5es importantes: Esse ano n\u00e3o haver\u00e1 envio pr\u00e9vio da apresenta\u00e7\u00e3o (ppt ou v\u00eddeo gravado) A apresenta\u00e7\u00e3o do trabalho ser\u00e1 feita pelos autores presentes na sess\u00e3o A apresenta\u00e7\u00e3o de trabalhos no SemeAd ocorrer\u00e1 de forma online e presencial. Para isso, algumas informa\u00e7\u00f5es ser\u00e3o apresentadas a seguir Instru\u00e7\u00f5es para apresenta\u00e7\u00e3o dos trabalhos (presencial e online): A apresenta\u00e7\u00e3o...","og_url":"https:\/\/semead.com.br\/28\/apresentacoes-de-trabalhos\/","og_site_name":"XXVIII SemeAd","article_modified_time":"2025-10-10T15:12:04+00:00","twitter_card":"summary_large_image","twitter_misc":{"Est. tempo de leitura":"4 minutos"},"schema":{"@context":"https:\/\/schema.org","@graph":[{"@type":"WebPage","@id":"https:\/\/semead.com.br\/28\/apresentacoes-de-trabalhos\/","url":"https:\/\/semead.com.br\/28\/apresentacoes-de-trabalhos\/","name":"Apresenta\u00e7\u00f5es de Trabalhos Modalidade Online e Presencial - XXVIII SemeAd","isPartOf":{"@id":"https:\/\/semead.com.br\/28\/#website"},"datePublished":"2020-09-09T20:23:24+00:00","dateModified":"2025-10-10T15:12:04+00:00","breadcrumb":{"@id":"https:\/\/semead.com.br\/28\/apresentacoes-de-trabalhos\/#breadcrumb"},"inLanguage":"pt-BR","potentialAction":[{"@type":"ReadAction","target":["https:\/\/semead.com.br\/28\/apresentacoes-de-trabalhos\/"]}]},{"@type":"BreadcrumbList","@id":"https:\/\/semead.com.br\/28\/apresentacoes-de-trabalhos\/#breadcrumb","itemListElement":[{"@type":"ListItem","position":1,"name":"In\u00edcio","item":"https:\/\/semead.com.br\/28\/"},{"@type":"ListItem","position":2,"name":"Apresenta\u00e7\u00f5es de Trabalhos Modalidade Online e Presencial"}]},{"@type":"WebSite","@id":"https:\/\/semead.com.br\/28\/#website","url":"https:\/\/semead.com.br\/28\/","name":"XXVIII SemeAd","description":"Semin\u00e1rios em administra\u00e7\u00e3o","potentialAction":[{"@type":"SearchAction","target":{"@type":"EntryPoint","urlTemplate":"https:\/\/semead.com.br\/28\/?s={search_term_string}"},"query-input":{"@type":"PropertyValueSpecification","valueRequired":true,"valueName":"search_term_string"}}],"inLanguage":"pt-BR"}]}},"_links":{"self":[{"href":"https:\/\/semead.com.br\/28\/wp-json\/wp\/v2\/pages\/16900","targetHints":{"allow":["GET"]}}],"collection":[{"href":"https:\/\/semead.com.br\/28\/wp-json\/wp\/v2\/pages"}],"about":[{"href":"https:\/\/semead.com.br\/28\/wp-json\/wp\/v2\/types\/page"}],"author":[{"embeddable":true,"href":"https:\/\/semead.com.br\/28\/wp-json\/wp\/v2\/users\/4"}],"replies":[{"embeddable":true,"href":"https:\/\/semead.com.br\/28\/wp-json\/wp\/v2\/comments?post=16900"}],"version-history":[{"count":3,"href":"https:\/\/semead.com.br\/28\/wp-json\/wp\/v2\/pages\/16900\/revisions"}],"predecessor-version":[{"id":33929,"href":"https:\/\/semead.com.br\/28\/wp-json\/wp\/v2\/pages\/16900\/revisions\/33929"}],"wp:attachment":[{"href":"https:\/\/semead.com.br\/28\/wp-json\/wp\/v2\/media?parent=16900"}],"curies":[{"name":"wp","href":"https:\/\/api.w.org\/{rel}","templated":true}]}}