{"id":20,"date":"2022-07-14T10:53:00","date_gmt":"2022-07-14T13:53:00","guid":{"rendered":"http:\/\/semead.com.br\/?page_id=20"},"modified":"2026-05-09T16:07:54","modified_gmt":"2026-05-09T19:07:54","slug":"estudos-organizacionais","status":"publish","type":"page","link":"https:\/\/semead.com.br\/28\/areas\/cientificas\/estudos-organizacionais\/","title":{"rendered":"Estudos Organizacionais"},"content":{"rendered":"","protected":false},"excerpt":{"rendered":"","protected":false},"author":1,"featured_media":0,"parent":9,"menu_order":110,"comment_status":"closed","ping_status":"closed","template":"temas.php","meta":{"_acf_changed":false,"_monsterinsights_skip_tracking":false,"_monsterinsights_sitenote_active":false,"_monsterinsights_sitenote_note":"","_monsterinsights_sitenote_category":0,"footnotes":""},"class_list":["post-20","page","type-page","status-publish","hentry"],"acf":{"coordenadores":[{"titulo":"Coordenador:","nome":"Prof. Dr. Charles Kirschbaum","instituicao":"INSPER","imagem":34692},{"titulo":"Coordenador Adjunto:","nome":"Prof. Dr. Eduardo Ayrosa","instituicao":"UP e Unigranrio","imagem":34701}],"audio_da_coordenacao":"","temas":[{"tema_nome":"Aprendizagem nas Organiza\u00e7\u00f5es","tema_descricao":"Estimulam-se artigos te\u00f3ricos e te\u00f3ricos-emp\u00edricos com abordagem voltada aos diferentes n\u00edveis de an\u00e1lise: aprendizagem individual, em grupo, organizacional, interorganizacional e os relacionamentos intern\u00edveis. Pelo car\u00e1ter interdisciplinar do fen\u00f4meno estudado ser\u00e3o bem recebidas pesquisas de diferentes orienta\u00e7\u00f5es te\u00f3ricas (psicologia, sociologia, da ci\u00eancia das organiza\u00e7\u00f5es, dentre outras) e diferentes orienta\u00e7\u00f5es metodol\u00f3gicas. A seguir s\u00e3o apresentados alguns exemplos de conceitos tratados neste tema: aprendizagem organizacional; organiza\u00e7\u00f5es de aprendizagem; aprendizagem formal e informal; aprendizagem transformadora e reflex\u00e3o cr\u00edtica de pressupostos; comunidades de pr\u00e1tica; aprendizagem social e experiencial; aprendizagem pela pr\u00e1tica; aprendizagem baseada no trabalho; pr\u00e1ticas voltadas para a aprendizagem e gest\u00e3o do conhecimento; mensura\u00e7\u00e3o da aprendizagem e rela\u00e7\u00e3o com seus antecedentes e consequentes.","audio":"","lideres":[{"lider_nome":"L\u00edder: Profa. Dra. Linda Jessica De Montreuil Carmona (FURB - Funda\u00e7\u00e3o Universidade Regional de Blumenau)","lider_foto":33615},{"lider_nome":" L\u00edder Adjunto Prof. Dr. Rubens de Araujo Amaro (Universidade Federal do Esp\u00edrito Santo)","lider_foto":28479}]},{"tema_nome":"Comportamento Organizacional","tema_descricao":"Estimulam-se artigos te\u00f3ricos e te\u00f3rico-emp\u00edricos que contemplem estudos sobre: atitudes, satisfa\u00e7\u00e3o e motiva\u00e7\u00e3o no trabalho; comprometimento organizacional e com a carreira; emo\u00e7\u00f5es e afetos no trabalho; percep\u00e7\u00e3o, atribui\u00e7\u00e3o e tomada de decis\u00e3o; personalidade e caracter\u00edsticas individuais no trabalho; valores pessoais, organizacionais e culturais; est\u00e9tica nas organiza\u00e7\u00f5es; sa\u00fade e bem-estar no trabalho; conflito e negocia\u00e7\u00e3o; lideran\u00e7a e poder nas organiza\u00e7\u00f5es; estrutura e mudan\u00e7a organizacional; abordagem de pr\u00e1ticas nas organiza\u00e7\u00f5es.","audio":"","lideres":[{"lider_nome":"L\u00edder: Prof. Dr. Gustavo Tavares (Insper)","lider_foto":34698},{"lider_nome":" L\u00edder Adjunta: Profa. Dra. Juliana Mansur (FGV)","lider_foto":34697},{"lider_nome":"Co-L\u00edder Internacional: Profa. Dra. Ula Lagowska (FGV-EBAPE)","lider_foto":33600}]},{"tema_nome":"Diversidade, Diferen\u00e7a e Inclus\u00e3o nas Organiza\u00e7\u00f5es","tema_descricao":"Objetiva fomentar teorias e pesquisas emp\u00edricas aderentes aos estudos organizacionais sobre: G\u00eanero, sexualidade (LGBTQ+), ra\u00e7a, idade, classe e outros sistemas de poder institucionalizados que produzem hierarquias, desigualdades e privil\u00e9gios. Interseccionalidade entre identidades e diferentes formas de express\u00f5es grupais. Impacto das a\u00e7\u00f5es afirmativas, pol\u00edticas de diversidade, gest\u00e3o da diversidade e dos discursos nos diferentes grupos e na promo\u00e7\u00e3o de inclus\u00e3o no trabalho e nas organiza\u00e7\u00f5es. Barreiras estruturais e institucionais para a promo\u00e7\u00e3o de equidade e igualdade. Impactos da diversidade e da produ\u00e7\u00e3o de diferen\u00e7a no bem estar individual, grupal e organizacional. Repercuss\u00e3o das estruturas organizacionais e laborais sobre sujeitos marginalizados e grupos dominantes. Produ\u00e7\u00e3o de discrimina\u00e7\u00f5es, preconceitos e estere\u00f3tipos. Consequ\u00eancias das diferentes culturas, etnias e nacionalidades no ambiente laboral e organizacional. Produ\u00e7\u00e3o identit\u00e1ria e suas rela\u00e7\u00f5es com os estudos organizacionais. Experi\u00eancias laborais de membros de diversos grupos. Pessoas com defici\u00eancia e identidades religiosas nas organiza\u00e7\u00f5es. Diversidade na Academia.","audio":"","lideres":[{"lider_nome":"L\u00edder: Profa. Dra. Rejane Prevot Nascimento (UNIGRANRIO)","lider_foto":34705},{"lider_nome":"L\u00edder adjunta: Profa. Dra. Denise Franca Barros (PPGAd-UFF)","lider_foto":34695},{"lider_nome":"Co-L\u00edder Internacional: Profa. Dra. Mariana In\u00e9s Paludi (Universidad T\u00e9cnica Federico Santa Mar\u00eda, Chile)","lider_foto":34703}]},{"tema_nome":"Epistemologias e Ontologias em Estudos Organizacionais","tema_descricao":"O objetivo deste tema \u00e9 atrair trabalhos que se empenham em discutir ativamente quest\u00f5es epistemol\u00f3gicas em administra\u00e7\u00e3o sob qualquer visada paradigm\u00e1tica. Por \"discutir quest\u00f5es epistemol\u00f3gicas\", entendemos discuss\u00f5es sobre a produ\u00e7\u00e3o de \u201cverdades\u201d: suas condi\u00e7\u00f5es de possibilidade, seus limites, as cr\u00edticas a que estas verdades s\u00e3o submetidas. Tamb\u00e9m entendemos que o debate epistemol\u00f3gico remete de forma direta \u00e0quele relativo a quest\u00f5es ontol\u00f3gicas, ou seja, \u00e0 natureza do mundo em que estamos e no qual localizamos nosso olhar. Entendemos que quest\u00f5es ontol\u00f3gicas e epistemol\u00f3gicas s\u00e3o frequentemente coexistentes - da\u00ed o frequente uso do termo \u201cquest\u00f5es onto-epistemol\u00f3gicas\u201d. Ressaltamos que este tema n\u00e3o tem como objeto problemas de ordem puramente metodol\u00f3gica. Trabalhos sobre metodologia poder\u00e3o ser submetidos quando envolvem de forma direta uma discuss\u00e3o de car\u00e1ter epistemol\u00f3gico ou ontol\u00f3gico - ou seja, quest\u00f5es relativas \u00e0 verdade e \u00e0 natureza do objeto observado. Encorajamos submiss\u00e3o de trabalhos de qualquer orienta\u00e7\u00e3o paradigm\u00e1tica, ainda mais porque a pr\u00f3pria discuss\u00e3o sobre paradigmas \u00e9 uma discuss\u00e3o sobre epistemologia.\r\nComo o objetivo \u00e9 abrir debates inter e transdisciplinares entre as diversas formas de produ\u00e7\u00e3o de saberes em organiza\u00e7\u00f5es, s\u00e3o muito bem vindos trabalhos baseados ou inspirados por \u00e1reas de conhecimento como filosofia, sociologia, antropologia, psicologia, psican\u00e1lise, hist\u00f3ria, geografia, economia. No sentido de produzir um ambiente prop\u00edcio para a troca de saberes, encorajamos n\u00e3o apenas o encaminhamento de investiga\u00e7\u00f5es finalizadas, mas tamb\u00e9m a submiss\u00e3o de trabalhos que estejam ainda em processo de elabora\u00e7\u00e3o e tragam em seu bojo mais perguntas que respostas. ","audio":"","lideres":[{"lider_nome":"L\u00edder: Prof. Dr. Luiz Gustavo Lara (UP)","lider_foto":34903},{"lider_nome":"L\u00edder Adjunta: Profa. Dra. Natalia Rese (UFPR)","lider_foto":28499},{"lider_nome":"Co-L\u00edder Internacional: Profa Dra. Mariana Lima Bandeira (Universidad Andina Simon Bolivar - Equador)","lider_foto":28493}]},{"tema_nome":"Organiza\u00e7\u00f5es Alternativas","tema_descricao":"Embora as ci\u00eancias administrativas com frequ\u00eancia se voltem ao estudo das organiza\u00e7\u00f5es formais caracterizadas pela burocracia, pela hierarquia e por uma racionalidade formal, a realidade sempre \u00e9 mais diversa. In\u00fameras s\u00e3o as formas organizativas que emergem da realidade e fogem aos modelos hegem\u00f4nicos. Neste tema, estimulam-se artigos te\u00f3ricos, ensa\u00edsticos ou te\u00f3rico-emp\u00edricos, com diversas perspectivas epistemol\u00f3gicas, te\u00f3ricas e metodol\u00f3gicas aderentes aos Estudos Organizacionais nas seguintes tem\u00e1ticas: formas de organizar prefigurativas; organiza\u00e7\u00f5es n\u00e3o-utilitaristas; organiza\u00e7\u00f5es aut\u00f4nomas ou vernaculares; organiza\u00e7\u00f5es horizontais; conceitua\u00e7\u00e3o organizacional; formas alternativas de se organizar; organiza\u00e7\u00f5es n\u00e3o-hegem\u00f4nicas; d\u00edvida vs. d\u00e1diva; economia solid\u00e1ria; heteronomia vs. autonomia; convivialidade; organiza\u00e7\u00e3o artesanal; o bem comum; p\u00f3s-extrativismo, decrescimento e bem viver.\"","audio":"","lideres":[{"lider_nome":"L\u00edder: Prof. Dr. Lucas Casagrande (UFRGS)","lider_foto":34694},{"lider_nome":"L\u00edder Adjunta: Profa. Dra. B\u00e1rbara Bastos (UFPE)","lider_foto":26365},{"lider_nome":"Co-L\u00edder Internacional: Profa. Dra. Mar\u00eda Teresa Magall\u00f3n Diez (Coordinadora del Posgrado en Estudios Organizacionales, Universidad Aut\u00f3noma Metropolitana, Ciudad de M\u00e9xico)","lider_foto":34707}]},{"tema_nome":"Simbolismos, Culturas e Identidades","tema_descricao":"Estimulam-se diferentes perspectivas te\u00f3ricas, metodol\u00f3gicas e epistemol\u00f3gicas em Simbolismos, culturas e identidades organizacionais. Para isso, busca-se interpretar as organiza\u00e7\u00f5es como locus da produ\u00e7\u00e3o de culturas e da cria\u00e7\u00e3o de significados. Este tema abre espa\u00e7o para pesquisas sobre os seguintes t\u00f3picos: Aspectos culturais e interativos das rela\u00e7\u00f5es com o \u201cestranho\u201d. Culturas nacionais, locais e organizacionais. Cultura, Religi\u00e3o e Ideologia. Patrim\u00f4nio cultural. Cultura material e visual. Cultura e mudan\u00e7a organizacional. Cultura Digital. Discursos, linguagem, corpo, gestos e imagens. Ecos, sons, cores e aromas. Met\u00e1foras, hist\u00f3rias e fic\u00e7\u00f5es. Storytellings organizacionais. Espa\u00e7o, ambiente e atmosfera. Representa\u00e7\u00f5es simb\u00f3licas. O simbolismo social das organiza\u00e7\u00f5es. Identidades socialmente constru\u00eddas. Simbologias da identidade. Interfaces com a antropologia e sociologia.","audio":"","lideres":[{"lider_nome":"L\u00edder: Profa. Dra. Cintia Rodrigues de Oliveira (UFU)","lider_foto":20440},{"lider_nome":"L\u00edder Adjunto: Prof. Dr. Rafael Alcadipani (FGV - EAESP)","lider_foto":31094},{"lider_nome":"Co-L\u00edder Internacional: Prof. Dr. Pablo Isla Madariaga (Universidad T\u00e9cnica Federico Santa Maria - Chile)","lider_foto":34709}]}]},"yoast_head":"<!-- This site is optimized with the Yoast SEO plugin v27.6 - https:\/\/yoast.com\/product\/yoast-seo-wordpress\/ -->\n<title>Estudos Organizacionais - XXVIII SemeAd<\/title>\n<meta name=\"robots\" content=\"index, follow, max-snippet:-1, max-image-preview:large, max-video-preview:-1\" \/>\n<link rel=\"canonical\" href=\"https:\/\/semead.com.br\/28\/areas\/cientificas\/estudos-organizacionais\/\" \/>\n<meta property=\"og:locale\" content=\"pt_BR\" \/>\n<meta property=\"og:type\" content=\"article\" \/>\n<meta property=\"og:title\" content=\"Estudos Organizacionais - XXVIII SemeAd\" \/>\n<meta property=\"og:url\" content=\"https:\/\/semead.com.br\/28\/areas\/cientificas\/estudos-organizacionais\/\" \/>\n<meta property=\"og:site_name\" content=\"XXVIII SemeAd\" \/>\n<meta property=\"article:modified_time\" content=\"2026-05-09T19:07:54+00:00\" \/>\n<meta name=\"twitter:card\" content=\"summary_large_image\" \/>\n<script type=\"application\/ld+json\" class=\"yoast-schema-graph\">{\"@context\":\"https:\\\/\\\/schema.org\",\"@graph\":[{\"@type\":\"WebPage\",\"@id\":\"https:\\\/\\\/semead.com.br\\\/28\\\/areas\\\/cientificas\\\/estudos-organizacionais\\\/\",\"url\":\"https:\\\/\\\/semead.com.br\\\/28\\\/areas\\\/cientificas\\\/estudos-organizacionais\\\/\",\"name\":\"Estudos Organizacionais - XXVIII SemeAd\",\"isPartOf\":{\"@id\":\"https:\\\/\\\/semead.com.br\\\/28\\\/#website\"},\"datePublished\":\"2022-07-14T13:53:00+00:00\",\"dateModified\":\"2026-05-09T19:07:54+00:00\",\"breadcrumb\":{\"@id\":\"https:\\\/\\\/semead.com.br\\\/28\\\/areas\\\/cientificas\\\/estudos-organizacionais\\\/#breadcrumb\"},\"inLanguage\":\"pt-BR\",\"potentialAction\":[{\"@type\":\"ReadAction\",\"target\":[\"https:\\\/\\\/semead.com.br\\\/28\\\/areas\\\/cientificas\\\/estudos-organizacionais\\\/\"]}]},{\"@type\":\"BreadcrumbList\",\"@id\":\"https:\\\/\\\/semead.com.br\\\/28\\\/areas\\\/cientificas\\\/estudos-organizacionais\\\/#breadcrumb\",\"itemListElement\":[{\"@type\":\"ListItem\",\"position\":1,\"name\":\"In\u00edcio\",\"item\":\"https:\\\/\\\/semead.com.br\\\/28\\\/\"},{\"@type\":\"ListItem\",\"position\":2,\"name\":\"\u00c1reas\",\"item\":\"https:\\\/\\\/semead.com.br\\\/28\\\/areas\\\/\"},{\"@type\":\"ListItem\",\"position\":3,\"name\":\"\u00c1reas Cient\u00edficas\",\"item\":\"https:\\\/\\\/semead.com.br\\\/28\\\/tracks\\\/scientific-areas\\\/\"},{\"@type\":\"ListItem\",\"position\":4,\"name\":\"Estudos Organizacionais\"}]},{\"@type\":\"WebSite\",\"@id\":\"https:\\\/\\\/semead.com.br\\\/28\\\/#website\",\"url\":\"https:\\\/\\\/semead.com.br\\\/28\\\/\",\"name\":\"XXVIII SemeAd\",\"description\":\"Semin\u00e1rios em administra\u00e7\u00e3o\",\"potentialAction\":[{\"@type\":\"SearchAction\",\"target\":{\"@type\":\"EntryPoint\",\"urlTemplate\":\"https:\\\/\\\/semead.com.br\\\/28\\\/?s={search_term_string}\"},\"query-input\":{\"@type\":\"PropertyValueSpecification\",\"valueRequired\":true,\"valueName\":\"search_term_string\"}}],\"inLanguage\":\"pt-BR\"}]}<\/script>\n<!-- \/ Yoast SEO plugin. -->","yoast_head_json":{"title":"Estudos Organizacionais - XXVIII SemeAd","robots":{"index":"index","follow":"follow","max-snippet":"max-snippet:-1","max-image-preview":"max-image-preview:large","max-video-preview":"max-video-preview:-1"},"canonical":"https:\/\/semead.com.br\/28\/areas\/cientificas\/estudos-organizacionais\/","og_locale":"pt_BR","og_type":"article","og_title":"Estudos Organizacionais - XXVIII SemeAd","og_url":"https:\/\/semead.com.br\/28\/areas\/cientificas\/estudos-organizacionais\/","og_site_name":"XXVIII SemeAd","article_modified_time":"2026-05-09T19:07:54+00:00","twitter_card":"summary_large_image","schema":{"@context":"https:\/\/schema.org","@graph":[{"@type":"WebPage","@id":"https:\/\/semead.com.br\/28\/areas\/cientificas\/estudos-organizacionais\/","url":"https:\/\/semead.com.br\/28\/areas\/cientificas\/estudos-organizacionais\/","name":"Estudos Organizacionais - XXVIII SemeAd","isPartOf":{"@id":"https:\/\/semead.com.br\/28\/#website"},"datePublished":"2022-07-14T13:53:00+00:00","dateModified":"2026-05-09T19:07:54+00:00","breadcrumb":{"@id":"https:\/\/semead.com.br\/28\/areas\/cientificas\/estudos-organizacionais\/#breadcrumb"},"inLanguage":"pt-BR","potentialAction":[{"@type":"ReadAction","target":["https:\/\/semead.com.br\/28\/areas\/cientificas\/estudos-organizacionais\/"]}]},{"@type":"BreadcrumbList","@id":"https:\/\/semead.com.br\/28\/areas\/cientificas\/estudos-organizacionais\/#breadcrumb","itemListElement":[{"@type":"ListItem","position":1,"name":"In\u00edcio","item":"https:\/\/semead.com.br\/28\/"},{"@type":"ListItem","position":2,"name":"\u00c1reas","item":"https:\/\/semead.com.br\/28\/areas\/"},{"@type":"ListItem","position":3,"name":"\u00c1reas Cient\u00edficas","item":"https:\/\/semead.com.br\/28\/tracks\/scientific-areas\/"},{"@type":"ListItem","position":4,"name":"Estudos Organizacionais"}]},{"@type":"WebSite","@id":"https:\/\/semead.com.br\/28\/#website","url":"https:\/\/semead.com.br\/28\/","name":"XXVIII SemeAd","description":"Semin\u00e1rios em administra\u00e7\u00e3o","potentialAction":[{"@type":"SearchAction","target":{"@type":"EntryPoint","urlTemplate":"https:\/\/semead.com.br\/28\/?s={search_term_string}"},"query-input":{"@type":"PropertyValueSpecification","valueRequired":true,"valueName":"search_term_string"}}],"inLanguage":"pt-BR"}]}},"_links":{"self":[{"href":"https:\/\/semead.com.br\/28\/wp-json\/wp\/v2\/pages\/20","targetHints":{"allow":["GET"]}}],"collection":[{"href":"https:\/\/semead.com.br\/28\/wp-json\/wp\/v2\/pages"}],"about":[{"href":"https:\/\/semead.com.br\/28\/wp-json\/wp\/v2\/types\/page"}],"author":[{"embeddable":true,"href":"https:\/\/semead.com.br\/28\/wp-json\/wp\/v2\/users\/1"}],"replies":[{"embeddable":true,"href":"https:\/\/semead.com.br\/28\/wp-json\/wp\/v2\/comments?post=20"}],"version-history":[{"count":3,"href":"https:\/\/semead.com.br\/28\/wp-json\/wp\/v2\/pages\/20\/revisions"}],"predecessor-version":[{"id":33714,"href":"https:\/\/semead.com.br\/28\/wp-json\/wp\/v2\/pages\/20\/revisions\/33714"}],"up":[{"embeddable":true,"href":"https:\/\/semead.com.br\/28\/wp-json\/wp\/v2\/pages\/9"}],"wp:attachment":[{"href":"https:\/\/semead.com.br\/28\/wp-json\/wp\/v2\/media?parent=20"}],"curies":[{"name":"wp","href":"https:\/\/api.w.org\/{rel}","templated":true}]}}