{"id":21,"date":"2013-04-26T00:14:58","date_gmt":"2013-04-26T00:14:58","guid":{"rendered":"http:\/\/semead.com.br\/?page_id=21"},"modified":"2026-05-09T16:01:37","modified_gmt":"2026-05-09T19:01:37","slug":"gestao-da-inovacao","status":"publish","type":"page","link":"https:\/\/semead.com.br\/28\/areas\/cientificas\/gestao-da-inovacao\/","title":{"rendered":"Gest\u00e3o da Inova\u00e7\u00e3o"},"content":{"rendered":"","protected":false},"excerpt":{"rendered":"","protected":false},"author":1,"featured_media":0,"parent":9,"menu_order":120,"comment_status":"closed","ping_status":"closed","template":"temas.php","meta":{"_acf_changed":false,"_monsterinsights_skip_tracking":false,"_monsterinsights_sitenote_active":false,"_monsterinsights_sitenote_note":"","_monsterinsights_sitenote_category":0,"footnotes":""},"class_list":["post-21","page","type-page","status-publish","hentry"],"acf":{"coordenadores":[{"titulo":"Coordenador:","nome":"Prof. Dr. Felipe Mendes Borini","instituicao":"FEA-USP","imagem":34742},{"titulo":"Coordenador Adjunto:","nome":"Prof. Dr. Guilherme Ary Plonski ","instituicao":"FEA-USP","imagem":34758},{"titulo":"Coordenador:","nome":"Prof. Dr. Carlos Augusto","instituicao":"Universidade Positivo","imagem":33322}],"audio_da_coordenacao":"","temas":[{"tema_nome":"Dimens\u00f5es da Criatividade, do comportamento e cultura organizacional para inova\u00e7\u00e3o ","tema_descricao":"Formas de promo\u00e7\u00e3o, est\u00edmulo e apoio \u00e0 criatividade para inova\u00e7\u00e3o. Desafios comportamentais  decorrentes dos riscos associados \u00e0 Inova\u00e7\u00e3o. Administra\u00e7\u00e3o das mudan\u00e7as organizacionais em diferentes espa\u00e7os. Cultura organizacional e inova\u00e7\u00e3o. Gerenciamento de equipes multidisciplinares. Gest\u00e3o da diversidade e inova\u00e7\u00e3o. Inova\u00e7\u00e3o em tempos de redes sociais. Outros t\u00f3picos de fronteira relacionados ao tema.","audio":"","lideres":[{"lider_nome":"L\u00edder: Prof. Dr. Jo\u00e3o Ant\u00f4nio Gomes Pereira (UNIPAMPA)","lider_foto":34750},{"lider_nome":"L\u00edder Adjunta: Profa. Dra. Cristina Doritta Brand\u00e3o Majorana (IEA\/USP)","lider_foto":34746},{"lider_nome":"Co-L\u00edder Internacional: Prof. Me. Leonel Paes Furtado (Universidad Tecnol\u00f3gica del Uruguay - UTEC)","lider_foto":31387}]},{"tema_nome":"Gest\u00e3o do Conhecimento, Propriedade Intelectual e Transfer\u00eancia de Tecnologia","tema_descricao":"Gest\u00e3o do conhecimento e propriedade intelectual em empresas e institui\u00e7\u00f5es cient\u00edfico-tecnol\u00f3gicas (ICTs). Transfer\u00eancia de tecnologias produzidas na academia para outras organiza\u00e7\u00f5es, incluindo estrat\u00e9gias e aspectos contratuais para o licenciamento e comercializa\u00e7\u00e3o de tecnologias, cria\u00e7\u00e3o de empresas derivadas de ICTs (spin-offs), assim como outras formas de transfer\u00eancia de tecnologia. Papel de N\u00facleos de Inova\u00e7\u00e3o Tecnol\u00f3gica (NIT) e outros atores no processo de transfer\u00eancia de tecnologia. Outros t\u00f3picos de fronteira que conectem esses elementos-chave.","audio":"","lideres":[{"lider_nome":"L\u00edder: Profa. Dra. Aline Mariane de Faria (Centro Universit\u00e1rio FEI)","lider_foto":34744},{"lider_nome":"L\u00edder: Prof. Dr. Natan de Souza Marques (Universidade Cruzeiro do Sul)","lider_foto":34754}]},{"tema_nome":"Inova\u00e7\u00e3o: Abordagens Integradas para Projetos e Processos","tema_descricao":"Fundamentos te\u00f3ricos e metodologias da inova\u00e7\u00e3o em gest\u00e3o de projetos; Fundamentos te\u00f3ricos e metodologias da inova\u00e7\u00e3o em gest\u00e3o de processos; Ferramentas e pr\u00e1ticas para a gest\u00e3o de processos inovadores; Ferramentas e pr\u00e1ticas para a gest\u00e3o de projetos inovadores; Gest\u00e3o de processos e projetos em centros e unidades de PD&amp;I; Gerenciamento de programas e projetos de CT&amp;I; Inova\u00e7\u00e3o em projetos e processos; Projetos de inova\u00e7\u00e3o e melhoria cont\u00ednua; Outros t\u00f3picos emergentes relacionados a Inova\u00e7\u00e3o: Abordagens Integradas para Projetos e Processos","audio":"","lideres":[{"lider_nome":"L\u00edder: Profa. Dra. Isabel Cristina Scafuto (UNINOVE)","lider_foto":34748},{"lider_nome":"L\u00edder Adjunto: Prof. Dr. Alex Fabianne de Paulo (UFG)","lider_foto":34752}]},{"tema_nome":"Estrat\u00e9gias e Pol\u00edticas de Inova\u00e7\u00e3o","tema_descricao":"Estrat\u00e9gias para cria\u00e7\u00e3o, difus\u00e3o ou ado\u00e7\u00e3o da Ci\u00eancia, Tecnologia e Inova\u00e7\u00e3o (CT&amp;I). Contexto competitivo da CT&amp;I. Modelos, ferramentas e m\u00e9todos de apoio aos processos decis\u00f3rios nos diversos tipos de inova\u00e7\u00f5es (e.g. tecnol\u00f3gicas ou n\u00e3o-tecnol\u00f3gicas, radicais ou incrementais, disruptivas ou n\u00e3o disruptivas, locais ou reversas, abertas ou fechadas etc.). Contexto pol\u00edtico e institucional da CT&amp;I. Pol\u00edticas, fomentos e incentivos nacionais e subnacionais para promo\u00e7\u00e3o da CT&amp;I. CT&amp;I nos neg\u00f3cios e nas rela\u00e7\u00f5es internacionais. Outros t\u00f3picos de fronteira relacionados \u00e0s estrat\u00e9gias e\/ou pol\u00edticas de CT&amp;I.","audio":"","lideres":[{"lider_nome":"L\u00edder: Profa. Dra. Silvia De Tommaso (PGT FEA USP e FIA Business School)","lider_foto":34755},{"lider_nome":"L\u00edder Adjunto: Prof. Dr. Jeferson Luiz Bution (FEA-USP)","lider_foto":33329}]},{"tema_nome":"Redes, Ecossistemas e Ambientes de Inova\u00e7\u00e3o","tema_descricao":"Arranjos colaborativos de institui\u00e7\u00f5es de CT&amp;I e neg\u00f3cios. Parcerias p\u00fablico-privadas para inova\u00e7\u00e3o. Modelos de inova\u00e7\u00e3o aberta (p.e., coprodu\u00e7\u00e3o, codesign, cocria\u00e7\u00e3o). Din\u00e2mica das \u00e1reas de inova\u00e7\u00e3o (p.e., incubadoras e aceleradoras; parques, polos e distritos tecnol\u00f3gicos). Cidades inteligentes. Economia Criativa. Gest\u00e3o de Ecossistemas de Inova\u00e7\u00e3o. Outros t\u00f3picos de fronteira relacionados ao tema.","audio":"","lideres":[{"lider_nome":"L\u00edder: Profa. Dra. Ana Cl\u00e1udia Azevedo (UFV)","lider_foto":34760},{"lider_nome":"L\u00edder Adjunto: Prof. Dr. Bruno de Souza Lessa (UNIFOR)","lider_foto":34762},{"lider_nome":"Co-L\u00edder Internacional: Prof. Dr. Camilo Pe\u00f1a Ram\u00edrez (Universidad de Playa Ancha)","lider_foto":34764}]},{"tema_nome":"Inova\u00e7\u00e3o Frugal: Solu\u00e7\u00f5es Acess\u00edveis, Sustent\u00e1veis e de Alto Impacto","tema_descricao":"Fundamentos te\u00f3ricos e conceituais da inova\u00e7\u00e3o frugal; Modelos de neg\u00f3cios baseados em inova\u00e7\u00e3o frugal; Estrat\u00e9gias empresariais frugais em grandes, m\u00e9dias e pequenas empresas; Tecnologias acess\u00edveis e solu\u00e7\u00f5es de baixo custo com alto impacto; Inova\u00e7\u00e3o frugal em pol\u00edticas p\u00fablicas e desenvolvimento territorial; Pr\u00e1ticas frugais em sustentabilidade, economia circular e inclus\u00e3o social; Co-cria\u00e7\u00e3o e inova\u00e7\u00e3o com comunidades e usu\u00e1rios finais; Medi\u00e7\u00e3o de impacto e avalia\u00e7\u00e3o de desempenho em iniciativas frugais; Neg\u00f3cios de impacto social e ambiental positivo com abordagem frugal; Outros t\u00f3picos emergentes relacionados \u00e0 inova\u00e7\u00e3o frugal.","audio":"","lideres":[{"lider_nome":"L\u00edder: Prof. Dr. Giancarlo Gomes (FURB)","lider_foto":34768},{"lider_nome":"L\u00edder Adjunta: Profa. Dra. Maria Aparecida Barbosa Lima Toivanen (Innodeva and Rede Brasileira de Inova\u00e7\u00e3o Frugal)","lider_foto":34766}]}]},"yoast_head":"<!-- This site is optimized with the Yoast SEO plugin v27.6 - https:\/\/yoast.com\/product\/yoast-seo-wordpress\/ -->\n<title>Gest\u00e3o da Inova\u00e7\u00e3o - XXVIII SemeAd<\/title>\n<meta name=\"robots\" content=\"index, follow, max-snippet:-1, max-image-preview:large, max-video-preview:-1\" \/>\n<link rel=\"canonical\" href=\"https:\/\/semead.com.br\/28\/areas\/cientificas\/gestao-da-inovacao\/\" \/>\n<meta property=\"og:locale\" content=\"pt_BR\" \/>\n<meta property=\"og:type\" content=\"article\" \/>\n<meta property=\"og:title\" content=\"Gest\u00e3o da Inova\u00e7\u00e3o - XXVIII SemeAd\" \/>\n<meta property=\"og:url\" content=\"https:\/\/semead.com.br\/28\/areas\/cientificas\/gestao-da-inovacao\/\" \/>\n<meta property=\"og:site_name\" content=\"XXVIII SemeAd\" \/>\n<meta property=\"article:modified_time\" content=\"2026-05-09T19:01:37+00:00\" \/>\n<meta name=\"twitter:card\" content=\"summary_large_image\" \/>\n<script type=\"application\/ld+json\" class=\"yoast-schema-graph\">{\"@context\":\"https:\\\/\\\/schema.org\",\"@graph\":[{\"@type\":\"WebPage\",\"@id\":\"https:\\\/\\\/semead.com.br\\\/28\\\/areas\\\/cientificas\\\/gestao-da-inovacao\\\/\",\"url\":\"https:\\\/\\\/semead.com.br\\\/28\\\/areas\\\/cientificas\\\/gestao-da-inovacao\\\/\",\"name\":\"Gest\u00e3o da Inova\u00e7\u00e3o - XXVIII SemeAd\",\"isPartOf\":{\"@id\":\"https:\\\/\\\/semead.com.br\\\/28\\\/#website\"},\"datePublished\":\"2013-04-26T00:14:58+00:00\",\"dateModified\":\"2026-05-09T19:01:37+00:00\",\"breadcrumb\":{\"@id\":\"https:\\\/\\\/semead.com.br\\\/28\\\/areas\\\/cientificas\\\/gestao-da-inovacao\\\/#breadcrumb\"},\"inLanguage\":\"pt-BR\",\"potentialAction\":[{\"@type\":\"ReadAction\",\"target\":[\"https:\\\/\\\/semead.com.br\\\/28\\\/areas\\\/cientificas\\\/gestao-da-inovacao\\\/\"]}]},{\"@type\":\"BreadcrumbList\",\"@id\":\"https:\\\/\\\/semead.com.br\\\/28\\\/areas\\\/cientificas\\\/gestao-da-inovacao\\\/#breadcrumb\",\"itemListElement\":[{\"@type\":\"ListItem\",\"position\":1,\"name\":\"In\u00edcio\",\"item\":\"https:\\\/\\\/semead.com.br\\\/28\\\/\"},{\"@type\":\"ListItem\",\"position\":2,\"name\":\"\u00c1reas\",\"item\":\"https:\\\/\\\/semead.com.br\\\/28\\\/areas\\\/\"},{\"@type\":\"ListItem\",\"position\":3,\"name\":\"\u00c1reas Cient\u00edficas\",\"item\":\"https:\\\/\\\/semead.com.br\\\/28\\\/tracks\\\/scientific-areas\\\/\"},{\"@type\":\"ListItem\",\"position\":4,\"name\":\"Gest\u00e3o da Inova\u00e7\u00e3o\"}]},{\"@type\":\"WebSite\",\"@id\":\"https:\\\/\\\/semead.com.br\\\/28\\\/#website\",\"url\":\"https:\\\/\\\/semead.com.br\\\/28\\\/\",\"name\":\"XXVIII SemeAd\",\"description\":\"Semin\u00e1rios em administra\u00e7\u00e3o\",\"potentialAction\":[{\"@type\":\"SearchAction\",\"target\":{\"@type\":\"EntryPoint\",\"urlTemplate\":\"https:\\\/\\\/semead.com.br\\\/28\\\/?s={search_term_string}\"},\"query-input\":{\"@type\":\"PropertyValueSpecification\",\"valueRequired\":true,\"valueName\":\"search_term_string\"}}],\"inLanguage\":\"pt-BR\"}]}<\/script>\n<!-- \/ Yoast SEO plugin. -->","yoast_head_json":{"title":"Gest\u00e3o da Inova\u00e7\u00e3o - XXVIII SemeAd","robots":{"index":"index","follow":"follow","max-snippet":"max-snippet:-1","max-image-preview":"max-image-preview:large","max-video-preview":"max-video-preview:-1"},"canonical":"https:\/\/semead.com.br\/28\/areas\/cientificas\/gestao-da-inovacao\/","og_locale":"pt_BR","og_type":"article","og_title":"Gest\u00e3o da Inova\u00e7\u00e3o - XXVIII SemeAd","og_url":"https:\/\/semead.com.br\/28\/areas\/cientificas\/gestao-da-inovacao\/","og_site_name":"XXVIII SemeAd","article_modified_time":"2026-05-09T19:01:37+00:00","twitter_card":"summary_large_image","schema":{"@context":"https:\/\/schema.org","@graph":[{"@type":"WebPage","@id":"https:\/\/semead.com.br\/28\/areas\/cientificas\/gestao-da-inovacao\/","url":"https:\/\/semead.com.br\/28\/areas\/cientificas\/gestao-da-inovacao\/","name":"Gest\u00e3o da Inova\u00e7\u00e3o - XXVIII SemeAd","isPartOf":{"@id":"https:\/\/semead.com.br\/28\/#website"},"datePublished":"2013-04-26T00:14:58+00:00","dateModified":"2026-05-09T19:01:37+00:00","breadcrumb":{"@id":"https:\/\/semead.com.br\/28\/areas\/cientificas\/gestao-da-inovacao\/#breadcrumb"},"inLanguage":"pt-BR","potentialAction":[{"@type":"ReadAction","target":["https:\/\/semead.com.br\/28\/areas\/cientificas\/gestao-da-inovacao\/"]}]},{"@type":"BreadcrumbList","@id":"https:\/\/semead.com.br\/28\/areas\/cientificas\/gestao-da-inovacao\/#breadcrumb","itemListElement":[{"@type":"ListItem","position":1,"name":"In\u00edcio","item":"https:\/\/semead.com.br\/28\/"},{"@type":"ListItem","position":2,"name":"\u00c1reas","item":"https:\/\/semead.com.br\/28\/areas\/"},{"@type":"ListItem","position":3,"name":"\u00c1reas Cient\u00edficas","item":"https:\/\/semead.com.br\/28\/tracks\/scientific-areas\/"},{"@type":"ListItem","position":4,"name":"Gest\u00e3o da Inova\u00e7\u00e3o"}]},{"@type":"WebSite","@id":"https:\/\/semead.com.br\/28\/#website","url":"https:\/\/semead.com.br\/28\/","name":"XXVIII SemeAd","description":"Semin\u00e1rios em administra\u00e7\u00e3o","potentialAction":[{"@type":"SearchAction","target":{"@type":"EntryPoint","urlTemplate":"https:\/\/semead.com.br\/28\/?s={search_term_string}"},"query-input":{"@type":"PropertyValueSpecification","valueRequired":true,"valueName":"search_term_string"}}],"inLanguage":"pt-BR"}]}},"_links":{"self":[{"href":"https:\/\/semead.com.br\/28\/wp-json\/wp\/v2\/pages\/21","targetHints":{"allow":["GET"]}}],"collection":[{"href":"https:\/\/semead.com.br\/28\/wp-json\/wp\/v2\/pages"}],"about":[{"href":"https:\/\/semead.com.br\/28\/wp-json\/wp\/v2\/types\/page"}],"author":[{"embeddable":true,"href":"https:\/\/semead.com.br\/28\/wp-json\/wp\/v2\/users\/1"}],"replies":[{"embeddable":true,"href":"https:\/\/semead.com.br\/28\/wp-json\/wp\/v2\/comments?post=21"}],"version-history":[{"count":2,"href":"https:\/\/semead.com.br\/28\/wp-json\/wp\/v2\/pages\/21\/revisions"}],"predecessor-version":[{"id":33596,"href":"https:\/\/semead.com.br\/28\/wp-json\/wp\/v2\/pages\/21\/revisions\/33596"}],"up":[{"embeddable":true,"href":"https:\/\/semead.com.br\/28\/wp-json\/wp\/v2\/pages\/9"}],"wp:attachment":[{"href":"https:\/\/semead.com.br\/28\/wp-json\/wp\/v2\/media?parent=21"}],"curies":[{"name":"wp","href":"https:\/\/api.w.org\/{rel}","templated":true}]}}