{"id":22614,"date":"2021-09-09T18:44:23","date_gmt":"2021-09-09T21:44:23","guid":{"rendered":"https:\/\/semead.com.br\/28\/?page_id=22614"},"modified":"2024-09-13T10:46:44","modified_gmt":"2024-09-13T13:46:44","slug":"funcoes-do-voluntariado","status":"publish","type":"page","link":"https:\/\/semead.com.br\/28\/evento\/voluntariado\/funcoes-do-voluntariado\/","title":{"rendered":"Fun\u00e7\u00f5es do Voluntariado"},"content":{"rendered":"\t\t<div data-elementor-type=\"wp-page\" data-elementor-id=\"22614\" class=\"elementor elementor-22614\">\n\t\t\t\t\t\t<section class=\"elementor-section elementor-top-section elementor-element elementor-element-acc3fc5 elementor-section-boxed elementor-section-height-default elementor-section-height-default\" data-id=\"acc3fc5\" data-element_type=\"section\" data-e-type=\"section\">\n\t\t\t\t\t\t<div class=\"elementor-container elementor-column-gap-default\">\n\t\t\t\t\t<div class=\"elementor-column elementor-col-100 elementor-top-column elementor-element elementor-element-4fddf14\" data-id=\"4fddf14\" data-element_type=\"column\" data-e-type=\"column\">\n\t\t\t<div class=\"elementor-widget-wrap elementor-element-populated\">\n\t\t\t\t\t\t<div class=\"elementor-element elementor-element-3b8cb1b elementor-widget elementor-widget-text-editor\" data-id=\"3b8cb1b\" data-element_type=\"widget\" data-e-type=\"widget\" data-widget_type=\"text-editor.default\">\n\t\t\t\t<div class=\"elementor-widget-container\">\n\t\t\t\t\t\t\t\t\t<h6 class=\"p1\"><b>Fun\u00e7\u00f5es<\/b><\/h6><p class=\"p1\">Nas abas seguintes, est\u00e3o apresentadas as atribui\u00e7\u00f5es de cada colaborador deste organograma. O descritivo do que cada um deve fazer e como contribui para o acontecimento do SemeAd.<\/p>\t\t\t\t\t\t\t\t<\/div>\n\t\t\t\t<\/div>\n\t\t\t\t\t<\/div>\n\t\t<\/div>\n\t\t\t\t\t<\/div>\n\t\t<\/section>\n\t\t\t\t<section class=\"elementor-section elementor-top-section elementor-element elementor-element-2fbe50f elementor-section-boxed elementor-section-height-default elementor-section-height-default\" data-id=\"2fbe50f\" data-element_type=\"section\" data-e-type=\"section\">\n\t\t\t\t\t\t<div class=\"elementor-container elementor-column-gap-default\">\n\t\t\t\t\t<div class=\"elementor-column elementor-col-100 elementor-top-column elementor-element elementor-element-5341d2e\" data-id=\"5341d2e\" data-element_type=\"column\" data-e-type=\"column\">\n\t\t\t<div class=\"elementor-widget-wrap elementor-element-populated\">\n\t\t\t\t\t\t<div class=\"elementor-element elementor-element-069b72f elementor-widget elementor-widget-toggle\" data-id=\"069b72f\" data-element_type=\"widget\" data-e-type=\"widget\" data-widget_type=\"toggle.default\">\n\t\t\t\t<div class=\"elementor-widget-container\">\n\t\t\t\t\t\t\t<div class=\"elementor-toggle\">\n\t\t\t\t\t\t\t<div class=\"elementor-toggle-item\">\n\t\t\t\t\t<div id=\"elementor-tab-title-6921\" class=\"elementor-tab-title\" data-tab=\"1\" role=\"button\" aria-controls=\"elementor-tab-content-6921\" aria-expanded=\"false\">\n\t\t\t\t\t\t\t\t\t\t\t\t<span class=\"elementor-toggle-icon elementor-toggle-icon-left\" aria-hidden=\"true\">\n\t\t\t\t\t\t\t\t\t\t\t\t\t\t\t<span class=\"elementor-toggle-icon-closed\"><i class=\"fas fa-caret-right\"><\/i><\/span>\n\t\t\t\t\t\t\t\t<span class=\"elementor-toggle-icon-opened\"><i class=\"elementor-toggle-icon-opened fas fa-caret-up\"><\/i><\/span>\n\t\t\t\t\t\t\t\t\t\t\t\t\t<\/span>\n\t\t\t\t\t\t\t\t\t\t\t\t<a class=\"elementor-toggle-title\" tabindex=\"0\">Coordenador de Volunt\u00e1rios<\/a>\n\t\t\t\t\t<\/div>\n\n\t\t\t\t\t<div id=\"elementor-tab-content-6921\" class=\"elementor-tab-content elementor-clearfix\" data-tab=\"1\" role=\"region\" aria-labelledby=\"elementor-tab-title-6921\"><p class=\"p1\">Respons\u00e1vel pela elabora\u00e7\u00e3o e cumprimento do cronograma referente ao voluntariado, do recrutamento e sele\u00e7\u00e3o at\u00e9 a avalia\u00e7\u00e3o de desempenho dos alunos volunt\u00e1rios.<\/p><p class=\"p1\">Coordena os volunt\u00e1rios para que todas as sess\u00f5es ocorram devidamente. Convida os L\u00edderes de N\u00facleo e mant\u00e9m canal de comunica\u00e7\u00e3o direta com eles. Realiza reuni\u00f5es de boas-vindas com todos os L\u00edderes de N\u00facleo e Debatedores. Treina os L\u00edderes de N\u00facleo. Auxilia na aloca\u00e7\u00e3o dos volunt\u00e1rios nas sess\u00f5es e na sua operacionaliza\u00e7\u00e3o. Realiza a divulga\u00e7\u00e3o nas redes sociais do SemeAd. Envia e-mails convite para os coordenadores das universidades associadas divulgarem as vagas dispon\u00edveis.<\/p><\/div>\n\t\t\t\t<\/div>\n\t\t\t\t\t\t\t<div class=\"elementor-toggle-item\">\n\t\t\t\t\t<div id=\"elementor-tab-title-6922\" class=\"elementor-tab-title\" data-tab=\"2\" role=\"button\" aria-controls=\"elementor-tab-content-6922\" aria-expanded=\"false\">\n\t\t\t\t\t\t\t\t\t\t\t\t<span class=\"elementor-toggle-icon elementor-toggle-icon-left\" aria-hidden=\"true\">\n\t\t\t\t\t\t\t\t\t\t\t\t\t\t\t<span class=\"elementor-toggle-icon-closed\"><i class=\"fas fa-caret-right\"><\/i><\/span>\n\t\t\t\t\t\t\t\t<span class=\"elementor-toggle-icon-opened\"><i class=\"elementor-toggle-icon-opened fas fa-caret-up\"><\/i><\/span>\n\t\t\t\t\t\t\t\t\t\t\t\t\t<\/span>\n\t\t\t\t\t\t\t\t\t\t\t\t<a class=\"elementor-toggle-title\" tabindex=\"0\">Lider de Tema<\/a>\n\t\t\t\t\t<\/div>\n\n\t\t\t\t\t<div id=\"elementor-tab-content-6922\" class=\"elementor-tab-content elementor-clearfix\" data-tab=\"2\" role=\"region\" aria-labelledby=\"elementor-tab-title-6922\"><p class=\"p1\">Professor selecionado pelos coordenadores de cada \u00e1rea que deve comanda a \u00e1rea de trabalho que ficar sob a sua responsabilidade. Ele indica ao <b>Assessor de \u00e1rea<\/b> quem ser\u00e1 o professor moderador de cada sess\u00e3o de apresenta\u00e7\u00e3o de trabalho. Em caso de aus\u00eancia do Moderador, o L\u00edder de Tema poder\u00e1 ser solicitado a moderar a sess\u00e3o, ou o debatedor cumprir\u00e1 esta fun\u00e7\u00e3o.<\/p><\/div>\n\t\t\t\t<\/div>\n\t\t\t\t\t\t\t<div class=\"elementor-toggle-item\">\n\t\t\t\t\t<div id=\"elementor-tab-title-6923\" class=\"elementor-tab-title\" data-tab=\"3\" role=\"button\" aria-controls=\"elementor-tab-content-6923\" aria-expanded=\"false\">\n\t\t\t\t\t\t\t\t\t\t\t\t<span class=\"elementor-toggle-icon elementor-toggle-icon-left\" aria-hidden=\"true\">\n\t\t\t\t\t\t\t\t\t\t\t\t\t\t\t<span class=\"elementor-toggle-icon-closed\"><i class=\"fas fa-caret-right\"><\/i><\/span>\n\t\t\t\t\t\t\t\t<span class=\"elementor-toggle-icon-opened\"><i class=\"elementor-toggle-icon-opened fas fa-caret-up\"><\/i><\/span>\n\t\t\t\t\t\t\t\t\t\t\t\t\t<\/span>\n\t\t\t\t\t\t\t\t\t\t\t\t<a class=\"elementor-toggle-title\" tabindex=\"0\">Assessor de \u00e1rea<\/a>\n\t\t\t\t\t<\/div>\n\n\t\t\t\t\t<div id=\"elementor-tab-content-6923\" class=\"elementor-tab-content elementor-clearfix\" data-tab=\"3\" role=\"region\" aria-labelledby=\"elementor-tab-title-6923\"><p class=\"p1\">Pessoa selecionada pelo Coordenador de Volunt\u00e1rios. Os assessores de \u00e1rea dever\u00e3o estar dispon\u00edveis nos hor\u00e1rios das sess\u00f5es de sua \u00e1rea de interesse e podem, eventualmente, vir a substituir algum debatedor que porventura n\u00e3o compare\u00e7a ou tenha alguma dificuldade de conex\u00e3o no hor\u00e1rio da sess\u00e3o. S\u00e3o respons\u00e1veis pela comunica\u00e7\u00e3o entre os l\u00edderes de tema e os professores moderadores de sess\u00f5es, assim como pela aloca\u00e7\u00e3o das sess\u00f5es nas salas virtuais, para que as mesmas possam acontecer conforme o programado.<\/p><p class=\"p1\">Alguns poder\u00e3o ser designados para atuar em atividades espec\u00edficas como os Keynote Speakers, Business Speakers, Cons\u00f3rcio Doutoral ou sess\u00f5es Sapiens.<\/p><p class=\"p1\"><strong>Dever\u00e3o comparecer nas reuni\u00f5es e treinamentos antes do evento<\/strong> (encontro virtual com data e hor\u00e1rio a serem definidos). Esses membros agendam e realizam os treinamentos dos seus debatedores.\u00a0<\/p><\/div>\n\t\t\t\t<\/div>\n\t\t\t\t\t\t\t<div class=\"elementor-toggle-item\">\n\t\t\t\t\t<div id=\"elementor-tab-title-6924\" class=\"elementor-tab-title\" data-tab=\"4\" role=\"button\" aria-controls=\"elementor-tab-content-6924\" aria-expanded=\"false\">\n\t\t\t\t\t\t\t\t\t\t\t\t<span class=\"elementor-toggle-icon elementor-toggle-icon-left\" aria-hidden=\"true\">\n\t\t\t\t\t\t\t\t\t\t\t\t\t\t\t<span class=\"elementor-toggle-icon-closed\"><i class=\"fas fa-caret-right\"><\/i><\/span>\n\t\t\t\t\t\t\t\t<span class=\"elementor-toggle-icon-opened\"><i class=\"elementor-toggle-icon-opened fas fa-caret-up\"><\/i><\/span>\n\t\t\t\t\t\t\t\t\t\t\t\t\t<\/span>\n\t\t\t\t\t\t\t\t\t\t\t\t<a class=\"elementor-toggle-title\" tabindex=\"0\">Assessor de sess\u00e3o<\/a>\n\t\t\t\t\t<\/div>\n\n\t\t\t\t\t<div id=\"elementor-tab-content-6924\" class=\"elementor-tab-content elementor-clearfix\" data-tab=\"4\" role=\"region\" aria-labelledby=\"elementor-tab-title-6924\"><p>A maioria dos volunt\u00e1rios atuam nessa fun\u00e7\u00e3o. Alguns poder\u00e3o ser designados para atuar em atividades espec\u00edficas como os Keynote Speakers, Business Speakers, Cons\u00f3rcio Doutoral ou sess\u00f5es Sapiens.<\/p><p>Nas sess\u00f5es de apresenta\u00e7\u00e3o de trabalhos, o debatedor tem a responsabilidade de administrar e cronometrar o tempo das apresenta\u00e7\u00f5es da sess\u00e3o ao qual ficou respons\u00e1vel. Assessorar o professor moderador da sess\u00e3o e, na eventual aus\u00eancia deste, moderar a sess\u00e3o. Assim, \u00e9\u00a0necess\u00e1rio que o aluno debatedor leia os artigos da sess\u00e3o ao qual ficou respons\u00e1vel, preparando quest\u00f5es e coment\u00e1rios construtivos a serem apresentados. Os assessores podem optar por trabalhar em sess\u00f5es online ou presencial. Nas sess\u00f5es online faz-se necess\u00e1rio que o aluno disponha de uma conex\u00e3o est\u00e1vel \u00e0 internet, acesso a computador ou notebook.<\/p><p>Al\u00e9m disso, <strong>deve participar de uma reuni\u00e3o e um treinamento<\/strong> (encontro virtual com data e hor\u00e1rio a serem definidos) e estar dispon\u00edvel durante o SemeAd (manh\u00e3 e tarde dos dias 05\/11, 06\/11, 07\/11 e\u00a0<span style=\"color: var( --e-global-color-text ); font-family: var( --e-global-typography-text-font-family ), Sans-serif; font-weight: var( --e-global-typography-text-font-weight );\">08\/11<\/span><span style=\"color: var( --e-global-color-text ); font-family: var( --e-global-typography-text-font-family ), Sans-serif; font-weight: var( --e-global-typography-text-font-weight );\">).<\/span><\/p><\/div>\n\t\t\t\t<\/div>\n\t\t\t\t\t\t\t<div class=\"elementor-toggle-item\">\n\t\t\t\t\t<div id=\"elementor-tab-title-6925\" class=\"elementor-tab-title\" data-tab=\"5\" role=\"button\" aria-controls=\"elementor-tab-content-6925\" aria-expanded=\"false\">\n\t\t\t\t\t\t\t\t\t\t\t\t<span class=\"elementor-toggle-icon elementor-toggle-icon-left\" aria-hidden=\"true\">\n\t\t\t\t\t\t\t\t\t\t\t\t\t\t\t<span class=\"elementor-toggle-icon-closed\"><i class=\"fas fa-caret-right\"><\/i><\/span>\n\t\t\t\t\t\t\t\t<span class=\"elementor-toggle-icon-opened\"><i class=\"elementor-toggle-icon-opened fas fa-caret-up\"><\/i><\/span>\n\t\t\t\t\t\t\t\t\t\t\t\t\t<\/span>\n\t\t\t\t\t\t\t\t\t\t\t\t<a class=\"elementor-toggle-title\" tabindex=\"0\">Moderador<\/a>\n\t\t\t\t\t<\/div>\n\n\t\t\t\t\t<div id=\"elementor-tab-content-6925\" class=\"elementor-tab-content elementor-clearfix\" data-tab=\"5\" role=\"region\" aria-labelledby=\"elementor-tab-title-6925\"><p class=\"p1\">Professor indicado pelo L\u00edder de Tema com experi\u00eancia acad\u00eamica nos assuntos da sess\u00e3o e que tenha condi\u00e7\u00f5es de contribuir com a mesma. O moderador deve ser um pesquisador experiente, com bom conhecimento em seu campo de pesquisa. Em principio \u00e9 o pr\u00f3prio L\u00edder do Tema, algu\u00e9m com caracter\u00edsticas e n\u00edvel semelhante ao L\u00edder ou indicado por ele. O crit\u00e9rio para ser selecionado como Moderador \u00e9 que o volunt\u00e1rio tenha titula\u00e7\u00e3o de doutor e esteja filiado a uma institui\u00e7\u00e3o de ensino em que atue como professor.\u00a0<\/p><p class=\"p1\">Tem a responsabilidade de moderar a sess\u00e3o de trabalhos para a qual foi convidado, na qual realizar\u00e1 a media\u00e7\u00e3o entre os artigos apresentados. \u00c9 indispens\u00e1vel que tenha propriedade para realizar discuss\u00f5es sobre os trabalhos. Ao final da sess\u00e3o deve avaliar o debatedor com o qual dividiu o trabalho por meio do question\u00e1rio (Avalia\u00e7\u00e3o de Desempenho de Volunt\u00e1rios). Em caso de aus\u00eancia deve ser substitu\u00eddo pelo L\u00edder de Tema.<span class=\"Apple-converted-space\">\u00a0<\/span><\/p><\/div>\n\t\t\t\t<\/div>\n\t\t\t\t\t\t\t\t<\/div>\n\t\t\t\t\t\t<\/div>\n\t\t\t\t<\/div>\n\t\t\t\t\t<\/div>\n\t\t<\/div>\n\t\t\t\t\t<\/div>\n\t\t<\/section>\n\t\t\t\t<\/div>\n\t\t","protected":false},"excerpt":{"rendered":"<p>Fun\u00e7\u00f5es Nas abas seguintes, est\u00e3o apresentadas as atribui\u00e7\u00f5es de cada colaborador deste organograma. O descritivo do que cada um deve fazer e como contribui para o acontecimento do SemeAd. Coordenador de Volunt\u00e1rios Respons\u00e1vel pela elabora\u00e7\u00e3o e cumprimento do cronograma referente ao voluntariado, do recrutamento e sele\u00e7\u00e3o at\u00e9 a avalia\u00e7\u00e3o de desempenho dos alunos volunt\u00e1rios. Coordena&#8230;<\/p>\n","protected":false},"author":10,"featured_media":0,"parent":22558,"menu_order":0,"comment_status":"closed","ping_status":"closed","template":"","meta":{"_acf_changed":false,"_monsterinsights_skip_tracking":false,"_monsterinsights_sitenote_active":false,"_monsterinsights_sitenote_note":"","_monsterinsights_sitenote_category":0,"footnotes":""},"class_list":["post-22614","page","type-page","status-publish","hentry"],"acf":[],"yoast_head":"<!-- This site is optimized with the Yoast SEO plugin v27.1.1 - https:\/\/yoast.com\/product\/yoast-seo-wordpress\/ -->\n<title>Fun\u00e7\u00f5es do Voluntariado - XXVIII SemeAd<\/title>\n<meta name=\"robots\" content=\"index, follow, max-snippet:-1, max-image-preview:large, max-video-preview:-1\" \/>\n<link rel=\"canonical\" href=\"https:\/\/semead.com.br\/28\/evento\/voluntariado\/funcoes-do-voluntariado\/\" \/>\n<meta property=\"og:locale\" content=\"pt_BR\" \/>\n<meta property=\"og:type\" content=\"article\" \/>\n<meta property=\"og:title\" content=\"Fun\u00e7\u00f5es do Voluntariado - XXVIII SemeAd\" \/>\n<meta property=\"og:description\" content=\"Fun\u00e7\u00f5es Nas abas seguintes, est\u00e3o apresentadas as atribui\u00e7\u00f5es de cada colaborador deste organograma. O descritivo do que cada um deve fazer e como contribui para o acontecimento do SemeAd. Coordenador de Volunt\u00e1rios Respons\u00e1vel pela elabora\u00e7\u00e3o e cumprimento do cronograma referente ao voluntariado, do recrutamento e sele\u00e7\u00e3o at\u00e9 a avalia\u00e7\u00e3o de desempenho dos alunos volunt\u00e1rios. Coordena...\" \/>\n<meta property=\"og:url\" content=\"https:\/\/semead.com.br\/28\/evento\/voluntariado\/funcoes-do-voluntariado\/\" \/>\n<meta property=\"og:site_name\" content=\"XXVIII SemeAd\" \/>\n<meta property=\"article:modified_time\" content=\"2024-09-13T13:46:44+00:00\" \/>\n<meta name=\"twitter:card\" content=\"summary_large_image\" \/>\n<meta name=\"twitter:label1\" content=\"Est. tempo de leitura\" \/>\n\t<meta name=\"twitter:data1\" content=\"4 minutos\" \/>\n<script type=\"application\/ld+json\" class=\"yoast-schema-graph\">{\"@context\":\"https:\/\/schema.org\",\"@graph\":[{\"@type\":\"WebPage\",\"@id\":\"https:\/\/semead.com.br\/28\/evento\/voluntariado\/funcoes-do-voluntariado\/\",\"url\":\"https:\/\/semead.com.br\/28\/evento\/voluntariado\/funcoes-do-voluntariado\/\",\"name\":\"Fun\u00e7\u00f5es do Voluntariado - XXVIII SemeAd\",\"isPartOf\":{\"@id\":\"https:\/\/semead.com.br\/28\/#website\"},\"datePublished\":\"2021-09-09T21:44:23+00:00\",\"dateModified\":\"2024-09-13T13:46:44+00:00\",\"breadcrumb\":{\"@id\":\"https:\/\/semead.com.br\/28\/evento\/voluntariado\/funcoes-do-voluntariado\/#breadcrumb\"},\"inLanguage\":\"pt-BR\",\"potentialAction\":[{\"@type\":\"ReadAction\",\"target\":[\"https:\/\/semead.com.br\/28\/evento\/voluntariado\/funcoes-do-voluntariado\/\"]}]},{\"@type\":\"BreadcrumbList\",\"@id\":\"https:\/\/semead.com.br\/28\/evento\/voluntariado\/funcoes-do-voluntariado\/#breadcrumb\",\"itemListElement\":[{\"@type\":\"ListItem\",\"position\":1,\"name\":\"In\u00edcio\",\"item\":\"https:\/\/semead.com.br\/28\/\"},{\"@type\":\"ListItem\",\"position\":2,\"name\":\"Evento\",\"item\":\"https:\/\/semead.com.br\/28\/evento\/\"},{\"@type\":\"ListItem\",\"position\":3,\"name\":\"Voluntariado\",\"item\":\"https:\/\/semead.com.br\/28\/evento\/voluntariado\/\"},{\"@type\":\"ListItem\",\"position\":4,\"name\":\"Fun\u00e7\u00f5es do Voluntariado\"}]},{\"@type\":\"WebSite\",\"@id\":\"https:\/\/semead.com.br\/28\/#website\",\"url\":\"https:\/\/semead.com.br\/28\/\",\"name\":\"XXVIII SemeAd\",\"description\":\"Semin\u00e1rios em administra\u00e7\u00e3o\",\"potentialAction\":[{\"@type\":\"SearchAction\",\"target\":{\"@type\":\"EntryPoint\",\"urlTemplate\":\"https:\/\/semead.com.br\/28\/?s={search_term_string}\"},\"query-input\":{\"@type\":\"PropertyValueSpecification\",\"valueRequired\":true,\"valueName\":\"search_term_string\"}}],\"inLanguage\":\"pt-BR\"}]}<\/script>\n<!-- \/ Yoast SEO plugin. -->","yoast_head_json":{"title":"Fun\u00e7\u00f5es do Voluntariado - XXVIII SemeAd","robots":{"index":"index","follow":"follow","max-snippet":"max-snippet:-1","max-image-preview":"max-image-preview:large","max-video-preview":"max-video-preview:-1"},"canonical":"https:\/\/semead.com.br\/28\/evento\/voluntariado\/funcoes-do-voluntariado\/","og_locale":"pt_BR","og_type":"article","og_title":"Fun\u00e7\u00f5es do Voluntariado - XXVIII SemeAd","og_description":"Fun\u00e7\u00f5es Nas abas seguintes, est\u00e3o apresentadas as atribui\u00e7\u00f5es de cada colaborador deste organograma. O descritivo do que cada um deve fazer e como contribui para o acontecimento do SemeAd. Coordenador de Volunt\u00e1rios Respons\u00e1vel pela elabora\u00e7\u00e3o e cumprimento do cronograma referente ao voluntariado, do recrutamento e sele\u00e7\u00e3o at\u00e9 a avalia\u00e7\u00e3o de desempenho dos alunos volunt\u00e1rios. Coordena...","og_url":"https:\/\/semead.com.br\/28\/evento\/voluntariado\/funcoes-do-voluntariado\/","og_site_name":"XXVIII SemeAd","article_modified_time":"2024-09-13T13:46:44+00:00","twitter_card":"summary_large_image","twitter_misc":{"Est. tempo de leitura":"4 minutos"},"schema":{"@context":"https:\/\/schema.org","@graph":[{"@type":"WebPage","@id":"https:\/\/semead.com.br\/28\/evento\/voluntariado\/funcoes-do-voluntariado\/","url":"https:\/\/semead.com.br\/28\/evento\/voluntariado\/funcoes-do-voluntariado\/","name":"Fun\u00e7\u00f5es do Voluntariado - XXVIII SemeAd","isPartOf":{"@id":"https:\/\/semead.com.br\/28\/#website"},"datePublished":"2021-09-09T21:44:23+00:00","dateModified":"2024-09-13T13:46:44+00:00","breadcrumb":{"@id":"https:\/\/semead.com.br\/28\/evento\/voluntariado\/funcoes-do-voluntariado\/#breadcrumb"},"inLanguage":"pt-BR","potentialAction":[{"@type":"ReadAction","target":["https:\/\/semead.com.br\/28\/evento\/voluntariado\/funcoes-do-voluntariado\/"]}]},{"@type":"BreadcrumbList","@id":"https:\/\/semead.com.br\/28\/evento\/voluntariado\/funcoes-do-voluntariado\/#breadcrumb","itemListElement":[{"@type":"ListItem","position":1,"name":"In\u00edcio","item":"https:\/\/semead.com.br\/28\/"},{"@type":"ListItem","position":2,"name":"Evento","item":"https:\/\/semead.com.br\/28\/evento\/"},{"@type":"ListItem","position":3,"name":"Voluntariado","item":"https:\/\/semead.com.br\/28\/evento\/voluntariado\/"},{"@type":"ListItem","position":4,"name":"Fun\u00e7\u00f5es do Voluntariado"}]},{"@type":"WebSite","@id":"https:\/\/semead.com.br\/28\/#website","url":"https:\/\/semead.com.br\/28\/","name":"XXVIII SemeAd","description":"Semin\u00e1rios em administra\u00e7\u00e3o","potentialAction":[{"@type":"SearchAction","target":{"@type":"EntryPoint","urlTemplate":"https:\/\/semead.com.br\/28\/?s={search_term_string}"},"query-input":{"@type":"PropertyValueSpecification","valueRequired":true,"valueName":"search_term_string"}}],"inLanguage":"pt-BR"}]}},"_links":{"self":[{"href":"https:\/\/semead.com.br\/28\/wp-json\/wp\/v2\/pages\/22614","targetHints":{"allow":["GET"]}}],"collection":[{"href":"https:\/\/semead.com.br\/28\/wp-json\/wp\/v2\/pages"}],"about":[{"href":"https:\/\/semead.com.br\/28\/wp-json\/wp\/v2\/types\/page"}],"author":[{"embeddable":true,"href":"https:\/\/semead.com.br\/28\/wp-json\/wp\/v2\/users\/10"}],"replies":[{"embeddable":true,"href":"https:\/\/semead.com.br\/28\/wp-json\/wp\/v2\/comments?post=22614"}],"version-history":[{"count":3,"href":"https:\/\/semead.com.br\/28\/wp-json\/wp\/v2\/pages\/22614\/revisions"}],"predecessor-version":[{"id":31777,"href":"https:\/\/semead.com.br\/28\/wp-json\/wp\/v2\/pages\/22614\/revisions\/31777"}],"up":[{"embeddable":true,"href":"https:\/\/semead.com.br\/28\/wp-json\/wp\/v2\/pages\/22558"}],"wp:attachment":[{"href":"https:\/\/semead.com.br\/28\/wp-json\/wp\/v2\/media?parent=22614"}],"curies":[{"name":"wp","href":"https:\/\/api.w.org\/{rel}","templated":true}]}}