{"id":28790,"date":"2023-06-02T12:07:48","date_gmt":"2023-06-02T15:07:48","guid":{"rendered":"https:\/\/semead.com.br\/28\/?page_id=28790"},"modified":"2025-07-14T14:43:58","modified_gmt":"2025-07-14T17:43:58","slug":"consorcio-doutoral","status":"publish","type":"page","link":"https:\/\/semead.com.br\/28\/consorcio-doutoral\/","title":{"rendered":"Cons\u00f3rcio Doutoral"},"content":{"rendered":"\t\t<div data-elementor-type=\"wp-page\" data-elementor-id=\"28790\" class=\"elementor elementor-28790\">\n\t\t\t\t\t\t<section class=\"elementor-section elementor-top-section elementor-element elementor-element-68e3b31 elementor-section-boxed elementor-section-height-default elementor-section-height-default\" data-id=\"68e3b31\" data-element_type=\"section\" data-e-type=\"section\">\n\t\t\t\t\t\t<div class=\"elementor-container elementor-column-gap-default\">\n\t\t\t\t\t<div class=\"elementor-column elementor-col-100 elementor-top-column elementor-element elementor-element-19759d8\" data-id=\"19759d8\" data-element_type=\"column\" data-e-type=\"column\">\n\t\t\t<div class=\"elementor-widget-wrap elementor-element-populated\">\n\t\t\t\t\t\t<div class=\"elementor-element elementor-element-dc031ef elementor-widget__width-initial elementor-widget elementor-widget-text-editor\" data-id=\"dc031ef\" data-element_type=\"widget\" data-e-type=\"widget\" data-widget_type=\"text-editor.default\">\n\t\t\t\t<div class=\"elementor-widget-container\">\n\t\t\t\t\t\t\t\t\t<p>O Cons\u00f3rcio Doutoral do SemeAd convida doutorandas e doutorandos a submeterem propostas de teses de Doutorado nos seguintes temas: Administra\u00e7\u00e3o P\u00fablica, Agribusiness, Empreendedorismo; Estrat\u00e9gia Organizacional; Estudos Organizacionais; Ensino e Pesquisa, Finan\u00e7as; Gest\u00e3o da Inova\u00e7\u00e3o; Gest\u00e3o de Pessoas; Gest\u00e3o Socioambiental; Marketing; Opera\u00e7\u00f5es; Tecnologia da Informa\u00e7\u00e3o; e Turismo e Hospitalidade.<\/p>\n<p>As propostas ser\u00e3o avaliadas pelos l\u00edderes tem\u00e1ticos do Cons\u00f3rcio Doutoral, que selecionar\u00e3o aquelas mais adequadas, considerando o est\u00e1gio de desenvolvimento do projeto. As submiss\u00f5es dever\u00e3o se enquadrar em uma das duas modalidades descritas abaixo:<\/p>\n<h6>Modalidade 1 \u2013 Est\u00e1gio Pr\u00e9-Qualifica\u00e7\u00e3o:<\/h6>\n<p>Destinada a doutorandas e doutorandos que ainda n\u00e3o realizaram o exame de qualifica\u00e7\u00e3o, mas que j\u00e1 possuem tema, problema de pesquisa e objetivos claramente definidos. Espera-se que o projeto contenha uma base te\u00f3rica inicial, com uma breve revis\u00e3o da literatura (a ser aprofundada posteriormente), bem como os principais elementos metodol\u00f3gicos, ainda que em est\u00e1gio preliminar e sujeitos a aperfei\u00e7oamentos.<\/p>\n<p><b>Observa\u00e7\u00e3o:<\/b> Embora se trate de projetos em est\u00e1gio pr\u00e9-qualifica\u00e7\u00e3o, n\u00e3o ser\u00e3o recomendadas propostas excessivamente explorat\u00f3rias ou sem delimita\u00e7\u00e3o clara de tema, problema de pesquisa e objetivos.<\/p>\n<p><b>Momento sugerido no curso:<\/b> geralmente no segundo ano do doutorado.<\/p>\n<h6>Modalidade 2 \u2013 Est\u00e1gio P\u00f3s-Qualifica\u00e7\u00e3o:<\/h6>\n<p>Indicada para doutorandas e doutorandos que tenham realizado o exame de qualifica\u00e7\u00e3o recentemente. Os projetos nesta modalidade devem apresentar tema, problema de pesquisa e objetivos bem definidos, uma revis\u00e3o de literatura robusta (incluindo modelos te\u00f3rico-conceituais consolidados) e um delineamento metodol\u00f3gico estruturado \u2014 com defini\u00e7\u00e3o do m\u00e9todo de pesquisa, instrumentos de coleta de dados e t\u00e9cnicas de an\u00e1lise.<\/p>\n<p><b>Observa\u00e7\u00e3o: <\/b>N\u00e3o s\u00e3o recomendadas propostas que j\u00e1 tenham realizado toda a coleta de dados e que estejam em fase de an\u00e1lise. Nesses casos, recomenda-se a submiss\u00e3o como artigo completo, dentro da programa\u00e7\u00e3o tradicional do evento.<\/p>\n<p><b>Momento sugerido no curso:<\/b> geralmente no in\u00edcio do terceiro ano.<\/p>\n<p>As atividades do Cons\u00f3rcio Doutoral ocorrer\u00e3o <b>exclusivamente de forma presencial<\/b>, na FEA-USP (S\u00e3o Paulo), no dia <b>11 de novembro (ter\u00e7a-feira), no per\u00edodo da manh\u00e3<\/b>. A programa\u00e7\u00e3o detalhada ser\u00e1 divulgada oportunamente.<\/p>\n<p><b>Prazo de submiss\u00e3o: <\/b>at\u00e9 <b>13 de julho de 2025<\/b>, conforme o cronograma geral de submiss\u00e3o de trabalhos do SemeAd.<\/p>\t\t\t\t\t\t\t\t<\/div>\n\t\t\t\t<\/div>\n\t\t\t\t\t<\/div>\n\t\t<\/div>\n\t\t\t\t\t<\/div>\n\t\t<\/section>\n\t\t\t\t<section class=\"elementor-section elementor-top-section elementor-element elementor-element-3603336 elementor-section-boxed elementor-section-height-default elementor-section-height-default\" data-id=\"3603336\" data-element_type=\"section\" data-e-type=\"section\">\n\t\t\t\t\t\t<div class=\"elementor-container elementor-column-gap-default\">\n\t\t\t\t\t<div class=\"elementor-column elementor-col-100 elementor-top-column elementor-element elementor-element-a46dfa2\" data-id=\"a46dfa2\" data-element_type=\"column\" data-e-type=\"column\">\n\t\t\t<div class=\"elementor-widget-wrap elementor-element-populated\">\n\t\t\t\t\t\t<div class=\"elementor-element elementor-element-b482944 elementor-widget elementor-widget-text-editor\" data-id=\"b482944\" data-element_type=\"widget\" data-e-type=\"widget\" data-widget_type=\"text-editor.default\">\n\t\t\t\t<div class=\"elementor-widget-container\">\n\t\t\t\t\t\t\t\t\t<h4>Para os doutorandos contemplados no cons\u00f3rcio doutoral oferecemos benef\u00edcios para virem:<\/h4>\n<ul>\n<li>Isen\u00e7\u00e3o da taxa de inscri\u00e7\u00e3o no evento, que permite tamb\u00e9m participa\u00e7\u00e3o nas demais atividades presenciais, al\u00e9m do Cons\u00f3rcio.<\/li>\n<\/ul>\n<ul>\n<li>Uma estadia na noite do dia 10\/11 para o dia 11\/11 em hotel definido pela organiza\u00e7\u00e3o do evento para doutorandos\/as que <b>residem fora da cidade de S\u00e3o Paulo<\/b>. A passagem a\u00e9rea e demais estadias \u00e9 de responsabilidade do congressista.<\/li>\n<\/ul>\n<ul>\n<li>Certificado de apresenta\u00e7\u00e3o do trabalho.<\/li>\n<\/ul>\n<ul>\n<li>Pr\u00eamio para o melhor projeto de tese apresentado em cada modalidade, com certificado de reconhecimento ao orientador e ao Programa de P\u00f3s-gradua\u00e7\u00e3o do\/a doutorando\/a. Men\u00e7\u00f5es honrosas para os 2os e 3os colocados de cada modalidade.<\/li>\n<\/ul>\n<ul>\n<li>Uma sess\u00e3o de mentoria, p\u00f3s-evento, com o l\u00edder de tema e ou professor convidado para os doutorandos premiados como melhores projetos em cada modalidade.<\/li>\n<\/ul>\t\t\t\t\t\t\t\t<\/div>\n\t\t\t\t<\/div>\n\t\t\t\t<div class=\"elementor-element elementor-element-ccbdf7b elementor-widget elementor-widget-rt-cta\" data-id=\"ccbdf7b\" data-element_type=\"widget\" data-e-type=\"widget\" data-widget_type=\"rt-cta.default\">\n\t\t\t\t<div class=\"elementor-widget-container\">\n\t\t\t\t\t\n<div class=\"rt-el-cta-1\">\n\t<div class=\"container\">\n\t\t<div class=\"row\">\n\t\t\t<div class=\"col-md-8 col-sm-12 col-xs-12\">\n\t\t\t\t<h3 class=\"rtin-title\">Regras de submiss\u00e3o do cons\u00f3rcio<\/h3>\n\t\t\t<\/div>\n\t\t\t<div class=\"col-md-4 col-sm-12 col-xs-12\">\n\t\t\t\t\t\t\t\t\t<div class=\"rtin-button\"><a class=\"btn-fill color-yellow border-radius-5 size-lg gust\" href=\"https:\/\/semead.com.br\/28\/regras-para-submissao-ao-consorcio-2\/\">Acesse Aqui<\/a><\/div>\t\t\n\t\t\t\t\t\t\t<\/div>\n\t\t<\/div>\t\t\n\t<\/div>\n<\/div>\t\t\t\t<\/div>\n\t\t\t\t<\/div>\n\t\t\t\t\t<\/div>\n\t\t<\/div>\n\t\t\t\t\t<\/div>\n\t\t<\/section>\n\t\t\t\t<\/div>\n\t\t","protected":false},"excerpt":{"rendered":"<p>O Cons\u00f3rcio Doutoral do SemeAd convida doutorandas e doutorandos a submeterem propostas de teses de Doutorado nos seguintes temas: Administra\u00e7\u00e3o P\u00fablica, Agribusiness, Empreendedorismo; Estrat\u00e9gia Organizacional; Estudos Organizacionais; Ensino e Pesquisa, Finan\u00e7as; Gest\u00e3o da Inova\u00e7\u00e3o; Gest\u00e3o de Pessoas; Gest\u00e3o Socioambiental; Marketing; Opera\u00e7\u00f5es; Tecnologia da Informa\u00e7\u00e3o; e Turismo e Hospitalidade. As propostas ser\u00e3o avaliadas pelos l\u00edderes tem\u00e1ticos&#8230;<\/p>\n","protected":false},"author":4,"featured_media":0,"parent":0,"menu_order":0,"comment_status":"closed","ping_status":"closed","template":"temas-intermediario.php","meta":{"_acf_changed":false,"_monsterinsights_skip_tracking":false,"_monsterinsights_sitenote_active":false,"_monsterinsights_sitenote_note":"","_monsterinsights_sitenote_category":0,"footnotes":""},"class_list":["post-28790","page","type-page","status-publish","hentry"],"acf":[],"yoast_head":"<!-- This site is optimized with the Yoast SEO plugin v27.1.1 - https:\/\/yoast.com\/product\/yoast-seo-wordpress\/ -->\n<title>Cons\u00f3rcio Doutoral - XXVIII SemeAd<\/title>\n<meta name=\"robots\" content=\"index, follow, max-snippet:-1, max-image-preview:large, max-video-preview:-1\" \/>\n<link rel=\"canonical\" href=\"https:\/\/semead.com.br\/28\/consorcio-doutoral\/\" \/>\n<meta property=\"og:locale\" content=\"pt_BR\" \/>\n<meta property=\"og:type\" content=\"article\" \/>\n<meta property=\"og:title\" content=\"Cons\u00f3rcio Doutoral - XXVIII SemeAd\" \/>\n<meta property=\"og:description\" content=\"O Cons\u00f3rcio Doutoral do SemeAd convida doutorandas e doutorandos a submeterem propostas de teses de Doutorado nos seguintes temas: Administra\u00e7\u00e3o P\u00fablica, Agribusiness, Empreendedorismo; Estrat\u00e9gia Organizacional; Estudos Organizacionais; Ensino e Pesquisa, Finan\u00e7as; Gest\u00e3o da Inova\u00e7\u00e3o; Gest\u00e3o de Pessoas; Gest\u00e3o Socioambiental; Marketing; Opera\u00e7\u00f5es; Tecnologia da Informa\u00e7\u00e3o; e Turismo e Hospitalidade. As propostas ser\u00e3o avaliadas pelos l\u00edderes tem\u00e1ticos...\" \/>\n<meta property=\"og:url\" content=\"https:\/\/semead.com.br\/28\/consorcio-doutoral\/\" \/>\n<meta property=\"og:site_name\" content=\"XXVIII SemeAd\" \/>\n<meta property=\"article:modified_time\" content=\"2025-07-14T17:43:58+00:00\" \/>\n<meta name=\"twitter:card\" content=\"summary_large_image\" \/>\n<meta name=\"twitter:label1\" content=\"Est. tempo de leitura\" \/>\n\t<meta name=\"twitter:data1\" content=\"3 minutos\" \/>\n<script type=\"application\/ld+json\" class=\"yoast-schema-graph\">{\"@context\":\"https:\/\/schema.org\",\"@graph\":[{\"@type\":\"WebPage\",\"@id\":\"https:\/\/semead.com.br\/28\/consorcio-doutoral\/\",\"url\":\"https:\/\/semead.com.br\/28\/consorcio-doutoral\/\",\"name\":\"Cons\u00f3rcio Doutoral - XXVIII SemeAd\",\"isPartOf\":{\"@id\":\"https:\/\/semead.com.br\/28\/#website\"},\"datePublished\":\"2023-06-02T15:07:48+00:00\",\"dateModified\":\"2025-07-14T17:43:58+00:00\",\"breadcrumb\":{\"@id\":\"https:\/\/semead.com.br\/28\/consorcio-doutoral\/#breadcrumb\"},\"inLanguage\":\"pt-BR\",\"potentialAction\":[{\"@type\":\"ReadAction\",\"target\":[\"https:\/\/semead.com.br\/28\/consorcio-doutoral\/\"]}]},{\"@type\":\"BreadcrumbList\",\"@id\":\"https:\/\/semead.com.br\/28\/consorcio-doutoral\/#breadcrumb\",\"itemListElement\":[{\"@type\":\"ListItem\",\"position\":1,\"name\":\"In\u00edcio\",\"item\":\"https:\/\/semead.com.br\/28\/\"},{\"@type\":\"ListItem\",\"position\":2,\"name\":\"Cons\u00f3rcio Doutoral\"}]},{\"@type\":\"WebSite\",\"@id\":\"https:\/\/semead.com.br\/28\/#website\",\"url\":\"https:\/\/semead.com.br\/28\/\",\"name\":\"XXVIII SemeAd\",\"description\":\"Semin\u00e1rios em administra\u00e7\u00e3o\",\"potentialAction\":[{\"@type\":\"SearchAction\",\"target\":{\"@type\":\"EntryPoint\",\"urlTemplate\":\"https:\/\/semead.com.br\/28\/?s={search_term_string}\"},\"query-input\":{\"@type\":\"PropertyValueSpecification\",\"valueRequired\":true,\"valueName\":\"search_term_string\"}}],\"inLanguage\":\"pt-BR\"}]}<\/script>\n<!-- \/ Yoast SEO plugin. -->","yoast_head_json":{"title":"Cons\u00f3rcio Doutoral - XXVIII SemeAd","robots":{"index":"index","follow":"follow","max-snippet":"max-snippet:-1","max-image-preview":"max-image-preview:large","max-video-preview":"max-video-preview:-1"},"canonical":"https:\/\/semead.com.br\/28\/consorcio-doutoral\/","og_locale":"pt_BR","og_type":"article","og_title":"Cons\u00f3rcio Doutoral - XXVIII SemeAd","og_description":"O Cons\u00f3rcio Doutoral do SemeAd convida doutorandas e doutorandos a submeterem propostas de teses de Doutorado nos seguintes temas: Administra\u00e7\u00e3o P\u00fablica, Agribusiness, Empreendedorismo; Estrat\u00e9gia Organizacional; Estudos Organizacionais; Ensino e Pesquisa, Finan\u00e7as; Gest\u00e3o da Inova\u00e7\u00e3o; Gest\u00e3o de Pessoas; Gest\u00e3o Socioambiental; Marketing; Opera\u00e7\u00f5es; Tecnologia da Informa\u00e7\u00e3o; e Turismo e Hospitalidade. As propostas ser\u00e3o avaliadas pelos l\u00edderes tem\u00e1ticos...","og_url":"https:\/\/semead.com.br\/28\/consorcio-doutoral\/","og_site_name":"XXVIII SemeAd","article_modified_time":"2025-07-14T17:43:58+00:00","twitter_card":"summary_large_image","twitter_misc":{"Est. tempo de leitura":"3 minutos"},"schema":{"@context":"https:\/\/schema.org","@graph":[{"@type":"WebPage","@id":"https:\/\/semead.com.br\/28\/consorcio-doutoral\/","url":"https:\/\/semead.com.br\/28\/consorcio-doutoral\/","name":"Cons\u00f3rcio Doutoral - XXVIII SemeAd","isPartOf":{"@id":"https:\/\/semead.com.br\/28\/#website"},"datePublished":"2023-06-02T15:07:48+00:00","dateModified":"2025-07-14T17:43:58+00:00","breadcrumb":{"@id":"https:\/\/semead.com.br\/28\/consorcio-doutoral\/#breadcrumb"},"inLanguage":"pt-BR","potentialAction":[{"@type":"ReadAction","target":["https:\/\/semead.com.br\/28\/consorcio-doutoral\/"]}]},{"@type":"BreadcrumbList","@id":"https:\/\/semead.com.br\/28\/consorcio-doutoral\/#breadcrumb","itemListElement":[{"@type":"ListItem","position":1,"name":"In\u00edcio","item":"https:\/\/semead.com.br\/28\/"},{"@type":"ListItem","position":2,"name":"Cons\u00f3rcio Doutoral"}]},{"@type":"WebSite","@id":"https:\/\/semead.com.br\/28\/#website","url":"https:\/\/semead.com.br\/28\/","name":"XXVIII SemeAd","description":"Semin\u00e1rios em administra\u00e7\u00e3o","potentialAction":[{"@type":"SearchAction","target":{"@type":"EntryPoint","urlTemplate":"https:\/\/semead.com.br\/28\/?s={search_term_string}"},"query-input":{"@type":"PropertyValueSpecification","valueRequired":true,"valueName":"search_term_string"}}],"inLanguage":"pt-BR"}]}},"_links":{"self":[{"href":"https:\/\/semead.com.br\/28\/wp-json\/wp\/v2\/pages\/28790","targetHints":{"allow":["GET"]}}],"collection":[{"href":"https:\/\/semead.com.br\/28\/wp-json\/wp\/v2\/pages"}],"about":[{"href":"https:\/\/semead.com.br\/28\/wp-json\/wp\/v2\/types\/page"}],"author":[{"embeddable":true,"href":"https:\/\/semead.com.br\/28\/wp-json\/wp\/v2\/users\/4"}],"replies":[{"embeddable":true,"href":"https:\/\/semead.com.br\/28\/wp-json\/wp\/v2\/comments?post=28790"}],"version-history":[{"count":3,"href":"https:\/\/semead.com.br\/28\/wp-json\/wp\/v2\/pages\/28790\/revisions"}],"predecessor-version":[{"id":33693,"href":"https:\/\/semead.com.br\/28\/wp-json\/wp\/v2\/pages\/28790\/revisions\/33693"}],"wp:attachment":[{"href":"https:\/\/semead.com.br\/28\/wp-json\/wp\/v2\/media?parent=28790"}],"curies":[{"name":"wp","href":"https:\/\/api.w.org\/{rel}","templated":true}]}}