{"id":31485,"date":"2024-07-12T19:15:47","date_gmt":"2024-07-12T22:15:47","guid":{"rendered":"https:\/\/semead.com.br\/28\/?page_id=31485"},"modified":"2026-05-09T16:05:40","modified_gmt":"2026-05-09T19:05:40","slug":"gestao-de-pessoas","status":"publish","type":"page","link":"https:\/\/semead.com.br\/28\/areas\/cientificas\/gestao-de-pessoas\/","title":{"rendered":"Gest\u00e3o de Pessoas"},"content":{"rendered":"","protected":false},"excerpt":{"rendered":"","protected":false},"author":4,"featured_media":0,"parent":9,"menu_order":0,"comment_status":"closed","ping_status":"closed","template":"temas.php","meta":{"_acf_changed":false,"_monsterinsights_skip_tracking":false,"_monsterinsights_sitenote_active":false,"_monsterinsights_sitenote_note":"","_monsterinsights_sitenote_category":0,"footnotes":""},"class_list":["post-31485","page","type-page","status-publish","hentry"],"acf":{"coordenadores":[{"titulo":"Coordenadora:","nome":"Profa. Dra. Heliani Berlato","instituicao":"ESALQ-USP","imagem":34588},{"titulo":"Coordenador Adjunto:","nome":"Prof. Dr. Helio Arthur Reis Irigaray","instituicao":"FGV\/EBAPE","imagem":34901}],"audio_da_coordenacao":"","temas":[{"tema_nome":"As Faces da Diversidade","tema_descricao":"Quest\u00f5es de g\u00eanero, LGBTQI, PCDs, Interseccionalidades, masculinidades, feminilidades, teoria queer, rela\u00e7\u00e3o trabalho-n\u00e3o trabalho.","audio":"","lideres":[{"lider_nome":"L\u00edder: Prof. Dr. Jefferson Rodrigues Pereira","lider_foto":34590}]},{"tema_nome":"Carreira de Pessoas e Organiza\u00e7\u00f5es","tema_descricao":"Tipos e Tend\u00eancias de carreiras. Gest\u00e3o de Carreiras e Sucess\u00e3o. Expatria\u00e7\u00e3o. Coaching e Mentoring. As gera\u00e7\u00f5es dos profissionais.\r\n\r\n\r\n\r\n","audio":"","lideres":[{"lider_nome":"L\u00edder: Profa. Dra. Elza F\u00e1tima Rosa Veloso (FIA)","lider_foto":34592},{"lider_nome":"Co-L\u00edder Internacional: Prof. Dr. Jes\u00fas Barrena Mart\u00ednez (UCA Espanha)","lider_foto":34594}]},{"tema_nome":"Rela\u00e7\u00f5es de Trabalho","tema_descricao":"O tema se destina a discutir, a partir de diferentes abordagens epistemol\u00f3gicas, te\u00f3ricas e metodol\u00f3gicas, as variadas din\u00e2micas do trabalho diante de in\u00fameras transforma\u00e7\u00f5es econ\u00f4micas, sociais e tecnol\u00f3gicas. \r\n\r\nEntre os poss\u00edveis interesses do tema est\u00e3o:\r\n\r\n- Flexibiliza\u00e7\u00e3o e formas alternativas de contrata\u00e7\u00e3o de m\u00e3o de obra.\r\n- Precariza\u00e7\u00e3o e explora\u00e7\u00e3o do trabalho, em diferentes contextos.\r\n- Uberiza\u00e7\u00e3o e plataformiza\u00e7\u00e3o do trabalho.\r\n- Trabalhadores independentes e microempreendedores individuais.\r\n- Intelig\u00eancia Artificial, redes sociais e seus impactos nas organiza\u00e7\u00f5es e no trabalho.\r\n- Poder, controle e resist\u00eancia no trabalho.\r\n- Informalidade, trabalho por conta pr\u00f3pria e empreendedorismo de sobreviv\u00eancia.\r\n- Mercado de trabalho, pobreza e desigualdades.\r\n- Trabalho em contextos de migra\u00e7\u00e3o e ref\u00fagio.\r\n- Sindicalismo e a\u00e7\u00e3o coletiva dos trabalhadores.\r\n- Contradi\u00e7\u00f5es entre trabalho, capitalismo e Estado.\r\n- Legisla\u00e7\u00e3o trabalhista e pol\u00edticas p\u00fablicas.","audio":"","lideres":[{"lider_nome":"L\u00edder: Prof. Dr. Wilson Amorim ","lider_foto":34596},{"lider_nome":"L\u00edder Adjunta: Profa. Dra. Giselle Cavalcante Queiroz (UFC)","lider_foto":34598},{"lider_nome":"L\u00edder Adjunto: Prof. Dr. Geraldo Tessarini Junior","lider_foto":34600}]},{"tema_nome":"Lideran\u00e7a e suas Dimens\u00f5es","tema_descricao":"Lideran\u00e7a e gest\u00e3o de equipes. Teorias de lideran\u00e7a e suas aplica\u00e7\u00f5es. Estilos, pap\u00e9is e modelos de gest\u00e3o e lideran\u00e7a nas organiza\u00e7\u00f5es. Desenvolvimento de lideran\u00e7as.\r\n\r\n\r\n\r\n","audio":"","lideres":[{"lider_nome":"L\u00edder Adjunta: Profa. Dra. Liliane Magalh\u00e3es Girardin Pimentel Furtado (COPPEAD\/UFRJ)","lider_foto":34602},{"lider_nome":"L\u00edder Adjunto: Prof. Dr. Luiz Sebasti\u00e3o Junior (UFPE)","lider_foto":34604}]},{"tema_nome":"Pol\u00edticas, Modelos e Pr\u00e1ticas de Gest\u00e3o: do Tradicional \u00e0s Compet\u00eancias","tema_descricao":"Converg\u00eancias e diverg\u00eancias entre os quadros te\u00f3ricos e as pol\u00edticas, modelos e pr\u00e1ticas de gest\u00e3o de pessoas institucionalizadas ou n\u00e3o, no contexto das organiza\u00e7\u00f5es, dependendo do tamanho da empresa. Pol\u00edticas, modelos e pr\u00e1ticas para aprimorar a gest\u00e3o de pessoas e suas fun\u00e7\u00f5es, tais como recrutamento, sele\u00e7\u00e3o, gest\u00e3o do desempenho, higiene e seguran\u00e7a no trabalho, avalia\u00e7\u00e3o de resultados, assim como a reformula\u00e7\u00e3o da \u00e1rea de gest\u00e3o de pessoas nas organiza\u00e7\u00f5es e os processos de comunica\u00e7\u00e3o entre membros da organiza\u00e7\u00e3o e gest\u00e3o por compet\u00eancias.\r\n\r\n\r\n\r\n","audio":"","lideres":[{"lider_nome":"L\u00edder: Prof. Dra. Renan Gomes de Moura (UNIGRANRIO)","lider_foto":34606},{"lider_nome":"L\u00edder Adjunto: Prof. Dr. Silas Dias Mendes Costa (UFRR)","lider_foto":34608}]},{"tema_nome":"Valores, Sentidos e V\u00ednculos no\/do Trabalho","tema_descricao":"Valores, Sentidos e V\u00ednculos no\/do trabalho: Valores (humanos, pessoais, no trabalho, organizacionais), Sentidos e significados no\/do trabalho, V\u00ednculos organizacionais (comprometimento, consentimento, entrincheiramento) e temas emergentes conexos.\r\n\r\n\r\n\r\n","audio":"","lideres":[{"lider_nome":"Lider: Profa. Dra. Milka Alves Correia Barbosa (UNIVASF\/UFAL)","lider_foto":34610},{"lider_nome":"L\u00edder Adjunta: Profa. Dra. Jane Kelly Dantas Barbosa (UNIFEI)","lider_foto":34612}]},{"tema_nome":"Bem-Estar e Mal-Estar no Trabalho","tema_descricao":"O trabalho, seu significado (ou aus\u00eancia dele) e as formas como as organiza\u00e7\u00f5es est\u00e3o buscando qualidade de vida, satisfa\u00e7\u00e3o, formas de reconhecimento e recompensa. S\u00e3o bem-vindas abordagens cr\u00edticas e reflex\u00f5es sobre a rela\u00e7\u00e3o individuo \u2013 organiza\u00e7\u00e3o e individuo \u2013 trabalho.\r\n\r\n\r\n\r\n","audio":"","lideres":[{"lider_nome":"L\u00edder: Profa. Dra Kely C\u00e9sar Martins de Paiva (UFMG)","lider_foto":34614},{"lider_nome":"L\u00edder Adjunta: Profa. Dra. V\u00e2nia Medianeira Flores Costa (UFSM)","lider_foto":34616}]}]},"yoast_head":"<!-- This site is optimized with the Yoast SEO plugin v27.6 - https:\/\/yoast.com\/product\/yoast-seo-wordpress\/ -->\n<title>Gest\u00e3o de Pessoas - XXVIII SemeAd<\/title>\n<meta name=\"robots\" content=\"index, follow, max-snippet:-1, max-image-preview:large, max-video-preview:-1\" \/>\n<link rel=\"canonical\" href=\"https:\/\/semead.com.br\/28\/areas\/cientificas\/gestao-de-pessoas\/\" \/>\n<meta property=\"og:locale\" content=\"pt_BR\" \/>\n<meta property=\"og:type\" content=\"article\" \/>\n<meta property=\"og:title\" content=\"Gest\u00e3o de Pessoas - XXVIII SemeAd\" \/>\n<meta property=\"og:url\" content=\"https:\/\/semead.com.br\/28\/areas\/cientificas\/gestao-de-pessoas\/\" \/>\n<meta property=\"og:site_name\" content=\"XXVIII SemeAd\" \/>\n<meta property=\"article:modified_time\" content=\"2026-05-09T19:05:40+00:00\" \/>\n<meta name=\"twitter:card\" content=\"summary_large_image\" \/>\n<script type=\"application\/ld+json\" class=\"yoast-schema-graph\">{\"@context\":\"https:\\\/\\\/schema.org\",\"@graph\":[{\"@type\":\"WebPage\",\"@id\":\"https:\\\/\\\/semead.com.br\\\/28\\\/areas\\\/cientificas\\\/gestao-de-pessoas\\\/\",\"url\":\"https:\\\/\\\/semead.com.br\\\/28\\\/areas\\\/cientificas\\\/gestao-de-pessoas\\\/\",\"name\":\"Gest\u00e3o de Pessoas - XXVIII SemeAd\",\"isPartOf\":{\"@id\":\"https:\\\/\\\/semead.com.br\\\/28\\\/#website\"},\"datePublished\":\"2024-07-12T22:15:47+00:00\",\"dateModified\":\"2026-05-09T19:05:40+00:00\",\"breadcrumb\":{\"@id\":\"https:\\\/\\\/semead.com.br\\\/28\\\/areas\\\/cientificas\\\/gestao-de-pessoas\\\/#breadcrumb\"},\"inLanguage\":\"pt-BR\",\"potentialAction\":[{\"@type\":\"ReadAction\",\"target\":[\"https:\\\/\\\/semead.com.br\\\/28\\\/areas\\\/cientificas\\\/gestao-de-pessoas\\\/\"]}]},{\"@type\":\"BreadcrumbList\",\"@id\":\"https:\\\/\\\/semead.com.br\\\/28\\\/areas\\\/cientificas\\\/gestao-de-pessoas\\\/#breadcrumb\",\"itemListElement\":[{\"@type\":\"ListItem\",\"position\":1,\"name\":\"In\u00edcio\",\"item\":\"https:\\\/\\\/semead.com.br\\\/28\\\/\"},{\"@type\":\"ListItem\",\"position\":2,\"name\":\"\u00c1reas\",\"item\":\"https:\\\/\\\/semead.com.br\\\/28\\\/areas\\\/\"},{\"@type\":\"ListItem\",\"position\":3,\"name\":\"\u00c1reas Cient\u00edficas\",\"item\":\"https:\\\/\\\/semead.com.br\\\/28\\\/tracks\\\/scientific-areas\\\/\"},{\"@type\":\"ListItem\",\"position\":4,\"name\":\"Gest\u00e3o de Pessoas\"}]},{\"@type\":\"WebSite\",\"@id\":\"https:\\\/\\\/semead.com.br\\\/28\\\/#website\",\"url\":\"https:\\\/\\\/semead.com.br\\\/28\\\/\",\"name\":\"XXVIII SemeAd\",\"description\":\"Semin\u00e1rios em administra\u00e7\u00e3o\",\"potentialAction\":[{\"@type\":\"SearchAction\",\"target\":{\"@type\":\"EntryPoint\",\"urlTemplate\":\"https:\\\/\\\/semead.com.br\\\/28\\\/?s={search_term_string}\"},\"query-input\":{\"@type\":\"PropertyValueSpecification\",\"valueRequired\":true,\"valueName\":\"search_term_string\"}}],\"inLanguage\":\"pt-BR\"}]}<\/script>\n<!-- \/ Yoast SEO plugin. -->","yoast_head_json":{"title":"Gest\u00e3o de Pessoas - XXVIII SemeAd","robots":{"index":"index","follow":"follow","max-snippet":"max-snippet:-1","max-image-preview":"max-image-preview:large","max-video-preview":"max-video-preview:-1"},"canonical":"https:\/\/semead.com.br\/28\/areas\/cientificas\/gestao-de-pessoas\/","og_locale":"pt_BR","og_type":"article","og_title":"Gest\u00e3o de Pessoas - XXVIII SemeAd","og_url":"https:\/\/semead.com.br\/28\/areas\/cientificas\/gestao-de-pessoas\/","og_site_name":"XXVIII SemeAd","article_modified_time":"2026-05-09T19:05:40+00:00","twitter_card":"summary_large_image","schema":{"@context":"https:\/\/schema.org","@graph":[{"@type":"WebPage","@id":"https:\/\/semead.com.br\/28\/areas\/cientificas\/gestao-de-pessoas\/","url":"https:\/\/semead.com.br\/28\/areas\/cientificas\/gestao-de-pessoas\/","name":"Gest\u00e3o de Pessoas - XXVIII SemeAd","isPartOf":{"@id":"https:\/\/semead.com.br\/28\/#website"},"datePublished":"2024-07-12T22:15:47+00:00","dateModified":"2026-05-09T19:05:40+00:00","breadcrumb":{"@id":"https:\/\/semead.com.br\/28\/areas\/cientificas\/gestao-de-pessoas\/#breadcrumb"},"inLanguage":"pt-BR","potentialAction":[{"@type":"ReadAction","target":["https:\/\/semead.com.br\/28\/areas\/cientificas\/gestao-de-pessoas\/"]}]},{"@type":"BreadcrumbList","@id":"https:\/\/semead.com.br\/28\/areas\/cientificas\/gestao-de-pessoas\/#breadcrumb","itemListElement":[{"@type":"ListItem","position":1,"name":"In\u00edcio","item":"https:\/\/semead.com.br\/28\/"},{"@type":"ListItem","position":2,"name":"\u00c1reas","item":"https:\/\/semead.com.br\/28\/areas\/"},{"@type":"ListItem","position":3,"name":"\u00c1reas Cient\u00edficas","item":"https:\/\/semead.com.br\/28\/tracks\/scientific-areas\/"},{"@type":"ListItem","position":4,"name":"Gest\u00e3o de Pessoas"}]},{"@type":"WebSite","@id":"https:\/\/semead.com.br\/28\/#website","url":"https:\/\/semead.com.br\/28\/","name":"XXVIII SemeAd","description":"Semin\u00e1rios em administra\u00e7\u00e3o","potentialAction":[{"@type":"SearchAction","target":{"@type":"EntryPoint","urlTemplate":"https:\/\/semead.com.br\/28\/?s={search_term_string}"},"query-input":{"@type":"PropertyValueSpecification","valueRequired":true,"valueName":"search_term_string"}}],"inLanguage":"pt-BR"}]}},"_links":{"self":[{"href":"https:\/\/semead.com.br\/28\/wp-json\/wp\/v2\/pages\/31485","targetHints":{"allow":["GET"]}}],"collection":[{"href":"https:\/\/semead.com.br\/28\/wp-json\/wp\/v2\/pages"}],"about":[{"href":"https:\/\/semead.com.br\/28\/wp-json\/wp\/v2\/types\/page"}],"author":[{"embeddable":true,"href":"https:\/\/semead.com.br\/28\/wp-json\/wp\/v2\/users\/4"}],"replies":[{"embeddable":true,"href":"https:\/\/semead.com.br\/28\/wp-json\/wp\/v2\/comments?post=31485"}],"version-history":[{"count":3,"href":"https:\/\/semead.com.br\/28\/wp-json\/wp\/v2\/pages\/31485\/revisions"}],"predecessor-version":[{"id":33799,"href":"https:\/\/semead.com.br\/28\/wp-json\/wp\/v2\/pages\/31485\/revisions\/33799"}],"up":[{"embeddable":true,"href":"https:\/\/semead.com.br\/28\/wp-json\/wp\/v2\/pages\/9"}],"wp:attachment":[{"href":"https:\/\/semead.com.br\/28\/wp-json\/wp\/v2\/media?parent=31485"}],"curies":[{"name":"wp","href":"https:\/\/api.w.org\/{rel}","templated":true}]}}