{"id":32972,"date":"2024-11-06T18:00:25","date_gmt":"2024-11-06T21:00:25","guid":{"rendered":"https:\/\/semead.com.br\/28\/?page_id=32972"},"modified":"2025-11-12T18:53:51","modified_gmt":"2025-11-12T21:53:51","slug":"trabalhos-e-revisor-indicados-a-premio","status":"publish","type":"page","link":"https:\/\/semead.com.br\/28\/trabalhos-e-revisor-indicados-a-premio\/","title":{"rendered":"Trabalhos e revisor indicados a pr\u00eamio"},"content":{"rendered":"\n<h2 class=\"wp-block-heading\">Administra\u00e7\u00e3o P\u00fablica<\/h2>\n\n\n\n<p><strong>289 &#8211; REGENERATIVE EDUCATION AND EXPERIMENTAL GOVERNANCE: the MBA in Sustainable Public-Private Partnerships (PPPs) and Concessions as an institutional infrastructure for transition<\/strong><\/p>\n\n\n\n<p>Patr\u00edcia Alencar Silva Mello<\/p>\n\n\n\n<p>Erika Lisboa<\/p>\n\n\n\n<p><strong>1539 &#8211; Correlating Public Debt and Development in Brazil: A Theoretical-Empirical Analysis for the Public Administration (2003\u20132023)<\/strong><\/p>\n\n\n\n<p>Jo\u00e3o Victor de Oliveira<\/p>\n\n\n\n<p>Eliana Tadeu Terci<\/p>\n\n\n\n<p><strong>1458 &#8211; FALHAS NA GOVERNAN\u00c7A DA \u00c1GUA E NA APRENDIZAGEM SOCIAL: IMPACTOS NO DESENVOLVIMENTO REGIONAL<\/strong><\/p>\n\n\n\n<p>JOS\u00c9 WELLITON SILVA DO NASCIMENTO<\/p>\n\n\n\n<p>M\u00f4nica Cavalcanti S\u00e1 de Abreu<\/p>\n\n\n\n<h2 class=\"wp-block-heading\">Agribusiness<\/h2>\n\n\n\n<p><strong>1032 &#8211; An\u00e1lise da correla\u00e7\u00e3o cruzada multifractal entre os mercados de milho e etanol no Centro-Oeste do Brasil<\/strong><\/p>\n\n\n\n<p>Daniel Henrique Dario Capitani<\/p>\n\n\n\n<p>Luiz Eduardo Gaio<\/p>\n\n\n\n<p><strong>2401 &#8211; Neg\u00f3cios com a Floresta em P\u00e9: desafios produtivos e comerciais na cadeia de suprimentos agroextrativista do a\u00e7a\u00ed na Amaz\u00f4nia Ocidental<\/strong><\/p>\n\n\n\n<p>D\u00e9rcio Bernardes de Souza<\/p>\n\n\n\n<p>Mariluce Paes-de-Souza<\/p>\n\n\n\n<p>Taynara Cardoso de Fran\u00e7a<\/p>\n\n\n\n<p>Fabiana Rodrigues Riva<\/p>\n\n\n\n<p>CYNTIA MEIRELES MARTINS<\/p>\n\n\n\n<p><strong>1309 &#8211; GOVERNAN\u00c7A MULTIPOLAR E UPGRADING NA BIOECONOMIA DO CACAU ESPECIAL NO AMAZONAS<\/strong><\/p>\n\n\n\n<p>Lucas Xavier Trindade<\/p>\n\n\n\n<p>Caique Lima de Andrade<\/p>\n\n\n\n<p>Jacques Marcovitch Marcovitch<\/p>\n\n\n\n<h2 class=\"wp-block-heading\">Artigos Aplicados<\/h2>\n\n\n\n<p><strong>1967 &#8211; EFICI\u00caNCIA ECON\u00d4MICO-FINANCEIRA EM COOPERATIVAS M\u00c9DICAS: Aplica\u00e7\u00e3o da DEA para Tomada de Decis\u00e3o<\/strong><\/p>\n\n\n\n<p>Cl\u00e9cia Aparecida Garcia Pereira<\/p>\n\n\n\n<p>Thiago Rios Sena<\/p>\n\n\n\n<p>Anna Beatriz Vieira Palmeira<\/p>\n\n\n\n<p>Hellen Dias<\/p>\n\n\n\n<p><strong>151 &#8211; PROPOSTA DE UM SOFTWARE PARA APOIAR A TOMADA DE DECIS\u00c3O MULTICRIT\u00c9RIO EM GRUPO SOB INCERTEZA E HESITA\u00c7\u00c3O<\/strong><\/p>\n\n\n\n<p>Tainara Silva Novaes<\/p>\n\n\n\n<p>Indira Lima Schuster<\/p>\n\n\n\n<p>Viviane Ruotolo<\/p>\n\n\n\n<p>Francisco Rodrigues Lima Junior<\/p>\n\n\n\n<p>Lucyano Martins<\/p>\n\n\n\n<p><strong>126 &#8211; BUROCRATIZA\u00c7\u00c3O VIVA E GEST\u00c3O POR PROCESSOS: Resultados de uma Pesquisa-A\u00e7\u00e3o na Secretaria de Finan\u00e7as de Montes Claros-MG<\/strong><\/p>\n\n\n\n<p>Felipe Fr\u00f3es Couto<\/p>\n\n\n\n<p>Felipe Martins Maia<\/p>\n\n\n\n<p>Matheus Vitor Pereira de Abreu<\/p>\n\n\n\n<h2 class=\"wp-block-heading\">Casos de Ensino<\/h2>\n\n\n\n<p><strong>1943 &#8211; CRESCER SEM PERDER A ESS\u00caNCIA: O DILEMA DA \u201cA COLHER CONFEITARIA\u201d ENTRE A EXPANS\u00c3O F\u00cdSICA E OS CANAIS DE DISTRIBUI\u00c7\u00c3O<\/strong><\/p>\n\n\n\n<p>Salete Maria Bernardo Machado Mar\u00eda Bernardo Machado<\/p>\n\n\n\n<p>Priscila Martins Barreto<\/p>\n\n\n\n<p>Graziele Ventura Koerich<\/p>\n\n\n\n<p>Erica de Padua<\/p>\n\n\n\n<p><strong>1864 &#8211; Level Up ou Game Over: Escassez de Semicondutores na Cadeia de Suprimentos do Playstation 5<\/strong><\/p>\n\n\n\n<p>Anderson Dias Brito<\/p>\n\n\n\n<p>Alisson Rozendo Santos<\/p>\n\n\n\n<p>Andressa Sodr\u00e9 dos Santos<\/p>\n\n\n\n<p>Giselly de Sousa e Souza<\/p>\n\n\n\n<p><strong>84 &#8211; ESTRAT\u00c9GIA, PODER E STAKEHOLDERS: O CASO DA EMPRESA Y<\/strong><\/p>\n\n\n\n<p>Mariana Freitas Silva Alves<\/p>\n\n\n\n<p>Gabriel Cardoso Lino Alves<\/p>\n\n\n\n<p>Jo\u00e3o Estev\u00e3o Barbosa Neto<\/p>\n\n\n\n<h2 class=\"wp-block-heading\">Empreendedorismo<\/h2>\n\n\n\n<p><strong>955 &#8211; Top managers\u2019 entrepreneurial orientation and industry 4.0 adoption intentions in SMEs<\/strong><\/p>\n\n\n\n<p>Ricardo Figueiredo Belchior<\/p>\n\n\n\n<p>Patr\u00edcia Batista da Silva<\/p>\n\n\n\n<p><strong>39 &#8211; MAPPING ENTREPRENEURIAL MOBILITY: A MACHINE LEARNING PERSPECTIVE ON FIRM COMPETITIVENESS AND ECOSYSTEM DYNAMICS<\/strong><\/p>\n\n\n\n<p>Angelica Pigola<\/p>\n\n\n\n<p>Bruno Brand\u00e3o Fischer<\/p>\n\n\n\n<p>Gustavo Herm\u00ednio Salati Marcondes de Moraes<\/p>\n\n\n\n<p><strong>1234 &#8211; FEAR OF FAILURE IN INNOVATION AND ENTREPRENEURSHIP: A MULTILEVEL ANALYSIS OF INDIVIDUAL AND CULTURAL DETERMINANTS<\/strong><\/p>\n\n\n\n<p>Samuel Fa\u00e7anha C\u00e2mara<\/p>\n\n\n\n<p>felipe roberto da silva<\/p>\n\n\n\n<p>paulo torres junior<\/p>\n\n\n\n<p>Rafaela Cajado Magalh\u00e3es<\/p>\n\n\n\n<p>ISABELLE ALEXANDRE CARNEIRO DE ALMEIDA<\/p>\n\n\n\n<h2 class=\"wp-block-heading\">Estrat\u00e9gia em Organiza\u00e7\u00f5es<\/h2>\n\n\n\n<p><strong>572 &#8211; O PAPEL DA ACEITA\u00c7\u00c3O TECNOL\u00d3GICA NA IMPLEMENTA\u00c7\u00c3O DA SOCIAL CUSTOMER RELATIONSHIP MANAGEMENT EM MPES BRASILEIRAS<\/strong><\/p>\n\n\n\n<p>Guilherme Alves de Souza Andrade<\/p>\n\n\n\n<p>M\u00e1rcia Maria dos Santos Bortolocci Espejo<\/p>\n\n\n\n<p><strong>485 &#8211; Diferencia\u00e7\u00e3o estrat\u00e9gica dos cursos de Administra\u00e7\u00e3o de Empresas em Belo Horizonte: uma an\u00e1lise utilizando a t\u00e9cnica de Repertory Grid<\/strong><\/p>\n\n\n\n<p>Gabriel Coelho de Medeiros Rodrigues<\/p>\n\n\n\n<p>Davi Pires Andrade Brescia<\/p>\n\n\n\n<p>Jo\u00e3o Fernandes Jorge de Siqueira<\/p>\n\n\n\n<p>Jonathan Sim\u00f5es Freitas<\/p>\n\n\n\n<p><strong>365 &#8211; Dynamic resource configurations and organizational resilience in higher education: a configurational approach to strategic adaptation in times of economic crisis<\/strong><\/p>\n\n\n\n<p>Julio Cesar Teixeira<\/p>\n\n\n\n<p>Leonardo Vils<\/p>\n\n\n\n<p>EMERSON ANTONIO MACCARI<\/p>\n\n\n\n<h2 class=\"wp-block-heading\">Estudos Organizacionais<\/h2>\n\n\n\n<p><strong>249 &#8211; Inclusion or Illusion? Trans-Inclusive Human Resources Management and the Limits of Selective Diversity in Brazilian Companies<\/strong><\/p>\n\n\n\n<p>Juh C\u00edrico<\/p>\n\n\n\n<p>Silvia Pereira de Castro Casa Nova<\/p>\n\n\n\n<p>Akira Aikyo Galv\u00e3o<\/p>\n\n\n\n<p><strong>243 &#8211; A CIDADE QUE REDIME E QUE ENDIVIDA: UM OLHAR (ANTI)PERFORM\u00c1TICO DA ROMARIA DE CANIND\u00c9 NO ORGANIZAR RELIGIOSO HIST\u00d3RICO DA URBE<\/strong><\/p>\n\n\n\n<p>Carlos C\u00e9sar de Oliveira Lacerda<\/p>\n\n\n\n<p>Maria Ellem Mara Mendes Silva<\/p>\n\n\n\n<p><strong>1134 &#8211; CONTRIBUI\u00c7\u00d5ES DA PR\u00c1TICA ESPORTIVA SOBRE O DESENVOLVIMENTO DE SOFT SKILLS PARA O AMBIENTE DE TRABALHO<\/strong><\/p>\n\n\n\n<p>Vict\u00f3ria Azin<\/p>\n\n\n\n<p>Bruno Chaves Correia-Lima<\/p>\n\n\n\n<p>Luis Eduardo Brand\u00e3o Paiva<\/p>\n\n\n\n<p>GLEUBA REGINA RODRIGUES FARIAS<\/p>\n\n\n\n<h2 class=\"wp-block-heading\">Finan\u00e7as<\/h2>\n\n\n\n<p><strong>175 &#8211; Multi-Period Optimal Allocation with Regime-Conditional Risk<\/strong><\/p>\n\n\n\n<p>Wanderci Alves Bitencourt<\/p>\n\n\n\n<p>Robert Aldo Iquiapaza<\/p>\n\n\n\n<p><strong>1227 &#8211; From Sustainability to Solvency: ESG\u2019s Role in Predicting Financial Distress in Energy Companies<\/strong><\/p>\n\n\n\n<p>Anderson Dias Brito<\/p>\n\n\n\n<p>Leandro dos Santos Maciel<\/p>\n\n\n\n<p>Jos\u00e9 Roberto Ferreira Savoia<\/p>\n\n\n\n<p><strong>1146 &#8211; B3 BET: UMA AN\u00c1LISE DA RELA\u00c7\u00c3O ENTRE RETORNOS EXTREMOS E O VOLUME DE NEGOCIA\u00c7\u00c3O DE A\u00c7\u00d5ES TIPO-LOTERIA<\/strong><\/p>\n\n\n\n<p>Paulo Jos\u00e9 de Camargo Neto<\/p>\n\n\n\n<p>Maria Vit\u00f3ria Anschau Sperry<\/p>\n\n\n\n<h2 class=\"wp-block-heading\">Gest\u00e3o da Inova\u00e7\u00e3o<\/h2>\n\n\n\n<p><strong>2233 &#8211; Pathways to open innovation and performance: The role of entrepreneurial orientation and organizational culture<\/strong><\/p>\n\n\n\n<p>LINDA JESSICA DE MONTREUIL CARMONA<\/p>\n\n\n\n<p>Simone Sehnem<\/p>\n\n\n\n<p><strong>2061 &#8211; DO LABORAT\u00d3RIO AO MERCADO: TRAJET\u00d3RIAS DE PATENTES UNIVERSIT\u00c1RIAS LICENCIADAS<\/strong><\/p>\n\n\n\n<p>VITORIA MARIA SERAFIM DA SILVA<\/p>\n\n\n\n<p>Fernanda Maciel Reichert<\/p>\n\n\n\n<p><strong>106 &#8211; TECHNOLOGY ROADMAPPING AND REGIONAL INNOVATION POLICY: Lessons from the Semiconductor Sector in Southern Brazil<\/strong><\/p>\n\n\n\n<p>Diego R. de Moraes Silva<\/p>\n\n\n\n<p>Paola R\u00fccker Schaeffer<\/p>\n\n\n\n<p>Bernardo Henrique Leso<\/p>\n\n\n\n<h2 class=\"wp-block-heading\">Gest\u00e3o de Pessoas<\/h2>\n\n\n\n<p><strong>272 &#8211; AUTOLIDERAN\u00c7A E TEORIAS ORGANIZACIONAIS: mapeando fragmenta\u00e7\u00f5es e construindo pontes epistemol\u00f3gicas<\/strong><\/p>\n\n\n\n<p>Andrea Aparecida Silva<\/p>\n\n\n\n<p>Tatiana Ghedine<\/p>\n\n\n\n<p><strong>1650 &#8211; Vi\u00e9s e Discrimina\u00e7\u00e3o em Processos de Recrutamento Automatizados: Uma Revis\u00e3o Sistem\u00e1tica da Literatura sobre o Uso de Intelig\u00eancia Artificial<\/strong><\/p>\n\n\n\n<p>Gabriel Rodrigo Gomes Pessanha<\/p>\n\n\n\n<p>Clarissa Dourado Freire<\/p>\n\n\n\n<p>Gustavo Octaviani do Amaral<\/p>\n\n\n\n<p><strong>1277 &#8211; THE ALGORITHMIC LEADERSHIP PARADOX: BALANCING AUTONOMY AND ACCEPTANCE IN HUMAN-ROBOT TEAMS<\/strong><\/p>\n\n\n\n<p>Ricardo Pereira<\/p>\n\n\n\n<p>Karla Cristina Rocha Bot\u00e3o<\/p>\n\n\n\n<p>Maur\u00edcio Fernandes Pereira<\/p>\n\n\n\n<p>Cristiano Jos\u00e9 Castro de Almeida Cunha<\/p>\n\n\n\n<h2 class=\"wp-block-heading\">Gest\u00e3o Socioambiental<\/h2>\n\n\n\n<p><strong>533 &#8211; ECO-INNOVATION IN BRAZILIAN COMPANIES: a Multivariate Approach<\/strong><\/p>\n\n\n\n<p>Tatiana Ladeira Vidal<\/p>\n\n\n\n<p>Rosa Livia Montenegro<\/p>\n\n\n\n<p>Maria Cristina Drumond e Castro<\/p>\n\n\n\n<p><strong>2245 &#8211; Modelagem Matem\u00e1tica de Monitoramento Tridimensional da Transi\u00e7\u00e3o Energ\u00e9tica Justa em N\u00edvel Subnacional<\/strong><\/p>\n\n\n\n<p>Marcos Antonio Cavalcante de Oliveira J\u00fanior<\/p>\n\n\n\n<p>M\u00f4nica Cavalcanti S\u00e1 de Abreu<\/p>\n\n\n\n<p>David Carneiro de Souza<\/p>\n\n\n\n<p><strong>115 &#8211; Dimens\u00e3o Social do ESG: determinantes da Responsabilidade Social Corporativa para inclus\u00e3o pessoas menos favorecidas<\/strong><\/p>\n\n\n\n<p>Marcelo Fabricio Garcia<\/p>\n\n\n\n<p>Simone Regina Negr\u00e3o Moerman<\/p>\n\n\n\n<p>Edilson Teixeira<\/p>\n\n\n\n<p>Raquel da Silva Pereira<\/p>\n\n\n\n<p>Eduardo de Camargo Oliva<\/p>\n\n\n\n<h2 class=\"wp-block-heading\">Marketing<\/h2>\n\n\n\n<p><strong>1083 &#8211; Household Waste Sorting Behavior: The development and validity evidence of a measure to promote a circular economy<\/strong><\/p>\n\n\n\n<p>Solange Alfinito<\/p>\n\n\n\n<p>Let\u00edcia Salazar Serra<\/p>\n\n\n\n<p>Helena Falk Kichel<\/p>\n\n\n\n<p>Isabelle Cristine Sales da Rocha Santos<\/p>\n\n\n\n<p>Helia Christina Fran\u00e7oise Papin Leal<\/p>\n\n\n\n<p><strong>160 &#8211; SELO VEGANO OU VEGANWASHING: EXPERIMENTO COM CONSUMIDORES<\/strong><\/p>\n\n\n\n<p>TA\u00cdS PASQUOTTO ANDREOLI<\/p>\n\n\n\n<p>Juliana Valulis<\/p>\n\n\n\n<p><strong>32 &#8211; EFEITO DA PRESS\u00c3O DO TEMPO EM CONSUMIDORES NOS DIFERENTES N\u00cdVEIS DE FOCO REGULAT\u00d3RIO: um estudo experimental no contexto dos produtos org\u00e2nicos no Tri\u00e2ngulo Mineiro<\/strong><\/p>\n\n\n\n<p>Rejane Alexandrina Domingues Pereira do Prado<\/p>\n\n\n\n<p>Andr\u00e9 Francisco Alc\u00e2ntara Fagundes<\/p>\n\n\n\n<p>Vin\u00edcius Souza<\/p>\n\n\n\n<h2 class=\"wp-block-heading\">M\u00e9todos e T\u00e9cnicas de Pesquisa em Administra\u00e7\u00e3o<\/h2>\n\n\n\n<p><strong>985 &#8211; Al\u00e9m do In\u00edcio da Carreira: Fatores Associados \u00e0 Publica\u00e7\u00e3o Predat\u00f3ria ao Longo da Trajet\u00f3ria Acad\u00eamica<\/strong><\/p>\n\n\n\n<p>Rodrigo Franklin Frogeri<\/p>\n\n\n\n<p>Pedro dos Santos Portugal J\u00fanior<\/p>\n\n\n\n<p>Fabricio Pelloso Piurcosky<\/p>\n\n\n\n<p>Liz \u00c1urea Prado<\/p>\n\n\n\n<p><strong>2478 &#8211; Entre a Pr\u00e1tica e a Teoria: Um Mapeamento da Produ\u00e7\u00e3o Cient\u00edfica sobre Assurance of Learning no Contexto da AACSB<\/strong><\/p>\n\n\n\n<p>Amanda de Paula Aguiar Barbosa<\/p>\n\n\n\n<p>Ivete Rodrigues<\/p>\n\n\n\n<p>Enrico Haddad Speridi\u00e3o<\/p>\n\n\n\n<p><strong>203 &#8211; EM DEFESA DOS M\u00c9TODOS EXPERIMENTAIS NA PESQUISA EM ADMINISTRA\u00c7\u00c3O<\/strong><\/p>\n\n\n\n<p>Jo\u00e3o Fernandes Jorge de Siqueira<\/p>\n\n\n\n<p>Jonathan Sim\u00f5es Freitas<\/p>\n\n\n\n<h2 class=\"wp-block-heading\">Opera\u00e7\u00f5es<\/h2>\n\n\n\n<p><strong>458 &#8211; Revealing the robotic process automation adoption: Its factors and the disruption of organizational environment<\/strong><\/p>\n\n\n\n<p>Osvaldo Braz dos Santos Modenro<\/p>\n\n\n\n<p>Paulo Tromboni de Souza Nascimento<\/p>\n\n\n\n<p><strong>2321 &#8211; Bridging the Gap: A Systematic Review and the QualyPM Framework for Aligning Quality Tools with Project Management Practices.<\/strong><\/p>\n\n\n\n<p>Jefferson Alves<\/p>\n\n\n\n<p>Marc\u00edrio Silveira Chaves<\/p>\n\n\n\n<p><strong>1357 &#8211; &#8220;PROMOTING CIRCULAR ECONOMY: DRIVERS AND BARRIERS TO DIGITAL PRODUCT PASSPORT ADOPTION IN THE EU\u201d<\/strong><\/p>\n\n\n\n<p>Albino Colucciello<\/p>\n\n\n\n<p>Fernanda Lluss\u00e1<\/p>\n\n\n\n<p>Leticia Canal Vieira<\/p>\n\n\n\n<h2 class=\"wp-block-heading\">Tecnologia da Informa\u00e7\u00e3o<\/h2>\n\n\n\n<p><strong>723 &#8211; Bibliometric Mapping of Artificial Intelligence in Higher Education: Evolution, Intellectual Structure and Knowledge Frontiers<\/strong><\/p>\n\n\n\n<p>Anderson Ant\u00f4nio de Lima<\/p>\n\n\n\n<p>Cristina Keiko Yamaguchi<\/p>\n\n\n\n<p>Thiago de Luca Santana Ribeiro<\/p>\n\n\n\n<p>MARCOS ANTONIO MAIA LAVIO DE OLIVEIRA<\/p>\n\n\n\n<p>Eloisa Elena Ramos Dias Shinohara<\/p>\n\n\n\n<p><strong>638 &#8211; PATIENT PRIORITIZATION IN WAITING LISTS USING MULTI-CRITERIA METHODS: A SYSTEMATIC LITERATURE REVIEW<\/strong><\/p>\n\n\n\n<p>Mery Ellen Brandt de Oliveira<\/p>\n\n\n\n<p>Jos\u00e9 Marcelo Almeida Prado Cestari<\/p>\n\n\n\n<p>Francisco Rodrigues Lima Junior<\/p>\n\n\n\n<p><strong>1611 &#8211; DIGITAL PLATFORMS AND CROSS-BORDER TRADE: WHICH CONDITIONS ARE NECESSARY AND WHICH COUNTRIES ARE EFFICIENT?<\/strong><\/p>\n\n\n\n<p>Eduardo Avancci Dionisio<\/p>\n\n\n\n<p>Cristiano Morini<\/p>\n\n\n\n<h2 class=\"wp-block-heading\">Turismo e Hospitalidade<\/h2>\n\n\n\n<p><strong>368 &#8211; FLUXO TUR\u00cdSTICO INTERNACIONAL E A DISPONIBILIDADE DE SERVI\u00c7OS NOS ESTADOS BRASILEIROS<\/strong><\/p>\n\n\n\n<p>Deborah Pimentel Costa<\/p>\n\n\n\n<p>SANDRA DA CRUZ GARCIA DO ESPIRITO SANTO AGUIAR<\/p>\n\n\n\n<p>Haroldo de S\u00e1 Medeiros<\/p>\n\n\n\n<p><strong>2012 &#8211; MAPEAMENTO DAS PR\u00c1TICAS DE EXTENS\u00c3O UNIVERSIT\u00c1RIA EM GASTRONOMIA NO BRASIL E SUAS INTERFACES COM A HOSPITALIDADE<\/strong><\/p>\n\n\n\n<p>Nicholas Fernandes Teixeira<\/p>\n\n\n\n<p>Diego Ribeiro Santos<\/p>\n\n\n\n<p>Mirian Rejowski<\/p>\n\n\n\n<p><strong>1258 &#8211; CAMINHABILIDADE EM EVENTOS CULTURAIS: UMA PROPOSTA DE FRAMEWORK TE\u00d3RICO<\/strong><\/p>\n\n\n\n<p>Laura Katarina da Silva Pereira Arag\u00e3o<\/p>\n\n\n\n<p>Ana Cec\u00edlia Feitosa de Vasconcelos<\/p>\n\n\n\n<hr class=\"wp-block-separator has-alpha-channel-opacity is-style-wide\"\/>\n\n\n\n<h2 class=\"wp-block-heading\">Cons\u00f3rcio Doutoral<\/h2>\n\n\n\n<h3 class=\"wp-block-heading\"><strong>Projetos de Tese indicados ao Pr\u00eamio Modalidade 1 \u2013 Pr\u00e9-Qualifica\u00e7\u00e3o<\/strong><\/h3>\n\n\n\n<p><strong>353 &#8211; DESCOLONIZANDO A DIFUS\u00c3O DA INOVA\u00c7\u00c3O FRUGAL: UMA ETNOGRAFIA NOS TERRIT\u00d3RIOS DE INOVA\u00c7\u00c3O FRUGAL BRASILEIRO (Tema Gest\u00e3o da Inova\u00e7\u00e3o)<\/strong><\/p>\n\n\n\n<p>Evertom Waltrick da Silva <\/p>\n\n\n\n<p><strong>1726 &#8211; Essays on Sustainable Finance, Green Bonds, and Financial Performance (Tema <\/strong><strong>Finan\u00e7as<\/strong><strong>)<\/strong><\/p>\n\n\n\n<p>Roberto Loiola<\/p>\n\n\n\n<p><strong>1875 &#8211; DECIS\u00c3O ESTRAT\u00c9GICA NO PLANEJAMENTO EM COMPRAS P\u00daBLICAS: Proposta de um modelo de apoio para prioriza\u00e7\u00e3o de demandas em Institui\u00e7\u00f5es de Educa\u00e7\u00e3o Superior multicampi (Tema Administra\u00e7\u00e3o P\u00fablica)<\/strong><\/p>\n\n\n\n<p>Patr\u00edcia Tatiana Ferreira Ramos  <br>Dinara Leslye Macedo Calazans<\/p>\n\n\n\n<h3 class=\"wp-block-heading\">Projetos de Tese indicados ao Pr\u00eamio Modalidade 2 \u2013 P\u00f3s-Qualifica\u00e7\u00e3o<\/h3>\n\n\n\n<p><strong>1391 &#8211; A INFLU\u00caNCIA DA PERSONALIDADE DE MARCA E DO BRAND-EQUITY NO RELACIONAMENTO COM CLIENTES DE BANCOS DIGITAIS: TESTE DE MODELOS DE MENSURA\u00c7\u00c3O E MEDIA\u00c7\u00c3O (Tema Marketing)<\/strong><\/p>\n\n\n\n<p>Yuri de Souza Odaguiri Enes <br>Gisela Demo <\/p>\n\n\n\n<p><strong>1464 &#8211; AGIR COMUNICATIVO EM ASSOCIA\u00c7\u00d5ES DE AGRICULTORES FAMILIARES DO SUL DE MINAS GERAIS (Tema Estudos Organizacionais)<\/strong><\/p>\n\n\n\n<p>D\u00e9bora Dias Resende <\/p>\n\n\n\n<p><strong>1572 &#8211; RESILI\u00caNCIA ORGANIZACIONAL EM INSTITUI\u00c7\u00d5ES DE ENSINO SUPERIOR: UM MODELO CONFIGURACIONAL BASEADO NA RESOURCE-BASED VIEW E NAS CAPACIDADES DIN\u00c2MICAS (Tema Estrat\u00e9gia Organizacional)<\/strong><\/p>\n\n\n\n<p>Julio Cesar Teixeira <br>Leonardo Vils <br>Emerson Antonio Maccari <\/p>\n\n\n\n<h2 class=\"wp-block-heading\">Cons\u00f3rcio Mestral<\/h2>\n\n\n\n<p><strong>2469 &#8211; GOVERNAN\u00c7A DE DADOS E PARTICIPA\u00c7\u00c3O CIDAD\u00c3 NA GEST\u00c3O DE RES\u00cdDUOS S\u00d3LIDOS URBANOS: UM ESTUDO COMPARADO ENTRE BRASIL, ESPANHA E REINO UNIDO<\/strong><\/p>\n\n\n\n<p>Din\u00e1 Santana Santos<\/p>\n\n\n\n<p><strong>2283 &#8211; Infraestruturas p\u00fablicas digitais para a sa\u00fade: estruturas de governan\u00e7a para a transforma\u00e7\u00e3o digital da sa\u00fade p\u00fablica no Brasil<\/strong><\/p>\n\n\n\n<p>Matheus Bresser<br>Eder de Carvalho Januario<\/p>\n\n\n\n<p><strong>301 &#8211; ESTIGMAS E RESILI\u00caNCIA: RECONSTRU\u00c7\u00c3O DA \u201cWORK IDENTITY\u201d SOB AS LENTES DE TRABALHADORES RECUPERADOS DE TRANSTORNOS MENTAIS<\/strong><\/p>\n\n\n\n<p>Clarice Rodrigues Pinheiro<\/p>\n\n\n\n<hr class=\"wp-block-separator has-alpha-channel-opacity is-style-wide\"\/>\n\n\n\n<h2 class=\"wp-block-heading\">Revisor<\/h2>\n\n\n\n<p><strong>Guilherme Alves de Souza Andrade (Artigos Aplicados)<\/strong><\/p>\n\n\n\n<p><strong>Adriana <\/strong><strong>Fiorani<\/strong><strong> <\/strong><strong>Pennabel<\/strong><strong> (Gest\u00e3o Socioambiental)<\/strong><\/p>\n\n\n\n<p><strong>Editinete<\/strong><strong> Andr\u00e9 da Rocha Garcia (Gest\u00e3o Socioambiental e Finan\u00e7as)<\/strong><\/p>\n","protected":false},"excerpt":{"rendered":"<p>Administra\u00e7\u00e3o P\u00fablica 289 &#8211; REGENERATIVE EDUCATION AND EXPERIMENTAL GOVERNANCE: the MBA in Sustainable Public-Private Partnerships (PPPs) and Concessions as an institutional infrastructure for transition Patr\u00edcia Alencar Silva Mello Erika Lisboa 1539 &#8211; Correlating Public Debt and Development in Brazil: A Theoretical-Empirical Analysis for the Public Administration (2003\u20132023) Jo\u00e3o Victor de Oliveira Eliana Tadeu Terci 1458&#8230;<\/p>\n","protected":false},"author":4,"featured_media":0,"parent":0,"menu_order":0,"comment_status":"closed","ping_status":"closed","template":"","meta":{"_acf_changed":false,"_monsterinsights_skip_tracking":false,"_monsterinsights_sitenote_active":false,"_monsterinsights_sitenote_note":"","_monsterinsights_sitenote_category":0,"footnotes":""},"class_list":["post-32972","page","type-page","status-publish","hentry"],"acf":[],"yoast_head":"<!-- This site is optimized with the Yoast SEO plugin v27.1.1 - https:\/\/yoast.com\/product\/yoast-seo-wordpress\/ -->\n<title>Trabalhos e revisor indicados a pr\u00eamio - XXVIII SemeAd<\/title>\n<meta name=\"robots\" content=\"index, follow, max-snippet:-1, max-image-preview:large, max-video-preview:-1\" \/>\n<link rel=\"canonical\" href=\"https:\/\/semead.com.br\/28\/trabalhos-e-revisor-indicados-a-premio\/\" \/>\n<meta property=\"og:locale\" content=\"pt_BR\" \/>\n<meta property=\"og:type\" content=\"article\" \/>\n<meta property=\"og:title\" content=\"Trabalhos e revisor indicados a pr\u00eamio - XXVIII SemeAd\" \/>\n<meta property=\"og:description\" content=\"Administra\u00e7\u00e3o P\u00fablica 289 &#8211; REGENERATIVE EDUCATION AND EXPERIMENTAL GOVERNANCE: the MBA in Sustainable Public-Private Partnerships (PPPs) and Concessions as an institutional infrastructure for transition Patr\u00edcia Alencar Silva Mello Erika Lisboa 1539 &#8211; Correlating Public Debt and Development in Brazil: A Theoretical-Empirical Analysis for the Public Administration (2003\u20132023) Jo\u00e3o Victor de Oliveira Eliana Tadeu Terci 1458...\" \/>\n<meta property=\"og:url\" content=\"https:\/\/semead.com.br\/28\/trabalhos-e-revisor-indicados-a-premio\/\" \/>\n<meta property=\"og:site_name\" content=\"XXVIII SemeAd\" \/>\n<meta property=\"article:modified_time\" content=\"2025-11-12T21:53:51+00:00\" \/>\n<meta name=\"twitter:card\" content=\"summary_large_image\" \/>\n<meta name=\"twitter:label1\" content=\"Est. tempo de leitura\" \/>\n\t<meta name=\"twitter:data1\" content=\"9 minutos\" \/>\n<script type=\"application\/ld+json\" class=\"yoast-schema-graph\">{\"@context\":\"https:\/\/schema.org\",\"@graph\":[{\"@type\":\"WebPage\",\"@id\":\"https:\/\/semead.com.br\/28\/trabalhos-e-revisor-indicados-a-premio\/\",\"url\":\"https:\/\/semead.com.br\/28\/trabalhos-e-revisor-indicados-a-premio\/\",\"name\":\"Trabalhos e revisor indicados a pr\u00eamio - XXVIII SemeAd\",\"isPartOf\":{\"@id\":\"https:\/\/semead.com.br\/28\/#website\"},\"datePublished\":\"2024-11-06T21:00:25+00:00\",\"dateModified\":\"2025-11-12T21:53:51+00:00\",\"breadcrumb\":{\"@id\":\"https:\/\/semead.com.br\/28\/trabalhos-e-revisor-indicados-a-premio\/#breadcrumb\"},\"inLanguage\":\"pt-BR\",\"potentialAction\":[{\"@type\":\"ReadAction\",\"target\":[\"https:\/\/semead.com.br\/28\/trabalhos-e-revisor-indicados-a-premio\/\"]}]},{\"@type\":\"BreadcrumbList\",\"@id\":\"https:\/\/semead.com.br\/28\/trabalhos-e-revisor-indicados-a-premio\/#breadcrumb\",\"itemListElement\":[{\"@type\":\"ListItem\",\"position\":1,\"name\":\"In\u00edcio\",\"item\":\"https:\/\/semead.com.br\/28\/\"},{\"@type\":\"ListItem\",\"position\":2,\"name\":\"Trabalhos e revisor indicados a pr\u00eamio\"}]},{\"@type\":\"WebSite\",\"@id\":\"https:\/\/semead.com.br\/28\/#website\",\"url\":\"https:\/\/semead.com.br\/28\/\",\"name\":\"XXVIII SemeAd\",\"description\":\"Semin\u00e1rios em administra\u00e7\u00e3o\",\"potentialAction\":[{\"@type\":\"SearchAction\",\"target\":{\"@type\":\"EntryPoint\",\"urlTemplate\":\"https:\/\/semead.com.br\/28\/?s={search_term_string}\"},\"query-input\":{\"@type\":\"PropertyValueSpecification\",\"valueRequired\":true,\"valueName\":\"search_term_string\"}}],\"inLanguage\":\"pt-BR\"}]}<\/script>\n<!-- \/ Yoast SEO plugin. -->","yoast_head_json":{"title":"Trabalhos e revisor indicados a pr\u00eamio - XXVIII SemeAd","robots":{"index":"index","follow":"follow","max-snippet":"max-snippet:-1","max-image-preview":"max-image-preview:large","max-video-preview":"max-video-preview:-1"},"canonical":"https:\/\/semead.com.br\/28\/trabalhos-e-revisor-indicados-a-premio\/","og_locale":"pt_BR","og_type":"article","og_title":"Trabalhos e revisor indicados a pr\u00eamio - XXVIII SemeAd","og_description":"Administra\u00e7\u00e3o P\u00fablica 289 &#8211; REGENERATIVE EDUCATION AND EXPERIMENTAL GOVERNANCE: the MBA in Sustainable Public-Private Partnerships (PPPs) and Concessions as an institutional infrastructure for transition Patr\u00edcia Alencar Silva Mello Erika Lisboa 1539 &#8211; Correlating Public Debt and Development in Brazil: A Theoretical-Empirical Analysis for the Public Administration (2003\u20132023) Jo\u00e3o Victor de Oliveira Eliana Tadeu Terci 1458...","og_url":"https:\/\/semead.com.br\/28\/trabalhos-e-revisor-indicados-a-premio\/","og_site_name":"XXVIII SemeAd","article_modified_time":"2025-11-12T21:53:51+00:00","twitter_card":"summary_large_image","twitter_misc":{"Est. tempo de leitura":"9 minutos"},"schema":{"@context":"https:\/\/schema.org","@graph":[{"@type":"WebPage","@id":"https:\/\/semead.com.br\/28\/trabalhos-e-revisor-indicados-a-premio\/","url":"https:\/\/semead.com.br\/28\/trabalhos-e-revisor-indicados-a-premio\/","name":"Trabalhos e revisor indicados a pr\u00eamio - XXVIII SemeAd","isPartOf":{"@id":"https:\/\/semead.com.br\/28\/#website"},"datePublished":"2024-11-06T21:00:25+00:00","dateModified":"2025-11-12T21:53:51+00:00","breadcrumb":{"@id":"https:\/\/semead.com.br\/28\/trabalhos-e-revisor-indicados-a-premio\/#breadcrumb"},"inLanguage":"pt-BR","potentialAction":[{"@type":"ReadAction","target":["https:\/\/semead.com.br\/28\/trabalhos-e-revisor-indicados-a-premio\/"]}]},{"@type":"BreadcrumbList","@id":"https:\/\/semead.com.br\/28\/trabalhos-e-revisor-indicados-a-premio\/#breadcrumb","itemListElement":[{"@type":"ListItem","position":1,"name":"In\u00edcio","item":"https:\/\/semead.com.br\/28\/"},{"@type":"ListItem","position":2,"name":"Trabalhos e revisor indicados a pr\u00eamio"}]},{"@type":"WebSite","@id":"https:\/\/semead.com.br\/28\/#website","url":"https:\/\/semead.com.br\/28\/","name":"XXVIII SemeAd","description":"Semin\u00e1rios em administra\u00e7\u00e3o","potentialAction":[{"@type":"SearchAction","target":{"@type":"EntryPoint","urlTemplate":"https:\/\/semead.com.br\/28\/?s={search_term_string}"},"query-input":{"@type":"PropertyValueSpecification","valueRequired":true,"valueName":"search_term_string"}}],"inLanguage":"pt-BR"}]}},"_links":{"self":[{"href":"https:\/\/semead.com.br\/28\/wp-json\/wp\/v2\/pages\/32972","targetHints":{"allow":["GET"]}}],"collection":[{"href":"https:\/\/semead.com.br\/28\/wp-json\/wp\/v2\/pages"}],"about":[{"href":"https:\/\/semead.com.br\/28\/wp-json\/wp\/v2\/types\/page"}],"author":[{"embeddable":true,"href":"https:\/\/semead.com.br\/28\/wp-json\/wp\/v2\/users\/4"}],"replies":[{"embeddable":true,"href":"https:\/\/semead.com.br\/28\/wp-json\/wp\/v2\/comments?post=32972"}],"version-history":[{"count":2,"href":"https:\/\/semead.com.br\/28\/wp-json\/wp\/v2\/pages\/32972\/revisions"}],"predecessor-version":[{"id":34513,"href":"https:\/\/semead.com.br\/28\/wp-json\/wp\/v2\/pages\/32972\/revisions\/34513"}],"wp:attachment":[{"href":"https:\/\/semead.com.br\/28\/wp-json\/wp\/v2\/media?parent=32972"}],"curies":[{"name":"wp","href":"https:\/\/api.w.org\/{rel}","templated":true}]}}