{"id":33184,"date":"2025-05-12T14:47:28","date_gmt":"2025-05-12T17:47:28","guid":{"rendered":"https:\/\/semead.com.br\/28\/?page_id=33184"},"modified":"2025-06-03T14:14:22","modified_gmt":"2025-06-03T17:14:22","slug":"regras-para-submissao-ao-consorcio-2","status":"publish","type":"page","link":"https:\/\/semead.com.br\/28\/regras-para-submissao-ao-consorcio-2\/","title":{"rendered":"Regras para Submiss\u00e3o ao Cons\u00f3rcio"},"content":{"rendered":"\t\t<div data-elementor-type=\"wp-page\" data-elementor-id=\"33184\" class=\"elementor elementor-33184\">\n\t\t\t\t\t\t<section class=\"elementor-section elementor-top-section elementor-element elementor-element-94a14ca elementor-section-boxed elementor-section-height-default elementor-section-height-default\" data-id=\"94a14ca\" data-element_type=\"section\" data-e-type=\"section\">\n\t\t\t\t\t\t<div class=\"elementor-container elementor-column-gap-default\">\n\t\t\t\t\t<div class=\"elementor-column elementor-col-100 elementor-top-column elementor-element elementor-element-5089c99\" data-id=\"5089c99\" data-element_type=\"column\" data-e-type=\"column\">\n\t\t\t<div class=\"elementor-widget-wrap elementor-element-populated\">\n\t\t\t\t\t\t<div class=\"elementor-element elementor-element-62c5dfb elementor-widget elementor-widget-text-editor\" data-id=\"62c5dfb\" data-element_type=\"widget\" data-e-type=\"widget\" data-widget_type=\"text-editor.default\">\n\t\t\t\t<div class=\"elementor-widget-container\">\n\t\t\t\t\t\t\t\t\t<h6><b>Apresenta\u00e7\u00e3o do Cons\u00f3rcio Doutoral<\/b><\/h6>\n<p>O projeto de tese dever\u00e1 ser submetido no formato de trabalho cient\u00edfico de acordo com as instru\u00e7\u00f5es a seguir.<\/p>\n<h6><b>Formata\u00e7\u00e3o do Trabalho:<\/b><\/h6><p>\n\u2013 Formato do papel: A4;<br>\n\u2013 Fonte: Times New Roman\/ tamanho 12;<br>\n\u2013 Espa\u00e7amento: simples, texto disposto em uma coluna;<br>\n\u2013 Alinhamento: justificado;<br>\n\u2013 Margens: Superior: 3 cm; inferior: 2 cm; esquerda: 3 cm; direita: 2 cm<br>\n\u2013 Pagina\u00e7\u00e3o: inserir n\u00famero de p\u00e1ginas no rodap\u00e9 com alinhamento ao lado direito;<br>\n\u2013 T\u00edtulos em letras mai\u00fasculas e subt\u00edtulos em letras min\u00fasculas;<br>\n\u2013 Formato do arquivo: PDF;<br>\n\u2013 O trabalho pode ter no m\u00e1ximo 10 p\u00e1ginas incluindo o texto propriamente dito, ilustra\u00e7\u00f5es e refer\u00eancias bibliogr\u00e1ficas;<br>\n\u2013 O texto deve come\u00e7ar pelo t\u00edtulo seguido pela introdu\u00e7\u00e3o. Sugerimos aos autores que preparem o resumo em um documento separado e copiem e colem no campo espec\u00edfico no ato da submiss\u00e3o;<br>\n\u2013 As refer\u00eancias bibliogr\u00e1ficas dever\u00e3o ser citadas ao longo do texto de acordo com o sistema (autor-data), e apresentadas em ordem alfab\u00e9tica no final do trabalho, de acordo com as normas APA ou ABNT\/NBR-6023.<\/p>\n<h6><b>Estrutura sugerida do Projeto (Arquivo em PDF) para ambas as modalidades (1 e 2):<\/b><br>\n<\/h6><h6><b>Cabe\u00e7alho (centralizado na primeira p\u00e1gina): <\/b>T\u00edtulo, Tema de Pesquisa (siga o descritivo das \u00e1reas tem\u00e1ticas do SemeAd) e Modalidade (1 ou 2)<\/h6><h6>\n<b>Na sequ\u00eancia da primeira p\u00e1gina:<\/b><\/h6>\n<h6><b>1) Introdu\u00e7\u00e3o:<\/b><\/h6>\n<p>1.1 Problema e Objetivo de Pesquisa:<\/p>\n<ul>\n<li>Contextualizar e Descrever o estado da arte da tem\u00e1tica em quest\u00e3o.<\/li>\n<li>Apresentar o principal objetivo de pesquisa (a tese a ser defendida) e eventuais objetivos espec\u00edficos.<\/li>\n<li>Apresentar de forma argumentativa a problem\u00e1tica de pesquisa.<\/li>\n<\/ul>\n<div><\/div>\n<p>1.2 Justificativa\/Contribui\u00e7\u00f5es esperadas:<\/p>\n<ul>\n<li>Apresentar de forma fundamentada a(s) contribui\u00e7\u00e3o(\u00f5es) acad\u00eamica(s) esperada(s).<\/li>\n<li>Apresentar eventual contribui\u00e7\u00e3o gerencial ou para pol\u00edticas p\u00fablicas (fortemente recomendado, mas n\u00e3o obrigat\u00f3rio)<\/li>\n<li>Apresentar eventual contribui\u00e7\u00e3o metodol\u00f3gica (n\u00e3o obrigat\u00f3rio)<\/li>\n<li>Apresentar o esperado impacto social do seu projeto (fortemente recomendado, mas n\u00e3o obrigat\u00f3rio)<\/li>\n<\/ul>\n<div><\/div>\n<h6><b>2<\/b>) Fundamenta\u00e7\u00e3o Te\u00f3rica:<\/h6>\n<ul>\n<li>Apresentar o(s) principal(is) argumento(s) te\u00f3rico(s)<\/li>\n<li>Fundamenta\u00e7\u00e3o e defini\u00e7\u00e3o dos constructos-chave do projeto<\/li>\n<li>Modelo conceitual, proposi\u00e7\u00f5es e\/ou hip\u00f3teses;<\/li>\n<\/ul>\n<div><\/div>\n<h6><b>3) Metodologia: descrever o desenho de pesquisa<\/b><\/h6>\n<ul>\n<li>Abordagem (exemplo: qualitativa, quantitativa),<\/li>\n<li>M\u00e9todo ou Estrat\u00e9gia de Pesquisa (exemplo: Levantamento de dados prim\u00e1rios, Estudo de Caso, Grounded Theory, etc.)<\/li>\n<li>T\u00e9cnica de coleta (exemplo: Survey, Entrevista em Profundidade, Observa\u00e7\u00e3o, etc.)<\/li>\n<li>T\u00e9cnica de an\u00e1lise de dados (exemplo: An\u00e1lise Multivariada, An\u00e1lise de Conte\u00fado, An\u00e1lise de Discurso, etc.)<\/li>\n<\/ul>\n<h6><b>4) Refer\u00eancias Bibliogr\u00e1ficas.<\/b><\/h6>\n<h6><b>Informa\u00e7\u00f5es na p\u00e1gina da submiss\u00e3o:<\/b><\/h6>\n<ul>\n<li style=\"list-style-type: none;\">\n<ul>\n<li>T\u00edtulo (no m\u00e1ximo 190 caracteres);<\/li>\n<li>Tr\u00eas Palavras-Chave<\/li>\n<li>\u00c1rea (Cons\u00f3rcio Doutoral)<\/li>\n<li>Tema (selecionar de acordo com a ader\u00eancia do projeto)<\/li>\n<li>Modalidade do projeto (Est\u00e1gio Pr\u00e9-Qualifica\u00e7\u00e3o ou Est\u00e1gio P\u00f3s-Qualifica\u00e7\u00e3o de acordo com o est\u00e1gio da proposta)<\/li>\n<li>L\u00edngua (Portugu\u00eas, Ingl\u00eas ou Espanhol)<\/li>\n<li>Uso de ferramentas de IA? (Sim ou N\u00e3o. Caso Sim, finalidade nome das ferramentas)<\/li>\n<li>Resumo (no m\u00e1ximo 1200 caracteres)<\/li>\n<li>Agradecimento a \u00f3rg\u00e3o de fomento (opcional)<\/li>\n<li>Autores (al\u00e9m do\/a doutorando\/a, o orientador pode ser inclu\u00eddo como coautor, o que n\u00e3o compromete o limite do envio de 3 trabalhos tradicionais \u2013 artigos cient\u00edficos)<\/li>\n<\/ul>\n<\/li>\n<\/ul>\n<h6><u><b>Trabalhos que n\u00e3o estejam no formato especificado n\u00e3o ser\u00e3o aceitos.<\/b><\/u><\/h6>\n<p>A submiss\u00e3o do resumo e do projeto oferece aos organizadores a permiss\u00e3o de enviar para os l\u00edderes e avaliadores que v\u00e3o compor a banca. Por sua vez, os trabalhos oriundos do Cons\u00f3rcio Doutoral n\u00e3o far\u00e3o parte dos Anais do Evento.<\/p>\n<p>A inscri\u00e7\u00e3o e a apresenta\u00e7\u00e3o de trabalhos no Cons\u00f3rcio Doutoral permitir\u00e3o o acesso do doutorando \u00e0s sess\u00f5es de apresenta\u00e7\u00e3o de artigos. Os certificados de apresenta\u00e7\u00e3o estar\u00e3o dispon\u00edveis no sistema do SemeAD ap\u00f3s a realiza\u00e7\u00e3o do evento.<\/p>\t\t\t\t\t\t\t\t<\/div>\n\t\t\t\t<\/div>\n\t\t\t\t\t<\/div>\n\t\t<\/div>\n\t\t\t\t\t<\/div>\n\t\t<\/section>\n\t\t\t\t<\/div>\n\t\t","protected":false},"excerpt":{"rendered":"<p>Apresenta\u00e7\u00e3o do Cons\u00f3rcio Doutoral O projeto de tese dever\u00e1 ser submetido no formato de trabalho cient\u00edfico de acordo com as instru\u00e7\u00f5es a seguir. Formata\u00e7\u00e3o do Trabalho: \u2013 Formato do papel: A4; \u2013 Fonte: Times New Roman\/ tamanho 12; \u2013 Espa\u00e7amento: simples, texto disposto em uma coluna; \u2013 Alinhamento: justificado; \u2013 Margens: Superior: 3 cm; inferior:&#8230;<\/p>\n","protected":false},"author":17,"featured_media":0,"parent":0,"menu_order":0,"comment_status":"closed","ping_status":"closed","template":"","meta":{"_acf_changed":false,"_monsterinsights_skip_tracking":false,"_monsterinsights_sitenote_active":false,"_monsterinsights_sitenote_note":"","_monsterinsights_sitenote_category":0,"footnotes":""},"class_list":["post-33184","page","type-page","status-publish","hentry"],"acf":[],"yoast_head":"<!-- This site is optimized with the Yoast SEO plugin v27.1.1 - https:\/\/yoast.com\/product\/yoast-seo-wordpress\/ -->\n<title>Regras para Submiss\u00e3o ao Cons\u00f3rcio - XXVIII SemeAd<\/title>\n<meta name=\"robots\" content=\"index, follow, max-snippet:-1, max-image-preview:large, max-video-preview:-1\" \/>\n<link rel=\"canonical\" href=\"https:\/\/semead.com.br\/28\/regras-para-submissao-ao-consorcio-2\/\" \/>\n<meta property=\"og:locale\" content=\"pt_BR\" \/>\n<meta property=\"og:type\" content=\"article\" \/>\n<meta property=\"og:title\" content=\"Regras para Submiss\u00e3o ao Cons\u00f3rcio - XXVIII SemeAd\" \/>\n<meta property=\"og:description\" content=\"Apresenta\u00e7\u00e3o do Cons\u00f3rcio Doutoral O projeto de tese dever\u00e1 ser submetido no formato de trabalho cient\u00edfico de acordo com as instru\u00e7\u00f5es a seguir. Formata\u00e7\u00e3o do Trabalho: \u2013 Formato do papel: A4; \u2013 Fonte: Times New Roman\/ tamanho 12; \u2013 Espa\u00e7amento: simples, texto disposto em uma coluna; \u2013 Alinhamento: justificado; \u2013 Margens: Superior: 3 cm; inferior:...\" \/>\n<meta property=\"og:url\" content=\"https:\/\/semead.com.br\/28\/regras-para-submissao-ao-consorcio-2\/\" \/>\n<meta property=\"og:site_name\" content=\"XXVIII SemeAd\" \/>\n<meta property=\"article:modified_time\" content=\"2025-06-03T17:14:22+00:00\" \/>\n<meta name=\"twitter:card\" content=\"summary_large_image\" \/>\n<meta name=\"twitter:label1\" content=\"Est. tempo de leitura\" \/>\n\t<meta name=\"twitter:data1\" content=\"4 minutos\" \/>\n<script type=\"application\/ld+json\" class=\"yoast-schema-graph\">{\"@context\":\"https:\/\/schema.org\",\"@graph\":[{\"@type\":\"WebPage\",\"@id\":\"https:\/\/semead.com.br\/28\/regras-para-submissao-ao-consorcio-2\/\",\"url\":\"https:\/\/semead.com.br\/28\/regras-para-submissao-ao-consorcio-2\/\",\"name\":\"Regras para Submiss\u00e3o ao Cons\u00f3rcio - XXVIII SemeAd\",\"isPartOf\":{\"@id\":\"https:\/\/semead.com.br\/28\/#website\"},\"datePublished\":\"2025-05-12T17:47:28+00:00\",\"dateModified\":\"2025-06-03T17:14:22+00:00\",\"breadcrumb\":{\"@id\":\"https:\/\/semead.com.br\/28\/regras-para-submissao-ao-consorcio-2\/#breadcrumb\"},\"inLanguage\":\"pt-BR\",\"potentialAction\":[{\"@type\":\"ReadAction\",\"target\":[\"https:\/\/semead.com.br\/28\/regras-para-submissao-ao-consorcio-2\/\"]}]},{\"@type\":\"BreadcrumbList\",\"@id\":\"https:\/\/semead.com.br\/28\/regras-para-submissao-ao-consorcio-2\/#breadcrumb\",\"itemListElement\":[{\"@type\":\"ListItem\",\"position\":1,\"name\":\"In\u00edcio\",\"item\":\"https:\/\/semead.com.br\/28\/\"},{\"@type\":\"ListItem\",\"position\":2,\"name\":\"Regras para Submiss\u00e3o ao Cons\u00f3rcio\"}]},{\"@type\":\"WebSite\",\"@id\":\"https:\/\/semead.com.br\/28\/#website\",\"url\":\"https:\/\/semead.com.br\/28\/\",\"name\":\"XXVIII SemeAd\",\"description\":\"Semin\u00e1rios em administra\u00e7\u00e3o\",\"potentialAction\":[{\"@type\":\"SearchAction\",\"target\":{\"@type\":\"EntryPoint\",\"urlTemplate\":\"https:\/\/semead.com.br\/28\/?s={search_term_string}\"},\"query-input\":{\"@type\":\"PropertyValueSpecification\",\"valueRequired\":true,\"valueName\":\"search_term_string\"}}],\"inLanguage\":\"pt-BR\"}]}<\/script>\n<!-- \/ Yoast SEO plugin. -->","yoast_head_json":{"title":"Regras para Submiss\u00e3o ao Cons\u00f3rcio - XXVIII SemeAd","robots":{"index":"index","follow":"follow","max-snippet":"max-snippet:-1","max-image-preview":"max-image-preview:large","max-video-preview":"max-video-preview:-1"},"canonical":"https:\/\/semead.com.br\/28\/regras-para-submissao-ao-consorcio-2\/","og_locale":"pt_BR","og_type":"article","og_title":"Regras para Submiss\u00e3o ao Cons\u00f3rcio - XXVIII SemeAd","og_description":"Apresenta\u00e7\u00e3o do Cons\u00f3rcio Doutoral O projeto de tese dever\u00e1 ser submetido no formato de trabalho cient\u00edfico de acordo com as instru\u00e7\u00f5es a seguir. Formata\u00e7\u00e3o do Trabalho: \u2013 Formato do papel: A4; \u2013 Fonte: Times New Roman\/ tamanho 12; \u2013 Espa\u00e7amento: simples, texto disposto em uma coluna; \u2013 Alinhamento: justificado; \u2013 Margens: Superior: 3 cm; inferior:...","og_url":"https:\/\/semead.com.br\/28\/regras-para-submissao-ao-consorcio-2\/","og_site_name":"XXVIII SemeAd","article_modified_time":"2025-06-03T17:14:22+00:00","twitter_card":"summary_large_image","twitter_misc":{"Est. tempo de leitura":"4 minutos"},"schema":{"@context":"https:\/\/schema.org","@graph":[{"@type":"WebPage","@id":"https:\/\/semead.com.br\/28\/regras-para-submissao-ao-consorcio-2\/","url":"https:\/\/semead.com.br\/28\/regras-para-submissao-ao-consorcio-2\/","name":"Regras para Submiss\u00e3o ao Cons\u00f3rcio - XXVIII SemeAd","isPartOf":{"@id":"https:\/\/semead.com.br\/28\/#website"},"datePublished":"2025-05-12T17:47:28+00:00","dateModified":"2025-06-03T17:14:22+00:00","breadcrumb":{"@id":"https:\/\/semead.com.br\/28\/regras-para-submissao-ao-consorcio-2\/#breadcrumb"},"inLanguage":"pt-BR","potentialAction":[{"@type":"ReadAction","target":["https:\/\/semead.com.br\/28\/regras-para-submissao-ao-consorcio-2\/"]}]},{"@type":"BreadcrumbList","@id":"https:\/\/semead.com.br\/28\/regras-para-submissao-ao-consorcio-2\/#breadcrumb","itemListElement":[{"@type":"ListItem","position":1,"name":"In\u00edcio","item":"https:\/\/semead.com.br\/28\/"},{"@type":"ListItem","position":2,"name":"Regras para Submiss\u00e3o ao Cons\u00f3rcio"}]},{"@type":"WebSite","@id":"https:\/\/semead.com.br\/28\/#website","url":"https:\/\/semead.com.br\/28\/","name":"XXVIII SemeAd","description":"Semin\u00e1rios em administra\u00e7\u00e3o","potentialAction":[{"@type":"SearchAction","target":{"@type":"EntryPoint","urlTemplate":"https:\/\/semead.com.br\/28\/?s={search_term_string}"},"query-input":{"@type":"PropertyValueSpecification","valueRequired":true,"valueName":"search_term_string"}}],"inLanguage":"pt-BR"}]}},"_links":{"self":[{"href":"https:\/\/semead.com.br\/28\/wp-json\/wp\/v2\/pages\/33184","targetHints":{"allow":["GET"]}}],"collection":[{"href":"https:\/\/semead.com.br\/28\/wp-json\/wp\/v2\/pages"}],"about":[{"href":"https:\/\/semead.com.br\/28\/wp-json\/wp\/v2\/types\/page"}],"author":[{"embeddable":true,"href":"https:\/\/semead.com.br\/28\/wp-json\/wp\/v2\/users\/17"}],"replies":[{"embeddable":true,"href":"https:\/\/semead.com.br\/28\/wp-json\/wp\/v2\/comments?post=33184"}],"version-history":[{"count":3,"href":"https:\/\/semead.com.br\/28\/wp-json\/wp\/v2\/pages\/33184\/revisions"}],"predecessor-version":[{"id":33438,"href":"https:\/\/semead.com.br\/28\/wp-json\/wp\/v2\/pages\/33184\/revisions\/33438"}],"wp:attachment":[{"href":"https:\/\/semead.com.br\/28\/wp-json\/wp\/v2\/media?parent=33184"}],"curies":[{"name":"wp","href":"https:\/\/api.w.org\/{rel}","templated":true}]}}