{"id":33939,"date":"2025-10-18T19:01:14","date_gmt":"2025-10-18T22:01:14","guid":{"rendered":"https:\/\/semead.com.br\/28\/?page_id=33939"},"modified":"2025-10-18T19:02:25","modified_gmt":"2025-10-18T22:02:25","slug":"museu-do-ipiranga","status":"publish","type":"page","link":"https:\/\/semead.com.br\/28\/museu-do-ipiranga\/","title":{"rendered":"Museu do Ipiranga"},"content":{"rendered":"\n<div class=\"wp-block-columns is-layout-flex wp-container-core-columns-is-layout-9d6595d7 wp-block-columns-is-layout-flex\">\n<div class=\"wp-block-column is-layout-flow wp-block-column-is-layout-flow\" style=\"flex-basis:50%\">\n<figure class=\"wp-block-image size-full\"><img fetchpriority=\"high\" decoding=\"async\" width=\"644\" height=\"362\" src=\"https:\/\/semead.com.br\/28\/wp-content\/uploads\/sites\/19\/2023\/04\/museu-2.png\" alt=\"\" class=\"wp-image-27369\" srcset=\"https:\/\/semead.com.br\/28\/wp-content\/uploads\/sites\/19\/2023\/04\/museu-2.png 644w, https:\/\/semead.com.br\/28\/wp-content\/uploads\/sites\/19\/2023\/04\/museu-2-300x169.png 300w\" sizes=\"(max-width: 644px) 100vw, 644px\" \/><\/figure>\n<\/div>\n\n\n\n<div class=\"wp-block-column is-layout-flow wp-block-column-is-layout-flow\" style=\"flex-basis:50%\">\n<figure class=\"wp-block-image size-full\"><img decoding=\"async\" width=\"615\" height=\"346\" src=\"https:\/\/semead.com.br\/28\/wp-content\/uploads\/sites\/19\/2023\/04\/museu-1.png\" alt=\"\" class=\"wp-image-27365\" srcset=\"https:\/\/semead.com.br\/28\/wp-content\/uploads\/sites\/19\/2023\/04\/museu-1.png 615w, https:\/\/semead.com.br\/28\/wp-content\/uploads\/sites\/19\/2023\/04\/museu-1-300x169.png 300w\" sizes=\"(max-width: 615px) 100vw, 615px\" \/><\/figure>\n<\/div>\n<\/div>\n\n\n\n<p>Se voc\u00ea est\u00e1 vindo para aproveitar a programa\u00e7\u00e3o do SemeAd 2025, temos uma novidade para voc\u00ea!<\/p>\n\n\n\n<p>Esse ano, fizemos uma parceria com o Museu do Ipiranga e conseguimos 100 ingressos gratuitos para os congressistas que desejarem estender a sua estadia na cidade de S\u00e3o Paulo.<\/p>\n\n\n\n<p>O Museu do Ipiranga \u00e9 a sede do Museu Paulista na cidade de S\u00e3o Paulo, um museu especializado em hist\u00f3ria e cultural material e que integra a Universidade de S\u00e3o Paulo.<\/p>\n\n\n\n<p>O edif\u00edcio em que hoje est\u00e3o instaladas as exposi\u00e7\u00f5es e espa\u00e7os para atividades educativas e culturais foi projetado para ser um monumento em comemora\u00e7\u00e3o \u00e0 Proclama\u00e7\u00e3o da Independ\u00eancia, ocorrida em 1822, e foi constru\u00eddo entre 1885 e 1890.<\/p>\n\n\n\n<p>Se voc\u00ea quer conhecer esse importante patrim\u00f4nio da cidade de S\u00e3o Paulo, fique atento \u00e0s seguintes informa\u00e7\u00f5es:<\/p>\n\n\n\n<p><strong>Data da Cortesia aos Congressistas SemeAd 2025: <\/strong>15\/11\/2025 (Feriado da Proclama\u00e7\u00e3o da Rep\u00fablica)<\/p>\n\n\n\n<p><strong>Hor\u00e1rio da Visita\u00e7\u00e3o: <\/strong>10h \u00e0s 17h, sendo a \u00faltima entrada de visitantes \u00e0s 16 horas.<\/p>\n\n\n\n<p><strong>Sobre a inscri\u00e7\u00e3o:<\/strong><\/p>\n\n\n\n<ul class=\"wp-block-list\">\n<li>O SemeAd n\u00e3o se responsabilizar\u00e1 pelo transporte do congressista ao Museu do Ipiranga.<\/li>\n\n\n\n<li>V\u00e1lido somente para congressistas com inscri\u00e7\u00e3o Presencial confirmada<\/li>\n\n\n\n<li>Os congressistas que quiserem visitar o Museu do Ipiranga dever\u00e3o fazer a sua inscri\u00e7\u00e3o nesta atividade pelo sistema do SemeAd <a href=\"https:\/\/28.semead.com.br\" target=\"_blank\" rel=\"noreferrer noopener\">https:\/\/28.semead.com.br<\/a>, fa\u00e7a o login, clique em Inscri\u00e7\u00e3o e ent\u00e3o &#8220;Adicionar atividade externa&#8221;.<\/li>\n\n\n\n<li>Acompanhem as redes sociais do SemeAd e fiquem atentos ao per\u00edodo de inscri\u00e7\u00f5es para esta visita, pois as vagas s\u00e3o limitadas (100 ingressos).<\/li>\n\n\n\n<li>Uma vez feita a inscri\u00e7\u00e3o, pedimos que nos avisem com anteced\u00eancia sobre qualquer desist\u00eancia ou possibilidade de n\u00e3o comparecimento, para que possamos oferecer a vaga para outras pessoas interessadas.<\/li>\n\n\n\n<li>Qualquer d\u00favida sobre esta visita, estamos \u00e0 disposi\u00e7\u00e3o no e-mail do SemeAd.<\/li>\n<\/ul>\n\n\n\n<p><strong>Sobre a retirada das Cortesias:<\/strong><\/p>\n\n\n\n<ul class=\"wp-block-list\">\n<li>Os congressistas que se inscreverem e que confirmarem a sua participa\u00e7\u00e3o nesta atividade dever\u00e3o comparecer ao Museu do Ipiranga e fazer a retirada do seu ingresso na bilheteria do museu, identificando-se como congressista do SemeAd 2025.<\/li>\n<\/ul>\n\n\n\n<p><\/p>\n","protected":false},"excerpt":{"rendered":"<p>Se voc\u00ea est\u00e1 vindo para aproveitar a programa\u00e7\u00e3o do SemeAd 2025, temos uma novidade para voc\u00ea! Esse ano, fizemos uma parceria com o Museu do Ipiranga e conseguimos 100 ingressos gratuitos para os congressistas que desejarem estender a sua estadia na cidade de S\u00e3o Paulo. O Museu do Ipiranga \u00e9 a sede do Museu Paulista&#8230;<\/p>\n","protected":false},"author":4,"featured_media":0,"parent":0,"menu_order":0,"comment_status":"closed","ping_status":"closed","template":"","meta":{"_acf_changed":false,"_monsterinsights_skip_tracking":false,"_monsterinsights_sitenote_active":false,"_monsterinsights_sitenote_note":"","_monsterinsights_sitenote_category":0,"footnotes":""},"class_list":["post-33939","page","type-page","status-publish","hentry"],"acf":[],"yoast_head":"<!-- This site is optimized with the Yoast SEO plugin v27.6 - https:\/\/yoast.com\/product\/yoast-seo-wordpress\/ -->\n<title>Museu do Ipiranga - XXVIII SemeAd<\/title>\n<meta name=\"robots\" content=\"index, follow, max-snippet:-1, max-image-preview:large, max-video-preview:-1\" \/>\n<link rel=\"canonical\" href=\"https:\/\/semead.com.br\/28\/museu-do-ipiranga\/\" \/>\n<meta property=\"og:locale\" content=\"pt_BR\" \/>\n<meta property=\"og:type\" content=\"article\" \/>\n<meta property=\"og:title\" content=\"Museu do Ipiranga - XXVIII SemeAd\" \/>\n<meta property=\"og:description\" content=\"Se voc\u00ea est\u00e1 vindo para aproveitar a programa\u00e7\u00e3o do SemeAd 2025, temos uma novidade para voc\u00ea! Esse ano, fizemos uma parceria com o Museu do Ipiranga e conseguimos 100 ingressos gratuitos para os congressistas que desejarem estender a sua estadia na cidade de S\u00e3o Paulo. O Museu do Ipiranga \u00e9 a sede do Museu Paulista...\" \/>\n<meta property=\"og:url\" content=\"https:\/\/semead.com.br\/28\/museu-do-ipiranga\/\" \/>\n<meta property=\"og:site_name\" content=\"XXVIII SemeAd\" \/>\n<meta property=\"article:modified_time\" content=\"2025-10-18T22:02:25+00:00\" \/>\n<meta property=\"og:image\" content=\"https:\/\/semead.com.br\/28\/wp-content\/uploads\/sites\/19\/2023\/04\/museu-2.png\" \/>\n\t<meta property=\"og:image:width\" content=\"644\" \/>\n\t<meta property=\"og:image:height\" content=\"362\" \/>\n\t<meta property=\"og:image:type\" content=\"image\/png\" \/>\n<meta name=\"twitter:card\" content=\"summary_large_image\" \/>\n<meta name=\"twitter:label1\" content=\"Est. tempo de leitura\" \/>\n\t<meta name=\"twitter:data1\" content=\"3 minutos\" \/>\n<script type=\"application\/ld+json\" class=\"yoast-schema-graph\">{\"@context\":\"https:\\\/\\\/schema.org\",\"@graph\":[{\"@type\":\"WebPage\",\"@id\":\"https:\\\/\\\/semead.com.br\\\/28\\\/museu-do-ipiranga\\\/\",\"url\":\"https:\\\/\\\/semead.com.br\\\/28\\\/museu-do-ipiranga\\\/\",\"name\":\"Museu do Ipiranga - XXVIII SemeAd\",\"isPartOf\":{\"@id\":\"https:\\\/\\\/semead.com.br\\\/28\\\/#website\"},\"primaryImageOfPage\":{\"@id\":\"https:\\\/\\\/semead.com.br\\\/28\\\/museu-do-ipiranga\\\/#primaryimage\"},\"image\":{\"@id\":\"https:\\\/\\\/semead.com.br\\\/28\\\/museu-do-ipiranga\\\/#primaryimage\"},\"thumbnailUrl\":\"https:\\\/\\\/semead.com.br\\\/28\\\/wp-content\\\/uploads\\\/sites\\\/19\\\/2023\\\/04\\\/museu-2.png\",\"datePublished\":\"2025-10-18T22:01:14+00:00\",\"dateModified\":\"2025-10-18T22:02:25+00:00\",\"breadcrumb\":{\"@id\":\"https:\\\/\\\/semead.com.br\\\/28\\\/museu-do-ipiranga\\\/#breadcrumb\"},\"inLanguage\":\"pt-BR\",\"potentialAction\":[{\"@type\":\"ReadAction\",\"target\":[\"https:\\\/\\\/semead.com.br\\\/28\\\/museu-do-ipiranga\\\/\"]}]},{\"@type\":\"ImageObject\",\"inLanguage\":\"pt-BR\",\"@id\":\"https:\\\/\\\/semead.com.br\\\/28\\\/museu-do-ipiranga\\\/#primaryimage\",\"url\":\"https:\\\/\\\/semead.com.br\\\/28\\\/wp-content\\\/uploads\\\/sites\\\/19\\\/2023\\\/04\\\/museu-2.png\",\"contentUrl\":\"https:\\\/\\\/semead.com.br\\\/28\\\/wp-content\\\/uploads\\\/sites\\\/19\\\/2023\\\/04\\\/museu-2.png\",\"width\":644,\"height\":362},{\"@type\":\"BreadcrumbList\",\"@id\":\"https:\\\/\\\/semead.com.br\\\/28\\\/museu-do-ipiranga\\\/#breadcrumb\",\"itemListElement\":[{\"@type\":\"ListItem\",\"position\":1,\"name\":\"In\u00edcio\",\"item\":\"https:\\\/\\\/semead.com.br\\\/28\\\/\"},{\"@type\":\"ListItem\",\"position\":2,\"name\":\"Museu do Ipiranga\"}]},{\"@type\":\"WebSite\",\"@id\":\"https:\\\/\\\/semead.com.br\\\/28\\\/#website\",\"url\":\"https:\\\/\\\/semead.com.br\\\/28\\\/\",\"name\":\"XXVIII SemeAd\",\"description\":\"Semin\u00e1rios em administra\u00e7\u00e3o\",\"potentialAction\":[{\"@type\":\"SearchAction\",\"target\":{\"@type\":\"EntryPoint\",\"urlTemplate\":\"https:\\\/\\\/semead.com.br\\\/28\\\/?s={search_term_string}\"},\"query-input\":{\"@type\":\"PropertyValueSpecification\",\"valueRequired\":true,\"valueName\":\"search_term_string\"}}],\"inLanguage\":\"pt-BR\"}]}<\/script>\n<!-- \/ Yoast SEO plugin. -->","yoast_head_json":{"title":"Museu do Ipiranga - XXVIII SemeAd","robots":{"index":"index","follow":"follow","max-snippet":"max-snippet:-1","max-image-preview":"max-image-preview:large","max-video-preview":"max-video-preview:-1"},"canonical":"https:\/\/semead.com.br\/28\/museu-do-ipiranga\/","og_locale":"pt_BR","og_type":"article","og_title":"Museu do Ipiranga - XXVIII SemeAd","og_description":"Se voc\u00ea est\u00e1 vindo para aproveitar a programa\u00e7\u00e3o do SemeAd 2025, temos uma novidade para voc\u00ea! Esse ano, fizemos uma parceria com o Museu do Ipiranga e conseguimos 100 ingressos gratuitos para os congressistas que desejarem estender a sua estadia na cidade de S\u00e3o Paulo. O Museu do Ipiranga \u00e9 a sede do Museu Paulista...","og_url":"https:\/\/semead.com.br\/28\/museu-do-ipiranga\/","og_site_name":"XXVIII SemeAd","article_modified_time":"2025-10-18T22:02:25+00:00","og_image":[{"width":644,"height":362,"url":"https:\/\/semead.com.br\/28\/wp-content\/uploads\/sites\/19\/2023\/04\/museu-2.png","type":"image\/png"}],"twitter_card":"summary_large_image","twitter_misc":{"Est. tempo de leitura":"3 minutos"},"schema":{"@context":"https:\/\/schema.org","@graph":[{"@type":"WebPage","@id":"https:\/\/semead.com.br\/28\/museu-do-ipiranga\/","url":"https:\/\/semead.com.br\/28\/museu-do-ipiranga\/","name":"Museu do Ipiranga - XXVIII SemeAd","isPartOf":{"@id":"https:\/\/semead.com.br\/28\/#website"},"primaryImageOfPage":{"@id":"https:\/\/semead.com.br\/28\/museu-do-ipiranga\/#primaryimage"},"image":{"@id":"https:\/\/semead.com.br\/28\/museu-do-ipiranga\/#primaryimage"},"thumbnailUrl":"https:\/\/semead.com.br\/28\/wp-content\/uploads\/sites\/19\/2023\/04\/museu-2.png","datePublished":"2025-10-18T22:01:14+00:00","dateModified":"2025-10-18T22:02:25+00:00","breadcrumb":{"@id":"https:\/\/semead.com.br\/28\/museu-do-ipiranga\/#breadcrumb"},"inLanguage":"pt-BR","potentialAction":[{"@type":"ReadAction","target":["https:\/\/semead.com.br\/28\/museu-do-ipiranga\/"]}]},{"@type":"ImageObject","inLanguage":"pt-BR","@id":"https:\/\/semead.com.br\/28\/museu-do-ipiranga\/#primaryimage","url":"https:\/\/semead.com.br\/28\/wp-content\/uploads\/sites\/19\/2023\/04\/museu-2.png","contentUrl":"https:\/\/semead.com.br\/28\/wp-content\/uploads\/sites\/19\/2023\/04\/museu-2.png","width":644,"height":362},{"@type":"BreadcrumbList","@id":"https:\/\/semead.com.br\/28\/museu-do-ipiranga\/#breadcrumb","itemListElement":[{"@type":"ListItem","position":1,"name":"In\u00edcio","item":"https:\/\/semead.com.br\/28\/"},{"@type":"ListItem","position":2,"name":"Museu do Ipiranga"}]},{"@type":"WebSite","@id":"https:\/\/semead.com.br\/28\/#website","url":"https:\/\/semead.com.br\/28\/","name":"XXVIII SemeAd","description":"Semin\u00e1rios em administra\u00e7\u00e3o","potentialAction":[{"@type":"SearchAction","target":{"@type":"EntryPoint","urlTemplate":"https:\/\/semead.com.br\/28\/?s={search_term_string}"},"query-input":{"@type":"PropertyValueSpecification","valueRequired":true,"valueName":"search_term_string"}}],"inLanguage":"pt-BR"}]}},"_links":{"self":[{"href":"https:\/\/semead.com.br\/28\/wp-json\/wp\/v2\/pages\/33939","targetHints":{"allow":["GET"]}}],"collection":[{"href":"https:\/\/semead.com.br\/28\/wp-json\/wp\/v2\/pages"}],"about":[{"href":"https:\/\/semead.com.br\/28\/wp-json\/wp\/v2\/types\/page"}],"author":[{"embeddable":true,"href":"https:\/\/semead.com.br\/28\/wp-json\/wp\/v2\/users\/4"}],"replies":[{"embeddable":true,"href":"https:\/\/semead.com.br\/28\/wp-json\/wp\/v2\/comments?post=33939"}],"version-history":[{"count":2,"href":"https:\/\/semead.com.br\/28\/wp-json\/wp\/v2\/pages\/33939\/revisions"}],"predecessor-version":[{"id":33943,"href":"https:\/\/semead.com.br\/28\/wp-json\/wp\/v2\/pages\/33939\/revisions\/33943"}],"wp:attachment":[{"href":"https:\/\/semead.com.br\/28\/wp-json\/wp\/v2\/media?parent=33939"}],"curies":[{"name":"wp","href":"https:\/\/api.w.org\/{rel}","templated":true}]}}