{"id":33949,"date":"2025-10-20T15:44:58","date_gmt":"2025-10-20T18:44:58","guid":{"rendered":"https:\/\/semead.com.br\/28\/?page_id=33949"},"modified":"2025-10-20T16:03:08","modified_gmt":"2025-10-20T19:03:08","slug":"programacao-dos-trabalhos","status":"publish","type":"page","link":"https:\/\/semead.com.br\/28\/programacao-dos-trabalhos\/","title":{"rendered":"Programa\u00e7\u00e3o dos trabalhos"},"content":{"rendered":"\t\t<div data-elementor-type=\"wp-page\" data-elementor-id=\"33949\" class=\"elementor elementor-33949\">\n\t\t\t\t\t\t<section class=\"elementor-section elementor-top-section elementor-element elementor-element-4f1406f elementor-section-full_width elementor-section-height-default elementor-section-height-default\" data-id=\"4f1406f\" data-element_type=\"section\" data-e-type=\"section\">\n\t\t\t\t\t\t<div class=\"elementor-container elementor-column-gap-default\">\n\t\t\t\t\t<div class=\"elementor-column elementor-col-50 elementor-top-column elementor-element elementor-element-3109324e\" data-id=\"3109324e\" data-element_type=\"column\" data-e-type=\"column\">\n\t\t\t<div class=\"elementor-widget-wrap elementor-element-populated\">\n\t\t\t\t\t\t<div class=\"elementor-element elementor-element-68c1e11a elementor-widget elementor-widget-text-editor\" data-id=\"68c1e11a\" data-element_type=\"widget\" data-e-type=\"widget\" data-widget_type=\"text-editor.default\">\n\t\t\t\t<div class=\"elementor-widget-container\">\n\t\t\t\t\t\t\t\t\t<p><\/p>\n<p>A programa\u00e7\u00e3o das apresenta\u00e7\u00f5es de trabalhos est\u00e1 dispon\u00edvel<\/p>\n<p><\/p>\n<p><\/p>\t\t\t\t\t\t\t\t<\/div>\n\t\t\t\t<\/div>\n\t\t\t\t\t<\/div>\n\t\t<\/div>\n\t\t\t\t<div class=\"elementor-column elementor-col-50 elementor-top-column elementor-element elementor-element-c016ba9\" data-id=\"c016ba9\" data-element_type=\"column\" data-e-type=\"column\">\n\t\t\t<div class=\"elementor-widget-wrap\">\n\t\t\t\t\t\t\t<\/div>\n\t\t<\/div>\n\t\t\t\t\t<\/div>\n\t\t<\/section>\n\t\t\t\t<section class=\"elementor-section elementor-top-section elementor-element elementor-element-d604a8e elementor-section-full_width elementor-section-height-default elementor-section-height-default\" data-id=\"d604a8e\" data-element_type=\"section\" data-e-type=\"section\">\n\t\t\t\t\t\t<div class=\"elementor-container elementor-column-gap-wide\">\n\t\t\t\t\t<div class=\"elementor-column elementor-col-50 elementor-top-column elementor-element elementor-element-71bb8fa\" data-id=\"71bb8fa\" data-element_type=\"column\" data-e-type=\"column\" data-settings=\"{&quot;background_background&quot;:&quot;classic&quot;}\">\n\t\t\t<div class=\"elementor-widget-wrap elementor-element-populated\">\n\t\t\t\t\t\t<div class=\"elementor-element elementor-element-3679acf elementor-widget elementor-widget-heading\" data-id=\"3679acf\" data-element_type=\"widget\" data-e-type=\"widget\" data-widget_type=\"heading.default\">\n\t\t\t\t<div class=\"elementor-widget-container\">\n\t\t\t\t\t<h3 class=\"elementor-heading-title elementor-size-default\">Programa\u00e7\u00e3o completa<\/h3>\t\t\t\t<\/div>\n\t\t\t\t<\/div>\n\t\t\t\t<div class=\"elementor-element elementor-element-9f98e72 elementor-widget elementor-widget-button\" data-id=\"9f98e72\" data-element_type=\"widget\" data-e-type=\"widget\" data-widget_type=\"button.default\">\n\t\t\t\t<div class=\"elementor-widget-container\">\n\t\t\t\t\t\t\t\t\t<div class=\"elementor-button-wrapper\">\n\t\t\t\t\t<a class=\"elementor-button elementor-button-link elementor-size-sm\" href=\"https:\/\/28.semead.com.br\/programacao.html\">\n\t\t\t\t\t\t<span class=\"elementor-button-content-wrapper\">\n\t\t\t\t\t\t\t\t\t<span class=\"elementor-button-text\">Clique aqui<\/span>\n\t\t\t\t\t<\/span>\n\t\t\t\t\t<\/a>\n\t\t\t\t<\/div>\n\t\t\t\t\t\t\t\t<\/div>\n\t\t\t\t<\/div>\n\t\t\t\t\t<\/div>\n\t\t<\/div>\n\t\t\t\t<div class=\"elementor-column elementor-col-50 elementor-top-column elementor-element elementor-element-a662500\" data-id=\"a662500\" data-element_type=\"column\" data-e-type=\"column\" data-settings=\"{&quot;background_background&quot;:&quot;classic&quot;}\">\n\t\t\t<div class=\"elementor-widget-wrap elementor-element-populated\">\n\t\t\t\t\t\t<div class=\"elementor-element elementor-element-f8cc487 elementor-widget elementor-widget-heading\" data-id=\"f8cc487\" data-element_type=\"widget\" data-e-type=\"widget\" data-widget_type=\"heading.default\">\n\t\t\t\t<div class=\"elementor-widget-container\">\n\t\t\t\t\t<h3 class=\"elementor-heading-title elementor-size-default\">Consultar programa\u00e7\u00e3o<\/h3>\t\t\t\t<\/div>\n\t\t\t\t<\/div>\n\t\t\t\t<div class=\"elementor-element elementor-element-3a8f78c elementor-widget elementor-widget-button\" data-id=\"3a8f78c\" data-element_type=\"widget\" data-e-type=\"widget\" data-widget_type=\"button.default\">\n\t\t\t\t<div class=\"elementor-widget-container\">\n\t\t\t\t\t\t\t\t\t<div class=\"elementor-button-wrapper\">\n\t\t\t\t\t<a class=\"elementor-button elementor-button-link elementor-size-sm\" href=\"https:\/\/28.semead.com.br\/programacao\">\n\t\t\t\t\t\t<span class=\"elementor-button-content-wrapper\">\n\t\t\t\t\t\t\t\t\t<span class=\"elementor-button-text\">Clique aqui<\/span>\n\t\t\t\t\t<\/span>\n\t\t\t\t\t<\/a>\n\t\t\t\t<\/div>\n\t\t\t\t\t\t\t\t<\/div>\n\t\t\t\t<\/div>\n\t\t\t\t<div class=\"elementor-element elementor-element-900d811 elementor-widget elementor-widget-text-editor\" data-id=\"900d811\" data-element_type=\"widget\" data-e-type=\"widget\" data-widget_type=\"text-editor.default\">\n\t\t\t\t<div class=\"elementor-widget-container\">\n\t\t\t\t\t\t\t\t\t<p>Consulta por Autor, Trabalho e \u00c1rea<\/p>\t\t\t\t\t\t\t\t<\/div>\n\t\t\t\t<\/div>\n\t\t\t\t\t<\/div>\n\t\t<\/div>\n\t\t\t\t\t<\/div>\n\t\t<\/section>\n\t\t\t\t<\/div>\n\t\t","protected":false},"excerpt":{"rendered":"<p>A programa\u00e7\u00e3o das apresenta\u00e7\u00f5es de trabalhos est\u00e1 dispon\u00edvel Programa\u00e7\u00e3o completa Clique aqui Consultar programa\u00e7\u00e3o Clique aqui Consulta por Autor, Trabalho e \u00c1rea<\/p>\n","protected":false},"author":4,"featured_media":0,"parent":0,"menu_order":0,"comment_status":"closed","ping_status":"closed","template":"","meta":{"_acf_changed":false,"_monsterinsights_skip_tracking":false,"_monsterinsights_sitenote_active":false,"_monsterinsights_sitenote_note":"","_monsterinsights_sitenote_category":0,"footnotes":""},"class_list":["post-33949","page","type-page","status-publish","hentry"],"acf":[],"yoast_head":"<!-- This site is optimized with the Yoast SEO plugin v27.1.1 - https:\/\/yoast.com\/product\/yoast-seo-wordpress\/ -->\n<title>Programa\u00e7\u00e3o dos trabalhos - XXVIII SemeAd<\/title>\n<meta name=\"robots\" content=\"index, follow, max-snippet:-1, max-image-preview:large, max-video-preview:-1\" \/>\n<link rel=\"canonical\" href=\"https:\/\/semead.com.br\/28\/programacao-dos-trabalhos\/\" \/>\n<meta property=\"og:locale\" content=\"pt_BR\" \/>\n<meta property=\"og:type\" content=\"article\" \/>\n<meta property=\"og:title\" content=\"Programa\u00e7\u00e3o dos trabalhos - XXVIII SemeAd\" \/>\n<meta property=\"og:description\" content=\"A programa\u00e7\u00e3o das apresenta\u00e7\u00f5es de trabalhos est\u00e1 dispon\u00edvel Programa\u00e7\u00e3o completa Clique aqui Consultar programa\u00e7\u00e3o Clique aqui Consulta por Autor, Trabalho e \u00c1rea\" \/>\n<meta property=\"og:url\" content=\"https:\/\/semead.com.br\/28\/programacao-dos-trabalhos\/\" \/>\n<meta property=\"og:site_name\" content=\"XXVIII SemeAd\" \/>\n<meta property=\"article:modified_time\" content=\"2025-10-20T19:03:08+00:00\" \/>\n<meta name=\"twitter:card\" content=\"summary_large_image\" \/>\n<meta name=\"twitter:label1\" content=\"Est. tempo de leitura\" \/>\n\t<meta name=\"twitter:data1\" content=\"1 minuto\" \/>\n<script type=\"application\/ld+json\" class=\"yoast-schema-graph\">{\"@context\":\"https:\/\/schema.org\",\"@graph\":[{\"@type\":\"WebPage\",\"@id\":\"https:\/\/semead.com.br\/28\/programacao-dos-trabalhos\/\",\"url\":\"https:\/\/semead.com.br\/28\/programacao-dos-trabalhos\/\",\"name\":\"Programa\u00e7\u00e3o dos trabalhos - XXVIII SemeAd\",\"isPartOf\":{\"@id\":\"https:\/\/semead.com.br\/28\/#website\"},\"datePublished\":\"2025-10-20T18:44:58+00:00\",\"dateModified\":\"2025-10-20T19:03:08+00:00\",\"breadcrumb\":{\"@id\":\"https:\/\/semead.com.br\/28\/programacao-dos-trabalhos\/#breadcrumb\"},\"inLanguage\":\"pt-BR\",\"potentialAction\":[{\"@type\":\"ReadAction\",\"target\":[\"https:\/\/semead.com.br\/28\/programacao-dos-trabalhos\/\"]}]},{\"@type\":\"BreadcrumbList\",\"@id\":\"https:\/\/semead.com.br\/28\/programacao-dos-trabalhos\/#breadcrumb\",\"itemListElement\":[{\"@type\":\"ListItem\",\"position\":1,\"name\":\"In\u00edcio\",\"item\":\"https:\/\/semead.com.br\/28\/\"},{\"@type\":\"ListItem\",\"position\":2,\"name\":\"Programa\u00e7\u00e3o dos trabalhos\"}]},{\"@type\":\"WebSite\",\"@id\":\"https:\/\/semead.com.br\/28\/#website\",\"url\":\"https:\/\/semead.com.br\/28\/\",\"name\":\"XXVIII SemeAd\",\"description\":\"Semin\u00e1rios em administra\u00e7\u00e3o\",\"potentialAction\":[{\"@type\":\"SearchAction\",\"target\":{\"@type\":\"EntryPoint\",\"urlTemplate\":\"https:\/\/semead.com.br\/28\/?s={search_term_string}\"},\"query-input\":{\"@type\":\"PropertyValueSpecification\",\"valueRequired\":true,\"valueName\":\"search_term_string\"}}],\"inLanguage\":\"pt-BR\"}]}<\/script>\n<!-- \/ Yoast SEO plugin. -->","yoast_head_json":{"title":"Programa\u00e7\u00e3o dos trabalhos - XXVIII SemeAd","robots":{"index":"index","follow":"follow","max-snippet":"max-snippet:-1","max-image-preview":"max-image-preview:large","max-video-preview":"max-video-preview:-1"},"canonical":"https:\/\/semead.com.br\/28\/programacao-dos-trabalhos\/","og_locale":"pt_BR","og_type":"article","og_title":"Programa\u00e7\u00e3o dos trabalhos - XXVIII SemeAd","og_description":"A programa\u00e7\u00e3o das apresenta\u00e7\u00f5es de trabalhos est\u00e1 dispon\u00edvel Programa\u00e7\u00e3o completa Clique aqui Consultar programa\u00e7\u00e3o Clique aqui Consulta por Autor, Trabalho e \u00c1rea","og_url":"https:\/\/semead.com.br\/28\/programacao-dos-trabalhos\/","og_site_name":"XXVIII SemeAd","article_modified_time":"2025-10-20T19:03:08+00:00","twitter_card":"summary_large_image","twitter_misc":{"Est. tempo de leitura":"1 minuto"},"schema":{"@context":"https:\/\/schema.org","@graph":[{"@type":"WebPage","@id":"https:\/\/semead.com.br\/28\/programacao-dos-trabalhos\/","url":"https:\/\/semead.com.br\/28\/programacao-dos-trabalhos\/","name":"Programa\u00e7\u00e3o dos trabalhos - XXVIII SemeAd","isPartOf":{"@id":"https:\/\/semead.com.br\/28\/#website"},"datePublished":"2025-10-20T18:44:58+00:00","dateModified":"2025-10-20T19:03:08+00:00","breadcrumb":{"@id":"https:\/\/semead.com.br\/28\/programacao-dos-trabalhos\/#breadcrumb"},"inLanguage":"pt-BR","potentialAction":[{"@type":"ReadAction","target":["https:\/\/semead.com.br\/28\/programacao-dos-trabalhos\/"]}]},{"@type":"BreadcrumbList","@id":"https:\/\/semead.com.br\/28\/programacao-dos-trabalhos\/#breadcrumb","itemListElement":[{"@type":"ListItem","position":1,"name":"In\u00edcio","item":"https:\/\/semead.com.br\/28\/"},{"@type":"ListItem","position":2,"name":"Programa\u00e7\u00e3o dos trabalhos"}]},{"@type":"WebSite","@id":"https:\/\/semead.com.br\/28\/#website","url":"https:\/\/semead.com.br\/28\/","name":"XXVIII SemeAd","description":"Semin\u00e1rios em administra\u00e7\u00e3o","potentialAction":[{"@type":"SearchAction","target":{"@type":"EntryPoint","urlTemplate":"https:\/\/semead.com.br\/28\/?s={search_term_string}"},"query-input":{"@type":"PropertyValueSpecification","valueRequired":true,"valueName":"search_term_string"}}],"inLanguage":"pt-BR"}]}},"_links":{"self":[{"href":"https:\/\/semead.com.br\/28\/wp-json\/wp\/v2\/pages\/33949","targetHints":{"allow":["GET"]}}],"collection":[{"href":"https:\/\/semead.com.br\/28\/wp-json\/wp\/v2\/pages"}],"about":[{"href":"https:\/\/semead.com.br\/28\/wp-json\/wp\/v2\/types\/page"}],"author":[{"embeddable":true,"href":"https:\/\/semead.com.br\/28\/wp-json\/wp\/v2\/users\/4"}],"replies":[{"embeddable":true,"href":"https:\/\/semead.com.br\/28\/wp-json\/wp\/v2\/comments?post=33949"}],"version-history":[{"count":3,"href":"https:\/\/semead.com.br\/28\/wp-json\/wp\/v2\/pages\/33949\/revisions"}],"predecessor-version":[{"id":33969,"href":"https:\/\/semead.com.br\/28\/wp-json\/wp\/v2\/pages\/33949\/revisions\/33969"}],"wp:attachment":[{"href":"https:\/\/semead.com.br\/28\/wp-json\/wp\/v2\/media?parent=33949"}],"curies":[{"name":"wp","href":"https:\/\/api.w.org\/{rel}","templated":true}]}}