{"id":19661,"date":"2021-06-14T13:52:46","date_gmt":"2021-06-14T16:52:46","guid":{"rendered":"https:\/\/semead.com.br\/29-novo\/?page_id=19661"},"modified":"2024-08-05T13:33:50","modified_gmt":"2024-08-05T16:33:50","slug":"financas","status":"publish","type":"page","link":"https:\/\/semead.com.br\/29\/en\/tracks\/scientific-areas\/financas\/","title":{"rendered":"Finance"},"content":{"rendered":"","protected":false},"excerpt":{"rendered":"","protected":false},"author":4,"featured_media":0,"parent":31514,"menu_order":4,"comment_status":"closed","ping_status":"closed","template":"","meta":{"_acf_changed":false,"tpgb_global_settings":"","inline_featured_image":false,"_monsterinsights_skip_tracking":false,"_monsterinsights_sitenote_active":false,"_monsterinsights_sitenote_note":"","_monsterinsights_sitenote_category":0,"footnotes":""},"class_list":["post-19661","page","type-page","status-publish","hentry"],"acf":{"coordenadores":[{"titulo":"Coordinator:","nome":"Wilson Toshiro Nakamura","instituicao":"Mackenzie Presbiterian University","imagem":23964}],"audio_da_coordenacao":"","temas":[{"tema_nome":"Asset Pricing","tema_descricao":"Financial asset pricing models: CAPM, APT, Fama and French, Black-Scholes, binomial, among others. Portfolio theory. Market efficiency. Market anomalies. Financial bubbles. Risk and return. Market risk. Fund performance. ","audio":"","lideres":null},{"tema_nome":"Accounting for External Users","tema_descricao":"Financial accounting. Taxation. International accounting standards. Accounting information quality. Accounts disclosure. Accounts auditing and corporate frauds. Accounting regulation. Government accounting. Integrated reporting and sustainability. Impact of technology on accounting and auditing. Big data and blockchain applied to accounting and auditing. Education and research in financial accounting. Ethics and professional training in financial accounting. History of accounting. Emerging topics in accounting for external users.","audio":20490,"lideres":null},{"tema_nome":"Accounting for Internal Users","tema_descricao":"Management accounting and controllership. Management information system. Cost analysis and management. Performance assessment and rewards. Budgetary planning. Tax planning and management. Education and research in management accounting and controllership. Ethics and professional training in management accounting and controllership. Emerging topics in accounting for internal users.","audio":"","lideres":null},{"tema_nome":"Corporate Investment Decisions","tema_descricao":"Determinants of corporate investment. Financial constraints. Sensitivity of investment to different types of risk. Investment analysis techniques. Capital budget.","audio":"","lideres":null},{"tema_nome":"Capital Structure, Dividends, and Mergers and Acquisitions","tema_descricao":"Capital structure. Cost of capital. Dividends policy. Share issuances. Debt issuances. IPOs. Evaluating companies. Value generation. Financial restructuring. Mergers and acquisitions. Private equity. Venture capital. Intangibles.","audio":"","lideres":null},{"tema_nome":"Behavioral Finance","tema_descricao":"Prospect theory or perspectives. Heuristics and cognitive biases. accounting mind. herd effect. Disposition effect. Framing effect. Optimism bias. Overconfidence. intertemporal choice. Choice architecture. Push theory.\r\n","audio":"","lideres":null},{"tema_nome":"Quantitative Finance","tema_descricao":"Financial econometrics. Algorithmic trading. Financial time series modeling. Artificial intelligence and machine learning in finance. Optimization in finance. Econophysics. Agent-based modeling in finance; Market risk management models. Natural language processing in finance. Big data in finance. Credit risk management techniques. Bayesian modeling and estimation in finance. Simulation methods in finance. Quantitative methods for macrofinance. ","audio":"","lideres":null},{"tema_nome":"Financial Management","tema_descricao":"Financial planning. Financial control. Working capital management. Short-term asset management. Short-term liabilities management. Credit analysis. Personal finance. Insurance and pensions.","audio":"","lideres":null},{"tema_nome":"Corporate Governance, Risk, and Compliance ","tema_descricao":"Corporate governance practices. Principles of corporate governance: transparency, equity, accountability, corporate responsibility. Agency theory. Agency conflicts. Agency costs. Corporate governance mechanisms. Board of directors. Fiscal council. Independent auditing. Investor relations. Executive remuneration. Ownership structure. Minority rights. Compliance. Internal controls. Corporate risk management. Code of ethics. Company reputation. ","audio":"","lideres":null}]},"yoast_head":"<!-- This site is optimized with the Yoast SEO plugin v27.5 - https:\/\/yoast.com\/product\/yoast-seo-wordpress\/ -->\n<title>Finance - XXIX SemeAd<\/title>\n<meta name=\"robots\" content=\"index, follow, max-snippet:-1, max-image-preview:large, max-video-preview:-1\" \/>\n<link rel=\"canonical\" href=\"https:\/\/semead.com.br\/29\/en\/tracks\/scientific-areas\/financas\/\" \/>\n<meta property=\"og:locale\" content=\"en_US\" \/>\n<meta property=\"og:type\" content=\"article\" \/>\n<meta property=\"og:title\" content=\"Finance - XXIX SemeAd\" \/>\n<meta property=\"og:url\" content=\"https:\/\/semead.com.br\/29\/en\/tracks\/scientific-areas\/financas\/\" \/>\n<meta property=\"og:site_name\" content=\"XXIX SemeAd\" \/>\n<meta property=\"article:modified_time\" content=\"2024-08-05T16:33:50+00:00\" \/>\n<meta name=\"twitter:card\" content=\"summary_large_image\" \/>\n<script type=\"application\/ld+json\" class=\"yoast-schema-graph\">{\"@context\":\"https:\\\/\\\/schema.org\",\"@graph\":[{\"@type\":\"WebPage\",\"@id\":\"https:\\\/\\\/semead.com.br\\\/29\\\/en\\\/tracks\\\/scientific-areas\\\/financas\\\/\",\"url\":\"https:\\\/\\\/semead.com.br\\\/29\\\/en\\\/tracks\\\/scientific-areas\\\/financas\\\/\",\"name\":\"Finance - XXIX SemeAd\",\"isPartOf\":{\"@id\":\"https:\\\/\\\/semead.com.br\\\/29\\\/en\\\/#website\"},\"datePublished\":\"2021-06-14T16:52:46+00:00\",\"dateModified\":\"2024-08-05T16:33:50+00:00\",\"breadcrumb\":{\"@id\":\"https:\\\/\\\/semead.com.br\\\/29\\\/en\\\/tracks\\\/scientific-areas\\\/financas\\\/#breadcrumb\"},\"inLanguage\":\"en-US\",\"potentialAction\":[{\"@type\":\"ReadAction\",\"target\":[\"https:\\\/\\\/semead.com.br\\\/29\\\/en\\\/tracks\\\/scientific-areas\\\/financas\\\/\"]}]},{\"@type\":\"BreadcrumbList\",\"@id\":\"https:\\\/\\\/semead.com.br\\\/29\\\/en\\\/tracks\\\/scientific-areas\\\/financas\\\/#breadcrumb\",\"itemListElement\":[{\"@type\":\"ListItem\",\"position\":1,\"name\":\"In\u00edcio\",\"item\":\"https:\\\/\\\/semead.com.br\\\/29\\\/en\\\/\"},{\"@type\":\"ListItem\",\"position\":2,\"name\":\"Tracks\",\"item\":\"https:\\\/\\\/semead.com.br\\\/29\\\/en\\\/tracks\\\/\"},{\"@type\":\"ListItem\",\"position\":3,\"name\":\"Scientific Areas\",\"item\":\"https:\\\/\\\/semead.com.br\\\/29\\\/en\\\/tracks\\\/scientific-areas\\\/\"},{\"@type\":\"ListItem\",\"position\":4,\"name\":\"Finance\"}]},{\"@type\":\"WebSite\",\"@id\":\"https:\\\/\\\/semead.com.br\\\/29\\\/en\\\/#website\",\"url\":\"https:\\\/\\\/semead.com.br\\\/29\\\/en\\\/\",\"name\":\"XXIX SemeAd\",\"description\":\"Semin\u00e1rios em administra\u00e7\u00e3o\",\"potentialAction\":[{\"@type\":\"SearchAction\",\"target\":{\"@type\":\"EntryPoint\",\"urlTemplate\":\"https:\\\/\\\/semead.com.br\\\/29\\\/en\\\/?s={search_term_string}\"},\"query-input\":{\"@type\":\"PropertyValueSpecification\",\"valueRequired\":true,\"valueName\":\"search_term_string\"}}],\"inLanguage\":\"en-US\"}]}<\/script>\n<!-- \/ Yoast SEO plugin. -->","yoast_head_json":{"title":"Finance - XXIX SemeAd","robots":{"index":"index","follow":"follow","max-snippet":"max-snippet:-1","max-image-preview":"max-image-preview:large","max-video-preview":"max-video-preview:-1"},"canonical":"https:\/\/semead.com.br\/29\/en\/tracks\/scientific-areas\/financas\/","og_locale":"en_US","og_type":"article","og_title":"Finance - XXIX SemeAd","og_url":"https:\/\/semead.com.br\/29\/en\/tracks\/scientific-areas\/financas\/","og_site_name":"XXIX SemeAd","article_modified_time":"2024-08-05T16:33:50+00:00","twitter_card":"summary_large_image","schema":{"@context":"https:\/\/schema.org","@graph":[{"@type":"WebPage","@id":"https:\/\/semead.com.br\/29\/en\/tracks\/scientific-areas\/financas\/","url":"https:\/\/semead.com.br\/29\/en\/tracks\/scientific-areas\/financas\/","name":"Finance - XXIX SemeAd","isPartOf":{"@id":"https:\/\/semead.com.br\/29\/en\/#website"},"datePublished":"2021-06-14T16:52:46+00:00","dateModified":"2024-08-05T16:33:50+00:00","breadcrumb":{"@id":"https:\/\/semead.com.br\/29\/en\/tracks\/scientific-areas\/financas\/#breadcrumb"},"inLanguage":"en-US","potentialAction":[{"@type":"ReadAction","target":["https:\/\/semead.com.br\/29\/en\/tracks\/scientific-areas\/financas\/"]}]},{"@type":"BreadcrumbList","@id":"https:\/\/semead.com.br\/29\/en\/tracks\/scientific-areas\/financas\/#breadcrumb","itemListElement":[{"@type":"ListItem","position":1,"name":"In\u00edcio","item":"https:\/\/semead.com.br\/29\/en\/"},{"@type":"ListItem","position":2,"name":"Tracks","item":"https:\/\/semead.com.br\/29\/en\/tracks\/"},{"@type":"ListItem","position":3,"name":"Scientific Areas","item":"https:\/\/semead.com.br\/29\/en\/tracks\/scientific-areas\/"},{"@type":"ListItem","position":4,"name":"Finance"}]},{"@type":"WebSite","@id":"https:\/\/semead.com.br\/29\/en\/#website","url":"https:\/\/semead.com.br\/29\/en\/","name":"XXIX SemeAd","description":"Semin\u00e1rios em administra\u00e7\u00e3o","potentialAction":[{"@type":"SearchAction","target":{"@type":"EntryPoint","urlTemplate":"https:\/\/semead.com.br\/29\/en\/?s={search_term_string}"},"query-input":{"@type":"PropertyValueSpecification","valueRequired":true,"valueName":"search_term_string"}}],"inLanguage":"en-US"}]}},"tpgb_featured_images":null,"tpgb_post_meta_info":{"get_date":"14 de June de 2021","get_modified_date":"5 de August de 2024","author_name":"semeadfernandoyada77","author_url":"https:\/\/semead.com.br\/29\/en\/author\/semeadfernandoyada77\/","author_email":"fernandoyada+semead@gmail.com","author_website":"","author_description":"","author_facebook":"","author_twitter":"","author_instagram":"","author_role":["administrator"],"author_firstname":"","author_lastname":"","user_login":"semeadfernandoyada77","author_avatar":"<img alt='' src='https:\/\/secure.gravatar.com\/avatar\/5cf727b92add7940479f95be27b8a9f4752bdd62514030afb7ce6d274c363cee?s=200&#038;d=mm&#038;r=g' srcset='https:\/\/secure.gravatar.com\/avatar\/5cf727b92add7940479f95be27b8a9f4752bdd62514030afb7ce6d274c363cee?s=400&#038;d=mm&#038;r=g 2x' class='avatar avatar-200 photo' height='200' width='200' decoding='async'\/>","author_avatar_url":"https:\/\/secure.gravatar.com\/avatar\/5cf727b92add7940479f95be27b8a9f4752bdd62514030afb7ce6d274c363cee?s=96&d=mm&r=g","comment_count":0,"post_likes":0,"post_views":0},"tpgb_post_category":[],"jetpack_sharing_enabled":true,"_links":{"self":[{"href":"https:\/\/semead.com.br\/29\/en\/wp-json\/wp\/v2\/pages\/19661","targetHints":{"allow":["GET"]}}],"collection":[{"href":"https:\/\/semead.com.br\/29\/en\/wp-json\/wp\/v2\/pages"}],"about":[{"href":"https:\/\/semead.com.br\/29\/en\/wp-json\/wp\/v2\/types\/page"}],"author":[{"embeddable":true,"href":"https:\/\/semead.com.br\/29\/en\/wp-json\/wp\/v2\/users\/4"}],"replies":[{"embeddable":true,"href":"https:\/\/semead.com.br\/29\/en\/wp-json\/wp\/v2\/comments?post=19661"}],"version-history":[{"count":2,"href":"https:\/\/semead.com.br\/29\/en\/wp-json\/wp\/v2\/pages\/19661\/revisions"}],"predecessor-version":[{"id":31694,"href":"https:\/\/semead.com.br\/29\/en\/wp-json\/wp\/v2\/pages\/19661\/revisions\/31694"}],"up":[{"embeddable":true,"href":"https:\/\/semead.com.br\/29\/en\/wp-json\/wp\/v2\/pages\/31514"}],"wp:attachment":[{"href":"https:\/\/semead.com.br\/29\/en\/wp-json\/wp\/v2\/media?parent=19661"}],"curies":[{"name":"wp","href":"https:\/\/api.w.org\/{rel}","templated":true}]}}