{"id":19669,"date":"2021-06-14T14:45:40","date_gmt":"2021-06-14T17:45:40","guid":{"rendered":"https:\/\/semead.com.br\/29-novo\/?page_id=19669"},"modified":"2024-07-11T19:26:55","modified_gmt":"2024-07-11T22:26:55","slug":"gestao-da-inovacao","status":"publish","type":"page","link":"https:\/\/semead.com.br\/29\/en\/tracks\/scientific-areas\/gestao-da-inovacao\/","title":{"rendered":"Innovation Management"},"content":{"rendered":"","protected":false},"excerpt":{"rendered":"","protected":false},"author":4,"featured_media":0,"parent":31514,"menu_order":120,"comment_status":"closed","ping_status":"closed","template":"","meta":{"_acf_changed":false,"tpgb_global_settings":"","inline_featured_image":false,"_monsterinsights_skip_tracking":false,"_monsterinsights_sitenote_active":false,"_monsterinsights_sitenote_note":"","_monsterinsights_sitenote_category":0,"footnotes":""},"class_list":["post-19669","page","type-page","status-publish","hentry"],"acf":{"coordenadores":[{"titulo":"Coordinator:","nome":"Felipe Mendes Borini, PhD","instituicao":"FEA-USP","imagem":34887},{"titulo":"Coordinator:","nome":"Guilherme Ary Plonski, PhD","instituicao":"FEA-USP","imagem":34884},{"titulo":"Assistant Coordinator:","nome":"Carlos Augusto Vargas, PhD","instituicao":"Universidade Positivo","imagem":34890}],"audio_da_coordenacao":"","temas":[{"tema_nome":"Creative, Behavioral, and Cultural Dimensions of Innovation","tema_descricao":"Ways of stimulating creativity for innovation. Behavioral challenges derived from the risks associated with innovation. Managing organizational changes. Organizational culture and innovation. Managing multidisciplinary teams. Diversity management and innovation. Innovation in times of social media. Other cutting-edge topics related to the theme. ","audio":"","lideres":[{"lider_nome":"Leader: Jo\u00e3o Ant\u00f4nio Gomes Pereira, PhD (UNIPAMPA)","lider_foto":""},{"lider_nome":"Assistant Leader: Cristina Doritta Brand\u00e3o Majorana, PhD (IEA\/USP)","lider_foto":""}]},{"tema_nome":"Knowledge Management, Intellectual Property, and Technology Transfer","tema_descricao":"Knowledge management and intellectual property in companies and scientific-technological institutions (ICTs). Transfer of technologies produced in academia to other organizations, including strategies and contractual aspects for licensing and commercialization of technologies, creation of spin-offs from ICTs, as well as other forms of technology transfer. Role of Technological Innovation Centers (NIT) and other actors in the technology transfer process. Other cutting-edge topics that connect these key elements. ","audio":"","lideres":[{"lider_nome":"Leader: Thiago J Soares,PhD (Insper)","lider_foto":""},{"lider_nome":"Assistant Leader: Aline Mariane de Faria, PhD (Centro Universit\u00e1rio FEI)","lider_foto":""}]},{"tema_nome":"Organizing Innovation and Innovation Processes and Projects","tema_descricao":"Theoretical foundations and methodologies of innovation in project management; Theoretical foundations and methodologies of innovation in process management; Tools and practices for managing innovative processes; Tools and practices for managing innovative projects; Management of processes and projects in R&D&I centers and units; Management of CT&I programs and projects; Innovation in projects and processes; Innovation projects and continuous improvement; Other emerging topics related to Integrated Approaches to Innovation Projects and Processes. ","audio":"","lideres":[{"lider_nome":"Leader: Isabel Cristina Scafuto, PhD (UNINOVE)","lider_foto":""},{"lider_nome":"Assistant Leader: Alex Fabianne de Paulo, PhD (UFG)","lider_foto":""}]},{"tema_nome":"Innovation Strategy and Policies","tema_descricao":"Strategies for the creation, diffusion, or adoption of Science, Technology, and Innovation (CT&I). Competitive context of CT&I. Models, tools, and methods to support decision-making processes in various types of innovations (e.g., technological or non-technological, radical or incremental, disruptive or non-disruptive, local or reverse, open or closed, etc.). Political and institutional context of CT&I. National and subnational policies, incentives, and funding for promoting CT&I. CT&I in business and international relations. Other cutting-edge topics related to CT&I strategies and\/or policies. ","audio":"","lideres":[{"lider_nome":"Leader: Silvia Ferraz Nogueira De Tommaso, PhD (FEA-USP)","lider_foto":""},{"lider_nome":"Assitant Leader: Jeferson Bution, PhD (FEA-USP)","lider_foto":""},{"lider_nome":"","lider_foto":""}]},{"tema_nome":"Innovation Networks, Ecosystems, and Environments","tema_descricao":"Collaborative arrangements of ST&I institutions and businesses. Public-private partnerships for innovation. Open innovation models (e.g., coproduction, co-design, co-creation). Dynamics of innovation areas (e.g., incubators and accelerators; parks, technology poles, and districts). Smart cities. Creative economy. Management of Innovation Ecosystems. Other cutting-edge topics related to the theme. ","audio":"","lideres":[{"lider_nome":"Leader: Ana Cl\u00e1udia Azevedo,PhD (UFV)","lider_foto":""},{"lider_nome":"International Co-Leader: Camilo Pe\u00f1a Ram\u00edrez, PhD (Universidad de Playa Ancha)","lider_foto":""},{"lider_nome":"","lider_foto":""}]},{"tema_nome":"","tema_descricao":"","audio":"","lideres":[{"lider_nome":"Leader: Isak Kruglianskas, PhD (FEA-USP)","lider_foto":""},{"lider_nome":"Asistant Leader: Profa. Dra.Rossana Filetti Soranz (UNIMES)","lider_foto":""},{"lider_nome":"","lider_foto":""}]},{"tema_nome":"","tema_descricao":"","audio":"","lideres":[{"lider_nome":"","lider_foto":""},{"lider_nome":"","lider_foto":""}]}]},"yoast_head":"<!-- This site is optimized with the Yoast SEO plugin v27.5 - https:\/\/yoast.com\/product\/yoast-seo-wordpress\/ -->\n<title>Innovation Management - XXIX SemeAd<\/title>\n<meta name=\"robots\" content=\"index, follow, max-snippet:-1, max-image-preview:large, max-video-preview:-1\" \/>\n<link rel=\"canonical\" href=\"https:\/\/semead.com.br\/29\/en\/tracks\/scientific-areas\/gestao-da-inovacao\/\" \/>\n<meta property=\"og:locale\" content=\"en_US\" \/>\n<meta property=\"og:type\" content=\"article\" \/>\n<meta property=\"og:title\" content=\"Innovation Management - XXIX SemeAd\" \/>\n<meta property=\"og:url\" content=\"https:\/\/semead.com.br\/29\/en\/tracks\/scientific-areas\/gestao-da-inovacao\/\" \/>\n<meta property=\"og:site_name\" content=\"XXIX SemeAd\" \/>\n<meta property=\"article:modified_time\" content=\"2024-07-11T22:26:55+00:00\" \/>\n<meta name=\"twitter:card\" content=\"summary_large_image\" \/>\n<script type=\"application\/ld+json\" class=\"yoast-schema-graph\">{\"@context\":\"https:\\\/\\\/schema.org\",\"@graph\":[{\"@type\":\"WebPage\",\"@id\":\"https:\\\/\\\/semead.com.br\\\/29\\\/en\\\/tracks\\\/scientific-areas\\\/gestao-da-inovacao\\\/\",\"url\":\"https:\\\/\\\/semead.com.br\\\/29\\\/en\\\/tracks\\\/scientific-areas\\\/gestao-da-inovacao\\\/\",\"name\":\"Innovation Management - XXIX SemeAd\",\"isPartOf\":{\"@id\":\"https:\\\/\\\/semead.com.br\\\/29\\\/en\\\/#website\"},\"datePublished\":\"2021-06-14T17:45:40+00:00\",\"dateModified\":\"2024-07-11T22:26:55+00:00\",\"breadcrumb\":{\"@id\":\"https:\\\/\\\/semead.com.br\\\/29\\\/en\\\/tracks\\\/scientific-areas\\\/gestao-da-inovacao\\\/#breadcrumb\"},\"inLanguage\":\"en-US\",\"potentialAction\":[{\"@type\":\"ReadAction\",\"target\":[\"https:\\\/\\\/semead.com.br\\\/29\\\/en\\\/tracks\\\/scientific-areas\\\/gestao-da-inovacao\\\/\"]}]},{\"@type\":\"BreadcrumbList\",\"@id\":\"https:\\\/\\\/semead.com.br\\\/29\\\/en\\\/tracks\\\/scientific-areas\\\/gestao-da-inovacao\\\/#breadcrumb\",\"itemListElement\":[{\"@type\":\"ListItem\",\"position\":1,\"name\":\"In\u00edcio\",\"item\":\"https:\\\/\\\/semead.com.br\\\/29\\\/en\\\/\"},{\"@type\":\"ListItem\",\"position\":2,\"name\":\"Tracks\",\"item\":\"https:\\\/\\\/semead.com.br\\\/29\\\/en\\\/tracks\\\/\"},{\"@type\":\"ListItem\",\"position\":3,\"name\":\"Scientific Areas\",\"item\":\"https:\\\/\\\/semead.com.br\\\/29\\\/en\\\/tracks\\\/scientific-areas\\\/\"},{\"@type\":\"ListItem\",\"position\":4,\"name\":\"Innovation Management\"}]},{\"@type\":\"WebSite\",\"@id\":\"https:\\\/\\\/semead.com.br\\\/29\\\/en\\\/#website\",\"url\":\"https:\\\/\\\/semead.com.br\\\/29\\\/en\\\/\",\"name\":\"XXIX SemeAd\",\"description\":\"Semin\u00e1rios em administra\u00e7\u00e3o\",\"potentialAction\":[{\"@type\":\"SearchAction\",\"target\":{\"@type\":\"EntryPoint\",\"urlTemplate\":\"https:\\\/\\\/semead.com.br\\\/29\\\/en\\\/?s={search_term_string}\"},\"query-input\":{\"@type\":\"PropertyValueSpecification\",\"valueRequired\":true,\"valueName\":\"search_term_string\"}}],\"inLanguage\":\"en-US\"}]}<\/script>\n<!-- \/ Yoast SEO plugin. -->","yoast_head_json":{"title":"Innovation Management - XXIX SemeAd","robots":{"index":"index","follow":"follow","max-snippet":"max-snippet:-1","max-image-preview":"max-image-preview:large","max-video-preview":"max-video-preview:-1"},"canonical":"https:\/\/semead.com.br\/29\/en\/tracks\/scientific-areas\/gestao-da-inovacao\/","og_locale":"en_US","og_type":"article","og_title":"Innovation Management - XXIX SemeAd","og_url":"https:\/\/semead.com.br\/29\/en\/tracks\/scientific-areas\/gestao-da-inovacao\/","og_site_name":"XXIX SemeAd","article_modified_time":"2024-07-11T22:26:55+00:00","twitter_card":"summary_large_image","schema":{"@context":"https:\/\/schema.org","@graph":[{"@type":"WebPage","@id":"https:\/\/semead.com.br\/29\/en\/tracks\/scientific-areas\/gestao-da-inovacao\/","url":"https:\/\/semead.com.br\/29\/en\/tracks\/scientific-areas\/gestao-da-inovacao\/","name":"Innovation Management - XXIX SemeAd","isPartOf":{"@id":"https:\/\/semead.com.br\/29\/en\/#website"},"datePublished":"2021-06-14T17:45:40+00:00","dateModified":"2024-07-11T22:26:55+00:00","breadcrumb":{"@id":"https:\/\/semead.com.br\/29\/en\/tracks\/scientific-areas\/gestao-da-inovacao\/#breadcrumb"},"inLanguage":"en-US","potentialAction":[{"@type":"ReadAction","target":["https:\/\/semead.com.br\/29\/en\/tracks\/scientific-areas\/gestao-da-inovacao\/"]}]},{"@type":"BreadcrumbList","@id":"https:\/\/semead.com.br\/29\/en\/tracks\/scientific-areas\/gestao-da-inovacao\/#breadcrumb","itemListElement":[{"@type":"ListItem","position":1,"name":"In\u00edcio","item":"https:\/\/semead.com.br\/29\/en\/"},{"@type":"ListItem","position":2,"name":"Tracks","item":"https:\/\/semead.com.br\/29\/en\/tracks\/"},{"@type":"ListItem","position":3,"name":"Scientific Areas","item":"https:\/\/semead.com.br\/29\/en\/tracks\/scientific-areas\/"},{"@type":"ListItem","position":4,"name":"Innovation Management"}]},{"@type":"WebSite","@id":"https:\/\/semead.com.br\/29\/en\/#website","url":"https:\/\/semead.com.br\/29\/en\/","name":"XXIX SemeAd","description":"Semin\u00e1rios em administra\u00e7\u00e3o","potentialAction":[{"@type":"SearchAction","target":{"@type":"EntryPoint","urlTemplate":"https:\/\/semead.com.br\/29\/en\/?s={search_term_string}"},"query-input":{"@type":"PropertyValueSpecification","valueRequired":true,"valueName":"search_term_string"}}],"inLanguage":"en-US"}]}},"tpgb_featured_images":null,"tpgb_post_meta_info":{"get_date":"14 de June de 2021","get_modified_date":"11 de July de 2024","author_name":"semeadfernandoyada77","author_url":"https:\/\/semead.com.br\/29\/en\/author\/semeadfernandoyada77\/","author_email":"fernandoyada+semead@gmail.com","author_website":"","author_description":"","author_facebook":"","author_twitter":"","author_instagram":"","author_role":["administrator"],"author_firstname":"","author_lastname":"","user_login":"semeadfernandoyada77","author_avatar":"<img alt='' src='https:\/\/secure.gravatar.com\/avatar\/5cf727b92add7940479f95be27b8a9f4752bdd62514030afb7ce6d274c363cee?s=200&#038;d=mm&#038;r=g' srcset='https:\/\/secure.gravatar.com\/avatar\/5cf727b92add7940479f95be27b8a9f4752bdd62514030afb7ce6d274c363cee?s=400&#038;d=mm&#038;r=g 2x' class='avatar avatar-200 photo' height='200' width='200' decoding='async'\/>","author_avatar_url":"https:\/\/secure.gravatar.com\/avatar\/5cf727b92add7940479f95be27b8a9f4752bdd62514030afb7ce6d274c363cee?s=96&d=mm&r=g","comment_count":0,"post_likes":0,"post_views":0},"tpgb_post_category":[],"jetpack_sharing_enabled":true,"_links":{"self":[{"href":"https:\/\/semead.com.br\/29\/en\/wp-json\/wp\/v2\/pages\/19669","targetHints":{"allow":["GET"]}}],"collection":[{"href":"https:\/\/semead.com.br\/29\/en\/wp-json\/wp\/v2\/pages"}],"about":[{"href":"https:\/\/semead.com.br\/29\/en\/wp-json\/wp\/v2\/types\/page"}],"author":[{"embeddable":true,"href":"https:\/\/semead.com.br\/29\/en\/wp-json\/wp\/v2\/users\/4"}],"replies":[{"embeddable":true,"href":"https:\/\/semead.com.br\/29\/en\/wp-json\/wp\/v2\/comments?post=19669"}],"version-history":[{"count":0,"href":"https:\/\/semead.com.br\/29\/en\/wp-json\/wp\/v2\/pages\/19669\/revisions"}],"up":[{"embeddable":true,"href":"https:\/\/semead.com.br\/29\/en\/wp-json\/wp\/v2\/pages\/31514"}],"wp:attachment":[{"href":"https:\/\/semead.com.br\/29\/en\/wp-json\/wp\/v2\/media?parent=19669"}],"curies":[{"name":"wp","href":"https:\/\/api.w.org\/{rel}","templated":true}]}}