{"id":19713,"date":"2021-06-15T10:24:03","date_gmt":"2021-06-15T13:24:03","guid":{"rendered":"https:\/\/semead.com.br\/29-novo\/?page_id=19713"},"modified":"2024-07-10T12:00:37","modified_gmt":"2024-07-10T15:00:37","slug":"pre-doctoral-consortium","status":"publish","type":"page","link":"https:\/\/semead.com.br\/29\/en\/pre-doctoral-consortium\/","title":{"rendered":"Pre-Doctoral Consortium"},"content":{"rendered":"\t\t<div data-elementor-type=\"wp-page\" data-elementor-id=\"19713\" class=\"elementor elementor-19713 elementor-14494\" data-elementor-post-type=\"page\">\n\t\t\t\t\t\t<section class=\"elementor-section elementor-top-section elementor-element elementor-element-fad61b7 elementor-section-boxed elementor-section-height-default elementor-section-height-default\" data-id=\"fad61b7\" data-element_type=\"section\" data-e-type=\"section\">\n\t\t\t\t\t\t<div class=\"elementor-container elementor-column-gap-default\">\n\t\t\t\t\t<div class=\"elementor-column elementor-col-50 elementor-top-column elementor-element elementor-element-fc6e47e\" data-id=\"fc6e47e\" data-element_type=\"column\" data-e-type=\"column\">\n\t\t\t<div class=\"elementor-widget-wrap elementor-element-populated\">\n\t\t\t\t\t\t<div class=\"elementor-element elementor-element-90c4a12 elementor-widget elementor-widget-text-editor\" data-id=\"90c4a12\" data-element_type=\"widget\" data-e-type=\"widget\" data-widget_type=\"text-editor.default\">\n\t\t\t\t<div class=\"elementor-widget-container\">\n\t\t\t\t\t\t\t\t\t<p>Dear participants,<\/p><p>This year we will have the 7th edition of the Seminar for Preparation for Doctoral Selection Processes!<\/p><p>Masters and master&#8217;s students nearing the end of their course and planning to pursue a doctorate will have the opportunity to submit their pre-thesis proposals to receive suggestions and contributions from faculty members of the graduate programs partnering with SemeAd.<\/p><p>The authors of the selected projects will have an individual coaching session with the faculty member who evaluated the project, during which they will receive tips for improving their proposal.<\/p><p>In addition, there will be a lecture providing clarifications about the selection processes, where the speakers will present general information about preparing for doctoral selections.<\/p><p>Don&#8217;t miss the chance to submit your projects to the Seminar for Preparation for Doctoral Selection Processes \u2013 2024 Edition.<\/p>\t\t\t\t\t\t\t\t<\/div>\n\t\t\t\t<\/div>\n\t\t\t\t\t<\/div>\n\t\t<\/div>\n\t\t\t\t<div class=\"elementor-column elementor-col-50 elementor-top-column elementor-element elementor-element-19500ae\" data-id=\"19500ae\" data-element_type=\"column\" data-e-type=\"column\">\n\t\t\t<div class=\"elementor-widget-wrap elementor-element-populated\">\n\t\t\t\t\t\t<div class=\"elementor-element elementor-element-8424881 elementor-widget-divider--view-line elementor-widget elementor-widget-divider\" data-id=\"8424881\" data-element_type=\"widget\" data-e-type=\"widget\" data-widget_type=\"divider.default\">\n\t\t\t\t<div class=\"elementor-widget-container\">\n\t\t\t\t\t\t\t<div class=\"elementor-divider\">\n\t\t\t<span class=\"elementor-divider-separator\">\n\t\t\t\t\t\t<\/span>\n\t\t<\/div>\n\t\t\t\t\t\t<\/div>\n\t\t\t\t<\/div>\n\t\t\t\t<div class=\"elementor-element elementor-element-f0ff3ad elementor-widget elementor-widget-video\" data-id=\"f0ff3ad\" data-element_type=\"widget\" data-e-type=\"widget\" data-settings=\"{&quot;youtube_url&quot;:&quot;https:\\\/\\\/www.youtube.com\\\/watch?v=9iW0v-4rBmU&quot;,&quot;video_type&quot;:&quot;youtube&quot;,&quot;controls&quot;:&quot;yes&quot;}\" data-widget_type=\"video.default\">\n\t\t\t\t<div class=\"elementor-widget-container\">\n\t\t\t\t\t\t\t<div class=\"elementor-wrapper elementor-open-inline\">\n\t\t\t<div class=\"elementor-video\"><\/div>\t\t<\/div>\n\t\t\t\t\t\t<\/div>\n\t\t\t\t<\/div>\n\t\t\t\t\t<\/div>\n\t\t<\/div>\n\t\t\t\t\t<\/div>\n\t\t<\/section>\n\t\t<div class=\"elementor-element elementor-element-d9b58eb e-flex e-con-boxed e-con e-parent\" data-id=\"d9b58eb\" data-element_type=\"container\" data-e-type=\"container\">\n\t\t\t\t\t<div class=\"e-con-inner\">\n\t\t\t\t<div class=\"elementor-element elementor-element-456155d elementor-widget elementor-widget-heading\" data-id=\"456155d\" data-element_type=\"widget\" data-e-type=\"widget\" data-widget_type=\"heading.default\">\n\t\t\t\t<div class=\"elementor-widget-container\">\n\t\t\t\t\t<h2 class=\"elementor-heading-title elementor-size-default\">Participating Teachers<\/h2>\t\t\t\t<\/div>\n\t\t\t\t<\/div>\n\t\t\t\t\t<\/div>\n\t\t\t\t<\/div>\n\t\t<div class=\"elementor-element elementor-element-29c2f5c e-flex e-con-boxed e-con e-parent\" data-id=\"29c2f5c\" data-element_type=\"container\" data-e-type=\"container\">\n\t\t\t\t\t<div class=\"e-con-inner\">\n\t\t\t\t<div class=\"elementor-element elementor-element-84776c4 elementor-widget elementor-widget-text-editor\" data-id=\"84776c4\" data-element_type=\"widget\" data-e-type=\"widget\" data-widget_type=\"text-editor.default\">\n\t\t\t\t<div class=\"elementor-widget-container\">\n\t\t\t\t\t\t\t\t\t<div class=\"zw-paragraph\" data-width=\"567.1679999999999\" data-textformat=\"{&quot;size&quot;:12}\"><div class=\"zw-line-div\"><div class=\"zw-line-content\"><div class=\"zw-paragraph\" data-width=\"567.1679999999999\" data-textformat=\"{&quot;size&quot;:12}\"><div class=\"zw-line-div\"><div class=\"zw-line-content\"><strong><strong><span class=\"zw-portion\" data-text-len=\"8\">Aline\u00a0Bento\u00a0Ambrosio\u00a0Avelar\u00a0&#8211; USCS\u00a0&#8211; <span class=\"zw-portion zeroSize\" data-text-len=\"1\"><img id=\"4rdji4k2cmd8\" class=\"spacer zw-range-start\" \/><\/span><\/span><\/strong><\/strong><span style=\"color: #0000ff\"><a href=\"mailto:aline.avelar@online.uscs.edu.br\" target=\"_blank\" rel=\"noopener\">aline.avelar@online.uscs.edu.br<\/a><\/span><\/div><\/div><\/div><div class=\"zw-paragraph\" data-width=\"567.1679999999999\" data-textformat=\"{&quot;size&quot;:12}\"><div class=\"zw-line-div\"><div class=\"zw-line-content\"><span class=\"zw-portion\" data-text-len=\"6\"><strong>Edson <\/strong><\/span><strong><span class=\"zw-portion\" data-text-len=\"5\">Keyso<\/span><span class=\"zw-portion\" data-text-len=\"12\">\u00a0de\u00a0Miranda\u00a0<\/span><span class=\"zw-portion\" data-text-len=\"4\">Kubo<\/span><span class=\"zw-portion\" data-text-len=\"1\">\u00a0<\/span><span class=\"zw-portion\" data-text-len=\"1\">&#8211;<\/span><\/strong><span class=\"zw-portion\" data-text-len=\"8\"><strong>\u00a0USCS\u00a0&#8211;<\/strong> \u00a0<a href=\"mailto:edson.kubo@online.uscs.edu.br\" target=\"_blank\" rel=\"noopener\">edson.kubo@online.uscs.edu.br<\/a><\/span><\/div><\/div><\/div><\/div><\/div><\/div><div class=\"zw-paragraph\" data-width=\"567.1679999999999\" data-textformat=\"{&quot;size&quot;:12}\"><div class=\"zw-line-div\"><div class=\"zw-line-content\"><strong><span class=\"zw-portion\" data-text-len=\"7\">Fatima\u00a0<\/span><span class=\"zw-portion\" data-text-len=\"5\">Bayma<\/span><span class=\"zw-portion\" data-text-len=\"13\">\u00a0de\u00a0Oliveira\u00a0<\/span><span class=\"zw-portion\" data-text-len=\"8\">\u2013\u00a0FGV\u00a0&#8211;\u00a0<\/span><\/strong><span class=\"zw-portion zeroSize\" data-text-len=\"1\"><img id=\"dcknpprljqfv\" class=\"spacer zw-range-start\" \/>\u00a0<a href=\"mailto:Fatima.Oliveira@fgv.br\" target=\"_blank\" rel=\"noopener\">Fatima.Oliveira@fgv.br<\/a><\/span><span class=\"EOP EOP-readonly\">\u00a0<\/span><\/div><\/div><\/div><div class=\"zw-paragraph\" data-width=\"567.1679999999999\" data-textformat=\"{&quot;size&quot;:12}\"><div class=\"zw-line-div\"><div class=\"zw-line-content\"><strong><span class=\"zw-portion\" data-text-len=\"9\">Leonardo\u00a0<\/span><span class=\"zw-portion\" data-text-len=\"5\">Nelmi<\/span><span class=\"zw-portion\" data-text-len=\"10\">\u00a0Trevisan\u00a0<\/span><span class=\"zw-portion\" data-text-len=\"1\">&#8211;<\/span><span class=\"zw-portion\" data-text-len=\"10\">\u00a0PUC\/SP\u00a0&#8211;\u00a0<\/span><\/strong><span class=\"zw-portion zeroSize\" data-text-len=\"1\"><img id=\"cgjul4rbrh4v\" class=\"spacer zw-range-start\" \/><a href=\"mailto:lntrevisan@pucsp.br\" target=\"_blank\" rel=\"noopener\">lntrevisan@pucsp.br<\/a><\/span><span class=\"zw-portion\" data-text-len=\"1\">\u00a0<\/span><span class=\"EOP EOP-readonly\">\u00a0<\/span><\/div><\/div><\/div><div class=\"zw-paragraph\" data-width=\"567.1679999999999\" data-textformat=\"{&quot;size&quot;:12}\"><div class=\"zw-line-div\"><div class=\"zw-line-content\"><strong><span class=\"zw-portion\" data-text-len=\"38\">Lu\u00edsa\u00a0Veras\u00a0De\u00a0Sandes\u00a0Guimar\u00e3es\u00a0&#8211;\u00a0USCS<\/span><span class=\"zw-portion\" data-text-len=\"3\">\u00a0&#8211;\u00a0<\/span><\/strong><span class=\"zw-portion zeroSize\" data-text-len=\"1\"><img id=\"aar3nd2v7smo\" class=\"spacer zw-range-start\" \/>\u00a0<a href=\"mailto:luisa.guimaraes@online.uscs.edu.br\" target=\"_blank\" rel=\"noopener\">luisa.guimaraes@online.uscs.edu.br<\/a><\/span><span class=\"zw-portion\" data-text-len=\"1\">\u00a0<\/span><span class=\"EOP EOP-readonly\">\u00a0<\/span><\/div><\/div><\/div><div class=\"zw-paragraph\" data-width=\"567.1679999999999\" data-textformat=\"{&quot;size&quot;:12}\"><div class=\"zw-line-div\"><div class=\"zw-line-content\"><strong><span class=\"zw-portion\" data-text-len=\"7\">Marcos\u00a0<\/span><span class=\"zw-portion\" data-text-len=\"8\">Ant\u00f4nio\u00a0<\/span><span class=\"zw-portion\" data-text-len=\"6\">Gaspar<\/span><span class=\"zw-portion\" data-text-len=\"13\">\u00a0&#8211;\u00a0UNINOVE\u00a0&#8211;\u00a0<\/span><\/strong><span class=\"zw-portion zeroSize\" data-text-len=\"1\"><img id=\"bk63025c2vss\" class=\"spacer zw-range-start\" \/>\u00a0<a href=\"mailto:marcos_gaspar@hotmail.com\" target=\"_blank\" rel=\"noopener\">marcos_gaspar@hotmail.com<\/a><\/span><span class=\"zw-portion\" data-text-len=\"1\">\u00a0<\/span><span class=\"EOP EOP-readonly\">\u00a0<\/span><\/div><\/div><\/div><div class=\"zw-paragraph\" data-width=\"567.1679999999999\" data-textformat=\"{&quot;size&quot;:12}\"><div class=\"zw-line-div\"><div class=\"zw-line-content\"><strong><span class=\"zw-portion\" data-text-len=\"11\">Mauro\u00a0Luiz\u00a0<\/span><span class=\"zw-portion\" data-text-len=\"6\">Marten<\/span><span class=\"zw-portion\" data-text-len=\"1\">\u00a0<\/span><span class=\"zw-portion\" data-text-len=\"1\">&#8211;<\/span><span class=\"zw-portion\" data-text-len=\"8\">\u00a0UNIP\u00a0&#8211;\u00a0<\/span><\/strong><span class=\"zw-portion zeroSize\" data-text-len=\"1\"><img id=\"k1cng25g98od\" class=\"spacer zw-range-start\" \/><a href=\"mailto:mauro.martens@docente.unip.br\" target=\"_blank\" rel=\"noopener\">mauro.martens@docente.unip.br<\/a><\/span><span class=\"EOP EOP-readonly\">\u00a0<\/span><\/div><\/div><\/div><div class=\"zw-paragraph\" data-width=\"567.1679999999999\" data-textformat=\"{&quot;size&quot;:12}\"><div class=\"zw-line-div\"><div class=\"zw-line-content\"><strong><span class=\"zw-portion\" data-text-len=\"27\">Pedro\u00a0Lucas\u00a0de\u00a0Resende\u00a0Melo<\/span><span class=\"zw-portion\" data-text-len=\"1\">\u00a0<\/span><span class=\"zw-portion\" data-text-len=\"1\">&#8211;<\/span><span class=\"zw-portion\" data-text-len=\"8\">\u00a0UNIP\u00a0&#8211;\u00a0<\/span><\/strong><span class=\"zw-portion zeroSize\" data-text-len=\"1\"><img id=\"4td2ujkq61om\" class=\"spacer zw-range-start\" \/>\u00a0<a href=\"mailto:pedro.melo@docente.unip.br\" target=\"_blank\" rel=\"noopener\">pedro.melo@docente.unip.br<\/a><\/span><span class=\"EOP EOP-readonly\">\u00a0<\/span><\/div><\/div><\/div><div class=\"zw-paragraph\" data-width=\"567.1679999999999\" data-textformat=\"{&quot;size&quot;:12}\"><div class=\"zw-line-div\"><div class=\"zw-line-content\"><strong><span class=\"zw-portion\" data-text-len=\"23\">Renato\u00a0Telles\u00a0\u2013\u00a0USCS\u00a0&#8211;\u00a0<\/span><\/strong><span class=\"zw-portion zeroSize\" data-text-len=\"1\"><img id=\"bhn0h7a6bmco\" class=\"spacer zw-range-start\" \/>\u00a0<a href=\"mailto:renato.telles@online.uscs.edu.br\" target=\"_blank\" rel=\"noopener\">renato.telles@online.uscs.edu.br<\/a><\/span><span class=\"zw-portion\" data-text-len=\"1\">\u00a0<\/span><span class=\"EOP EOP-readonly\">\u00a0<\/span><\/div><\/div><\/div><div class=\"zw-paragraph\" data-width=\"567.1679999999999\" data-textformat=\"{&quot;size&quot;:12}\"><div class=\"zw-line-div\"><div class=\"zw-line-content\"><strong><span class=\"zw-portion\" data-text-len=\"6\">Taiane<\/span><span class=\"zw-portion\" data-text-len=\"1\">\u00a0<\/span><span class=\"zw-portion\" data-text-len=\"5\">Ritta<\/span><span class=\"zw-portion\" data-text-len=\"7\">\u00a0Coelho<\/span><span class=\"zw-portion\" data-text-len=\"1\">\u00a0<\/span><span class=\"zw-portion\" data-text-len=\"1\">&#8211;<\/span><\/strong><span class=\"zw-portion\" data-text-len=\"8\"><strong>\u00a0UFPR\u00a0&#8211;<\/strong>\u00a0<\/span><span class=\"zw-portion zeroSize\" data-text-len=\"1\"><img id=\"1ht3knb1jesv\" class=\"spacer zw-range-start\" \/><a href=\"mailto:taianecoelho@ufpr.br\" target=\"_blank\" rel=\"noopener\">taianecoelho@ufpr.br<\/a><\/span><\/div><\/div><\/div><div class=\"zw-paragraph heading1\" data-width=\"567.1679999999999\" data-header=\"1\" data-textformat=\"{&quot;size&quot;:12}\"><div class=\"zw-line-div\"><div class=\"zw-line-content\"><strong><span class=\"zw-portion\" data-text-len=\"24\">Wilson\u00a0Toshiro\u00a0Nakamura\u00a0<\/span><span class=\"zw-portion\" data-text-len=\"1\">&#8211;<\/span><span class=\"zw-portion\" data-text-len=\"13\">\u00a0MACKENZIE\u00a0&#8211;\u00a0<\/span><\/strong><span class=\"zw-portion zeroSize\" data-text-len=\"1\"><span class=\"zw-portion zeroSize\" data-text-len=\"1\"><img id=\"o79epavgp9o7\" class=\"spacer zw-range-start\" \/><a href=\"mailto:wilson.nakamura@mackenzie.br\" target=\"_blank\" rel=\"noopener\">wilson.nakamura@mackenzie.br<\/a><span style=\"color: #0000ff\">\u00a0<\/span><br \/><\/span><\/span><span class=\"zw-portion zeroSize\" data-text-len=\"1\"><img id=\"o79epavgp9o7\" class=\"spacer zw-range-end noprint\" \/><\/span><span class=\"zw-portion\" data-text-len=\"1\">\u00a0<\/span><\/div><\/div><\/div>\t\t\t\t\t\t\t\t<\/div>\n\t\t\t\t<\/div>\n\t\t\t\t\t<\/div>\n\t\t\t\t<\/div>\n\t\t\t\t<\/div>\n\t\t","protected":false},"excerpt":{"rendered":"<p>Dear participants, This year we will have the 7th edition of the Seminar for Preparation for Doctoral Selection Processes! Masters and master&#8217;s students nearing the end of their course and planning to pursue a doctorate will have the opportunity to submit their pre-thesis proposals to receive suggestions and contributions from faculty members of the graduate [&hellip;]<\/p>\n","protected":false},"author":8,"featured_media":0,"parent":0,"menu_order":0,"comment_status":"closed","ping_status":"closed","template":"temas.php","meta":{"_acf_changed":false,"tpgb_global_settings":"","inline_featured_image":false,"_monsterinsights_skip_tracking":false,"_monsterinsights_sitenote_active":false,"_monsterinsights_sitenote_note":"","_monsterinsights_sitenote_category":0,"footnotes":""},"class_list":["post-19713","page","type-page","status-publish","hentry"],"acf":[],"yoast_head":"<!-- This site is optimized with the Yoast SEO plugin v27.5 - https:\/\/yoast.com\/product\/yoast-seo-wordpress\/ -->\n<title>Pre-Doctoral Consortium - XXIX SemeAd<\/title>\n<meta name=\"robots\" content=\"index, follow, max-snippet:-1, max-image-preview:large, max-video-preview:-1\" \/>\n<link rel=\"canonical\" href=\"https:\/\/semead.com.br\/29\/en\/pre-doctoral-consortium\/\" \/>\n<meta property=\"og:locale\" content=\"en_US\" \/>\n<meta property=\"og:type\" content=\"article\" \/>\n<meta property=\"og:title\" content=\"Pre-Doctoral Consortium - XXIX SemeAd\" \/>\n<meta property=\"og:description\" content=\"Dear participants, This year we will have the 7th edition of the Seminar for Preparation for Doctoral Selection Processes! Masters and master&#8217;s students nearing the end of their course and planning to pursue a doctorate will have the opportunity to submit their pre-thesis proposals to receive suggestions and contributions from faculty members of the graduate [&hellip;]\" \/>\n<meta property=\"og:url\" content=\"https:\/\/semead.com.br\/29\/en\/pre-doctoral-consortium\/\" \/>\n<meta property=\"og:site_name\" content=\"XXIX SemeAd\" \/>\n<meta property=\"article:modified_time\" content=\"2024-07-10T15:00:37+00:00\" \/>\n<meta name=\"twitter:card\" content=\"summary_large_image\" \/>\n<meta name=\"twitter:label1\" content=\"Est. reading time\" \/>\n\t<meta name=\"twitter:data1\" content=\"4 minutes\" \/>\n<script type=\"application\/ld+json\" class=\"yoast-schema-graph\">{\"@context\":\"https:\\\/\\\/schema.org\",\"@graph\":[{\"@type\":\"WebPage\",\"@id\":\"https:\\\/\\\/semead.com.br\\\/29\\\/en\\\/pre-doctoral-consortium\\\/\",\"url\":\"https:\\\/\\\/semead.com.br\\\/29\\\/en\\\/pre-doctoral-consortium\\\/\",\"name\":\"Pre-Doctoral Consortium - XXIX SemeAd\",\"isPartOf\":{\"@id\":\"https:\\\/\\\/semead.com.br\\\/29\\\/en\\\/#website\"},\"datePublished\":\"2021-06-15T13:24:03+00:00\",\"dateModified\":\"2024-07-10T15:00:37+00:00\",\"breadcrumb\":{\"@id\":\"https:\\\/\\\/semead.com.br\\\/29\\\/en\\\/pre-doctoral-consortium\\\/#breadcrumb\"},\"inLanguage\":\"en-US\",\"potentialAction\":[{\"@type\":\"ReadAction\",\"target\":[\"https:\\\/\\\/semead.com.br\\\/29\\\/en\\\/pre-doctoral-consortium\\\/\"]}]},{\"@type\":\"BreadcrumbList\",\"@id\":\"https:\\\/\\\/semead.com.br\\\/29\\\/en\\\/pre-doctoral-consortium\\\/#breadcrumb\",\"itemListElement\":[{\"@type\":\"ListItem\",\"position\":1,\"name\":\"In\u00edcio\",\"item\":\"https:\\\/\\\/semead.com.br\\\/29\\\/en\\\/\"},{\"@type\":\"ListItem\",\"position\":2,\"name\":\"Pre-Doctoral Consortium\"}]},{\"@type\":\"WebSite\",\"@id\":\"https:\\\/\\\/semead.com.br\\\/29\\\/en\\\/#website\",\"url\":\"https:\\\/\\\/semead.com.br\\\/29\\\/en\\\/\",\"name\":\"XXIX SemeAd\",\"description\":\"Semin\u00e1rios em administra\u00e7\u00e3o\",\"potentialAction\":[{\"@type\":\"SearchAction\",\"target\":{\"@type\":\"EntryPoint\",\"urlTemplate\":\"https:\\\/\\\/semead.com.br\\\/29\\\/en\\\/?s={search_term_string}\"},\"query-input\":{\"@type\":\"PropertyValueSpecification\",\"valueRequired\":true,\"valueName\":\"search_term_string\"}}],\"inLanguage\":\"en-US\"}]}<\/script>\n<!-- \/ Yoast SEO plugin. -->","yoast_head_json":{"title":"Pre-Doctoral Consortium - XXIX SemeAd","robots":{"index":"index","follow":"follow","max-snippet":"max-snippet:-1","max-image-preview":"max-image-preview:large","max-video-preview":"max-video-preview:-1"},"canonical":"https:\/\/semead.com.br\/29\/en\/pre-doctoral-consortium\/","og_locale":"en_US","og_type":"article","og_title":"Pre-Doctoral Consortium - XXIX SemeAd","og_description":"Dear participants, This year we will have the 7th edition of the Seminar for Preparation for Doctoral Selection Processes! Masters and master&#8217;s students nearing the end of their course and planning to pursue a doctorate will have the opportunity to submit their pre-thesis proposals to receive suggestions and contributions from faculty members of the graduate [&hellip;]","og_url":"https:\/\/semead.com.br\/29\/en\/pre-doctoral-consortium\/","og_site_name":"XXIX SemeAd","article_modified_time":"2024-07-10T15:00:37+00:00","twitter_card":"summary_large_image","twitter_misc":{"Est. reading time":"4 minutes"},"schema":{"@context":"https:\/\/schema.org","@graph":[{"@type":"WebPage","@id":"https:\/\/semead.com.br\/29\/en\/pre-doctoral-consortium\/","url":"https:\/\/semead.com.br\/29\/en\/pre-doctoral-consortium\/","name":"Pre-Doctoral Consortium - XXIX SemeAd","isPartOf":{"@id":"https:\/\/semead.com.br\/29\/en\/#website"},"datePublished":"2021-06-15T13:24:03+00:00","dateModified":"2024-07-10T15:00:37+00:00","breadcrumb":{"@id":"https:\/\/semead.com.br\/29\/en\/pre-doctoral-consortium\/#breadcrumb"},"inLanguage":"en-US","potentialAction":[{"@type":"ReadAction","target":["https:\/\/semead.com.br\/29\/en\/pre-doctoral-consortium\/"]}]},{"@type":"BreadcrumbList","@id":"https:\/\/semead.com.br\/29\/en\/pre-doctoral-consortium\/#breadcrumb","itemListElement":[{"@type":"ListItem","position":1,"name":"In\u00edcio","item":"https:\/\/semead.com.br\/29\/en\/"},{"@type":"ListItem","position":2,"name":"Pre-Doctoral Consortium"}]},{"@type":"WebSite","@id":"https:\/\/semead.com.br\/29\/en\/#website","url":"https:\/\/semead.com.br\/29\/en\/","name":"XXIX SemeAd","description":"Semin\u00e1rios em administra\u00e7\u00e3o","potentialAction":[{"@type":"SearchAction","target":{"@type":"EntryPoint","urlTemplate":"https:\/\/semead.com.br\/29\/en\/?s={search_term_string}"},"query-input":{"@type":"PropertyValueSpecification","valueRequired":true,"valueName":"search_term_string"}}],"inLanguage":"en-US"}]}},"tpgb_featured_images":null,"tpgb_post_meta_info":{"get_date":"15 de June de 2021","get_modified_date":"10 de July de 2024","author_name":"amandaaguiarbarbosa","author_url":"https:\/\/semead.com.br\/29\/en\/author\/amandaaguiarbarbosa\/","author_email":"amandaaguiarbarbosa@usp.br","author_website":"","author_description":"","author_facebook":"","author_twitter":"","author_instagram":"","author_role":[],"author_firstname":"Amanda","author_lastname":"Barbosa","user_login":"amandaaguiarbarbosa","author_avatar":"<img alt='' src='https:\/\/secure.gravatar.com\/avatar\/0e2e26878f42b625151adb4996e7d9070b31dcf6bf686bd693f5ba2bab5a0f32?s=200&#038;d=mm&#038;r=g' srcset='https:\/\/secure.gravatar.com\/avatar\/0e2e26878f42b625151adb4996e7d9070b31dcf6bf686bd693f5ba2bab5a0f32?s=400&#038;d=mm&#038;r=g 2x' class='avatar avatar-200 photo' height='200' width='200' decoding='async'\/>","author_avatar_url":"https:\/\/secure.gravatar.com\/avatar\/0e2e26878f42b625151adb4996e7d9070b31dcf6bf686bd693f5ba2bab5a0f32?s=96&d=mm&r=g","comment_count":0,"post_likes":0,"post_views":0},"tpgb_post_category":[],"jetpack_sharing_enabled":true,"_links":{"self":[{"href":"https:\/\/semead.com.br\/29\/en\/wp-json\/wp\/v2\/pages\/19713","targetHints":{"allow":["GET"]}}],"collection":[{"href":"https:\/\/semead.com.br\/29\/en\/wp-json\/wp\/v2\/pages"}],"about":[{"href":"https:\/\/semead.com.br\/29\/en\/wp-json\/wp\/v2\/types\/page"}],"author":[{"embeddable":true,"href":"https:\/\/semead.com.br\/29\/en\/wp-json\/wp\/v2\/users\/8"}],"replies":[{"embeddable":true,"href":"https:\/\/semead.com.br\/29\/en\/wp-json\/wp\/v2\/comments?post=19713"}],"version-history":[{"count":0,"href":"https:\/\/semead.com.br\/29\/en\/wp-json\/wp\/v2\/pages\/19713\/revisions"}],"wp:attachment":[{"href":"https:\/\/semead.com.br\/29\/en\/wp-json\/wp\/v2\/media?parent=19713"}],"curies":[{"name":"wp","href":"https:\/\/api.w.org\/{rel}","templated":true}]}}