{"id":19754,"date":"2021-06-15T13:19:06","date_gmt":"2021-06-15T16:19:06","guid":{"rendered":"https:\/\/semead.com.br\/29-novo\/?page_id=19754"},"modified":"2021-06-15T13:20:28","modified_gmt":"2021-06-15T16:20:28","slug":"sessoes-de-apresentacao-de-trabalhos","status":"publish","type":"page","link":"https:\/\/semead.com.br\/29\/en\/sessoes-de-apresentacao-de-trabalhos\/","title":{"rendered":"Paper Presentation Sessions"},"content":{"rendered":"\t\t<div data-elementor-type=\"wp-page\" data-elementor-id=\"19754\" class=\"elementor elementor-19754 elementor-18176\" data-elementor-post-type=\"page\">\n\t\t\t\t\t\t<section class=\"elementor-section elementor-top-section elementor-element elementor-element-2cb2542f elementor-section-boxed elementor-section-height-default elementor-section-height-default\" data-id=\"2cb2542f\" data-element_type=\"section\" data-e-type=\"section\">\n\t\t\t\t\t\t<div class=\"elementor-container elementor-column-gap-default\">\n\t\t\t\t\t<div class=\"elementor-column elementor-col-50 elementor-top-column elementor-element elementor-element-24aab3bf\" data-id=\"24aab3bf\" data-element_type=\"column\" data-e-type=\"column\">\n\t\t\t<div class=\"elementor-widget-wrap elementor-element-populated\">\n\t\t\t\t\t\t<div class=\"elementor-element elementor-element-27133061 elementor-widget elementor-widget-text-editor\" data-id=\"27133061\" data-element_type=\"widget\" data-e-type=\"widget\" data-widget_type=\"text-editor.default\">\n\t\t\t\t<div class=\"elementor-widget-container\">\n\t\t\t\t\t\t\t\t\t<p>This is one of the main activities of the event, where the participants can present their approved articles in sessions shared with other papers that are on some level correlated with their own. These sessions are guided by a moderator (generally a professor) and a debater (postgraduate students) who coordinate the discussions between the participants and the arguments about each participating paper.<\/p>\n<p>\u00a0<\/p>\t\t\t\t\t\t\t\t<\/div>\n\t\t\t\t<\/div>\n\t\t\t\t\t<\/div>\n\t\t<\/div>\n\t\t\t\t<div class=\"elementor-column elementor-col-50 elementor-top-column elementor-element elementor-element-ff18270\" data-id=\"ff18270\" data-element_type=\"column\" data-e-type=\"column\">\n\t\t\t<div class=\"elementor-widget-wrap elementor-element-populated\">\n\t\t\t\t\t\t<div class=\"elementor-element elementor-element-5f70075 elementor-widget elementor-widget-wp-widget-nav_menu\" data-id=\"5f70075\" data-element_type=\"widget\" data-e-type=\"widget\" data-widget_type=\"wp-widget-nav_menu.default\">\n\t\t\t\t<div class=\"elementor-widget-container\">\n\t\t\t\t\t<h5>Atividades SemeAD<\/h5><div class=\"menu-atividades-ingles-container\"><ul id=\"menu-atividades-ingles\" class=\"menu\"><li id=\"menu-item-32929\" class=\"menu-item menu-item-type-post_type menu-item-object-page menu-item-32929\"><a href=\"https:\/\/semead.com.br\/29\/en\/meeting-with-the-editors-semead-2024\/\">Meeting with the Editors SEMEAD 2024<\/a><\/li>\n<li id=\"menu-item-19714\" class=\"menu-item menu-item-type-post_type menu-item-object-page menu-item-19714\"><a href=\"https:\/\/semead.com.br\/29\/en\/pre-doctoral-consortium\/\">Pre-Doctoral Consortium<\/a><\/li>\n<li id=\"menu-item-19729\" class=\"menu-item menu-item-type-post_type menu-item-object-page menu-item-19729\"><a href=\"https:\/\/semead.com.br\/29\/en\/business-speakers\/\">Business Speakers<\/a><\/li>\n<li id=\"menu-item-19755\" class=\"menu-item menu-item-type-post_type menu-item-object-page menu-item-19755\"><a href=\"https:\/\/semead.com.br\/29\/en\/sessoes-de-apresentacao-de-trabalhos\/\">Paper Presentation Sessions<\/a><\/li>\n<li id=\"menu-item-20529\" class=\"menu-item menu-item-type-post_type menu-item-object-page menu-item-20529\"><a href=\"https:\/\/semead.com.br\/29\/en\/fast-track\/journals-a1-on-fast-track\/\">Journals A1 on Fast-Track<\/a><\/li>\n<li id=\"menu-item-24281\" class=\"menu-item menu-item-type-post_type menu-item-object-page menu-item-24281\"><a href=\"https:\/\/semead.com.br\/29\/en\/semead-release\/\">SemeAd Release<\/a><\/li>\n<li id=\"menu-item-24287\" class=\"menu-item menu-item-type-post_type menu-item-object-page menu-item-24287\"><a href=\"https:\/\/semead.com.br\/29\/en\/certificates-available\/\">Certificates Available<\/a><\/li>\n<li id=\"menu-item-25132\" class=\"menu-item menu-item-type-post_type menu-item-object-page menu-item-25132\"><a href=\"https:\/\/semead.com.br\/29\/fast-track-e-special-issues\/\">Special Issues &#038; Fast-Track<\/a><\/li>\n<li id=\"menu-item-33839\" class=\"menu-item menu-item-type-post_type menu-item-object-page menu-item-33839\"><a href=\"https:\/\/semead.com.br\/29\/en\/inscricoes\/\">Registration<\/a><\/li>\n<li id=\"menu-item-20297\" class=\"menu-item menu-item-type-post_type menu-item-object-page menu-item-20297\"><a href=\"https:\/\/semead.com.br\/29\/en\/submission-process-on-fast-track\/\">Submission Process on Fast-Track<\/a><\/li>\n<li id=\"menu-item-28862\" class=\"menu-item menu-item-type-post_type menu-item-object-page menu-item-28862\"><a href=\"https:\/\/semead.com.br\/29\/en\/doctoral-consortium-2\/\">Doctoral Consortium<\/a><\/li>\n<li id=\"menu-item-26413\" class=\"menu-item menu-item-type-post_type menu-item-object-page current_page_parent menu-item-26413\"><a href=\"https:\/\/semead.com.br\/29\/en\/blog\/\">Blog<\/a><\/li>\n<li id=\"menu-item-27660\" class=\"menu-item menu-item-type-post_type menu-item-object-page menu-item-home menu-item-27660\"><a href=\"https:\/\/semead.com.br\/29\/en\/\">Home<\/a><\/li>\n<li id=\"menu-item-29758\" class=\"menu-item menu-item-type-post_type menu-item-object-page menu-item-29758\"><a href=\"https:\/\/semead.com.br\/29\/en\/semead-ambassadors\/\">SemeAd Ambassadors<\/a><\/li>\n<li id=\"menu-item-31327\" class=\"menu-item menu-item-type-post_type menu-item-object-page menu-item-31327\"><a href=\"https:\/\/semead.com.br\/29\/en\/organizers\/\">Organizers<\/a><\/li>\n<li id=\"menu-item-25133\" class=\"menu-item menu-item-type-post_type menu-item-object-page menu-item-25133\"><a href=\"https:\/\/semead.com.br\/29\/bolsa-semead-pq-jr\/\">Lan\u00e7amento: Bolsa SemeAd PQ Jr.<\/a><\/li>\n<li id=\"menu-item-32949\" class=\"menu-item menu-item-type-post_type menu-item-object-page menu-item-32949\"><a href=\"https:\/\/semead.com.br\/29\/en\/meeting-with-the-editors-semead-2024\/\">Meeting with the Editors SEMEAD 2024<\/a><\/li>\n<li id=\"menu-item-25135\" class=\"menu-item menu-item-type-post_type menu-item-object-page menu-item-25135\"><a href=\"https:\/\/semead.com.br\/29\/voluntarios\/\">Volunt\u00e1rios<\/a><\/li>\n<li id=\"menu-item-25136\" class=\"menu-item menu-item-type-post_type menu-item-object-page menu-item-25136\"><a href=\"https:\/\/semead.com.br\/29\/divulgacao-promocao-livros\/\">Divulga\u00e7\u00e3o e Promo\u00e7\u00e3o de Livros<\/a><\/li>\n<li id=\"menu-item-25137\" class=\"menu-item menu-item-type-post_type menu-item-object-page menu-item-25137\"><a href=\"https:\/\/semead.com.br\/29\/evento\/voluntariado\/lideres-de-nucleo\/\">L\u00edderes de N\u00facleo<\/a><\/li>\n<li id=\"menu-item-23464\" class=\"menu-item menu-item-type-post_type menu-item-object-page menu-item-23464\"><a href=\"https:\/\/semead.com.br\/29\/en\/best-papers-nominees\/\">Best Papers Nominees<\/a><\/li>\n<li id=\"menu-item-35779\" class=\"menu-item menu-item-type-post_type menu-item-object-page menu-item-35779\"><a href=\"https:\/\/semead.com.br\/29\/en\/regras-para-submissao-ao-consorcio\/\">Doctoral Consortium Submission Rules<\/a><\/li>\n<li id=\"menu-item-33912\" class=\"menu-item menu-item-type-post_type menu-item-object-page menu-item-33912\"><a href=\"https:\/\/semead.com.br\/29\/en\/event-schedule\/\">Event Schedule<\/a><\/li>\n<li id=\"menu-item-25141\" class=\"menu-item menu-item-type-post_type menu-item-object-page menu-item-25141\"><a href=\"https:\/\/semead.com.br\/29\/resultados-bolsa-pq\/\">Resultados Bolsa SemeAd PQ Jr.<\/a><\/li>\n<li id=\"menu-item-29582\" class=\"menu-item menu-item-type-post_type menu-item-object-page menu-item-29582\"><a href=\"https:\/\/semead.com.br\/29\/en\/faq\/\">FAQ<\/a><\/li>\n<li id=\"menu-item-31570\" class=\"menu-item menu-item-type-post_type menu-item-object-page menu-item-31570\"><a href=\"https:\/\/semead.com.br\/29\/en\/tracks\/scientific-areas\/entrepreneurship\/\">Entrepreneurship<\/a><\/li>\n<li id=\"menu-item-31527\" class=\"menu-item menu-item-type-post_type menu-item-object-page menu-item-31527\"><a href=\"https:\/\/semead.com.br\/29\/en\/tracks\/scientific-areas\/people-management\/\">People Management<\/a><\/li>\n<\/ul><\/div>\t\t\t\t<\/div>\n\t\t\t\t<\/div>\n\t\t\t\t\t<\/div>\n\t\t<\/div>\n\t\t\t\t\t<\/div>\n\t\t<\/section>\n\t\t\t\t<\/div>\n\t\t","protected":false},"excerpt":{"rendered":"<p>This is one of the main activities of the event, where the participants can present their approved articles in sessions shared with other papers that are on some level correlated with their own. These sessions are guided by a moderator (generally a professor) and a debater (postgraduate students) who coordinate the discussions between the participants [&hellip;]<\/p>\n","protected":false},"author":8,"featured_media":0,"parent":0,"menu_order":0,"comment_status":"closed","ping_status":"closed","template":"","meta":{"_acf_changed":false,"tpgb_global_settings":"","inline_featured_image":false,"_monsterinsights_skip_tracking":false,"_monsterinsights_sitenote_active":false,"_monsterinsights_sitenote_note":"","_monsterinsights_sitenote_category":0,"footnotes":""},"class_list":["post-19754","page","type-page","status-publish","hentry"],"acf":{"coordenadores":null,"audio_da_coordenacao":null,"temas":null},"yoast_head":"<!-- This site is optimized with the Yoast SEO plugin v27.5 - https:\/\/yoast.com\/product\/yoast-seo-wordpress\/ -->\n<title>Paper Presentation Sessions - XXIX SemeAd<\/title>\n<meta name=\"robots\" content=\"index, follow, max-snippet:-1, max-image-preview:large, max-video-preview:-1\" \/>\n<link rel=\"canonical\" href=\"https:\/\/semead.com.br\/29\/en\/sessoes-de-apresentacao-de-trabalhos\/\" \/>\n<meta property=\"og:locale\" content=\"en_US\" \/>\n<meta property=\"og:type\" content=\"article\" \/>\n<meta property=\"og:title\" content=\"Paper Presentation Sessions - XXIX SemeAd\" \/>\n<meta property=\"og:description\" content=\"This is one of the main activities of the event, where the participants can present their approved articles in sessions shared with other papers that are on some level correlated with their own. These sessions are guided by a moderator (generally a professor) and a debater (postgraduate students) who coordinate the discussions between the participants [&hellip;]\" \/>\n<meta property=\"og:url\" content=\"https:\/\/semead.com.br\/29\/en\/sessoes-de-apresentacao-de-trabalhos\/\" \/>\n<meta property=\"og:site_name\" content=\"XXIX SemeAd\" \/>\n<meta property=\"article:modified_time\" content=\"2021-06-15T16:20:28+00:00\" \/>\n<meta name=\"twitter:card\" content=\"summary_large_image\" \/>\n<meta name=\"twitter:label1\" content=\"Est. reading time\" \/>\n\t<meta name=\"twitter:data1\" content=\"1 minute\" \/>\n<script type=\"application\/ld+json\" class=\"yoast-schema-graph\">{\"@context\":\"https:\\\/\\\/schema.org\",\"@graph\":[{\"@type\":\"WebPage\",\"@id\":\"https:\\\/\\\/semead.com.br\\\/29\\\/en\\\/sessoes-de-apresentacao-de-trabalhos\\\/\",\"url\":\"https:\\\/\\\/semead.com.br\\\/29\\\/en\\\/sessoes-de-apresentacao-de-trabalhos\\\/\",\"name\":\"Paper Presentation Sessions - XXIX SemeAd\",\"isPartOf\":{\"@id\":\"https:\\\/\\\/semead.com.br\\\/29\\\/en\\\/#website\"},\"datePublished\":\"2021-06-15T16:19:06+00:00\",\"dateModified\":\"2021-06-15T16:20:28+00:00\",\"breadcrumb\":{\"@id\":\"https:\\\/\\\/semead.com.br\\\/29\\\/en\\\/sessoes-de-apresentacao-de-trabalhos\\\/#breadcrumb\"},\"inLanguage\":\"en-US\",\"potentialAction\":[{\"@type\":\"ReadAction\",\"target\":[\"https:\\\/\\\/semead.com.br\\\/29\\\/en\\\/sessoes-de-apresentacao-de-trabalhos\\\/\"]}]},{\"@type\":\"BreadcrumbList\",\"@id\":\"https:\\\/\\\/semead.com.br\\\/29\\\/en\\\/sessoes-de-apresentacao-de-trabalhos\\\/#breadcrumb\",\"itemListElement\":[{\"@type\":\"ListItem\",\"position\":1,\"name\":\"In\u00edcio\",\"item\":\"https:\\\/\\\/semead.com.br\\\/29\\\/en\\\/\"},{\"@type\":\"ListItem\",\"position\":2,\"name\":\"Paper Presentation Sessions\"}]},{\"@type\":\"WebSite\",\"@id\":\"https:\\\/\\\/semead.com.br\\\/29\\\/en\\\/#website\",\"url\":\"https:\\\/\\\/semead.com.br\\\/29\\\/en\\\/\",\"name\":\"XXIX SemeAd\",\"description\":\"Semin\u00e1rios em administra\u00e7\u00e3o\",\"potentialAction\":[{\"@type\":\"SearchAction\",\"target\":{\"@type\":\"EntryPoint\",\"urlTemplate\":\"https:\\\/\\\/semead.com.br\\\/29\\\/en\\\/?s={search_term_string}\"},\"query-input\":{\"@type\":\"PropertyValueSpecification\",\"valueRequired\":true,\"valueName\":\"search_term_string\"}}],\"inLanguage\":\"en-US\"}]}<\/script>\n<!-- \/ Yoast SEO plugin. -->","yoast_head_json":{"title":"Paper Presentation Sessions - XXIX SemeAd","robots":{"index":"index","follow":"follow","max-snippet":"max-snippet:-1","max-image-preview":"max-image-preview:large","max-video-preview":"max-video-preview:-1"},"canonical":"https:\/\/semead.com.br\/29\/en\/sessoes-de-apresentacao-de-trabalhos\/","og_locale":"en_US","og_type":"article","og_title":"Paper Presentation Sessions - XXIX SemeAd","og_description":"This is one of the main activities of the event, where the participants can present their approved articles in sessions shared with other papers that are on some level correlated with their own. These sessions are guided by a moderator (generally a professor) and a debater (postgraduate students) who coordinate the discussions between the participants [&hellip;]","og_url":"https:\/\/semead.com.br\/29\/en\/sessoes-de-apresentacao-de-trabalhos\/","og_site_name":"XXIX SemeAd","article_modified_time":"2021-06-15T16:20:28+00:00","twitter_card":"summary_large_image","twitter_misc":{"Est. reading time":"1 minute"},"schema":{"@context":"https:\/\/schema.org","@graph":[{"@type":"WebPage","@id":"https:\/\/semead.com.br\/29\/en\/sessoes-de-apresentacao-de-trabalhos\/","url":"https:\/\/semead.com.br\/29\/en\/sessoes-de-apresentacao-de-trabalhos\/","name":"Paper Presentation Sessions - XXIX SemeAd","isPartOf":{"@id":"https:\/\/semead.com.br\/29\/en\/#website"},"datePublished":"2021-06-15T16:19:06+00:00","dateModified":"2021-06-15T16:20:28+00:00","breadcrumb":{"@id":"https:\/\/semead.com.br\/29\/en\/sessoes-de-apresentacao-de-trabalhos\/#breadcrumb"},"inLanguage":"en-US","potentialAction":[{"@type":"ReadAction","target":["https:\/\/semead.com.br\/29\/en\/sessoes-de-apresentacao-de-trabalhos\/"]}]},{"@type":"BreadcrumbList","@id":"https:\/\/semead.com.br\/29\/en\/sessoes-de-apresentacao-de-trabalhos\/#breadcrumb","itemListElement":[{"@type":"ListItem","position":1,"name":"In\u00edcio","item":"https:\/\/semead.com.br\/29\/en\/"},{"@type":"ListItem","position":2,"name":"Paper Presentation Sessions"}]},{"@type":"WebSite","@id":"https:\/\/semead.com.br\/29\/en\/#website","url":"https:\/\/semead.com.br\/29\/en\/","name":"XXIX SemeAd","description":"Semin\u00e1rios em administra\u00e7\u00e3o","potentialAction":[{"@type":"SearchAction","target":{"@type":"EntryPoint","urlTemplate":"https:\/\/semead.com.br\/29\/en\/?s={search_term_string}"},"query-input":{"@type":"PropertyValueSpecification","valueRequired":true,"valueName":"search_term_string"}}],"inLanguage":"en-US"}]}},"tpgb_featured_images":null,"tpgb_post_meta_info":{"get_date":"15 de June de 2021","get_modified_date":"15 de June de 2021","author_name":"amandaaguiarbarbosa","author_url":"https:\/\/semead.com.br\/29\/en\/author\/amandaaguiarbarbosa\/","author_email":"amandaaguiarbarbosa@usp.br","author_website":"","author_description":"","author_facebook":"","author_twitter":"","author_instagram":"","author_role":[],"author_firstname":"Amanda","author_lastname":"Barbosa","user_login":"amandaaguiarbarbosa","author_avatar":"<img alt='' src='https:\/\/secure.gravatar.com\/avatar\/0e2e26878f42b625151adb4996e7d9070b31dcf6bf686bd693f5ba2bab5a0f32?s=200&#038;d=mm&#038;r=g' srcset='https:\/\/secure.gravatar.com\/avatar\/0e2e26878f42b625151adb4996e7d9070b31dcf6bf686bd693f5ba2bab5a0f32?s=400&#038;d=mm&#038;r=g 2x' class='avatar avatar-200 photo' height='200' width='200' decoding='async'\/>","author_avatar_url":"https:\/\/secure.gravatar.com\/avatar\/0e2e26878f42b625151adb4996e7d9070b31dcf6bf686bd693f5ba2bab5a0f32?s=96&d=mm&r=g","comment_count":0,"post_likes":0,"post_views":0},"tpgb_post_category":[],"jetpack_sharing_enabled":true,"_links":{"self":[{"href":"https:\/\/semead.com.br\/29\/en\/wp-json\/wp\/v2\/pages\/19754","targetHints":{"allow":["GET"]}}],"collection":[{"href":"https:\/\/semead.com.br\/29\/en\/wp-json\/wp\/v2\/pages"}],"about":[{"href":"https:\/\/semead.com.br\/29\/en\/wp-json\/wp\/v2\/types\/page"}],"author":[{"embeddable":true,"href":"https:\/\/semead.com.br\/29\/en\/wp-json\/wp\/v2\/users\/8"}],"replies":[{"embeddable":true,"href":"https:\/\/semead.com.br\/29\/en\/wp-json\/wp\/v2\/comments?post=19754"}],"version-history":[{"count":0,"href":"https:\/\/semead.com.br\/29\/en\/wp-json\/wp\/v2\/pages\/19754\/revisions"}],"wp:attachment":[{"href":"https:\/\/semead.com.br\/29\/en\/wp-json\/wp\/v2\/media?parent=19754"}],"curies":[{"name":"wp","href":"https:\/\/api.w.org\/{rel}","templated":true}]}}