{"id":19761,"date":"2021-06-15T13:29:49","date_gmt":"2021-06-15T16:29:49","guid":{"rendered":"https:\/\/semead.com.br\/29-novo\/?page_id=19761"},"modified":"2021-08-13T22:23:03","modified_gmt":"2021-08-14T01:23:03","slug":"workshops","status":"publish","type":"page","link":"https:\/\/semead.com.br\/29\/en\/workshops\/","title":{"rendered":"Workshops"},"content":{"rendered":"\t\t<div data-elementor-type=\"wp-post\" data-elementor-id=\"19761\" class=\"elementor elementor-19761\" data-elementor-post-type=\"page\">\n\t\t\t\t\t\t<section class=\"elementor-section elementor-top-section elementor-element elementor-element-579d625 elementor-section-boxed elementor-section-height-default elementor-section-height-default\" data-id=\"579d625\" data-element_type=\"section\" data-e-type=\"section\">\n\t\t\t\t\t\t<div class=\"elementor-container elementor-column-gap-default\">\n\t\t\t\t\t<div class=\"elementor-column elementor-col-66 elementor-top-column elementor-element elementor-element-fa1018a\" data-id=\"fa1018a\" data-element_type=\"column\" data-e-type=\"column\">\n\t\t\t<div class=\"elementor-widget-wrap elementor-element-populated\">\n\t\t\t\t\t\t<div class=\"elementor-element elementor-element-84089eb elementor-widget elementor-widget-text-editor\" data-id=\"84089eb\" data-element_type=\"widget\" data-e-type=\"widget\" data-widget_type=\"text-editor.default\">\n\t\t\t\t<div class=\"elementor-widget-container\">\n\t\t\t\t\t\t\t\t\t<p>The methodological Workshops and Minicourses session is a SemeAd activity that aims to promote practical activities and in-depth discussions of specific research themes. Every Workshop features researchers experienced in the proposed themes.<\/p>\t\t\t\t\t\t\t\t<\/div>\n\t\t\t\t<\/div>\n\t\t\t\t<div class=\"elementor-element elementor-element-4e72dd8 elementor-button-warning elementor-align-center elementor-widget elementor-widget-button\" data-id=\"4e72dd8\" data-element_type=\"widget\" data-e-type=\"widget\" data-widget_type=\"button.default\">\n\t\t\t\t<div class=\"elementor-widget-container\">\n\t\t\t\t\t\t\t\t\t<div class=\"elementor-button-wrapper\">\n\t\t\t\t\t<a class=\"elementor-button elementor-button-link elementor-size-xl\" href=\"https:\/\/semead.com.br\/24\/confirmed-workshops\/?lang=en\" target=\"_blank\">\n\t\t\t\t\t\t<span class=\"elementor-button-content-wrapper\">\n\t\t\t\t\t\t\t\t\t<span class=\"elementor-button-text\">See the confirmed Workshops<\/span>\n\t\t\t\t\t<\/span>\n\t\t\t\t\t<\/a>\n\t\t\t\t<\/div>\n\t\t\t\t\t\t\t\t<\/div>\n\t\t\t\t<\/div>\n\t\t\t\t\t<\/div>\n\t\t<\/div>\n\t\t\t\t<div class=\"elementor-column elementor-col-33 elementor-top-column elementor-element elementor-element-34f7e73\" data-id=\"34f7e73\" data-element_type=\"column\" data-e-type=\"column\">\n\t\t\t<div class=\"elementor-widget-wrap elementor-element-populated\">\n\t\t\t\t\t\t<div class=\"elementor-element elementor-element-cc0536f elementor-widget elementor-widget-wp-widget-nav_menu\" data-id=\"cc0536f\" data-element_type=\"widget\" data-e-type=\"widget\" data-widget_type=\"wp-widget-nav_menu.default\">\n\t\t\t\t<div class=\"elementor-widget-container\">\n\t\t\t\t\t<h5>Atividades SemeAD<\/h5><div class=\"menu-atividades-ingles-container\"><ul id=\"menu-atividades-ingles\" class=\"menu\"><li id=\"menu-item-32929\" class=\"menu-item menu-item-type-post_type menu-item-object-page menu-item-32929\"><a href=\"https:\/\/semead.com.br\/29\/en\/meeting-with-the-editors-semead-2024\/\">Meeting with the Editors SEMEAD 2024<\/a><\/li>\n<li id=\"menu-item-19714\" class=\"menu-item menu-item-type-post_type menu-item-object-page menu-item-19714\"><a href=\"https:\/\/semead.com.br\/29\/en\/pre-doctoral-consortium\/\">Pre-Doctoral Consortium<\/a><\/li>\n<li id=\"menu-item-19729\" class=\"menu-item menu-item-type-post_type menu-item-object-page menu-item-19729\"><a href=\"https:\/\/semead.com.br\/29\/en\/business-speakers\/\">Business Speakers<\/a><\/li>\n<li id=\"menu-item-19755\" class=\"menu-item menu-item-type-post_type menu-item-object-page menu-item-19755\"><a href=\"https:\/\/semead.com.br\/29\/en\/sessoes-de-apresentacao-de-trabalhos\/\">Paper Presentation Sessions<\/a><\/li>\n<li id=\"menu-item-20529\" class=\"menu-item menu-item-type-post_type menu-item-object-page menu-item-20529\"><a href=\"https:\/\/semead.com.br\/29\/en\/fast-track\/journals-a1-on-fast-track\/\">Journals A1 on Fast-Track<\/a><\/li>\n<li id=\"menu-item-24281\" class=\"menu-item menu-item-type-post_type menu-item-object-page menu-item-24281\"><a href=\"https:\/\/semead.com.br\/29\/en\/semead-release\/\">SemeAd Release<\/a><\/li>\n<li id=\"menu-item-24287\" class=\"menu-item menu-item-type-post_type menu-item-object-page menu-item-24287\"><a href=\"https:\/\/semead.com.br\/29\/en\/certificates-available\/\">Certificates Available<\/a><\/li>\n<li id=\"menu-item-25132\" class=\"menu-item menu-item-type-post_type menu-item-object-page menu-item-25132\"><a href=\"https:\/\/semead.com.br\/29\/fast-track-e-special-issues\/\">Special Issues &#038; Fast-Track<\/a><\/li>\n<li id=\"menu-item-33839\" class=\"menu-item menu-item-type-post_type menu-item-object-page menu-item-33839\"><a href=\"https:\/\/semead.com.br\/29\/en\/inscricoes\/\">Registration<\/a><\/li>\n<li id=\"menu-item-20297\" class=\"menu-item menu-item-type-post_type menu-item-object-page menu-item-20297\"><a href=\"https:\/\/semead.com.br\/29\/en\/submission-process-on-fast-track\/\">Submission Process on Fast-Track<\/a><\/li>\n<li id=\"menu-item-28862\" class=\"menu-item menu-item-type-post_type menu-item-object-page menu-item-28862\"><a href=\"https:\/\/semead.com.br\/29\/en\/doctoral-consortium-2\/\">Doctoral Consortium<\/a><\/li>\n<li id=\"menu-item-26413\" class=\"menu-item menu-item-type-post_type menu-item-object-page current_page_parent menu-item-26413\"><a href=\"https:\/\/semead.com.br\/29\/en\/blog\/\">Blog<\/a><\/li>\n<li id=\"menu-item-27660\" class=\"menu-item menu-item-type-post_type menu-item-object-page menu-item-home menu-item-27660\"><a href=\"https:\/\/semead.com.br\/29\/en\/\">Home<\/a><\/li>\n<li id=\"menu-item-29758\" class=\"menu-item menu-item-type-post_type menu-item-object-page menu-item-29758\"><a href=\"https:\/\/semead.com.br\/29\/en\/semead-ambassadors\/\">SemeAd Ambassadors<\/a><\/li>\n<li id=\"menu-item-31327\" class=\"menu-item menu-item-type-post_type menu-item-object-page menu-item-31327\"><a href=\"https:\/\/semead.com.br\/29\/en\/organizers\/\">Organizers<\/a><\/li>\n<li id=\"menu-item-25133\" class=\"menu-item menu-item-type-post_type menu-item-object-page menu-item-25133\"><a href=\"https:\/\/semead.com.br\/29\/bolsa-semead-pq-jr\/\">Lan\u00e7amento: Bolsa SemeAd PQ Jr.<\/a><\/li>\n<li id=\"menu-item-32949\" class=\"menu-item menu-item-type-post_type menu-item-object-page menu-item-32949\"><a href=\"https:\/\/semead.com.br\/29\/en\/meeting-with-the-editors-semead-2024\/\">Meeting with the Editors SEMEAD 2024<\/a><\/li>\n<li id=\"menu-item-25135\" class=\"menu-item menu-item-type-post_type menu-item-object-page menu-item-25135\"><a href=\"https:\/\/semead.com.br\/29\/voluntarios\/\">Volunt\u00e1rios<\/a><\/li>\n<li id=\"menu-item-25136\" class=\"menu-item menu-item-type-post_type menu-item-object-page menu-item-25136\"><a href=\"https:\/\/semead.com.br\/29\/divulgacao-promocao-livros\/\">Divulga\u00e7\u00e3o e Promo\u00e7\u00e3o de Livros<\/a><\/li>\n<li id=\"menu-item-25137\" class=\"menu-item menu-item-type-post_type menu-item-object-page menu-item-25137\"><a href=\"https:\/\/semead.com.br\/29\/evento\/voluntariado\/lideres-de-nucleo\/\">L\u00edderes de N\u00facleo<\/a><\/li>\n<li id=\"menu-item-23464\" class=\"menu-item menu-item-type-post_type menu-item-object-page menu-item-23464\"><a href=\"https:\/\/semead.com.br\/29\/en\/best-papers-nominees\/\">Best Papers Nominees<\/a><\/li>\n<li id=\"menu-item-35779\" class=\"menu-item menu-item-type-post_type menu-item-object-page menu-item-35779\"><a href=\"https:\/\/semead.com.br\/29\/en\/regras-para-submissao-ao-consorcio\/\">Doctoral Consortium Submission Rules<\/a><\/li>\n<li id=\"menu-item-33912\" class=\"menu-item menu-item-type-post_type menu-item-object-page menu-item-33912\"><a href=\"https:\/\/semead.com.br\/29\/en\/event-schedule\/\">Event Schedule<\/a><\/li>\n<li id=\"menu-item-25141\" class=\"menu-item menu-item-type-post_type menu-item-object-page menu-item-25141\"><a href=\"https:\/\/semead.com.br\/29\/resultados-bolsa-pq\/\">Resultados Bolsa SemeAd PQ Jr.<\/a><\/li>\n<li id=\"menu-item-29582\" class=\"menu-item menu-item-type-post_type menu-item-object-page menu-item-29582\"><a href=\"https:\/\/semead.com.br\/29\/en\/faq\/\">FAQ<\/a><\/li>\n<li id=\"menu-item-31570\" class=\"menu-item menu-item-type-post_type menu-item-object-page menu-item-31570\"><a href=\"https:\/\/semead.com.br\/29\/en\/tracks\/scientific-areas\/entrepreneurship\/\">Entrepreneurship<\/a><\/li>\n<li id=\"menu-item-31527\" class=\"menu-item menu-item-type-post_type menu-item-object-page menu-item-31527\"><a href=\"https:\/\/semead.com.br\/29\/en\/tracks\/scientific-areas\/people-management\/\">People Management<\/a><\/li>\n<\/ul><\/div>\t\t\t\t<\/div>\n\t\t\t\t<\/div>\n\t\t\t\t\t<\/div>\n\t\t<\/div>\n\t\t\t\t\t<\/div>\n\t\t<\/section>\n\t\t\t\t<section class=\"elementor-section elementor-top-section elementor-element elementor-element-c42c76c elementor-section-boxed elementor-section-height-default elementor-section-height-default\" data-id=\"c42c76c\" data-element_type=\"section\" data-e-type=\"section\">\n\t\t\t\t\t\t<div class=\"elementor-container elementor-column-gap-default\">\n\t\t\t\t\t<div class=\"elementor-column elementor-col-100 elementor-top-column elementor-element elementor-element-87c4c23\" data-id=\"87c4c23\" data-element_type=\"column\" data-e-type=\"column\">\n\t\t\t<div class=\"elementor-widget-wrap elementor-element-populated\">\n\t\t\t\t\t\t<div class=\"elementor-element elementor-element-1d4da41 elementor-widget elementor-widget-text-editor\" data-id=\"1d4da41\" data-element_type=\"widget\" data-e-type=\"widget\" data-widget_type=\"text-editor.default\">\n\t\t\t\t<div class=\"elementor-widget-container\">\n\t\t\t\t\t\t\t\t\t<h5>More information and detailed schedule of each Workshop will be available soon.<\/h5>\t\t\t\t\t\t\t\t<\/div>\n\t\t\t\t<\/div>\n\t\t\t\t\t<\/div>\n\t\t<\/div>\n\t\t\t\t\t<\/div>\n\t\t<\/section>\n\t\t\t\t<\/div>\n\t\t","protected":false},"excerpt":{"rendered":"<p>The methodological Workshops and Minicourses session is a SemeAd activity that aims to promote practical activities and in-depth discussions of specific research themes. Every Workshop features researchers experienced in the proposed themes. See the confirmed Workshops More information and detailed schedule of each Workshop will be available soon.<\/p>\n","protected":false},"author":8,"featured_media":0,"parent":0,"menu_order":0,"comment_status":"closed","ping_status":"closed","template":"","meta":{"_acf_changed":false,"tpgb_global_settings":"","inline_featured_image":false,"_monsterinsights_skip_tracking":false,"_monsterinsights_sitenote_active":false,"_monsterinsights_sitenote_note":"","_monsterinsights_sitenote_category":0,"footnotes":""},"class_list":["post-19761","page","type-page","status-publish","hentry"],"acf":{"coordenadores":null,"audio_da_coordenacao":null,"temas":null},"yoast_head":"<!-- This site is optimized with the Yoast SEO plugin v27.5 - https:\/\/yoast.com\/product\/yoast-seo-wordpress\/ -->\n<title>Workshops - XXIX SemeAd<\/title>\n<meta name=\"robots\" content=\"index, follow, max-snippet:-1, max-image-preview:large, max-video-preview:-1\" \/>\n<link rel=\"canonical\" href=\"https:\/\/semead.com.br\/29\/en\/workshops\/\" \/>\n<meta property=\"og:locale\" content=\"en_US\" \/>\n<meta property=\"og:type\" content=\"article\" \/>\n<meta property=\"og:title\" content=\"Workshops - XXIX SemeAd\" \/>\n<meta property=\"og:description\" content=\"The methodological Workshops and Minicourses session is a SemeAd activity that aims to promote practical activities and in-depth discussions of specific research themes. Every Workshop features researchers experienced in the proposed themes. See the confirmed Workshops More information and detailed schedule of each Workshop will be available soon.\" \/>\n<meta property=\"og:url\" content=\"https:\/\/semead.com.br\/29\/en\/workshops\/\" \/>\n<meta property=\"og:site_name\" content=\"XXIX SemeAd\" \/>\n<meta property=\"article:modified_time\" content=\"2021-08-14T01:23:03+00:00\" \/>\n<meta name=\"twitter:card\" content=\"summary_large_image\" \/>\n<meta name=\"twitter:label1\" content=\"Est. reading time\" \/>\n\t<meta name=\"twitter:data1\" content=\"1 minute\" \/>\n<script type=\"application\/ld+json\" class=\"yoast-schema-graph\">{\"@context\":\"https:\\\/\\\/schema.org\",\"@graph\":[{\"@type\":\"WebPage\",\"@id\":\"https:\\\/\\\/semead.com.br\\\/29\\\/en\\\/workshops\\\/\",\"url\":\"https:\\\/\\\/semead.com.br\\\/29\\\/en\\\/workshops\\\/\",\"name\":\"Workshops - XXIX SemeAd\",\"isPartOf\":{\"@id\":\"https:\\\/\\\/semead.com.br\\\/29\\\/en\\\/#website\"},\"datePublished\":\"2021-06-15T16:29:49+00:00\",\"dateModified\":\"2021-08-14T01:23:03+00:00\",\"breadcrumb\":{\"@id\":\"https:\\\/\\\/semead.com.br\\\/29\\\/en\\\/workshops\\\/#breadcrumb\"},\"inLanguage\":\"en-US\",\"potentialAction\":[{\"@type\":\"ReadAction\",\"target\":[\"https:\\\/\\\/semead.com.br\\\/29\\\/en\\\/workshops\\\/\"]}]},{\"@type\":\"BreadcrumbList\",\"@id\":\"https:\\\/\\\/semead.com.br\\\/29\\\/en\\\/workshops\\\/#breadcrumb\",\"itemListElement\":[{\"@type\":\"ListItem\",\"position\":1,\"name\":\"In\u00edcio\",\"item\":\"https:\\\/\\\/semead.com.br\\\/29\\\/en\\\/\"},{\"@type\":\"ListItem\",\"position\":2,\"name\":\"Workshops\"}]},{\"@type\":\"WebSite\",\"@id\":\"https:\\\/\\\/semead.com.br\\\/29\\\/en\\\/#website\",\"url\":\"https:\\\/\\\/semead.com.br\\\/29\\\/en\\\/\",\"name\":\"XXIX SemeAd\",\"description\":\"Semin\u00e1rios em administra\u00e7\u00e3o\",\"potentialAction\":[{\"@type\":\"SearchAction\",\"target\":{\"@type\":\"EntryPoint\",\"urlTemplate\":\"https:\\\/\\\/semead.com.br\\\/29\\\/en\\\/?s={search_term_string}\"},\"query-input\":{\"@type\":\"PropertyValueSpecification\",\"valueRequired\":true,\"valueName\":\"search_term_string\"}}],\"inLanguage\":\"en-US\"}]}<\/script>\n<!-- \/ Yoast SEO plugin. -->","yoast_head_json":{"title":"Workshops - XXIX SemeAd","robots":{"index":"index","follow":"follow","max-snippet":"max-snippet:-1","max-image-preview":"max-image-preview:large","max-video-preview":"max-video-preview:-1"},"canonical":"https:\/\/semead.com.br\/29\/en\/workshops\/","og_locale":"en_US","og_type":"article","og_title":"Workshops - XXIX SemeAd","og_description":"The methodological Workshops and Minicourses session is a SemeAd activity that aims to promote practical activities and in-depth discussions of specific research themes. Every Workshop features researchers experienced in the proposed themes. See the confirmed Workshops More information and detailed schedule of each Workshop will be available soon.","og_url":"https:\/\/semead.com.br\/29\/en\/workshops\/","og_site_name":"XXIX SemeAd","article_modified_time":"2021-08-14T01:23:03+00:00","twitter_card":"summary_large_image","twitter_misc":{"Est. reading time":"1 minute"},"schema":{"@context":"https:\/\/schema.org","@graph":[{"@type":"WebPage","@id":"https:\/\/semead.com.br\/29\/en\/workshops\/","url":"https:\/\/semead.com.br\/29\/en\/workshops\/","name":"Workshops - XXIX SemeAd","isPartOf":{"@id":"https:\/\/semead.com.br\/29\/en\/#website"},"datePublished":"2021-06-15T16:29:49+00:00","dateModified":"2021-08-14T01:23:03+00:00","breadcrumb":{"@id":"https:\/\/semead.com.br\/29\/en\/workshops\/#breadcrumb"},"inLanguage":"en-US","potentialAction":[{"@type":"ReadAction","target":["https:\/\/semead.com.br\/29\/en\/workshops\/"]}]},{"@type":"BreadcrumbList","@id":"https:\/\/semead.com.br\/29\/en\/workshops\/#breadcrumb","itemListElement":[{"@type":"ListItem","position":1,"name":"In\u00edcio","item":"https:\/\/semead.com.br\/29\/en\/"},{"@type":"ListItem","position":2,"name":"Workshops"}]},{"@type":"WebSite","@id":"https:\/\/semead.com.br\/29\/en\/#website","url":"https:\/\/semead.com.br\/29\/en\/","name":"XXIX SemeAd","description":"Semin\u00e1rios em administra\u00e7\u00e3o","potentialAction":[{"@type":"SearchAction","target":{"@type":"EntryPoint","urlTemplate":"https:\/\/semead.com.br\/29\/en\/?s={search_term_string}"},"query-input":{"@type":"PropertyValueSpecification","valueRequired":true,"valueName":"search_term_string"}}],"inLanguage":"en-US"}]}},"tpgb_featured_images":null,"tpgb_post_meta_info":{"get_date":"15 de June de 2021","get_modified_date":"13 de August de 2021","author_name":"amandaaguiarbarbosa","author_url":"https:\/\/semead.com.br\/29\/en\/author\/amandaaguiarbarbosa\/","author_email":"amandaaguiarbarbosa@usp.br","author_website":"","author_description":"","author_facebook":"","author_twitter":"","author_instagram":"","author_role":[],"author_firstname":"Amanda","author_lastname":"Barbosa","user_login":"amandaaguiarbarbosa","author_avatar":"<img alt='' src='https:\/\/secure.gravatar.com\/avatar\/0e2e26878f42b625151adb4996e7d9070b31dcf6bf686bd693f5ba2bab5a0f32?s=200&#038;d=mm&#038;r=g' srcset='https:\/\/secure.gravatar.com\/avatar\/0e2e26878f42b625151adb4996e7d9070b31dcf6bf686bd693f5ba2bab5a0f32?s=400&#038;d=mm&#038;r=g 2x' class='avatar avatar-200 photo' height='200' width='200' decoding='async'\/>","author_avatar_url":"https:\/\/secure.gravatar.com\/avatar\/0e2e26878f42b625151adb4996e7d9070b31dcf6bf686bd693f5ba2bab5a0f32?s=96&d=mm&r=g","comment_count":0,"post_likes":0,"post_views":0},"tpgb_post_category":[],"jetpack_sharing_enabled":true,"_links":{"self":[{"href":"https:\/\/semead.com.br\/29\/en\/wp-json\/wp\/v2\/pages\/19761","targetHints":{"allow":["GET"]}}],"collection":[{"href":"https:\/\/semead.com.br\/29\/en\/wp-json\/wp\/v2\/pages"}],"about":[{"href":"https:\/\/semead.com.br\/29\/en\/wp-json\/wp\/v2\/types\/page"}],"author":[{"embeddable":true,"href":"https:\/\/semead.com.br\/29\/en\/wp-json\/wp\/v2\/users\/8"}],"replies":[{"embeddable":true,"href":"https:\/\/semead.com.br\/29\/en\/wp-json\/wp\/v2\/comments?post=19761"}],"version-history":[{"count":0,"href":"https:\/\/semead.com.br\/29\/en\/wp-json\/wp\/v2\/pages\/19761\/revisions"}],"wp:attachment":[{"href":"https:\/\/semead.com.br\/29\/en\/wp-json\/wp\/v2\/media?parent=19761"}],"curies":[{"name":"wp","href":"https:\/\/api.w.org\/{rel}","templated":true}]}}