{"id":20166,"date":"2021-06-18T17:23:18","date_gmt":"2021-06-18T20:23:18","guid":{"rendered":"https:\/\/semead.com.br\/29-novo\/?page_id=20166"},"modified":"2024-07-12T12:14:41","modified_gmt":"2024-07-12T15:14:41","slug":"operations-2","status":"publish","type":"page","link":"https:\/\/semead.com.br\/29\/en\/tracks\/scientific-areas\/operations-2\/","title":{"rendered":"Operations"},"content":{"rendered":"","protected":false},"excerpt":{"rendered":"","protected":false},"author":10,"featured_media":0,"parent":31514,"menu_order":0,"comment_status":"closed","ping_status":"open","template":"","meta":{"_acf_changed":false,"tpgb_global_settings":"","inline_featured_image":false,"_monsterinsights_skip_tracking":false,"_monsterinsights_sitenote_active":false,"_monsterinsights_sitenote_note":"","_monsterinsights_sitenote_category":0,"footnotes":""},"class_list":["post-20166","page","type-page","status-publish","hentry"],"acf":{"coordenadores":[{"titulo":"Coordinator:","nome":"Alvair Silveira Torres Junior, PhD ","instituicao":"FEA-USP","imagem":34918},{"titulo":"","nome":"","instituicao":"","imagem":35241}],"audio_da_coordenacao":21841,"temas":[{"tema_nome":"Technology 4.0 in Operations Strategy and Product and Services Development","tema_descricao":"The current moment is characterized by an intense digital transformation and in operations technologies. Klaus Schwab calls this process the 4th industrial revolution. We are seeing immense and rapid progress in general-purpose technologies such as Artificial Intelligence - AI - and Internet of Things - IoT, as well as enabling technologies such as additive manufacturing, autonomous vehicles, drones, robotics, blockchain, cognitive agents, digital platforms, computer vision, natural language processing, new sensor and actuator technologies, nanotechnology, biotechnology, etc. In addition, the combination of these technologies adds an additional layer of technological innovation applied to the most diverse sectors of economic activity. This broad application can be understood as Operations Technology 4.0. Such a profound change tends to bring about equally profound changes in society and markets, affecting the strategies, products and services, business models, organization, decision-making, processes, human resources and capabilities of companies.\r\nSo much innovation, so fast, creates opportunities and risks. These technologies have the potential to revolutionize traditional strategic compromises in operations management, such as between scale and scope or between flexibility and costs, and pose new challenges to operations management. Operations will range from small adjustments to radical transformations.\r\nIn this theme we seek to explore the impacts of this 4th Industrial Revolution\r\n\u2022 Strategy and organization of operations,\r\n\u2022 Business model of companies,\r\n\u2022 Supply chain management, and\r\n\u2022 Product and service development management","audio":"","lideres":[{"lider_nome":"Leader: Paulo Tromboni Souza Nascimento,PhD (FEA-USP)","lider_foto":35244},{"lider_nome":"International Co-Leader: Vida Davidavi\u010dien\u0117,PhD (Vilnius Gediminas Technical University)","lider_foto":35242},{"lider_nome":"","lider_foto":35245}]},{"tema_nome":"Circular Economy","tema_descricao":"Circular Economy deals with the systemic creation and operation of new businesses, technologies, products and services whose purpose is to keep products and materials in use for longer, regenerating natural systems and eliminating waste and pollution from consumption.\r\n\u2022 Circular Economy.\r\n\u2022 Circular business models.\r\n\u2022 Transition systems for resource circularity.\r\n\u2022 Regenerative systems.\r\n\u2022 Industry 4.0 as a contribution to retaining the value of resources and circularity of materials.\r\n\u2022 Environmental and social aspects of regenerative systems.\r\n\u2022 Circular cities.\r\n\u2022 Circular production chains.\r\n\u2022 Circular products and services.\r\n\u2022 Circular industrial ecosystems.\r\n\u2022 The role of government and public policies for the dissemination of the circular economy.\r\n\u2022 The role of sustainable leaders in the success of the circular economy.\r\n\u2022 Innovation, blockchain, artificial intelligence, traceability, smart factories, connectivity, integration and partnerships as drivers for the circular economy.\r\n","audio":21688,"lideres":[{"lider_nome":"L\u00edder: Simone Sehnem, PhD (UNOESC\/(Unisul)","lider_foto":35240},{"lider_nome":"Assistant Leader: Dafne Oliveira Carlos de Morais, PhD (Centro Universit\u00e1rio FEI)","lider_foto":35248}]},{"tema_nome":"Operational Excellence \u2013 Quality, Productivity, and Lean Production","tema_descricao":"The theme of Operational Excellence aims to discuss improving performance and productivity in industrial and service operations, via the rational use of resources and innovation of operational processes and in their management. One of the fundamental questions to be addressed to make the sustainable development of the Brazilian economy and society viable is productivity. How can we increase the performance and added value of our industrial and service operations, thus increasing the country\u2019s competitiveness in today\u2019s challenging global economic scenario? \r\n\u2022 Quality and Productivity Management\u2028\r\n\u2022 Lean Production \/ Lean Management \/ JIT \/ Lean Six Sigma\u2028\r\n\u2022 Analysis and Re-engineering of Processes\u2028\r\n\u2022 Total Quality\u2028\r\n\u2022 Theory of Constraints","audio":"","lideres":[{"lider_nome":"Leader: Marcio Cardoso Machado,PhD (UNIP)","lider_foto":35249}]},{"tema_nome":"Operations Management in Services","tema_descricao":"Although most jobs created in our society are in the production of services, there still exists the practice of considering the Administration of Services as a particular case of Administration as a whole. Moreover, although there are foundations for the idea that the principles and techniques of planning and controlling service operations should be derivations of the principles and techniques used in the manufacturing of goods, relatively little effort has been made \u2013 at a practical and theoretical level \u2013 in the sense of demonstrating these derivations.\r\n\u2022 Service Operations Strategies\u2028\r\n\u2022 Servitization of Products\r\n\u2028\u2022 Networks in Services\u2028\r\n\u2022 Quality in Services\u2028\r\n\u2022 Planning and Control in Services\u2028\r\n\u2022 Evaluation and Performance of Service Operations","audio":"","lideres":[{"lider_nome":"Leader: Ana Lucia Figueiredo Facin,PhD (UNIP\/UNESP)","lider_foto":35250}]}]},"yoast_head":"<!-- This site is optimized with the Yoast SEO plugin v27.5 - https:\/\/yoast.com\/product\/yoast-seo-wordpress\/ -->\n<title>Operations - XXIX SemeAd<\/title>\n<meta name=\"robots\" content=\"index, follow, max-snippet:-1, max-image-preview:large, max-video-preview:-1\" \/>\n<link rel=\"canonical\" href=\"https:\/\/semead.com.br\/29\/en\/tracks\/scientific-areas\/operations-2\/\" \/>\n<meta property=\"og:locale\" content=\"en_US\" \/>\n<meta property=\"og:type\" content=\"article\" \/>\n<meta property=\"og:title\" content=\"Operations - XXIX SemeAd\" \/>\n<meta property=\"og:url\" content=\"https:\/\/semead.com.br\/29\/en\/tracks\/scientific-areas\/operations-2\/\" \/>\n<meta property=\"og:site_name\" content=\"XXIX SemeAd\" \/>\n<meta property=\"article:modified_time\" content=\"2024-07-12T15:14:41+00:00\" \/>\n<meta name=\"twitter:card\" content=\"summary_large_image\" \/>\n<script type=\"application\/ld+json\" class=\"yoast-schema-graph\">{\"@context\":\"https:\\\/\\\/schema.org\",\"@graph\":[{\"@type\":\"WebPage\",\"@id\":\"https:\\\/\\\/semead.com.br\\\/29\\\/en\\\/tracks\\\/scientific-areas\\\/operations-2\\\/\",\"url\":\"https:\\\/\\\/semead.com.br\\\/29\\\/en\\\/tracks\\\/scientific-areas\\\/operations-2\\\/\",\"name\":\"Operations - XXIX SemeAd\",\"isPartOf\":{\"@id\":\"https:\\\/\\\/semead.com.br\\\/29\\\/en\\\/#website\"},\"datePublished\":\"2021-06-18T20:23:18+00:00\",\"dateModified\":\"2024-07-12T15:14:41+00:00\",\"breadcrumb\":{\"@id\":\"https:\\\/\\\/semead.com.br\\\/29\\\/en\\\/tracks\\\/scientific-areas\\\/operations-2\\\/#breadcrumb\"},\"inLanguage\":\"en-US\",\"potentialAction\":[{\"@type\":\"ReadAction\",\"target\":[\"https:\\\/\\\/semead.com.br\\\/29\\\/en\\\/tracks\\\/scientific-areas\\\/operations-2\\\/\"]}]},{\"@type\":\"BreadcrumbList\",\"@id\":\"https:\\\/\\\/semead.com.br\\\/29\\\/en\\\/tracks\\\/scientific-areas\\\/operations-2\\\/#breadcrumb\",\"itemListElement\":[{\"@type\":\"ListItem\",\"position\":1,\"name\":\"In\u00edcio\",\"item\":\"https:\\\/\\\/semead.com.br\\\/29\\\/en\\\/\"},{\"@type\":\"ListItem\",\"position\":2,\"name\":\"Tracks\",\"item\":\"https:\\\/\\\/semead.com.br\\\/29\\\/en\\\/tracks\\\/\"},{\"@type\":\"ListItem\",\"position\":3,\"name\":\"Scientific Areas\",\"item\":\"https:\\\/\\\/semead.com.br\\\/29\\\/en\\\/tracks\\\/scientific-areas\\\/\"},{\"@type\":\"ListItem\",\"position\":4,\"name\":\"Operations\"}]},{\"@type\":\"WebSite\",\"@id\":\"https:\\\/\\\/semead.com.br\\\/29\\\/en\\\/#website\",\"url\":\"https:\\\/\\\/semead.com.br\\\/29\\\/en\\\/\",\"name\":\"XXIX SemeAd\",\"description\":\"Semin\u00e1rios em administra\u00e7\u00e3o\",\"potentialAction\":[{\"@type\":\"SearchAction\",\"target\":{\"@type\":\"EntryPoint\",\"urlTemplate\":\"https:\\\/\\\/semead.com.br\\\/29\\\/en\\\/?s={search_term_string}\"},\"query-input\":{\"@type\":\"PropertyValueSpecification\",\"valueRequired\":true,\"valueName\":\"search_term_string\"}}],\"inLanguage\":\"en-US\"}]}<\/script>\n<!-- \/ Yoast SEO plugin. -->","yoast_head_json":{"title":"Operations - XXIX SemeAd","robots":{"index":"index","follow":"follow","max-snippet":"max-snippet:-1","max-image-preview":"max-image-preview:large","max-video-preview":"max-video-preview:-1"},"canonical":"https:\/\/semead.com.br\/29\/en\/tracks\/scientific-areas\/operations-2\/","og_locale":"en_US","og_type":"article","og_title":"Operations - XXIX SemeAd","og_url":"https:\/\/semead.com.br\/29\/en\/tracks\/scientific-areas\/operations-2\/","og_site_name":"XXIX SemeAd","article_modified_time":"2024-07-12T15:14:41+00:00","twitter_card":"summary_large_image","schema":{"@context":"https:\/\/schema.org","@graph":[{"@type":"WebPage","@id":"https:\/\/semead.com.br\/29\/en\/tracks\/scientific-areas\/operations-2\/","url":"https:\/\/semead.com.br\/29\/en\/tracks\/scientific-areas\/operations-2\/","name":"Operations - XXIX SemeAd","isPartOf":{"@id":"https:\/\/semead.com.br\/29\/en\/#website"},"datePublished":"2021-06-18T20:23:18+00:00","dateModified":"2024-07-12T15:14:41+00:00","breadcrumb":{"@id":"https:\/\/semead.com.br\/29\/en\/tracks\/scientific-areas\/operations-2\/#breadcrumb"},"inLanguage":"en-US","potentialAction":[{"@type":"ReadAction","target":["https:\/\/semead.com.br\/29\/en\/tracks\/scientific-areas\/operations-2\/"]}]},{"@type":"BreadcrumbList","@id":"https:\/\/semead.com.br\/29\/en\/tracks\/scientific-areas\/operations-2\/#breadcrumb","itemListElement":[{"@type":"ListItem","position":1,"name":"In\u00edcio","item":"https:\/\/semead.com.br\/29\/en\/"},{"@type":"ListItem","position":2,"name":"Tracks","item":"https:\/\/semead.com.br\/29\/en\/tracks\/"},{"@type":"ListItem","position":3,"name":"Scientific Areas","item":"https:\/\/semead.com.br\/29\/en\/tracks\/scientific-areas\/"},{"@type":"ListItem","position":4,"name":"Operations"}]},{"@type":"WebSite","@id":"https:\/\/semead.com.br\/29\/en\/#website","url":"https:\/\/semead.com.br\/29\/en\/","name":"XXIX SemeAd","description":"Semin\u00e1rios em administra\u00e7\u00e3o","potentialAction":[{"@type":"SearchAction","target":{"@type":"EntryPoint","urlTemplate":"https:\/\/semead.com.br\/29\/en\/?s={search_term_string}"},"query-input":{"@type":"PropertyValueSpecification","valueRequired":true,"valueName":"search_term_string"}}],"inLanguage":"en-US"}]}},"tpgb_featured_images":null,"tpgb_post_meta_info":{"get_date":"18 de June de 2021","get_modified_date":"12 de July de 2024","author_name":"","author_url":"https:\/\/semead.com.br\/29\/en\/author\/","author_email":"","author_website":"","author_description":"","author_facebook":"","author_twitter":"","author_instagram":"","author_role":"","author_firstname":"","author_lastname":"","user_login":"","author_avatar":"<img alt='' src='https:\/\/secure.gravatar.com\/avatar\/?s=200&#038;d=mm&#038;r=g' srcset='https:\/\/secure.gravatar.com\/avatar\/?s=400&#038;d=mm&#038;r=g 2x' class='avatar avatar-200 photo avatar-default' height='200' width='200' decoding='async'\/>","author_avatar_url":"https:\/\/secure.gravatar.com\/avatar\/?s=96&d=mm&r=g","comment_count":0,"post_likes":0,"post_views":0},"tpgb_post_category":[],"jetpack_sharing_enabled":true,"_links":{"self":[{"href":"https:\/\/semead.com.br\/29\/en\/wp-json\/wp\/v2\/pages\/20166","targetHints":{"allow":["GET"]}}],"collection":[{"href":"https:\/\/semead.com.br\/29\/en\/wp-json\/wp\/v2\/pages"}],"about":[{"href":"https:\/\/semead.com.br\/29\/en\/wp-json\/wp\/v2\/types\/page"}],"author":[{"embeddable":true,"href":"https:\/\/semead.com.br\/29\/en\/wp-json\/wp\/v2\/users\/10"}],"replies":[{"embeddable":true,"href":"https:\/\/semead.com.br\/29\/en\/wp-json\/wp\/v2\/comments?post=20166"}],"version-history":[{"count":0,"href":"https:\/\/semead.com.br\/29\/en\/wp-json\/wp\/v2\/pages\/20166\/revisions"}],"up":[{"embeddable":true,"href":"https:\/\/semead.com.br\/29\/en\/wp-json\/wp\/v2\/pages\/31514"}],"wp:attachment":[{"href":"https:\/\/semead.com.br\/29\/en\/wp-json\/wp\/v2\/media?parent=20166"}],"curies":[{"name":"wp","href":"https:\/\/api.w.org\/{rel}","templated":true}]}}