{"id":20174,"date":"2021-06-18T17:42:05","date_gmt":"2021-06-18T20:42:05","guid":{"rendered":"https:\/\/semead.com.br\/29-novo\/?page_id=20174"},"modified":"2024-07-11T10:54:31","modified_gmt":"2024-07-11T13:54:31","slug":"tourism-and-hospitality","status":"publish","type":"page","link":"https:\/\/semead.com.br\/29\/en\/tracks\/scientific-areas\/tourism-and-hospitality\/","title":{"rendered":"Tourism and Hospitality"},"content":{"rendered":"","protected":false},"excerpt":{"rendered":"","protected":false},"author":10,"featured_media":0,"parent":31514,"menu_order":0,"comment_status":"closed","ping_status":"closed","template":"","meta":{"_acf_changed":false,"tpgb_global_settings":"","inline_featured_image":false,"_monsterinsights_skip_tracking":false,"_monsterinsights_sitenote_active":false,"_monsterinsights_sitenote_note":"","_monsterinsights_sitenote_category":0,"footnotes":""},"class_list":["post-20174","page","type-page","status-publish","hentry"],"acf":{"coordenadores":[{"titulo":"Coordinator:","nome":"Elizabeth Kyoko Wada, PhD","instituicao":"UAM","imagem":34931},{"titulo":"Coordinator:","nome":"Glauber Santos, PhD","instituicao":"USP","imagem":34934}],"audio_da_coordenacao":20436,"temas":[{"tema_nome":"Dimensions and Contexts of Tourism and Hospitality","tema_descricao":"Studies in touristic and non-touristic contexts, that is, within the scope of events, the family, gastronomy, the hotel business, immigration, leisure, religion, tourism, urbanity, and cultural heritage. This body of knowledge translates into approaches to hosting, sociability, eating together, education, and scientific production, and it can include more than one of these or new approaches. From this perspective, anthropological, communicational, cultural, historical, sociological, and educational aspects are addressed, alongside stimulating and limiting factors for the processes and practices of tourism and hospitality in any environment, whether urban or rural. ","audio":"","lideres":null},{"tema_nome":"Planning and Management in Tourism","tema_descricao":"Studies on tourism, including impacts on and transformations of locations and communities where touristic activity occurs. This body of knowledge is analyzed based on cultural, environmental, socio-spatial, and economic aspects in light of potentialities and limitations for taking advantage of tourism. Topics include tourist destination management, tourist company management, tourist products, tourist services, and tourist organizations. ","audio":"","lideres":null},{"tema_nome":"Tourism and Hospitality in Service Competitiveness","tema_descricao":"Studies from the perspective of business management in touristic and non-touristic organizations, notably in those focused on services in general and on tourism sectors, means of accommodation, food, hospitality, and events. This body of knowledge contributes to improving and\/or widening the interaction between the host and customer, a strategic and decisive factor for organizations to create competitive advantages. From this perspective, marketing, communicational, quality, and competence aspects are addressed alongside stimulating and limiting factors for the processes and practices of tourism and hospitality in services and organizations, whether public, private, and\/or from the third sector. ","audio":"","lideres":null}]},"yoast_head":"<!-- This site is optimized with the Yoast SEO plugin v27.5 - https:\/\/yoast.com\/product\/yoast-seo-wordpress\/ -->\n<title>Tourism and Hospitality - XXIX SemeAd<\/title>\n<meta name=\"robots\" content=\"index, follow, max-snippet:-1, max-image-preview:large, max-video-preview:-1\" \/>\n<link rel=\"canonical\" href=\"https:\/\/semead.com.br\/29\/en\/tracks\/scientific-areas\/tourism-and-hospitality\/\" \/>\n<meta property=\"og:locale\" content=\"en_US\" \/>\n<meta property=\"og:type\" content=\"article\" \/>\n<meta property=\"og:title\" content=\"Tourism and Hospitality - XXIX SemeAd\" \/>\n<meta property=\"og:url\" content=\"https:\/\/semead.com.br\/29\/en\/tracks\/scientific-areas\/tourism-and-hospitality\/\" \/>\n<meta property=\"og:site_name\" content=\"XXIX SemeAd\" \/>\n<meta property=\"article:modified_time\" content=\"2024-07-11T13:54:31+00:00\" \/>\n<meta name=\"twitter:card\" content=\"summary_large_image\" \/>\n<script type=\"application\/ld+json\" class=\"yoast-schema-graph\">{\"@context\":\"https:\\\/\\\/schema.org\",\"@graph\":[{\"@type\":\"WebPage\",\"@id\":\"https:\\\/\\\/semead.com.br\\\/29\\\/en\\\/tracks\\\/scientific-areas\\\/tourism-and-hospitality\\\/\",\"url\":\"https:\\\/\\\/semead.com.br\\\/29\\\/en\\\/tracks\\\/scientific-areas\\\/tourism-and-hospitality\\\/\",\"name\":\"Tourism and Hospitality - XXIX SemeAd\",\"isPartOf\":{\"@id\":\"https:\\\/\\\/semead.com.br\\\/29\\\/en\\\/#website\"},\"datePublished\":\"2021-06-18T20:42:05+00:00\",\"dateModified\":\"2024-07-11T13:54:31+00:00\",\"breadcrumb\":{\"@id\":\"https:\\\/\\\/semead.com.br\\\/29\\\/en\\\/tracks\\\/scientific-areas\\\/tourism-and-hospitality\\\/#breadcrumb\"},\"inLanguage\":\"en-US\",\"potentialAction\":[{\"@type\":\"ReadAction\",\"target\":[\"https:\\\/\\\/semead.com.br\\\/29\\\/en\\\/tracks\\\/scientific-areas\\\/tourism-and-hospitality\\\/\"]}]},{\"@type\":\"BreadcrumbList\",\"@id\":\"https:\\\/\\\/semead.com.br\\\/29\\\/en\\\/tracks\\\/scientific-areas\\\/tourism-and-hospitality\\\/#breadcrumb\",\"itemListElement\":[{\"@type\":\"ListItem\",\"position\":1,\"name\":\"In\u00edcio\",\"item\":\"https:\\\/\\\/semead.com.br\\\/29\\\/en\\\/\"},{\"@type\":\"ListItem\",\"position\":2,\"name\":\"Tracks\",\"item\":\"https:\\\/\\\/semead.com.br\\\/29\\\/en\\\/tracks\\\/\"},{\"@type\":\"ListItem\",\"position\":3,\"name\":\"Scientific Areas\",\"item\":\"https:\\\/\\\/semead.com.br\\\/29\\\/en\\\/tracks\\\/scientific-areas\\\/\"},{\"@type\":\"ListItem\",\"position\":4,\"name\":\"Tourism and Hospitality\"}]},{\"@type\":\"WebSite\",\"@id\":\"https:\\\/\\\/semead.com.br\\\/29\\\/en\\\/#website\",\"url\":\"https:\\\/\\\/semead.com.br\\\/29\\\/en\\\/\",\"name\":\"XXIX SemeAd\",\"description\":\"Semin\u00e1rios em administra\u00e7\u00e3o\",\"potentialAction\":[{\"@type\":\"SearchAction\",\"target\":{\"@type\":\"EntryPoint\",\"urlTemplate\":\"https:\\\/\\\/semead.com.br\\\/29\\\/en\\\/?s={search_term_string}\"},\"query-input\":{\"@type\":\"PropertyValueSpecification\",\"valueRequired\":true,\"valueName\":\"search_term_string\"}}],\"inLanguage\":\"en-US\"}]}<\/script>\n<!-- \/ Yoast SEO plugin. -->","yoast_head_json":{"title":"Tourism and Hospitality - XXIX SemeAd","robots":{"index":"index","follow":"follow","max-snippet":"max-snippet:-1","max-image-preview":"max-image-preview:large","max-video-preview":"max-video-preview:-1"},"canonical":"https:\/\/semead.com.br\/29\/en\/tracks\/scientific-areas\/tourism-and-hospitality\/","og_locale":"en_US","og_type":"article","og_title":"Tourism and Hospitality - XXIX SemeAd","og_url":"https:\/\/semead.com.br\/29\/en\/tracks\/scientific-areas\/tourism-and-hospitality\/","og_site_name":"XXIX SemeAd","article_modified_time":"2024-07-11T13:54:31+00:00","twitter_card":"summary_large_image","schema":{"@context":"https:\/\/schema.org","@graph":[{"@type":"WebPage","@id":"https:\/\/semead.com.br\/29\/en\/tracks\/scientific-areas\/tourism-and-hospitality\/","url":"https:\/\/semead.com.br\/29\/en\/tracks\/scientific-areas\/tourism-and-hospitality\/","name":"Tourism and Hospitality - XXIX SemeAd","isPartOf":{"@id":"https:\/\/semead.com.br\/29\/en\/#website"},"datePublished":"2021-06-18T20:42:05+00:00","dateModified":"2024-07-11T13:54:31+00:00","breadcrumb":{"@id":"https:\/\/semead.com.br\/29\/en\/tracks\/scientific-areas\/tourism-and-hospitality\/#breadcrumb"},"inLanguage":"en-US","potentialAction":[{"@type":"ReadAction","target":["https:\/\/semead.com.br\/29\/en\/tracks\/scientific-areas\/tourism-and-hospitality\/"]}]},{"@type":"BreadcrumbList","@id":"https:\/\/semead.com.br\/29\/en\/tracks\/scientific-areas\/tourism-and-hospitality\/#breadcrumb","itemListElement":[{"@type":"ListItem","position":1,"name":"In\u00edcio","item":"https:\/\/semead.com.br\/29\/en\/"},{"@type":"ListItem","position":2,"name":"Tracks","item":"https:\/\/semead.com.br\/29\/en\/tracks\/"},{"@type":"ListItem","position":3,"name":"Scientific Areas","item":"https:\/\/semead.com.br\/29\/en\/tracks\/scientific-areas\/"},{"@type":"ListItem","position":4,"name":"Tourism and Hospitality"}]},{"@type":"WebSite","@id":"https:\/\/semead.com.br\/29\/en\/#website","url":"https:\/\/semead.com.br\/29\/en\/","name":"XXIX SemeAd","description":"Semin\u00e1rios em administra\u00e7\u00e3o","potentialAction":[{"@type":"SearchAction","target":{"@type":"EntryPoint","urlTemplate":"https:\/\/semead.com.br\/29\/en\/?s={search_term_string}"},"query-input":{"@type":"PropertyValueSpecification","valueRequired":true,"valueName":"search_term_string"}}],"inLanguage":"en-US"}]}},"tpgb_featured_images":null,"tpgb_post_meta_info":{"get_date":"18 de June de 2021","get_modified_date":"11 de July de 2024","author_name":"","author_url":"https:\/\/semead.com.br\/29\/en\/author\/","author_email":"","author_website":"","author_description":"","author_facebook":"","author_twitter":"","author_instagram":"","author_role":"","author_firstname":"","author_lastname":"","user_login":"","author_avatar":"<img alt='' src='https:\/\/secure.gravatar.com\/avatar\/?s=200&#038;d=mm&#038;r=g' srcset='https:\/\/secure.gravatar.com\/avatar\/?s=400&#038;d=mm&#038;r=g 2x' class='avatar avatar-200 photo avatar-default' height='200' width='200' decoding='async'\/>","author_avatar_url":"https:\/\/secure.gravatar.com\/avatar\/?s=96&d=mm&r=g","comment_count":0,"post_likes":0,"post_views":0},"tpgb_post_category":[],"jetpack_sharing_enabled":true,"_links":{"self":[{"href":"https:\/\/semead.com.br\/29\/en\/wp-json\/wp\/v2\/pages\/20174","targetHints":{"allow":["GET"]}}],"collection":[{"href":"https:\/\/semead.com.br\/29\/en\/wp-json\/wp\/v2\/pages"}],"about":[{"href":"https:\/\/semead.com.br\/29\/en\/wp-json\/wp\/v2\/types\/page"}],"author":[{"embeddable":true,"href":"https:\/\/semead.com.br\/29\/en\/wp-json\/wp\/v2\/users\/10"}],"replies":[{"embeddable":true,"href":"https:\/\/semead.com.br\/29\/en\/wp-json\/wp\/v2\/comments?post=20174"}],"version-history":[{"count":0,"href":"https:\/\/semead.com.br\/29\/en\/wp-json\/wp\/v2\/pages\/20174\/revisions"}],"up":[{"embeddable":true,"href":"https:\/\/semead.com.br\/29\/en\/wp-json\/wp\/v2\/pages\/31514"}],"wp:attachment":[{"href":"https:\/\/semead.com.br\/29\/en\/wp-json\/wp\/v2\/media?parent=20174"}],"curies":[{"name":"wp","href":"https:\/\/api.w.org\/{rel}","templated":true}]}}