{"id":23168,"date":"2021-11-01T18:34:19","date_gmt":"2021-11-01T21:34:19","guid":{"rendered":"https:\/\/semead.com.br\/29-novo\/?page_id=23168"},"modified":"2021-11-06T21:26:36","modified_gmt":"2021-11-07T00:26:36","slug":"schedule-for-doctoral-consortium","status":"publish","type":"page","link":"https:\/\/semead.com.br\/29\/en\/doctoral-consortium\/schedule-for-doctoral-consortium\/","title":{"rendered":"Schedule for Doctoral Consortium"},"content":{"rendered":"\n<p>Subject to change (dates and time-slots are presented at brazilian time)<\/p>\n\n\n\n<figure class=\"wp-block-table\"><table><tbody><tr><td><strong>DIA 08\/11 \u2013 SEGUNDA-FEIRA &#8211; Das 14:30 \u00e0s 15:45<\/strong><\/td><\/tr><\/tbody><\/table><\/figure>\n\n\n\n<figure class=\"wp-block-table is-style-stripes\"><table><tbody><tr><td>MESA 1 &#8211; <strong>How to publish in top leading Journals? Publishing opportunities in CMR and SBEJ: challenges faced and how to overcome them<\/strong><\/td><td><\/td><\/tr><tr><td>Prof. David Vogel<\/td><td>Editor in Chief &#8211; California Management Review<\/td><\/tr><tr><td>Prof. Christina Guenther<\/td><td>Editor &#8211; Small Business Economics<\/td><\/tr><tr><td><strong>Modera\u00e7\u00e3o<\/strong>: Prof. Dr. Fl\u00e1vio Hourneaux Junior<\/td><td>FEA\/USP &#8211; RAUSP Management Journal<\/td><\/tr><\/tbody><\/table><\/figure>\n\n\n\n<figure class=\"wp-block-table\"><table><tbody><tr><td><strong>DIA 09\/11 \u2013 TER\u00c7A-FEIRA &#8211; Das 8h \u00e0s 9h<\/strong><\/td><\/tr><\/tbody><\/table><\/figure>\n\n\n\n<figure class=\"wp-block-table is-style-stripes\"><table><tbody><tr><td>MESA 2 &#8211; <strong>Desafios, Oportunidades e Dicas para o Doutorado Sandu\u00edche<\/strong><\/td><td><\/td><\/tr><tr><td>Profa. Dra. Cristina Moura Jo\u00e3o<\/td><td>(INSPER)<\/td><\/tr><tr><td>Profa. Dra. Sheila Serafim da Silva<\/td><td>(FIA)<\/td><\/tr><tr><td><strong>Modera\u00e7\u00e3o<\/strong>: Prof. Dr. Felipe Borini<\/td><td><\/td><\/tr><tr><td><\/td><td><\/td><\/tr><tr><td>Din\u00e2mica: 20min cada palestrante e 20min final para perguntas<\/td><td><\/td><\/tr><\/tbody><\/table><\/figure>\n\n\n\n<figure class=\"wp-block-table\"><table><tbody><tr><td><strong>DIA 09\/11 \u2013 TER\u00c7A-FEIRA &#8211; Das 9h \u00e0s 10h<\/strong><\/td><\/tr><\/tbody><\/table><\/figure>\n\n\n\n<figure class=\"wp-block-table is-style-stripes\"><table><tbody><tr><td>MESA 3 &#8211; <strong>Desafios, Oportunidades e Dicas para a Carreira do Doutorando\/Doutor<\/strong><\/td><td><\/td><\/tr><tr><td>Prof. Dr. Fabricio Stocker<\/td><td>FGV\/EBAPE<\/td><\/tr><tr><td>Profa Dra. Mariana Sutter<\/td><td>Toulouse Business School<\/td><\/tr><tr><td><strong>Modera\u00e7\u00e3o<\/strong>: Prof. Dr. Felipe Borini<\/td><td><\/td><\/tr><tr><td><\/td><td><\/td><\/tr><tr><td>Din\u00e2mica: 20min cada palestrante e 20min final para perguntas<\/td><td><\/td><\/tr><\/tbody><\/table><\/figure>\n\n\n\n<figure class=\"wp-block-table\"><table><tbody><tr><td><strong>DIA 09\/11 \u2013 TER\u00c7A-FEIRA &#8211; Das 10h \u00e0s 11h<\/strong><\/td><\/tr><\/tbody><\/table><\/figure>\n\n\n\n<figure class=\"wp-block-table is-style-stripes\"><table><tbody><tr><td>MESA 4 &#8211; <strong>Com a Palavra Editores: O Qu\u00ea e Como Escrever o Cap\u00edtulo de Discuss\u00e3o de Tese\/Artigo<\/strong><\/td><td><\/td><\/tr><tr><td>Profa. Dra. Marly Monteiro de Carvalho<\/td><td>POLI\/USP &#8211; Editora Associada da Technovation<\/td><\/tr><tr><td>Prof. Dr. Manuel Portugal<\/td><td>Instituto Polit\u00e9cnico de Leiria &#8211; Co-Editor Associado da INMR<\/td><\/tr><tr><td><strong>Modera\u00e7\u00e3o<\/strong>: Prof. Dr. Felipe Borini<\/td><td>FEA\/USP &#8211; Co-Editor in Chief da INMR<\/td><\/tr><tr><td><\/td><td><\/td><\/tr><tr><td>Din\u00e2mica: 20min cada palestrante e 20min final para perguntas<\/td><td><\/td><\/tr><\/tbody><\/table><\/figure>\n\n\n\n<figure class=\"wp-block-table\"><table><tbody><tr><td><strong>DIA 09\/11 \u2013 TER\u00c7A-FEIRA &#8211; Das 11h \u00e0s 12:30h<\/strong><\/td><\/tr><\/tbody><\/table><\/figure>\n\n\n\n<figure class=\"wp-block-table is-style-stripes\"><table><tbody><tr><td>MESA 5 &#8211; <strong>How to publish in top leading Journals? Publishing opportunities in GSJ and LRP: challenges faced and how to overcome them<\/strong><\/td><td><\/td><\/tr><tr><td>Prof. Dr. Gabriel R.G. Benito<\/td><td>Co-Editor da Global Strategy Journal<\/td><\/tr><tr><td>Prof. Dr. Roberto Vassolo<\/td><td>Editor Associado da Long Range Planning<\/td><\/tr><tr><td><strong>Modera\u00e7\u00e3o<\/strong>: Prof. Dr. Jos\u00e9 Antonio Sousa Neto<\/td><td>Editor Associado da Bottom Line<\/td><\/tr><tr><td><\/td><td><\/td><\/tr><tr><td>Din\u00e2mica: 20min cada palestrante e 20min final para perguntas<\/td><td><\/td><\/tr><\/tbody><\/table><\/figure>\n\n\n\n<figure class=\"wp-block-table\"><table><tbody><tr><td><strong>SESS\u00d5ES DE TRABALHOS<\/strong><\/td><\/tr><\/tbody><\/table><\/figure>\n\n\n\n<figure class=\"wp-block-table is-style-stripes\"><table><tbody><tr><td>Bancas Paralelas I<\/td><td>das 14hs \u00e0s 16hs<\/td><\/tr><tr><td>Bancas Paralelas II<\/td><td>das 16hs \u00e0s 18hs<\/td><\/tr><\/tbody><\/table><\/figure>\n","protected":false},"excerpt":{"rendered":"<p>Subject to change (dates and time-slots are presented at brazilian time) DIA 08\/11 \u2013 SEGUNDA-FEIRA &#8211; Das 14:30 \u00e0s 15:45 MESA 1 &#8211; How to publish in top leading Journals? Publishing opportunities in CMR and SBEJ: challenges faced and how to overcome them Prof. David Vogel Editor in Chief &#8211; California Management Review Prof. Christina [&hellip;]<\/p>\n","protected":false},"author":10,"featured_media":0,"parent":19709,"menu_order":0,"comment_status":"closed","ping_status":"closed","template":"","meta":{"_acf_changed":false,"tpgb_global_settings":"","inline_featured_image":false,"_monsterinsights_skip_tracking":false,"_monsterinsights_sitenote_active":false,"_monsterinsights_sitenote_note":"","_monsterinsights_sitenote_category":0,"footnotes":""},"class_list":["post-23168","page","type-page","status-publish","hentry"],"acf":{"coordenadores":null,"audio_da_coordenacao":null,"temas":null},"yoast_head":"<!-- This site is optimized with the Yoast SEO plugin v27.5 - https:\/\/yoast.com\/product\/yoast-seo-wordpress\/ -->\n<title>Schedule for Doctoral Consortium - XXIX SemeAd<\/title>\n<meta name=\"robots\" content=\"index, follow, max-snippet:-1, max-image-preview:large, max-video-preview:-1\" \/>\n<link rel=\"canonical\" href=\"https:\/\/semead.com.br\/29\/en\/doctoral-consortium\/schedule-for-doctoral-consortium\/\" \/>\n<meta property=\"og:locale\" content=\"en_US\" \/>\n<meta property=\"og:type\" content=\"article\" \/>\n<meta property=\"og:title\" content=\"Schedule for Doctoral Consortium - XXIX SemeAd\" \/>\n<meta property=\"og:description\" content=\"Subject to change (dates and time-slots are presented at brazilian time) DIA 08\/11 \u2013 SEGUNDA-FEIRA &#8211; Das 14:30 \u00e0s 15:45 MESA 1 &#8211; How to publish in top leading Journals? Publishing opportunities in CMR and SBEJ: challenges faced and how to overcome them Prof. David Vogel Editor in Chief &#8211; California Management Review Prof. Christina [&hellip;]\" \/>\n<meta property=\"og:url\" content=\"https:\/\/semead.com.br\/29\/en\/doctoral-consortium\/schedule-for-doctoral-consortium\/\" \/>\n<meta property=\"og:site_name\" content=\"XXIX SemeAd\" \/>\n<meta property=\"article:modified_time\" content=\"2021-11-07T00:26:36+00:00\" \/>\n<meta name=\"twitter:card\" content=\"summary_large_image\" \/>\n<meta name=\"twitter:label1\" content=\"Est. reading time\" \/>\n\t<meta name=\"twitter:data1\" content=\"2 minutes\" \/>\n<script type=\"application\/ld+json\" class=\"yoast-schema-graph\">{\"@context\":\"https:\\\/\\\/schema.org\",\"@graph\":[{\"@type\":\"WebPage\",\"@id\":\"https:\\\/\\\/semead.com.br\\\/29\\\/en\\\/doctoral-consortium\\\/schedule-for-doctoral-consortium\\\/\",\"url\":\"https:\\\/\\\/semead.com.br\\\/29\\\/en\\\/doctoral-consortium\\\/schedule-for-doctoral-consortium\\\/\",\"name\":\"Schedule for Doctoral Consortium - XXIX SemeAd\",\"isPartOf\":{\"@id\":\"https:\\\/\\\/semead.com.br\\\/29\\\/en\\\/#website\"},\"datePublished\":\"2021-11-01T21:34:19+00:00\",\"dateModified\":\"2021-11-07T00:26:36+00:00\",\"breadcrumb\":{\"@id\":\"https:\\\/\\\/semead.com.br\\\/29\\\/en\\\/doctoral-consortium\\\/schedule-for-doctoral-consortium\\\/#breadcrumb\"},\"inLanguage\":\"en-US\",\"potentialAction\":[{\"@type\":\"ReadAction\",\"target\":[\"https:\\\/\\\/semead.com.br\\\/29\\\/en\\\/doctoral-consortium\\\/schedule-for-doctoral-consortium\\\/\"]}]},{\"@type\":\"BreadcrumbList\",\"@id\":\"https:\\\/\\\/semead.com.br\\\/29\\\/en\\\/doctoral-consortium\\\/schedule-for-doctoral-consortium\\\/#breadcrumb\",\"itemListElement\":[{\"@type\":\"ListItem\",\"position\":1,\"name\":\"In\u00edcio\",\"item\":\"https:\\\/\\\/semead.com.br\\\/29\\\/en\\\/\"},{\"@type\":\"ListItem\",\"position\":2,\"name\":\"Doctoral Consortium\",\"item\":\"https:\\\/\\\/semead.com.br\\\/29\\\/en\\\/doctoral-consortium\\\/\"},{\"@type\":\"ListItem\",\"position\":3,\"name\":\"Schedule for Doctoral Consortium\"}]},{\"@type\":\"WebSite\",\"@id\":\"https:\\\/\\\/semead.com.br\\\/29\\\/en\\\/#website\",\"url\":\"https:\\\/\\\/semead.com.br\\\/29\\\/en\\\/\",\"name\":\"XXIX SemeAd\",\"description\":\"Semin\u00e1rios em administra\u00e7\u00e3o\",\"potentialAction\":[{\"@type\":\"SearchAction\",\"target\":{\"@type\":\"EntryPoint\",\"urlTemplate\":\"https:\\\/\\\/semead.com.br\\\/29\\\/en\\\/?s={search_term_string}\"},\"query-input\":{\"@type\":\"PropertyValueSpecification\",\"valueRequired\":true,\"valueName\":\"search_term_string\"}}],\"inLanguage\":\"en-US\"}]}<\/script>\n<!-- \/ Yoast SEO plugin. -->","yoast_head_json":{"title":"Schedule for Doctoral Consortium - XXIX SemeAd","robots":{"index":"index","follow":"follow","max-snippet":"max-snippet:-1","max-image-preview":"max-image-preview:large","max-video-preview":"max-video-preview:-1"},"canonical":"https:\/\/semead.com.br\/29\/en\/doctoral-consortium\/schedule-for-doctoral-consortium\/","og_locale":"en_US","og_type":"article","og_title":"Schedule for Doctoral Consortium - XXIX SemeAd","og_description":"Subject to change (dates and time-slots are presented at brazilian time) DIA 08\/11 \u2013 SEGUNDA-FEIRA &#8211; Das 14:30 \u00e0s 15:45 MESA 1 &#8211; How to publish in top leading Journals? Publishing opportunities in CMR and SBEJ: challenges faced and how to overcome them Prof. David Vogel Editor in Chief &#8211; California Management Review Prof. Christina [&hellip;]","og_url":"https:\/\/semead.com.br\/29\/en\/doctoral-consortium\/schedule-for-doctoral-consortium\/","og_site_name":"XXIX SemeAd","article_modified_time":"2021-11-07T00:26:36+00:00","twitter_card":"summary_large_image","twitter_misc":{"Est. reading time":"2 minutes"},"schema":{"@context":"https:\/\/schema.org","@graph":[{"@type":"WebPage","@id":"https:\/\/semead.com.br\/29\/en\/doctoral-consortium\/schedule-for-doctoral-consortium\/","url":"https:\/\/semead.com.br\/29\/en\/doctoral-consortium\/schedule-for-doctoral-consortium\/","name":"Schedule for Doctoral Consortium - XXIX SemeAd","isPartOf":{"@id":"https:\/\/semead.com.br\/29\/en\/#website"},"datePublished":"2021-11-01T21:34:19+00:00","dateModified":"2021-11-07T00:26:36+00:00","breadcrumb":{"@id":"https:\/\/semead.com.br\/29\/en\/doctoral-consortium\/schedule-for-doctoral-consortium\/#breadcrumb"},"inLanguage":"en-US","potentialAction":[{"@type":"ReadAction","target":["https:\/\/semead.com.br\/29\/en\/doctoral-consortium\/schedule-for-doctoral-consortium\/"]}]},{"@type":"BreadcrumbList","@id":"https:\/\/semead.com.br\/29\/en\/doctoral-consortium\/schedule-for-doctoral-consortium\/#breadcrumb","itemListElement":[{"@type":"ListItem","position":1,"name":"In\u00edcio","item":"https:\/\/semead.com.br\/29\/en\/"},{"@type":"ListItem","position":2,"name":"Doctoral Consortium","item":"https:\/\/semead.com.br\/29\/en\/doctoral-consortium\/"},{"@type":"ListItem","position":3,"name":"Schedule for Doctoral Consortium"}]},{"@type":"WebSite","@id":"https:\/\/semead.com.br\/29\/en\/#website","url":"https:\/\/semead.com.br\/29\/en\/","name":"XXIX SemeAd","description":"Semin\u00e1rios em administra\u00e7\u00e3o","potentialAction":[{"@type":"SearchAction","target":{"@type":"EntryPoint","urlTemplate":"https:\/\/semead.com.br\/29\/en\/?s={search_term_string}"},"query-input":{"@type":"PropertyValueSpecification","valueRequired":true,"valueName":"search_term_string"}}],"inLanguage":"en-US"}]}},"tpgb_featured_images":null,"tpgb_post_meta_info":{"get_date":"1 de November de 2021","get_modified_date":"6 de November de 2021","author_name":"","author_url":"https:\/\/semead.com.br\/29\/en\/author\/","author_email":"","author_website":"","author_description":"","author_facebook":"","author_twitter":"","author_instagram":"","author_role":"","author_firstname":"","author_lastname":"","user_login":"","author_avatar":"<img alt='' src='https:\/\/secure.gravatar.com\/avatar\/?s=200&#038;d=mm&#038;r=g' srcset='https:\/\/secure.gravatar.com\/avatar\/?s=400&#038;d=mm&#038;r=g 2x' class='avatar avatar-200 photo avatar-default' height='200' width='200' decoding='async'\/>","author_avatar_url":"https:\/\/secure.gravatar.com\/avatar\/?s=96&d=mm&r=g","comment_count":0,"post_likes":0,"post_views":0},"tpgb_post_category":[],"jetpack_sharing_enabled":true,"_links":{"self":[{"href":"https:\/\/semead.com.br\/29\/en\/wp-json\/wp\/v2\/pages\/23168","targetHints":{"allow":["GET"]}}],"collection":[{"href":"https:\/\/semead.com.br\/29\/en\/wp-json\/wp\/v2\/pages"}],"about":[{"href":"https:\/\/semead.com.br\/29\/en\/wp-json\/wp\/v2\/types\/page"}],"author":[{"embeddable":true,"href":"https:\/\/semead.com.br\/29\/en\/wp-json\/wp\/v2\/users\/10"}],"replies":[{"embeddable":true,"href":"https:\/\/semead.com.br\/29\/en\/wp-json\/wp\/v2\/comments?post=23168"}],"version-history":[{"count":0,"href":"https:\/\/semead.com.br\/29\/en\/wp-json\/wp\/v2\/pages\/23168\/revisions"}],"up":[{"embeddable":true,"href":"https:\/\/semead.com.br\/29\/en\/wp-json\/wp\/v2\/pages\/19709"}],"wp:attachment":[{"href":"https:\/\/semead.com.br\/29\/en\/wp-json\/wp\/v2\/media?parent=23168"}],"curies":[{"name":"wp","href":"https:\/\/api.w.org\/{rel}","templated":true}]}}