{"id":23461,"date":"2021-11-06T14:34:21","date_gmt":"2021-11-06T17:34:21","guid":{"rendered":"https:\/\/semead.com.br\/29-novo\/?page_id=23461"},"modified":"2021-11-06T14:34:22","modified_gmt":"2021-11-06T17:34:22","slug":"best-papers-nominees","status":"publish","type":"page","link":"https:\/\/semead.com.br\/29\/en\/best-papers-nominees\/","title":{"rendered":"Best Papers Nominees"},"content":{"rendered":"\n<p><strong>These are the papers nominated to be elected the best in their respective thematic field at SemeAd. Check the list! (Presented in portuguese)<\/strong><\/p>\n\n\n\n<figure class=\"wp-block-table is-style-stripes\"><table><tbody><tr><td><strong>C\u00f3digo do Trabalho<\/strong><\/td><td><strong>T\u00edtulo<\/strong><\/td><td><strong>Autor (es)<\/strong><\/td><\/tr><tr><td>1040<\/td><td>ESPIRITUALIDADE NO TRABALHO: UM MODELO DE MENSURA\u00c7\u00c3O PARA ORGANIZA\u00c7\u00d5ES P\u00daBLICAS BRASILEIRAS<\/td><td>Diogo Coelho Moreira (UFSM), Sabrina Guimar\u00e3es de Vargas (UFSM) TATIANA BECKER VENTURA (UFSM), Taiani Corr\u00eaa da Costa (UFSM), Luciana Flores Battistella (UFSM)<\/td><\/tr><tr><td>1665<\/td><td>An early assessment on democracy and the Covid-19 Pandemic: The importance of urbanization, life expectancy, and inequality<\/td><td>Victor Alexandre de Abreu Lima (FECAP), Marketa Jerabek (USP), Augusto Dutra Galery (FECAP), J\u00e9sus de Lisboa Gomes  (FECAP)<\/td><\/tr><tr><td>2020<\/td><td>VANTAGENS E DESVANTAGENS DO TELETRABALHO NO SERVI\u00c7O P\u00daBLICO<\/td><td>TIAGO OLIVEIRA DOS SANTOS (IDP), DIOGO RIBEIRO DA FONSECA (UNB)<\/td><\/tr><\/tbody><\/table><\/figure>\n\n\n\n<figure class=\"wp-block-table\"><table><tbody><tr><td><strong>Agribusiness<\/strong><\/td><\/tr><\/tbody><\/table><\/figure>\n\n\n\n<figure class=\"wp-block-table is-style-stripes\"><table><tbody><tr><td><strong>C\u00f3digo do Trabalho<\/strong><\/td><td><strong>T\u00edtulo<\/strong><\/td><td><strong>Autor (es)<\/strong><\/td><\/tr><tr><td>4<\/td><td>A study on heteroskedasticity assumptions effects over the crop yield insurance premiums<\/td><td>Victor Fernando Silva (FEA-USP), Jo\u00e3o Vin\u00edcius de Fran\u00e7a Carvalho (FEA-USP)<\/td><\/tr><tr><td>9<\/td><td>A Modera\u00e7\u00e3o da Fun\u00e7\u00e3o H\u00edbrida da Cooperativa na Rela\u00e7\u00e3o entre as Organiza\u00e7\u00f5es Estruturantes e a Intercoopera\u00e7\u00e3o<\/td><td>Pedro Henrique Rodrigues de Sousa (UNB), Edgar Reyes Junior (UNB), Victor Del-Corte-Lora (Universitat Jaume I)<\/td><\/tr><tr><td>1578<\/td><td>Est\u00edmulos e Restri\u00e7\u00f5es \u00e0 execu\u00e7\u00e3o do Princ\u00edpio da Intercoopera\u00e7\u00e3o<\/td><td>Pedro Henrique Rodrigues de Sousa (UNB), Victor Del-Corte-Lora (Universitat Jaume I)<\/td><\/tr><\/tbody><\/table><\/figure>\n\n\n\n<figure class=\"wp-block-table\"><table><tbody><tr><td><strong>Empreendedorismo<\/strong><\/td><\/tr><\/tbody><\/table><\/figure>\n\n\n\n<figure class=\"wp-block-table is-style-stripes\"><table><tbody><tr><td><strong>C\u00f3digo do Trabalho<\/strong><\/td><td><strong>T\u00edtulo<\/strong><\/td><td><strong>Autor (es)<\/strong><\/td><\/tr><tr><td>180<\/td><td>THE IMPACT OF THE INSTITUTIONAL ENVIRONMENT ON ENTREPRENEURIAL ACTIVITY: AN ANALISYS OF DEVELOPING AND DEVELOPED COUNTRIES<\/td><td>Lucas Pereira de Mello (UNICAMP), Gustavo Herm\u00ednio Salati Marcondes de Moraes (UNICAMP), Bruno Brand\u00e3o Fischer (UNICAMP)<\/td><\/tr><tr><td>2316<\/td><td>DIRTY DEEDS: how corruption affects entrepreneurship in developed and emerging economies<\/td><td>Fabio Yoshio Suguri Motoki (University of East Anglia), Emerson Wagner (FUCAPE), Jose Antonio Tejeda Almonte (FUCAPE)<\/td><\/tr><tr><td>1785<\/td><td>COMPORTAMENTO EMPREENDEDOR EM SITUA\u00c7\u00d5ES ADVERSAS: UMA AN\u00c1LISE NO CONTEXTO DA PANDEMIA DA COVID-19<\/td><td>Claudia Maria da Silva Bezerra (UNINOVE), Heidy Rodriguez Ramos (UNINOVE)<\/td><\/tr><\/tbody><\/table><\/figure>\n\n\n\n<figure class=\"wp-block-table\"><table><tbody><tr><td><strong>Ensino e Pesquisa<\/strong><\/td><\/tr><\/tbody><\/table><\/figure>\n\n\n\n<figure class=\"wp-block-table is-style-stripes\"><table><tbody><tr><td><strong>C\u00f3digo do Trabalho<\/strong><\/td><td><strong>T\u00edtulo<\/strong><\/td><td><strong>Autor (es)<\/strong><\/td><\/tr><tr><td>1349<\/td><td>O professor no ensino remoto durante a pandemia do novo corona v\u00edrus: desafios enfrentados e quebra de sentidos<\/td><td>Jo\u00e3o Paulo Oliveira Lucena (UFRN), Thales da Costa Lago Alves (UFRN), Anat\u00e1lia Saraiva Martins Ramos (UFRN)<\/td><\/tr><tr><td>2217<\/td><td>A Guide to Conducting Design Ethnography of Information Infrastructures Design<\/td><td>BRUNO HENRIQUE SANCHES (FGV-EAESP)<\/td><\/tr><tr><td>2317<\/td><td>EDUCA\u00c7\u00c3O A DIST\u00c2NCIA: Perspectivas docentes sobre o feedback<\/td><td>Ra\u00edsa Correa Fortes (FEA-USP), Bernadete de Lourdes Marinho (FEA-USP)<\/td><\/tr><\/tbody><\/table><\/figure>\n\n\n\n<figure class=\"wp-block-table\"><table><tbody><tr><td><strong>Estrat\u00e9gia em Organiza\u00e7\u00f5es<\/strong><\/td><\/tr><\/tbody><\/table><\/figure>\n\n\n\n<figure class=\"wp-block-table is-style-stripes\"><table><tbody><tr><td><strong>C\u00f3digo do Trabalho<\/strong><\/td><td><strong>T\u00edtulo<\/strong><\/td><td><strong>Autor (es)<\/strong><\/td><\/tr><tr><td>999<\/td><td>Differentiating CSR and Stakeholder Management Empirical Metrics: A Literature Review.<\/td><td>Marcela do Prado Rino (FEA-USP), ANNE BAHIEH ZEHOUL (PUC-RIO)<\/td><\/tr><tr><td>1325<\/td><td>Ethical Leadership and Innovative Work Behavior in Cooperatives: Mediating Role of Multiple Stakeholder Orientation<\/td><td>Waleska Yone Yamakawa Zavatti Campos (PUC-RIO), Gustavo Fructuozo Loiola (FGV-EAESP)<\/td><\/tr><tr><td>1341<\/td><td>Declining Process of Franchise: Through The Lens of Stakeholder Management<\/td><td>RENATO PIOVESANA GOMES (FGV-EAESP)<\/td><\/tr><\/tbody><\/table><\/figure>\n\n\n\n<figure class=\"wp-block-table\"><table><tbody><tr><td><strong>Estudos Organizacionais<\/strong><\/td><\/tr><\/tbody><\/table><\/figure>\n\n\n\n<figure class=\"wp-block-table is-style-stripes\"><table><tbody><tr><td><strong>C\u00f3digo do Trabalho<\/strong><\/td><td><strong>T\u00edtulo<\/strong><\/td><td><strong>Autor (es)<\/strong><\/td><\/tr><tr><td>966<\/td><td>AN\u00c1LISE BIBLIOM\u00c9TRICA SOBRE ESTUDOS DE CARREIRAS, FEMINISMOS E A BUSCA POR UMA ABERTURA INTERSECCIONAL<\/td><td>Fernanda de Aguiar Zanola (UFLA), Fernanda Cavalheiro Ruffino Rauber (UFLA), Lauri Luis Rauber (UFLA), Flaviana Andrade de P\u00e1dua Carvalho (UFLA)<\/td><\/tr><tr><td>1473<\/td><td>FATORES QUE INFLUENCIAM A APRENDIZAGEM INTERORGANIZACIONAL: estudo de caso em uma rede com organiza\u00e7\u00f5es de diferentes setores.<\/td><td>Carla Zandavalli (UFSC), Julieta Kaoru Watanabe Wilbert (UFSC), Gertrudes Aparecida Dandolin (UFSC), Andrea Val\u00e9ria Steil (UFSC)<\/td><\/tr><tr><td>2100<\/td><td>Evid\u00eancias emp\u00edricas sobre estere\u00f3tipos positivos e negativos de trabalhadores mais velhos<\/td><td>Werenna Fernnanda Garcia Batista (MACKENZIE), DARCY MITIKO MORI HANASHIRO (MACKENZIE)<\/td><\/tr><\/tbody><\/table><\/figure>\n\n\n\n<figure class=\"wp-block-table\"><table><tbody><tr><td><strong>Finan\u00e7as<\/strong><\/td><\/tr><\/tbody><\/table><\/figure>\n\n\n\n<figure class=\"wp-block-table is-style-stripes\"><table><tbody><tr><td><strong>C\u00f3digo do Trabalho<\/strong><\/td><td><strong>T\u00edtulo<\/strong><\/td><td><strong>Autor (es)<\/strong><\/td><\/tr><tr><td>403<\/td><td>Ownership structure, capital structure and dividend policy: Evidence from the Iberian markets<\/td><td>Elisabete F\u00e1tima Sim\u00f5es Vieira (Universidade de Aveiro), Anabela Rocha (Universidade de Aveiro)<\/td><\/tr><tr><td>1296<\/td><td>A INCERTEZA DA POL\u00cdTICA ECON\u00d4MICA AFETA OPERA\u00c7\u00d5ES DE FUS\u00d5ES E AQUISI\u00c7\u00d5ES? EVID\u00caNCIAS DO MERCADO BRASILEIRO<\/td><td>Alexandre Teixeira Norberto Batista (UFMG), Wagner Moura Lamounier (UFMG), POUERI DO CARMO MARIO (UFMG)<\/td><\/tr><tr><td>2036<\/td><td>AN\u00c1LISE DOS DISCURSOS CONTIDOS NOS TWEETS P\u00daBLICOS DE CRIPTOATIVOS DOS RAMOS DE MASTERNODES E FINAN\u00c7AS DESCENTRALIZADAS E SUA INFLU\u00caNCIA NOS PRE\u00c7OS E VOLUMES NEGOCIADOS<\/td><td>Kamyr Gomes de Souza (UFU)<\/td><\/tr><\/tbody><\/table><\/figure>\n\n\n\n<figure class=\"wp-block-table\"><table><tbody><tr><td><strong>Gest\u00e3o da Inova\u00e7\u00e3o<\/strong><\/td><\/tr><\/tbody><\/table><\/figure>\n\n\n\n<figure class=\"wp-block-table is-style-stripes\"><table><tbody><tr><td><strong>C\u00f3digo do Trabalho<\/strong><\/td><td><strong>T\u00edtulo<\/strong><\/td><td><strong>Autor (es)<\/strong><\/td><\/tr><tr><td>1706<\/td><td>Market Risk, Innovation Capacity and Value Creation In Brazilian Pharmaceutical Companies Listed on the B3<\/td><td>Lucas dos Santos Costa (FEA-USP), Lizandra Ariane Machado de Castro (USP), Susana Sales da Silva Campos (FEA-USP)<\/td><\/tr><tr><td>2302<\/td><td>FRUGAL INNOVATION AND OPERATIONAL PERFORMANCE: THE ROLE OF ORGANISATIONAL LEARNING CAPABILITY ACROSS INDUSTRIES<\/td><td>Ana Clara Berndt de Souza (FURB), Giancarlo Gomes (FURB), Felipe Mendes Borini (FEA-USP), ROBERTO CARLOS BERNARDES (FEI)<\/td><\/tr><tr><td>2522<\/td><td>INDIVIDUAL READINESS FOR ADOPTING DESIGN THINKING<\/td><td>WILLIAN SEII (FEA-USP), Liliana Vasconcellos (FEA-USP), Di\u00f3genes de Souza Bido (MACKENZIE), DIEGO LAURINDO AVANCINE (FEA-USP)<\/td><\/tr><\/tbody><\/table><\/figure>\n\n\n\n<figure class=\"wp-block-table\"><table><tbody><tr><td><strong>Gest\u00e3o de Pessoas<\/strong><\/td><\/tr><\/tbody><\/table><\/figure>\n\n\n\n<figure class=\"wp-block-table is-style-stripes\"><table><tbody><tr><td><strong>C\u00f3digo do Trabalho<\/strong><\/td><td><strong>T\u00edtulo<\/strong><\/td><td><strong>Autor (es)<\/strong><\/td><\/tr><tr><td>220<\/td><td>HOW COMMUNICATION ON INTERNAL SOCIAL MEDIA DEVELOPS WHEN INTRODUCED INTO ORGANIZATIONS: A STUDY FROM DIGITAL NATIVES\u2019 PERSPECTIVE<\/td><td>Thais Lustosa Carreira (FUMEC), Jefferson Lopes La Falce (FUMEC), Diogo Henrique Helal (Funda\u00e7\u00e3o Joaquim Nabuco), M\u00e1rio Teixeira Reis Neto (FUMEC)<\/td><\/tr><tr><td>1893<\/td><td>Efeitos do presente\u00edsmo e da sa\u00fade mental na produtividade dos trabalhadores na pandemia do Covid-19<\/td><td>Elvio Antonio Sartorio (FUCAPE), Marcia Juliana d&#8217;Angelo (FUCAPE), Karen Sade de Paiva Filgueiras (FUCAPE), Amilson de Araujo Durans (CEST), Carlos Jorge Taborda Macedo (FUCAPE)<\/td><\/tr><tr><td>1951<\/td><td>THE EMPLOYEE EXPERIENCE APPROACH: A NEW HR PERSPECTIVE OR JUST ANOTHER BUZZWORD?<\/td><td>Liliana Vasconcellos (FEA-USP), Renata Beretta (Tribio Desenvolvimento Organizacional)<\/td><\/tr><\/tbody><\/table><\/figure>\n\n\n\n<figure class=\"wp-block-table\"><table><tbody><tr><td><strong>Gest\u00e3o Socioambiental<\/strong><\/td><\/tr><\/tbody><\/table><\/figure>\n\n\n\n<figure class=\"wp-block-table is-style-stripes\"><table><tbody><tr><td><strong>C\u00f3digo do Trabalho<\/strong><\/td><td><strong>T\u00edtulo<\/strong><\/td><td><strong>Autor (es)<\/strong><\/td><\/tr><tr><td>979<\/td><td>Responsabilidade Social Corporativa e Independ\u00eancia do Conselho de Administra\u00e7\u00e3o: A Relev\u00e2ncia de Conselheiros Independentes N\u00e3o Indicados Por Acionistas Controladores<\/td><td>R\u00f4mulo Alves Soares (UNIFOR), Lorena Maria Gomes Bastos (FACULDADE SETE DE SETEMBRO)<\/td><\/tr><tr><td>1284<\/td><td>TOWARD A COMPREHENSION OF TENSIONS IN THE FAST FASHION INDUSTRY UNDER A COMPLEXITY LENS<\/td><td>Domenico Ceglia  (UFC), M\u00f4nica Cavalcanti S\u00e1 de Abreu (UFC), EUGENIO AVILA PEDROZO (UFRGS), Marcia Dutra de Barcellos (UFRGS)<\/td><\/tr><tr><td>2089<\/td><td>Environmental Innovation and Systematic Risk: Moderating Role of Board Diversity<\/td><td>Victor Daniel Vasconcelos (FEA-RP\/USP)<\/td><\/tr><\/tbody><\/table><\/figure>\n\n\n\n<figure class=\"wp-block-table\"><table><tbody><tr><td><strong>Marketing<\/strong><\/td><\/tr><\/tbody><\/table><\/figure>\n\n\n\n<figure class=\"wp-block-table is-style-stripes\"><table><tbody><tr><td><strong>C\u00f3digo do Trabalho<\/strong><\/td><td><strong>T\u00edtulo<\/strong><\/td><td><strong>Autor (es)<\/strong><\/td><\/tr><tr><td>796<\/td><td>CAINDO EM TENTA\u00c7\u00c3O: o papel da regula\u00e7\u00e3o emocional sobre a rela\u00e7\u00e3o entre ansiedade, determinantes da impulsividade e a compra alimentar.<\/td><td>Jos\u00e9 Eduardo de Melo Barros (UFPB), Rita de C\u00e1ssia de Faria Pereira (UFPB), Marcelo da Costa Borba (UFRGS)<\/td><\/tr><tr><td>1091<\/td><td>The cascading effect of static and dynamic marketing capabilities on the international performance: Analyzing market orientation as an antecedent<\/td><td>Caroline Kalil Reimann (FACULDADE DE ECONOMIA DA UNIVERSIDADE DE COIMBRA), Fernando Manuel Pereira de Oliveira Carvalho (FACULDADE DE ECONOMIA DA UNIVERSIDADE DE COIMBRA), Marcelo Pereira Duarte (FACULDADE DE ECONOMIA DA UNIVERSIDADE DE COIMBRA)<\/td><\/tr><tr><td>1803<\/td><td>A CRIA\u00c7\u00c3O DE VALOR EM COOPERATIVAS DE MATERIAIS RECICL\u00c1VEIS<\/td><td>Roberto Bazanini (UNIP), Tirone Francisco Chahad Lanix (UNIP), Catharina Pereira Barbosa (UNIP)<\/td><\/tr><\/tbody><\/table><\/figure>\n\n\n\n<figure class=\"wp-block-table\"><table><tbody><tr><td><strong>Opera\u00e7\u00f5es<\/strong><\/td><\/tr><\/tbody><\/table><\/figure>\n\n\n\n<figure class=\"wp-block-table is-style-stripes\"><table><tbody><tr><td><strong>C\u00f3digo do Trabalho<\/strong><\/td><td><strong>T\u00edtulo<\/strong><\/td><td><strong>Autor (es)<\/strong><\/td><\/tr><tr><td>665<\/td><td>A GEST\u00c3O DE RISCOS DA CADEIA DE SUPRIMENTOS DO SETOR DE LOG\u00cdSTICA DE VALORES NA PANDEMIA DO COVID-19<\/td><td>Rodrigo Italo Sauerwein Guglielmi (FGV-EAESP)<\/td><\/tr><tr><td>985<\/td><td>ECONOMIA CIRCULAR E A INTEN\u00c7\u00c3O DE COMPRA DE PRODUTOS PET RECICLADOS PELOS CONSUMIDORES BRASILEIROS<\/td><td>Fernanda Cristina Barbosa Pereira Queiroz (UFRN), Nilton Cesar Lima (UFU), Christian Luiz da Silva (UTFPR), Jamerson Viegas Queiroz (UFRN), Gustavo Henrique Silva de Souza (IFNMG)<\/td><\/tr><tr><td>1044<\/td><td>Crit\u00e9rios para a Implementa\u00e7\u00e3o Sustent\u00e1vel de Escrit\u00f3rios de Gerenciamento de Projetos em Institui\u00e7\u00f5es Federais de Ensino Superior (IFES)<\/td><td>Larissa de Souza Pereira (UNIFEI), Claudio Roberto Fernandes (UNIFEI), Sandra Miranda Neves (UNIFEI), Marcel Fernando da Costa Parentoni (UNIFEI), Isabel Cristina da Silva Arantes(UNIFEI)<\/td><\/tr><\/tbody><\/table><\/figure>\n\n\n\n<figure class=\"wp-block-table\"><table><tbody><tr><td><strong>Tecnologia da Informa\u00e7\u00e3o<\/strong><\/td><\/tr><\/tbody><\/table><\/figure>\n\n\n\n<figure class=\"wp-block-table is-style-stripes\"><table><tbody><tr><td><strong>C\u00f3digo do Trabalho<\/strong><\/td><td><strong>T\u00edtulo<\/strong><\/td><td><strong>Autor (es)<\/strong><\/td><\/tr><tr><td>439<\/td><td>IDENTIFYING FACTORS AND THE RELATIONSHIP BETWEEN WITHDRAWAL, COMPULSION AND ANXIETIES IN INSTAGRAM USERS<\/td><td>Gabriele Abrantes de Almeida (UNIFESP), Luis Hernan Contreras Pinochet (UNIFESP), Vanessa Itacaramby Pardim (UNINOVE), MARCIA CARVALHO DE AZEVEDO (UNIFESP)<\/td><\/tr><tr><td>700<\/td><td>MODELOS DE NEG\u00d3CIOS INOVADORES BASEADOS NAS ABORDAGENS SaaS, HaaS e PaaS<\/td><td>Frederico Cesar Mafra Pereira (UFMG), Marcelo Agenor Esp\u00edndola, Senac-MG, Jo\u00e3o Gabriel Nogueira Campos de Melo (UNA)<\/td><\/tr><tr><td>1480<\/td><td>THE USE OF DIGITAL FINANCIAL SERVICES AND BUSINESS PERFORMANCE SATISFACTION IN THE CONTEXT OF FEMALE ENTREPRENEURSHIP<\/td><td>Fernanda Francielle de Oliveira Malaquias (UFU), Rodrigo Fernandes Malaquias (UFU)<\/td><\/tr><\/tbody><\/table><\/figure>\n\n\n\n<figure class=\"wp-block-table\"><table><tbody><tr><td><strong>Turismo e Hospitalidade<\/strong><\/td><\/tr><\/tbody><\/table><\/figure>\n\n\n\n<figure class=\"wp-block-table is-style-stripes\"><table><tbody><tr><td><strong>C\u00f3digo do Trabalho<\/strong><\/td><td><strong>T\u00edtulo<\/strong><\/td><td><strong>Autor (es)<\/strong><\/td><\/tr><tr><td>730<\/td><td>PERFIS DE ETNOCENTRISMO, XENOCENTRISMO E O PAPEL DA AUTENTICIDADE NA ESCOLHA DE DESTINO NACIONAL PELO TURISTA BRASILEIRO<\/td><td>Jussara da Silva Teixeira Cucato (ESPM), Vivian Iara Strehlau (ESPM), Marlette Cassia Oliveira Ferreira (IFSP), Jussara Goulart da Silva (UFU)<\/td><\/tr><tr><td>1710<\/td><td>HOSPITALIDADE EM TEMPOS DE COVID-19: o impacto nas montadoras de feiras de neg\u00f3cios<\/td><td>Anderson Soares Lopes (UAM), Eduardo Librach Buckup (Grupo Laureate &#8211; Anhembi Morumbi\/FMU), Robert Kenzo Falck (UAM)<\/td><\/tr><tr><td>1994<\/td><td>HOSPITALIDADE NAS FEIRAS DE ECONOMIA CRIATIVA: UMA ABORDAGEM A PARTIR DAS RELA\u00c7\u00d5ES ENTRE STAKEHOLDERS<\/td><td>Michelle Ca\u00e7apava Vigueles (UAM), Simone Ruchdi Barakat (FECAP)<\/td><\/tr><\/tbody><\/table><\/figure>\n\n\n\n<figure class=\"wp-block-table\"><table><tbody><tr><td><strong>Artigos Aplicados<\/strong><\/td><\/tr><\/tbody><\/table><\/figure>\n\n\n\n<figure class=\"wp-block-table is-style-stripes\"><table><tbody><tr><td><strong>C\u00f3digo do Trabalho<\/strong><\/td><td><strong>T\u00edtulo<\/strong><\/td><td><strong>Autor (es)<\/strong><\/td><\/tr><tr><td>228<\/td><td>Implementaci\u00f3n de Sistemas de Aseguramiento de la Calidad HACCP en Empresas Agroalimentarias<\/td><td>Elizabeth Natalia Parodi (Facultad de Agronom\u00eda-Universidad de Buenos Aires), Fernando Mogni (Facultad de Agronom\u00eda-Universidad de Buenos Aires), Hernan Palau (Facultad de Agronom\u00eda-Universidad de Buenos Aires)<\/td><\/tr><tr><td>327<\/td><td>LEAN OFFICE NO EX\u00c9RCITO BRASILEIRO: uma proposta de an\u00e1lise e melhoria de processo em uma Organiza\u00e7\u00e3o Militar de Sa\u00fade<\/td><td>Alex Nogueira de Carvalho (UFBA), Denise Ribeiro de Almeida (UFBA), Leonardo Ribeiro de Almeida (UNIRIO)<\/td><\/tr><tr><td>896<\/td><td>INNOVATION COMPETENCES DEVELOPMENT CYCLE: the proposition of a tool for innovation competences development in a corporate environment<\/td><td>Henrique Scholz J\u00fanior (UNISINOS), Bruno Anicet Bittencourt (UNISINOS), Kadigia Faccin (UNISINOS)<\/td><\/tr><\/tbody><\/table><\/figure>\n\n\n\n<figure class=\"wp-block-table\"><table><tbody><tr><td><strong>Casos de Ensino<\/strong><\/td><\/tr><\/tbody><\/table><\/figure>\n\n\n\n<figure class=\"wp-block-table is-style-stripes\"><table><tbody><tr><td><strong>C\u00f3digo do Trabalho<\/strong><\/td><td><strong>T\u00edtulo<\/strong><\/td><td><strong>Autor (es)<\/strong><\/td><\/tr><tr><td>783<\/td><td>\u201cARRUMA A MALA A\u00cd\u201d: rumo \u00e0 responsabilidade socioambiental hoteleira<\/td><td>J\u00e9ssica Jer\u00f4nimo Costa (UFPB), Ana L\u00facia de Ara\u00fajo Lima Coelho (UFPB), Heudja Santana Varela Ribeiro de Ara\u00fajo (UFPB), Christiano Coelho, (UFPB)<\/td><\/tr><tr><td>883<\/td><td>A DOIS PASSOS DO PARA\u00cdSO: O CASO DA POUSADA BRAVO HOUSE<\/td><td>Richard Felipe Savisky 2, Jailson Lana (UNIVALI), Raul Beal Partyka (FGV-EAESP)<\/td><\/tr><tr><td>2044<\/td><td>EXAGEROU NA DOSE? AN\u00c1LISE DA ALAVANCAGEM FINANCEIRA DA COMPANHIA SIDER\u00daRGICA NACIONAL<\/td><td>Caritsa Scartaty Moreira (UFPB), Allisson Silva dos Santos (UFPB), Anderson Dias Brito (UFPB)<\/td><\/tr><\/tbody><\/table><\/figure>\n","protected":false},"excerpt":{"rendered":"<p>These are the papers nominated to be elected the best in their respective thematic field at SemeAd. Check the list! (Presented in portuguese) C\u00f3digo do Trabalho T\u00edtulo Autor (es) 1040 ESPIRITUALIDADE NO TRABALHO: UM MODELO DE MENSURA\u00c7\u00c3O PARA ORGANIZA\u00c7\u00d5ES P\u00daBLICAS BRASILEIRAS Diogo Coelho Moreira (UFSM), Sabrina Guimar\u00e3es de Vargas (UFSM) TATIANA BECKER VENTURA (UFSM), Taiani [&hellip;]<\/p>\n","protected":false},"author":10,"featured_media":0,"parent":0,"menu_order":0,"comment_status":"closed","ping_status":"closed","template":"","meta":{"_acf_changed":false,"tpgb_global_settings":"","inline_featured_image":false,"_monsterinsights_skip_tracking":false,"_monsterinsights_sitenote_active":false,"_monsterinsights_sitenote_note":"","_monsterinsights_sitenote_category":0,"footnotes":""},"class_list":["post-23461","page","type-page","status-publish","hentry"],"acf":{"coordenadores":null,"audio_da_coordenacao":null,"temas":null},"yoast_head":"<!-- This site is optimized with the Yoast SEO plugin v27.5 - https:\/\/yoast.com\/product\/yoast-seo-wordpress\/ -->\n<title>Best Papers Nominees - XXIX SemeAd<\/title>\n<meta name=\"robots\" content=\"index, follow, max-snippet:-1, max-image-preview:large, max-video-preview:-1\" \/>\n<link rel=\"canonical\" href=\"https:\/\/semead.com.br\/29\/en\/best-papers-nominees\/\" \/>\n<meta property=\"og:locale\" content=\"en_US\" \/>\n<meta property=\"og:type\" content=\"article\" \/>\n<meta property=\"og:title\" content=\"Best Papers Nominees - XXIX SemeAd\" \/>\n<meta property=\"og:description\" content=\"These are the papers nominated to be elected the best in their respective thematic field at SemeAd. Check the list! (Presented in portuguese) C\u00f3digo do Trabalho T\u00edtulo Autor (es) 1040 ESPIRITUALIDADE NO TRABALHO: UM MODELO DE MENSURA\u00c7\u00c3O PARA ORGANIZA\u00c7\u00d5ES P\u00daBLICAS BRASILEIRAS Diogo Coelho Moreira (UFSM), Sabrina Guimar\u00e3es de Vargas (UFSM) TATIANA BECKER VENTURA (UFSM), Taiani [&hellip;]\" \/>\n<meta property=\"og:url\" content=\"https:\/\/semead.com.br\/29\/en\/best-papers-nominees\/\" \/>\n<meta property=\"og:site_name\" content=\"XXIX SemeAd\" \/>\n<meta property=\"article:modified_time\" content=\"2021-11-06T17:34:22+00:00\" \/>\n<meta name=\"twitter:card\" content=\"summary_large_image\" \/>\n<meta name=\"twitter:label1\" content=\"Est. reading time\" \/>\n\t<meta name=\"twitter:data1\" content=\"7 minutes\" \/>\n<script type=\"application\/ld+json\" class=\"yoast-schema-graph\">{\"@context\":\"https:\\\/\\\/schema.org\",\"@graph\":[{\"@type\":\"WebPage\",\"@id\":\"https:\\\/\\\/semead.com.br\\\/29\\\/en\\\/best-papers-nominees\\\/\",\"url\":\"https:\\\/\\\/semead.com.br\\\/29\\\/en\\\/best-papers-nominees\\\/\",\"name\":\"Best Papers Nominees - XXIX SemeAd\",\"isPartOf\":{\"@id\":\"https:\\\/\\\/semead.com.br\\\/29\\\/en\\\/#website\"},\"datePublished\":\"2021-11-06T17:34:21+00:00\",\"dateModified\":\"2021-11-06T17:34:22+00:00\",\"breadcrumb\":{\"@id\":\"https:\\\/\\\/semead.com.br\\\/29\\\/en\\\/best-papers-nominees\\\/#breadcrumb\"},\"inLanguage\":\"en-US\",\"potentialAction\":[{\"@type\":\"ReadAction\",\"target\":[\"https:\\\/\\\/semead.com.br\\\/29\\\/en\\\/best-papers-nominees\\\/\"]}]},{\"@type\":\"BreadcrumbList\",\"@id\":\"https:\\\/\\\/semead.com.br\\\/29\\\/en\\\/best-papers-nominees\\\/#breadcrumb\",\"itemListElement\":[{\"@type\":\"ListItem\",\"position\":1,\"name\":\"In\u00edcio\",\"item\":\"https:\\\/\\\/semead.com.br\\\/29\\\/en\\\/\"},{\"@type\":\"ListItem\",\"position\":2,\"name\":\"Best Papers Nominees\"}]},{\"@type\":\"WebSite\",\"@id\":\"https:\\\/\\\/semead.com.br\\\/29\\\/en\\\/#website\",\"url\":\"https:\\\/\\\/semead.com.br\\\/29\\\/en\\\/\",\"name\":\"XXIX SemeAd\",\"description\":\"Semin\u00e1rios em administra\u00e7\u00e3o\",\"potentialAction\":[{\"@type\":\"SearchAction\",\"target\":{\"@type\":\"EntryPoint\",\"urlTemplate\":\"https:\\\/\\\/semead.com.br\\\/29\\\/en\\\/?s={search_term_string}\"},\"query-input\":{\"@type\":\"PropertyValueSpecification\",\"valueRequired\":true,\"valueName\":\"search_term_string\"}}],\"inLanguage\":\"en-US\"}]}<\/script>\n<!-- \/ Yoast SEO plugin. -->","yoast_head_json":{"title":"Best Papers Nominees - XXIX SemeAd","robots":{"index":"index","follow":"follow","max-snippet":"max-snippet:-1","max-image-preview":"max-image-preview:large","max-video-preview":"max-video-preview:-1"},"canonical":"https:\/\/semead.com.br\/29\/en\/best-papers-nominees\/","og_locale":"en_US","og_type":"article","og_title":"Best Papers Nominees - XXIX SemeAd","og_description":"These are the papers nominated to be elected the best in their respective thematic field at SemeAd. Check the list! (Presented in portuguese) C\u00f3digo do Trabalho T\u00edtulo Autor (es) 1040 ESPIRITUALIDADE NO TRABALHO: UM MODELO DE MENSURA\u00c7\u00c3O PARA ORGANIZA\u00c7\u00d5ES P\u00daBLICAS BRASILEIRAS Diogo Coelho Moreira (UFSM), Sabrina Guimar\u00e3es de Vargas (UFSM) TATIANA BECKER VENTURA (UFSM), Taiani [&hellip;]","og_url":"https:\/\/semead.com.br\/29\/en\/best-papers-nominees\/","og_site_name":"XXIX SemeAd","article_modified_time":"2021-11-06T17:34:22+00:00","twitter_card":"summary_large_image","twitter_misc":{"Est. reading time":"7 minutes"},"schema":{"@context":"https:\/\/schema.org","@graph":[{"@type":"WebPage","@id":"https:\/\/semead.com.br\/29\/en\/best-papers-nominees\/","url":"https:\/\/semead.com.br\/29\/en\/best-papers-nominees\/","name":"Best Papers Nominees - XXIX SemeAd","isPartOf":{"@id":"https:\/\/semead.com.br\/29\/en\/#website"},"datePublished":"2021-11-06T17:34:21+00:00","dateModified":"2021-11-06T17:34:22+00:00","breadcrumb":{"@id":"https:\/\/semead.com.br\/29\/en\/best-papers-nominees\/#breadcrumb"},"inLanguage":"en-US","potentialAction":[{"@type":"ReadAction","target":["https:\/\/semead.com.br\/29\/en\/best-papers-nominees\/"]}]},{"@type":"BreadcrumbList","@id":"https:\/\/semead.com.br\/29\/en\/best-papers-nominees\/#breadcrumb","itemListElement":[{"@type":"ListItem","position":1,"name":"In\u00edcio","item":"https:\/\/semead.com.br\/29\/en\/"},{"@type":"ListItem","position":2,"name":"Best Papers Nominees"}]},{"@type":"WebSite","@id":"https:\/\/semead.com.br\/29\/en\/#website","url":"https:\/\/semead.com.br\/29\/en\/","name":"XXIX SemeAd","description":"Semin\u00e1rios em administra\u00e7\u00e3o","potentialAction":[{"@type":"SearchAction","target":{"@type":"EntryPoint","urlTemplate":"https:\/\/semead.com.br\/29\/en\/?s={search_term_string}"},"query-input":{"@type":"PropertyValueSpecification","valueRequired":true,"valueName":"search_term_string"}}],"inLanguage":"en-US"}]}},"tpgb_featured_images":null,"tpgb_post_meta_info":{"get_date":"6 de November de 2021","get_modified_date":"6 de November de 2021","author_name":"","author_url":"https:\/\/semead.com.br\/29\/en\/author\/","author_email":"","author_website":"","author_description":"","author_facebook":"","author_twitter":"","author_instagram":"","author_role":"","author_firstname":"","author_lastname":"","user_login":"","author_avatar":"<img alt='' src='https:\/\/secure.gravatar.com\/avatar\/?s=200&#038;d=mm&#038;r=g' srcset='https:\/\/secure.gravatar.com\/avatar\/?s=400&#038;d=mm&#038;r=g 2x' class='avatar avatar-200 photo avatar-default' height='200' width='200' decoding='async'\/>","author_avatar_url":"https:\/\/secure.gravatar.com\/avatar\/?s=96&d=mm&r=g","comment_count":0,"post_likes":0,"post_views":0},"tpgb_post_category":[],"jetpack_sharing_enabled":true,"_links":{"self":[{"href":"https:\/\/semead.com.br\/29\/en\/wp-json\/wp\/v2\/pages\/23461","targetHints":{"allow":["GET"]}}],"collection":[{"href":"https:\/\/semead.com.br\/29\/en\/wp-json\/wp\/v2\/pages"}],"about":[{"href":"https:\/\/semead.com.br\/29\/en\/wp-json\/wp\/v2\/types\/page"}],"author":[{"embeddable":true,"href":"https:\/\/semead.com.br\/29\/en\/wp-json\/wp\/v2\/users\/10"}],"replies":[{"embeddable":true,"href":"https:\/\/semead.com.br\/29\/en\/wp-json\/wp\/v2\/comments?post=23461"}],"version-history":[{"count":0,"href":"https:\/\/semead.com.br\/29\/en\/wp-json\/wp\/v2\/pages\/23461\/revisions"}],"wp:attachment":[{"href":"https:\/\/semead.com.br\/29\/en\/wp-json\/wp\/v2\/media?parent=23461"}],"curies":[{"name":"wp","href":"https:\/\/api.w.org\/{rel}","templated":true}]}}