{"id":26384,"date":"2022-07-12T15:07:14","date_gmt":"2022-07-12T18:07:14","guid":{"rendered":"https:\/\/semead.com.br\/29-novo\/?page_id=26384"},"modified":"2022-07-12T15:07:16","modified_gmt":"2022-07-12T18:07:16","slug":"papers-subjects","status":"publish","type":"page","link":"https:\/\/semead.com.br\/29\/en\/papers-subjects\/","title":{"rendered":"Papers Subjects"},"content":{"rendered":"\t\t<div data-elementor-type=\"wp-page\" data-elementor-id=\"26384\" class=\"elementor elementor-26384\" data-elementor-post-type=\"page\">\n\t\t\t\t\t\t<section class=\"elementor-section elementor-top-section elementor-element elementor-element-586262a elementor-section-boxed elementor-section-height-default elementor-section-height-default\" data-id=\"586262a\" data-element_type=\"section\" data-e-type=\"section\">\n\t\t\t\t\t\t<div class=\"elementor-container elementor-column-gap-default\">\n\t\t\t\t\t<div class=\"elementor-column elementor-col-100 elementor-top-column elementor-element elementor-element-b098418\" data-id=\"b098418\" data-element_type=\"column\" data-e-type=\"column\">\n\t\t\t<div class=\"elementor-widget-wrap elementor-element-populated\">\n\t\t\t\t\t\t<div class=\"elementor-element elementor-element-d356947 elementor-widget elementor-widget-sidebar\" data-id=\"d356947\" data-element_type=\"widget\" data-e-type=\"widget\" data-widget_type=\"sidebar.default\">\n\t\t\t\t<div class=\"elementor-widget-container\">\n\t\t\t\t\t<li id=\"nav_menu-7\" class=\"widget widget_nav_menu\"><h2 class=\"widgettitle\">Todas as \u00e1reas<\/h2>\n<div class=\"menu-papers-subjects-ingles-container\"><ul id=\"menu-papers-subjects-ingles\" class=\"menu\"><li id=\"menu-item-28303\" class=\"menu-item menu-item-type-post_type menu-item-object-page menu-item-28303\"><a href=\"https:\/\/semead.com.br\/29\/en\/tracks\/scientific-areas\/public-administration\/\">Public Administration<\/a><\/li>\n<li id=\"menu-item-19654\" class=\"menu-item menu-item-type-post_type menu-item-object-page menu-item-19654\"><a href=\"https:\/\/semead.com.br\/29\/en\/tracks\/scientific-areas\/agribusiness\/\">Agribusiness<\/a><\/li>\n<li id=\"menu-item-20180\" class=\"menu-item menu-item-type-post_type menu-item-object-page menu-item-20180\"><a href=\"https:\/\/semead.com.br\/29\/en\/tracks\/applied-articles\/\">Applied Articles<\/a><\/li>\n<li id=\"menu-item-31571\" class=\"menu-item menu-item-type-post_type menu-item-object-page menu-item-31571\"><a href=\"https:\/\/semead.com.br\/29\/en\/tracks\/scientific-areas\/entrepreneurship\/\">Entrepreneurship<\/a><\/li>\n<li id=\"menu-item-20142\" class=\"menu-item menu-item-type-post_type menu-item-object-page menu-item-20142\"><a href=\"https:\/\/semead.com.br\/29\/en\/tracks\/scientific-areas\/strategy-in-organizations\/\">Strategy in Organizations<\/a><\/li>\n<li id=\"menu-item-19665\" class=\"menu-item menu-item-type-post_type menu-item-object-page menu-item-19665\"><a href=\"https:\/\/semead.com.br\/29\/en\/tracks\/scientific-areas\/estudos-organizacionais\/\">Organizational Studies<\/a><\/li>\n<li id=\"menu-item-19662\" class=\"menu-item menu-item-type-post_type menu-item-object-page menu-item-19662\"><a href=\"https:\/\/semead.com.br\/29\/en\/tracks\/scientific-areas\/financas\/\">Finance<\/a><\/li>\n<li id=\"menu-item-19670\" class=\"menu-item menu-item-type-post_type menu-item-object-page menu-item-19670\"><a href=\"https:\/\/semead.com.br\/29\/en\/tracks\/scientific-areas\/gestao-da-inovacao\/\">Innovation Management<\/a><\/li>\n<li id=\"menu-item-31526\" class=\"menu-item menu-item-type-post_type menu-item-object-page menu-item-31526\"><a href=\"https:\/\/semead.com.br\/29\/en\/tracks\/scientific-areas\/people-management\/\">People Management<\/a><\/li>\n<li id=\"menu-item-20160\" class=\"menu-item menu-item-type-post_type menu-item-object-page menu-item-20160\"><a href=\"https:\/\/semead.com.br\/29\/en\/tracks\/scientific-areas\/socioenvironmental-management-2\/\">Socioenvironmental Management<\/a><\/li>\n<li id=\"menu-item-20164\" class=\"menu-item menu-item-type-post_type menu-item-object-page menu-item-20164\"><a href=\"https:\/\/semead.com.br\/29\/en\/tracks\/scientific-areas\/marketing\/\">Marketing<\/a><\/li>\n<li id=\"menu-item-19659\" class=\"menu-item menu-item-type-post_type menu-item-object-page menu-item-19659\"><a href=\"https:\/\/semead.com.br\/29\/en\/tracks\/scientific-areas\/ensino-e-pesquisa\/\">Research Methods and Techniques in Administration<\/a><\/li>\n<li id=\"menu-item-20168\" class=\"menu-item menu-item-type-post_type menu-item-object-page menu-item-20168\"><a href=\"https:\/\/semead.com.br\/29\/en\/tracks\/scientific-areas\/operations-2\/\">Operations<\/a><\/li>\n<li id=\"menu-item-20172\" class=\"menu-item menu-item-type-post_type menu-item-object-page menu-item-20172\"><a href=\"https:\/\/semead.com.br\/29\/en\/tracks\/scientific-areas\/information-technology\/\">Information Technology<\/a><\/li>\n<li id=\"menu-item-20176\" class=\"menu-item menu-item-type-post_type menu-item-object-page menu-item-20176\"><a href=\"https:\/\/semead.com.br\/29\/en\/tracks\/scientific-areas\/tourism-and-hospitality\/\">Tourism and Hospitality<\/a><\/li>\n<\/ul><\/div><\/li>\n\t\t\t\t<\/div>\n\t\t\t\t<\/div>\n\t\t\t\t\t<\/div>\n\t\t<\/div>\n\t\t\t\t\t<\/div>\n\t\t<\/section>\n\t\t\t\t<\/div>\n\t\t","protected":false},"excerpt":{"rendered":"","protected":false},"author":4,"featured_media":0,"parent":0,"menu_order":0,"comment_status":"closed","ping_status":"closed","template":"","meta":{"_acf_changed":false,"tpgb_global_settings":"","inline_featured_image":false,"_monsterinsights_skip_tracking":false,"_monsterinsights_sitenote_active":false,"_monsterinsights_sitenote_note":"","_monsterinsights_sitenote_category":0,"footnotes":""},"class_list":["post-26384","page","type-page","status-publish","hentry"],"acf":{"coordenadores":null,"audio_da_coordenacao":null,"temas":null},"yoast_head":"<!-- This site is optimized with the Yoast SEO plugin v27.5 - https:\/\/yoast.com\/product\/yoast-seo-wordpress\/ -->\n<title>Papers Subjects - XXIX SemeAd<\/title>\n<meta name=\"robots\" content=\"index, follow, max-snippet:-1, max-image-preview:large, max-video-preview:-1\" \/>\n<link rel=\"canonical\" href=\"https:\/\/semead.com.br\/29\/en\/papers-subjects\/\" \/>\n<meta property=\"og:locale\" content=\"en_US\" \/>\n<meta property=\"og:type\" content=\"article\" \/>\n<meta property=\"og:title\" content=\"Papers Subjects - XXIX SemeAd\" \/>\n<meta property=\"og:url\" content=\"https:\/\/semead.com.br\/29\/en\/papers-subjects\/\" \/>\n<meta property=\"og:site_name\" content=\"XXIX SemeAd\" \/>\n<meta property=\"article:modified_time\" content=\"2022-07-12T18:07:16+00:00\" \/>\n<meta name=\"twitter:card\" content=\"summary_large_image\" \/>\n<script type=\"application\/ld+json\" class=\"yoast-schema-graph\">{\"@context\":\"https:\\\/\\\/schema.org\",\"@graph\":[{\"@type\":\"WebPage\",\"@id\":\"https:\\\/\\\/semead.com.br\\\/29\\\/en\\\/papers-subjects\\\/\",\"url\":\"https:\\\/\\\/semead.com.br\\\/29\\\/en\\\/papers-subjects\\\/\",\"name\":\"Papers Subjects - XXIX SemeAd\",\"isPartOf\":{\"@id\":\"https:\\\/\\\/semead.com.br\\\/29\\\/en\\\/#website\"},\"datePublished\":\"2022-07-12T18:07:14+00:00\",\"dateModified\":\"2022-07-12T18:07:16+00:00\",\"breadcrumb\":{\"@id\":\"https:\\\/\\\/semead.com.br\\\/29\\\/en\\\/papers-subjects\\\/#breadcrumb\"},\"inLanguage\":\"en-US\",\"potentialAction\":[{\"@type\":\"ReadAction\",\"target\":[\"https:\\\/\\\/semead.com.br\\\/29\\\/en\\\/papers-subjects\\\/\"]}]},{\"@type\":\"BreadcrumbList\",\"@id\":\"https:\\\/\\\/semead.com.br\\\/29\\\/en\\\/papers-subjects\\\/#breadcrumb\",\"itemListElement\":[{\"@type\":\"ListItem\",\"position\":1,\"name\":\"In\u00edcio\",\"item\":\"https:\\\/\\\/semead.com.br\\\/29\\\/en\\\/\"},{\"@type\":\"ListItem\",\"position\":2,\"name\":\"Papers Subjects\"}]},{\"@type\":\"WebSite\",\"@id\":\"https:\\\/\\\/semead.com.br\\\/29\\\/en\\\/#website\",\"url\":\"https:\\\/\\\/semead.com.br\\\/29\\\/en\\\/\",\"name\":\"XXIX SemeAd\",\"description\":\"Semin\u00e1rios em administra\u00e7\u00e3o\",\"potentialAction\":[{\"@type\":\"SearchAction\",\"target\":{\"@type\":\"EntryPoint\",\"urlTemplate\":\"https:\\\/\\\/semead.com.br\\\/29\\\/en\\\/?s={search_term_string}\"},\"query-input\":{\"@type\":\"PropertyValueSpecification\",\"valueRequired\":true,\"valueName\":\"search_term_string\"}}],\"inLanguage\":\"en-US\"}]}<\/script>\n<!-- \/ Yoast SEO plugin. -->","yoast_head_json":{"title":"Papers Subjects - XXIX SemeAd","robots":{"index":"index","follow":"follow","max-snippet":"max-snippet:-1","max-image-preview":"max-image-preview:large","max-video-preview":"max-video-preview:-1"},"canonical":"https:\/\/semead.com.br\/29\/en\/papers-subjects\/","og_locale":"en_US","og_type":"article","og_title":"Papers Subjects - XXIX SemeAd","og_url":"https:\/\/semead.com.br\/29\/en\/papers-subjects\/","og_site_name":"XXIX SemeAd","article_modified_time":"2022-07-12T18:07:16+00:00","twitter_card":"summary_large_image","schema":{"@context":"https:\/\/schema.org","@graph":[{"@type":"WebPage","@id":"https:\/\/semead.com.br\/29\/en\/papers-subjects\/","url":"https:\/\/semead.com.br\/29\/en\/papers-subjects\/","name":"Papers Subjects - XXIX SemeAd","isPartOf":{"@id":"https:\/\/semead.com.br\/29\/en\/#website"},"datePublished":"2022-07-12T18:07:14+00:00","dateModified":"2022-07-12T18:07:16+00:00","breadcrumb":{"@id":"https:\/\/semead.com.br\/29\/en\/papers-subjects\/#breadcrumb"},"inLanguage":"en-US","potentialAction":[{"@type":"ReadAction","target":["https:\/\/semead.com.br\/29\/en\/papers-subjects\/"]}]},{"@type":"BreadcrumbList","@id":"https:\/\/semead.com.br\/29\/en\/papers-subjects\/#breadcrumb","itemListElement":[{"@type":"ListItem","position":1,"name":"In\u00edcio","item":"https:\/\/semead.com.br\/29\/en\/"},{"@type":"ListItem","position":2,"name":"Papers Subjects"}]},{"@type":"WebSite","@id":"https:\/\/semead.com.br\/29\/en\/#website","url":"https:\/\/semead.com.br\/29\/en\/","name":"XXIX SemeAd","description":"Semin\u00e1rios em administra\u00e7\u00e3o","potentialAction":[{"@type":"SearchAction","target":{"@type":"EntryPoint","urlTemplate":"https:\/\/semead.com.br\/29\/en\/?s={search_term_string}"},"query-input":{"@type":"PropertyValueSpecification","valueRequired":true,"valueName":"search_term_string"}}],"inLanguage":"en-US"}]}},"tpgb_featured_images":null,"tpgb_post_meta_info":{"get_date":"12 de July de 2022","get_modified_date":"12 de July de 2022","author_name":"semeadfernandoyada77","author_url":"https:\/\/semead.com.br\/29\/en\/author\/semeadfernandoyada77\/","author_email":"fernandoyada+semead@gmail.com","author_website":"","author_description":"","author_facebook":"","author_twitter":"","author_instagram":"","author_role":["administrator"],"author_firstname":"","author_lastname":"","user_login":"semeadfernandoyada77","author_avatar":"<img alt='' src='https:\/\/secure.gravatar.com\/avatar\/5cf727b92add7940479f95be27b8a9f4752bdd62514030afb7ce6d274c363cee?s=200&#038;d=mm&#038;r=g' srcset='https:\/\/secure.gravatar.com\/avatar\/5cf727b92add7940479f95be27b8a9f4752bdd62514030afb7ce6d274c363cee?s=400&#038;d=mm&#038;r=g 2x' class='avatar avatar-200 photo' height='200' width='200' decoding='async'\/>","author_avatar_url":"https:\/\/secure.gravatar.com\/avatar\/5cf727b92add7940479f95be27b8a9f4752bdd62514030afb7ce6d274c363cee?s=96&d=mm&r=g","comment_count":0,"post_likes":0,"post_views":0},"tpgb_post_category":[],"jetpack_sharing_enabled":true,"_links":{"self":[{"href":"https:\/\/semead.com.br\/29\/en\/wp-json\/wp\/v2\/pages\/26384","targetHints":{"allow":["GET"]}}],"collection":[{"href":"https:\/\/semead.com.br\/29\/en\/wp-json\/wp\/v2\/pages"}],"about":[{"href":"https:\/\/semead.com.br\/29\/en\/wp-json\/wp\/v2\/types\/page"}],"author":[{"embeddable":true,"href":"https:\/\/semead.com.br\/29\/en\/wp-json\/wp\/v2\/users\/4"}],"replies":[{"embeddable":true,"href":"https:\/\/semead.com.br\/29\/en\/wp-json\/wp\/v2\/comments?post=26384"}],"version-history":[{"count":0,"href":"https:\/\/semead.com.br\/29\/en\/wp-json\/wp\/v2\/pages\/26384\/revisions"}],"wp:attachment":[{"href":"https:\/\/semead.com.br\/29\/en\/wp-json\/wp\/v2\/media?parent=26384"}],"curies":[{"name":"wp","href":"https:\/\/api.w.org\/{rel}","templated":true}]}}