{"id":31493,"date":"2024-07-12T19:21:20","date_gmt":"2024-07-12T22:21:20","guid":{"rendered":"https:\/\/semead.com.br\/29-novo\/?page_id=31493"},"modified":"2024-07-12T19:57:40","modified_gmt":"2024-07-12T22:57:40","slug":"people-management","status":"publish","type":"page","link":"https:\/\/semead.com.br\/29\/en\/tracks\/scientific-areas\/people-management\/","title":{"rendered":"People Management"},"content":{"rendered":"","protected":false},"excerpt":{"rendered":"","protected":false},"author":4,"featured_media":0,"parent":31514,"menu_order":0,"comment_status":"closed","ping_status":"closed","template":"","meta":{"_acf_changed":false,"tpgb_global_settings":"","inline_featured_image":false,"_monsterinsights_skip_tracking":false,"_monsterinsights_sitenote_active":false,"_monsterinsights_sitenote_note":"","_monsterinsights_sitenote_category":0,"footnotes":""},"class_list":["post-31493","page","type-page","status-publish","hentry"],"acf":{"coordenadores":[{"titulo":"Coordinator:","nome":"Heliani Berlato, PhD","instituicao":"ESALQ-USP","imagem":34894},{"titulo":"Assistant Coordinator:","nome":"Helio Arthur Reis Irigaray, PhD","instituicao":"FGV\/EBAPE","imagem":34897}],"audio_da_coordenacao":"","temas":[{"tema_nome":"The Faces of Diversity","tema_descricao":"Questions related to gender, LGBTQI, PCDs, intersectionalities, masculinities, femininities, queer theory, and work-non work relationship.\r\n\r\n\r\n\r\n","audio":"","lideres":null},{"tema_nome":"Career of People and Organizations","tema_descricao":"Career types and trends. Career management and succession. Expatriation. Coaching and mentoring. Generations of professionals.\r\n\r\n\r\n\r\n\r\n","audio":"","lideres":null},{"tema_nome":"Leadership and its Dimensions","tema_descricao":"Team leadership and management. Leadership theories and their applications. Styles, roles and models of management and leadership in organizations. Leadership development.","audio":"","lideres":null},{"tema_nome":"Management Policies, Models, and Practices: from the Traditional Ones to Competences","tema_descricao":"Convergences and divergences between theoretical frameworks and policies, models, and practices for managing people that are institutionalized or not within the context of organizations, depending on the size of the company. Policies, models, and practices for improving people management and its functions, such as recruitment, selection, performance management, workplace hygiene, and safety, evaluating results, as well as reformulating the people management area in organizations and the processes for communication between members of the organization and management by competencies.\r\n\r\n\r\n\r\n","audio":"","lideres":null},{"tema_nome":"Values, Meanings and Bonds in\/from Work","tema_descricao":"Values, Meanings and Bonds at\/at work: Values \u200b\u200b(human, personal, at work, organizational), Meanings and meanings at\/at work, Organizational bonds (commitment, consent, entrenchment) and related emerging themes.","audio":"","lideres":null},{"tema_nome":"Well-being and Discomfort at Work","tema_descricao":"Work, its meaning (or absence of it), and the ways organizations seek quality of life, satisfaction, forms of recognition, and rewards. We welcome critical approaches and reflections regarding the individual-organization and individual-work relationships.\r\n\r\n\r\n\r\n","audio":"","lideres":null},{"tema_nome":"","tema_descricao":"","audio":"","lideres":null}]},"yoast_head":"<!-- This site is optimized with the Yoast SEO plugin v27.5 - https:\/\/yoast.com\/product\/yoast-seo-wordpress\/ -->\n<title>People Management - XXIX SemeAd<\/title>\n<meta name=\"robots\" content=\"index, follow, max-snippet:-1, max-image-preview:large, max-video-preview:-1\" \/>\n<link rel=\"canonical\" href=\"https:\/\/semead.com.br\/29\/en\/tracks\/scientific-areas\/people-management\/\" \/>\n<meta property=\"og:locale\" content=\"en_US\" \/>\n<meta property=\"og:type\" content=\"article\" \/>\n<meta property=\"og:title\" content=\"People Management - XXIX SemeAd\" \/>\n<meta property=\"og:url\" content=\"https:\/\/semead.com.br\/29\/en\/tracks\/scientific-areas\/people-management\/\" \/>\n<meta property=\"og:site_name\" content=\"XXIX SemeAd\" \/>\n<meta property=\"article:modified_time\" content=\"2024-07-12T22:57:40+00:00\" \/>\n<meta name=\"twitter:card\" content=\"summary_large_image\" \/>\n<script type=\"application\/ld+json\" class=\"yoast-schema-graph\">{\"@context\":\"https:\\\/\\\/schema.org\",\"@graph\":[{\"@type\":\"WebPage\",\"@id\":\"https:\\\/\\\/semead.com.br\\\/29\\\/en\\\/tracks\\\/scientific-areas\\\/people-management\\\/\",\"url\":\"https:\\\/\\\/semead.com.br\\\/29\\\/en\\\/tracks\\\/scientific-areas\\\/people-management\\\/\",\"name\":\"People Management - XXIX SemeAd\",\"isPartOf\":{\"@id\":\"https:\\\/\\\/semead.com.br\\\/29\\\/en\\\/#website\"},\"datePublished\":\"2024-07-12T22:21:20+00:00\",\"dateModified\":\"2024-07-12T22:57:40+00:00\",\"breadcrumb\":{\"@id\":\"https:\\\/\\\/semead.com.br\\\/29\\\/en\\\/tracks\\\/scientific-areas\\\/people-management\\\/#breadcrumb\"},\"inLanguage\":\"en-US\",\"potentialAction\":[{\"@type\":\"ReadAction\",\"target\":[\"https:\\\/\\\/semead.com.br\\\/29\\\/en\\\/tracks\\\/scientific-areas\\\/people-management\\\/\"]}]},{\"@type\":\"BreadcrumbList\",\"@id\":\"https:\\\/\\\/semead.com.br\\\/29\\\/en\\\/tracks\\\/scientific-areas\\\/people-management\\\/#breadcrumb\",\"itemListElement\":[{\"@type\":\"ListItem\",\"position\":1,\"name\":\"In\u00edcio\",\"item\":\"https:\\\/\\\/semead.com.br\\\/29\\\/en\\\/\"},{\"@type\":\"ListItem\",\"position\":2,\"name\":\"Tracks\",\"item\":\"https:\\\/\\\/semead.com.br\\\/29\\\/en\\\/tracks\\\/\"},{\"@type\":\"ListItem\",\"position\":3,\"name\":\"Scientific Areas\",\"item\":\"https:\\\/\\\/semead.com.br\\\/29\\\/en\\\/tracks\\\/scientific-areas\\\/\"},{\"@type\":\"ListItem\",\"position\":4,\"name\":\"People Management\"}]},{\"@type\":\"WebSite\",\"@id\":\"https:\\\/\\\/semead.com.br\\\/29\\\/en\\\/#website\",\"url\":\"https:\\\/\\\/semead.com.br\\\/29\\\/en\\\/\",\"name\":\"XXIX SemeAd\",\"description\":\"Semin\u00e1rios em administra\u00e7\u00e3o\",\"potentialAction\":[{\"@type\":\"SearchAction\",\"target\":{\"@type\":\"EntryPoint\",\"urlTemplate\":\"https:\\\/\\\/semead.com.br\\\/29\\\/en\\\/?s={search_term_string}\"},\"query-input\":{\"@type\":\"PropertyValueSpecification\",\"valueRequired\":true,\"valueName\":\"search_term_string\"}}],\"inLanguage\":\"en-US\"}]}<\/script>\n<!-- \/ Yoast SEO plugin. -->","yoast_head_json":{"title":"People Management - XXIX SemeAd","robots":{"index":"index","follow":"follow","max-snippet":"max-snippet:-1","max-image-preview":"max-image-preview:large","max-video-preview":"max-video-preview:-1"},"canonical":"https:\/\/semead.com.br\/29\/en\/tracks\/scientific-areas\/people-management\/","og_locale":"en_US","og_type":"article","og_title":"People Management - XXIX SemeAd","og_url":"https:\/\/semead.com.br\/29\/en\/tracks\/scientific-areas\/people-management\/","og_site_name":"XXIX SemeAd","article_modified_time":"2024-07-12T22:57:40+00:00","twitter_card":"summary_large_image","schema":{"@context":"https:\/\/schema.org","@graph":[{"@type":"WebPage","@id":"https:\/\/semead.com.br\/29\/en\/tracks\/scientific-areas\/people-management\/","url":"https:\/\/semead.com.br\/29\/en\/tracks\/scientific-areas\/people-management\/","name":"People Management - XXIX SemeAd","isPartOf":{"@id":"https:\/\/semead.com.br\/29\/en\/#website"},"datePublished":"2024-07-12T22:21:20+00:00","dateModified":"2024-07-12T22:57:40+00:00","breadcrumb":{"@id":"https:\/\/semead.com.br\/29\/en\/tracks\/scientific-areas\/people-management\/#breadcrumb"},"inLanguage":"en-US","potentialAction":[{"@type":"ReadAction","target":["https:\/\/semead.com.br\/29\/en\/tracks\/scientific-areas\/people-management\/"]}]},{"@type":"BreadcrumbList","@id":"https:\/\/semead.com.br\/29\/en\/tracks\/scientific-areas\/people-management\/#breadcrumb","itemListElement":[{"@type":"ListItem","position":1,"name":"In\u00edcio","item":"https:\/\/semead.com.br\/29\/en\/"},{"@type":"ListItem","position":2,"name":"Tracks","item":"https:\/\/semead.com.br\/29\/en\/tracks\/"},{"@type":"ListItem","position":3,"name":"Scientific Areas","item":"https:\/\/semead.com.br\/29\/en\/tracks\/scientific-areas\/"},{"@type":"ListItem","position":4,"name":"People Management"}]},{"@type":"WebSite","@id":"https:\/\/semead.com.br\/29\/en\/#website","url":"https:\/\/semead.com.br\/29\/en\/","name":"XXIX SemeAd","description":"Semin\u00e1rios em administra\u00e7\u00e3o","potentialAction":[{"@type":"SearchAction","target":{"@type":"EntryPoint","urlTemplate":"https:\/\/semead.com.br\/29\/en\/?s={search_term_string}"},"query-input":{"@type":"PropertyValueSpecification","valueRequired":true,"valueName":"search_term_string"}}],"inLanguage":"en-US"}]}},"tpgb_featured_images":null,"tpgb_post_meta_info":{"get_date":"12 de July de 2024","get_modified_date":"12 de July de 2024","author_name":"semeadfernandoyada77","author_url":"https:\/\/semead.com.br\/29\/en\/author\/semeadfernandoyada77\/","author_email":"fernandoyada+semead@gmail.com","author_website":"","author_description":"","author_facebook":"","author_twitter":"","author_instagram":"","author_role":["administrator"],"author_firstname":"","author_lastname":"","user_login":"semeadfernandoyada77","author_avatar":"<img alt='' src='https:\/\/secure.gravatar.com\/avatar\/5cf727b92add7940479f95be27b8a9f4752bdd62514030afb7ce6d274c363cee?s=200&#038;d=mm&#038;r=g' srcset='https:\/\/secure.gravatar.com\/avatar\/5cf727b92add7940479f95be27b8a9f4752bdd62514030afb7ce6d274c363cee?s=400&#038;d=mm&#038;r=g 2x' class='avatar avatar-200 photo' height='200' width='200' decoding='async'\/>","author_avatar_url":"https:\/\/secure.gravatar.com\/avatar\/5cf727b92add7940479f95be27b8a9f4752bdd62514030afb7ce6d274c363cee?s=96&d=mm&r=g","comment_count":0,"post_likes":0,"post_views":0},"tpgb_post_category":[],"jetpack_sharing_enabled":true,"_links":{"self":[{"href":"https:\/\/semead.com.br\/29\/en\/wp-json\/wp\/v2\/pages\/31493","targetHints":{"allow":["GET"]}}],"collection":[{"href":"https:\/\/semead.com.br\/29\/en\/wp-json\/wp\/v2\/pages"}],"about":[{"href":"https:\/\/semead.com.br\/29\/en\/wp-json\/wp\/v2\/types\/page"}],"author":[{"embeddable":true,"href":"https:\/\/semead.com.br\/29\/en\/wp-json\/wp\/v2\/users\/4"}],"replies":[{"embeddable":true,"href":"https:\/\/semead.com.br\/29\/en\/wp-json\/wp\/v2\/comments?post=31493"}],"version-history":[{"count":8,"href":"https:\/\/semead.com.br\/29\/en\/wp-json\/wp\/v2\/pages\/31493\/revisions"}],"predecessor-version":[{"id":31521,"href":"https:\/\/semead.com.br\/29\/en\/wp-json\/wp\/v2\/pages\/31493\/revisions\/31521"}],"up":[{"embeddable":true,"href":"https:\/\/semead.com.br\/29\/en\/wp-json\/wp\/v2\/pages\/31514"}],"wp:attachment":[{"href":"https:\/\/semead.com.br\/29\/en\/wp-json\/wp\/v2\/media?parent=31493"}],"curies":[{"name":"wp","href":"https:\/\/api.w.org\/{rel}","templated":true}]}}