{"id":35777,"date":"2026-04-26T19:47:30","date_gmt":"2026-04-26T22:47:30","guid":{"rendered":"https:\/\/semead.com.br\/29\/?page_id=35777"},"modified":"2026-04-26T19:53:02","modified_gmt":"2026-04-26T22:53:02","slug":"regras-para-submissao-ao-consorcio","status":"publish","type":"page","link":"https:\/\/semead.com.br\/29\/en\/regras-para-submissao-ao-consorcio\/","title":{"rendered":"Doctoral Consortium Submission Rules"},"content":{"rendered":"\t\t<div data-elementor-type=\"wp-page\" data-elementor-id=\"35777\" class=\"elementor elementor-35777 elementor-33184\" data-elementor-post-type=\"page\">\n\t\t\t\t\t\t<section class=\"elementor-section elementor-top-section elementor-element elementor-element-94a14ca elementor-section-boxed elementor-section-height-default elementor-section-height-default\" data-id=\"94a14ca\" data-element_type=\"section\" data-e-type=\"section\">\n\t\t\t\t\t\t<div class=\"elementor-container elementor-column-gap-default\">\n\t\t\t\t\t<div class=\"elementor-column elementor-col-100 elementor-top-column elementor-element elementor-element-5089c99\" data-id=\"5089c99\" data-element_type=\"column\" data-e-type=\"column\">\n\t\t\t<div class=\"elementor-widget-wrap elementor-element-populated\">\n\t\t\t\t\t\t<div class=\"elementor-element elementor-element-62c5dfb elementor-widget elementor-widget-text-editor\" data-id=\"62c5dfb\" data-element_type=\"widget\" data-e-type=\"widget\" data-widget_type=\"text-editor.default\">\n\t\t\t\t<div class=\"elementor-widget-container\">\n\t\t\t\t\t\t\t\t\t<h6><b>About the Doctoral Consortium<\/b><\/h6>\n<p>The thesis project must be submitted in scientific paper format according to the instructions below.<\/p>\n<h6><b>Paper Formatting:<\/b><\/h6><p>\n\u2013 Paper format: A4;<br>\n\u2013 Font: Times New Roman, size 12;<br>\n\u2013 Line spacing: single, text in a single column;<br>\n\u2013 Alignment: justified;<br>\n\u2013 Margins: Top: 3 cm; bottom: 2 cm; left: 3 cm; right: 2 cm<br>\n\u2013 Pagination: insert page numbers in the footer aligned to the right;<br>\n\u2013 Titles in uppercase letters and subtitles in lowercase letters;<br>\n\u2013 File format: PDF;<br>\n\u2013 The paper may have a maximum of 10 pages including the main text, illustrations, and bibliographic references;<br>\n\u2013 The text must begin with the title followed by the introduction. We suggest that authors prepare the abstract in a separate document and copy and paste it into the specific field at the time of submission;<br>\n\u2013 Bibliographic references must be cited throughout the text according to the (author-date) system, and presented in alphabetical order at the end of the paper, in accordance with APA or ABNT\/NBR-6023 standards.<\/p>\n<h6><b>Suggested Structure of the Project (PDF file) for both categories (1 and 2):<\/b><br>\n<\/h6><h6><b>Header (centered on the first page): <\/b>Title, Research Topic (follow the description of SemeAd thematic areas), and Category (1 or 2)<\/h6><h6>\n<b>Following on the first page:<\/b><\/h6>\n<h6><b>1) Introduction:<\/b><\/h6>\n<p>1.1 Research Problem and Objective:<\/p>\n<ul>\n<li>Contextualize and describe the state of the art of the topic.<\/li>\n<li>Present the main research objective (the thesis to be defended) and any specific objectives.<\/li>\n<li>Present the research problem in an argumentative manner.<\/li>\n<\/ul>\n<p>1.2 Justification\/Expected Contributions:<\/p>\n<ul>\n<li>Present, in a well-founded manner, the expected academic contribution(s).<\/li>\n<li>Present any managerial or public policy contribution (strongly recommended, but not required).<\/li>\n<li>Present any methodological contribution (not required).<\/li>\n<li>Present the expected social impact of your project (strongly recommended, but not required).<\/li>\n<\/ul>\n<h6><b>2<\/b>) Theoretical Framework:<\/h6>\n<ul>\n<li>Present the main theoretical argument(s).<\/li>\n<li>Foundation and definition of the project&#8217;s key constructs.<\/li>\n<li>Conceptual model, propositions, and\/or hypotheses.<\/li>\n<\/ul>\n<h6><b>3) Methodology: describe the research design<\/b><\/h6>\n<ul>\n<li>Approach (e.g.: qualitative, quantitative).<\/li>\n<li>Research method or strategy (e.g.: Primary Data Collection, Case Study, Grounded Theory, etc.).<\/li>\n<li>Data collection technique (e.g.: Survey, In-depth Interview, Observation, etc.).<\/li>\n<li>Data analysis technique (e.g.: Multivariate Analysis, Content Analysis, Discourse Analysis, etc.).<\/li>\n<\/ul>\n<h6><b>4) Bibliographic References.<\/b><\/h6>\n<h6><b>Information on the submission page:<\/b><\/h6>\n<ul>\n<li style=\"list-style-type: none;\">\n<ul>\n<li>Title (maximum 190 characters);<\/li>\n<li>Three Keywords<\/li>\n<li>Area (Doctoral Consortium)<\/li>\n<li>Topic (select according to the project&#8217;s adherence)<\/li>\n<li>Project Category (Pre-Qualification Stage or Post-Qualification Stage according to the proposal stage)<\/li>\n<li>Language (Portuguese, English, or Spanish)<\/li>\n<li>Use of AI tools? (Yes or No. If Yes, purpose and names of the tools)<\/li>\n<li>Abstract (maximum 1200 characters)<\/li>\n<li>Acknowledgment to funding agency (optional)<\/li>\n<li>Authors (in addition to the PhD student, the advisor may be included as a co-author, which does not affect the 3-traditional-paper submission limit \u2013 scientific articles)<\/li>\n<\/ul>\n<\/li>\n<\/ul>\n<h6><u><b>Papers that are not in the specified format will not be accepted.<\/b><\/u><\/h6>\n<p>The submission of the abstract and the project grants the organizers permission to send them to the leaders and reviewers who will compose the panel. In turn, papers from the Doctoral Consortium will not be part of the Event Proceedings.<\/p>\n<p>Registration and presentation of papers at the Doctoral Consortium will allow the PhD student access to article presentation sessions. Presentation certificates will be available in the SemeAd system after the event takes place.<\/p>\t\t\t\t\t\t\t\t<\/div>\n\t\t\t\t<\/div>\n\t\t\t\t<div class=\"elementor-element elementor-element-d259976 elementor-widget elementor-widget-text-editor\" data-id=\"d259976\" data-element_type=\"widget\" data-e-type=\"widget\" data-widget_type=\"text-editor.default\">\n\t\t\t\t<div class=\"elementor-widget-container\">\n\t\t\t\t\t\t\t\t\t<h6><b>About the Doctoral Consortium<\/b><\/h6>\n<p>The thesis project must be submitted in scientific paper format according to the instructions below.<\/p>\n<h6><b>Paper Formatting:<\/b><\/h6><p>\n\u2013 Paper format: A4;<br>\n\u2013 Font: Times New Roman, size 12;<br>\n\u2013 Line spacing: single, text in a single column;<br>\n\u2013 Alignment: justified;<br>\n\u2013 Margins: Top: 3 cm; bottom: 2 cm; left: 3 cm; right: 2 cm<br>\n\u2013 Pagination: insert page numbers in the footer aligned to the right;<br>\n\u2013 Titles in uppercase letters and subtitles in lowercase letters;<br>\n\u2013 File format: PDF;<br>\n\u2013 The paper may have a maximum of 10 pages including the main text, illustrations, and bibliographic references;<br>\n\u2013 The text must begin with the title followed by the introduction. We suggest that authors prepare the abstract in a separate document and copy and paste it into the specific field at the time of submission;<br>\n\u2013 Bibliographic references must be cited throughout the text according to the (author-date) system, and presented in alphabetical order at the end of the paper, in accordance with APA or ABNT\/NBR-6023 standards.<\/p>\n<h6><b>Suggested Structure of the Project (PDF file) for both categories (1 and 2):<\/b><br>\n<\/h6><h6><b>Header (centered on the first page): <\/b>Title, Research Topic (follow the description of SemeAd thematic areas), and Category (1 or 2)<\/h6><h6>\n<b>Following on the first page:<\/b><\/h6>\n<h6><b>1) Introduction:<\/b><\/h6>\n<p>1.1 Research Problem and Objective:<\/p>\n<ul>\n<li>Contextualize and describe the state of the art of the topic.<\/li>\n<li>Present the main research objective (the thesis to be defended) and any specific objectives.<\/li>\n<li>Present the research problem in an argumentative manner.<\/li>\n<\/ul>\n<p>1.2 Justification\/Expected Contributions:<\/p>\n<ul>\n<li>Present, in a well-founded manner, the expected academic contribution(s).<\/li>\n<li>Present any managerial or public policy contribution (strongly recommended, but not required).<\/li>\n<li>Present any methodological contribution (not required).<\/li>\n<li>Present the expected social impact of your project (strongly recommended, but not required).<\/li>\n<\/ul>\n<h6><b>2<\/b>) Theoretical Framework:<\/h6>\n<ul>\n<li>Present the main theoretical argument(s).<\/li>\n<li>Foundation and definition of the project&#8217;s key constructs.<\/li>\n<li>Conceptual model, propositions, and\/or hypotheses.<\/li>\n<\/ul>\n<h6><b>3) Methodology: describe the research design<\/b><\/h6>\n<ul>\n<li>Approach (e.g.: qualitative, quantitative).<\/li>\n<li>Research method or strategy (e.g.: Primary Data Collection, Case Study, Grounded Theory, etc.).<\/li>\n<li>Data collection technique (e.g.: Survey, In-depth Interview, Observation, etc.).<\/li>\n<li>Data analysis technique (e.g.: Multivariate Analysis, Content Analysis, Discourse Analysis, etc.).<\/li>\n<\/ul>\n<h6><b>4) Bibliographic References.<\/b><\/h6>\n<h6><b>Information on the submission page:<\/b><\/h6>\n<ul>\n<li style=\"list-style-type: none;\">\n<ul>\n<li>Title (maximum 190 characters);<\/li>\n<li>Three Keywords<\/li>\n<li>Area (Doctoral Consortium)<\/li>\n<li>Topic (select according to the project&#8217;s adherence)<\/li>\n<li>Project Category (Pre-Qualification Stage or Post-Qualification Stage according to the proposal stage)<\/li>\n<li>Language (Portuguese, English, or Spanish)<\/li>\n<li>Use of AI tools? (Yes or No. If Yes, purpose and names of the tools)<\/li>\n<li>Abstract (maximum 1200 characters)<\/li>\n<li>Acknowledgment to funding agency (optional)<\/li>\n<li>Authors (in addition to the PhD student, the advisor may be included as a co-author, which does not affect the 3-traditional-paper submission limit \u2013 scientific articles)<\/li>\n<\/ul>\n<\/li>\n<\/ul>\n<h6><u><b>Papers that are not in the specified format will not be accepted.<\/b><\/u><\/h6>\n<p>The submission of the abstract and the project grants the organizers permission to send them to the leaders and reviewers who will compose the panel. In turn, papers from the Doctoral Consortium will not be part of the Event Proceedings.<\/p>\n<p>Registration and presentation of papers at the Doctoral Consortium will allow the PhD student access to article presentation sessions. Presentation certificates will be available in the SemeAd system after the event takes place.<\/p>\t\t\t\t\t\t\t\t<\/div>\n\t\t\t\t<\/div>\n\t\t\t\t\t<\/div>\n\t\t<\/div>\n\t\t\t\t\t<\/div>\n\t\t<\/section>\n\t\t\t\t<\/div>\n\t\t","protected":false},"excerpt":{"rendered":"<p>About the Doctoral Consortium The thesis project must be submitted in scientific paper format according to the instructions below. Paper Formatting: \u2013 Paper format: A4; \u2013 Font: Times New Roman, size 12; \u2013 Line spacing: single, text in a single column; \u2013 Alignment: justified; \u2013 Margins: Top: 3 cm; bottom: 2 cm; left: 3 cm; [&hellip;]<\/p>\n","protected":false},"author":4,"featured_media":0,"parent":0,"menu_order":0,"comment_status":"closed","ping_status":"closed","template":"","meta":{"_acf_changed":false,"tpgb_global_settings":"","inline_featured_image":false,"_monsterinsights_skip_tracking":false,"_monsterinsights_sitenote_active":false,"_monsterinsights_sitenote_note":"","_monsterinsights_sitenote_category":0,"footnotes":""},"class_list":["post-35777","page","type-page","status-publish","hentry"],"acf":{"coordenadores":null,"audio_da_coordenacao":"","temas":null},"yoast_head":"<!-- This site is optimized with the Yoast SEO plugin v27.5 - https:\/\/yoast.com\/product\/yoast-seo-wordpress\/ -->\n<title>Doctoral Consortium Submission Rules - XXIX SemeAd<\/title>\n<meta name=\"robots\" content=\"index, follow, max-snippet:-1, max-image-preview:large, max-video-preview:-1\" \/>\n<link rel=\"canonical\" href=\"https:\/\/semead.com.br\/29\/en\/regras-para-submissao-ao-consorcio\/\" \/>\n<meta property=\"og:locale\" content=\"en_US\" \/>\n<meta property=\"og:type\" content=\"article\" \/>\n<meta property=\"og:title\" content=\"Doctoral Consortium Submission Rules - XXIX SemeAd\" \/>\n<meta property=\"og:description\" content=\"About the Doctoral Consortium The thesis project must be submitted in scientific paper format according to the instructions below. Paper Formatting: \u2013 Paper format: A4; \u2013 Font: Times New Roman, size 12; \u2013 Line spacing: single, text in a single column; \u2013 Alignment: justified; \u2013 Margins: Top: 3 cm; bottom: 2 cm; left: 3 cm; [&hellip;]\" \/>\n<meta property=\"og:url\" content=\"https:\/\/semead.com.br\/29\/en\/regras-para-submissao-ao-consorcio\/\" \/>\n<meta property=\"og:site_name\" content=\"XXIX SemeAd\" \/>\n<meta property=\"article:modified_time\" content=\"2026-04-26T22:53:02+00:00\" \/>\n<meta name=\"twitter:card\" content=\"summary_large_image\" \/>\n<meta name=\"twitter:label1\" content=\"Est. reading time\" \/>\n\t<meta name=\"twitter:data1\" content=\"4 minutes\" \/>\n<script type=\"application\/ld+json\" class=\"yoast-schema-graph\">{\"@context\":\"https:\\\/\\\/schema.org\",\"@graph\":[{\"@type\":\"WebPage\",\"@id\":\"https:\\\/\\\/semead.com.br\\\/29\\\/en\\\/regras-para-submissao-ao-consorcio\\\/\",\"url\":\"https:\\\/\\\/semead.com.br\\\/29\\\/en\\\/regras-para-submissao-ao-consorcio\\\/\",\"name\":\"Doctoral Consortium Submission Rules - XXIX SemeAd\",\"isPartOf\":{\"@id\":\"https:\\\/\\\/semead.com.br\\\/29\\\/en\\\/#website\"},\"datePublished\":\"2026-04-26T22:47:30+00:00\",\"dateModified\":\"2026-04-26T22:53:02+00:00\",\"breadcrumb\":{\"@id\":\"https:\\\/\\\/semead.com.br\\\/29\\\/en\\\/regras-para-submissao-ao-consorcio\\\/#breadcrumb\"},\"inLanguage\":\"en-US\",\"potentialAction\":[{\"@type\":\"ReadAction\",\"target\":[\"https:\\\/\\\/semead.com.br\\\/29\\\/en\\\/regras-para-submissao-ao-consorcio\\\/\"]}]},{\"@type\":\"BreadcrumbList\",\"@id\":\"https:\\\/\\\/semead.com.br\\\/29\\\/en\\\/regras-para-submissao-ao-consorcio\\\/#breadcrumb\",\"itemListElement\":[{\"@type\":\"ListItem\",\"position\":1,\"name\":\"In\u00edcio\",\"item\":\"https:\\\/\\\/semead.com.br\\\/29\\\/en\\\/\"},{\"@type\":\"ListItem\",\"position\":2,\"name\":\"Doctoral Consortium Submission Rules\"}]},{\"@type\":\"WebSite\",\"@id\":\"https:\\\/\\\/semead.com.br\\\/29\\\/en\\\/#website\",\"url\":\"https:\\\/\\\/semead.com.br\\\/29\\\/en\\\/\",\"name\":\"XXIX SemeAd\",\"description\":\"Semin\u00e1rios em administra\u00e7\u00e3o\",\"potentialAction\":[{\"@type\":\"SearchAction\",\"target\":{\"@type\":\"EntryPoint\",\"urlTemplate\":\"https:\\\/\\\/semead.com.br\\\/29\\\/en\\\/?s={search_term_string}\"},\"query-input\":{\"@type\":\"PropertyValueSpecification\",\"valueRequired\":true,\"valueName\":\"search_term_string\"}}],\"inLanguage\":\"en-US\"}]}<\/script>\n<!-- \/ Yoast SEO plugin. -->","yoast_head_json":{"title":"Doctoral Consortium Submission Rules - XXIX SemeAd","robots":{"index":"index","follow":"follow","max-snippet":"max-snippet:-1","max-image-preview":"max-image-preview:large","max-video-preview":"max-video-preview:-1"},"canonical":"https:\/\/semead.com.br\/29\/en\/regras-para-submissao-ao-consorcio\/","og_locale":"en_US","og_type":"article","og_title":"Doctoral Consortium Submission Rules - XXIX SemeAd","og_description":"About the Doctoral Consortium The thesis project must be submitted in scientific paper format according to the instructions below. Paper Formatting: \u2013 Paper format: A4; \u2013 Font: Times New Roman, size 12; \u2013 Line spacing: single, text in a single column; \u2013 Alignment: justified; \u2013 Margins: Top: 3 cm; bottom: 2 cm; left: 3 cm; [&hellip;]","og_url":"https:\/\/semead.com.br\/29\/en\/regras-para-submissao-ao-consorcio\/","og_site_name":"XXIX SemeAd","article_modified_time":"2026-04-26T22:53:02+00:00","twitter_card":"summary_large_image","twitter_misc":{"Est. reading time":"4 minutes"},"schema":{"@context":"https:\/\/schema.org","@graph":[{"@type":"WebPage","@id":"https:\/\/semead.com.br\/29\/en\/regras-para-submissao-ao-consorcio\/","url":"https:\/\/semead.com.br\/29\/en\/regras-para-submissao-ao-consorcio\/","name":"Doctoral Consortium Submission Rules - XXIX SemeAd","isPartOf":{"@id":"https:\/\/semead.com.br\/29\/en\/#website"},"datePublished":"2026-04-26T22:47:30+00:00","dateModified":"2026-04-26T22:53:02+00:00","breadcrumb":{"@id":"https:\/\/semead.com.br\/29\/en\/regras-para-submissao-ao-consorcio\/#breadcrumb"},"inLanguage":"en-US","potentialAction":[{"@type":"ReadAction","target":["https:\/\/semead.com.br\/29\/en\/regras-para-submissao-ao-consorcio\/"]}]},{"@type":"BreadcrumbList","@id":"https:\/\/semead.com.br\/29\/en\/regras-para-submissao-ao-consorcio\/#breadcrumb","itemListElement":[{"@type":"ListItem","position":1,"name":"In\u00edcio","item":"https:\/\/semead.com.br\/29\/en\/"},{"@type":"ListItem","position":2,"name":"Doctoral Consortium Submission Rules"}]},{"@type":"WebSite","@id":"https:\/\/semead.com.br\/29\/en\/#website","url":"https:\/\/semead.com.br\/29\/en\/","name":"XXIX SemeAd","description":"Semin\u00e1rios em administra\u00e7\u00e3o","potentialAction":[{"@type":"SearchAction","target":{"@type":"EntryPoint","urlTemplate":"https:\/\/semead.com.br\/29\/en\/?s={search_term_string}"},"query-input":{"@type":"PropertyValueSpecification","valueRequired":true,"valueName":"search_term_string"}}],"inLanguage":"en-US"}]}},"tpgb_featured_images":null,"tpgb_post_meta_info":{"get_date":"26 de April de 2026","get_modified_date":"26 de April de 2026","author_name":"semeadfernandoyada77","author_url":"https:\/\/semead.com.br\/29\/en\/author\/semeadfernandoyada77\/","author_email":"fernandoyada+semead@gmail.com","author_website":"","author_description":"","author_facebook":"","author_twitter":"","author_instagram":"","author_role":["administrator"],"author_firstname":"","author_lastname":"","user_login":"semeadfernandoyada77","author_avatar":"<img alt='' src='https:\/\/secure.gravatar.com\/avatar\/5cf727b92add7940479f95be27b8a9f4752bdd62514030afb7ce6d274c363cee?s=200&#038;d=mm&#038;r=g' srcset='https:\/\/secure.gravatar.com\/avatar\/5cf727b92add7940479f95be27b8a9f4752bdd62514030afb7ce6d274c363cee?s=400&#038;d=mm&#038;r=g 2x' class='avatar avatar-200 photo' height='200' width='200' decoding='async'\/>","author_avatar_url":"https:\/\/secure.gravatar.com\/avatar\/5cf727b92add7940479f95be27b8a9f4752bdd62514030afb7ce6d274c363cee?s=96&d=mm&r=g","comment_count":0,"post_likes":0,"post_views":0},"tpgb_post_category":[],"jetpack_sharing_enabled":true,"_links":{"self":[{"href":"https:\/\/semead.com.br\/29\/en\/wp-json\/wp\/v2\/pages\/35777","targetHints":{"allow":["GET"]}}],"collection":[{"href":"https:\/\/semead.com.br\/29\/en\/wp-json\/wp\/v2\/pages"}],"about":[{"href":"https:\/\/semead.com.br\/29\/en\/wp-json\/wp\/v2\/types\/page"}],"author":[{"embeddable":true,"href":"https:\/\/semead.com.br\/29\/en\/wp-json\/wp\/v2\/users\/4"}],"replies":[{"embeddable":true,"href":"https:\/\/semead.com.br\/29\/en\/wp-json\/wp\/v2\/comments?post=35777"}],"version-history":[{"count":2,"href":"https:\/\/semead.com.br\/29\/en\/wp-json\/wp\/v2\/pages\/35777\/revisions"}],"predecessor-version":[{"id":35785,"href":"https:\/\/semead.com.br\/29\/en\/wp-json\/wp\/v2\/pages\/35777\/revisions\/35785"}],"wp:attachment":[{"href":"https:\/\/semead.com.br\/29\/en\/wp-json\/wp\/v2\/media?parent=35777"}],"curies":[{"name":"wp","href":"https:\/\/api.w.org\/{rel}","templated":true}]}}