{"id":20563,"date":"2021-06-30T11:31:59","date_gmt":"2021-06-30T14:31:59","guid":{"rendered":"https:\/\/semead.com.br\/29-novo\/?page_id=20563"},"modified":"2022-07-04T12:05:15","modified_gmt":"2022-07-04T15:05:15","slug":"administracion-publica","status":"publish","type":"page","link":"https:\/\/semead.com.br\/29\/es\/areas-2\/areas-cientificas\/administracion-publica\/","title":{"rendered":"Administraci\u00f3n P\u00fablica"},"content":{"rendered":"","protected":false},"excerpt":{"rendered":"","protected":false},"author":10,"featured_media":0,"parent":35599,"menu_order":90,"comment_status":"closed","ping_status":"closed","template":"","meta":{"_acf_changed":false,"tpgb_global_settings":"","inline_featured_image":false,"_monsterinsights_skip_tracking":false,"_monsterinsights_sitenote_active":false,"_monsterinsights_sitenote_note":"","_monsterinsights_sitenote_category":0,"footnotes":""},"class_list":["post-20563","page","type-page","status-publish","hentry"],"acf":{"coordenadores":[{"titulo":"Coordinador:","nome":"","instituicao":"EACH-USP","imagem":34840}],"audio_da_coordenacao":"","temas":[{"tema_nome":"Gesti\u00f3n en Salud","tema_descricao":"La gesti\u00f3n en salud abarca iniciativas en los sectores p\u00fablico y privado. Este tema considera pol\u00edticas de salud y tambi\u00e9n iniciativas en el \u00e1mbito organizacional, sobre todo en el sector de la prestaci\u00f3n de servicios de salud y oferta de productos para la salud (en el \u00e1mbito denominado complejo econ\u00f3mico e industrial de la salud). De esta forma, los trabajos abarcan diferentes elementos de la gesti\u00f3n aplicados al sector de la salud, elementos considerados conforme a diferentes aspectos de an\u00e1lisis, tales como las dimensiones econ\u00f3mica, social y tecnol\u00f3gica.","audio":"","lideres":null},{"tema_nome":"Gesti\u00f3n Organizacional: Gobernanza, Planificaci\u00f3n, Recursos Humanos y Capacidades","tema_descricao":"La gesti\u00f3n de las organizaciones p\u00fablicas es el objeto central de este tema, tanto desde el punto de vista te\u00f3rico como del emp\u00edrico. Est\u00e1n incluidos en este campo los estudios sobre gobernanza en el sector p\u00fablico, recursos humanos en organizaciones p\u00fablicas, dise\u00f1o organizacional, mecanismos organizacionales para la producci\u00f3n de servicios y pol\u00edticas p\u00fablicas. Tambi\u00e9n abarca trabajos sobre capacidades institucionales y de gobierno, aparte de trabajos sobre abordajes, m\u00e9todos y casos sobre planificaci\u00f3n estrat\u00e9gica en organizaciones p\u00fablicas.","audio":"","lideres":null},{"tema_nome":"Gesti\u00f3n Social y Organizaciones del Tercer Sector","tema_descricao":"En este tema, se reciben trabajos sobre gesti\u00f3n social y organizaciones del tercer sector, modelos de gesti\u00f3n y de capacitaci\u00f3n, calidad del servicio, gesti\u00f3n y transmisi\u00f3n del conocimiento, redes de las organizaciones de la sociedad civil y \u00e9tica en el tercer sector. Son del inter\u00e9s de esta categor\u00eda las relaciones entre las organizaciones y el desarrollo social, en asuntos como la evaluaci\u00f3n de proyectos sociales, negocios sociales y relaciones intersectoriales (Estado, sector privado y organizaciones del tercer sector). Tambi\u00e9n se fomenta la producci\u00f3n de art\u00edculos que articulen temas de los estudios organizacionales en organizaciones del tercer sector.","audio":"","lideres":null},{"tema_nome":"Calidad de los Gastos y Optimizaci\u00f3n de los Recursos P\u00fablicos","tema_descricao":"Este tema recibe estudios te\u00f3ricos y an\u00e1lisis emp\u00edricos en el campo de la gesti\u00f3n de los recursos p\u00fablicos, desde el punto de vista econ\u00f3mico, financiero y presupuestario. El enfoque deseado es la optimizaci\u00f3n del uso de los recursos, desde la perspectiva de que este objetivo permanente de la Administraci\u00f3n P\u00fablica puede ser alcanzado mediante distintas estrategias, que van desde la mejora de los procesos hasta la innovaci\u00f3n en la gesti\u00f3n financiera y presupuestaria.","audio":"","lideres":null},{"tema_nome":"Relaci\u00f3n Gobierno-Sociedad: Transparencia, Rendici\u00f3n de Cuentas y Participaci\u00f3n","tema_descricao":"La Administraci\u00f3n P\u00fablica brasile\u00f1a enfrenta demandas y dilemas concernientes a la gobernanza, transparencia, rendici\u00f3n de cuentas y participaci\u00f3n social en los procesos de toma de decisi\u00f3n. En una sociedad compleja, el Estado tiene que relacionarse cada vez m\u00e1s con las organizaciones de la sociedad civil y con los ciudadanos. Dentro de este tema, se reciben trabajos que aborden esta relaci\u00f3n desde el punto de vista de la Administraci\u00f3n P\u00fablica, enfoc\u00e1ndose en los impactos de las pr\u00e1cticas, experiencias y din\u00e1micas sociopol\u00edticas planteadas entre los actores involucrados.","audio":"","lideres":null},{"tema_nome":"","tema_descricao":"","audio":"","lideres":null},{"tema_nome":"","tema_descricao":"","audio":"","lideres":null},{"tema_nome":"Gesti\u00f3n e Innovaci\u00f3n en Pol\u00edticas P\u00fablicas","tema_descricao":"El tema incluye trabajos basados en el di\u00e1logo entre la teor\u00eda y la pr\u00e1ctica, y que traen experiencias de gesti\u00f3n e innovaci\u00f3n en pol\u00edticas p\u00fablicas. El enfoque est\u00e1 en los estudios que contemplan experiencias de pol\u00edticas que, por ejemplo, ejerzan influencia en la vida de los ciudadanos; resultan en la utilizaci\u00f3n m\u00e1s responsable de los recursos; representan cambios en la sociedad con relaci\u00f3n a pr\u00e1cticas anteriores; ampl\u00edan el di\u00e1logo entre la sociedad la Administraci\u00f3n P\u00fablica.","audio":"","lideres":null},{"tema_nome":"","tema_descricao":"","audio":"","lideres":null}]},"yoast_head":"<!-- This site is optimized with the Yoast SEO plugin v27.5 - https:\/\/yoast.com\/product\/yoast-seo-wordpress\/ -->\n<title>Administraci\u00f3n P\u00fablica - XXIX SemeAd<\/title>\n<meta name=\"robots\" content=\"index, follow, max-snippet:-1, max-image-preview:large, max-video-preview:-1\" \/>\n<link rel=\"canonical\" href=\"https:\/\/semead.com.br\/29\/es\/areas-2\/areas-cientificas\/administracion-publica\/\" \/>\n<meta property=\"og:locale\" content=\"es_ES\" \/>\n<meta property=\"og:type\" content=\"article\" \/>\n<meta property=\"og:title\" content=\"Administraci\u00f3n P\u00fablica - XXIX SemeAd\" \/>\n<meta property=\"og:url\" content=\"https:\/\/semead.com.br\/29\/es\/areas-2\/areas-cientificas\/administracion-publica\/\" \/>\n<meta property=\"og:site_name\" content=\"XXIX SemeAd\" \/>\n<meta property=\"article:modified_time\" content=\"2022-07-04T15:05:15+00:00\" \/>\n<meta name=\"twitter:card\" content=\"summary_large_image\" \/>\n<script type=\"application\/ld+json\" class=\"yoast-schema-graph\">{\"@context\":\"https:\\\/\\\/schema.org\",\"@graph\":[{\"@type\":\"WebPage\",\"@id\":\"https:\\\/\\\/semead.com.br\\\/29\\\/es\\\/areas-2\\\/areas-cientificas\\\/administracion-publica\\\/\",\"url\":\"https:\\\/\\\/semead.com.br\\\/29\\\/es\\\/areas-2\\\/areas-cientificas\\\/administracion-publica\\\/\",\"name\":\"Administraci\u00f3n P\u00fablica - XXIX SemeAd\",\"isPartOf\":{\"@id\":\"https:\\\/\\\/semead.com.br\\\/29\\\/es\\\/#website\"},\"datePublished\":\"2021-06-30T14:31:59+00:00\",\"dateModified\":\"2022-07-04T15:05:15+00:00\",\"breadcrumb\":{\"@id\":\"https:\\\/\\\/semead.com.br\\\/29\\\/es\\\/areas-2\\\/areas-cientificas\\\/administracion-publica\\\/#breadcrumb\"},\"inLanguage\":\"es\",\"potentialAction\":[{\"@type\":\"ReadAction\",\"target\":[\"https:\\\/\\\/semead.com.br\\\/29\\\/es\\\/areas-2\\\/areas-cientificas\\\/administracion-publica\\\/\"]}]},{\"@type\":\"BreadcrumbList\",\"@id\":\"https:\\\/\\\/semead.com.br\\\/29\\\/es\\\/areas-2\\\/areas-cientificas\\\/administracion-publica\\\/#breadcrumb\",\"itemListElement\":[{\"@type\":\"ListItem\",\"position\":1,\"name\":\"In\u00edcio\",\"item\":\"https:\\\/\\\/semead.com.br\\\/29\\\/es\\\/\"},{\"@type\":\"ListItem\",\"position\":2,\"name\":\"Areas\",\"item\":\"https:\\\/\\\/semead.com.br\\\/29\\\/es\\\/areas-2\\\/\"},{\"@type\":\"ListItem\",\"position\":3,\"name\":\"\u00c1reas Cient\u00edficas\",\"item\":\"https:\\\/\\\/semead.com.br\\\/29\\\/es\\\/areas-2\\\/areas-cientificas\\\/\"},{\"@type\":\"ListItem\",\"position\":4,\"name\":\"Administraci\u00f3n P\u00fablica\"}]},{\"@type\":\"WebSite\",\"@id\":\"https:\\\/\\\/semead.com.br\\\/29\\\/es\\\/#website\",\"url\":\"https:\\\/\\\/semead.com.br\\\/29\\\/es\\\/\",\"name\":\"XXIX SemeAd\",\"description\":\"Semin\u00e1rios em administra\u00e7\u00e3o\",\"potentialAction\":[{\"@type\":\"SearchAction\",\"target\":{\"@type\":\"EntryPoint\",\"urlTemplate\":\"https:\\\/\\\/semead.com.br\\\/29\\\/es\\\/?s={search_term_string}\"},\"query-input\":{\"@type\":\"PropertyValueSpecification\",\"valueRequired\":true,\"valueName\":\"search_term_string\"}}],\"inLanguage\":\"es\"}]}<\/script>\n<!-- \/ Yoast SEO plugin. -->","yoast_head_json":{"title":"Administraci\u00f3n P\u00fablica - XXIX SemeAd","robots":{"index":"index","follow":"follow","max-snippet":"max-snippet:-1","max-image-preview":"max-image-preview:large","max-video-preview":"max-video-preview:-1"},"canonical":"https:\/\/semead.com.br\/29\/es\/areas-2\/areas-cientificas\/administracion-publica\/","og_locale":"es_ES","og_type":"article","og_title":"Administraci\u00f3n P\u00fablica - XXIX SemeAd","og_url":"https:\/\/semead.com.br\/29\/es\/areas-2\/areas-cientificas\/administracion-publica\/","og_site_name":"XXIX SemeAd","article_modified_time":"2022-07-04T15:05:15+00:00","twitter_card":"summary_large_image","schema":{"@context":"https:\/\/schema.org","@graph":[{"@type":"WebPage","@id":"https:\/\/semead.com.br\/29\/es\/areas-2\/areas-cientificas\/administracion-publica\/","url":"https:\/\/semead.com.br\/29\/es\/areas-2\/areas-cientificas\/administracion-publica\/","name":"Administraci\u00f3n P\u00fablica - XXIX SemeAd","isPartOf":{"@id":"https:\/\/semead.com.br\/29\/es\/#website"},"datePublished":"2021-06-30T14:31:59+00:00","dateModified":"2022-07-04T15:05:15+00:00","breadcrumb":{"@id":"https:\/\/semead.com.br\/29\/es\/areas-2\/areas-cientificas\/administracion-publica\/#breadcrumb"},"inLanguage":"es","potentialAction":[{"@type":"ReadAction","target":["https:\/\/semead.com.br\/29\/es\/areas-2\/areas-cientificas\/administracion-publica\/"]}]},{"@type":"BreadcrumbList","@id":"https:\/\/semead.com.br\/29\/es\/areas-2\/areas-cientificas\/administracion-publica\/#breadcrumb","itemListElement":[{"@type":"ListItem","position":1,"name":"In\u00edcio","item":"https:\/\/semead.com.br\/29\/es\/"},{"@type":"ListItem","position":2,"name":"Areas","item":"https:\/\/semead.com.br\/29\/es\/areas-2\/"},{"@type":"ListItem","position":3,"name":"\u00c1reas Cient\u00edficas","item":"https:\/\/semead.com.br\/29\/es\/areas-2\/areas-cientificas\/"},{"@type":"ListItem","position":4,"name":"Administraci\u00f3n P\u00fablica"}]},{"@type":"WebSite","@id":"https:\/\/semead.com.br\/29\/es\/#website","url":"https:\/\/semead.com.br\/29\/es\/","name":"XXIX SemeAd","description":"Semin\u00e1rios em administra\u00e7\u00e3o","potentialAction":[{"@type":"SearchAction","target":{"@type":"EntryPoint","urlTemplate":"https:\/\/semead.com.br\/29\/es\/?s={search_term_string}"},"query-input":{"@type":"PropertyValueSpecification","valueRequired":true,"valueName":"search_term_string"}}],"inLanguage":"es"}]}},"tpgb_featured_images":null,"tpgb_post_meta_info":{"get_date":"30 de junio de 2021","get_modified_date":"4 de julio de 2022","author_name":"","author_url":"https:\/\/semead.com.br\/29\/es\/author\/","author_email":"","author_website":"","author_description":"","author_facebook":"","author_twitter":"","author_instagram":"","author_role":"","author_firstname":"","author_lastname":"","user_login":"","author_avatar":"<img alt='' src='https:\/\/secure.gravatar.com\/avatar\/?s=200&#038;d=mm&#038;r=g' srcset='https:\/\/secure.gravatar.com\/avatar\/?s=400&#038;d=mm&#038;r=g 2x' class='avatar avatar-200 photo avatar-default' height='200' width='200' decoding='async'\/>","author_avatar_url":"https:\/\/secure.gravatar.com\/avatar\/?s=96&d=mm&r=g","comment_count":0,"post_likes":0,"post_views":0},"tpgb_post_category":[],"jetpack_sharing_enabled":true,"_links":{"self":[{"href":"https:\/\/semead.com.br\/29\/es\/wp-json\/wp\/v2\/pages\/20563","targetHints":{"allow":["GET"]}}],"collection":[{"href":"https:\/\/semead.com.br\/29\/es\/wp-json\/wp\/v2\/pages"}],"about":[{"href":"https:\/\/semead.com.br\/29\/es\/wp-json\/wp\/v2\/types\/page"}],"author":[{"embeddable":true,"href":"https:\/\/semead.com.br\/29\/es\/wp-json\/wp\/v2\/users\/10"}],"replies":[{"embeddable":true,"href":"https:\/\/semead.com.br\/29\/es\/wp-json\/wp\/v2\/comments?post=20563"}],"version-history":[{"count":0,"href":"https:\/\/semead.com.br\/29\/es\/wp-json\/wp\/v2\/pages\/20563\/revisions"}],"up":[{"embeddable":true,"href":"https:\/\/semead.com.br\/29\/es\/wp-json\/wp\/v2\/pages\/35599"}],"wp:attachment":[{"href":"https:\/\/semead.com.br\/29\/es\/wp-json\/wp\/v2\/media?parent=20563"}],"curies":[{"name":"wp","href":"https:\/\/api.w.org\/{rel}","templated":true}]}}