{"id":20923,"date":"2021-06-30T20:31:02","date_gmt":"2021-06-30T23:31:02","guid":{"rendered":"https:\/\/semead.com.br\/29-novo\/?page_id=20923"},"modified":"2022-06-22T01:06:09","modified_gmt":"2022-06-22T04:06:09","slug":"finanzas","status":"publish","type":"page","link":"https:\/\/semead.com.br\/29\/es\/areas-2\/areas-cientificas\/finanzas\/","title":{"rendered":"Finanzas"},"content":{"rendered":"","protected":false},"excerpt":{"rendered":"","protected":false},"author":10,"featured_media":0,"parent":35599,"menu_order":4,"comment_status":"closed","ping_status":"closed","template":"","meta":{"_acf_changed":false,"tpgb_global_settings":"","inline_featured_image":false,"_monsterinsights_skip_tracking":false,"_monsterinsights_sitenote_active":false,"_monsterinsights_sitenote_note":"","_monsterinsights_sitenote_category":0,"footnotes":""},"class_list":["post-20923","page","type-page","status-publish","hentry"],"acf":{"coordenadores":[{"titulo":"Coordinador:","nome":"Wilson Toshiro Nakamura","instituicao":"Universidad Presbiteriana Mackenzie","imagem":23965}],"audio_da_coordenacao":"","temas":[{"tema_nome":"Fijaci\u00f3n de Precios de los Activos","tema_descricao":"Modelos de fijaci\u00f3n de precios de activos financieros: CAPM, APT, Fama y French, Black-Scholes, Binomial, entre otros. Teor\u00eda de carteras. Eficiencia de mercado. Anomal\u00edas de mercado. Burbujas financieras. Riesgo y rentabilidad. Riesgo de mercado. Desempe\u00f1o de fondos.","audio":"","lideres":null},{"tema_nome":"Contabilidad para Usuarios Externos","tema_descricao":"Contabilidad financiera. Impuestos. Normas internacionales de contabilidad. Calidad de la informaci\u00f3n contable. Evidenciaci\u00f3n contable. Auditor\u00eda contable y frades corporativos. Regulaci\u00f3n contable. Contabilidad gubernamental. Reporte integrado y sostenibilidad. Impacto de la tecnolog\u00eda en la contabilidad y en la auditor\u00eda. . Big Data y blockchain aplicados a la contabilidad y a la auditor\u00eda. Educaci\u00f3n e investigaci\u00f3n en contabilidad financiera. \u00c9tica y formaci\u00f3n profesional en contabilidad financiera. Historia de la contabilidad, temas emergentes en contabilidad para usuarios externos.","audio":20490,"lideres":null},{"tema_nome":"Contabilidad para Usuarios Internos","tema_descricao":"Contabilidad administrativa y control de gesti\u00f3n. Sistema de informaci\u00f3n administrativa An\u00e1lisis y gesti\u00f3n de costos. Evaluaci\u00f3n del desempe\u00f1o y recompensas. Planificaci\u00f3n presupuestaria. Planificaci\u00f3n y gesti\u00f3n de impuestos. Educaci\u00f3n e investigaci\u00f3n en contabilidad administrativa y control de gesti\u00f3n. \u00c9tica y formaci\u00f3n profesional en contabilidad administrativa y control de gesti\u00f3n. Temas emergentes en contabilidad para usuarios internos.","audio":"","lideres":null},{"tema_nome":"Decisiones de Inversi\u00f3n Empresarial","tema_descricao":"Determinantes de la inversi\u00f3n empresarial. Restricciones financieras. Sensibilidad de la inversi\u00f3n a diferentes tipos de riesgo. T\u00e9cnicas de an\u00e1lisis de inversiones. Presupuesto de capital.","audio":"","lideres":null},{"tema_nome":"Estructura de Capital, Dividendos y Fusiones y Adquisiciones","tema_descricao":"Estructura de capital. Costo de capital. Pol\u00edtica de dividendos. Emisi\u00f3n de acciones. Emisi\u00f3n de deuda. Oferta p\u00fablica de venta (Initial Public Offering, IPO) Valoraci\u00f3n de empresas. Creaci\u00f3n de valor. Reestructuraci\u00f3n financiera. Fusiones y adquisiciones. Capital de inversi\u00f3n (Private equity). Capital de riesgo (Venture capital). Intangibles.","audio":"","lideres":null},{"tema_nome":"Finanzas Conductuales\/del Comportamiento","tema_descricao":"Teor\u00eda prospectiva o de las perspectivas. Heur\u00edstica y sesgos cognitivos. Contabilidad mental. Efecto de manada. Efecto disposici\u00f3n. Efecto encuadre. Sesgo del optimismo. Exceso de confianza. Elecci\u00f3n intertemporal. Arquitectura de la elecci\u00f3n. Teor\u00eda del empuj\u00f3n (nudges).","audio":"","lideres":null},{"tema_nome":"","tema_descricao":"","audio":"","lideres":null},{"tema_nome":"Gesti\u00f3n Financiera","tema_descricao":"Planificaci\u00f3n financiera Control financiero. Gesti\u00f3n del fondo de maniobra. Gesti\u00f3n de activos de corto plazo. Gesti\u00f3n de pasivos de corto plazo (pasivo circulante). An\u00e1lisis de cr\u00e9dito. Finanzas personales. Seguro y pensiones.","audio":"","lideres":null},{"tema_nome":"Gobernanza Corporativa, Riesgo y Cumplimiento Normativo","tema_descricao":"Pr\u00e1cticas de gobernanza corporativa. Principios de gobernanza corporativa: transparencia, equidad, prestaci\u00f3n de cuentas, responsabilidad corporativa. Teor\u00eda de la agencia o teor\u00eda del agente principal. Conflictos de agencia. Costos de agencia. Mecanismos de gobernanza corporativa. Consejo de administraci\u00f3n. Comit\u00e9 de auditor\u00eda. Auditor\u00eda independiente. Relaciones con inversionistas. Remuneraci\u00f3n de ejecutivos. Estructura de propiedad. Derechos de los socios minoritarios. Cumplimiento normativo. Controles internos. Gesti\u00f3n de riesgos empresariales. C\u00f3digo de \u00e9tica. Reputaci\u00f3n de la empresa.","audio":"","lideres":null}]},"yoast_head":"<!-- This site is optimized with the Yoast SEO plugin v27.5 - https:\/\/yoast.com\/product\/yoast-seo-wordpress\/ -->\n<title>Finanzas - XXIX SemeAd<\/title>\n<meta name=\"robots\" content=\"index, follow, max-snippet:-1, max-image-preview:large, max-video-preview:-1\" \/>\n<link rel=\"canonical\" href=\"https:\/\/semead.com.br\/29\/es\/areas-2\/areas-cientificas\/finanzas\/\" \/>\n<meta property=\"og:locale\" content=\"es_ES\" \/>\n<meta property=\"og:type\" content=\"article\" \/>\n<meta property=\"og:title\" content=\"Finanzas - XXIX SemeAd\" \/>\n<meta property=\"og:url\" content=\"https:\/\/semead.com.br\/29\/es\/areas-2\/areas-cientificas\/finanzas\/\" \/>\n<meta property=\"og:site_name\" content=\"XXIX SemeAd\" \/>\n<meta property=\"article:modified_time\" content=\"2022-06-22T04:06:09+00:00\" \/>\n<meta name=\"twitter:card\" content=\"summary_large_image\" \/>\n<script type=\"application\/ld+json\" class=\"yoast-schema-graph\">{\"@context\":\"https:\\\/\\\/schema.org\",\"@graph\":[{\"@type\":\"WebPage\",\"@id\":\"https:\\\/\\\/semead.com.br\\\/29\\\/es\\\/areas-2\\\/areas-cientificas\\\/finanzas\\\/\",\"url\":\"https:\\\/\\\/semead.com.br\\\/29\\\/es\\\/areas-2\\\/areas-cientificas\\\/finanzas\\\/\",\"name\":\"Finanzas - XXIX SemeAd\",\"isPartOf\":{\"@id\":\"https:\\\/\\\/semead.com.br\\\/29\\\/es\\\/#website\"},\"datePublished\":\"2021-06-30T23:31:02+00:00\",\"dateModified\":\"2022-06-22T04:06:09+00:00\",\"breadcrumb\":{\"@id\":\"https:\\\/\\\/semead.com.br\\\/29\\\/es\\\/areas-2\\\/areas-cientificas\\\/finanzas\\\/#breadcrumb\"},\"inLanguage\":\"es\",\"potentialAction\":[{\"@type\":\"ReadAction\",\"target\":[\"https:\\\/\\\/semead.com.br\\\/29\\\/es\\\/areas-2\\\/areas-cientificas\\\/finanzas\\\/\"]}]},{\"@type\":\"BreadcrumbList\",\"@id\":\"https:\\\/\\\/semead.com.br\\\/29\\\/es\\\/areas-2\\\/areas-cientificas\\\/finanzas\\\/#breadcrumb\",\"itemListElement\":[{\"@type\":\"ListItem\",\"position\":1,\"name\":\"In\u00edcio\",\"item\":\"https:\\\/\\\/semead.com.br\\\/29\\\/es\\\/\"},{\"@type\":\"ListItem\",\"position\":2,\"name\":\"Areas\",\"item\":\"https:\\\/\\\/semead.com.br\\\/29\\\/es\\\/areas-2\\\/\"},{\"@type\":\"ListItem\",\"position\":3,\"name\":\"\u00c1reas Cient\u00edficas\",\"item\":\"https:\\\/\\\/semead.com.br\\\/29\\\/es\\\/areas-2\\\/areas-cientificas\\\/\"},{\"@type\":\"ListItem\",\"position\":4,\"name\":\"Finanzas\"}]},{\"@type\":\"WebSite\",\"@id\":\"https:\\\/\\\/semead.com.br\\\/29\\\/es\\\/#website\",\"url\":\"https:\\\/\\\/semead.com.br\\\/29\\\/es\\\/\",\"name\":\"XXIX SemeAd\",\"description\":\"Semin\u00e1rios em administra\u00e7\u00e3o\",\"potentialAction\":[{\"@type\":\"SearchAction\",\"target\":{\"@type\":\"EntryPoint\",\"urlTemplate\":\"https:\\\/\\\/semead.com.br\\\/29\\\/es\\\/?s={search_term_string}\"},\"query-input\":{\"@type\":\"PropertyValueSpecification\",\"valueRequired\":true,\"valueName\":\"search_term_string\"}}],\"inLanguage\":\"es\"}]}<\/script>\n<!-- \/ Yoast SEO plugin. -->","yoast_head_json":{"title":"Finanzas - XXIX SemeAd","robots":{"index":"index","follow":"follow","max-snippet":"max-snippet:-1","max-image-preview":"max-image-preview:large","max-video-preview":"max-video-preview:-1"},"canonical":"https:\/\/semead.com.br\/29\/es\/areas-2\/areas-cientificas\/finanzas\/","og_locale":"es_ES","og_type":"article","og_title":"Finanzas - XXIX SemeAd","og_url":"https:\/\/semead.com.br\/29\/es\/areas-2\/areas-cientificas\/finanzas\/","og_site_name":"XXIX SemeAd","article_modified_time":"2022-06-22T04:06:09+00:00","twitter_card":"summary_large_image","schema":{"@context":"https:\/\/schema.org","@graph":[{"@type":"WebPage","@id":"https:\/\/semead.com.br\/29\/es\/areas-2\/areas-cientificas\/finanzas\/","url":"https:\/\/semead.com.br\/29\/es\/areas-2\/areas-cientificas\/finanzas\/","name":"Finanzas - XXIX SemeAd","isPartOf":{"@id":"https:\/\/semead.com.br\/29\/es\/#website"},"datePublished":"2021-06-30T23:31:02+00:00","dateModified":"2022-06-22T04:06:09+00:00","breadcrumb":{"@id":"https:\/\/semead.com.br\/29\/es\/areas-2\/areas-cientificas\/finanzas\/#breadcrumb"},"inLanguage":"es","potentialAction":[{"@type":"ReadAction","target":["https:\/\/semead.com.br\/29\/es\/areas-2\/areas-cientificas\/finanzas\/"]}]},{"@type":"BreadcrumbList","@id":"https:\/\/semead.com.br\/29\/es\/areas-2\/areas-cientificas\/finanzas\/#breadcrumb","itemListElement":[{"@type":"ListItem","position":1,"name":"In\u00edcio","item":"https:\/\/semead.com.br\/29\/es\/"},{"@type":"ListItem","position":2,"name":"Areas","item":"https:\/\/semead.com.br\/29\/es\/areas-2\/"},{"@type":"ListItem","position":3,"name":"\u00c1reas Cient\u00edficas","item":"https:\/\/semead.com.br\/29\/es\/areas-2\/areas-cientificas\/"},{"@type":"ListItem","position":4,"name":"Finanzas"}]},{"@type":"WebSite","@id":"https:\/\/semead.com.br\/29\/es\/#website","url":"https:\/\/semead.com.br\/29\/es\/","name":"XXIX SemeAd","description":"Semin\u00e1rios em administra\u00e7\u00e3o","potentialAction":[{"@type":"SearchAction","target":{"@type":"EntryPoint","urlTemplate":"https:\/\/semead.com.br\/29\/es\/?s={search_term_string}"},"query-input":{"@type":"PropertyValueSpecification","valueRequired":true,"valueName":"search_term_string"}}],"inLanguage":"es"}]}},"tpgb_featured_images":null,"tpgb_post_meta_info":{"get_date":"30 de junio de 2021","get_modified_date":"22 de junio de 2022","author_name":"","author_url":"https:\/\/semead.com.br\/29\/es\/author\/","author_email":"","author_website":"","author_description":"","author_facebook":"","author_twitter":"","author_instagram":"","author_role":"","author_firstname":"","author_lastname":"","user_login":"","author_avatar":"<img alt='' src='https:\/\/secure.gravatar.com\/avatar\/?s=200&#038;d=mm&#038;r=g' srcset='https:\/\/secure.gravatar.com\/avatar\/?s=400&#038;d=mm&#038;r=g 2x' class='avatar avatar-200 photo avatar-default' height='200' width='200' decoding='async'\/>","author_avatar_url":"https:\/\/secure.gravatar.com\/avatar\/?s=96&d=mm&r=g","comment_count":0,"post_likes":0,"post_views":0},"tpgb_post_category":[],"jetpack_sharing_enabled":true,"_links":{"self":[{"href":"https:\/\/semead.com.br\/29\/es\/wp-json\/wp\/v2\/pages\/20923","targetHints":{"allow":["GET"]}}],"collection":[{"href":"https:\/\/semead.com.br\/29\/es\/wp-json\/wp\/v2\/pages"}],"about":[{"href":"https:\/\/semead.com.br\/29\/es\/wp-json\/wp\/v2\/types\/page"}],"author":[{"embeddable":true,"href":"https:\/\/semead.com.br\/29\/es\/wp-json\/wp\/v2\/users\/10"}],"replies":[{"embeddable":true,"href":"https:\/\/semead.com.br\/29\/es\/wp-json\/wp\/v2\/comments?post=20923"}],"version-history":[{"count":0,"href":"https:\/\/semead.com.br\/29\/es\/wp-json\/wp\/v2\/pages\/20923\/revisions"}],"up":[{"embeddable":true,"href":"https:\/\/semead.com.br\/29\/es\/wp-json\/wp\/v2\/pages\/35599"}],"wp:attachment":[{"href":"https:\/\/semead.com.br\/29\/es\/wp-json\/wp\/v2\/media?parent=20923"}],"curies":[{"name":"wp","href":"https:\/\/api.w.org\/{rel}","templated":true}]}}