{"id":21015,"date":"2021-07-01T08:49:06","date_gmt":"2021-07-01T11:49:06","guid":{"rendered":"https:\/\/semead.com.br\/29-novo\/?page_id=21015"},"modified":"2022-09-19T15:53:19","modified_gmt":"2022-09-19T18:53:19","slug":"gestion-de-la-innovacion","status":"publish","type":"page","link":"https:\/\/semead.com.br\/29\/es\/areas-2\/areas-cientificas\/gestion-de-la-innovacion\/","title":{"rendered":"Gesti\u00f3n de la Innovaci\u00f3n"},"content":{"rendered":"","protected":false},"excerpt":{"rendered":"","protected":false},"author":8,"featured_media":0,"parent":35599,"menu_order":120,"comment_status":"closed","ping_status":"closed","template":"","meta":{"_acf_changed":false,"tpgb_global_settings":"","inline_featured_image":false,"_monsterinsights_skip_tracking":false,"_monsterinsights_sitenote_active":false,"_monsterinsights_sitenote_note":"","_monsterinsights_sitenote_category":0,"footnotes":""},"class_list":["post-21015","page","type-page","status-publish","hentry"],"acf":{"coordenadores":[{"titulo":"Coordinador: ","nome":"","instituicao":"FEA-USP","imagem":34888},{"titulo":"","nome":"Prof. Dr. Guilherme Ary Plonski ","instituicao":"FEA-USP","imagem":34885},{"titulo":"Coordinador Adjunto:","nome":"Prof. Dr. Carlos Augusto Vargas","instituicao":"","imagem":34891}],"audio_da_coordenacao":"","temas":[{"tema_nome":"Dimensiones creativas, comportamentales y culturales de la innovaci\u00f3n","tema_descricao":"Formas de estimular la creatividad para la innovaci\u00f3n. Desaf\u00edos de comportamiento provenientes de los riesgos asociados a la innovaci\u00f3n. Administraci\u00f3n de los cambios organizacionales. Cultura organizacional e innovaci\u00f3n. Gesti\u00f3n de equipos multidisciplinarios. Gesti\u00f3n de la diversidad y la innovaci\u00f3n. Innovaci\u00f3n en tiempos de redes sociales. Otros asuntos fronterizos relacionados con el tema.","audio":"","lideres":[{"lider_nome":"","lider_foto":""},{"lider_nome":"","lider_foto":""}]},{"tema_nome":"Gesti\u00f3n del conocimiento, propiedad intelectual y transferencia tecnol\u00f3gica","tema_descricao":"Gesti\u00f3n del conocimiento en organizaciones que usan la tecnolog\u00eda de manera intensa y su contribuci\u00f3n a la innovaci\u00f3n. Gesti\u00f3n de la propiedad intelectual en empresas e instituciones cient\u00edficas y tecnol\u00f3gicas. N\u00facleos de innovaci\u00f3n tecnol\u00f3gica (NIT) y otros agentes de transferencia tecnol\u00f3gica. Estrategias y aspectos contractuales para la concesi\u00f3n de licencias y comercializaci\u00f3n de tecnolog\u00edas Valoraci\u00f3n de tecnolog\u00edas (Valuation) Mapeo de las empresas derivadas de las ICT (spin-offs). Otros asuntos fronterizos relacionados con el tema.","audio":"","lideres":[{"lider_nome":"","lider_foto":""},{"lider_nome":"","lider_foto":""}]},{"tema_nome":"Organizaci\u00f3n, procesos y proyectos de innovaci\u00f3n","tema_descricao":"Configuraciones y estructuras organizacionales para la innovaci\u00f3n. Gesti\u00f3n de centros y unidades de Investigaci\u00f3n y Desarrollo (I&D). Soluciones, herramientas y pr\u00e1cticas organizacionales para la gesti\u00f3n de los procesos de innovaci\u00f3n. Administraci\u00f3n para el buen aprovechamiento de las pol\u00edticas p\u00fablicas de apoyo a la innovaci\u00f3n. Administraci\u00f3n de programas y proyectos de Ciencia, Tecnolog\u00eda e Innovaci\u00f3n (CT&I). Mecanismos para la difusi\u00f3n de innovaciones. Otros asuntos fronterizos relacionados con el tema.","audio":"","lideres":[{"lider_nome":"","lider_foto":""},{"lider_nome":"","lider_foto":""}]},{"tema_nome":" Pol\u00edticas, estrategias, instituciones e internacionalizaci\u00f3n de la innovaci\u00f3n","tema_descricao":"Contexto pol\u00edtico e institucional de Ciencia, Tecnolog\u00eda e Innovaci\u00f3n (CT&I). Pol\u00edticas p\u00fablicas nacionales y subnacionales para promover la innovaci\u00f3n. Sistemas de fomento, incentivo y financiaci\u00f3n de CT&I. Evaluaci\u00f3n y medici\u00f3n de los impactos de las pol\u00edticas nacionales, regionales y sectoriales de CT&I. Estrategias tecnol\u00f3gicas y de innovaci\u00f3n de las empresas. CT&I en los negocios y en las relaciones internacionales. Otros asuntos fronterizos relacionados con el tema.","audio":"","lideres":[{"lider_nome":"","lider_foto":""},{"lider_nome":"","lider_foto":""},{"lider_nome":"","lider_foto":""}]},{"tema_nome":"Redes, ecosistemas y ambientes de innovaci\u00f3n","tema_descricao":"Acuerdos institucionales de colaboraci\u00f3n en Ciencia, Tecnolog\u00eda e Innovaci\u00f3n (CT&I) y negocios. Alianzas p\u00fablicas y privadas para la innovaci\u00f3n. Modelos de innovaci\u00f3n abierta (ej.: coproducci\u00f3n, codise\u00f1o, cocreaci\u00f3n). Din\u00e1mica de las \u00e1reas de investigaci\u00f3n (ej.: incubadoras y aceleradoras; parques, polos y distritos tecnol\u00f3gicos). Ciudades inteligentes. Econom\u00eda creativa. Otros asuntos fronterizos relacionados con el tema.","audio":"","lideres":[{"lider_nome":"","lider_foto":""},{"lider_nome":"","lider_foto":""},{"lider_nome":"","lider_foto":""}]},{"tema_nome":"Tecnolog\u00eda y sostenibilidad, innovaci\u00f3n y sociedad","tema_descricao":"Estrategias y pr\u00e1cticas para la innovaci\u00f3n tecnol\u00f3gica sostenible (ej.: innovaci\u00f3n y dise\u00f1o ecol\u00f3gicos). Innovaci\u00f3n en el contexto de los objetivos de desarrollo sostenible. M\u00e9tricas de innovaci\u00f3n sostenible. La tecnolog\u00eda y el desaf\u00edo del empleo. Promoci\u00f3n de los emprendimientos de impacto. Innovaci\u00f3n y tercer sector. Otros asuntos fronterizos relacionados con el tema.","audio":"","lideres":[{"lider_nome":"","lider_foto":""},{"lider_nome":"","lider_foto":""},{"lider_nome":"","lider_foto":""}]},{"tema_nome":"","tema_descricao":"","audio":"","lideres":[{"lider_nome":"","lider_foto":""},{"lider_nome":"","lider_foto":""}]}]},"yoast_head":"<!-- This site is optimized with the Yoast SEO plugin v27.5 - https:\/\/yoast.com\/product\/yoast-seo-wordpress\/ -->\n<title>Gesti\u00f3n de la Innovaci\u00f3n - XXIX SemeAd<\/title>\n<meta name=\"robots\" content=\"index, follow, max-snippet:-1, max-image-preview:large, max-video-preview:-1\" \/>\n<link rel=\"canonical\" href=\"https:\/\/semead.com.br\/29\/es\/areas-2\/areas-cientificas\/gestion-de-la-innovacion\/\" \/>\n<meta property=\"og:locale\" content=\"es_ES\" \/>\n<meta property=\"og:type\" content=\"article\" \/>\n<meta property=\"og:title\" content=\"Gesti\u00f3n de la Innovaci\u00f3n - XXIX SemeAd\" \/>\n<meta property=\"og:url\" content=\"https:\/\/semead.com.br\/29\/es\/areas-2\/areas-cientificas\/gestion-de-la-innovacion\/\" \/>\n<meta property=\"og:site_name\" content=\"XXIX SemeAd\" \/>\n<meta property=\"article:modified_time\" content=\"2022-09-19T18:53:19+00:00\" \/>\n<meta name=\"twitter:card\" content=\"summary_large_image\" \/>\n<script type=\"application\/ld+json\" class=\"yoast-schema-graph\">{\"@context\":\"https:\\\/\\\/schema.org\",\"@graph\":[{\"@type\":\"WebPage\",\"@id\":\"https:\\\/\\\/semead.com.br\\\/29\\\/es\\\/areas-2\\\/areas-cientificas\\\/gestion-de-la-innovacion\\\/\",\"url\":\"https:\\\/\\\/semead.com.br\\\/29\\\/es\\\/areas-2\\\/areas-cientificas\\\/gestion-de-la-innovacion\\\/\",\"name\":\"Gesti\u00f3n de la Innovaci\u00f3n - XXIX SemeAd\",\"isPartOf\":{\"@id\":\"https:\\\/\\\/semead.com.br\\\/29\\\/es\\\/#website\"},\"datePublished\":\"2021-07-01T11:49:06+00:00\",\"dateModified\":\"2022-09-19T18:53:19+00:00\",\"breadcrumb\":{\"@id\":\"https:\\\/\\\/semead.com.br\\\/29\\\/es\\\/areas-2\\\/areas-cientificas\\\/gestion-de-la-innovacion\\\/#breadcrumb\"},\"inLanguage\":\"es\",\"potentialAction\":[{\"@type\":\"ReadAction\",\"target\":[\"https:\\\/\\\/semead.com.br\\\/29\\\/es\\\/areas-2\\\/areas-cientificas\\\/gestion-de-la-innovacion\\\/\"]}]},{\"@type\":\"BreadcrumbList\",\"@id\":\"https:\\\/\\\/semead.com.br\\\/29\\\/es\\\/areas-2\\\/areas-cientificas\\\/gestion-de-la-innovacion\\\/#breadcrumb\",\"itemListElement\":[{\"@type\":\"ListItem\",\"position\":1,\"name\":\"In\u00edcio\",\"item\":\"https:\\\/\\\/semead.com.br\\\/29\\\/es\\\/\"},{\"@type\":\"ListItem\",\"position\":2,\"name\":\"Areas\",\"item\":\"https:\\\/\\\/semead.com.br\\\/29\\\/es\\\/areas-2\\\/\"},{\"@type\":\"ListItem\",\"position\":3,\"name\":\"\u00c1reas Cient\u00edficas\",\"item\":\"https:\\\/\\\/semead.com.br\\\/29\\\/es\\\/areas-2\\\/areas-cientificas\\\/\"},{\"@type\":\"ListItem\",\"position\":4,\"name\":\"Gesti\u00f3n de la Innovaci\u00f3n\"}]},{\"@type\":\"WebSite\",\"@id\":\"https:\\\/\\\/semead.com.br\\\/29\\\/es\\\/#website\",\"url\":\"https:\\\/\\\/semead.com.br\\\/29\\\/es\\\/\",\"name\":\"XXIX SemeAd\",\"description\":\"Semin\u00e1rios em administra\u00e7\u00e3o\",\"potentialAction\":[{\"@type\":\"SearchAction\",\"target\":{\"@type\":\"EntryPoint\",\"urlTemplate\":\"https:\\\/\\\/semead.com.br\\\/29\\\/es\\\/?s={search_term_string}\"},\"query-input\":{\"@type\":\"PropertyValueSpecification\",\"valueRequired\":true,\"valueName\":\"search_term_string\"}}],\"inLanguage\":\"es\"}]}<\/script>\n<!-- \/ Yoast SEO plugin. -->","yoast_head_json":{"title":"Gesti\u00f3n de la Innovaci\u00f3n - XXIX SemeAd","robots":{"index":"index","follow":"follow","max-snippet":"max-snippet:-1","max-image-preview":"max-image-preview:large","max-video-preview":"max-video-preview:-1"},"canonical":"https:\/\/semead.com.br\/29\/es\/areas-2\/areas-cientificas\/gestion-de-la-innovacion\/","og_locale":"es_ES","og_type":"article","og_title":"Gesti\u00f3n de la Innovaci\u00f3n - XXIX SemeAd","og_url":"https:\/\/semead.com.br\/29\/es\/areas-2\/areas-cientificas\/gestion-de-la-innovacion\/","og_site_name":"XXIX SemeAd","article_modified_time":"2022-09-19T18:53:19+00:00","twitter_card":"summary_large_image","schema":{"@context":"https:\/\/schema.org","@graph":[{"@type":"WebPage","@id":"https:\/\/semead.com.br\/29\/es\/areas-2\/areas-cientificas\/gestion-de-la-innovacion\/","url":"https:\/\/semead.com.br\/29\/es\/areas-2\/areas-cientificas\/gestion-de-la-innovacion\/","name":"Gesti\u00f3n de la Innovaci\u00f3n - XXIX SemeAd","isPartOf":{"@id":"https:\/\/semead.com.br\/29\/es\/#website"},"datePublished":"2021-07-01T11:49:06+00:00","dateModified":"2022-09-19T18:53:19+00:00","breadcrumb":{"@id":"https:\/\/semead.com.br\/29\/es\/areas-2\/areas-cientificas\/gestion-de-la-innovacion\/#breadcrumb"},"inLanguage":"es","potentialAction":[{"@type":"ReadAction","target":["https:\/\/semead.com.br\/29\/es\/areas-2\/areas-cientificas\/gestion-de-la-innovacion\/"]}]},{"@type":"BreadcrumbList","@id":"https:\/\/semead.com.br\/29\/es\/areas-2\/areas-cientificas\/gestion-de-la-innovacion\/#breadcrumb","itemListElement":[{"@type":"ListItem","position":1,"name":"In\u00edcio","item":"https:\/\/semead.com.br\/29\/es\/"},{"@type":"ListItem","position":2,"name":"Areas","item":"https:\/\/semead.com.br\/29\/es\/areas-2\/"},{"@type":"ListItem","position":3,"name":"\u00c1reas Cient\u00edficas","item":"https:\/\/semead.com.br\/29\/es\/areas-2\/areas-cientificas\/"},{"@type":"ListItem","position":4,"name":"Gesti\u00f3n de la Innovaci\u00f3n"}]},{"@type":"WebSite","@id":"https:\/\/semead.com.br\/29\/es\/#website","url":"https:\/\/semead.com.br\/29\/es\/","name":"XXIX SemeAd","description":"Semin\u00e1rios em administra\u00e7\u00e3o","potentialAction":[{"@type":"SearchAction","target":{"@type":"EntryPoint","urlTemplate":"https:\/\/semead.com.br\/29\/es\/?s={search_term_string}"},"query-input":{"@type":"PropertyValueSpecification","valueRequired":true,"valueName":"search_term_string"}}],"inLanguage":"es"}]}},"tpgb_featured_images":null,"tpgb_post_meta_info":{"get_date":"1 de julio de 2021","get_modified_date":"19 de septiembre de 2022","author_name":"amandaaguiarbarbosa","author_url":"https:\/\/semead.com.br\/29\/es\/author\/amandaaguiarbarbosa\/","author_email":"amandaaguiarbarbosa@usp.br","author_website":"","author_description":"","author_facebook":"","author_twitter":"","author_instagram":"","author_role":[],"author_firstname":"Amanda","author_lastname":"Barbosa","user_login":"amandaaguiarbarbosa","author_avatar":"<img alt='' src='https:\/\/secure.gravatar.com\/avatar\/0e2e26878f42b625151adb4996e7d9070b31dcf6bf686bd693f5ba2bab5a0f32?s=200&#038;d=mm&#038;r=g' srcset='https:\/\/secure.gravatar.com\/avatar\/0e2e26878f42b625151adb4996e7d9070b31dcf6bf686bd693f5ba2bab5a0f32?s=400&#038;d=mm&#038;r=g 2x' class='avatar avatar-200 photo' height='200' width='200' decoding='async'\/>","author_avatar_url":"https:\/\/secure.gravatar.com\/avatar\/0e2e26878f42b625151adb4996e7d9070b31dcf6bf686bd693f5ba2bab5a0f32?s=96&d=mm&r=g","comment_count":0,"post_likes":0,"post_views":0},"tpgb_post_category":[],"jetpack_sharing_enabled":true,"_links":{"self":[{"href":"https:\/\/semead.com.br\/29\/es\/wp-json\/wp\/v2\/pages\/21015","targetHints":{"allow":["GET"]}}],"collection":[{"href":"https:\/\/semead.com.br\/29\/es\/wp-json\/wp\/v2\/pages"}],"about":[{"href":"https:\/\/semead.com.br\/29\/es\/wp-json\/wp\/v2\/types\/page"}],"author":[{"embeddable":true,"href":"https:\/\/semead.com.br\/29\/es\/wp-json\/wp\/v2\/users\/8"}],"replies":[{"embeddable":true,"href":"https:\/\/semead.com.br\/29\/es\/wp-json\/wp\/v2\/comments?post=21015"}],"version-history":[{"count":0,"href":"https:\/\/semead.com.br\/29\/es\/wp-json\/wp\/v2\/pages\/21015\/revisions"}],"up":[{"embeddable":true,"href":"https:\/\/semead.com.br\/29\/es\/wp-json\/wp\/v2\/pages\/35599"}],"wp:attachment":[{"href":"https:\/\/semead.com.br\/29\/es\/wp-json\/wp\/v2\/media?parent=21015"}],"curies":[{"name":"wp","href":"https:\/\/api.w.org\/{rel}","templated":true}]}}