{"id":21149,"date":"2021-07-01T09:24:20","date_gmt":"2021-07-01T12:24:20","guid":{"rendered":"https:\/\/semead.com.br\/29-novo\/?page_id=21149"},"modified":"2022-06-23T19:40:08","modified_gmt":"2022-06-23T22:40:08","slug":"operations","status":"publish","type":"page","link":"https:\/\/semead.com.br\/29\/es\/areas-2\/areas-cientificas\/operations\/","title":{"rendered":"Operaciones"},"content":{"rendered":"","protected":false},"excerpt":{"rendered":"","protected":false},"author":8,"featured_media":0,"parent":35599,"menu_order":0,"comment_status":"closed","ping_status":"open","template":"","meta":{"_acf_changed":false,"tpgb_global_settings":"","inline_featured_image":false,"_monsterinsights_skip_tracking":false,"_monsterinsights_sitenote_active":false,"_monsterinsights_sitenote_note":"","_monsterinsights_sitenote_category":0,"footnotes":""},"class_list":["post-21149","page","type-page","status-publish","hentry"],"acf":{"coordenadores":[{"titulo":"Coordinador:","nome":"Prof. Dr. Alvair Silveira Torres Junior ","instituicao":"FEA-USP","imagem":34919},{"titulo":"","nome":"","instituicao":"","imagem":35241}],"audio_da_coordenacao":21841,"temas":[{"tema_nome":"Tecnolog\u00eda 4.0 en Estrategia de Operaciones y Desarrollo de Productos y Servicios","tema_descricao":"El momento actual se caracteriza por una intensa transformaci\u00f3n digital y en tecnolog\u00edas de operaciones. Klaus Schwab llama a este proceso la cuarta revoluci\u00f3n industrial. Estamos viendo un progreso inmenso y r\u00e1pido en tecnolog\u00edas de uso general como la Inteligencia Artificial (IA) y el Internet de las Cosas (IoT), as\u00ed como tecnolog\u00edas habilitadoras como la fabricaci\u00f3n aditiva, veh\u00edculos aut\u00f3nomos, drones, rob\u00f3tica, blockchain, agentes cognitivos, plataformas digitales. , visi\u00f3n artificial, procesamiento del lenguaje natural, nuevas tecnolog\u00edas de sensores y actuadores, nanotecnolog\u00eda, biotecnolog\u00eda, etc. Adem\u00e1s, la combinaci\u00f3n de estas tecnolog\u00edas a\u00f1ade una capa adicional de innovaci\u00f3n tecnol\u00f3gica aplicada a los m\u00e1s diversos sectores de actividad econ\u00f3mica. Esta amplia aplicaci\u00f3n puede entenderse como Tecnolog\u00eda de Operaciones 4.0. Un cambio tan profundo tiende a provocar cambios igualmente profundos en la sociedad y los mercados, afectando las estrategias, productos y servicios, modelos de negocio, organizaci\u00f3n, toma de decisiones, procesos, recursos humanos y capacidades de las empresas.\r\nTanta innovaci\u00f3n, tan r\u00e1pida, crea oportunidades y riesgos. Estas tecnolog\u00edas tienen el potencial de revolucionar los compromisos estrat\u00e9gicos tradicionales en la gesti\u00f3n de operaciones, como entre escala y alcance o entre flexibilidad y costos, y plantean nuevos desaf\u00edos para la gesti\u00f3n de operaciones. Las operaciones variar\u00e1n desde peque\u00f1os ajustes hasta transformaciones radicales.\r\nEn este tema buscamos explorar los impactos de esta 4\u00aa Revoluci\u00f3n Industrial\r\n\u2022 Estrategia y organizaci\u00f3n de operaciones,\r\n\u2022 Modelo de negocio de las empresas,\r\n\u2022 Gesti\u00f3n de la cadena de suministro, y\r\n\u2022 Gesti\u00f3n del desarrollo de productos y servicios\r\n","audio":"","lideres":[{"lider_nome":"","lider_foto":35244},{"lider_nome":"","lider_foto":35242},{"lider_nome":"","lider_foto":35245}]},{"tema_nome":"Econom\u00eda Circular","tema_descricao":"La Econom\u00eda Circular se ocupa de la creaci\u00f3n y operaci\u00f3n sist\u00e9mica de nuevos negocios, tecnolog\u00edas, productos y servicios cuyo prop\u00f3sito es mantener los productos y materiales en uso por m\u00e1s tiempo, regenerando los sistemas naturales y eliminando los desechos y la contaminaci\u00f3n del consumo.\r\n\u2022 Econom\u00eda Circular.\r\n\u2022 Modelos de negocio circulares.\r\n\u2022 Sistemas de transici\u00f3n para la circularidad de los recursos.\r\n\u2022 Sistemas regenerativos.\r\n\u2022 Industria 4.0 como contribuci\u00f3n a la retenci\u00f3n del valor de los recursos y la circularidad de los materiales.\r\n\u2022 Aspectos ambientales y sociales de los sistemas regenerativos.\r\n\u2022 Ciudades circulares.\r\n\u2022 Cadenas productivas circulares.\r\n\u2022 Productos y servicios circulares.\r\n\u2022 Ecosistemas industriales circulares.\r\n\u2022 El papel del gobierno y las pol\u00edticas p\u00fablicas para la difusi\u00f3n de la econom\u00eda circular.\r\n\u2022 El papel de los l\u00edderes sostenibles en el \u00e9xito de la econom\u00eda circular.\r\n\u2022 Innovaci\u00f3n, blockchain, inteligencia artificial, trazabilidad, f\u00e1bricas inteligentes, conectividad, integraci\u00f3n y alianzas como motores de la econom\u00eda circular.\r\n","audio":21688,"lideres":[{"lider_nome":"","lider_foto":35240},{"lider_nome":"","lider_foto":35248}]},{"tema_nome":" Excelencia en operaciones - calidad, productividad y producci\u00f3n Lean","tema_descricao":"El tema de la excelencia en operaciones tiene como objetivo debatir la mejora del desempe\u00f1o y de la productividad en operaciones industriales y de servicios, mediante el uso racional de los recursos y de la innovaci\u00f3n, tanto en los procesos operativos como en su gesti\u00f3n. La productividad es una de las cuestiones fundamentales que deben ser enfrentadas para hacer posible el desarrollo sostenible de la econom\u00eda y de la sociedad en Brasil. \u00bfC\u00f3mo aumentar el desempe\u00f1o y el valor agregado de nuestras operaciones industriales y de servicios, aumentando la competitividad del pa\u00eds en el actual y exigente escenario econ\u00f3mico global?\r\n\u2022\tGesti\u00f3n de la calidad y de la productividad\r\n\u2022\tLean Production \/ Lean Management \/ JIT \/ Lean Six Sigma\r\n\u2022\tAn\u00e1lisis y reingenier\u00eda de procesos\r\n\u2022\tCalidad total\r\n\u2022\tTeor\u00eda de las restricciones","audio":"","lideres":[{"lider_nome":"","lider_foto":35249}]},{"tema_nome":"Gesti\u00f3n de operaciones en servicios","tema_descricao":"Aunque la mayor parte de los empleos generados en nuestra sociedad son en la producci\u00f3n de servicios, a\u00fan persiste la pr\u00e1ctica de considerar la gesti\u00f3n de servicios como un caso particular de la Administraci\u00f3n como un todo. Adem\u00e1s, aunque est\u00e9 bien fundada la idea de que los principios y t\u00e9cnicas de planificaci\u00f3n y control de las operaciones en servicios deban derivarse de los principios y t\u00e9cnicas usadas en la fabricaci\u00f3n de bienes, se han hecho relativamente pocos esfuerzos; a nivel pr\u00e1ctico y te\u00f3rico, con el fin de demostrar estas derivaciones.\r\n\u2022\tEstrategias de operaciones en servicios\r\n\u2022\tServitizaci\u00f3n de productos\r\n\u2022\tRedes en servicios\r\n\u2022\tCalidad de servicios\r\n\u2022\tPlanificaci\u00f3n y control en servicios\r\n\u2022\tEvaluaci\u00f3n y desempe\u00f1o de la operaci\u00f3n en servicios","audio":"","lideres":[{"lider_nome":"","lider_foto":35250}]}]},"yoast_head":"<!-- This site is optimized with the Yoast SEO plugin v27.5 - https:\/\/yoast.com\/product\/yoast-seo-wordpress\/ -->\n<title>Operaciones - XXIX SemeAd<\/title>\n<meta name=\"robots\" content=\"index, follow, max-snippet:-1, max-image-preview:large, max-video-preview:-1\" \/>\n<link rel=\"canonical\" href=\"https:\/\/semead.com.br\/29\/es\/areas-2\/areas-cientificas\/operations\/\" \/>\n<meta property=\"og:locale\" content=\"es_ES\" \/>\n<meta property=\"og:type\" content=\"article\" \/>\n<meta property=\"og:title\" content=\"Operaciones - XXIX SemeAd\" \/>\n<meta property=\"og:url\" content=\"https:\/\/semead.com.br\/29\/es\/areas-2\/areas-cientificas\/operations\/\" \/>\n<meta property=\"og:site_name\" content=\"XXIX SemeAd\" \/>\n<meta property=\"article:modified_time\" content=\"2022-06-23T22:40:08+00:00\" \/>\n<meta name=\"twitter:card\" content=\"summary_large_image\" \/>\n<script type=\"application\/ld+json\" class=\"yoast-schema-graph\">{\"@context\":\"https:\\\/\\\/schema.org\",\"@graph\":[{\"@type\":\"WebPage\",\"@id\":\"https:\\\/\\\/semead.com.br\\\/29\\\/es\\\/areas-2\\\/areas-cientificas\\\/operations\\\/\",\"url\":\"https:\\\/\\\/semead.com.br\\\/29\\\/es\\\/areas-2\\\/areas-cientificas\\\/operations\\\/\",\"name\":\"Operaciones - XXIX SemeAd\",\"isPartOf\":{\"@id\":\"https:\\\/\\\/semead.com.br\\\/29\\\/es\\\/#website\"},\"datePublished\":\"2021-07-01T12:24:20+00:00\",\"dateModified\":\"2022-06-23T22:40:08+00:00\",\"breadcrumb\":{\"@id\":\"https:\\\/\\\/semead.com.br\\\/29\\\/es\\\/areas-2\\\/areas-cientificas\\\/operations\\\/#breadcrumb\"},\"inLanguage\":\"es\",\"potentialAction\":[{\"@type\":\"ReadAction\",\"target\":[\"https:\\\/\\\/semead.com.br\\\/29\\\/es\\\/areas-2\\\/areas-cientificas\\\/operations\\\/\"]}]},{\"@type\":\"BreadcrumbList\",\"@id\":\"https:\\\/\\\/semead.com.br\\\/29\\\/es\\\/areas-2\\\/areas-cientificas\\\/operations\\\/#breadcrumb\",\"itemListElement\":[{\"@type\":\"ListItem\",\"position\":1,\"name\":\"In\u00edcio\",\"item\":\"https:\\\/\\\/semead.com.br\\\/29\\\/es\\\/\"},{\"@type\":\"ListItem\",\"position\":2,\"name\":\"Areas\",\"item\":\"https:\\\/\\\/semead.com.br\\\/29\\\/es\\\/areas-2\\\/\"},{\"@type\":\"ListItem\",\"position\":3,\"name\":\"\u00c1reas Cient\u00edficas\",\"item\":\"https:\\\/\\\/semead.com.br\\\/29\\\/es\\\/areas-2\\\/areas-cientificas\\\/\"},{\"@type\":\"ListItem\",\"position\":4,\"name\":\"Operaciones\"}]},{\"@type\":\"WebSite\",\"@id\":\"https:\\\/\\\/semead.com.br\\\/29\\\/es\\\/#website\",\"url\":\"https:\\\/\\\/semead.com.br\\\/29\\\/es\\\/\",\"name\":\"XXIX SemeAd\",\"description\":\"Semin\u00e1rios em administra\u00e7\u00e3o\",\"potentialAction\":[{\"@type\":\"SearchAction\",\"target\":{\"@type\":\"EntryPoint\",\"urlTemplate\":\"https:\\\/\\\/semead.com.br\\\/29\\\/es\\\/?s={search_term_string}\"},\"query-input\":{\"@type\":\"PropertyValueSpecification\",\"valueRequired\":true,\"valueName\":\"search_term_string\"}}],\"inLanguage\":\"es\"}]}<\/script>\n<!-- \/ Yoast SEO plugin. -->","yoast_head_json":{"title":"Operaciones - XXIX SemeAd","robots":{"index":"index","follow":"follow","max-snippet":"max-snippet:-1","max-image-preview":"max-image-preview:large","max-video-preview":"max-video-preview:-1"},"canonical":"https:\/\/semead.com.br\/29\/es\/areas-2\/areas-cientificas\/operations\/","og_locale":"es_ES","og_type":"article","og_title":"Operaciones - XXIX SemeAd","og_url":"https:\/\/semead.com.br\/29\/es\/areas-2\/areas-cientificas\/operations\/","og_site_name":"XXIX SemeAd","article_modified_time":"2022-06-23T22:40:08+00:00","twitter_card":"summary_large_image","schema":{"@context":"https:\/\/schema.org","@graph":[{"@type":"WebPage","@id":"https:\/\/semead.com.br\/29\/es\/areas-2\/areas-cientificas\/operations\/","url":"https:\/\/semead.com.br\/29\/es\/areas-2\/areas-cientificas\/operations\/","name":"Operaciones - XXIX SemeAd","isPartOf":{"@id":"https:\/\/semead.com.br\/29\/es\/#website"},"datePublished":"2021-07-01T12:24:20+00:00","dateModified":"2022-06-23T22:40:08+00:00","breadcrumb":{"@id":"https:\/\/semead.com.br\/29\/es\/areas-2\/areas-cientificas\/operations\/#breadcrumb"},"inLanguage":"es","potentialAction":[{"@type":"ReadAction","target":["https:\/\/semead.com.br\/29\/es\/areas-2\/areas-cientificas\/operations\/"]}]},{"@type":"BreadcrumbList","@id":"https:\/\/semead.com.br\/29\/es\/areas-2\/areas-cientificas\/operations\/#breadcrumb","itemListElement":[{"@type":"ListItem","position":1,"name":"In\u00edcio","item":"https:\/\/semead.com.br\/29\/es\/"},{"@type":"ListItem","position":2,"name":"Areas","item":"https:\/\/semead.com.br\/29\/es\/areas-2\/"},{"@type":"ListItem","position":3,"name":"\u00c1reas Cient\u00edficas","item":"https:\/\/semead.com.br\/29\/es\/areas-2\/areas-cientificas\/"},{"@type":"ListItem","position":4,"name":"Operaciones"}]},{"@type":"WebSite","@id":"https:\/\/semead.com.br\/29\/es\/#website","url":"https:\/\/semead.com.br\/29\/es\/","name":"XXIX SemeAd","description":"Semin\u00e1rios em administra\u00e7\u00e3o","potentialAction":[{"@type":"SearchAction","target":{"@type":"EntryPoint","urlTemplate":"https:\/\/semead.com.br\/29\/es\/?s={search_term_string}"},"query-input":{"@type":"PropertyValueSpecification","valueRequired":true,"valueName":"search_term_string"}}],"inLanguage":"es"}]}},"tpgb_featured_images":null,"tpgb_post_meta_info":{"get_date":"1 de julio de 2021","get_modified_date":"23 de junio de 2022","author_name":"amandaaguiarbarbosa","author_url":"https:\/\/semead.com.br\/29\/es\/author\/amandaaguiarbarbosa\/","author_email":"amandaaguiarbarbosa@usp.br","author_website":"","author_description":"","author_facebook":"","author_twitter":"","author_instagram":"","author_role":[],"author_firstname":"Amanda","author_lastname":"Barbosa","user_login":"amandaaguiarbarbosa","author_avatar":"<img alt='' src='https:\/\/secure.gravatar.com\/avatar\/0e2e26878f42b625151adb4996e7d9070b31dcf6bf686bd693f5ba2bab5a0f32?s=200&#038;d=mm&#038;r=g' srcset='https:\/\/secure.gravatar.com\/avatar\/0e2e26878f42b625151adb4996e7d9070b31dcf6bf686bd693f5ba2bab5a0f32?s=400&#038;d=mm&#038;r=g 2x' class='avatar avatar-200 photo' height='200' width='200' decoding='async'\/>","author_avatar_url":"https:\/\/secure.gravatar.com\/avatar\/0e2e26878f42b625151adb4996e7d9070b31dcf6bf686bd693f5ba2bab5a0f32?s=96&d=mm&r=g","comment_count":0,"post_likes":0,"post_views":0},"tpgb_post_category":[],"jetpack_sharing_enabled":true,"_links":{"self":[{"href":"https:\/\/semead.com.br\/29\/es\/wp-json\/wp\/v2\/pages\/21149","targetHints":{"allow":["GET"]}}],"collection":[{"href":"https:\/\/semead.com.br\/29\/es\/wp-json\/wp\/v2\/pages"}],"about":[{"href":"https:\/\/semead.com.br\/29\/es\/wp-json\/wp\/v2\/types\/page"}],"author":[{"embeddable":true,"href":"https:\/\/semead.com.br\/29\/es\/wp-json\/wp\/v2\/users\/8"}],"replies":[{"embeddable":true,"href":"https:\/\/semead.com.br\/29\/es\/wp-json\/wp\/v2\/comments?post=21149"}],"version-history":[{"count":0,"href":"https:\/\/semead.com.br\/29\/es\/wp-json\/wp\/v2\/pages\/21149\/revisions"}],"up":[{"embeddable":true,"href":"https:\/\/semead.com.br\/29\/es\/wp-json\/wp\/v2\/pages\/35599"}],"wp:attachment":[{"href":"https:\/\/semead.com.br\/29\/es\/wp-json\/wp\/v2\/media?parent=21149"}],"curies":[{"name":"wp","href":"https:\/\/api.w.org\/{rel}","templated":true}]}}