{"id":21205,"date":"2021-07-01T09:33:44","date_gmt":"2021-07-01T12:33:44","guid":{"rendered":"https:\/\/semead.com.br\/29-novo\/?page_id=21205"},"modified":"2022-05-24T00:49:10","modified_gmt":"2022-05-24T03:49:10","slug":"tourism-and-hospitality-2","status":"publish","type":"page","link":"https:\/\/semead.com.br\/29\/es\/areas-2\/areas-cientificas\/tourism-and-hospitality-2\/","title":{"rendered":"Turismo y Hospitalidad"},"content":{"rendered":"","protected":false},"excerpt":{"rendered":"","protected":false},"author":8,"featured_media":0,"parent":35599,"menu_order":0,"comment_status":"closed","ping_status":"closed","template":"","meta":{"_acf_changed":false,"tpgb_global_settings":"","inline_featured_image":false,"_monsterinsights_skip_tracking":false,"_monsterinsights_sitenote_active":false,"_monsterinsights_sitenote_note":"","_monsterinsights_sitenote_category":0,"footnotes":""},"class_list":["post-21205","page","type-page","status-publish","hentry"],"acf":{"coordenadores":[{"titulo":"Coordinadora:","nome":"Profa. Dra. Elizabeth Kyoko Wada","instituicao":"UAM","imagem":34932},{"titulo":"","nome":"","instituicao":"","imagem":34935}],"audio_da_coordenacao":20436,"temas":[{"tema_nome":"Dimensiones y contextos del turismo y la hospitalidad","tema_descricao":"Estudios en contextos tur\u00edsticos y no tur\u00edsticos, es decir, en el \u00e1mbito de los eventos, la familia, la gastronom\u00eda, la hoteler\u00eda\/hospitalidad, la inmigraci\u00f3n, la recreaci\u00f3n, la religi\u00f3n, el turismo, la urbanizaci\u00f3n y el patrimonio cultural. Este caudal de conocimiento se traduce en enfoques de la hospitalidad, la sociabilidad, la convivencia, la educaci\u00f3n y la producci\u00f3n cient\u00edfica y puede integrar m\u00e1s de uno de esos o nuevos enfoques. Desde este punto de vista, se abordan aspectos antropol\u00f3gicos, de comunicaci\u00f3n, culturales, hist\u00f3ricos, sociol\u00f3gicos y de educaci\u00f3n, junto a factores que estimulan y limitan los procesos y pr\u00e1cticas de turismo y hospitalidad en cualquier entorno, ya sea este urbano o rural.","audio":"","lideres":null},{"tema_nome":"Planificaci\u00f3n y gesti\u00f3n en turismo","tema_descricao":"Estudios sobre el turismo, con impactos y transformaciones en los lugares y comunidades donde se da la actividad tur\u00edstica. Ese conjunto de conocimientos es analizado desde aspectos culturales, ambientales, socioespaciales y econ\u00f3micos, a la luz de aspectos potenciales y de limitaciones para el aprovechamiento tur\u00edstico.\r\nAsuntos: gesti\u00f3n de destinos tur\u00edsticos; gesti\u00f3n de empresas tur\u00edsticas; productos tur\u00edsticos; servicios tur\u00edsticos; organizaciones tur\u00edsticas.\r\n","audio":"","lideres":null},{"tema_nome":"Turismo y hospitalidad en la competitividad en servicios","tema_descricao":"Estudios bajo la perspectiva de la gesti\u00f3n de los negocios en organizaciones tur\u00edsticas y no tur\u00edsticas, en especial aquellas enfocadas en los servicios generales y en los sectores de turismo, alojamiento, alimentaci\u00f3n, hospitalidad y eventos. Ese conjunto de conocimientos contribuye a mejorar y\/o ampliar la interacci\u00f3n entre el anfitri\u00f3n y el cliente, factor estrat\u00e9gico decisivo para que las organizaciones desarrollen una ventaja competitiva. Bajo esta perspectiva, se abordan aspectos metodol\u00f3gicos, de comunicaci\u00f3n, de calidad y de competencias, junto a factores que estimulan y limitan los procesos y pr\u00e1cticas del turismo y la hospitalidad en servicios y organizaciones, ya sean estos p\u00fablicos, privados y\/o del tercer sector.","audio":"","lideres":null}]},"yoast_head":"<!-- This site is optimized with the Yoast SEO plugin v27.5 - https:\/\/yoast.com\/product\/yoast-seo-wordpress\/ -->\n<title>Turismo y Hospitalidad - XXIX SemeAd<\/title>\n<meta name=\"robots\" content=\"index, follow, max-snippet:-1, max-image-preview:large, max-video-preview:-1\" \/>\n<link rel=\"canonical\" href=\"https:\/\/semead.com.br\/29\/es\/areas-2\/areas-cientificas\/tourism-and-hospitality-2\/\" \/>\n<meta property=\"og:locale\" content=\"es_ES\" \/>\n<meta property=\"og:type\" content=\"article\" \/>\n<meta property=\"og:title\" content=\"Turismo y Hospitalidad - XXIX SemeAd\" \/>\n<meta property=\"og:url\" content=\"https:\/\/semead.com.br\/29\/es\/areas-2\/areas-cientificas\/tourism-and-hospitality-2\/\" \/>\n<meta property=\"og:site_name\" content=\"XXIX SemeAd\" \/>\n<meta property=\"article:modified_time\" content=\"2022-05-24T03:49:10+00:00\" \/>\n<meta name=\"twitter:card\" content=\"summary_large_image\" \/>\n<script type=\"application\/ld+json\" class=\"yoast-schema-graph\">{\"@context\":\"https:\\\/\\\/schema.org\",\"@graph\":[{\"@type\":\"WebPage\",\"@id\":\"https:\\\/\\\/semead.com.br\\\/29\\\/es\\\/areas-2\\\/areas-cientificas\\\/tourism-and-hospitality-2\\\/\",\"url\":\"https:\\\/\\\/semead.com.br\\\/29\\\/es\\\/areas-2\\\/areas-cientificas\\\/tourism-and-hospitality-2\\\/\",\"name\":\"Turismo y Hospitalidad - XXIX SemeAd\",\"isPartOf\":{\"@id\":\"https:\\\/\\\/semead.com.br\\\/29\\\/es\\\/#website\"},\"datePublished\":\"2021-07-01T12:33:44+00:00\",\"dateModified\":\"2022-05-24T03:49:10+00:00\",\"breadcrumb\":{\"@id\":\"https:\\\/\\\/semead.com.br\\\/29\\\/es\\\/areas-2\\\/areas-cientificas\\\/tourism-and-hospitality-2\\\/#breadcrumb\"},\"inLanguage\":\"es\",\"potentialAction\":[{\"@type\":\"ReadAction\",\"target\":[\"https:\\\/\\\/semead.com.br\\\/29\\\/es\\\/areas-2\\\/areas-cientificas\\\/tourism-and-hospitality-2\\\/\"]}]},{\"@type\":\"BreadcrumbList\",\"@id\":\"https:\\\/\\\/semead.com.br\\\/29\\\/es\\\/areas-2\\\/areas-cientificas\\\/tourism-and-hospitality-2\\\/#breadcrumb\",\"itemListElement\":[{\"@type\":\"ListItem\",\"position\":1,\"name\":\"In\u00edcio\",\"item\":\"https:\\\/\\\/semead.com.br\\\/29\\\/es\\\/\"},{\"@type\":\"ListItem\",\"position\":2,\"name\":\"Areas\",\"item\":\"https:\\\/\\\/semead.com.br\\\/29\\\/es\\\/areas-2\\\/\"},{\"@type\":\"ListItem\",\"position\":3,\"name\":\"\u00c1reas Cient\u00edficas\",\"item\":\"https:\\\/\\\/semead.com.br\\\/29\\\/es\\\/areas-2\\\/areas-cientificas\\\/\"},{\"@type\":\"ListItem\",\"position\":4,\"name\":\"Turismo y Hospitalidad\"}]},{\"@type\":\"WebSite\",\"@id\":\"https:\\\/\\\/semead.com.br\\\/29\\\/es\\\/#website\",\"url\":\"https:\\\/\\\/semead.com.br\\\/29\\\/es\\\/\",\"name\":\"XXIX SemeAd\",\"description\":\"Semin\u00e1rios em administra\u00e7\u00e3o\",\"potentialAction\":[{\"@type\":\"SearchAction\",\"target\":{\"@type\":\"EntryPoint\",\"urlTemplate\":\"https:\\\/\\\/semead.com.br\\\/29\\\/es\\\/?s={search_term_string}\"},\"query-input\":{\"@type\":\"PropertyValueSpecification\",\"valueRequired\":true,\"valueName\":\"search_term_string\"}}],\"inLanguage\":\"es\"}]}<\/script>\n<!-- \/ Yoast SEO plugin. -->","yoast_head_json":{"title":"Turismo y Hospitalidad - XXIX SemeAd","robots":{"index":"index","follow":"follow","max-snippet":"max-snippet:-1","max-image-preview":"max-image-preview:large","max-video-preview":"max-video-preview:-1"},"canonical":"https:\/\/semead.com.br\/29\/es\/areas-2\/areas-cientificas\/tourism-and-hospitality-2\/","og_locale":"es_ES","og_type":"article","og_title":"Turismo y Hospitalidad - XXIX SemeAd","og_url":"https:\/\/semead.com.br\/29\/es\/areas-2\/areas-cientificas\/tourism-and-hospitality-2\/","og_site_name":"XXIX SemeAd","article_modified_time":"2022-05-24T03:49:10+00:00","twitter_card":"summary_large_image","schema":{"@context":"https:\/\/schema.org","@graph":[{"@type":"WebPage","@id":"https:\/\/semead.com.br\/29\/es\/areas-2\/areas-cientificas\/tourism-and-hospitality-2\/","url":"https:\/\/semead.com.br\/29\/es\/areas-2\/areas-cientificas\/tourism-and-hospitality-2\/","name":"Turismo y Hospitalidad - XXIX SemeAd","isPartOf":{"@id":"https:\/\/semead.com.br\/29\/es\/#website"},"datePublished":"2021-07-01T12:33:44+00:00","dateModified":"2022-05-24T03:49:10+00:00","breadcrumb":{"@id":"https:\/\/semead.com.br\/29\/es\/areas-2\/areas-cientificas\/tourism-and-hospitality-2\/#breadcrumb"},"inLanguage":"es","potentialAction":[{"@type":"ReadAction","target":["https:\/\/semead.com.br\/29\/es\/areas-2\/areas-cientificas\/tourism-and-hospitality-2\/"]}]},{"@type":"BreadcrumbList","@id":"https:\/\/semead.com.br\/29\/es\/areas-2\/areas-cientificas\/tourism-and-hospitality-2\/#breadcrumb","itemListElement":[{"@type":"ListItem","position":1,"name":"In\u00edcio","item":"https:\/\/semead.com.br\/29\/es\/"},{"@type":"ListItem","position":2,"name":"Areas","item":"https:\/\/semead.com.br\/29\/es\/areas-2\/"},{"@type":"ListItem","position":3,"name":"\u00c1reas Cient\u00edficas","item":"https:\/\/semead.com.br\/29\/es\/areas-2\/areas-cientificas\/"},{"@type":"ListItem","position":4,"name":"Turismo y Hospitalidad"}]},{"@type":"WebSite","@id":"https:\/\/semead.com.br\/29\/es\/#website","url":"https:\/\/semead.com.br\/29\/es\/","name":"XXIX SemeAd","description":"Semin\u00e1rios em administra\u00e7\u00e3o","potentialAction":[{"@type":"SearchAction","target":{"@type":"EntryPoint","urlTemplate":"https:\/\/semead.com.br\/29\/es\/?s={search_term_string}"},"query-input":{"@type":"PropertyValueSpecification","valueRequired":true,"valueName":"search_term_string"}}],"inLanguage":"es"}]}},"tpgb_featured_images":null,"tpgb_post_meta_info":{"get_date":"1 de julio de 2021","get_modified_date":"24 de mayo de 2022","author_name":"amandaaguiarbarbosa","author_url":"https:\/\/semead.com.br\/29\/es\/author\/amandaaguiarbarbosa\/","author_email":"amandaaguiarbarbosa@usp.br","author_website":"","author_description":"","author_facebook":"","author_twitter":"","author_instagram":"","author_role":[],"author_firstname":"Amanda","author_lastname":"Barbosa","user_login":"amandaaguiarbarbosa","author_avatar":"<img alt='' src='https:\/\/secure.gravatar.com\/avatar\/0e2e26878f42b625151adb4996e7d9070b31dcf6bf686bd693f5ba2bab5a0f32?s=200&#038;d=mm&#038;r=g' srcset='https:\/\/secure.gravatar.com\/avatar\/0e2e26878f42b625151adb4996e7d9070b31dcf6bf686bd693f5ba2bab5a0f32?s=400&#038;d=mm&#038;r=g 2x' class='avatar avatar-200 photo' height='200' width='200' decoding='async'\/>","author_avatar_url":"https:\/\/secure.gravatar.com\/avatar\/0e2e26878f42b625151adb4996e7d9070b31dcf6bf686bd693f5ba2bab5a0f32?s=96&d=mm&r=g","comment_count":0,"post_likes":0,"post_views":0},"tpgb_post_category":[],"jetpack_sharing_enabled":true,"_links":{"self":[{"href":"https:\/\/semead.com.br\/29\/es\/wp-json\/wp\/v2\/pages\/21205","targetHints":{"allow":["GET"]}}],"collection":[{"href":"https:\/\/semead.com.br\/29\/es\/wp-json\/wp\/v2\/pages"}],"about":[{"href":"https:\/\/semead.com.br\/29\/es\/wp-json\/wp\/v2\/types\/page"}],"author":[{"embeddable":true,"href":"https:\/\/semead.com.br\/29\/es\/wp-json\/wp\/v2\/users\/8"}],"replies":[{"embeddable":true,"href":"https:\/\/semead.com.br\/29\/es\/wp-json\/wp\/v2\/comments?post=21205"}],"version-history":[{"count":0,"href":"https:\/\/semead.com.br\/29\/es\/wp-json\/wp\/v2\/pages\/21205\/revisions"}],"up":[{"embeddable":true,"href":"https:\/\/semead.com.br\/29\/es\/wp-json\/wp\/v2\/pages\/35599"}],"wp:attachment":[{"href":"https:\/\/semead.com.br\/29\/es\/wp-json\/wp\/v2\/media?parent=21205"}],"curies":[{"name":"wp","href":"https:\/\/api.w.org\/{rel}","templated":true}]}}