{"id":21313,"date":"2021-07-01T17:19:27","date_gmt":"2021-07-01T20:19:27","guid":{"rendered":"https:\/\/semead.com.br\/29-novo\/?page_id=21313"},"modified":"2021-07-08T12:20:42","modified_gmt":"2021-07-08T15:20:42","slug":"seminario-de-preparacion-para-procesos-de-seleccion-para-doctorado","status":"publish","type":"page","link":"https:\/\/semead.com.br\/29\/es\/seminario-de-preparacion-para-procesos-de-seleccion-para-doctorado\/","title":{"rendered":"Seminario de Preparaci\u00f3n para Procesos de Selecci\u00f3n para Doctorado"},"content":{"rendered":"\t\t<div data-elementor-type=\"wp-page\" data-elementor-id=\"21313\" class=\"elementor elementor-21313 elementor-14494\" data-elementor-post-type=\"page\">\n\t\t\t\t\t\t<section class=\"elementor-section elementor-top-section elementor-element elementor-element-1827e25 elementor-section-boxed elementor-section-height-default elementor-section-height-default\" data-id=\"1827e25\" data-element_type=\"section\" data-e-type=\"section\">\n\t\t\t\t\t\t<div class=\"elementor-container elementor-column-gap-default\">\n\t\t\t\t\t<div class=\"elementor-column elementor-col-100 elementor-top-column elementor-element elementor-element-22629c1\" data-id=\"22629c1\" data-element_type=\"column\" data-e-type=\"column\">\n\t\t\t<div class=\"elementor-widget-wrap elementor-element-populated\">\n\t\t\t\t\t\t<div class=\"elementor-element elementor-element-438d02f elementor-widget elementor-widget-video\" data-id=\"438d02f\" data-element_type=\"widget\" data-e-type=\"widget\" data-settings=\"{&quot;youtube_url&quot;:&quot;https:\\\/\\\/www.youtube.com\\\/watch?v=i5gHkmRttlo&quot;,&quot;video_type&quot;:&quot;youtube&quot;,&quot;controls&quot;:&quot;yes&quot;}\" data-widget_type=\"video.default\">\n\t\t\t\t<div class=\"elementor-widget-container\">\n\t\t\t\t\t\t\t<div class=\"elementor-wrapper elementor-open-inline\">\n\t\t\t<div class=\"elementor-video\"><\/div>\t\t<\/div>\n\t\t\t\t\t\t<\/div>\n\t\t\t\t<\/div>\n\t\t\t\t\t<\/div>\n\t\t<\/div>\n\t\t\t\t\t<\/div>\n\t\t<\/section>\n\t\t\t\t<section class=\"elementor-section elementor-top-section elementor-element elementor-element-5a889d5d elementor-section-boxed elementor-section-height-default elementor-section-height-default\" data-id=\"5a889d5d\" data-element_type=\"section\" data-e-type=\"section\">\n\t\t\t\t\t\t<div class=\"elementor-container elementor-column-gap-default\">\n\t\t\t\t\t<div class=\"elementor-column elementor-col-50 elementor-top-column elementor-element elementor-element-11b7d1bd\" data-id=\"11b7d1bd\" data-element_type=\"column\" data-e-type=\"column\">\n\t\t\t<div class=\"elementor-widget-wrap elementor-element-populated\">\n\t\t\t\t\t\t<div class=\"elementor-element elementor-element-3d5d4bae elementor-widget elementor-widget-text-editor\" data-id=\"3d5d4bae\" data-element_type=\"widget\" data-e-type=\"widget\" data-widget_type=\"text-editor.default\">\n\t\t\t\t<div class=\"elementor-widget-container\">\n\t\t\t\t\t\t\t\t\t<p>Estimados participantes,<\/p><p>Este a\u00f1o tendremos la 4\u00aa edici\u00f3n del Seminario de Preparaci\u00f3n para Procesos de Selecci\u00f3n para Doctorado.<br \/>Los maestros y estudiantes de maestr\u00eda, en fase de conclusi\u00f3n de la carrera, que est\u00e9n planeando realizar doctorado tendr\u00e1n la oportunidad de enviar sus preproyectos de tesis con el fin de recibir sugerencias y contribuciones de docentes de Programas de Posgrado aliados al SemeAd.<\/p><p>Los autores de los proyectos seleccionados tendr\u00e1n una sesi\u00f3n individual de coaching con el docente que evalu\u00f3 el proyecto, sesi\u00f3n durante la cual recibir\u00e1n consejos para mejorarlo.<\/p><p>Adem\u00e1s, tendremos una conferencia para aclarar los procesos de selecci\u00f3n, en los que los conferencistas traer\u00e1n informaci\u00f3n general sobre la preparaci\u00f3n para participar en la selecci\u00f3n.<\/p><p>No deje de enviar sus proyectos al Seminario de Preparaci\u00f3n para Procesos de Selecci\u00f3n para Doctorado \u2013 Edici\u00f3n 2021<\/p><h3>Fechas Importantes:<\/h3><p>In\u00edcio de Env\u00edos: <strong>12\/07\/2021<\/strong><\/p><p>Fecha limite para env\u00edos de trabajos: <strong>06\/08\/2021<\/strong><\/p><p>Divulgaci\u00f3n de los resultados y trabajos aprobados: <strong>14\/09\/2021<\/strong><\/p>\t\t\t\t\t\t\t\t<\/div>\n\t\t\t\t<\/div>\n\t\t\t\t\t<\/div>\n\t\t<\/div>\n\t\t\t\t<div class=\"elementor-column elementor-col-50 elementor-top-column elementor-element elementor-element-2880e55\" data-id=\"2880e55\" data-element_type=\"column\" data-e-type=\"column\">\n\t\t\t<div class=\"elementor-widget-wrap elementor-element-populated\">\n\t\t\t\t\t\t<div class=\"elementor-element elementor-element-77a3c9b elementor-widget elementor-widget-wp-widget-nav_menu\" data-id=\"77a3c9b\" data-element_type=\"widget\" data-e-type=\"widget\" data-widget_type=\"wp-widget-nav_menu.default\">\n\t\t\t\t<div class=\"elementor-widget-container\">\n\t\t\t\t\t<h5>Atividades SemeAD<\/h5><div class=\"menu-atividades-espanhol-container\"><ul id=\"menu-atividades-espanhol\" class=\"menu\"><li id=\"menu-item-21316\" class=\"menu-item menu-item-type-post_type menu-item-object-page menu-item-21316\"><a href=\"https:\/\/semead.com.br\/29\/es\/seminario-de-preparacion-para-procesos-de-seleccion-para-doctorado\/\">Seminario de Preparaci\u00f3n para Procesos de Selecci\u00f3n para Doctorado<\/a><\/li>\n<li id=\"menu-item-21491\" class=\"menu-item menu-item-type-post_type menu-item-object-page menu-item-21491\"><a href=\"https:\/\/semead.com.br\/29\/es\/business-speakers-2\/\">Business Speakers<\/a><\/li>\n<li id=\"menu-item-21373\" class=\"menu-item menu-item-type-post_type menu-item-object-page menu-item-21373\"><a href=\"https:\/\/semead.com.br\/29\/es\/sesiones-de-presentacion-de-trabajos\/\">Sesiones de Presentaci\u00f3n de Trabajos<\/a><\/li>\n<li id=\"menu-item-21399\" class=\"menu-item menu-item-type-post_type menu-item-object-page menu-item-21399\"><a href=\"https:\/\/semead.com.br\/29\/es\/revistas-a1-en-fast-track\/\">Revistas A1 en Fast-Track<\/a><\/li>\n<li id=\"menu-item-25145\" class=\"menu-item menu-item-type-post_type menu-item-object-page menu-item-25145\"><a href=\"https:\/\/semead.com.br\/29\/fast-track-e-special-issues\/\">Special Issues &#038; Fast-Track<\/a><\/li>\n<li id=\"menu-item-21520\" class=\"menu-item menu-item-type-post_type menu-item-object-page menu-item-21520\"><a href=\"https:\/\/semead.com.br\/29\/es\/submission-process-on-fast-track\/\">Submission Process on Fast-Track<\/a><\/li>\n<li id=\"menu-item-26401\" class=\"menu-item menu-item-type-post_type menu-item-object-page menu-item-26401\"><a href=\"https:\/\/semead.com.br\/29\/es\/informativo\/\">Informativo<\/a><\/li>\n<li id=\"menu-item-25146\" class=\"menu-item menu-item-type-post_type menu-item-object-page menu-item-25146\"><a href=\"https:\/\/semead.com.br\/29\/bolsa-semead-pq-jr\/\">Lan\u00e7amento: Bolsa SemeAd PQ Jr.<\/a><\/li>\n<li id=\"menu-item-25148\" class=\"menu-item menu-item-type-post_type menu-item-object-page menu-item-25148\"><a href=\"https:\/\/semead.com.br\/29\/voluntarios\/\">Volunt\u00e1rios<\/a><\/li>\n<li id=\"menu-item-26405\" class=\"menu-item menu-item-type-post_type menu-item-object-page menu-item-26405\"><a href=\"https:\/\/semead.com.br\/29\/es\/certificados-disponibles\/\">Certificados Disponibles<\/a><\/li>\n<li id=\"menu-item-25150\" class=\"menu-item menu-item-type-post_type menu-item-object-page menu-item-25150\"><a href=\"https:\/\/semead.com.br\/29\/divulgacao-promocao-livros\/\">Divulga\u00e7\u00e3o e Promo\u00e7\u00e3o de Livros<\/a><\/li>\n<li id=\"menu-item-25151\" class=\"menu-item menu-item-type-post_type menu-item-object-page menu-item-25151\"><a href=\"https:\/\/semead.com.br\/29\/evento\/voluntariado\/lideres-de-nucleo\/\">L\u00edderes de N\u00facleo<\/a><\/li>\n<li id=\"menu-item-26416\" class=\"menu-item menu-item-type-post_type menu-item-object-page current_page_parent menu-item-26416\"><a href=\"https:\/\/semead.com.br\/29\/es\/blog\/\">Blog<\/a><\/li>\n<li id=\"menu-item-26255\" class=\"menu-item menu-item-type-post_type menu-item-object-page menu-item-26255\"><a href=\"https:\/\/semead.com.br\/29\/ar\/\">Papers Subjects<\/a><\/li>\n<li id=\"menu-item-25155\" class=\"menu-item menu-item-type-post_type menu-item-object-page menu-item-25155\"><a href=\"https:\/\/semead.com.br\/29\/resultados-bolsa-pq\/\">Resultados Bolsa SemeAd PQ Jr.<\/a><\/li>\n<li id=\"menu-item-26382\" class=\"menu-item menu-item-type-post_type menu-item-object-page menu-item-26382\"><a href=\"https:\/\/semead.com.br\/29\/es\/encuentro-con-editores\/\">Encuentro con Editores<\/a><\/li>\n<li id=\"menu-item-23176\" class=\"menu-item menu-item-type-post_type menu-item-object-page menu-item-23176\"><a href=\"https:\/\/semead.com.br\/29\/es\/consorcio-doctoral\/programacion-consorcio-doctoral\/\">Programaci\u00f3n Consorcio Doctoral<\/a><\/li>\n<\/ul><\/div>\t\t\t\t<\/div>\n\t\t\t\t<\/div>\n\t\t\t\t\t<\/div>\n\t\t<\/div>\n\t\t\t\t\t<\/div>\n\t\t<\/section>\n\t\t\t\t<\/div>\n\t\t","protected":false},"excerpt":{"rendered":"<p>https:\/\/www.youtube.com\/watch?v=i5gHkmRttlo Estimados participantes, Este a\u00f1o tendremos la 4\u00aa edici\u00f3n del Seminario de Preparaci\u00f3n para Procesos de Selecci\u00f3n para Doctorado.Los maestros y estudiantes de maestr\u00eda, en fase de conclusi\u00f3n de la carrera, que est\u00e9n planeando realizar doctorado tendr\u00e1n la oportunidad de enviar sus preproyectos de tesis con el fin de recibir sugerencias y contribuciones de docentes [&hellip;]<\/p>\n","protected":false},"author":10,"featured_media":0,"parent":0,"menu_order":0,"comment_status":"closed","ping_status":"closed","template":"temas.php","meta":{"_acf_changed":false,"tpgb_global_settings":"","inline_featured_image":false,"_monsterinsights_skip_tracking":false,"_monsterinsights_sitenote_active":false,"_monsterinsights_sitenote_note":"","_monsterinsights_sitenote_category":0,"footnotes":""},"class_list":["post-21313","page","type-page","status-publish","hentry"],"acf":[],"yoast_head":"<!-- This site is optimized with the Yoast SEO plugin v27.5 - https:\/\/yoast.com\/product\/yoast-seo-wordpress\/ -->\n<title>Seminario de Preparaci\u00f3n para Procesos de Selecci\u00f3n para Doctorado - XXIX SemeAd<\/title>\n<meta name=\"robots\" content=\"index, follow, max-snippet:-1, max-image-preview:large, max-video-preview:-1\" \/>\n<link rel=\"canonical\" href=\"https:\/\/semead.com.br\/29\/es\/seminario-de-preparacion-para-procesos-de-seleccion-para-doctorado\/\" \/>\n<meta property=\"og:locale\" content=\"es_ES\" \/>\n<meta property=\"og:type\" content=\"article\" \/>\n<meta property=\"og:title\" content=\"Seminario de Preparaci\u00f3n para Procesos de Selecci\u00f3n para Doctorado - XXIX SemeAd\" \/>\n<meta property=\"og:description\" content=\"https:\/\/www.youtube.com\/watch?v=i5gHkmRttlo Estimados participantes, Este a\u00f1o tendremos la 4\u00aa edici\u00f3n del Seminario de Preparaci\u00f3n para Procesos de Selecci\u00f3n para Doctorado.Los maestros y estudiantes de maestr\u00eda, en fase de conclusi\u00f3n de la carrera, que est\u00e9n planeando realizar doctorado tendr\u00e1n la oportunidad de enviar sus preproyectos de tesis con el fin de recibir sugerencias y contribuciones de docentes [&hellip;]\" \/>\n<meta property=\"og:url\" content=\"https:\/\/semead.com.br\/29\/es\/seminario-de-preparacion-para-procesos-de-seleccion-para-doctorado\/\" \/>\n<meta property=\"og:site_name\" content=\"XXIX SemeAd\" \/>\n<meta property=\"article:modified_time\" content=\"2021-07-08T15:20:42+00:00\" \/>\n<meta name=\"twitter:card\" content=\"summary_large_image\" \/>\n<meta name=\"twitter:label1\" content=\"Tiempo de lectura\" \/>\n\t<meta name=\"twitter:data1\" content=\"1 minuto\" \/>\n<script type=\"application\/ld+json\" class=\"yoast-schema-graph\">{\"@context\":\"https:\\\/\\\/schema.org\",\"@graph\":[{\"@type\":\"WebPage\",\"@id\":\"https:\\\/\\\/semead.com.br\\\/29\\\/es\\\/seminario-de-preparacion-para-procesos-de-seleccion-para-doctorado\\\/\",\"url\":\"https:\\\/\\\/semead.com.br\\\/29\\\/es\\\/seminario-de-preparacion-para-procesos-de-seleccion-para-doctorado\\\/\",\"name\":\"Seminario de Preparaci\u00f3n para Procesos de Selecci\u00f3n para Doctorado - XXIX SemeAd\",\"isPartOf\":{\"@id\":\"https:\\\/\\\/semead.com.br\\\/29\\\/es\\\/#website\"},\"datePublished\":\"2021-07-01T20:19:27+00:00\",\"dateModified\":\"2021-07-08T15:20:42+00:00\",\"breadcrumb\":{\"@id\":\"https:\\\/\\\/semead.com.br\\\/29\\\/es\\\/seminario-de-preparacion-para-procesos-de-seleccion-para-doctorado\\\/#breadcrumb\"},\"inLanguage\":\"es\",\"potentialAction\":[{\"@type\":\"ReadAction\",\"target\":[\"https:\\\/\\\/semead.com.br\\\/29\\\/es\\\/seminario-de-preparacion-para-procesos-de-seleccion-para-doctorado\\\/\"]}]},{\"@type\":\"BreadcrumbList\",\"@id\":\"https:\\\/\\\/semead.com.br\\\/29\\\/es\\\/seminario-de-preparacion-para-procesos-de-seleccion-para-doctorado\\\/#breadcrumb\",\"itemListElement\":[{\"@type\":\"ListItem\",\"position\":1,\"name\":\"In\u00edcio\",\"item\":\"https:\\\/\\\/semead.com.br\\\/29\\\/es\\\/\"},{\"@type\":\"ListItem\",\"position\":2,\"name\":\"Seminario de Preparaci\u00f3n para Procesos de Selecci\u00f3n para Doctorado\"}]},{\"@type\":\"WebSite\",\"@id\":\"https:\\\/\\\/semead.com.br\\\/29\\\/es\\\/#website\",\"url\":\"https:\\\/\\\/semead.com.br\\\/29\\\/es\\\/\",\"name\":\"XXIX SemeAd\",\"description\":\"Semin\u00e1rios em administra\u00e7\u00e3o\",\"potentialAction\":[{\"@type\":\"SearchAction\",\"target\":{\"@type\":\"EntryPoint\",\"urlTemplate\":\"https:\\\/\\\/semead.com.br\\\/29\\\/es\\\/?s={search_term_string}\"},\"query-input\":{\"@type\":\"PropertyValueSpecification\",\"valueRequired\":true,\"valueName\":\"search_term_string\"}}],\"inLanguage\":\"es\"}]}<\/script>\n<!-- \/ Yoast SEO plugin. -->","yoast_head_json":{"title":"Seminario de Preparaci\u00f3n para Procesos de Selecci\u00f3n para Doctorado - XXIX SemeAd","robots":{"index":"index","follow":"follow","max-snippet":"max-snippet:-1","max-image-preview":"max-image-preview:large","max-video-preview":"max-video-preview:-1"},"canonical":"https:\/\/semead.com.br\/29\/es\/seminario-de-preparacion-para-procesos-de-seleccion-para-doctorado\/","og_locale":"es_ES","og_type":"article","og_title":"Seminario de Preparaci\u00f3n para Procesos de Selecci\u00f3n para Doctorado - XXIX SemeAd","og_description":"https:\/\/www.youtube.com\/watch?v=i5gHkmRttlo Estimados participantes, Este a\u00f1o tendremos la 4\u00aa edici\u00f3n del Seminario de Preparaci\u00f3n para Procesos de Selecci\u00f3n para Doctorado.Los maestros y estudiantes de maestr\u00eda, en fase de conclusi\u00f3n de la carrera, que est\u00e9n planeando realizar doctorado tendr\u00e1n la oportunidad de enviar sus preproyectos de tesis con el fin de recibir sugerencias y contribuciones de docentes [&hellip;]","og_url":"https:\/\/semead.com.br\/29\/es\/seminario-de-preparacion-para-procesos-de-seleccion-para-doctorado\/","og_site_name":"XXIX SemeAd","article_modified_time":"2021-07-08T15:20:42+00:00","twitter_card":"summary_large_image","twitter_misc":{"Tiempo de lectura":"1 minuto"},"schema":{"@context":"https:\/\/schema.org","@graph":[{"@type":"WebPage","@id":"https:\/\/semead.com.br\/29\/es\/seminario-de-preparacion-para-procesos-de-seleccion-para-doctorado\/","url":"https:\/\/semead.com.br\/29\/es\/seminario-de-preparacion-para-procesos-de-seleccion-para-doctorado\/","name":"Seminario de Preparaci\u00f3n para Procesos de Selecci\u00f3n para Doctorado - XXIX SemeAd","isPartOf":{"@id":"https:\/\/semead.com.br\/29\/es\/#website"},"datePublished":"2021-07-01T20:19:27+00:00","dateModified":"2021-07-08T15:20:42+00:00","breadcrumb":{"@id":"https:\/\/semead.com.br\/29\/es\/seminario-de-preparacion-para-procesos-de-seleccion-para-doctorado\/#breadcrumb"},"inLanguage":"es","potentialAction":[{"@type":"ReadAction","target":["https:\/\/semead.com.br\/29\/es\/seminario-de-preparacion-para-procesos-de-seleccion-para-doctorado\/"]}]},{"@type":"BreadcrumbList","@id":"https:\/\/semead.com.br\/29\/es\/seminario-de-preparacion-para-procesos-de-seleccion-para-doctorado\/#breadcrumb","itemListElement":[{"@type":"ListItem","position":1,"name":"In\u00edcio","item":"https:\/\/semead.com.br\/29\/es\/"},{"@type":"ListItem","position":2,"name":"Seminario de Preparaci\u00f3n para Procesos de Selecci\u00f3n para Doctorado"}]},{"@type":"WebSite","@id":"https:\/\/semead.com.br\/29\/es\/#website","url":"https:\/\/semead.com.br\/29\/es\/","name":"XXIX SemeAd","description":"Semin\u00e1rios em administra\u00e7\u00e3o","potentialAction":[{"@type":"SearchAction","target":{"@type":"EntryPoint","urlTemplate":"https:\/\/semead.com.br\/29\/es\/?s={search_term_string}"},"query-input":{"@type":"PropertyValueSpecification","valueRequired":true,"valueName":"search_term_string"}}],"inLanguage":"es"}]}},"tpgb_featured_images":null,"tpgb_post_meta_info":{"get_date":"1 de julio de 2021","get_modified_date":"8 de julio de 2021","author_name":"","author_url":"https:\/\/semead.com.br\/29\/es\/author\/","author_email":"","author_website":"","author_description":"","author_facebook":"","author_twitter":"","author_instagram":"","author_role":"","author_firstname":"","author_lastname":"","user_login":"","author_avatar":"<img alt='' src='https:\/\/secure.gravatar.com\/avatar\/?s=200&#038;d=mm&#038;r=g' srcset='https:\/\/secure.gravatar.com\/avatar\/?s=400&#038;d=mm&#038;r=g 2x' class='avatar avatar-200 photo avatar-default' height='200' width='200' decoding='async'\/>","author_avatar_url":"https:\/\/secure.gravatar.com\/avatar\/?s=96&d=mm&r=g","comment_count":0,"post_likes":0,"post_views":0},"tpgb_post_category":[],"jetpack_sharing_enabled":true,"_links":{"self":[{"href":"https:\/\/semead.com.br\/29\/es\/wp-json\/wp\/v2\/pages\/21313","targetHints":{"allow":["GET"]}}],"collection":[{"href":"https:\/\/semead.com.br\/29\/es\/wp-json\/wp\/v2\/pages"}],"about":[{"href":"https:\/\/semead.com.br\/29\/es\/wp-json\/wp\/v2\/types\/page"}],"author":[{"embeddable":true,"href":"https:\/\/semead.com.br\/29\/es\/wp-json\/wp\/v2\/users\/10"}],"replies":[{"embeddable":true,"href":"https:\/\/semead.com.br\/29\/es\/wp-json\/wp\/v2\/comments?post=21313"}],"version-history":[{"count":0,"href":"https:\/\/semead.com.br\/29\/es\/wp-json\/wp\/v2\/pages\/21313\/revisions"}],"wp:attachment":[{"href":"https:\/\/semead.com.br\/29\/es\/wp-json\/wp\/v2\/media?parent=21313"}],"curies":[{"name":"wp","href":"https:\/\/api.w.org\/{rel}","templated":true}]}}